{"id":1129261,"date":"2026-04-27T12:23:30","date_gmt":"2026-04-27T10:23:30","guid":{"rendered":"https:\/\/wein-werte.com\/product\/ca-la-bionda-valpolicella-classico-superiore-casal-vegri-decannale-2008-1500ml\/"},"modified":"2026-04-27T11:43:58","modified_gmt":"2026-04-27T09:43:58","slug":"ca-la-bionda-valpolicella-classico-superiore-casal-vegri-decannale-2008-1500ml","status":"publish","type":"product","link":"https:\/\/wein-werte.com\/de\/produkt\/ca-la-bionda-valpolicella-classico-superiore-casal-vegri-decannale-2008-1500ml\/","title":{"rendered":"Ca&#8217; La Bionda | Veneto | Valpolicella Classico Superiore DOC Casal Vegri Decannale | 2008 | 1500ml"},"content":{"rendered":"<p>Produktbeschreibung f\u00fcr Ca&#8217; La Bionda Valpolicella Classico Superiore DOC Casal Vegri Decannale 2008 <\/p>\n<p> Christoph Raffelt: Dieser Decennale f\u00fcgt am Gaumen die reife S\u00fc\u00dfe mit der immer noch klar vorhandenen Frische und Saftigkeit zusammen. Auch im Mund ist der Valpolicella erdig und bringt Trockenholz-Noten mit ins Spiel. Gleichzeitig aber verf\u00fcgt er \u00fcber ein wunderbar feines Tannin, einen eleganten K\u00f6rper, und mit zunehmender W\u00e4rme finden sich auch immer mehr Fr\u00fcchte, die an getrocknete Schwarzkirschen und Zwetschgen erinnern. Begleitet wird diese beeindruckende Performance von einer Nuance Nelken, Zimtbl\u00fcten und floralen Elementen, die das lang ausklingende Finale pr\u00e4gen. Gut ist, dass man von diesem Wein direkt eine Magnum \u00f6ffnen muss. <\/p>\n<h5>Informationen zum Wein<\/h5>\n<p> Eine Cuv\u00e9e aus ca. 70 % Corvina, 20 % Corvinone sowie 10 % Rondinella und Molinara aus der Einzellage Campo Casal Vegri. Die Weinberge liegen in der Classico-Zone auf einer H\u00f6he von 150 bis 300 Metern. Sie sind nach Osten gewandt und haben einen Boden aus Ton und Kalk mit hohem Steinanteil. Der Valpolicella Classico wird im Edelstahl bei maximal 25 \u00b0C vergoren und zehn Tage lang auf der Maische belassen. Danach reift er neun Jahre in 3.000-Liter-Holzf\u00e4ssern. Dies ist ein Late Release aus einem besonders guten Jahrgang, ein Wein, der nach der Reifephase ausschlie\u00dflich in Magnums abgef\u00fcllt wurde. <\/p>\n<h5>Farbe<\/h5>\n<p> transparentes Ziegelrot <\/p>\n<h5>Nase<\/h5>\n<p> Der Valpolicella Classico Superiore Campo Casal Vegri Decennale 2008 zeigt auf sehr eindr\u00fcckliche Art und Weise, welches Potential die Lage Campo Casal Vegri besitzt und wie hervorragend sich dieser Wein entwickeln kann. Im Glas ist der Valpolicella vom ersten Moment an pr\u00e4sent. Dabei zeigt sich die \u00fcbliche Sauerkirsch- und Waldbeerfrucht in diesem gereiften Wein aus dem Jahr 2008 deutlich dezenter als beim aktuellen 2016er, sie ist aber durchaus noch vorhanden. Deutlicher sind Noten von Unterholz, Tabak und k\u00fcrzlich frisch benetztem trockenen Holz. Ein wenig Leder findet sich, erdige Noten sind ebenso vorhanden wie getrocknete Kr\u00e4uter und ein Hauch von Tr\u00fcffeln. <\/p>\n<h5>Mund<\/h5>\n<p> Dieser Decennale f\u00fcgt am Gaumen die reife S\u00fc\u00dfe mit der immer noch klar vorhandenen Frische und Saftigkeit zusammen. Auch im Mund ist der Valpolicella erdig und bringt Trockenholz-Noten mit ins Spiel. Gleichzeitig aber verf\u00fcgt er \u00fcber ein wunderbar feines Tannin, einen eleganten K\u00f6rper, und mit zunehmender W\u00e4rme finden sich auch immer mehr Fr\u00fcchte, die an getrocknete Schwarzkirschen und Zwetschgen erinnern. Begleitet wird diese beeindruckende Performance von einer Nuance Nelken, Zimtbl\u00fcten und floralen Elementen, die das lang ausklingende Finale pr\u00e4gen. Gut ist, dass man von diesem Wein direkt eine Magnum \u00f6ffnen muss.<\/p>\n<p>Copyright Vinaturel 2025<\/p>\n<p>Keywords: <a href=\"https:\/\/wein-werte.com\/de\/shop\/?swoof=1&#038;pa_producer=Ca\u00b4-La-Bionda\">Ca\u00b4 La Bionda<\/a> <a href=\"https:\/\/wein-werte.com\/de\/shop\/?swoof=1&#038;woof_text=Valpolicella Classico Superiore DOC Casal Vegri Decannale\">Valpolicella Classico Superiore DOC Casal Vegri Decannale<\/a> 2008  <a href=\"https:\/\/wein-werte.com\/de\/shop\/?swoof=1&#038;pa_region=Veneto\">Veneto<\/a> <a href=\"https:\/\/wein-werte.com\/de\/shop\/?swoof=1&#038;pa_country=Italien\">Italien<\/a><\/p>\n<p>Internetseite des Weinguts: <a href=\"https:\/\/www.calabionda.it\/en\/home\/\" target=\"_blank\">https:\/\/www.calabionda.it\/en\/home\/<\/a><\/p>\n","protected":false},"excerpt":{"rendered":"<p>Lieferzeit: 1 bis 2 Arbeitstage (DE), 2 bis 5 Arbeitstage (EU and CH)<\/p>\n","protected":false},"featured_media":1147445,"template":"","meta":[],"product_brand":[],"product_cat":[19],"product_tag":[],"class_list":{"0":"post-1129261","1":"product","2":"type-product","3":"status-publish","4":"has-post-thumbnail","6":"product_cat-unkategorisiert","7":"pa_alcohol-for-filter-13-5","8":"pa_certified-biodynamic-nein-de","9":"pa_certified-organic-nein-de","10":"pa_colour-rot","11":"pa_country-italien","12":"pa_grape-corvina-cuvee","13":"pa_price-for-filter-10598","14":"pa_producer-ca-la-bionda","15":"pa_region-veneto","16":"pa_size-ml-6657","17":"pa_sweetness-trocken-de","18":"pa_type-2-still-de","19":"pa_vintage-2008-de","20":"entry","21":"has-media","23":"first","24":"instock","25":"taxable","26":"shipping-taxable","27":"purchasable","28":"product-type-simple"},"yoast_head":"<!-- This site is optimized with the Yoast SEO plugin v27.4 - https:\/\/yoast.com\/product\/yoast-seo-wordpress\/ -->\n<title>Ca&#039; La Bionda Valpolicella Classico Superiore Casal Vegri Decannale 2008, 1500ml<\/title>\n<meta name=\"description\" content=\"Kaufe Ca&#039; La Bionda Valpolicella Classico Superiore Casal Vegri Decannale 2008 (Corvina Cuv\u00e9e, trocken aus Veneto, Italien) bei Wein Werte, Ihrem nachhaltigen Onlineshop.\" \/>\n<meta name=\"robots\" content=\"index, follow, max-snippet:-1, max-image-preview:large, max-video-preview:-1\" \/>\n<link rel=\"canonical\" href=\"https:\/\/wein-werte.com\/de\/produkt\/ca-la-bionda-valpolicella-classico-superiore-casal-vegri-decannale-2008-1500ml\/\" \/>\n<meta property=\"og:locale\" content=\"de_DE\" \/>\n<meta property=\"og:type\" content=\"article\" \/>\n<meta property=\"og:title\" content=\"Ca&#039; La Bionda Valpolicella Classico Superiore Casal Vegri Decannale 2008, 1500ml\" \/>\n<meta property=\"og:description\" content=\"Kaufe Ca&#039; La Bionda Valpolicella Classico Superiore Casal Vegri Decannale 2008 (Corvina Cuv\u00e9e, trocken aus Veneto, Italien) bei Wein Werte, Ihrem nachhaltigen Onlineshop.\" \/>\n<meta property=\"og:url\" content=\"https:\/\/wein-werte.com\/de\/produkt\/ca-la-bionda-valpolicella-classico-superiore-casal-vegri-decannale-2008-1500ml\/\" \/>\n<meta property=\"og:site_name\" content=\"Wein Werte\" \/>\n<meta property=\"og:image\" content=\"https:\/\/wein-werte.com\/wp-content\/uploads\/2026\/04\/Ca-La-Bionda-Valpolicella-Classico-Superiore-Casal-Vegri-Decannale-2008-1500-ml.png\" \/>\n\t<meta property=\"og:image:width\" content=\"174\" \/>\n\t<meta property=\"og:image:height\" content=\"595\" \/>\n\t<meta property=\"og:image:type\" content=\"image\/png\" \/>\n<meta name=\"twitter:card\" content=\"summary_large_image\" \/>\n<meta name=\"twitter:label1\" content=\"Gesch\u00e4tzte Lesezeit\" \/>\n\t<meta name=\"twitter:data1\" content=\"2\u00a0Minuten\" \/>\n<script type=\"application\/ld+json\" class=\"yoast-schema-graph\">{\"@context\":\"https:\\\/\\\/schema.org\",\"@graph\":[{\"@type\":\"WebPage\",\"@id\":\"https:\\\/\\\/wein-werte.com\\\/de\\\/produkt\\\/ca-la-bionda-valpolicella-classico-superiore-casal-vegri-decannale-2008-1500ml\\\/\",\"url\":\"https:\\\/\\\/wein-werte.com\\\/de\\\/produkt\\\/ca-la-bionda-valpolicella-classico-superiore-casal-vegri-decannale-2008-1500ml\\\/\",\"name\":\"Ca' La Bionda Valpolicella Classico Superiore Casal Vegri Decannale 2008, 1500ml\",\"isPartOf\":{\"@id\":\"https:\\\/\\\/wein-werte.com\\\/de\\\/#website\"},\"primaryImageOfPage\":{\"@id\":\"https:\\\/\\\/wein-werte.com\\\/de\\\/produkt\\\/ca-la-bionda-valpolicella-classico-superiore-casal-vegri-decannale-2008-1500ml\\\/#primaryimage\"},\"image\":{\"@id\":\"https:\\\/\\\/wein-werte.com\\\/de\\\/produkt\\\/ca-la-bionda-valpolicella-classico-superiore-casal-vegri-decannale-2008-1500ml\\\/#primaryimage\"},\"thumbnailUrl\":\"https:\\\/\\\/wein-werte.com\\\/wp-content\\\/uploads\\\/2026\\\/04\\\/Ca-La-Bionda-Valpolicella-Classico-Superiore-Casal-Vegri-Decannale-2008-1500-ml.png\",\"datePublished\":\"2026-04-27T10:23:30+00:00\",\"description\":\"Kaufe Ca' La Bionda Valpolicella Classico Superiore Casal Vegri Decannale 2008 (Corvina Cuv\u00e9e, trocken aus Veneto, Italien) bei Wein Werte, Ihrem nachhaltigen Onlineshop.\",\"breadcrumb\":{\"@id\":\"https:\\\/\\\/wein-werte.com\\\/de\\\/produkt\\\/ca-la-bionda-valpolicella-classico-superiore-casal-vegri-decannale-2008-1500ml\\\/#breadcrumb\"},\"inLanguage\":\"de\",\"potentialAction\":[{\"@type\":\"ReadAction\",\"target\":[\"https:\\\/\\\/wein-werte.com\\\/de\\\/produkt\\\/ca-la-bionda-valpolicella-classico-superiore-casal-vegri-decannale-2008-1500ml\\\/\"]}]},{\"@type\":\"ImageObject\",\"inLanguage\":\"de\",\"@id\":\"https:\\\/\\\/wein-werte.com\\\/de\\\/produkt\\\/ca-la-bionda-valpolicella-classico-superiore-casal-vegri-decannale-2008-1500ml\\\/#primaryimage\",\"url\":\"https:\\\/\\\/wein-werte.com\\\/wp-content\\\/uploads\\\/2026\\\/04\\\/Ca-La-Bionda-Valpolicella-Classico-Superiore-Casal-Vegri-Decannale-2008-1500-ml.png\",\"contentUrl\":\"https:\\\/\\\/wein-werte.com\\\/wp-content\\\/uploads\\\/2026\\\/04\\\/Ca-La-Bionda-Valpolicella-Classico-Superiore-Casal-Vegri-Decannale-2008-1500-ml.png\",\"width\":174,\"height\":595},{\"@type\":\"BreadcrumbList\",\"@id\":\"https:\\\/\\\/wein-werte.com\\\/de\\\/produkt\\\/ca-la-bionda-valpolicella-classico-superiore-casal-vegri-decannale-2008-1500ml\\\/#breadcrumb\",\"itemListElement\":[{\"@type\":\"ListItem\",\"position\":1,\"name\":\"Home\",\"item\":\"https:\\\/\\\/wein-werte.com\\\/de\\\/\"},{\"@type\":\"ListItem\",\"position\":2,\"name\":\"Shop\",\"item\":\"https:\\\/\\\/wein-werte.com\\\/de\\\/shop\\\/\"},{\"@type\":\"ListItem\",\"position\":3,\"name\":\"Ca&#8217; La Bionda | Veneto | Valpolicella Classico Superiore DOC Casal Vegri Decannale | 2008 | 1500ml\"}]},{\"@type\":\"WebSite\",\"@id\":\"https:\\\/\\\/wein-werte.com\\\/de\\\/#website\",\"url\":\"https:\\\/\\\/wein-werte.com\\\/de\\\/\",\"name\":\"Wein Werte\",\"description\":\"\",\"publisher\":{\"@id\":\"https:\\\/\\\/wein-werte.com\\\/de\\\/#organization\"},\"potentialAction\":[{\"@type\":\"SearchAction\",\"target\":{\"@type\":\"EntryPoint\",\"urlTemplate\":\"https:\\\/\\\/wein-werte.com\\\/de\\\/?s={search_term_string}\"},\"query-input\":{\"@type\":\"PropertyValueSpecification\",\"valueRequired\":true,\"valueName\":\"search_term_string\"}}],\"inLanguage\":\"de\"},{\"@type\":\"Organization\",\"@id\":\"https:\\\/\\\/wein-werte.com\\\/de\\\/#organization\",\"name\":\"Vins Fins Thorrold\",\"url\":\"https:\\\/\\\/wein-werte.com\\\/de\\\/\",\"logo\":{\"@type\":\"ImageObject\",\"inLanguage\":\"de\",\"@id\":\"https:\\\/\\\/wein-werte.com\\\/de\\\/#\\\/schema\\\/logo\\\/image\\\/\",\"url\":\"https:\\\/\\\/wein-werte.com\\\/wp-content\\\/uploads\\\/2023\\\/07\\\/Wein_werte_Logo700-1.png\",\"contentUrl\":\"https:\\\/\\\/wein-werte.com\\\/wp-content\\\/uploads\\\/2023\\\/07\\\/Wein_werte_Logo700-1.png\",\"width\":700,\"height\":272,\"caption\":\"Vins Fins Thorrold\"},\"image\":{\"@id\":\"https:\\\/\\\/wein-werte.com\\\/de\\\/#\\\/schema\\\/logo\\\/image\\\/\"}}]}<\/script>\n<!-- \/ Yoast SEO plugin. -->","yoast_head_json":{"title":"Ca' La Bionda Valpolicella Classico Superiore Casal Vegri Decannale 2008, 1500ml","description":"Kaufe Ca' La Bionda Valpolicella Classico Superiore Casal Vegri Decannale 2008 (Corvina Cuv\u00e9e, trocken aus Veneto, Italien) bei Wein Werte, Ihrem nachhaltigen Onlineshop.","robots":{"index":"index","follow":"follow","max-snippet":"max-snippet:-1","max-image-preview":"max-image-preview:large","max-video-preview":"max-video-preview:-1"},"canonical":"https:\/\/wein-werte.com\/de\/produkt\/ca-la-bionda-valpolicella-classico-superiore-casal-vegri-decannale-2008-1500ml\/","og_locale":"de_DE","og_type":"article","og_title":"Ca' La Bionda Valpolicella Classico Superiore Casal Vegri Decannale 2008, 1500ml","og_description":"Kaufe Ca' La Bionda Valpolicella Classico Superiore Casal Vegri Decannale 2008 (Corvina Cuv\u00e9e, trocken aus Veneto, Italien) bei Wein Werte, Ihrem nachhaltigen Onlineshop.","og_url":"https:\/\/wein-werte.com\/de\/produkt\/ca-la-bionda-valpolicella-classico-superiore-casal-vegri-decannale-2008-1500ml\/","og_site_name":"Wein Werte","og_image":[{"width":174,"height":595,"url":"https:\/\/wein-werte.com\/wp-content\/uploads\/2026\/04\/Ca-La-Bionda-Valpolicella-Classico-Superiore-Casal-Vegri-Decannale-2008-1500-ml.png","type":"image\/png"}],"twitter_card":"summary_large_image","twitter_misc":{"Gesch\u00e4tzte Lesezeit":"2\u00a0Minuten"},"schema":{"@context":"https:\/\/schema.org","@graph":[{"@type":"WebPage","@id":"https:\/\/wein-werte.com\/de\/produkt\/ca-la-bionda-valpolicella-classico-superiore-casal-vegri-decannale-2008-1500ml\/","url":"https:\/\/wein-werte.com\/de\/produkt\/ca-la-bionda-valpolicella-classico-superiore-casal-vegri-decannale-2008-1500ml\/","name":"Ca' La Bionda Valpolicella Classico Superiore Casal Vegri Decannale 2008, 1500ml","isPartOf":{"@id":"https:\/\/wein-werte.com\/de\/#website"},"primaryImageOfPage":{"@id":"https:\/\/wein-werte.com\/de\/produkt\/ca-la-bionda-valpolicella-classico-superiore-casal-vegri-decannale-2008-1500ml\/#primaryimage"},"image":{"@id":"https:\/\/wein-werte.com\/de\/produkt\/ca-la-bionda-valpolicella-classico-superiore-casal-vegri-decannale-2008-1500ml\/#primaryimage"},"thumbnailUrl":"https:\/\/wein-werte.com\/wp-content\/uploads\/2026\/04\/Ca-La-Bionda-Valpolicella-Classico-Superiore-Casal-Vegri-Decannale-2008-1500-ml.png","datePublished":"2026-04-27T10:23:30+00:00","description":"Kaufe Ca' La Bionda Valpolicella Classico Superiore Casal Vegri Decannale 2008 (Corvina Cuv\u00e9e, trocken aus Veneto, Italien) bei Wein Werte, Ihrem nachhaltigen Onlineshop.","breadcrumb":{"@id":"https:\/\/wein-werte.com\/de\/produkt\/ca-la-bionda-valpolicella-classico-superiore-casal-vegri-decannale-2008-1500ml\/#breadcrumb"},"inLanguage":"de","potentialAction":[{"@type":"ReadAction","target":["https:\/\/wein-werte.com\/de\/produkt\/ca-la-bionda-valpolicella-classico-superiore-casal-vegri-decannale-2008-1500ml\/"]}]},{"@type":"ImageObject","inLanguage":"de","@id":"https:\/\/wein-werte.com\/de\/produkt\/ca-la-bionda-valpolicella-classico-superiore-casal-vegri-decannale-2008-1500ml\/#primaryimage","url":"https:\/\/wein-werte.com\/wp-content\/uploads\/2026\/04\/Ca-La-Bionda-Valpolicella-Classico-Superiore-Casal-Vegri-Decannale-2008-1500-ml.png","contentUrl":"https:\/\/wein-werte.com\/wp-content\/uploads\/2026\/04\/Ca-La-Bionda-Valpolicella-Classico-Superiore-Casal-Vegri-Decannale-2008-1500-ml.png","width":174,"height":595},{"@type":"BreadcrumbList","@id":"https:\/\/wein-werte.com\/de\/produkt\/ca-la-bionda-valpolicella-classico-superiore-casal-vegri-decannale-2008-1500ml\/#breadcrumb","itemListElement":[{"@type":"ListItem","position":1,"name":"Home","item":"https:\/\/wein-werte.com\/de\/"},{"@type":"ListItem","position":2,"name":"Shop","item":"https:\/\/wein-werte.com\/de\/shop\/"},{"@type":"ListItem","position":3,"name":"Ca&#8217; La Bionda | Veneto | Valpolicella Classico Superiore DOC Casal Vegri Decannale | 2008 | 1500ml"}]},{"@type":"WebSite","@id":"https:\/\/wein-werte.com\/de\/#website","url":"https:\/\/wein-werte.com\/de\/","name":"Wein Werte","description":"","publisher":{"@id":"https:\/\/wein-werte.com\/de\/#organization"},"potentialAction":[{"@type":"SearchAction","target":{"@type":"EntryPoint","urlTemplate":"https:\/\/wein-werte.com\/de\/?s={search_term_string}"},"query-input":{"@type":"PropertyValueSpecification","valueRequired":true,"valueName":"search_term_string"}}],"inLanguage":"de"},{"@type":"Organization","@id":"https:\/\/wein-werte.com\/de\/#organization","name":"Vins Fins Thorrold","url":"https:\/\/wein-werte.com\/de\/","logo":{"@type":"ImageObject","inLanguage":"de","@id":"https:\/\/wein-werte.com\/de\/#\/schema\/logo\/image\/","url":"https:\/\/wein-werte.com\/wp-content\/uploads\/2023\/07\/Wein_werte_Logo700-1.png","contentUrl":"https:\/\/wein-werte.com\/wp-content\/uploads\/2023\/07\/Wein_werte_Logo700-1.png","width":700,"height":272,"caption":"Vins Fins Thorrold"},"image":{"@id":"https:\/\/wein-werte.com\/de\/#\/schema\/logo\/image\/"}}]}},"_links":{"self":[{"href":"https:\/\/wein-werte.com\/de\/wp-json\/wp\/v2\/product\/1129261","targetHints":{"allow":["GET"]}}],"collection":[{"href":"https:\/\/wein-werte.com\/de\/wp-json\/wp\/v2\/product"}],"about":[{"href":"https:\/\/wein-werte.com\/de\/wp-json\/wp\/v2\/types\/product"}],"wp:featuredmedia":[{"embeddable":true,"href":"https:\/\/wein-werte.com\/de\/wp-json\/wp\/v2\/media\/1147445"}],"wp:attachment":[{"href":"https:\/\/wein-werte.com\/de\/wp-json\/wp\/v2\/media?parent=1129261"}],"wp:term":[{"taxonomy":"product_brand","embeddable":true,"href":"https:\/\/wein-werte.com\/de\/wp-json\/wp\/v2\/product_brand?post=1129261"},{"taxonomy":"product_cat","embeddable":true,"href":"https:\/\/wein-werte.com\/de\/wp-json\/wp\/v2\/product_cat?post=1129261"},{"taxonomy":"product_tag","embeddable":true,"href":"https:\/\/wein-werte.com\/de\/wp-json\/wp\/v2\/product_tag?post=1129261"}],"curies":[{"name":"wp","href":"https:\/\/api.w.org\/{rel}","templated":true}]}}