{"id":1129222,"date":"2026-04-27T12:23:25","date_gmt":"2026-04-27T10:23:25","guid":{"rendered":"https:\/\/wein-werte.com\/product\/bakkanali-bakkanali-fiorenzo-2022-750ml\/"},"modified":"2026-04-27T11:43:53","modified_gmt":"2026-04-27T09:43:53","slug":"bakkanali-bakkanali-fiorenzo-2022-750ml","status":"publish","type":"product","link":"https:\/\/wein-werte.com\/de\/produkt\/bakkanali-bakkanali-fiorenzo-2022-750ml\/","title":{"rendered":"Bakkanali | Toskana | Bakkanali Fiorenzo IGT | 2022 | 750ml"},"content":{"rendered":"<p>Produktbeschreibung f\u00fcr Bakkanali Bakkanali Fiorenzo IGT 2022  <\/p>\n<h5>Farbe<\/h5>\n<p> Gedecktes Schwarzrot, fast farbdicht bis zum Rand. <\/p>\n<h5>Nase<\/h5>\n<p> Was f\u00fcr ein intensiver Duft str\u00f6mt hier aus dem Glas entgegen, s\u00fc\u00dfe schwarze Amarena Kirschen, eingelegte Blaubeeren, edle dunkle Schokolade und dunkles Pflaumenmus verbinden sich mit Toffee, Lakritz, Holzkohle und Noten von Kaffee. Das pr\u00e4gnante Aroma mutet \u00fcberaus charmant an und verf\u00fchrt unmittelbar die Sinne. Wunderbar untermauert von viel Mineralit\u00e4t und einer Tiefe, die Ihres Gleichen sucht. <\/p>\n<h5>Gaumen<\/h5>\n<p> Saftige Frucht und S\u00fc\u00dfe paart sich beim 2022er Bakkanali Fiorenzo auf der Zunge mit feiner und reifer S\u00e4ure, perfekt eingebettet in seinen Schmelz und einer belebenden und zugleich reifen Gerbstoffstruktur. Ein Wein f\u00fcr die Ewigkeit, der die Begleitung von intensiver K\u00fcche sucht. Im langen Nachhall lebt seine Frische und Mineralit\u00e4t erneut spektakul\u00e4r auf. Unbedingt dekantieren und leicht gek\u00fchlt servieren.<\/p>\n<p>Copyright Vinaturel 2025<\/p>\n<p>Keywords: <a href=\"https:\/\/wein-werte.com\/de\/shop\/?swoof=1&#038;pa_producer=Bakkanali\">Bakkanali<\/a> <a href=\"https:\/\/wein-werte.com\/de\/shop\/?swoof=1&#038;woof_text=Bakkanali Fiorenzo IGT\">Bakkanali Fiorenzo IGT<\/a> 2022  <a href=\"https:\/\/wein-werte.com\/de\/shop\/?swoof=1&#038;pa_region=Toskana\">Toskana<\/a> <a href=\"https:\/\/wein-werte.com\/de\/shop\/?swoof=1&#038;pa_country=Italien\">Italien<\/a><\/p>\n<h3>Vinous<\/h3>\n<p>Punkte: 93+<\/p>\n<p>Der Toscana Rosso Fiorenzo 2022 regt die Fantasie an: Ein Bouquet aus getrockneten Rosen und Veilchen, verfeinert mit Steinstaub und Gew\u00fcrzen, weicht frisch gepfl\u00fcckten Erdbeeren. Mittelkr\u00e4ftig, aber dennoch anmutig und seidig im Geschmack, bietet der 2022er einen umwerfenden Kern aus reifen Kirschen und Beerenfr\u00fcchten und knackigen Mineralnoten. Er hinterl\u00e4sst ein Ger\u00fcst aus s\u00fc\u00dfen Tanninen, das strukturiert und lang ausklingt, w\u00e4hrend die Ankl\u00e4nge von herben Waldbeeren und Lakritz langsam verklingen. Der Fiorenzo stammt von 18 Jahre alten Sangiovese-Reben, die auf \u00fcber 600 Metern H\u00f6he am Monte Amiata gepflanzt sind. Er durchl\u00e4uft eine Ganztrauben-Kohlens\u00e4ureg\u00e4rung. Die Verkostung begeistert mich sehr f\u00fcr das Potenzial dieser Lage. Gut gemacht. \u2013 Eric Guido<br \/>Trinkzeitraum: 2025\u20132029<br \/>Bewertungsdatum: M\u00e4rz 2025<\/p>\n<p>Internetseite des Weinguts: <a href='https:\/\/bakkanali.com\/en\/' target='_blank'>https:\/\/bakkanali.com\/en\/<\/a><\/p>\n","protected":false},"excerpt":{"rendered":"<p>Lieferzeit: 1 bis 2 Arbeitstage (DE), 2 bis 5 Arbeitstage (EU and CH)<\/p>\n","protected":false},"featured_media":1140676,"template":"","meta":[],"product_brand":[],"product_cat":[19],"product_tag":[],"class_list":{"0":"post-1129222","1":"product","2":"type-product","3":"status-publish","4":"has-post-thumbnail","6":"product_cat-unkategorisiert","7":"pa_alcohol-for-filter-12897","8":"pa_certified-biodynamic-nein-de","9":"pa_certified-organic-nein-de","10":"pa_colour-rot","11":"pa_country-italien","12":"pa_grape-sangiovese","13":"pa_price-for-filter-10578","14":"pa_producer-bakkanali","15":"pa_region-toskana","16":"pa_size-ml-6584","17":"pa_sweetness-trocken-de","18":"pa_type-2-still-de","19":"pa_vinous-points-for-filter-20031","20":"pa_vintage-2022-de","21":"entry","22":"has-media","24":"first","25":"instock","26":"taxable","27":"shipping-taxable","28":"purchasable","29":"product-type-simple"},"yoast_head":"<!-- This site is optimized with the Yoast SEO plugin v27.4 - https:\/\/yoast.com\/product\/yoast-seo-wordpress\/ -->\n<title>Bakkanali Bakkanali Fiorenzo 2022<\/title>\n<meta name=\"description\" content=\"Kaufe Bakkanali Bakkanali Fiorenzo 2022 (Sangiovese, trocken aus Toskana, Italien) bei Wein Werte, Ihrem nachhaltigen Onlineshop.\" \/>\n<meta name=\"robots\" content=\"index, follow, max-snippet:-1, max-image-preview:large, max-video-preview:-1\" \/>\n<link rel=\"canonical\" href=\"https:\/\/wein-werte.com\/de\/produkt\/bakkanali-bakkanali-fiorenzo-2022-750ml\/\" \/>\n<meta property=\"og:locale\" content=\"de_DE\" \/>\n<meta property=\"og:type\" content=\"article\" \/>\n<meta property=\"og:title\" content=\"Bakkanali Bakkanali Fiorenzo 2022\" \/>\n<meta property=\"og:description\" content=\"Kaufe Bakkanali Bakkanali Fiorenzo 2022 (Sangiovese, trocken aus Toskana, Italien) bei Wein Werte, Ihrem nachhaltigen Onlineshop.\" \/>\n<meta property=\"og:url\" content=\"https:\/\/wein-werte.com\/de\/produkt\/bakkanali-bakkanali-fiorenzo-2022-750ml\/\" \/>\n<meta property=\"og:site_name\" content=\"Wein Werte\" \/>\n<meta property=\"og:image\" content=\"https:\/\/wein-werte.com\/wp-content\/uploads\/2026\/04\/Bakkanali-Bakkanali-Fiorenzo-2022-750ml.png\" \/>\n\t<meta property=\"og:image:width\" content=\"320\" \/>\n\t<meta property=\"og:image:height\" content=\"1200\" \/>\n\t<meta property=\"og:image:type\" content=\"image\/png\" \/>\n<meta name=\"twitter:card\" content=\"summary_large_image\" \/>\n<meta name=\"twitter:label1\" content=\"Gesch\u00e4tzte Lesezeit\" \/>\n\t<meta name=\"twitter:data1\" content=\"1\u00a0Minute\" \/>\n<script type=\"application\/ld+json\" class=\"yoast-schema-graph\">{\"@context\":\"https:\\\/\\\/schema.org\",\"@graph\":[{\"@type\":\"WebPage\",\"@id\":\"https:\\\/\\\/wein-werte.com\\\/de\\\/produkt\\\/bakkanali-bakkanali-fiorenzo-2022-750ml\\\/\",\"url\":\"https:\\\/\\\/wein-werte.com\\\/de\\\/produkt\\\/bakkanali-bakkanali-fiorenzo-2022-750ml\\\/\",\"name\":\"Bakkanali Bakkanali Fiorenzo 2022\",\"isPartOf\":{\"@id\":\"https:\\\/\\\/wein-werte.com\\\/de\\\/#website\"},\"primaryImageOfPage\":{\"@id\":\"https:\\\/\\\/wein-werte.com\\\/de\\\/produkt\\\/bakkanali-bakkanali-fiorenzo-2022-750ml\\\/#primaryimage\"},\"image\":{\"@id\":\"https:\\\/\\\/wein-werte.com\\\/de\\\/produkt\\\/bakkanali-bakkanali-fiorenzo-2022-750ml\\\/#primaryimage\"},\"thumbnailUrl\":\"https:\\\/\\\/wein-werte.com\\\/wp-content\\\/uploads\\\/2026\\\/04\\\/Bakkanali-Bakkanali-Fiorenzo-2022-750ml.png\",\"datePublished\":\"2026-04-27T10:23:25+00:00\",\"description\":\"Kaufe Bakkanali Bakkanali Fiorenzo 2022 (Sangiovese, trocken aus Toskana, Italien) bei Wein Werte, Ihrem nachhaltigen Onlineshop.\",\"breadcrumb\":{\"@id\":\"https:\\\/\\\/wein-werte.com\\\/de\\\/produkt\\\/bakkanali-bakkanali-fiorenzo-2022-750ml\\\/#breadcrumb\"},\"inLanguage\":\"de\",\"potentialAction\":[{\"@type\":\"ReadAction\",\"target\":[\"https:\\\/\\\/wein-werte.com\\\/de\\\/produkt\\\/bakkanali-bakkanali-fiorenzo-2022-750ml\\\/\"]}]},{\"@type\":\"ImageObject\",\"inLanguage\":\"de\",\"@id\":\"https:\\\/\\\/wein-werte.com\\\/de\\\/produkt\\\/bakkanali-bakkanali-fiorenzo-2022-750ml\\\/#primaryimage\",\"url\":\"https:\\\/\\\/wein-werte.com\\\/wp-content\\\/uploads\\\/2026\\\/04\\\/Bakkanali-Bakkanali-Fiorenzo-2022-750ml.png\",\"contentUrl\":\"https:\\\/\\\/wein-werte.com\\\/wp-content\\\/uploads\\\/2026\\\/04\\\/Bakkanali-Bakkanali-Fiorenzo-2022-750ml.png\",\"width\":320,\"height\":1200,\"caption\":\"Bakkanali Bakkanali Fiorenzo IGT 2022 750ml\"},{\"@type\":\"BreadcrumbList\",\"@id\":\"https:\\\/\\\/wein-werte.com\\\/de\\\/produkt\\\/bakkanali-bakkanali-fiorenzo-2022-750ml\\\/#breadcrumb\",\"itemListElement\":[{\"@type\":\"ListItem\",\"position\":1,\"name\":\"Home\",\"item\":\"https:\\\/\\\/wein-werte.com\\\/de\\\/\"},{\"@type\":\"ListItem\",\"position\":2,\"name\":\"Shop\",\"item\":\"https:\\\/\\\/wein-werte.com\\\/de\\\/shop\\\/\"},{\"@type\":\"ListItem\",\"position\":3,\"name\":\"Bakkanali | Toskana | Bakkanali Fiorenzo IGT | 2022 | 750ml\"}]},{\"@type\":\"WebSite\",\"@id\":\"https:\\\/\\\/wein-werte.com\\\/de\\\/#website\",\"url\":\"https:\\\/\\\/wein-werte.com\\\/de\\\/\",\"name\":\"Wein Werte\",\"description\":\"\",\"publisher\":{\"@id\":\"https:\\\/\\\/wein-werte.com\\\/de\\\/#organization\"},\"potentialAction\":[{\"@type\":\"SearchAction\",\"target\":{\"@type\":\"EntryPoint\",\"urlTemplate\":\"https:\\\/\\\/wein-werte.com\\\/de\\\/?s={search_term_string}\"},\"query-input\":{\"@type\":\"PropertyValueSpecification\",\"valueRequired\":true,\"valueName\":\"search_term_string\"}}],\"inLanguage\":\"de\"},{\"@type\":\"Organization\",\"@id\":\"https:\\\/\\\/wein-werte.com\\\/de\\\/#organization\",\"name\":\"Vins Fins Thorrold\",\"url\":\"https:\\\/\\\/wein-werte.com\\\/de\\\/\",\"logo\":{\"@type\":\"ImageObject\",\"inLanguage\":\"de\",\"@id\":\"https:\\\/\\\/wein-werte.com\\\/de\\\/#\\\/schema\\\/logo\\\/image\\\/\",\"url\":\"https:\\\/\\\/wein-werte.com\\\/wp-content\\\/uploads\\\/2023\\\/07\\\/Wein_werte_Logo700-1.png\",\"contentUrl\":\"https:\\\/\\\/wein-werte.com\\\/wp-content\\\/uploads\\\/2023\\\/07\\\/Wein_werte_Logo700-1.png\",\"width\":700,\"height\":272,\"caption\":\"Vins Fins Thorrold\"},\"image\":{\"@id\":\"https:\\\/\\\/wein-werte.com\\\/de\\\/#\\\/schema\\\/logo\\\/image\\\/\"}}]}<\/script>\n<!-- \/ Yoast SEO plugin. -->","yoast_head_json":{"title":"Bakkanali Bakkanali Fiorenzo 2022","description":"Kaufe Bakkanali Bakkanali Fiorenzo 2022 (Sangiovese, trocken aus Toskana, Italien) bei Wein Werte, Ihrem nachhaltigen Onlineshop.","robots":{"index":"index","follow":"follow","max-snippet":"max-snippet:-1","max-image-preview":"max-image-preview:large","max-video-preview":"max-video-preview:-1"},"canonical":"https:\/\/wein-werte.com\/de\/produkt\/bakkanali-bakkanali-fiorenzo-2022-750ml\/","og_locale":"de_DE","og_type":"article","og_title":"Bakkanali Bakkanali Fiorenzo 2022","og_description":"Kaufe Bakkanali Bakkanali Fiorenzo 2022 (Sangiovese, trocken aus Toskana, Italien) bei Wein Werte, Ihrem nachhaltigen Onlineshop.","og_url":"https:\/\/wein-werte.com\/de\/produkt\/bakkanali-bakkanali-fiorenzo-2022-750ml\/","og_site_name":"Wein Werte","og_image":[{"width":320,"height":1200,"url":"https:\/\/wein-werte.com\/wp-content\/uploads\/2026\/04\/Bakkanali-Bakkanali-Fiorenzo-2022-750ml.png","type":"image\/png"}],"twitter_card":"summary_large_image","twitter_misc":{"Gesch\u00e4tzte Lesezeit":"1\u00a0Minute"},"schema":{"@context":"https:\/\/schema.org","@graph":[{"@type":"WebPage","@id":"https:\/\/wein-werte.com\/de\/produkt\/bakkanali-bakkanali-fiorenzo-2022-750ml\/","url":"https:\/\/wein-werte.com\/de\/produkt\/bakkanali-bakkanali-fiorenzo-2022-750ml\/","name":"Bakkanali Bakkanali Fiorenzo 2022","isPartOf":{"@id":"https:\/\/wein-werte.com\/de\/#website"},"primaryImageOfPage":{"@id":"https:\/\/wein-werte.com\/de\/produkt\/bakkanali-bakkanali-fiorenzo-2022-750ml\/#primaryimage"},"image":{"@id":"https:\/\/wein-werte.com\/de\/produkt\/bakkanali-bakkanali-fiorenzo-2022-750ml\/#primaryimage"},"thumbnailUrl":"https:\/\/wein-werte.com\/wp-content\/uploads\/2026\/04\/Bakkanali-Bakkanali-Fiorenzo-2022-750ml.png","datePublished":"2026-04-27T10:23:25+00:00","description":"Kaufe Bakkanali Bakkanali Fiorenzo 2022 (Sangiovese, trocken aus Toskana, Italien) bei Wein Werte, Ihrem nachhaltigen Onlineshop.","breadcrumb":{"@id":"https:\/\/wein-werte.com\/de\/produkt\/bakkanali-bakkanali-fiorenzo-2022-750ml\/#breadcrumb"},"inLanguage":"de","potentialAction":[{"@type":"ReadAction","target":["https:\/\/wein-werte.com\/de\/produkt\/bakkanali-bakkanali-fiorenzo-2022-750ml\/"]}]},{"@type":"ImageObject","inLanguage":"de","@id":"https:\/\/wein-werte.com\/de\/produkt\/bakkanali-bakkanali-fiorenzo-2022-750ml\/#primaryimage","url":"https:\/\/wein-werte.com\/wp-content\/uploads\/2026\/04\/Bakkanali-Bakkanali-Fiorenzo-2022-750ml.png","contentUrl":"https:\/\/wein-werte.com\/wp-content\/uploads\/2026\/04\/Bakkanali-Bakkanali-Fiorenzo-2022-750ml.png","width":320,"height":1200,"caption":"Bakkanali Bakkanali Fiorenzo IGT 2022 750ml"},{"@type":"BreadcrumbList","@id":"https:\/\/wein-werte.com\/de\/produkt\/bakkanali-bakkanali-fiorenzo-2022-750ml\/#breadcrumb","itemListElement":[{"@type":"ListItem","position":1,"name":"Home","item":"https:\/\/wein-werte.com\/de\/"},{"@type":"ListItem","position":2,"name":"Shop","item":"https:\/\/wein-werte.com\/de\/shop\/"},{"@type":"ListItem","position":3,"name":"Bakkanali | Toskana | Bakkanali Fiorenzo IGT | 2022 | 750ml"}]},{"@type":"WebSite","@id":"https:\/\/wein-werte.com\/de\/#website","url":"https:\/\/wein-werte.com\/de\/","name":"Wein Werte","description":"","publisher":{"@id":"https:\/\/wein-werte.com\/de\/#organization"},"potentialAction":[{"@type":"SearchAction","target":{"@type":"EntryPoint","urlTemplate":"https:\/\/wein-werte.com\/de\/?s={search_term_string}"},"query-input":{"@type":"PropertyValueSpecification","valueRequired":true,"valueName":"search_term_string"}}],"inLanguage":"de"},{"@type":"Organization","@id":"https:\/\/wein-werte.com\/de\/#organization","name":"Vins Fins Thorrold","url":"https:\/\/wein-werte.com\/de\/","logo":{"@type":"ImageObject","inLanguage":"de","@id":"https:\/\/wein-werte.com\/de\/#\/schema\/logo\/image\/","url":"https:\/\/wein-werte.com\/wp-content\/uploads\/2023\/07\/Wein_werte_Logo700-1.png","contentUrl":"https:\/\/wein-werte.com\/wp-content\/uploads\/2023\/07\/Wein_werte_Logo700-1.png","width":700,"height":272,"caption":"Vins Fins Thorrold"},"image":{"@id":"https:\/\/wein-werte.com\/de\/#\/schema\/logo\/image\/"}}]}},"_links":{"self":[{"href":"https:\/\/wein-werte.com\/de\/wp-json\/wp\/v2\/product\/1129222","targetHints":{"allow":["GET"]}}],"collection":[{"href":"https:\/\/wein-werte.com\/de\/wp-json\/wp\/v2\/product"}],"about":[{"href":"https:\/\/wein-werte.com\/de\/wp-json\/wp\/v2\/types\/product"}],"wp:featuredmedia":[{"embeddable":true,"href":"https:\/\/wein-werte.com\/de\/wp-json\/wp\/v2\/media\/1140676"}],"wp:attachment":[{"href":"https:\/\/wein-werte.com\/de\/wp-json\/wp\/v2\/media?parent=1129222"}],"wp:term":[{"taxonomy":"product_brand","embeddable":true,"href":"https:\/\/wein-werte.com\/de\/wp-json\/wp\/v2\/product_brand?post=1129222"},{"taxonomy":"product_cat","embeddable":true,"href":"https:\/\/wein-werte.com\/de\/wp-json\/wp\/v2\/product_cat?post=1129222"},{"taxonomy":"product_tag","embeddable":true,"href":"https:\/\/wein-werte.com\/de\/wp-json\/wp\/v2\/product_tag?post=1129222"}],"curies":[{"name":"wp","href":"https:\/\/api.w.org\/{rel}","templated":true}]}}