{"id":1129147,"date":"2026-05-08T20:00:30","date_gmt":"2026-05-08T18:00:30","guid":{"rendered":"https:\/\/wein-werte.com\/product\/claude-riffault-sancerre-blanc-les-denisottes-2023-750ml\/"},"modified":"2026-04-27T11:43:47","modified_gmt":"2026-04-27T09:43:47","slug":"claude-riffault-sancerre-blanc-les-denisottes-2023-750ml","status":"publish","type":"product","link":"https:\/\/wein-werte.com\/de\/produkt\/claude-riffault-sancerre-blanc-les-denisottes-2023-750ml\/","title":{"rendered":"Claude Riffault | Loire | Sancerre blanc &#8220;Les Denisottes&#8221; AOC | 2023 | 750ml | bio"},"content":{"rendered":"<p>Produktbeschreibung f\u00fcr Claude Riffault Sancerre blanc &#8220;Les Denisottes&#8221; AOC 2023 (bio)<\/p>\n<p> Les Denisottes liegt ganz in der N\u00e4he des Weinguts, in Sury-en-Vaux. Drei Parzellen, zusammen 1,1 Hektar, auf flachem Terrain in s\u00fcd\u00f6stlicher Ausrichtung auf etwa 260 Metern H\u00f6he. Die Reben sind zwischen 40 und 53 Jahre alt und stehen auf klassischem Kimmeridge-Kalk \u2013 jenem tonig-mergeligen Gestein, das Tiefe und Spannung bringt. Gelesen wird nat\u00fcrlich von Hand, selektiert im Weinberg. Die Trauben werden anschlie\u00dfend sehr langsam und schonend pneumatisch gepresst. Der Most kl\u00e4rt sich k\u00fchl und allein \u00fcber Schwerkraft. Vergoren wird spontan mit den weinbergseigenen Hefen. Der Ausbau erfolgt \u00fcber 14 Monate in mehrfach belegten Holzf\u00e4ssern auf der Vollhefe. Aufr\u00fchren? Nur selten. Und die malolaktische G\u00e4rung? L\u00e4sst Claude Riffault konsequent weg \u2013 zugunsten von Frische, Pr\u00e4zision und Struktur. <\/p>\n<h5>Farbe<\/h5>\n<p>\u00a0Kr\u00e4ftiges Strohgelb mit gr\u00fcnen Reflexen. <\/p>\n<h5>Nase<\/h5>\n<p>\u00a0Der 2023 Les Denisottes Sancerre blanc von Claude Riffault ist in der Nase extrem diszipliniert und verzichtet auf stereotype Sauvignon-blanc-Exzesse. Stattdessen gibt er sich aufger\u00e4umt und steinig mit zitrischen Noten: Zitronen- und Limettenabrieb, nasse Tafelkreide, etwas Austernschale und helle Bl\u00fcten in der Kopfnote skizzieren ihn mit sanfter Zur\u00fcckhaltung. <\/p>\n<h5>Mund<\/h5>\n<p>\u00a0Energetisch im Antrunk, pulsiert er f\u00f6rmlich \u00fcber den Gaumen. Seine cremig-elegante Textur fu\u00dft in der steinig-kargen Mineralik, die Frucht brilliert \u00fcber den wunderbar zur\u00fcckhaltenden und doch saftigen Extrakt, der ihm in all seiner Kargheit das n\u00f6tige Qu\u00e4ntchen Charmanz verleiht. Ohne Wenn und Aber ein Sauvignon blanc f\u00fcr Erwachsene. <\/p>\n<p>Copyright Vinaturel 2025<\/p>\n<p>Keywords: <a href=\"https:\/\/wein-werte.com\/de\/shop\/?swoof=1&#038;pa_producer=Claude-Riffault\">Claude Riffault<\/a> <a href=\"https:\/\/wein-werte.com\/de\/shop\/?swoof=1&#038;woof_text=Sancerre blanc \"Les Denisottes\" AOC\">Sancerre blanc &#8220;Les Denisottes&#8221; AOC<\/a> 2023 bio <a href=\"https:\/\/wein-werte.com\/de\/shop\/?swoof=1&#038;pa_region=Loire\">Loire<\/a> <a href=\"https:\/\/wein-werte.com\/de\/shop\/?swoof=1&#038;pa_country=Frankreich\">Frankreich<\/a><\/p>\n<h3>Vinous<\/h3>\n<p>Punkte: (91-93)<\/p>\n<p>Der Les Denisottes 2023 reift noch im Holzfass und \u00fcberrascht mit einer Frische, die an Koffein erinnert. Er ist zwar nicht so konzentriert und reichhaltig wie der 2022er, aber dieser Wein ist vielversprechend. Er singt f\u00f6rmlich wie eine Sopranistin, klar und rein, voller Energie und Schwung. \u2013 Rebecca Gibb MW<br \/>Trinkzeitraum: 2025\u20132032<br \/>Testdatum: August 2024<\/p>\n<p>Internetseite des Weinguts: <a href=\"https:\/\/www.clauderiffault.com\/\" target=\"_blank\">https:\/\/www.clauderiffault.com\/<\/a><\/p>\n","protected":false},"excerpt":{"rendered":"<p>Lieferzeit: 1 bis 2 Arbeitstage (DE), 2 bis 5 Arbeitstage (EU and CH)<\/p>\n","protected":false},"featured_media":1140618,"template":"","meta":[],"product_brand":[],"product_cat":[19],"product_tag":[],"class_list":{"0":"post-1129147","1":"product","2":"type-product","3":"status-publish","4":"has-post-thumbnail","6":"product_cat-unkategorisiert","7":"pa_alcohol-for-filter-12892","8":"pa_certified-biodynamic-ja-de","9":"pa_certified-organic-ja-de","10":"pa_colour-weiss","11":"pa_country-frankreich","12":"pa_grape-sauvignon-blanc","13":"pa_price-for-filter-10605","14":"pa_producer-claude-riffault","15":"pa_region-loire","16":"pa_size-ml-6584","17":"pa_sweetness-trocken-de","18":"pa_type-2-still-de","19":"pa_vinous-points-for-filter-20027","20":"pa_vintage-2023-de","21":"entry","22":"has-media","24":"first","25":"instock","26":"taxable","27":"shipping-taxable","28":"purchasable","29":"product-type-simple"},"yoast_head":"<!-- This site is optimized with the Yoast SEO plugin v27.5 - https:\/\/yoast.com\/product\/yoast-seo-wordpress\/ -->\n<title>Claude Riffault Sancerre blanc &quot;Les Denisottes&quot; 2023<\/title>\n<meta name=\"description\" content=\"Kaufe Claude Riffault Sancerre blanc &quot;Les Denisottes&quot; 2023 (Sauvignon Blanc, trocken aus Loire, Frankreich) bei Wein Werte, Ihrem nachhaltigen Onlineshop.\" \/>\n<meta name=\"robots\" content=\"index, follow, max-snippet:-1, max-image-preview:large, max-video-preview:-1\" \/>\n<link rel=\"canonical\" href=\"https:\/\/wein-werte.com\/de\/produkt\/claude-riffault-sancerre-blanc-les-denisottes-2023-750ml\/\" \/>\n<meta property=\"og:locale\" content=\"de_DE\" \/>\n<meta property=\"og:type\" content=\"article\" \/>\n<meta property=\"og:title\" content=\"Claude Riffault Sancerre blanc &quot;Les Denisottes&quot; 2023\" \/>\n<meta property=\"og:description\" content=\"Kaufe Claude Riffault Sancerre blanc &quot;Les Denisottes&quot; 2023 (Sauvignon Blanc, trocken aus Loire, Frankreich) bei Wein Werte, Ihrem nachhaltigen Onlineshop.\" \/>\n<meta property=\"og:url\" content=\"https:\/\/wein-werte.com\/de\/produkt\/claude-riffault-sancerre-blanc-les-denisottes-2023-750ml\/\" \/>\n<meta property=\"og:site_name\" content=\"Wein Werte\" \/>\n<meta property=\"og:image\" content=\"https:\/\/wein-werte.com\/wp-content\/uploads\/2026\/04\/Claude-Riffault-Sancerre-blanc-Les-Denisottes-2023-750ml.png\" \/>\n\t<meta property=\"og:image:width\" content=\"338\" \/>\n\t<meta property=\"og:image:height\" content=\"1200\" \/>\n\t<meta property=\"og:image:type\" content=\"image\/png\" \/>\n<meta name=\"twitter:card\" content=\"summary_large_image\" \/>\n<meta name=\"twitter:label1\" content=\"Gesch\u00e4tzte Lesezeit\" \/>\n\t<meta name=\"twitter:data1\" content=\"2\u00a0Minuten\" \/>\n<script type=\"application\/ld+json\" class=\"yoast-schema-graph\">{\"@context\":\"https:\\\/\\\/schema.org\",\"@graph\":[{\"@type\":\"WebPage\",\"@id\":\"https:\\\/\\\/wein-werte.com\\\/de\\\/produkt\\\/claude-riffault-sancerre-blanc-les-denisottes-2023-750ml\\\/\",\"url\":\"https:\\\/\\\/wein-werte.com\\\/de\\\/produkt\\\/claude-riffault-sancerre-blanc-les-denisottes-2023-750ml\\\/\",\"name\":\"Claude Riffault Sancerre blanc \\\"Les Denisottes\\\" 2023\",\"isPartOf\":{\"@id\":\"https:\\\/\\\/wein-werte.com\\\/de\\\/#website\"},\"primaryImageOfPage\":{\"@id\":\"https:\\\/\\\/wein-werte.com\\\/de\\\/produkt\\\/claude-riffault-sancerre-blanc-les-denisottes-2023-750ml\\\/#primaryimage\"},\"image\":{\"@id\":\"https:\\\/\\\/wein-werte.com\\\/de\\\/produkt\\\/claude-riffault-sancerre-blanc-les-denisottes-2023-750ml\\\/#primaryimage\"},\"thumbnailUrl\":\"https:\\\/\\\/wein-werte.com\\\/wp-content\\\/uploads\\\/2026\\\/04\\\/Claude-Riffault-Sancerre-blanc-Les-Denisottes-2023-750ml.png\",\"datePublished\":\"2026-05-08T18:00:30+00:00\",\"description\":\"Kaufe Claude Riffault Sancerre blanc \\\"Les Denisottes\\\" 2023 (Sauvignon Blanc, trocken aus Loire, Frankreich) bei Wein Werte, Ihrem nachhaltigen Onlineshop.\",\"breadcrumb\":{\"@id\":\"https:\\\/\\\/wein-werte.com\\\/de\\\/produkt\\\/claude-riffault-sancerre-blanc-les-denisottes-2023-750ml\\\/#breadcrumb\"},\"inLanguage\":\"de\",\"potentialAction\":[{\"@type\":\"ReadAction\",\"target\":[\"https:\\\/\\\/wein-werte.com\\\/de\\\/produkt\\\/claude-riffault-sancerre-blanc-les-denisottes-2023-750ml\\\/\"]}]},{\"@type\":\"ImageObject\",\"inLanguage\":\"de\",\"@id\":\"https:\\\/\\\/wein-werte.com\\\/de\\\/produkt\\\/claude-riffault-sancerre-blanc-les-denisottes-2023-750ml\\\/#primaryimage\",\"url\":\"https:\\\/\\\/wein-werte.com\\\/wp-content\\\/uploads\\\/2026\\\/04\\\/Claude-Riffault-Sancerre-blanc-Les-Denisottes-2023-750ml.png\",\"contentUrl\":\"https:\\\/\\\/wein-werte.com\\\/wp-content\\\/uploads\\\/2026\\\/04\\\/Claude-Riffault-Sancerre-blanc-Les-Denisottes-2023-750ml.png\",\"width\":338,\"height\":1200,\"caption\":\"Claude Riffault Sancerre blanc \\\"Les Denisottes\\\" AOC 2023 750ml\"},{\"@type\":\"BreadcrumbList\",\"@id\":\"https:\\\/\\\/wein-werte.com\\\/de\\\/produkt\\\/claude-riffault-sancerre-blanc-les-denisottes-2023-750ml\\\/#breadcrumb\",\"itemListElement\":[{\"@type\":\"ListItem\",\"position\":1,\"name\":\"Home\",\"item\":\"https:\\\/\\\/wein-werte.com\\\/de\\\/\"},{\"@type\":\"ListItem\",\"position\":2,\"name\":\"Shop\",\"item\":\"https:\\\/\\\/wein-werte.com\\\/de\\\/shop\\\/\"},{\"@type\":\"ListItem\",\"position\":3,\"name\":\"Claude Riffault | Loire | Sancerre blanc &#8220;Les Denisottes&#8221; AOC | 2023 | 750ml | bio\"}]},{\"@type\":\"WebSite\",\"@id\":\"https:\\\/\\\/wein-werte.com\\\/de\\\/#website\",\"url\":\"https:\\\/\\\/wein-werte.com\\\/de\\\/\",\"name\":\"Wein Werte\",\"description\":\"\",\"publisher\":{\"@id\":\"https:\\\/\\\/wein-werte.com\\\/de\\\/#organization\"},\"potentialAction\":[{\"@type\":\"SearchAction\",\"target\":{\"@type\":\"EntryPoint\",\"urlTemplate\":\"https:\\\/\\\/wein-werte.com\\\/de\\\/?s={search_term_string}\"},\"query-input\":{\"@type\":\"PropertyValueSpecification\",\"valueRequired\":true,\"valueName\":\"search_term_string\"}}],\"inLanguage\":\"de\"},{\"@type\":\"Organization\",\"@id\":\"https:\\\/\\\/wein-werte.com\\\/de\\\/#organization\",\"name\":\"Vins Fins Thorrold\",\"url\":\"https:\\\/\\\/wein-werte.com\\\/de\\\/\",\"logo\":{\"@type\":\"ImageObject\",\"inLanguage\":\"de\",\"@id\":\"https:\\\/\\\/wein-werte.com\\\/de\\\/#\\\/schema\\\/logo\\\/image\\\/\",\"url\":\"https:\\\/\\\/wein-werte.com\\\/wp-content\\\/uploads\\\/2023\\\/07\\\/Wein_werte_Logo700-1.png\",\"contentUrl\":\"https:\\\/\\\/wein-werte.com\\\/wp-content\\\/uploads\\\/2023\\\/07\\\/Wein_werte_Logo700-1.png\",\"width\":700,\"height\":272,\"caption\":\"Vins Fins Thorrold\"},\"image\":{\"@id\":\"https:\\\/\\\/wein-werte.com\\\/de\\\/#\\\/schema\\\/logo\\\/image\\\/\"}}]}<\/script>\n<!-- \/ Yoast SEO plugin. -->","yoast_head_json":{"title":"Claude Riffault Sancerre blanc \"Les Denisottes\" 2023","description":"Kaufe Claude Riffault Sancerre blanc \"Les Denisottes\" 2023 (Sauvignon Blanc, trocken aus Loire, Frankreich) bei Wein Werte, Ihrem nachhaltigen Onlineshop.","robots":{"index":"index","follow":"follow","max-snippet":"max-snippet:-1","max-image-preview":"max-image-preview:large","max-video-preview":"max-video-preview:-1"},"canonical":"https:\/\/wein-werte.com\/de\/produkt\/claude-riffault-sancerre-blanc-les-denisottes-2023-750ml\/","og_locale":"de_DE","og_type":"article","og_title":"Claude Riffault Sancerre blanc \"Les Denisottes\" 2023","og_description":"Kaufe Claude Riffault Sancerre blanc \"Les Denisottes\" 2023 (Sauvignon Blanc, trocken aus Loire, Frankreich) bei Wein Werte, Ihrem nachhaltigen Onlineshop.","og_url":"https:\/\/wein-werte.com\/de\/produkt\/claude-riffault-sancerre-blanc-les-denisottes-2023-750ml\/","og_site_name":"Wein Werte","og_image":[{"width":338,"height":1200,"url":"https:\/\/wein-werte.com\/wp-content\/uploads\/2026\/04\/Claude-Riffault-Sancerre-blanc-Les-Denisottes-2023-750ml.png","type":"image\/png"}],"twitter_card":"summary_large_image","twitter_misc":{"Gesch\u00e4tzte Lesezeit":"2\u00a0Minuten"},"schema":{"@context":"https:\/\/schema.org","@graph":[{"@type":"WebPage","@id":"https:\/\/wein-werte.com\/de\/produkt\/claude-riffault-sancerre-blanc-les-denisottes-2023-750ml\/","url":"https:\/\/wein-werte.com\/de\/produkt\/claude-riffault-sancerre-blanc-les-denisottes-2023-750ml\/","name":"Claude Riffault Sancerre blanc \"Les Denisottes\" 2023","isPartOf":{"@id":"https:\/\/wein-werte.com\/de\/#website"},"primaryImageOfPage":{"@id":"https:\/\/wein-werte.com\/de\/produkt\/claude-riffault-sancerre-blanc-les-denisottes-2023-750ml\/#primaryimage"},"image":{"@id":"https:\/\/wein-werte.com\/de\/produkt\/claude-riffault-sancerre-blanc-les-denisottes-2023-750ml\/#primaryimage"},"thumbnailUrl":"https:\/\/wein-werte.com\/wp-content\/uploads\/2026\/04\/Claude-Riffault-Sancerre-blanc-Les-Denisottes-2023-750ml.png","datePublished":"2026-05-08T18:00:30+00:00","description":"Kaufe Claude Riffault Sancerre blanc \"Les Denisottes\" 2023 (Sauvignon Blanc, trocken aus Loire, Frankreich) bei Wein Werte, Ihrem nachhaltigen Onlineshop.","breadcrumb":{"@id":"https:\/\/wein-werte.com\/de\/produkt\/claude-riffault-sancerre-blanc-les-denisottes-2023-750ml\/#breadcrumb"},"inLanguage":"de","potentialAction":[{"@type":"ReadAction","target":["https:\/\/wein-werte.com\/de\/produkt\/claude-riffault-sancerre-blanc-les-denisottes-2023-750ml\/"]}]},{"@type":"ImageObject","inLanguage":"de","@id":"https:\/\/wein-werte.com\/de\/produkt\/claude-riffault-sancerre-blanc-les-denisottes-2023-750ml\/#primaryimage","url":"https:\/\/wein-werte.com\/wp-content\/uploads\/2026\/04\/Claude-Riffault-Sancerre-blanc-Les-Denisottes-2023-750ml.png","contentUrl":"https:\/\/wein-werte.com\/wp-content\/uploads\/2026\/04\/Claude-Riffault-Sancerre-blanc-Les-Denisottes-2023-750ml.png","width":338,"height":1200,"caption":"Claude Riffault Sancerre blanc \"Les Denisottes\" AOC 2023 750ml"},{"@type":"BreadcrumbList","@id":"https:\/\/wein-werte.com\/de\/produkt\/claude-riffault-sancerre-blanc-les-denisottes-2023-750ml\/#breadcrumb","itemListElement":[{"@type":"ListItem","position":1,"name":"Home","item":"https:\/\/wein-werte.com\/de\/"},{"@type":"ListItem","position":2,"name":"Shop","item":"https:\/\/wein-werte.com\/de\/shop\/"},{"@type":"ListItem","position":3,"name":"Claude Riffault | Loire | Sancerre blanc &#8220;Les Denisottes&#8221; AOC | 2023 | 750ml | bio"}]},{"@type":"WebSite","@id":"https:\/\/wein-werte.com\/de\/#website","url":"https:\/\/wein-werte.com\/de\/","name":"Wein Werte","description":"","publisher":{"@id":"https:\/\/wein-werte.com\/de\/#organization"},"potentialAction":[{"@type":"SearchAction","target":{"@type":"EntryPoint","urlTemplate":"https:\/\/wein-werte.com\/de\/?s={search_term_string}"},"query-input":{"@type":"PropertyValueSpecification","valueRequired":true,"valueName":"search_term_string"}}],"inLanguage":"de"},{"@type":"Organization","@id":"https:\/\/wein-werte.com\/de\/#organization","name":"Vins Fins Thorrold","url":"https:\/\/wein-werte.com\/de\/","logo":{"@type":"ImageObject","inLanguage":"de","@id":"https:\/\/wein-werte.com\/de\/#\/schema\/logo\/image\/","url":"https:\/\/wein-werte.com\/wp-content\/uploads\/2023\/07\/Wein_werte_Logo700-1.png","contentUrl":"https:\/\/wein-werte.com\/wp-content\/uploads\/2023\/07\/Wein_werte_Logo700-1.png","width":700,"height":272,"caption":"Vins Fins Thorrold"},"image":{"@id":"https:\/\/wein-werte.com\/de\/#\/schema\/logo\/image\/"}}]}},"_links":{"self":[{"href":"https:\/\/wein-werte.com\/de\/wp-json\/wp\/v2\/product\/1129147","targetHints":{"allow":["GET"]}}],"collection":[{"href":"https:\/\/wein-werte.com\/de\/wp-json\/wp\/v2\/product"}],"about":[{"href":"https:\/\/wein-werte.com\/de\/wp-json\/wp\/v2\/types\/product"}],"wp:featuredmedia":[{"embeddable":true,"href":"https:\/\/wein-werte.com\/de\/wp-json\/wp\/v2\/media\/1140618"}],"wp:attachment":[{"href":"https:\/\/wein-werte.com\/de\/wp-json\/wp\/v2\/media?parent=1129147"}],"wp:term":[{"taxonomy":"product_brand","embeddable":true,"href":"https:\/\/wein-werte.com\/de\/wp-json\/wp\/v2\/product_brand?post=1129147"},{"taxonomy":"product_cat","embeddable":true,"href":"https:\/\/wein-werte.com\/de\/wp-json\/wp\/v2\/product_cat?post=1129147"},{"taxonomy":"product_tag","embeddable":true,"href":"https:\/\/wein-werte.com\/de\/wp-json\/wp\/v2\/product_tag?post=1129147"}],"curies":[{"name":"wp","href":"https:\/\/api.w.org\/{rel}","templated":true}]}}