{"id":1129097,"date":"2026-05-08T20:00:27","date_gmt":"2026-05-08T18:00:27","guid":{"rendered":"https:\/\/wein-werte.com\/product\/chateau-de-coulaine-chateau-de-coulaine-2023-750ml\/"},"modified":"2026-04-27T11:43:41","modified_gmt":"2026-04-27T09:43:41","slug":"chateau-de-coulaine-chateau-de-coulaine-2023-750ml","status":"publish","type":"product","link":"https:\/\/wein-werte.com\/de\/produkt\/chateau-de-coulaine-chateau-de-coulaine-2023-750ml\/","title":{"rendered":"Ch\u00e2teau de Coulaine | Loire | Ch\u00e2teau de Coulaine AOC | 2023 | 750ml | bio"},"content":{"rendered":"<p>Produktbeschreibung f\u00fcr Ch\u00e2teau de Coulaine Ch\u00e2teau de Coulaine AOC 2023 (bio) <\/p>\n<h5>Information zum Wein<\/h5>\n<p> Der Chinon ist ein Cabernet Franc aus einer Assemblage unterschiedlicher Parzellen der H\u00e4nge und Plateaus, die sich in der N\u00e4he des Schlosses befinden. Gemeinsam ist ihnen der Boden aus kalkhaltigem Sand und Schluff, w\u00e4hrend das Muttergestein aus Tuffstein in der Tiefe pr\u00e4sent bleibt. Der Cabernet wird zehn Monate lang in Beton-Cuves von 60 Hektolitern ausgebaut. <\/p>\n<h5>Farbe<\/h5>\n<p> Purpurrot <\/p>\n<h5>Nase<\/h5>\n<p> Der einfache Chinon der Bonnaventures ist voll von dunkler, frischer, saftiger Frucht und leicht herb w\u00fcrzigen Noten. Diese Mischung aus Cassis, Sauerkirsche, Brombeere und Berberitzen in Verbindung mit Kr\u00e4utern, Trockenholz und einem Hauch von Rappen will man sofort trinken. <\/p>\n<h5>Gaumen<\/h5>\n<p> Am Gaumen l\u00f6st der Wein ein, was man im Duft erwartet hat. Der Wein ist lebendig, pur und feinw\u00fcrzig mit einer animierenden S\u00e4ure und der unverf\u00e4lschten dunklen reifen und saftigen Frucht des Cabernet Franc. Hier gibt es Trinkspa\u00df f\u00fcr vergleichsweise kleines Geld mit Charakter; denn der Ch\u00e2teau de Coulaine sorgt f\u00fcr feinen Grip und einen angenehmen Crunch und mit seinen herben Noten f\u00fcr eine gez\u00e4hmte Wildheit.<\/p>\n<p>Copyright Vinaturel 2025<\/p>\n<p>Keywords: <a href=\"https:\/\/wein-werte.com\/de\/shop\/?swoof=1&#038;pa_producer=Ch\u00e2teau-de-Coulaine\">Ch\u00e2teau de Coulaine<\/a> <a href=\"https:\/\/wein-werte.com\/de\/shop\/?swoof=1&#038;woof_text=Ch\u00e2teau de Coulaine AOC\">Ch\u00e2teau de Coulaine AOC<\/a> 2023 bio <a href=\"https:\/\/wein-werte.com\/de\/shop\/?swoof=1&#038;pa_region=Loire\">Loire<\/a> <a href=\"https:\/\/wein-werte.com\/de\/shop\/?swoof=1&#038;pa_country=Frankreich\">Frankreich<\/a><\/p>\n<h3>Wine Advocate<\/h3>\n<p>Punkte: 89<\/p>\n<p>Der Chinon 2023, der im August abgef\u00fcllt werden soll, bietet Aromen von Himbeeren, Veilchen, Kirschen und Blumen. Am Gaumen pr\u00e4sentiert er sich mittelkr\u00e4ftig, saftig und rund mit samtigen Tanninen und einem langen, k\u00f6stlichen Abgang. Ein geradliniger Chinon.<br \/>Yohan Castaing<\/p>\n<p>Internetseite des Weinguts: <a href=\"https:\/\/www.chateaudecoulaine.com\/en\/\" target=\"_blank\">https:\/\/www.chateaudecoulaine.com\/en\/<\/a><\/p>\n","protected":false},"excerpt":{"rendered":"<p>Lieferzeit: 1 bis 2 Arbeitstage (DE), 2 bis 5 Arbeitstage (EU and CH)<\/p>\n","protected":false},"featured_media":1140578,"template":"","meta":[],"product_brand":[],"product_cat":[19],"product_tag":[],"class_list":{"0":"post-1129097","1":"product","2":"type-product","3":"status-publish","4":"has-post-thumbnail","6":"product_cat-unkategorisiert","7":"pa_alcohol-for-filter-12-5","8":"pa_certified-biodynamic-nein-de","9":"pa_certified-organic-ja-de","10":"pa_colour-rot","11":"pa_country-frankreich","12":"pa_grape-cabernet-franc","13":"pa_parker-points-for-filter-89-de-2","14":"pa_price-for-filter-10581","15":"pa_producer-chateau-de-coulaine","16":"pa_region-loire","17":"pa_size-ml-6584","18":"pa_sweetness-trocken-de","19":"pa_type-2-still-de","20":"pa_vintage-2023-de","21":"entry","22":"has-media","24":"first","25":"instock","26":"taxable","27":"shipping-taxable","28":"purchasable","29":"product-type-simple"},"yoast_head":"<!-- This site is optimized with the Yoast SEO plugin v27.5 - https:\/\/yoast.com\/product\/yoast-seo-wordpress\/ -->\n<title>Ch\u00e2teau de Coulaine Ch\u00e2teau de Coulaine 2023<\/title>\n<meta name=\"description\" content=\"Kaufe Ch\u00e2teau de Coulaine Ch\u00e2teau de Coulaine 2023 (Cabernet Franc, trocken aus Loire, Frankreich) bei Wein Werte, Ihrem nachhaltigen Onlineshop.\" \/>\n<meta name=\"robots\" content=\"index, follow, max-snippet:-1, max-image-preview:large, max-video-preview:-1\" \/>\n<link rel=\"canonical\" href=\"https:\/\/wein-werte.com\/de\/produkt\/chateau-de-coulaine-chateau-de-coulaine-2023-750ml\/\" \/>\n<meta property=\"og:locale\" content=\"de_DE\" \/>\n<meta property=\"og:type\" content=\"article\" \/>\n<meta property=\"og:title\" content=\"Ch\u00e2teau de Coulaine Ch\u00e2teau de Coulaine 2023\" \/>\n<meta property=\"og:description\" content=\"Kaufe Ch\u00e2teau de Coulaine Ch\u00e2teau de Coulaine 2023 (Cabernet Franc, trocken aus Loire, Frankreich) bei Wein Werte, Ihrem nachhaltigen Onlineshop.\" \/>\n<meta property=\"og:url\" content=\"https:\/\/wein-werte.com\/de\/produkt\/chateau-de-coulaine-chateau-de-coulaine-2023-750ml\/\" \/>\n<meta property=\"og:site_name\" content=\"Wein Werte\" \/>\n<meta property=\"og:image\" content=\"https:\/\/wein-werte.com\/wp-content\/uploads\/2026\/04\/Chateau-de-Coulaine-Chateau-de-Coulaine-2023-750ml.png\" \/>\n\t<meta property=\"og:image:width\" content=\"320\" \/>\n\t<meta property=\"og:image:height\" content=\"1200\" \/>\n\t<meta property=\"og:image:type\" content=\"image\/png\" \/>\n<meta name=\"twitter:card\" content=\"summary_large_image\" \/>\n<meta name=\"twitter:label1\" content=\"Gesch\u00e4tzte Lesezeit\" \/>\n\t<meta name=\"twitter:data1\" content=\"1\u00a0Minute\" \/>\n<script type=\"application\/ld+json\" class=\"yoast-schema-graph\">{\"@context\":\"https:\\\/\\\/schema.org\",\"@graph\":[{\"@type\":\"WebPage\",\"@id\":\"https:\\\/\\\/wein-werte.com\\\/de\\\/produkt\\\/chateau-de-coulaine-chateau-de-coulaine-2023-750ml\\\/\",\"url\":\"https:\\\/\\\/wein-werte.com\\\/de\\\/produkt\\\/chateau-de-coulaine-chateau-de-coulaine-2023-750ml\\\/\",\"name\":\"Ch\u00e2teau de Coulaine Ch\u00e2teau de Coulaine 2023\",\"isPartOf\":{\"@id\":\"https:\\\/\\\/wein-werte.com\\\/de\\\/#website\"},\"primaryImageOfPage\":{\"@id\":\"https:\\\/\\\/wein-werte.com\\\/de\\\/produkt\\\/chateau-de-coulaine-chateau-de-coulaine-2023-750ml\\\/#primaryimage\"},\"image\":{\"@id\":\"https:\\\/\\\/wein-werte.com\\\/de\\\/produkt\\\/chateau-de-coulaine-chateau-de-coulaine-2023-750ml\\\/#primaryimage\"},\"thumbnailUrl\":\"https:\\\/\\\/wein-werte.com\\\/wp-content\\\/uploads\\\/2026\\\/04\\\/Chateau-de-Coulaine-Chateau-de-Coulaine-2023-750ml.png\",\"datePublished\":\"2026-05-08T18:00:27+00:00\",\"description\":\"Kaufe Ch\u00e2teau de Coulaine Ch\u00e2teau de Coulaine 2023 (Cabernet Franc, trocken aus Loire, Frankreich) bei Wein Werte, Ihrem nachhaltigen Onlineshop.\",\"breadcrumb\":{\"@id\":\"https:\\\/\\\/wein-werte.com\\\/de\\\/produkt\\\/chateau-de-coulaine-chateau-de-coulaine-2023-750ml\\\/#breadcrumb\"},\"inLanguage\":\"de\",\"potentialAction\":[{\"@type\":\"ReadAction\",\"target\":[\"https:\\\/\\\/wein-werte.com\\\/de\\\/produkt\\\/chateau-de-coulaine-chateau-de-coulaine-2023-750ml\\\/\"]}]},{\"@type\":\"ImageObject\",\"inLanguage\":\"de\",\"@id\":\"https:\\\/\\\/wein-werte.com\\\/de\\\/produkt\\\/chateau-de-coulaine-chateau-de-coulaine-2023-750ml\\\/#primaryimage\",\"url\":\"https:\\\/\\\/wein-werte.com\\\/wp-content\\\/uploads\\\/2026\\\/04\\\/Chateau-de-Coulaine-Chateau-de-Coulaine-2023-750ml.png\",\"contentUrl\":\"https:\\\/\\\/wein-werte.com\\\/wp-content\\\/uploads\\\/2026\\\/04\\\/Chateau-de-Coulaine-Chateau-de-Coulaine-2023-750ml.png\",\"width\":320,\"height\":1200,\"caption\":\"Ch\u00e2teau de Coulaine Ch\u00e2teau de Coulaine AOC 2023 750ml\"},{\"@type\":\"BreadcrumbList\",\"@id\":\"https:\\\/\\\/wein-werte.com\\\/de\\\/produkt\\\/chateau-de-coulaine-chateau-de-coulaine-2023-750ml\\\/#breadcrumb\",\"itemListElement\":[{\"@type\":\"ListItem\",\"position\":1,\"name\":\"Home\",\"item\":\"https:\\\/\\\/wein-werte.com\\\/de\\\/\"},{\"@type\":\"ListItem\",\"position\":2,\"name\":\"Shop\",\"item\":\"https:\\\/\\\/wein-werte.com\\\/de\\\/shop\\\/\"},{\"@type\":\"ListItem\",\"position\":3,\"name\":\"Ch\u00e2teau de Coulaine | Loire | Ch\u00e2teau de Coulaine AOC | 2023 | 750ml | bio\"}]},{\"@type\":\"WebSite\",\"@id\":\"https:\\\/\\\/wein-werte.com\\\/de\\\/#website\",\"url\":\"https:\\\/\\\/wein-werte.com\\\/de\\\/\",\"name\":\"Wein Werte\",\"description\":\"\",\"publisher\":{\"@id\":\"https:\\\/\\\/wein-werte.com\\\/de\\\/#organization\"},\"potentialAction\":[{\"@type\":\"SearchAction\",\"target\":{\"@type\":\"EntryPoint\",\"urlTemplate\":\"https:\\\/\\\/wein-werte.com\\\/de\\\/?s={search_term_string}\"},\"query-input\":{\"@type\":\"PropertyValueSpecification\",\"valueRequired\":true,\"valueName\":\"search_term_string\"}}],\"inLanguage\":\"de\"},{\"@type\":\"Organization\",\"@id\":\"https:\\\/\\\/wein-werte.com\\\/de\\\/#organization\",\"name\":\"Vins Fins Thorrold\",\"url\":\"https:\\\/\\\/wein-werte.com\\\/de\\\/\",\"logo\":{\"@type\":\"ImageObject\",\"inLanguage\":\"de\",\"@id\":\"https:\\\/\\\/wein-werte.com\\\/de\\\/#\\\/schema\\\/logo\\\/image\\\/\",\"url\":\"https:\\\/\\\/wein-werte.com\\\/wp-content\\\/uploads\\\/2023\\\/07\\\/Wein_werte_Logo700-1.png\",\"contentUrl\":\"https:\\\/\\\/wein-werte.com\\\/wp-content\\\/uploads\\\/2023\\\/07\\\/Wein_werte_Logo700-1.png\",\"width\":700,\"height\":272,\"caption\":\"Vins Fins Thorrold\"},\"image\":{\"@id\":\"https:\\\/\\\/wein-werte.com\\\/de\\\/#\\\/schema\\\/logo\\\/image\\\/\"}}]}<\/script>\n<!-- \/ Yoast SEO plugin. -->","yoast_head_json":{"title":"Ch\u00e2teau de Coulaine Ch\u00e2teau de Coulaine 2023","description":"Kaufe Ch\u00e2teau de Coulaine Ch\u00e2teau de Coulaine 2023 (Cabernet Franc, trocken aus Loire, Frankreich) bei Wein Werte, Ihrem nachhaltigen Onlineshop.","robots":{"index":"index","follow":"follow","max-snippet":"max-snippet:-1","max-image-preview":"max-image-preview:large","max-video-preview":"max-video-preview:-1"},"canonical":"https:\/\/wein-werte.com\/de\/produkt\/chateau-de-coulaine-chateau-de-coulaine-2023-750ml\/","og_locale":"de_DE","og_type":"article","og_title":"Ch\u00e2teau de Coulaine Ch\u00e2teau de Coulaine 2023","og_description":"Kaufe Ch\u00e2teau de Coulaine Ch\u00e2teau de Coulaine 2023 (Cabernet Franc, trocken aus Loire, Frankreich) bei Wein Werte, Ihrem nachhaltigen Onlineshop.","og_url":"https:\/\/wein-werte.com\/de\/produkt\/chateau-de-coulaine-chateau-de-coulaine-2023-750ml\/","og_site_name":"Wein Werte","og_image":[{"width":320,"height":1200,"url":"https:\/\/wein-werte.com\/wp-content\/uploads\/2026\/04\/Chateau-de-Coulaine-Chateau-de-Coulaine-2023-750ml.png","type":"image\/png"}],"twitter_card":"summary_large_image","twitter_misc":{"Gesch\u00e4tzte Lesezeit":"1\u00a0Minute"},"schema":{"@context":"https:\/\/schema.org","@graph":[{"@type":"WebPage","@id":"https:\/\/wein-werte.com\/de\/produkt\/chateau-de-coulaine-chateau-de-coulaine-2023-750ml\/","url":"https:\/\/wein-werte.com\/de\/produkt\/chateau-de-coulaine-chateau-de-coulaine-2023-750ml\/","name":"Ch\u00e2teau de Coulaine Ch\u00e2teau de Coulaine 2023","isPartOf":{"@id":"https:\/\/wein-werte.com\/de\/#website"},"primaryImageOfPage":{"@id":"https:\/\/wein-werte.com\/de\/produkt\/chateau-de-coulaine-chateau-de-coulaine-2023-750ml\/#primaryimage"},"image":{"@id":"https:\/\/wein-werte.com\/de\/produkt\/chateau-de-coulaine-chateau-de-coulaine-2023-750ml\/#primaryimage"},"thumbnailUrl":"https:\/\/wein-werte.com\/wp-content\/uploads\/2026\/04\/Chateau-de-Coulaine-Chateau-de-Coulaine-2023-750ml.png","datePublished":"2026-05-08T18:00:27+00:00","description":"Kaufe Ch\u00e2teau de Coulaine Ch\u00e2teau de Coulaine 2023 (Cabernet Franc, trocken aus Loire, Frankreich) bei Wein Werte, Ihrem nachhaltigen Onlineshop.","breadcrumb":{"@id":"https:\/\/wein-werte.com\/de\/produkt\/chateau-de-coulaine-chateau-de-coulaine-2023-750ml\/#breadcrumb"},"inLanguage":"de","potentialAction":[{"@type":"ReadAction","target":["https:\/\/wein-werte.com\/de\/produkt\/chateau-de-coulaine-chateau-de-coulaine-2023-750ml\/"]}]},{"@type":"ImageObject","inLanguage":"de","@id":"https:\/\/wein-werte.com\/de\/produkt\/chateau-de-coulaine-chateau-de-coulaine-2023-750ml\/#primaryimage","url":"https:\/\/wein-werte.com\/wp-content\/uploads\/2026\/04\/Chateau-de-Coulaine-Chateau-de-Coulaine-2023-750ml.png","contentUrl":"https:\/\/wein-werte.com\/wp-content\/uploads\/2026\/04\/Chateau-de-Coulaine-Chateau-de-Coulaine-2023-750ml.png","width":320,"height":1200,"caption":"Ch\u00e2teau de Coulaine Ch\u00e2teau de Coulaine AOC 2023 750ml"},{"@type":"BreadcrumbList","@id":"https:\/\/wein-werte.com\/de\/produkt\/chateau-de-coulaine-chateau-de-coulaine-2023-750ml\/#breadcrumb","itemListElement":[{"@type":"ListItem","position":1,"name":"Home","item":"https:\/\/wein-werte.com\/de\/"},{"@type":"ListItem","position":2,"name":"Shop","item":"https:\/\/wein-werte.com\/de\/shop\/"},{"@type":"ListItem","position":3,"name":"Ch\u00e2teau de Coulaine | Loire | Ch\u00e2teau de Coulaine AOC | 2023 | 750ml | bio"}]},{"@type":"WebSite","@id":"https:\/\/wein-werte.com\/de\/#website","url":"https:\/\/wein-werte.com\/de\/","name":"Wein Werte","description":"","publisher":{"@id":"https:\/\/wein-werte.com\/de\/#organization"},"potentialAction":[{"@type":"SearchAction","target":{"@type":"EntryPoint","urlTemplate":"https:\/\/wein-werte.com\/de\/?s={search_term_string}"},"query-input":{"@type":"PropertyValueSpecification","valueRequired":true,"valueName":"search_term_string"}}],"inLanguage":"de"},{"@type":"Organization","@id":"https:\/\/wein-werte.com\/de\/#organization","name":"Vins Fins Thorrold","url":"https:\/\/wein-werte.com\/de\/","logo":{"@type":"ImageObject","inLanguage":"de","@id":"https:\/\/wein-werte.com\/de\/#\/schema\/logo\/image\/","url":"https:\/\/wein-werte.com\/wp-content\/uploads\/2023\/07\/Wein_werte_Logo700-1.png","contentUrl":"https:\/\/wein-werte.com\/wp-content\/uploads\/2023\/07\/Wein_werte_Logo700-1.png","width":700,"height":272,"caption":"Vins Fins Thorrold"},"image":{"@id":"https:\/\/wein-werte.com\/de\/#\/schema\/logo\/image\/"}}]}},"_links":{"self":[{"href":"https:\/\/wein-werte.com\/de\/wp-json\/wp\/v2\/product\/1129097","targetHints":{"allow":["GET"]}}],"collection":[{"href":"https:\/\/wein-werte.com\/de\/wp-json\/wp\/v2\/product"}],"about":[{"href":"https:\/\/wein-werte.com\/de\/wp-json\/wp\/v2\/types\/product"}],"wp:featuredmedia":[{"embeddable":true,"href":"https:\/\/wein-werte.com\/de\/wp-json\/wp\/v2\/media\/1140578"}],"wp:attachment":[{"href":"https:\/\/wein-werte.com\/de\/wp-json\/wp\/v2\/media?parent=1129097"}],"wp:term":[{"taxonomy":"product_brand","embeddable":true,"href":"https:\/\/wein-werte.com\/de\/wp-json\/wp\/v2\/product_brand?post=1129097"},{"taxonomy":"product_cat","embeddable":true,"href":"https:\/\/wein-werte.com\/de\/wp-json\/wp\/v2\/product_cat?post=1129097"},{"taxonomy":"product_tag","embeddable":true,"href":"https:\/\/wein-werte.com\/de\/wp-json\/wp\/v2\/product_tag?post=1129097"}],"curies":[{"name":"wp","href":"https:\/\/api.w.org\/{rel}","templated":true}]}}