{"id":1128994,"date":"2026-05-08T20:00:23","date_gmt":"2026-05-08T18:00:23","guid":{"rendered":"https:\/\/wein-werte.com\/product\/vacheron-sancerre-blanc-le-paradis-2023-750ml\/"},"modified":"2026-04-27T11:43:34","modified_gmt":"2026-04-27T09:43:34","slug":"vacheron-sancerre-blanc-le-paradis-2023-750ml","status":"publish","type":"product","link":"https:\/\/wein-werte.com\/de\/produkt\/vacheron-sancerre-blanc-le-paradis-2023-750ml\/","title":{"rendered":"Vacheron | Loire | Sancerre blanc &#8220;Le Paradis&#8221; AOC | 2023 | 750ml | bio"},"content":{"rendered":"<p>Produktbeschreibung f\u00fcr Vacheron Sancerre blanc &#8220;Le Paradis&#8221; AOC 2023 (bio)<\/p>\n<h5>Info zum Wein<\/h5>\n<p> Steiler Hang mit s\u00fcdlicher Ausrichtung, der Ton und Kalkboden ist reich an \u201eCaillotte\u201c (kleinen Steinen) und Steinplatten. <\/p>\n<h5>Farbe<\/h5>\n<p> Funkelndes, helles Gelb Goldgelb mit deutlichen gr\u00fcnen Reflexen. \u00a0 <\/p>\n<h5>Nase<\/h5>\n<p> Der 2023 er Sancerre \u201cLe Paradis\u201d von Vacheron besticht geradezu mit seiner intensiven Aromatik. Limette, gr\u00fcner Apfel, etwas gr\u00fcne Stachelbeere, noch feste Mango und ein Hauch schwarze Johannisbeere. Sehr deutlich treten wilde Kr\u00e4uter, Brennnessel und etwas Estragon hinzu, eine feine Spur von frisch gemahlenem wei\u00dfem Pfeffer kitzelt die Nase. Ein Wein mit unglaublicher Pr\u00e4senz und animierender mineralischer Intensit\u00e4t, einfach wundersch\u00f6n animierend und belebend, bereits im Duft. <\/p>\n<h5>\u00a0<\/h5>\n<h5>Gaumen<\/h5>\n<p> Saftig, intensiv und mit viel Frucht ausgestattet, attackiert er positiv unseren Gaumen und h\u00fcllt uns ein. Kr\u00e4utrige und vegetabile Aromen treten auf der Zunge noch deutlicher hervor als in der Nase. Mit seiner W\u00fcrze und Kraft befindet sich hier ein Sancerre der Extraklasse im Glas, komplex, tiefgr\u00fcndig und mit echtem Lagerpotenzial, paradiesisch eben.<\/p>\n<p>Copyright Vinaturel 2025<\/p>\n<p>Keywords: <a href=\"https:\/\/wein-werte.com\/de\/shop\/?swoof=1&#038;pa_producer=Vacheron\">Vacheron<\/a> <a href=\"https:\/\/wein-werte.com\/de\/shop\/?swoof=1&#038;woof_text=Sancerre blanc \"Le Paradis\" AOC\">Sancerre blanc &#8220;Le Paradis&#8221; AOC<\/a> 2023 bio <a href=\"https:\/\/wein-werte.com\/de\/shop\/?swoof=1&#038;pa_region=Loire\">Loire<\/a> <a href=\"https:\/\/wein-werte.com\/de\/shop\/?swoof=1&#038;pa_country=Frankreich\">Frankreich<\/a><\/p>\n<h3>Vinous<\/h3>\n<p>Punkte: 89<\/p>\n<p>Der Le Paradis 2023 ist ein geschmeidiger Wein mit frischen Apfel- und Birnenaromen. Seine Konzentration ist f\u00fcr Vacheron-Verh\u00e4ltnisse eher gering. Obwohl ausgewogen, wirkt die S\u00e4ure sanft und die Textur kalkig. \u2013 Rebecca Gibb MW<br \/>Trinkzeitraum: 2024\u20132028<br \/>Testdatum: August 2024<\/p>\n","protected":false},"excerpt":{"rendered":"<p>Lieferzeit: 1 bis 2 Arbeitstage (DE), 2 bis 5 Arbeitstage (EU and CH)<\/p>\n","protected":false},"featured_media":1140502,"template":"","meta":[],"product_brand":[],"product_cat":[19],"product_tag":[],"class_list":{"0":"post-1128994","1":"product","2":"type-product","3":"status-publish","4":"has-post-thumbnail","6":"product_cat-unkategorisiert","7":"pa_alcohol-for-filter-12897","8":"pa_certified-biodynamic-ja-de","9":"pa_certified-organic-ja-de","10":"pa_colour-weiss","11":"pa_country-frankreich","12":"pa_grape-sauvignon-blanc","13":"pa_price-for-filter-10629","14":"pa_producer-vacheron","15":"pa_region-loire","16":"pa_size-ml-6584","17":"pa_sweetness-trocken-de","18":"pa_type-2-still-de","19":"pa_vinous-points-for-filter-20023","20":"pa_vintage-2023-de","21":"entry","22":"has-media","24":"first","25":"instock","26":"taxable","27":"shipping-taxable","28":"purchasable","29":"product-type-simple"},"yoast_head":"<!-- This site is optimized with the Yoast SEO plugin v27.5 - https:\/\/yoast.com\/product\/yoast-seo-wordpress\/ -->\n<title>Vacheron Sancerre blanc &quot;Le Paradis&quot; 2023<\/title>\n<meta name=\"description\" content=\"Kaufe Vacheron Sancerre blanc &quot;Le Paradis&quot; 2023 (Sauvignon Blanc, trocken aus Loire, Frankreich) bei Wein Werte, Ihrem nachhaltigen Onlineshop.\" \/>\n<meta name=\"robots\" content=\"index, follow, max-snippet:-1, max-image-preview:large, max-video-preview:-1\" \/>\n<link rel=\"canonical\" href=\"https:\/\/wein-werte.com\/de\/produkt\/vacheron-sancerre-blanc-le-paradis-2023-750ml\/\" \/>\n<meta property=\"og:locale\" content=\"de_DE\" \/>\n<meta property=\"og:type\" content=\"article\" \/>\n<meta property=\"og:title\" content=\"Vacheron Sancerre blanc &quot;Le Paradis&quot; 2023\" \/>\n<meta property=\"og:description\" content=\"Kaufe Vacheron Sancerre blanc &quot;Le Paradis&quot; 2023 (Sauvignon Blanc, trocken aus Loire, Frankreich) bei Wein Werte, Ihrem nachhaltigen Onlineshop.\" \/>\n<meta property=\"og:url\" content=\"https:\/\/wein-werte.com\/de\/produkt\/vacheron-sancerre-blanc-le-paradis-2023-750ml\/\" \/>\n<meta property=\"og:site_name\" content=\"Wein Werte\" \/>\n<meta property=\"og:image\" content=\"https:\/\/wein-werte.com\/wp-content\/uploads\/2026\/04\/Vacheron-Sancerre-blanc-Le-Paradis-2023-750ml.png\" \/>\n\t<meta property=\"og:image:width\" content=\"344\" \/>\n\t<meta property=\"og:image:height\" content=\"1200\" \/>\n\t<meta property=\"og:image:type\" content=\"image\/png\" \/>\n<meta name=\"twitter:card\" content=\"summary_large_image\" \/>\n<meta name=\"twitter:label1\" content=\"Gesch\u00e4tzte Lesezeit\" \/>\n\t<meta name=\"twitter:data1\" content=\"1\u00a0Minute\" \/>\n<script type=\"application\/ld+json\" class=\"yoast-schema-graph\">{\"@context\":\"https:\\\/\\\/schema.org\",\"@graph\":[{\"@type\":\"WebPage\",\"@id\":\"https:\\\/\\\/wein-werte.com\\\/de\\\/produkt\\\/vacheron-sancerre-blanc-le-paradis-2023-750ml\\\/\",\"url\":\"https:\\\/\\\/wein-werte.com\\\/de\\\/produkt\\\/vacheron-sancerre-blanc-le-paradis-2023-750ml\\\/\",\"name\":\"Vacheron Sancerre blanc \\\"Le Paradis\\\" 2023\",\"isPartOf\":{\"@id\":\"https:\\\/\\\/wein-werte.com\\\/de\\\/#website\"},\"primaryImageOfPage\":{\"@id\":\"https:\\\/\\\/wein-werte.com\\\/de\\\/produkt\\\/vacheron-sancerre-blanc-le-paradis-2023-750ml\\\/#primaryimage\"},\"image\":{\"@id\":\"https:\\\/\\\/wein-werte.com\\\/de\\\/produkt\\\/vacheron-sancerre-blanc-le-paradis-2023-750ml\\\/#primaryimage\"},\"thumbnailUrl\":\"https:\\\/\\\/wein-werte.com\\\/wp-content\\\/uploads\\\/2026\\\/04\\\/Vacheron-Sancerre-blanc-Le-Paradis-2023-750ml.png\",\"datePublished\":\"2026-05-08T18:00:23+00:00\",\"description\":\"Kaufe Vacheron Sancerre blanc \\\"Le Paradis\\\" 2023 (Sauvignon Blanc, trocken aus Loire, Frankreich) bei Wein Werte, Ihrem nachhaltigen Onlineshop.\",\"breadcrumb\":{\"@id\":\"https:\\\/\\\/wein-werte.com\\\/de\\\/produkt\\\/vacheron-sancerre-blanc-le-paradis-2023-750ml\\\/#breadcrumb\"},\"inLanguage\":\"de\",\"potentialAction\":[{\"@type\":\"ReadAction\",\"target\":[\"https:\\\/\\\/wein-werte.com\\\/de\\\/produkt\\\/vacheron-sancerre-blanc-le-paradis-2023-750ml\\\/\"]}]},{\"@type\":\"ImageObject\",\"inLanguage\":\"de\",\"@id\":\"https:\\\/\\\/wein-werte.com\\\/de\\\/produkt\\\/vacheron-sancerre-blanc-le-paradis-2023-750ml\\\/#primaryimage\",\"url\":\"https:\\\/\\\/wein-werte.com\\\/wp-content\\\/uploads\\\/2026\\\/04\\\/Vacheron-Sancerre-blanc-Le-Paradis-2023-750ml.png\",\"contentUrl\":\"https:\\\/\\\/wein-werte.com\\\/wp-content\\\/uploads\\\/2026\\\/04\\\/Vacheron-Sancerre-blanc-Le-Paradis-2023-750ml.png\",\"width\":344,\"height\":1200,\"caption\":\"Vacheron Sancerre blanc \\\"Le Paradis\\\" AOC 2023 750ml\"},{\"@type\":\"BreadcrumbList\",\"@id\":\"https:\\\/\\\/wein-werte.com\\\/de\\\/produkt\\\/vacheron-sancerre-blanc-le-paradis-2023-750ml\\\/#breadcrumb\",\"itemListElement\":[{\"@type\":\"ListItem\",\"position\":1,\"name\":\"Home\",\"item\":\"https:\\\/\\\/wein-werte.com\\\/de\\\/\"},{\"@type\":\"ListItem\",\"position\":2,\"name\":\"Shop\",\"item\":\"https:\\\/\\\/wein-werte.com\\\/de\\\/shop\\\/\"},{\"@type\":\"ListItem\",\"position\":3,\"name\":\"Vacheron | Loire | Sancerre blanc &#8220;Le Paradis&#8221; AOC | 2023 | 750ml | bio\"}]},{\"@type\":\"WebSite\",\"@id\":\"https:\\\/\\\/wein-werte.com\\\/de\\\/#website\",\"url\":\"https:\\\/\\\/wein-werte.com\\\/de\\\/\",\"name\":\"Wein Werte\",\"description\":\"\",\"publisher\":{\"@id\":\"https:\\\/\\\/wein-werte.com\\\/de\\\/#organization\"},\"potentialAction\":[{\"@type\":\"SearchAction\",\"target\":{\"@type\":\"EntryPoint\",\"urlTemplate\":\"https:\\\/\\\/wein-werte.com\\\/de\\\/?s={search_term_string}\"},\"query-input\":{\"@type\":\"PropertyValueSpecification\",\"valueRequired\":true,\"valueName\":\"search_term_string\"}}],\"inLanguage\":\"de\"},{\"@type\":\"Organization\",\"@id\":\"https:\\\/\\\/wein-werte.com\\\/de\\\/#organization\",\"name\":\"Vins Fins Thorrold\",\"url\":\"https:\\\/\\\/wein-werte.com\\\/de\\\/\",\"logo\":{\"@type\":\"ImageObject\",\"inLanguage\":\"de\",\"@id\":\"https:\\\/\\\/wein-werte.com\\\/de\\\/#\\\/schema\\\/logo\\\/image\\\/\",\"url\":\"https:\\\/\\\/wein-werte.com\\\/wp-content\\\/uploads\\\/2023\\\/07\\\/Wein_werte_Logo700-1.png\",\"contentUrl\":\"https:\\\/\\\/wein-werte.com\\\/wp-content\\\/uploads\\\/2023\\\/07\\\/Wein_werte_Logo700-1.png\",\"width\":700,\"height\":272,\"caption\":\"Vins Fins Thorrold\"},\"image\":{\"@id\":\"https:\\\/\\\/wein-werte.com\\\/de\\\/#\\\/schema\\\/logo\\\/image\\\/\"}}]}<\/script>\n<!-- \/ Yoast SEO plugin. -->","yoast_head_json":{"title":"Vacheron Sancerre blanc \"Le Paradis\" 2023","description":"Kaufe Vacheron Sancerre blanc \"Le Paradis\" 2023 (Sauvignon Blanc, trocken aus Loire, Frankreich) bei Wein Werte, Ihrem nachhaltigen Onlineshop.","robots":{"index":"index","follow":"follow","max-snippet":"max-snippet:-1","max-image-preview":"max-image-preview:large","max-video-preview":"max-video-preview:-1"},"canonical":"https:\/\/wein-werte.com\/de\/produkt\/vacheron-sancerre-blanc-le-paradis-2023-750ml\/","og_locale":"de_DE","og_type":"article","og_title":"Vacheron Sancerre blanc \"Le Paradis\" 2023","og_description":"Kaufe Vacheron Sancerre blanc \"Le Paradis\" 2023 (Sauvignon Blanc, trocken aus Loire, Frankreich) bei Wein Werte, Ihrem nachhaltigen Onlineshop.","og_url":"https:\/\/wein-werte.com\/de\/produkt\/vacheron-sancerre-blanc-le-paradis-2023-750ml\/","og_site_name":"Wein Werte","og_image":[{"width":344,"height":1200,"url":"https:\/\/wein-werte.com\/wp-content\/uploads\/2026\/04\/Vacheron-Sancerre-blanc-Le-Paradis-2023-750ml.png","type":"image\/png"}],"twitter_card":"summary_large_image","twitter_misc":{"Gesch\u00e4tzte Lesezeit":"1\u00a0Minute"},"schema":{"@context":"https:\/\/schema.org","@graph":[{"@type":"WebPage","@id":"https:\/\/wein-werte.com\/de\/produkt\/vacheron-sancerre-blanc-le-paradis-2023-750ml\/","url":"https:\/\/wein-werte.com\/de\/produkt\/vacheron-sancerre-blanc-le-paradis-2023-750ml\/","name":"Vacheron Sancerre blanc \"Le Paradis\" 2023","isPartOf":{"@id":"https:\/\/wein-werte.com\/de\/#website"},"primaryImageOfPage":{"@id":"https:\/\/wein-werte.com\/de\/produkt\/vacheron-sancerre-blanc-le-paradis-2023-750ml\/#primaryimage"},"image":{"@id":"https:\/\/wein-werte.com\/de\/produkt\/vacheron-sancerre-blanc-le-paradis-2023-750ml\/#primaryimage"},"thumbnailUrl":"https:\/\/wein-werte.com\/wp-content\/uploads\/2026\/04\/Vacheron-Sancerre-blanc-Le-Paradis-2023-750ml.png","datePublished":"2026-05-08T18:00:23+00:00","description":"Kaufe Vacheron Sancerre blanc \"Le Paradis\" 2023 (Sauvignon Blanc, trocken aus Loire, Frankreich) bei Wein Werte, Ihrem nachhaltigen Onlineshop.","breadcrumb":{"@id":"https:\/\/wein-werte.com\/de\/produkt\/vacheron-sancerre-blanc-le-paradis-2023-750ml\/#breadcrumb"},"inLanguage":"de","potentialAction":[{"@type":"ReadAction","target":["https:\/\/wein-werte.com\/de\/produkt\/vacheron-sancerre-blanc-le-paradis-2023-750ml\/"]}]},{"@type":"ImageObject","inLanguage":"de","@id":"https:\/\/wein-werte.com\/de\/produkt\/vacheron-sancerre-blanc-le-paradis-2023-750ml\/#primaryimage","url":"https:\/\/wein-werte.com\/wp-content\/uploads\/2026\/04\/Vacheron-Sancerre-blanc-Le-Paradis-2023-750ml.png","contentUrl":"https:\/\/wein-werte.com\/wp-content\/uploads\/2026\/04\/Vacheron-Sancerre-blanc-Le-Paradis-2023-750ml.png","width":344,"height":1200,"caption":"Vacheron Sancerre blanc \"Le Paradis\" AOC 2023 750ml"},{"@type":"BreadcrumbList","@id":"https:\/\/wein-werte.com\/de\/produkt\/vacheron-sancerre-blanc-le-paradis-2023-750ml\/#breadcrumb","itemListElement":[{"@type":"ListItem","position":1,"name":"Home","item":"https:\/\/wein-werte.com\/de\/"},{"@type":"ListItem","position":2,"name":"Shop","item":"https:\/\/wein-werte.com\/de\/shop\/"},{"@type":"ListItem","position":3,"name":"Vacheron | Loire | Sancerre blanc &#8220;Le Paradis&#8221; AOC | 2023 | 750ml | bio"}]},{"@type":"WebSite","@id":"https:\/\/wein-werte.com\/de\/#website","url":"https:\/\/wein-werte.com\/de\/","name":"Wein Werte","description":"","publisher":{"@id":"https:\/\/wein-werte.com\/de\/#organization"},"potentialAction":[{"@type":"SearchAction","target":{"@type":"EntryPoint","urlTemplate":"https:\/\/wein-werte.com\/de\/?s={search_term_string}"},"query-input":{"@type":"PropertyValueSpecification","valueRequired":true,"valueName":"search_term_string"}}],"inLanguage":"de"},{"@type":"Organization","@id":"https:\/\/wein-werte.com\/de\/#organization","name":"Vins Fins Thorrold","url":"https:\/\/wein-werte.com\/de\/","logo":{"@type":"ImageObject","inLanguage":"de","@id":"https:\/\/wein-werte.com\/de\/#\/schema\/logo\/image\/","url":"https:\/\/wein-werte.com\/wp-content\/uploads\/2023\/07\/Wein_werte_Logo700-1.png","contentUrl":"https:\/\/wein-werte.com\/wp-content\/uploads\/2023\/07\/Wein_werte_Logo700-1.png","width":700,"height":272,"caption":"Vins Fins Thorrold"},"image":{"@id":"https:\/\/wein-werte.com\/de\/#\/schema\/logo\/image\/"}}]}},"_links":{"self":[{"href":"https:\/\/wein-werte.com\/de\/wp-json\/wp\/v2\/product\/1128994","targetHints":{"allow":["GET"]}}],"collection":[{"href":"https:\/\/wein-werte.com\/de\/wp-json\/wp\/v2\/product"}],"about":[{"href":"https:\/\/wein-werte.com\/de\/wp-json\/wp\/v2\/types\/product"}],"wp:featuredmedia":[{"embeddable":true,"href":"https:\/\/wein-werte.com\/de\/wp-json\/wp\/v2\/media\/1140502"}],"wp:attachment":[{"href":"https:\/\/wein-werte.com\/de\/wp-json\/wp\/v2\/media?parent=1128994"}],"wp:term":[{"taxonomy":"product_brand","embeddable":true,"href":"https:\/\/wein-werte.com\/de\/wp-json\/wp\/v2\/product_brand?post=1128994"},{"taxonomy":"product_cat","embeddable":true,"href":"https:\/\/wein-werte.com\/de\/wp-json\/wp\/v2\/product_cat?post=1128994"},{"taxonomy":"product_tag","embeddable":true,"href":"https:\/\/wein-werte.com\/de\/wp-json\/wp\/v2\/product_tag?post=1128994"}],"curies":[{"name":"wp","href":"https:\/\/api.w.org\/{rel}","templated":true}]}}