{"id":1128884,"date":"2026-05-08T20:00:13","date_gmt":"2026-05-08T18:00:13","guid":{"rendered":"https:\/\/wein-werte.com\/product\/jerome-galeyrand-gevrey-chambertin-la-justice-2022-750ml\/"},"modified":"2026-04-27T11:43:24","modified_gmt":"2026-04-27T09:43:24","slug":"jerome-galeyrand-gevrey-chambertin-la-justice-2022-750ml","status":"publish","type":"product","link":"https:\/\/wein-werte.com\/de\/produkt\/jerome-galeyrand-gevrey-chambertin-la-justice-2022-750ml\/","title":{"rendered":"J\u00e9r\u00f4me Galeyrand | Burgund | Gevrey Chambertin &#8220;La Justice&#8221; AOP | 2022 | 750ml"},"content":{"rendered":"<p>Produktbeschreibung f\u00fcr J\u00e9r\u00f4me Galeyrand Gevrey Chambertin &#8220;La Justice&#8221; AOP 2022 <\/p>\n<p> J\u00e9r\u00f4me Galeyrand stammt von der Loire und ist Quereinsteiger. In den 1990ern kam er in die Region und arbeitete zun\u00e4chst bei Alain Burguet und Vincent Geantet, bis er 2001 seine erste Parzelle von 0,05 ha kaufen konnte. Heute bewirtschaftet er ca. 5,25 Hektar, wobei ihm die Genetik der Reben besonders am Herzen liegt. J\u00e9r\u00f4me Galeyrand arbeitet ohne technologische und \u00f6nologische Verfahren, verwendet keine industrielle Hefe, keinen Leim, keine Enzyme und nur soviel Suchwefel wie n\u00f6tig. F\u00fcr einen gro\u00dfen Wein herzustellen, muss man seiner Ansicht nach drei wesentliche Elemente vereinen: gro\u00dfes Terroir, die DNA der Rebe mit bemerkenswerten genetischen Erbe sowie einen Winzer, der all dies Ganze respektiert. Die Weinberge werden biologisch und biodynamisch bewirtschaftet, sie werden gepfl\u00fcgt, die Weinlese erfolgt von Hand und auch die Mondzyklen werden ber\u00fccksichtigt. Galeyrands Weinberge sind seit 2019 biologisch zertifiziert. <\/p>\n<h5>Farbe<\/h5>\n<p> Dunkles Granatrot. <\/p>\n<h5>Nase<\/h5>\n<p> Der 2022 Gevrey-Chambertin La Justice von J\u00e9r\u00f4me Galeyrand f\u00fchrt die Handschrift des Winzers nahtlos fort: Die Frucht ist immer offenherzig, dabei stets mit einer gewissen Transparenz, die eine gewisse Konzentration nicht ausschlie\u00dft. Die Frucht hat stets eine eigene Strahlkraft und wird von feinen Gew\u00fcrznoten wie S\u00fc\u00dfholz, Sternanis und Nelke unterlegt. Dazu kommen Kakao-Nibs und eine zitrische Frische, die an Mandarinenschalen erinnert. Die florale Kopfnote erinnert an violetten Flieder. Der Richard Gere unter den Ortsweinen. <\/p>\n<h5>Mund<\/h5>\n<p> Mit seidiger Textur ist er auch am Gaumen ein unfassbar sinnlicher Wein, geschliffen mit feiner, doch tiefgr\u00fcndiger Frucht und saftigem Extrakt. Die Phenolik konturiert ihn sanft am Zungensaum, kleinteilig und geschliffen wirken die Tannine fast wie feinstes Puder und verleihen ihm eine zus\u00e4tzliche S\u00fc\u00dfe. Kein Gramm Fett auf der H\u00fcfte, keine Ecken und Kanten im Schlund, sondern purer, polierter Hedonisten-Kraftstoff mit nonchalantem Nachhall.<\/p>\n<p>Copyright Vinaturel 2025<\/p>\n<p>Keywords: <a href=\"https:\/\/wein-werte.com\/de\/shop\/?swoof=1&#038;pa_producer=J\u00e9r\u00f4me-Galeyrand\">J\u00e9r\u00f4me Galeyrand<\/a> <a href=\"https:\/\/wein-werte.com\/de\/shop\/?swoof=1&#038;woof_text=Gevrey Chambertin \"La Justice\" AOP\">Gevrey Chambertin &#8220;La Justice&#8221; AOP<\/a> 2022  <a href=\"https:\/\/wein-werte.com\/de\/shop\/?swoof=1&#038;pa_region=Burgund\">Burgund<\/a> <a href=\"https:\/\/wein-werte.com\/de\/shop\/?swoof=1&#038;pa_country=Frankreich\">Frankreich<\/a><\/p>\n<h3>Wine Advocate<\/h3>\n<p>Punkte: 91<\/p>\n<p>Der Gevrey-Chambertin La Justice 2022 strotzt nur so vor Aromen von roten Beeren, Rosenbl\u00e4ttern, Blutorangenschale und Gew\u00fcrzen. Er ist mittel- bis vollmundig, fleischig und umh\u00fcllend, mit schmelzenden Tanninen und einem blumigen Abgang. Diese Parzelle, die 1950 auf den gut durchl\u00e4ssigen, sandigen B\u00f6den dieses Lieu-dit auf dem Schwemmf\u00e4cher von Gevrey gepflanzt wurde, bringt stets einen der extrovertiertesten Weine von Galeyrand hervor.<br \/>William Kelley<\/p>\n<h3>Vinous<\/h3>\n<p>Punkte: (88-90)<\/p>\n<p>Der Gevrey-Chambertin La Justice 2022 stammt von 1960 gepflanzten Reben. Er pr\u00e4sentiert dunkelblau-violette Fr\u00fcchte, Lavendel, Gew\u00fcrze, Lakritz und eine Spur von ganzer Traubenw\u00fcrze. Dieser mittelgewichtige, fleischige Gevrey hat viel zu bieten und ist angenehm herzhaft. \u2013 Antonio Galloni \u2013 Neal Martin<br \/>Trinkzeitraum: 2024\u20132032<br \/>Testdatum: Januar 2024<\/p>\n<p>Internetseite des Weinguts: <a href=\"https:\/\/www.jerome-galeyrand.fr\/\" target=\"_blank\">https:\/\/www.jerome-galeyrand.fr\/<\/a><\/p>\n","protected":false},"excerpt":{"rendered":"<p>Lieferzeit: 1 bis 2 Arbeitstage (DE), 2 bis 5 Arbeitstage (EU and CH)<\/p>\n","protected":false},"featured_media":1140416,"template":"","meta":[],"product_brand":[],"product_cat":[19],"product_tag":[],"class_list":{"0":"post-1128884","1":"product","2":"type-product","3":"status-publish","4":"has-post-thumbnail","6":"product_cat-unkategorisiert","7":"pa_alcohol-for-filter-12897","8":"pa_certified-biodynamic-nein-de","9":"pa_certified-organic-nein-de","10":"pa_colour-rot","11":"pa_country-frankreich","12":"pa_grape-pinot-noir-spatburgunder","13":"pa_parker-points-for-filter-91-de-2","14":"pa_price-for-filter-10667","15":"pa_producer-jerome-galeyrand","16":"pa_region-burgund","17":"pa_size-ml-6584","18":"pa_sweetness-trocken-de","19":"pa_type-2-still-de","20":"pa_vinous-points-for-filter-20021","21":"pa_vintage-2022-de","22":"entry","23":"has-media","25":"first","26":"instock","27":"taxable","28":"shipping-taxable","29":"purchasable","30":"product-type-simple"},"yoast_head":"<!-- This site is optimized with the Yoast SEO plugin v27.5 - https:\/\/yoast.com\/product\/yoast-seo-wordpress\/ -->\n<title>J\u00e9r\u00f4me Galeyrand Gevrey Chambertin &quot;La Justice&quot; 2022<\/title>\n<meta name=\"description\" content=\"Kaufe J\u00e9r\u00f4me Galeyrand Gevrey Chambertin &quot;La Justice&quot; 2022 (Pinot Noir, trocken aus Burgund, Frankreich) bei Wein Werte, Ihrem nachhaltigen Onlineshop.\" \/>\n<meta name=\"robots\" content=\"index, follow, max-snippet:-1, max-image-preview:large, max-video-preview:-1\" \/>\n<link rel=\"canonical\" href=\"https:\/\/wein-werte.com\/de\/produkt\/jerome-galeyrand-gevrey-chambertin-la-justice-2022-750ml\/\" \/>\n<meta property=\"og:locale\" content=\"de_DE\" \/>\n<meta property=\"og:type\" content=\"article\" \/>\n<meta property=\"og:title\" content=\"J\u00e9r\u00f4me Galeyrand Gevrey Chambertin &quot;La Justice&quot; 2022\" \/>\n<meta property=\"og:description\" content=\"Kaufe J\u00e9r\u00f4me Galeyrand Gevrey Chambertin &quot;La Justice&quot; 2022 (Pinot Noir, trocken aus Burgund, Frankreich) bei Wein Werte, Ihrem nachhaltigen Onlineshop.\" \/>\n<meta property=\"og:url\" content=\"https:\/\/wein-werte.com\/de\/produkt\/jerome-galeyrand-gevrey-chambertin-la-justice-2022-750ml\/\" \/>\n<meta property=\"og:site_name\" content=\"Wein Werte\" \/>\n<meta property=\"og:image\" content=\"https:\/\/wein-werte.com\/wp-content\/uploads\/2026\/04\/Jerome-Galeyrand-Gevrey-Chambertin-La-Justice-2022-750ml.png\" \/>\n\t<meta property=\"og:image:width\" content=\"327\" \/>\n\t<meta property=\"og:image:height\" content=\"1200\" \/>\n\t<meta property=\"og:image:type\" content=\"image\/png\" \/>\n<meta name=\"twitter:card\" content=\"summary_large_image\" \/>\n<meta name=\"twitter:label1\" content=\"Gesch\u00e4tzte Lesezeit\" \/>\n\t<meta name=\"twitter:data1\" content=\"2\u00a0Minuten\" \/>\n<script type=\"application\/ld+json\" class=\"yoast-schema-graph\">{\"@context\":\"https:\\\/\\\/schema.org\",\"@graph\":[{\"@type\":\"WebPage\",\"@id\":\"https:\\\/\\\/wein-werte.com\\\/de\\\/produkt\\\/jerome-galeyrand-gevrey-chambertin-la-justice-2022-750ml\\\/\",\"url\":\"https:\\\/\\\/wein-werte.com\\\/de\\\/produkt\\\/jerome-galeyrand-gevrey-chambertin-la-justice-2022-750ml\\\/\",\"name\":\"J\u00e9r\u00f4me Galeyrand Gevrey Chambertin \\\"La Justice\\\" 2022\",\"isPartOf\":{\"@id\":\"https:\\\/\\\/wein-werte.com\\\/de\\\/#website\"},\"primaryImageOfPage\":{\"@id\":\"https:\\\/\\\/wein-werte.com\\\/de\\\/produkt\\\/jerome-galeyrand-gevrey-chambertin-la-justice-2022-750ml\\\/#primaryimage\"},\"image\":{\"@id\":\"https:\\\/\\\/wein-werte.com\\\/de\\\/produkt\\\/jerome-galeyrand-gevrey-chambertin-la-justice-2022-750ml\\\/#primaryimage\"},\"thumbnailUrl\":\"https:\\\/\\\/wein-werte.com\\\/wp-content\\\/uploads\\\/2026\\\/04\\\/Jerome-Galeyrand-Gevrey-Chambertin-La-Justice-2022-750ml.png\",\"datePublished\":\"2026-05-08T18:00:13+00:00\",\"description\":\"Kaufe J\u00e9r\u00f4me Galeyrand Gevrey Chambertin \\\"La Justice\\\" 2022 (Pinot Noir, trocken aus Burgund, Frankreich) bei Wein Werte, Ihrem nachhaltigen Onlineshop.\",\"breadcrumb\":{\"@id\":\"https:\\\/\\\/wein-werte.com\\\/de\\\/produkt\\\/jerome-galeyrand-gevrey-chambertin-la-justice-2022-750ml\\\/#breadcrumb\"},\"inLanguage\":\"de\",\"potentialAction\":[{\"@type\":\"ReadAction\",\"target\":[\"https:\\\/\\\/wein-werte.com\\\/de\\\/produkt\\\/jerome-galeyrand-gevrey-chambertin-la-justice-2022-750ml\\\/\"]}]},{\"@type\":\"ImageObject\",\"inLanguage\":\"de\",\"@id\":\"https:\\\/\\\/wein-werte.com\\\/de\\\/produkt\\\/jerome-galeyrand-gevrey-chambertin-la-justice-2022-750ml\\\/#primaryimage\",\"url\":\"https:\\\/\\\/wein-werte.com\\\/wp-content\\\/uploads\\\/2026\\\/04\\\/Jerome-Galeyrand-Gevrey-Chambertin-La-Justice-2022-750ml.png\",\"contentUrl\":\"https:\\\/\\\/wein-werte.com\\\/wp-content\\\/uploads\\\/2026\\\/04\\\/Jerome-Galeyrand-Gevrey-Chambertin-La-Justice-2022-750ml.png\",\"width\":327,\"height\":1200,\"caption\":\"J\u00e9r\u00f4me Galeyrand Gevrey Chambertin \\\"La Justice\\\" AOP 2022 750ml\"},{\"@type\":\"BreadcrumbList\",\"@id\":\"https:\\\/\\\/wein-werte.com\\\/de\\\/produkt\\\/jerome-galeyrand-gevrey-chambertin-la-justice-2022-750ml\\\/#breadcrumb\",\"itemListElement\":[{\"@type\":\"ListItem\",\"position\":1,\"name\":\"Home\",\"item\":\"https:\\\/\\\/wein-werte.com\\\/de\\\/\"},{\"@type\":\"ListItem\",\"position\":2,\"name\":\"Shop\",\"item\":\"https:\\\/\\\/wein-werte.com\\\/de\\\/shop\\\/\"},{\"@type\":\"ListItem\",\"position\":3,\"name\":\"J\u00e9r\u00f4me Galeyrand | Burgund | Gevrey Chambertin &#8220;La Justice&#8221; AOP | 2022 | 750ml\"}]},{\"@type\":\"WebSite\",\"@id\":\"https:\\\/\\\/wein-werte.com\\\/de\\\/#website\",\"url\":\"https:\\\/\\\/wein-werte.com\\\/de\\\/\",\"name\":\"Wein Werte\",\"description\":\"\",\"publisher\":{\"@id\":\"https:\\\/\\\/wein-werte.com\\\/de\\\/#organization\"},\"potentialAction\":[{\"@type\":\"SearchAction\",\"target\":{\"@type\":\"EntryPoint\",\"urlTemplate\":\"https:\\\/\\\/wein-werte.com\\\/de\\\/?s={search_term_string}\"},\"query-input\":{\"@type\":\"PropertyValueSpecification\",\"valueRequired\":true,\"valueName\":\"search_term_string\"}}],\"inLanguage\":\"de\"},{\"@type\":\"Organization\",\"@id\":\"https:\\\/\\\/wein-werte.com\\\/de\\\/#organization\",\"name\":\"Vins Fins Thorrold\",\"url\":\"https:\\\/\\\/wein-werte.com\\\/de\\\/\",\"logo\":{\"@type\":\"ImageObject\",\"inLanguage\":\"de\",\"@id\":\"https:\\\/\\\/wein-werte.com\\\/de\\\/#\\\/schema\\\/logo\\\/image\\\/\",\"url\":\"https:\\\/\\\/wein-werte.com\\\/wp-content\\\/uploads\\\/2023\\\/07\\\/Wein_werte_Logo700-1.png\",\"contentUrl\":\"https:\\\/\\\/wein-werte.com\\\/wp-content\\\/uploads\\\/2023\\\/07\\\/Wein_werte_Logo700-1.png\",\"width\":700,\"height\":272,\"caption\":\"Vins Fins Thorrold\"},\"image\":{\"@id\":\"https:\\\/\\\/wein-werte.com\\\/de\\\/#\\\/schema\\\/logo\\\/image\\\/\"}}]}<\/script>\n<!-- \/ Yoast SEO plugin. -->","yoast_head_json":{"title":"J\u00e9r\u00f4me Galeyrand Gevrey Chambertin \"La Justice\" 2022","description":"Kaufe J\u00e9r\u00f4me Galeyrand Gevrey Chambertin \"La Justice\" 2022 (Pinot Noir, trocken aus Burgund, Frankreich) bei Wein Werte, Ihrem nachhaltigen Onlineshop.","robots":{"index":"index","follow":"follow","max-snippet":"max-snippet:-1","max-image-preview":"max-image-preview:large","max-video-preview":"max-video-preview:-1"},"canonical":"https:\/\/wein-werte.com\/de\/produkt\/jerome-galeyrand-gevrey-chambertin-la-justice-2022-750ml\/","og_locale":"de_DE","og_type":"article","og_title":"J\u00e9r\u00f4me Galeyrand Gevrey Chambertin \"La Justice\" 2022","og_description":"Kaufe J\u00e9r\u00f4me Galeyrand Gevrey Chambertin \"La Justice\" 2022 (Pinot Noir, trocken aus Burgund, Frankreich) bei Wein Werte, Ihrem nachhaltigen Onlineshop.","og_url":"https:\/\/wein-werte.com\/de\/produkt\/jerome-galeyrand-gevrey-chambertin-la-justice-2022-750ml\/","og_site_name":"Wein Werte","og_image":[{"width":327,"height":1200,"url":"https:\/\/wein-werte.com\/wp-content\/uploads\/2026\/04\/Jerome-Galeyrand-Gevrey-Chambertin-La-Justice-2022-750ml.png","type":"image\/png"}],"twitter_card":"summary_large_image","twitter_misc":{"Gesch\u00e4tzte Lesezeit":"2\u00a0Minuten"},"schema":{"@context":"https:\/\/schema.org","@graph":[{"@type":"WebPage","@id":"https:\/\/wein-werte.com\/de\/produkt\/jerome-galeyrand-gevrey-chambertin-la-justice-2022-750ml\/","url":"https:\/\/wein-werte.com\/de\/produkt\/jerome-galeyrand-gevrey-chambertin-la-justice-2022-750ml\/","name":"J\u00e9r\u00f4me Galeyrand Gevrey Chambertin \"La Justice\" 2022","isPartOf":{"@id":"https:\/\/wein-werte.com\/de\/#website"},"primaryImageOfPage":{"@id":"https:\/\/wein-werte.com\/de\/produkt\/jerome-galeyrand-gevrey-chambertin-la-justice-2022-750ml\/#primaryimage"},"image":{"@id":"https:\/\/wein-werte.com\/de\/produkt\/jerome-galeyrand-gevrey-chambertin-la-justice-2022-750ml\/#primaryimage"},"thumbnailUrl":"https:\/\/wein-werte.com\/wp-content\/uploads\/2026\/04\/Jerome-Galeyrand-Gevrey-Chambertin-La-Justice-2022-750ml.png","datePublished":"2026-05-08T18:00:13+00:00","description":"Kaufe J\u00e9r\u00f4me Galeyrand Gevrey Chambertin \"La Justice\" 2022 (Pinot Noir, trocken aus Burgund, Frankreich) bei Wein Werte, Ihrem nachhaltigen Onlineshop.","breadcrumb":{"@id":"https:\/\/wein-werte.com\/de\/produkt\/jerome-galeyrand-gevrey-chambertin-la-justice-2022-750ml\/#breadcrumb"},"inLanguage":"de","potentialAction":[{"@type":"ReadAction","target":["https:\/\/wein-werte.com\/de\/produkt\/jerome-galeyrand-gevrey-chambertin-la-justice-2022-750ml\/"]}]},{"@type":"ImageObject","inLanguage":"de","@id":"https:\/\/wein-werte.com\/de\/produkt\/jerome-galeyrand-gevrey-chambertin-la-justice-2022-750ml\/#primaryimage","url":"https:\/\/wein-werte.com\/wp-content\/uploads\/2026\/04\/Jerome-Galeyrand-Gevrey-Chambertin-La-Justice-2022-750ml.png","contentUrl":"https:\/\/wein-werte.com\/wp-content\/uploads\/2026\/04\/Jerome-Galeyrand-Gevrey-Chambertin-La-Justice-2022-750ml.png","width":327,"height":1200,"caption":"J\u00e9r\u00f4me Galeyrand Gevrey Chambertin \"La Justice\" AOP 2022 750ml"},{"@type":"BreadcrumbList","@id":"https:\/\/wein-werte.com\/de\/produkt\/jerome-galeyrand-gevrey-chambertin-la-justice-2022-750ml\/#breadcrumb","itemListElement":[{"@type":"ListItem","position":1,"name":"Home","item":"https:\/\/wein-werte.com\/de\/"},{"@type":"ListItem","position":2,"name":"Shop","item":"https:\/\/wein-werte.com\/de\/shop\/"},{"@type":"ListItem","position":3,"name":"J\u00e9r\u00f4me Galeyrand | Burgund | Gevrey Chambertin &#8220;La Justice&#8221; AOP | 2022 | 750ml"}]},{"@type":"WebSite","@id":"https:\/\/wein-werte.com\/de\/#website","url":"https:\/\/wein-werte.com\/de\/","name":"Wein Werte","description":"","publisher":{"@id":"https:\/\/wein-werte.com\/de\/#organization"},"potentialAction":[{"@type":"SearchAction","target":{"@type":"EntryPoint","urlTemplate":"https:\/\/wein-werte.com\/de\/?s={search_term_string}"},"query-input":{"@type":"PropertyValueSpecification","valueRequired":true,"valueName":"search_term_string"}}],"inLanguage":"de"},{"@type":"Organization","@id":"https:\/\/wein-werte.com\/de\/#organization","name":"Vins Fins Thorrold","url":"https:\/\/wein-werte.com\/de\/","logo":{"@type":"ImageObject","inLanguage":"de","@id":"https:\/\/wein-werte.com\/de\/#\/schema\/logo\/image\/","url":"https:\/\/wein-werte.com\/wp-content\/uploads\/2023\/07\/Wein_werte_Logo700-1.png","contentUrl":"https:\/\/wein-werte.com\/wp-content\/uploads\/2023\/07\/Wein_werte_Logo700-1.png","width":700,"height":272,"caption":"Vins Fins Thorrold"},"image":{"@id":"https:\/\/wein-werte.com\/de\/#\/schema\/logo\/image\/"}}]}},"_links":{"self":[{"href":"https:\/\/wein-werte.com\/de\/wp-json\/wp\/v2\/product\/1128884","targetHints":{"allow":["GET"]}}],"collection":[{"href":"https:\/\/wein-werte.com\/de\/wp-json\/wp\/v2\/product"}],"about":[{"href":"https:\/\/wein-werte.com\/de\/wp-json\/wp\/v2\/types\/product"}],"wp:featuredmedia":[{"embeddable":true,"href":"https:\/\/wein-werte.com\/de\/wp-json\/wp\/v2\/media\/1140416"}],"wp:attachment":[{"href":"https:\/\/wein-werte.com\/de\/wp-json\/wp\/v2\/media?parent=1128884"}],"wp:term":[{"taxonomy":"product_brand","embeddable":true,"href":"https:\/\/wein-werte.com\/de\/wp-json\/wp\/v2\/product_brand?post=1128884"},{"taxonomy":"product_cat","embeddable":true,"href":"https:\/\/wein-werte.com\/de\/wp-json\/wp\/v2\/product_cat?post=1128884"},{"taxonomy":"product_tag","embeddable":true,"href":"https:\/\/wein-werte.com\/de\/wp-json\/wp\/v2\/product_tag?post=1128884"}],"curies":[{"name":"wp","href":"https:\/\/api.w.org\/{rel}","templated":true}]}}