{"id":1128869,"date":"2026-05-05T18:15:26","date_gmt":"2026-05-05T16:15:26","guid":{"rendered":"https:\/\/wein-werte.com\/product\/jerome-galeyrand-bourgogne-pinot-noir-antonin-2022-750ml\/"},"modified":"2026-04-27T11:43:22","modified_gmt":"2026-04-27T09:43:22","slug":"jerome-galeyrand-bourgogne-pinot-noir-antonin-2022-750ml","status":"publish","type":"product","link":"https:\/\/wein-werte.com\/de\/produkt\/jerome-galeyrand-bourgogne-pinot-noir-antonin-2022-750ml\/","title":{"rendered":"J\u00e9r\u00f4me Galeyrand | Burgund | Bourgogne Pinot Noir &#8220;Antonin&#8221; AOP | 2022 | 750ml"},"content":{"rendered":"<p>Produktbeschreibung f\u00fcr J\u00e9r\u00f4me Galeyrand Bourgogne Pinot Noir &#8220;Antonin&#8221; AOP 2022 <\/p>\n<p> J\u00e9r\u00f4me Galeyrand geh\u00f6rt zu den Quereinsteigern im Burgund. Er stammt von der Loire und hat erst in den 1990ern seinen Weg ins Burgund gefunden. Nach einigen Jahren Mitarbeit in den Weing\u00fctern von Alain Burguet und Vincent Geantet hat J\u00e9r\u00f4me im Jahr 2001 seine erste Parzelle von 0,05 ha erworben. Inzwischen sind es 5,25 Hektor geworden. Er besitzt keine Cru-Lagen, doch seine Ortslagen sind von bester Qualit\u00e4t, vor allem was die Genetik der Reben angeht, auf die er besonderen Wert legt. Galeyrands Weinberge sind seit 2019 biologisch zertifiziert. Er betreibt intensiv Weinbergsarbeit, um im Keller dann sehr reduziert arbeiten zu k\u00f6nnen. Sein Ziel ist es, stilistisch so fein und transparent wie m\u00f6glich zu werden. Tats\u00e4chlich erzeugt er Weine, die seinem ruhigen Wesen entsprechen. Es sind leise, aber nachhaltig beeindruckende, duftige, verf\u00fchrerische Rotweine und pr\u00e4zise, n\u00fcchterne und klare Wei\u00dfweine mit hohem Trinkfluss. J\u00e9r\u00f4me Galeyrand stammt von der Loire und ist Quereinsteiger. In den 1990ern kam er in die Region und arbeitete zun\u00e4chst bei Alain Burguet und Vincent Geantet, bis er 2001 seine erste Parzelle von 0,05 ha kaufen konnte. Heute bewirtschaftet er ca. 5,25 Hektar, wobei ihm die Genetik der Reben besonders am Herzen liegt. J\u00e9r\u00f4me Galeyrand arbeitet ohne technologische und \u00f6nologische Verfahren, verwendet keine industrielle Hefe, keinen Leim, keine Enzyme und nur soviel Suchwefel wie n\u00f6tig. F\u00fcr einen gro\u00dfen Wein herzustellen, muss man seiner Ansicht nach drei wesentliche Elemente vereinen: gro\u00dfes Terroir, die DNA der Rebe mit bemerkenswerten genetischen Erbe sowie einen Winzer, der all dies Ganze respektiert. Die Weinberge werden biologisch und biodynamisch bewirtschaftet, sie werden gepfl\u00fcgt, die Weinlese erfolgt von Hand und auch die Mondzyklen werden ber\u00fccksichtigt. Galeyrands Weinberge sind seit 2019 biologisch zertifiziert. <\/p>\n<h5>Farbe<\/h5>\n<p> Dunkles Rubinrot, leuchtend und klar. <\/p>\n<h5>Nase<\/h5>\n<p> Die Nase des Bourgogne Pinot Noir Antonin von J\u00e9r\u00f4me Galeyrand birst fast vor der Last der vollreifen dunklen Frucht: K\u00f6rbeweise Amarenakirschen, Maulbeeren und Holunderbeeren f\u00fcllen den Bastkorb. Im Obertonbereich bereichern dunkle Schokonoten sowie leicht gewaschene Kaffeebohnen die Sinfonie. Freudvoll fruchtig mit funkelnder Tiefe und leicht rauchiger Stimme f\u00e4llt es ihm nicht schwer, den Kelch hochfrequent nachschenken zu lassen. <\/p>\n<h5>Mund<\/h5>\n<p> Super saftig flie\u00dft er \u00fcber den Gaumen, das Motto glockenklar: Volle Frucht voraus bei maximalem Trinkvergn\u00fcgen. Reif und tiefgr\u00fcndig spiegeln sich die Fr\u00fcchte der Nase in rubinrotem Schimmer wider, begleitet von samtigen Gerbstoffen am Zungensaum. Die reife S\u00e4ure spannt sich vom Antrunk bis ins fruchtfreudige Finish. Das ist enorm viel Burgund f\u00fcr schmales Budget. <\/p>\n<p>Copyright Vinaturel 2025<\/p>\n<p>Keywords: <a href=\"https:\/\/wein-werte.com\/de\/shop\/?swoof=1&#038;pa_producer=J\u00e9r\u00f4me-Galeyrand\">J\u00e9r\u00f4me Galeyrand<\/a> <a href=\"https:\/\/wein-werte.com\/de\/shop\/?swoof=1&#038;woof_text=Bourgogne Pinot Noir \"Antonin\" AOP\">Bourgogne Pinot Noir &#8220;Antonin&#8221; AOP<\/a> 2022  <a href=\"https:\/\/wein-werte.com\/de\/shop\/?swoof=1&#038;pa_region=Burgund\">Burgund<\/a> <a href=\"https:\/\/wein-werte.com\/de\/shop\/?swoof=1&#038;pa_country=Frankreich\">Frankreich<\/a><\/p>\n<h3>Wine Advocate<\/h3>\n<p>Punkte: 88<\/p>\n<p>Galeyrands Bourgogne Pinot Noir Antonin 2022 ist eine Cuv\u00e9e mit Fr\u00fcchten aus der Gemeinde Pommard und bietet Aromen von Pflaumen, Bl\u00fctenbl\u00e4ttern und Gew\u00fcrzen, gefolgt von einem mittelkr\u00e4ftigen, f\u00fclligen und fleischigen Geschmack, der lebhaft und k\u00f6stlich ist.<br \/>William Kelley<\/p>\n<p>Internetseite des Weinguts: <a href=\"https:\/\/www.jerome-galeyrand.fr\/\" target=\"_blank\">https:\/\/www.jerome-galeyrand.fr\/<\/a><\/p>\n","protected":false},"excerpt":{"rendered":"<p>Lieferzeit: 1 bis 2 Arbeitstage (DE), 2 bis 5 Arbeitstage (EU and CH)<\/p>\n","protected":false},"featured_media":1140404,"template":"","meta":[],"product_brand":[],"product_cat":[19],"product_tag":[],"class_list":{"0":"post-1128869","1":"product","2":"type-product","3":"status-publish","4":"has-post-thumbnail","6":"product_cat-unkategorisiert","7":"pa_alcohol-for-filter-12897","8":"pa_certified-biodynamic-nein-de","9":"pa_certified-organic-nein-de","10":"pa_colour-rot","11":"pa_country-frankreich","12":"pa_grape-pinot-noir-spatburgunder","13":"pa_parker-points-for-filter-88-de-2","14":"pa_price-for-filter-10564","15":"pa_producer-jerome-galeyrand","16":"pa_region-burgund","17":"pa_size-ml-6584","18":"pa_sweetness-trocken-de","19":"pa_type-2-still-de","20":"pa_vintage-2022-de","21":"entry","22":"has-media","24":"first","25":"instock","26":"taxable","27":"shipping-taxable","28":"purchasable","29":"product-type-simple"},"yoast_head":"<!-- This site is optimized with the Yoast SEO plugin v27.5 - https:\/\/yoast.com\/product\/yoast-seo-wordpress\/ -->\n<title>J\u00e9r\u00f4me Galeyrand Bourgogne Pinot Noir &quot;Antonin&quot; 2022<\/title>\n<meta name=\"description\" content=\"Kaufe J\u00e9r\u00f4me Galeyrand Bourgogne Pinot Noir &quot;Antonin&quot; 2022 (Pinot Noir, trocken aus Burgund, Frankreich) bei Wein Werte, Ihrem nachhaltigen Onlineshop.\" \/>\n<meta name=\"robots\" content=\"index, follow, max-snippet:-1, max-image-preview:large, max-video-preview:-1\" \/>\n<link rel=\"canonical\" href=\"https:\/\/wein-werte.com\/de\/produkt\/jerome-galeyrand-bourgogne-pinot-noir-antonin-2022-750ml\/\" \/>\n<meta property=\"og:locale\" content=\"de_DE\" \/>\n<meta property=\"og:type\" content=\"article\" \/>\n<meta property=\"og:title\" content=\"J\u00e9r\u00f4me Galeyrand Bourgogne Pinot Noir &quot;Antonin&quot; 2022\" \/>\n<meta property=\"og:description\" content=\"Kaufe J\u00e9r\u00f4me Galeyrand Bourgogne Pinot Noir &quot;Antonin&quot; 2022 (Pinot Noir, trocken aus Burgund, Frankreich) bei Wein Werte, Ihrem nachhaltigen Onlineshop.\" \/>\n<meta property=\"og:url\" content=\"https:\/\/wein-werte.com\/de\/produkt\/jerome-galeyrand-bourgogne-pinot-noir-antonin-2022-750ml\/\" \/>\n<meta property=\"og:site_name\" content=\"Wein Werte\" \/>\n<meta property=\"og:image\" content=\"https:\/\/wein-werte.com\/wp-content\/uploads\/2026\/04\/Jerome-Galeyrand-Bourgogne-Pinot-Noir-Antonin-2022-750ml.png\" \/>\n\t<meta property=\"og:image:width\" content=\"324\" \/>\n\t<meta property=\"og:image:height\" content=\"1200\" \/>\n\t<meta property=\"og:image:type\" content=\"image\/png\" \/>\n<meta name=\"twitter:card\" content=\"summary_large_image\" \/>\n<meta name=\"twitter:label1\" content=\"Gesch\u00e4tzte Lesezeit\" \/>\n\t<meta name=\"twitter:data1\" content=\"3\u00a0Minuten\" \/>\n<script type=\"application\/ld+json\" class=\"yoast-schema-graph\">{\"@context\":\"https:\\\/\\\/schema.org\",\"@graph\":[{\"@type\":\"WebPage\",\"@id\":\"https:\\\/\\\/wein-werte.com\\\/de\\\/produkt\\\/jerome-galeyrand-bourgogne-pinot-noir-antonin-2022-750ml\\\/\",\"url\":\"https:\\\/\\\/wein-werte.com\\\/de\\\/produkt\\\/jerome-galeyrand-bourgogne-pinot-noir-antonin-2022-750ml\\\/\",\"name\":\"J\u00e9r\u00f4me Galeyrand Bourgogne Pinot Noir \\\"Antonin\\\" 2022\",\"isPartOf\":{\"@id\":\"https:\\\/\\\/wein-werte.com\\\/de\\\/#website\"},\"primaryImageOfPage\":{\"@id\":\"https:\\\/\\\/wein-werte.com\\\/de\\\/produkt\\\/jerome-galeyrand-bourgogne-pinot-noir-antonin-2022-750ml\\\/#primaryimage\"},\"image\":{\"@id\":\"https:\\\/\\\/wein-werte.com\\\/de\\\/produkt\\\/jerome-galeyrand-bourgogne-pinot-noir-antonin-2022-750ml\\\/#primaryimage\"},\"thumbnailUrl\":\"https:\\\/\\\/wein-werte.com\\\/wp-content\\\/uploads\\\/2026\\\/04\\\/Jerome-Galeyrand-Bourgogne-Pinot-Noir-Antonin-2022-750ml.png\",\"datePublished\":\"2026-05-05T16:15:26+00:00\",\"description\":\"Kaufe J\u00e9r\u00f4me Galeyrand Bourgogne Pinot Noir \\\"Antonin\\\" 2022 (Pinot Noir, trocken aus Burgund, Frankreich) bei Wein Werte, Ihrem nachhaltigen Onlineshop.\",\"breadcrumb\":{\"@id\":\"https:\\\/\\\/wein-werte.com\\\/de\\\/produkt\\\/jerome-galeyrand-bourgogne-pinot-noir-antonin-2022-750ml\\\/#breadcrumb\"},\"inLanguage\":\"de\",\"potentialAction\":[{\"@type\":\"ReadAction\",\"target\":[\"https:\\\/\\\/wein-werte.com\\\/de\\\/produkt\\\/jerome-galeyrand-bourgogne-pinot-noir-antonin-2022-750ml\\\/\"]}]},{\"@type\":\"ImageObject\",\"inLanguage\":\"de\",\"@id\":\"https:\\\/\\\/wein-werte.com\\\/de\\\/produkt\\\/jerome-galeyrand-bourgogne-pinot-noir-antonin-2022-750ml\\\/#primaryimage\",\"url\":\"https:\\\/\\\/wein-werte.com\\\/wp-content\\\/uploads\\\/2026\\\/04\\\/Jerome-Galeyrand-Bourgogne-Pinot-Noir-Antonin-2022-750ml.png\",\"contentUrl\":\"https:\\\/\\\/wein-werte.com\\\/wp-content\\\/uploads\\\/2026\\\/04\\\/Jerome-Galeyrand-Bourgogne-Pinot-Noir-Antonin-2022-750ml.png\",\"width\":324,\"height\":1200,\"caption\":\"J\u00e9r\u00f4me Galeyrand Bourgogne Pinot Noir \\\"Antonin\\\" AOP 2022 750ml\"},{\"@type\":\"BreadcrumbList\",\"@id\":\"https:\\\/\\\/wein-werte.com\\\/de\\\/produkt\\\/jerome-galeyrand-bourgogne-pinot-noir-antonin-2022-750ml\\\/#breadcrumb\",\"itemListElement\":[{\"@type\":\"ListItem\",\"position\":1,\"name\":\"Home\",\"item\":\"https:\\\/\\\/wein-werte.com\\\/de\\\/\"},{\"@type\":\"ListItem\",\"position\":2,\"name\":\"Shop\",\"item\":\"https:\\\/\\\/wein-werte.com\\\/de\\\/shop\\\/\"},{\"@type\":\"ListItem\",\"position\":3,\"name\":\"J\u00e9r\u00f4me Galeyrand | Burgund | Bourgogne Pinot Noir &#8220;Antonin&#8221; AOP | 2022 | 750ml\"}]},{\"@type\":\"WebSite\",\"@id\":\"https:\\\/\\\/wein-werte.com\\\/de\\\/#website\",\"url\":\"https:\\\/\\\/wein-werte.com\\\/de\\\/\",\"name\":\"Wein Werte\",\"description\":\"\",\"publisher\":{\"@id\":\"https:\\\/\\\/wein-werte.com\\\/de\\\/#organization\"},\"potentialAction\":[{\"@type\":\"SearchAction\",\"target\":{\"@type\":\"EntryPoint\",\"urlTemplate\":\"https:\\\/\\\/wein-werte.com\\\/de\\\/?s={search_term_string}\"},\"query-input\":{\"@type\":\"PropertyValueSpecification\",\"valueRequired\":true,\"valueName\":\"search_term_string\"}}],\"inLanguage\":\"de\"},{\"@type\":\"Organization\",\"@id\":\"https:\\\/\\\/wein-werte.com\\\/de\\\/#organization\",\"name\":\"Vins Fins Thorrold\",\"url\":\"https:\\\/\\\/wein-werte.com\\\/de\\\/\",\"logo\":{\"@type\":\"ImageObject\",\"inLanguage\":\"de\",\"@id\":\"https:\\\/\\\/wein-werte.com\\\/de\\\/#\\\/schema\\\/logo\\\/image\\\/\",\"url\":\"https:\\\/\\\/wein-werte.com\\\/wp-content\\\/uploads\\\/2023\\\/07\\\/Wein_werte_Logo700-1.png\",\"contentUrl\":\"https:\\\/\\\/wein-werte.com\\\/wp-content\\\/uploads\\\/2023\\\/07\\\/Wein_werte_Logo700-1.png\",\"width\":700,\"height\":272,\"caption\":\"Vins Fins Thorrold\"},\"image\":{\"@id\":\"https:\\\/\\\/wein-werte.com\\\/de\\\/#\\\/schema\\\/logo\\\/image\\\/\"}}]}<\/script>\n<!-- \/ Yoast SEO plugin. -->","yoast_head_json":{"title":"J\u00e9r\u00f4me Galeyrand Bourgogne Pinot Noir \"Antonin\" 2022","description":"Kaufe J\u00e9r\u00f4me Galeyrand Bourgogne Pinot Noir \"Antonin\" 2022 (Pinot Noir, trocken aus Burgund, Frankreich) bei Wein Werte, Ihrem nachhaltigen Onlineshop.","robots":{"index":"index","follow":"follow","max-snippet":"max-snippet:-1","max-image-preview":"max-image-preview:large","max-video-preview":"max-video-preview:-1"},"canonical":"https:\/\/wein-werte.com\/de\/produkt\/jerome-galeyrand-bourgogne-pinot-noir-antonin-2022-750ml\/","og_locale":"de_DE","og_type":"article","og_title":"J\u00e9r\u00f4me Galeyrand Bourgogne Pinot Noir \"Antonin\" 2022","og_description":"Kaufe J\u00e9r\u00f4me Galeyrand Bourgogne Pinot Noir \"Antonin\" 2022 (Pinot Noir, trocken aus Burgund, Frankreich) bei Wein Werte, Ihrem nachhaltigen Onlineshop.","og_url":"https:\/\/wein-werte.com\/de\/produkt\/jerome-galeyrand-bourgogne-pinot-noir-antonin-2022-750ml\/","og_site_name":"Wein Werte","og_image":[{"width":324,"height":1200,"url":"https:\/\/wein-werte.com\/wp-content\/uploads\/2026\/04\/Jerome-Galeyrand-Bourgogne-Pinot-Noir-Antonin-2022-750ml.png","type":"image\/png"}],"twitter_card":"summary_large_image","twitter_misc":{"Gesch\u00e4tzte Lesezeit":"3\u00a0Minuten"},"schema":{"@context":"https:\/\/schema.org","@graph":[{"@type":"WebPage","@id":"https:\/\/wein-werte.com\/de\/produkt\/jerome-galeyrand-bourgogne-pinot-noir-antonin-2022-750ml\/","url":"https:\/\/wein-werte.com\/de\/produkt\/jerome-galeyrand-bourgogne-pinot-noir-antonin-2022-750ml\/","name":"J\u00e9r\u00f4me Galeyrand Bourgogne Pinot Noir \"Antonin\" 2022","isPartOf":{"@id":"https:\/\/wein-werte.com\/de\/#website"},"primaryImageOfPage":{"@id":"https:\/\/wein-werte.com\/de\/produkt\/jerome-galeyrand-bourgogne-pinot-noir-antonin-2022-750ml\/#primaryimage"},"image":{"@id":"https:\/\/wein-werte.com\/de\/produkt\/jerome-galeyrand-bourgogne-pinot-noir-antonin-2022-750ml\/#primaryimage"},"thumbnailUrl":"https:\/\/wein-werte.com\/wp-content\/uploads\/2026\/04\/Jerome-Galeyrand-Bourgogne-Pinot-Noir-Antonin-2022-750ml.png","datePublished":"2026-05-05T16:15:26+00:00","description":"Kaufe J\u00e9r\u00f4me Galeyrand Bourgogne Pinot Noir \"Antonin\" 2022 (Pinot Noir, trocken aus Burgund, Frankreich) bei Wein Werte, Ihrem nachhaltigen Onlineshop.","breadcrumb":{"@id":"https:\/\/wein-werte.com\/de\/produkt\/jerome-galeyrand-bourgogne-pinot-noir-antonin-2022-750ml\/#breadcrumb"},"inLanguage":"de","potentialAction":[{"@type":"ReadAction","target":["https:\/\/wein-werte.com\/de\/produkt\/jerome-galeyrand-bourgogne-pinot-noir-antonin-2022-750ml\/"]}]},{"@type":"ImageObject","inLanguage":"de","@id":"https:\/\/wein-werte.com\/de\/produkt\/jerome-galeyrand-bourgogne-pinot-noir-antonin-2022-750ml\/#primaryimage","url":"https:\/\/wein-werte.com\/wp-content\/uploads\/2026\/04\/Jerome-Galeyrand-Bourgogne-Pinot-Noir-Antonin-2022-750ml.png","contentUrl":"https:\/\/wein-werte.com\/wp-content\/uploads\/2026\/04\/Jerome-Galeyrand-Bourgogne-Pinot-Noir-Antonin-2022-750ml.png","width":324,"height":1200,"caption":"J\u00e9r\u00f4me Galeyrand Bourgogne Pinot Noir \"Antonin\" AOP 2022 750ml"},{"@type":"BreadcrumbList","@id":"https:\/\/wein-werte.com\/de\/produkt\/jerome-galeyrand-bourgogne-pinot-noir-antonin-2022-750ml\/#breadcrumb","itemListElement":[{"@type":"ListItem","position":1,"name":"Home","item":"https:\/\/wein-werte.com\/de\/"},{"@type":"ListItem","position":2,"name":"Shop","item":"https:\/\/wein-werte.com\/de\/shop\/"},{"@type":"ListItem","position":3,"name":"J\u00e9r\u00f4me Galeyrand | Burgund | Bourgogne Pinot Noir &#8220;Antonin&#8221; AOP | 2022 | 750ml"}]},{"@type":"WebSite","@id":"https:\/\/wein-werte.com\/de\/#website","url":"https:\/\/wein-werte.com\/de\/","name":"Wein Werte","description":"","publisher":{"@id":"https:\/\/wein-werte.com\/de\/#organization"},"potentialAction":[{"@type":"SearchAction","target":{"@type":"EntryPoint","urlTemplate":"https:\/\/wein-werte.com\/de\/?s={search_term_string}"},"query-input":{"@type":"PropertyValueSpecification","valueRequired":true,"valueName":"search_term_string"}}],"inLanguage":"de"},{"@type":"Organization","@id":"https:\/\/wein-werte.com\/de\/#organization","name":"Vins Fins Thorrold","url":"https:\/\/wein-werte.com\/de\/","logo":{"@type":"ImageObject","inLanguage":"de","@id":"https:\/\/wein-werte.com\/de\/#\/schema\/logo\/image\/","url":"https:\/\/wein-werte.com\/wp-content\/uploads\/2023\/07\/Wein_werte_Logo700-1.png","contentUrl":"https:\/\/wein-werte.com\/wp-content\/uploads\/2023\/07\/Wein_werte_Logo700-1.png","width":700,"height":272,"caption":"Vins Fins Thorrold"},"image":{"@id":"https:\/\/wein-werte.com\/de\/#\/schema\/logo\/image\/"}}]}},"_links":{"self":[{"href":"https:\/\/wein-werte.com\/de\/wp-json\/wp\/v2\/product\/1128869","targetHints":{"allow":["GET"]}}],"collection":[{"href":"https:\/\/wein-werte.com\/de\/wp-json\/wp\/v2\/product"}],"about":[{"href":"https:\/\/wein-werte.com\/de\/wp-json\/wp\/v2\/types\/product"}],"wp:featuredmedia":[{"embeddable":true,"href":"https:\/\/wein-werte.com\/de\/wp-json\/wp\/v2\/media\/1140404"}],"wp:attachment":[{"href":"https:\/\/wein-werte.com\/de\/wp-json\/wp\/v2\/media?parent=1128869"}],"wp:term":[{"taxonomy":"product_brand","embeddable":true,"href":"https:\/\/wein-werte.com\/de\/wp-json\/wp\/v2\/product_brand?post=1128869"},{"taxonomy":"product_cat","embeddable":true,"href":"https:\/\/wein-werte.com\/de\/wp-json\/wp\/v2\/product_cat?post=1128869"},{"taxonomy":"product_tag","embeddable":true,"href":"https:\/\/wein-werte.com\/de\/wp-json\/wp\/v2\/product_tag?post=1128869"}],"curies":[{"name":"wp","href":"https:\/\/api.w.org\/{rel}","templated":true}]}}