{"id":1128849,"date":"2026-05-08T20:00:11","date_gmt":"2026-05-08T18:00:11","guid":{"rendered":"https:\/\/wein-werte.com\/product\/jerome-galeyrand-gevrey-chambertin-en-billard-2021-750ml\/"},"modified":"2026-04-27T11:43:20","modified_gmt":"2026-04-27T09:43:20","slug":"jerome-galeyrand-gevrey-chambertin-en-billard-2021-750ml","status":"publish","type":"product","link":"https:\/\/wein-werte.com\/de\/produkt\/jerome-galeyrand-gevrey-chambertin-en-billard-2021-750ml\/","title":{"rendered":"J\u00e9r\u00f4me Galeyrand | Burgund | Gevrey-Chambertin &#8220;En Billard&#8221; AOP | 2021 | 750ml"},"content":{"rendered":"<p>Produktbeschreibung f\u00fcr J\u00e9r\u00f4me Galeyrand Gevrey-Chambertin &#8220;En Billard&#8221; AOP 2021  <\/p>\n<h5>Information zum Wein<\/h5>\n<p> Der Gevrey-Chambertin stammt aus der Ortslage En Billard in der N\u00e4he des Weingutskellers. Die Reben wurden 1983 gepflanzt. Die Weinbergsarbeit ist biologisch, teils biodynamisch und daher sehr arbeitsintensiv. Der Pinot Noir wurde, zu 70 % entrappt, in Tanks vergoren, der Ausbau fand 24 Monate in gebrauchten Eichenf\u00e4ssern (228 l) mit bis zu 25 % Neuholzanteil statt. J\u00e9r\u00f4me nutzte ausschlie\u00dflich einheimische Hefen, es gab keine Sch\u00f6nung, keine Enzyme und nur eine leichte Filtration (sofern n\u00f6tig) sowie keine Dosen von SO2 oder wenn, dann nur sehr geringe. Es entstanden etwa 2.100 Flaschen. <\/p>\n<h5>Farbe<\/h5>\n<p> recht transparentes Karminrot <\/p>\n<h5>Nase<\/h5>\n<p> Der Gevrey-Chambertin En Billard wirkt im Duft pr\u00e4zise, transparent und klar mit Noten von teils s\u00e4uerlichen Beeren und teils leicht gekochten Beeren sowie einem dezenten Einsatz von bestem Holz. <\/p>\n<h5>Gaumen<\/h5>\n<p> Am Gaumen zeigt sich der Gevrey-Chambertin noch sehr zur\u00fcckhaltend. Die Waldbeerfrucht ist nur zu erahnen, das Tannin noch etwas unfertig. Die S\u00e4ure ist hingegen vor allem im Auftakt pr\u00e4sent, w\u00e4hrend sie zum Finale hin immer weiter in den Hintergrund tritt. Daf\u00fcr werden w\u00fcrzige Noten, etwa jene von S\u00fc\u00dfholz, immer pr\u00e4senter.<\/p>\n<p>Copyright Vinaturel 2025<\/p>\n<p>Keywords: <a href=\"https:\/\/wein-werte.com\/de\/shop\/?swoof=1&#038;pa_producer=J\u00e9r\u00f4me-Galeyrand\">J\u00e9r\u00f4me Galeyrand<\/a> <a href=\"https:\/\/wein-werte.com\/de\/shop\/?swoof=1&#038;woof_text=Gevrey-Chambertin \"En Billard\" AOP\">Gevrey-Chambertin &#8220;En Billard&#8221; AOP<\/a> 2021  <a href=\"https:\/\/wein-werte.com\/de\/shop\/?swoof=1&#038;pa_region=Burgund\">Burgund<\/a> <a href=\"https:\/\/wein-werte.com\/de\/shop\/?swoof=1&#038;pa_country=Frankreich\">Frankreich<\/a><\/p>\n<p>Internetseite des Weinguts: <a href=\"https:\/\/www.jerome-galeyrand.fr\/\" target=\"_blank\">https:\/\/www.jerome-galeyrand.fr\/<\/a><\/p>\n","protected":false},"excerpt":{"rendered":"<p>Lieferzeit: 1 bis 2 Arbeitstage (DE), 2 bis 5 Arbeitstage (EU and CH)<\/p>\n","protected":false},"featured_media":1140388,"template":"","meta":[],"product_brand":[],"product_cat":[19],"product_tag":[],"class_list":{"0":"post-1128849","1":"product","2":"type-product","3":"status-publish","4":"has-post-thumbnail","6":"product_cat-unkategorisiert","7":"pa_alcohol-for-filter-13-5","8":"pa_certified-biodynamic-nein-de","9":"pa_certified-organic-nein-de","10":"pa_colour-rot","11":"pa_country-frankreich","12":"pa_grape-pinot-noir-spatburgunder","13":"pa_price-for-filter-10667","14":"pa_producer-jerome-galeyrand","15":"pa_region-burgund","16":"pa_size-ml-6584","17":"pa_sweetness-trocken-de","18":"pa_type-2-still-de","19":"pa_vintage-2021-de","20":"entry","21":"has-media","23":"first","24":"instock","25":"taxable","26":"shipping-taxable","27":"purchasable","28":"product-type-simple"},"yoast_head":"<!-- This site is optimized with the Yoast SEO plugin v27.5 - https:\/\/yoast.com\/product\/yoast-seo-wordpress\/ -->\n<title>J\u00e9r\u00f4me Galeyrand Gevrey-Chambertin &quot;En Billard&quot; 2021<\/title>\n<meta name=\"description\" content=\"Kaufe J\u00e9r\u00f4me Galeyrand Gevrey-Chambertin &quot;En Billard&quot; 2021 (Pinot Noir, trocken aus Burgund, Frankreich) bei Wein Werte, Ihrem nachhaltigen Onlineshop.\" \/>\n<meta name=\"robots\" content=\"index, follow, max-snippet:-1, max-image-preview:large, max-video-preview:-1\" \/>\n<link rel=\"canonical\" href=\"https:\/\/wein-werte.com\/de\/produkt\/jerome-galeyrand-gevrey-chambertin-en-billard-2021-750ml\/\" \/>\n<meta property=\"og:locale\" content=\"de_DE\" \/>\n<meta property=\"og:type\" content=\"article\" \/>\n<meta property=\"og:title\" content=\"J\u00e9r\u00f4me Galeyrand Gevrey-Chambertin &quot;En Billard&quot; 2021\" \/>\n<meta property=\"og:description\" content=\"Kaufe J\u00e9r\u00f4me Galeyrand Gevrey-Chambertin &quot;En Billard&quot; 2021 (Pinot Noir, trocken aus Burgund, Frankreich) bei Wein Werte, Ihrem nachhaltigen Onlineshop.\" \/>\n<meta property=\"og:url\" content=\"https:\/\/wein-werte.com\/de\/produkt\/jerome-galeyrand-gevrey-chambertin-en-billard-2021-750ml\/\" \/>\n<meta property=\"og:site_name\" content=\"Wein Werte\" \/>\n<meta property=\"og:image\" content=\"https:\/\/wein-werte.com\/wp-content\/uploads\/2026\/04\/Jerome-Galeyrand-Gevrey-Chambertin-En-Billard-2021-750ml.png\" \/>\n\t<meta property=\"og:image:width\" content=\"325\" \/>\n\t<meta property=\"og:image:height\" content=\"1200\" \/>\n\t<meta property=\"og:image:type\" content=\"image\/png\" \/>\n<meta name=\"twitter:card\" content=\"summary_large_image\" \/>\n<meta name=\"twitter:label1\" content=\"Gesch\u00e4tzte Lesezeit\" \/>\n\t<meta name=\"twitter:data1\" content=\"1\u00a0Minute\" \/>\n<script type=\"application\/ld+json\" class=\"yoast-schema-graph\">{\"@context\":\"https:\\\/\\\/schema.org\",\"@graph\":[{\"@type\":\"WebPage\",\"@id\":\"https:\\\/\\\/wein-werte.com\\\/de\\\/produkt\\\/jerome-galeyrand-gevrey-chambertin-en-billard-2021-750ml\\\/\",\"url\":\"https:\\\/\\\/wein-werte.com\\\/de\\\/produkt\\\/jerome-galeyrand-gevrey-chambertin-en-billard-2021-750ml\\\/\",\"name\":\"J\u00e9r\u00f4me Galeyrand Gevrey-Chambertin \\\"En Billard\\\" 2021\",\"isPartOf\":{\"@id\":\"https:\\\/\\\/wein-werte.com\\\/de\\\/#website\"},\"primaryImageOfPage\":{\"@id\":\"https:\\\/\\\/wein-werte.com\\\/de\\\/produkt\\\/jerome-galeyrand-gevrey-chambertin-en-billard-2021-750ml\\\/#primaryimage\"},\"image\":{\"@id\":\"https:\\\/\\\/wein-werte.com\\\/de\\\/produkt\\\/jerome-galeyrand-gevrey-chambertin-en-billard-2021-750ml\\\/#primaryimage\"},\"thumbnailUrl\":\"https:\\\/\\\/wein-werte.com\\\/wp-content\\\/uploads\\\/2026\\\/04\\\/Jerome-Galeyrand-Gevrey-Chambertin-En-Billard-2021-750ml.png\",\"datePublished\":\"2026-05-08T18:00:11+00:00\",\"description\":\"Kaufe J\u00e9r\u00f4me Galeyrand Gevrey-Chambertin \\\"En Billard\\\" 2021 (Pinot Noir, trocken aus Burgund, Frankreich) bei Wein Werte, Ihrem nachhaltigen Onlineshop.\",\"breadcrumb\":{\"@id\":\"https:\\\/\\\/wein-werte.com\\\/de\\\/produkt\\\/jerome-galeyrand-gevrey-chambertin-en-billard-2021-750ml\\\/#breadcrumb\"},\"inLanguage\":\"de\",\"potentialAction\":[{\"@type\":\"ReadAction\",\"target\":[\"https:\\\/\\\/wein-werte.com\\\/de\\\/produkt\\\/jerome-galeyrand-gevrey-chambertin-en-billard-2021-750ml\\\/\"]}]},{\"@type\":\"ImageObject\",\"inLanguage\":\"de\",\"@id\":\"https:\\\/\\\/wein-werte.com\\\/de\\\/produkt\\\/jerome-galeyrand-gevrey-chambertin-en-billard-2021-750ml\\\/#primaryimage\",\"url\":\"https:\\\/\\\/wein-werte.com\\\/wp-content\\\/uploads\\\/2026\\\/04\\\/Jerome-Galeyrand-Gevrey-Chambertin-En-Billard-2021-750ml.png\",\"contentUrl\":\"https:\\\/\\\/wein-werte.com\\\/wp-content\\\/uploads\\\/2026\\\/04\\\/Jerome-Galeyrand-Gevrey-Chambertin-En-Billard-2021-750ml.png\",\"width\":325,\"height\":1200,\"caption\":\"J\u00e9r\u00f4me Galeyrand Gevrey-Chambertin \\\"En Billard\\\" AOP 2021 750ml\"},{\"@type\":\"BreadcrumbList\",\"@id\":\"https:\\\/\\\/wein-werte.com\\\/de\\\/produkt\\\/jerome-galeyrand-gevrey-chambertin-en-billard-2021-750ml\\\/#breadcrumb\",\"itemListElement\":[{\"@type\":\"ListItem\",\"position\":1,\"name\":\"Home\",\"item\":\"https:\\\/\\\/wein-werte.com\\\/de\\\/\"},{\"@type\":\"ListItem\",\"position\":2,\"name\":\"Shop\",\"item\":\"https:\\\/\\\/wein-werte.com\\\/de\\\/shop\\\/\"},{\"@type\":\"ListItem\",\"position\":3,\"name\":\"J\u00e9r\u00f4me Galeyrand | Burgund | Gevrey-Chambertin &#8220;En Billard&#8221; AOP | 2021 | 750ml\"}]},{\"@type\":\"WebSite\",\"@id\":\"https:\\\/\\\/wein-werte.com\\\/de\\\/#website\",\"url\":\"https:\\\/\\\/wein-werte.com\\\/de\\\/\",\"name\":\"Wein Werte\",\"description\":\"\",\"publisher\":{\"@id\":\"https:\\\/\\\/wein-werte.com\\\/de\\\/#organization\"},\"potentialAction\":[{\"@type\":\"SearchAction\",\"target\":{\"@type\":\"EntryPoint\",\"urlTemplate\":\"https:\\\/\\\/wein-werte.com\\\/de\\\/?s={search_term_string}\"},\"query-input\":{\"@type\":\"PropertyValueSpecification\",\"valueRequired\":true,\"valueName\":\"search_term_string\"}}],\"inLanguage\":\"de\"},{\"@type\":\"Organization\",\"@id\":\"https:\\\/\\\/wein-werte.com\\\/de\\\/#organization\",\"name\":\"Vins Fins Thorrold\",\"url\":\"https:\\\/\\\/wein-werte.com\\\/de\\\/\",\"logo\":{\"@type\":\"ImageObject\",\"inLanguage\":\"de\",\"@id\":\"https:\\\/\\\/wein-werte.com\\\/de\\\/#\\\/schema\\\/logo\\\/image\\\/\",\"url\":\"https:\\\/\\\/wein-werte.com\\\/wp-content\\\/uploads\\\/2023\\\/07\\\/Wein_werte_Logo700-1.png\",\"contentUrl\":\"https:\\\/\\\/wein-werte.com\\\/wp-content\\\/uploads\\\/2023\\\/07\\\/Wein_werte_Logo700-1.png\",\"width\":700,\"height\":272,\"caption\":\"Vins Fins Thorrold\"},\"image\":{\"@id\":\"https:\\\/\\\/wein-werte.com\\\/de\\\/#\\\/schema\\\/logo\\\/image\\\/\"}}]}<\/script>\n<!-- \/ Yoast SEO plugin. -->","yoast_head_json":{"title":"J\u00e9r\u00f4me Galeyrand Gevrey-Chambertin \"En Billard\" 2021","description":"Kaufe J\u00e9r\u00f4me Galeyrand Gevrey-Chambertin \"En Billard\" 2021 (Pinot Noir, trocken aus Burgund, Frankreich) bei Wein Werte, Ihrem nachhaltigen Onlineshop.","robots":{"index":"index","follow":"follow","max-snippet":"max-snippet:-1","max-image-preview":"max-image-preview:large","max-video-preview":"max-video-preview:-1"},"canonical":"https:\/\/wein-werte.com\/de\/produkt\/jerome-galeyrand-gevrey-chambertin-en-billard-2021-750ml\/","og_locale":"de_DE","og_type":"article","og_title":"J\u00e9r\u00f4me Galeyrand Gevrey-Chambertin \"En Billard\" 2021","og_description":"Kaufe J\u00e9r\u00f4me Galeyrand Gevrey-Chambertin \"En Billard\" 2021 (Pinot Noir, trocken aus Burgund, Frankreich) bei Wein Werte, Ihrem nachhaltigen Onlineshop.","og_url":"https:\/\/wein-werte.com\/de\/produkt\/jerome-galeyrand-gevrey-chambertin-en-billard-2021-750ml\/","og_site_name":"Wein Werte","og_image":[{"width":325,"height":1200,"url":"https:\/\/wein-werte.com\/wp-content\/uploads\/2026\/04\/Jerome-Galeyrand-Gevrey-Chambertin-En-Billard-2021-750ml.png","type":"image\/png"}],"twitter_card":"summary_large_image","twitter_misc":{"Gesch\u00e4tzte Lesezeit":"1\u00a0Minute"},"schema":{"@context":"https:\/\/schema.org","@graph":[{"@type":"WebPage","@id":"https:\/\/wein-werte.com\/de\/produkt\/jerome-galeyrand-gevrey-chambertin-en-billard-2021-750ml\/","url":"https:\/\/wein-werte.com\/de\/produkt\/jerome-galeyrand-gevrey-chambertin-en-billard-2021-750ml\/","name":"J\u00e9r\u00f4me Galeyrand Gevrey-Chambertin \"En Billard\" 2021","isPartOf":{"@id":"https:\/\/wein-werte.com\/de\/#website"},"primaryImageOfPage":{"@id":"https:\/\/wein-werte.com\/de\/produkt\/jerome-galeyrand-gevrey-chambertin-en-billard-2021-750ml\/#primaryimage"},"image":{"@id":"https:\/\/wein-werte.com\/de\/produkt\/jerome-galeyrand-gevrey-chambertin-en-billard-2021-750ml\/#primaryimage"},"thumbnailUrl":"https:\/\/wein-werte.com\/wp-content\/uploads\/2026\/04\/Jerome-Galeyrand-Gevrey-Chambertin-En-Billard-2021-750ml.png","datePublished":"2026-05-08T18:00:11+00:00","description":"Kaufe J\u00e9r\u00f4me Galeyrand Gevrey-Chambertin \"En Billard\" 2021 (Pinot Noir, trocken aus Burgund, Frankreich) bei Wein Werte, Ihrem nachhaltigen Onlineshop.","breadcrumb":{"@id":"https:\/\/wein-werte.com\/de\/produkt\/jerome-galeyrand-gevrey-chambertin-en-billard-2021-750ml\/#breadcrumb"},"inLanguage":"de","potentialAction":[{"@type":"ReadAction","target":["https:\/\/wein-werte.com\/de\/produkt\/jerome-galeyrand-gevrey-chambertin-en-billard-2021-750ml\/"]}]},{"@type":"ImageObject","inLanguage":"de","@id":"https:\/\/wein-werte.com\/de\/produkt\/jerome-galeyrand-gevrey-chambertin-en-billard-2021-750ml\/#primaryimage","url":"https:\/\/wein-werte.com\/wp-content\/uploads\/2026\/04\/Jerome-Galeyrand-Gevrey-Chambertin-En-Billard-2021-750ml.png","contentUrl":"https:\/\/wein-werte.com\/wp-content\/uploads\/2026\/04\/Jerome-Galeyrand-Gevrey-Chambertin-En-Billard-2021-750ml.png","width":325,"height":1200,"caption":"J\u00e9r\u00f4me Galeyrand Gevrey-Chambertin \"En Billard\" AOP 2021 750ml"},{"@type":"BreadcrumbList","@id":"https:\/\/wein-werte.com\/de\/produkt\/jerome-galeyrand-gevrey-chambertin-en-billard-2021-750ml\/#breadcrumb","itemListElement":[{"@type":"ListItem","position":1,"name":"Home","item":"https:\/\/wein-werte.com\/de\/"},{"@type":"ListItem","position":2,"name":"Shop","item":"https:\/\/wein-werte.com\/de\/shop\/"},{"@type":"ListItem","position":3,"name":"J\u00e9r\u00f4me Galeyrand | Burgund | Gevrey-Chambertin &#8220;En Billard&#8221; AOP | 2021 | 750ml"}]},{"@type":"WebSite","@id":"https:\/\/wein-werte.com\/de\/#website","url":"https:\/\/wein-werte.com\/de\/","name":"Wein Werte","description":"","publisher":{"@id":"https:\/\/wein-werte.com\/de\/#organization"},"potentialAction":[{"@type":"SearchAction","target":{"@type":"EntryPoint","urlTemplate":"https:\/\/wein-werte.com\/de\/?s={search_term_string}"},"query-input":{"@type":"PropertyValueSpecification","valueRequired":true,"valueName":"search_term_string"}}],"inLanguage":"de"},{"@type":"Organization","@id":"https:\/\/wein-werte.com\/de\/#organization","name":"Vins Fins Thorrold","url":"https:\/\/wein-werte.com\/de\/","logo":{"@type":"ImageObject","inLanguage":"de","@id":"https:\/\/wein-werte.com\/de\/#\/schema\/logo\/image\/","url":"https:\/\/wein-werte.com\/wp-content\/uploads\/2023\/07\/Wein_werte_Logo700-1.png","contentUrl":"https:\/\/wein-werte.com\/wp-content\/uploads\/2023\/07\/Wein_werte_Logo700-1.png","width":700,"height":272,"caption":"Vins Fins Thorrold"},"image":{"@id":"https:\/\/wein-werte.com\/de\/#\/schema\/logo\/image\/"}}]}},"_links":{"self":[{"href":"https:\/\/wein-werte.com\/de\/wp-json\/wp\/v2\/product\/1128849","targetHints":{"allow":["GET"]}}],"collection":[{"href":"https:\/\/wein-werte.com\/de\/wp-json\/wp\/v2\/product"}],"about":[{"href":"https:\/\/wein-werte.com\/de\/wp-json\/wp\/v2\/types\/product"}],"wp:featuredmedia":[{"embeddable":true,"href":"https:\/\/wein-werte.com\/de\/wp-json\/wp\/v2\/media\/1140388"}],"wp:attachment":[{"href":"https:\/\/wein-werte.com\/de\/wp-json\/wp\/v2\/media?parent=1128849"}],"wp:term":[{"taxonomy":"product_brand","embeddable":true,"href":"https:\/\/wein-werte.com\/de\/wp-json\/wp\/v2\/product_brand?post=1128849"},{"taxonomy":"product_cat","embeddable":true,"href":"https:\/\/wein-werte.com\/de\/wp-json\/wp\/v2\/product_cat?post=1128849"},{"taxonomy":"product_tag","embeddable":true,"href":"https:\/\/wein-werte.com\/de\/wp-json\/wp\/v2\/product_tag?post=1128849"}],"curies":[{"name":"wp","href":"https:\/\/api.w.org\/{rel}","templated":true}]}}