{"id":1128846,"date":"2026-05-08T20:00:11","date_gmt":"2026-05-08T18:00:11","guid":{"rendered":"https:\/\/wein-werte.com\/product\/jerome-galeyrand-fixin-champs-de-vosger-2021-750ml\/"},"modified":"2026-04-27T11:43:20","modified_gmt":"2026-04-27T09:43:20","slug":"jerome-galeyrand-fixin-champs-de-vosger-2021-750ml","status":"publish","type":"product","link":"https:\/\/wein-werte.com\/de\/produkt\/jerome-galeyrand-fixin-champs-de-vosger-2021-750ml\/","title":{"rendered":"J\u00e9r\u00f4me Galeyrand | Burgund | Fixin &#8220;Champs de Vosger&#8221; AOP | 2021 | 750ml"},"content":{"rendered":"<p>Produktbeschreibung f\u00fcr J\u00e9r\u00f4me Galeyrand Fixin &#8220;Champs de Vosger&#8221; AOP 2021  <\/p>\n<h5>Information zum Wein<\/h5>\n<p> Der Fixin stammt aus der unterhalb des Ortes befindlichen Lage Les Champs de Vosger mit leichten sandigen B\u00f6den. Aus den 70 Jahre alten Reben erzeugt J\u00e9r\u00f4me einen Teil der S\u00e9lection massale. Die Weinbergsarbeit ist biologisch, teils biodynamisch und daher sehr arbeitsintensiv. Der Pinot Noir wurde, weitgehend entrappt, in Tanks vergoren, der Ausbau fand \u00fcber zw\u00f6lf Monate in gebrauchten Eichenf\u00e4ssern (228 l) mit wenig Neuholzanteil statt. J\u00e9r\u00f4me nutzte ausschlie\u00dflich einheimische Hefen, es gab keine Sch\u00f6nung, keine Enzyme und nur eine leichte Filtration (sofern n\u00f6tig) sowie keine Dosen von SO2 oder wenn, dann nur sehr geringe. <\/p>\n<h5>Farbe<\/h5>\n<p> mittleres Granatrot <\/p>\n<h5>Nase<\/h5>\n<p> Der Fixin wirkt klar und pr\u00e4sent mit einer deutlichen Aromatik von Walderdbeeren, Waldboden und Unterholz mit einigen Spritzern Blutorange. Der Pinot verbindet im Duft eine s\u00fc\u00dfe Note mit einer dunklen erdigen Note sowie mit Frische. <\/p>\n<h5>Gaumen<\/h5>\n<p> Am Gaumen beginnt der Fixin mit einer dunklen Frucht, mit Extrakt und Extrakts\u00fc\u00dfe. Das wirkt saftig und charmant. Die S\u00e4ure steht noch sehr im Vordergrund, ebenso das Dunkelw\u00fcrzige. Zum Finale hin erscheint der Pinot Noir immer trockener, daf\u00fcr wird eine Note von S\u00fc\u00dfholz zunehmend pr\u00e4senter.<\/p>\n<p>Copyright Vinaturel 2025<\/p>\n<p>Keywords: <a href=\"https:\/\/wein-werte.com\/de\/shop\/?swoof=1&#038;pa_producer=J\u00e9r\u00f4me-Galeyrand\">J\u00e9r\u00f4me Galeyrand<\/a> <a href=\"https:\/\/wein-werte.com\/de\/shop\/?swoof=1&#038;woof_text=Fixin \"Champs de Vosger\" AOP\">Fixin &#8220;Champs de Vosger&#8221; AOP<\/a> 2021  <a href=\"https:\/\/wein-werte.com\/de\/shop\/?swoof=1&#038;pa_region=Burgund\">Burgund<\/a> <a href=\"https:\/\/wein-werte.com\/de\/shop\/?swoof=1&#038;pa_country=Frankreich\">Frankreich<\/a><\/p>\n<h3>Wine Advocate<\/h3>\n<p>Punkte: (89-91)<\/p>\n<p>Offen und ausdrucksstark pr\u00e4sentiert der Fixin Champs de Vosgers 2021 Aromen von Pflaumen, Brombeeren, Rosenbl\u00e4ttern und Gew\u00fcrzen. Mittelkr\u00e4ftig, fleischig und rund, mit schmelzenden Tanninen und saftiger S\u00e4ure, wird ihm sein charmantes Profil in seiner Jugend viele Freunde verschaffen.<br \/>William Kelley<\/p>\n<p>Internetseite des Weinguts: <a href=\"https:\/\/www.jerome-galeyrand.fr\/\" target=\"_blank\">https:\/\/www.jerome-galeyrand.fr\/<\/a><\/p>\n","protected":false},"excerpt":{"rendered":"<p>Lieferzeit: 1 bis 2 Arbeitstage (DE), 2 bis 5 Arbeitstage (EU and CH)<\/p>\n","protected":false},"featured_media":1140386,"template":"","meta":[],"product_brand":[],"product_cat":[19],"product_tag":[],"class_list":{"0":"post-1128846","1":"product","2":"type-product","3":"status-publish","4":"has-post-thumbnail","6":"product_cat-unkategorisiert","7":"pa_alcohol-for-filter-13-5","8":"pa_certified-biodynamic-nein-de","9":"pa_certified-organic-nein-de","10":"pa_colour-rot","11":"pa_country-frankreich","12":"pa_grape-pinot-noir-spatburgunder","13":"pa_parker-points-for-filter-89-de-2","14":"pa_price-for-filter-10647","15":"pa_producer-jerome-galeyrand","16":"pa_region-burgund","17":"pa_size-ml-6584","18":"pa_sweetness-trocken-de","19":"pa_type-2-still-de","20":"pa_vintage-2021-de","21":"entry","22":"has-media","24":"first","25":"instock","26":"taxable","27":"shipping-taxable","28":"purchasable","29":"product-type-simple"},"yoast_head":"<!-- This site is optimized with the Yoast SEO plugin v27.5 - https:\/\/yoast.com\/product\/yoast-seo-wordpress\/ -->\n<title>J\u00e9r\u00f4me Galeyrand Fixin &quot;Champs de Vosger&quot; 2021<\/title>\n<meta name=\"description\" content=\"Kaufe J\u00e9r\u00f4me Galeyrand Fixin &quot;Champs de Vosger&quot; 2021 (Pinot Noir, trocken aus Burgund, Frankreich) bei Wein Werte, Ihrem nachhaltigen Onlineshop.\" \/>\n<meta name=\"robots\" content=\"index, follow, max-snippet:-1, max-image-preview:large, max-video-preview:-1\" \/>\n<link rel=\"canonical\" href=\"https:\/\/wein-werte.com\/de\/produkt\/jerome-galeyrand-fixin-champs-de-vosger-2021-750ml\/\" \/>\n<meta property=\"og:locale\" content=\"de_DE\" \/>\n<meta property=\"og:type\" content=\"article\" \/>\n<meta property=\"og:title\" content=\"J\u00e9r\u00f4me Galeyrand Fixin &quot;Champs de Vosger&quot; 2021\" \/>\n<meta property=\"og:description\" content=\"Kaufe J\u00e9r\u00f4me Galeyrand Fixin &quot;Champs de Vosger&quot; 2021 (Pinot Noir, trocken aus Burgund, Frankreich) bei Wein Werte, Ihrem nachhaltigen Onlineshop.\" \/>\n<meta property=\"og:url\" content=\"https:\/\/wein-werte.com\/de\/produkt\/jerome-galeyrand-fixin-champs-de-vosger-2021-750ml\/\" \/>\n<meta property=\"og:site_name\" content=\"Wein Werte\" \/>\n<meta property=\"og:image\" content=\"https:\/\/wein-werte.com\/wp-content\/uploads\/2026\/04\/Jerome-Galeyrand-Fixin-Champs-de-Vosger-2021-750ml.png\" \/>\n\t<meta property=\"og:image:width\" content=\"326\" \/>\n\t<meta property=\"og:image:height\" content=\"1200\" \/>\n\t<meta property=\"og:image:type\" content=\"image\/png\" \/>\n<meta name=\"twitter:card\" content=\"summary_large_image\" \/>\n<meta name=\"twitter:label1\" content=\"Gesch\u00e4tzte Lesezeit\" \/>\n\t<meta name=\"twitter:data1\" content=\"1\u00a0Minute\" \/>\n<script type=\"application\/ld+json\" class=\"yoast-schema-graph\">{\"@context\":\"https:\\\/\\\/schema.org\",\"@graph\":[{\"@type\":\"WebPage\",\"@id\":\"https:\\\/\\\/wein-werte.com\\\/de\\\/produkt\\\/jerome-galeyrand-fixin-champs-de-vosger-2021-750ml\\\/\",\"url\":\"https:\\\/\\\/wein-werte.com\\\/de\\\/produkt\\\/jerome-galeyrand-fixin-champs-de-vosger-2021-750ml\\\/\",\"name\":\"J\u00e9r\u00f4me Galeyrand Fixin \\\"Champs de Vosger\\\" 2021\",\"isPartOf\":{\"@id\":\"https:\\\/\\\/wein-werte.com\\\/de\\\/#website\"},\"primaryImageOfPage\":{\"@id\":\"https:\\\/\\\/wein-werte.com\\\/de\\\/produkt\\\/jerome-galeyrand-fixin-champs-de-vosger-2021-750ml\\\/#primaryimage\"},\"image\":{\"@id\":\"https:\\\/\\\/wein-werte.com\\\/de\\\/produkt\\\/jerome-galeyrand-fixin-champs-de-vosger-2021-750ml\\\/#primaryimage\"},\"thumbnailUrl\":\"https:\\\/\\\/wein-werte.com\\\/wp-content\\\/uploads\\\/2026\\\/04\\\/Jerome-Galeyrand-Fixin-Champs-de-Vosger-2021-750ml.png\",\"datePublished\":\"2026-05-08T18:00:11+00:00\",\"description\":\"Kaufe J\u00e9r\u00f4me Galeyrand Fixin \\\"Champs de Vosger\\\" 2021 (Pinot Noir, trocken aus Burgund, Frankreich) bei Wein Werte, Ihrem nachhaltigen Onlineshop.\",\"breadcrumb\":{\"@id\":\"https:\\\/\\\/wein-werte.com\\\/de\\\/produkt\\\/jerome-galeyrand-fixin-champs-de-vosger-2021-750ml\\\/#breadcrumb\"},\"inLanguage\":\"de\",\"potentialAction\":[{\"@type\":\"ReadAction\",\"target\":[\"https:\\\/\\\/wein-werte.com\\\/de\\\/produkt\\\/jerome-galeyrand-fixin-champs-de-vosger-2021-750ml\\\/\"]}]},{\"@type\":\"ImageObject\",\"inLanguage\":\"de\",\"@id\":\"https:\\\/\\\/wein-werte.com\\\/de\\\/produkt\\\/jerome-galeyrand-fixin-champs-de-vosger-2021-750ml\\\/#primaryimage\",\"url\":\"https:\\\/\\\/wein-werte.com\\\/wp-content\\\/uploads\\\/2026\\\/04\\\/Jerome-Galeyrand-Fixin-Champs-de-Vosger-2021-750ml.png\",\"contentUrl\":\"https:\\\/\\\/wein-werte.com\\\/wp-content\\\/uploads\\\/2026\\\/04\\\/Jerome-Galeyrand-Fixin-Champs-de-Vosger-2021-750ml.png\",\"width\":326,\"height\":1200,\"caption\":\"J\u00e9r\u00f4me Galeyrand Fixin \\\"Champs de Vosger\\\" AOP 2021 750ml\"},{\"@type\":\"BreadcrumbList\",\"@id\":\"https:\\\/\\\/wein-werte.com\\\/de\\\/produkt\\\/jerome-galeyrand-fixin-champs-de-vosger-2021-750ml\\\/#breadcrumb\",\"itemListElement\":[{\"@type\":\"ListItem\",\"position\":1,\"name\":\"Home\",\"item\":\"https:\\\/\\\/wein-werte.com\\\/de\\\/\"},{\"@type\":\"ListItem\",\"position\":2,\"name\":\"Shop\",\"item\":\"https:\\\/\\\/wein-werte.com\\\/de\\\/shop\\\/\"},{\"@type\":\"ListItem\",\"position\":3,\"name\":\"J\u00e9r\u00f4me Galeyrand | Burgund | Fixin &#8220;Champs de Vosger&#8221; AOP | 2021 | 750ml\"}]},{\"@type\":\"WebSite\",\"@id\":\"https:\\\/\\\/wein-werte.com\\\/de\\\/#website\",\"url\":\"https:\\\/\\\/wein-werte.com\\\/de\\\/\",\"name\":\"Wein Werte\",\"description\":\"\",\"publisher\":{\"@id\":\"https:\\\/\\\/wein-werte.com\\\/de\\\/#organization\"},\"potentialAction\":[{\"@type\":\"SearchAction\",\"target\":{\"@type\":\"EntryPoint\",\"urlTemplate\":\"https:\\\/\\\/wein-werte.com\\\/de\\\/?s={search_term_string}\"},\"query-input\":{\"@type\":\"PropertyValueSpecification\",\"valueRequired\":true,\"valueName\":\"search_term_string\"}}],\"inLanguage\":\"de\"},{\"@type\":\"Organization\",\"@id\":\"https:\\\/\\\/wein-werte.com\\\/de\\\/#organization\",\"name\":\"Vins Fins Thorrold\",\"url\":\"https:\\\/\\\/wein-werte.com\\\/de\\\/\",\"logo\":{\"@type\":\"ImageObject\",\"inLanguage\":\"de\",\"@id\":\"https:\\\/\\\/wein-werte.com\\\/de\\\/#\\\/schema\\\/logo\\\/image\\\/\",\"url\":\"https:\\\/\\\/wein-werte.com\\\/wp-content\\\/uploads\\\/2023\\\/07\\\/Wein_werte_Logo700-1.png\",\"contentUrl\":\"https:\\\/\\\/wein-werte.com\\\/wp-content\\\/uploads\\\/2023\\\/07\\\/Wein_werte_Logo700-1.png\",\"width\":700,\"height\":272,\"caption\":\"Vins Fins Thorrold\"},\"image\":{\"@id\":\"https:\\\/\\\/wein-werte.com\\\/de\\\/#\\\/schema\\\/logo\\\/image\\\/\"}}]}<\/script>\n<!-- \/ Yoast SEO plugin. -->","yoast_head_json":{"title":"J\u00e9r\u00f4me Galeyrand Fixin \"Champs de Vosger\" 2021","description":"Kaufe J\u00e9r\u00f4me Galeyrand Fixin \"Champs de Vosger\" 2021 (Pinot Noir, trocken aus Burgund, Frankreich) bei Wein Werte, Ihrem nachhaltigen Onlineshop.","robots":{"index":"index","follow":"follow","max-snippet":"max-snippet:-1","max-image-preview":"max-image-preview:large","max-video-preview":"max-video-preview:-1"},"canonical":"https:\/\/wein-werte.com\/de\/produkt\/jerome-galeyrand-fixin-champs-de-vosger-2021-750ml\/","og_locale":"de_DE","og_type":"article","og_title":"J\u00e9r\u00f4me Galeyrand Fixin \"Champs de Vosger\" 2021","og_description":"Kaufe J\u00e9r\u00f4me Galeyrand Fixin \"Champs de Vosger\" 2021 (Pinot Noir, trocken aus Burgund, Frankreich) bei Wein Werte, Ihrem nachhaltigen Onlineshop.","og_url":"https:\/\/wein-werte.com\/de\/produkt\/jerome-galeyrand-fixin-champs-de-vosger-2021-750ml\/","og_site_name":"Wein Werte","og_image":[{"width":326,"height":1200,"url":"https:\/\/wein-werte.com\/wp-content\/uploads\/2026\/04\/Jerome-Galeyrand-Fixin-Champs-de-Vosger-2021-750ml.png","type":"image\/png"}],"twitter_card":"summary_large_image","twitter_misc":{"Gesch\u00e4tzte Lesezeit":"1\u00a0Minute"},"schema":{"@context":"https:\/\/schema.org","@graph":[{"@type":"WebPage","@id":"https:\/\/wein-werte.com\/de\/produkt\/jerome-galeyrand-fixin-champs-de-vosger-2021-750ml\/","url":"https:\/\/wein-werte.com\/de\/produkt\/jerome-galeyrand-fixin-champs-de-vosger-2021-750ml\/","name":"J\u00e9r\u00f4me Galeyrand Fixin \"Champs de Vosger\" 2021","isPartOf":{"@id":"https:\/\/wein-werte.com\/de\/#website"},"primaryImageOfPage":{"@id":"https:\/\/wein-werte.com\/de\/produkt\/jerome-galeyrand-fixin-champs-de-vosger-2021-750ml\/#primaryimage"},"image":{"@id":"https:\/\/wein-werte.com\/de\/produkt\/jerome-galeyrand-fixin-champs-de-vosger-2021-750ml\/#primaryimage"},"thumbnailUrl":"https:\/\/wein-werte.com\/wp-content\/uploads\/2026\/04\/Jerome-Galeyrand-Fixin-Champs-de-Vosger-2021-750ml.png","datePublished":"2026-05-08T18:00:11+00:00","description":"Kaufe J\u00e9r\u00f4me Galeyrand Fixin \"Champs de Vosger\" 2021 (Pinot Noir, trocken aus Burgund, Frankreich) bei Wein Werte, Ihrem nachhaltigen Onlineshop.","breadcrumb":{"@id":"https:\/\/wein-werte.com\/de\/produkt\/jerome-galeyrand-fixin-champs-de-vosger-2021-750ml\/#breadcrumb"},"inLanguage":"de","potentialAction":[{"@type":"ReadAction","target":["https:\/\/wein-werte.com\/de\/produkt\/jerome-galeyrand-fixin-champs-de-vosger-2021-750ml\/"]}]},{"@type":"ImageObject","inLanguage":"de","@id":"https:\/\/wein-werte.com\/de\/produkt\/jerome-galeyrand-fixin-champs-de-vosger-2021-750ml\/#primaryimage","url":"https:\/\/wein-werte.com\/wp-content\/uploads\/2026\/04\/Jerome-Galeyrand-Fixin-Champs-de-Vosger-2021-750ml.png","contentUrl":"https:\/\/wein-werte.com\/wp-content\/uploads\/2026\/04\/Jerome-Galeyrand-Fixin-Champs-de-Vosger-2021-750ml.png","width":326,"height":1200,"caption":"J\u00e9r\u00f4me Galeyrand Fixin \"Champs de Vosger\" AOP 2021 750ml"},{"@type":"BreadcrumbList","@id":"https:\/\/wein-werte.com\/de\/produkt\/jerome-galeyrand-fixin-champs-de-vosger-2021-750ml\/#breadcrumb","itemListElement":[{"@type":"ListItem","position":1,"name":"Home","item":"https:\/\/wein-werte.com\/de\/"},{"@type":"ListItem","position":2,"name":"Shop","item":"https:\/\/wein-werte.com\/de\/shop\/"},{"@type":"ListItem","position":3,"name":"J\u00e9r\u00f4me Galeyrand | Burgund | Fixin &#8220;Champs de Vosger&#8221; AOP | 2021 | 750ml"}]},{"@type":"WebSite","@id":"https:\/\/wein-werte.com\/de\/#website","url":"https:\/\/wein-werte.com\/de\/","name":"Wein Werte","description":"","publisher":{"@id":"https:\/\/wein-werte.com\/de\/#organization"},"potentialAction":[{"@type":"SearchAction","target":{"@type":"EntryPoint","urlTemplate":"https:\/\/wein-werte.com\/de\/?s={search_term_string}"},"query-input":{"@type":"PropertyValueSpecification","valueRequired":true,"valueName":"search_term_string"}}],"inLanguage":"de"},{"@type":"Organization","@id":"https:\/\/wein-werte.com\/de\/#organization","name":"Vins Fins Thorrold","url":"https:\/\/wein-werte.com\/de\/","logo":{"@type":"ImageObject","inLanguage":"de","@id":"https:\/\/wein-werte.com\/de\/#\/schema\/logo\/image\/","url":"https:\/\/wein-werte.com\/wp-content\/uploads\/2023\/07\/Wein_werte_Logo700-1.png","contentUrl":"https:\/\/wein-werte.com\/wp-content\/uploads\/2023\/07\/Wein_werte_Logo700-1.png","width":700,"height":272,"caption":"Vins Fins Thorrold"},"image":{"@id":"https:\/\/wein-werte.com\/de\/#\/schema\/logo\/image\/"}}]}},"_links":{"self":[{"href":"https:\/\/wein-werte.com\/de\/wp-json\/wp\/v2\/product\/1128846","targetHints":{"allow":["GET"]}}],"collection":[{"href":"https:\/\/wein-werte.com\/de\/wp-json\/wp\/v2\/product"}],"about":[{"href":"https:\/\/wein-werte.com\/de\/wp-json\/wp\/v2\/types\/product"}],"wp:featuredmedia":[{"embeddable":true,"href":"https:\/\/wein-werte.com\/de\/wp-json\/wp\/v2\/media\/1140386"}],"wp:attachment":[{"href":"https:\/\/wein-werte.com\/de\/wp-json\/wp\/v2\/media?parent=1128846"}],"wp:term":[{"taxonomy":"product_brand","embeddable":true,"href":"https:\/\/wein-werte.com\/de\/wp-json\/wp\/v2\/product_brand?post=1128846"},{"taxonomy":"product_cat","embeddable":true,"href":"https:\/\/wein-werte.com\/de\/wp-json\/wp\/v2\/product_cat?post=1128846"},{"taxonomy":"product_tag","embeddable":true,"href":"https:\/\/wein-werte.com\/de\/wp-json\/wp\/v2\/product_tag?post=1128846"}],"curies":[{"name":"wp","href":"https:\/\/api.w.org\/{rel}","templated":true}]}}