{"id":1128757,"date":"2026-05-05T18:15:20","date_gmt":"2026-05-05T16:15:20","guid":{"rendered":"https:\/\/wein-werte.com\/product\/henri-et-gilles-buisson-saint-romain-blanc-sous-la-velle-absulo-2022-750ml\/"},"modified":"2026-04-27T11:43:12","modified_gmt":"2026-04-27T09:43:12","slug":"henri-plus-gilles-buisson-saint-romain-blanc-sous-la-velle-absulo-2022-750ml","status":"publish","type":"product","link":"https:\/\/wein-werte.com\/de\/produkt\/henri-plus-gilles-buisson-saint-romain-blanc-sous-la-velle-absulo-2022-750ml\/","title":{"rendered":"Henri &#038; Gilles Buisson | Burgund | Saint-Romain blanc Sous La Velle &#8220;ABSULO&#8221; AOC | 2022 | 750ml | bio"},"content":{"rendered":"<p>Produktbeschreibung f\u00fcr Henri &#038; Gilles Buisson Saint-Romain blanc Sous La Velle &#8220;ABSULO&#8221; AOC 2022 (bio) <\/p>\n<h5>Information<\/h5>\n<p> Der Saint-Romain Sous la Velle 2022 stammt aus der gleichnamigen Lage nahe der Ortschaft und n\u00f6rdlich angrenzend an Sous le Ch\u00e2teau. Sous la Velle ist nach S\u00fcdosten ausgerichtet und liegt auf 355 bis 380 Metern. Im Weinberg mit sogenanntem Colluviosol auf Marne-de-Saint-Romain-Kalkstein stehen 60 Jahre alte Chardonnay-Reben. Handlese, Ganztraubenpressung und spontane Verg\u00e4rung im Holz. Die malolaktische G\u00e4rung erfolgt spontan in den F\u00e4ssern. Der Ausbau l\u00e4uft \u00fcber zehn bis zw\u00f6lf Monate in einer Mischung aus 228-, 350- und 500-Liter-Barriques und Tonneaux, von denen h\u00f6chstens 10 % j\u00e4hrlich ersetzt werden. Der Wein wird t\u00e4glich probiert, und die F\u00e4sser werden abgezogen, sofern es Fr\u00e9d\u00e9ric Buisson f\u00fcr sinnvoll h\u00e4lt. Es wird mit Bentonit gesch\u00f6nt und nur sehr grob filtriert. Der Wein wurde nicht geschwefelt, daher erh\u00e4lt er den Zusatz \u00bbAbsolu\u00ab. <\/p>\n<h5>Farbe<\/h5>\n<p> intensives Strohgelb <\/p>\n<h5>Nase<\/h5>\n<p> Beim Saint-Romain Sous la Velle Absolu 2022 merkt man direkt den Verzicht von Schwefel. Der Wein wirkt offen wie ein Scheunentor und bietet eine aromatische F\u00fclle von gelben \u00c4pfeln und Birnen, Aprikosen und Nektarinen, gelben Pflaumen und reifen Zitronen und Orangen. Dazu kommt etwas Vanille, Apfelschale und Patisserie. <\/p>\n<h5>Gaumen<\/h5>\n<p> Am Gaumen wirkt der Sous la Velle Absolu mundf\u00fcllend saftig, einladend, tonisch und intensiv. Die Zitrusfr\u00fcchte und das Gelbfleischige sind pr\u00e4sent. Ebenso die S\u00e4urespannung, die tiefe Energie, das vibrierend Mineralische und die Cremigkeit vom Hefelager. Schon der \u00bbeinfache\u00ab Sous la Velle ist in 2022 hervorragend, aber k\u00fchler und noch zur\u00fcckhaltender gegen\u00fcber diesem so energiegeladenen wie einladenden Charmeur. <\/p>\n<p>Copyright Vinaturel 2025<\/p>\n<p>Keywords: <a href=\"https:\/\/wein-werte.com\/de\/shop\/?swoof=1&#038;pa_producer=Henri-&#038;-Gilles-Buisson\">Henri &#038; Gilles Buisson<\/a> <a href=\"https:\/\/wein-werte.com\/de\/shop\/?swoof=1&#038;woof_text=Saint-Romain blanc Sous La Velle \"ABSULO\" AOC\">Saint-Romain blanc Sous La Velle &#8220;ABSULO&#8221; AOC<\/a> 2022 bio <a href=\"https:\/\/wein-werte.com\/de\/shop\/?swoof=1&#038;pa_region=Burgund\">Burgund<\/a> <a href=\"https:\/\/wein-werte.com\/de\/shop\/?swoof=1&#038;pa_country=Frankreich\">Frankreich<\/a><\/p>\n<p>Internetseite des Weinguts: <a href=\"https:\/\/www.domaine-buisson.com\/\" target=\"_blank\">https:\/\/www.domaine-buisson.com\/<\/a><\/p>\n","protected":false},"excerpt":{"rendered":"<p>Lieferzeit: 1 bis 2 Arbeitstage (DE), 2 bis 5 Arbeitstage (EU and CH)<\/p>\n","protected":false},"featured_media":1140316,"template":"","meta":[],"product_brand":[],"product_cat":[19],"product_tag":[],"class_list":{"0":"post-1128757","1":"product","2":"type-product","3":"status-publish","4":"has-post-thumbnail","6":"product_cat-unkategorisiert","7":"pa_alcohol-for-filter-12-5","8":"pa_certified-biodynamic-ja-de","9":"pa_certified-organic-ja-de","10":"pa_colour-weiss","11":"pa_country-frankreich","12":"pa_grape-chardonnay","13":"pa_price-for-filter-10573","14":"pa_producer-henri-gilles-buisson","15":"pa_region-burgund","16":"pa_size-ml-6584","17":"pa_sweetness-trocken-de","18":"pa_type-2-still-de","19":"pa_vintage-2022-de","20":"entry","21":"has-media","23":"first","24":"instock","25":"taxable","26":"shipping-taxable","27":"purchasable","28":"product-type-simple"},"yoast_head":"<!-- This site is optimized with the Yoast SEO plugin v27.5 - https:\/\/yoast.com\/product\/yoast-seo-wordpress\/ -->\n<title>Henri &amp; Gilles Buisson Saint-Romain blanc Sous La Velle &quot;ABSULO&quot; 2022<\/title>\n<meta name=\"description\" content=\"Kaufe Henri &amp; Gilles Buisson Saint-Romain blanc Sous La Velle &quot;ABSULO&quot; 2022 (Chardonnay, trocken aus Burgund, Frankreich) bei Wein Werte, Ihrem nachhaltigen Onlineshop.\" \/>\n<meta name=\"robots\" content=\"index, follow, max-snippet:-1, max-image-preview:large, max-video-preview:-1\" \/>\n<link rel=\"canonical\" href=\"https:\/\/wein-werte.com\/de\/produkt\/henri-plus-gilles-buisson-saint-romain-blanc-sous-la-velle-absulo-2022-750ml\/\" \/>\n<meta property=\"og:locale\" content=\"de_DE\" \/>\n<meta property=\"og:type\" content=\"article\" \/>\n<meta property=\"og:title\" content=\"Henri &amp; Gilles Buisson Saint-Romain blanc Sous La Velle &quot;ABSULO&quot; 2022\" \/>\n<meta property=\"og:description\" content=\"Kaufe Henri &amp; Gilles Buisson Saint-Romain blanc Sous La Velle &quot;ABSULO&quot; 2022 (Chardonnay, trocken aus Burgund, Frankreich) bei Wein Werte, Ihrem nachhaltigen Onlineshop.\" \/>\n<meta property=\"og:url\" content=\"https:\/\/wein-werte.com\/de\/produkt\/henri-plus-gilles-buisson-saint-romain-blanc-sous-la-velle-absulo-2022-750ml\/\" \/>\n<meta property=\"og:site_name\" content=\"Wein Werte\" \/>\n<meta property=\"og:image\" content=\"https:\/\/wein-werte.com\/wp-content\/uploads\/2026\/04\/Henri-et-Gilles-Buisson-Saint-Romain-blanc-Sous-La-Velle-ABSULO-2022-750ml.png\" \/>\n\t<meta property=\"og:image:width\" content=\"327\" \/>\n\t<meta property=\"og:image:height\" content=\"1200\" \/>\n\t<meta property=\"og:image:type\" content=\"image\/png\" \/>\n<meta name=\"twitter:card\" content=\"summary_large_image\" \/>\n<meta name=\"twitter:label1\" content=\"Gesch\u00e4tzte Lesezeit\" \/>\n\t<meta name=\"twitter:data1\" content=\"1\u00a0Minute\" \/>\n<script type=\"application\/ld+json\" class=\"yoast-schema-graph\">{\"@context\":\"https:\\\/\\\/schema.org\",\"@graph\":[{\"@type\":\"WebPage\",\"@id\":\"https:\\\/\\\/wein-werte.com\\\/de\\\/produkt\\\/henri-plus-gilles-buisson-saint-romain-blanc-sous-la-velle-absulo-2022-750ml\\\/\",\"url\":\"https:\\\/\\\/wein-werte.com\\\/de\\\/produkt\\\/henri-plus-gilles-buisson-saint-romain-blanc-sous-la-velle-absulo-2022-750ml\\\/\",\"name\":\"Henri & Gilles Buisson Saint-Romain blanc Sous La Velle \\\"ABSULO\\\" 2022\",\"isPartOf\":{\"@id\":\"https:\\\/\\\/wein-werte.com\\\/de\\\/#website\"},\"primaryImageOfPage\":{\"@id\":\"https:\\\/\\\/wein-werte.com\\\/de\\\/produkt\\\/henri-plus-gilles-buisson-saint-romain-blanc-sous-la-velle-absulo-2022-750ml\\\/#primaryimage\"},\"image\":{\"@id\":\"https:\\\/\\\/wein-werte.com\\\/de\\\/produkt\\\/henri-plus-gilles-buisson-saint-romain-blanc-sous-la-velle-absulo-2022-750ml\\\/#primaryimage\"},\"thumbnailUrl\":\"https:\\\/\\\/wein-werte.com\\\/wp-content\\\/uploads\\\/2026\\\/04\\\/Henri-et-Gilles-Buisson-Saint-Romain-blanc-Sous-La-Velle-ABSULO-2022-750ml.png\",\"datePublished\":\"2026-05-05T16:15:20+00:00\",\"description\":\"Kaufe Henri & Gilles Buisson Saint-Romain blanc Sous La Velle \\\"ABSULO\\\" 2022 (Chardonnay, trocken aus Burgund, Frankreich) bei Wein Werte, Ihrem nachhaltigen Onlineshop.\",\"breadcrumb\":{\"@id\":\"https:\\\/\\\/wein-werte.com\\\/de\\\/produkt\\\/henri-plus-gilles-buisson-saint-romain-blanc-sous-la-velle-absulo-2022-750ml\\\/#breadcrumb\"},\"inLanguage\":\"de\",\"potentialAction\":[{\"@type\":\"ReadAction\",\"target\":[\"https:\\\/\\\/wein-werte.com\\\/de\\\/produkt\\\/henri-plus-gilles-buisson-saint-romain-blanc-sous-la-velle-absulo-2022-750ml\\\/\"]}]},{\"@type\":\"ImageObject\",\"inLanguage\":\"de\",\"@id\":\"https:\\\/\\\/wein-werte.com\\\/de\\\/produkt\\\/henri-plus-gilles-buisson-saint-romain-blanc-sous-la-velle-absulo-2022-750ml\\\/#primaryimage\",\"url\":\"https:\\\/\\\/wein-werte.com\\\/wp-content\\\/uploads\\\/2026\\\/04\\\/Henri-et-Gilles-Buisson-Saint-Romain-blanc-Sous-La-Velle-ABSULO-2022-750ml.png\",\"contentUrl\":\"https:\\\/\\\/wein-werte.com\\\/wp-content\\\/uploads\\\/2026\\\/04\\\/Henri-et-Gilles-Buisson-Saint-Romain-blanc-Sous-La-Velle-ABSULO-2022-750ml.png\",\"width\":327,\"height\":1200,\"caption\":\"Henri & Gilles Buisson Saint-Romain blanc Sous La Velle \\\"ABSULO\\\" AOC 2022 750ml\"},{\"@type\":\"BreadcrumbList\",\"@id\":\"https:\\\/\\\/wein-werte.com\\\/de\\\/produkt\\\/henri-plus-gilles-buisson-saint-romain-blanc-sous-la-velle-absulo-2022-750ml\\\/#breadcrumb\",\"itemListElement\":[{\"@type\":\"ListItem\",\"position\":1,\"name\":\"Home\",\"item\":\"https:\\\/\\\/wein-werte.com\\\/de\\\/\"},{\"@type\":\"ListItem\",\"position\":2,\"name\":\"Shop\",\"item\":\"https:\\\/\\\/wein-werte.com\\\/de\\\/shop\\\/\"},{\"@type\":\"ListItem\",\"position\":3,\"name\":\"Henri &#038; Gilles Buisson | Burgund | Saint-Romain blanc Sous La Velle &#8220;ABSULO&#8221; AOC | 2022 | 750ml | bio\"}]},{\"@type\":\"WebSite\",\"@id\":\"https:\\\/\\\/wein-werte.com\\\/de\\\/#website\",\"url\":\"https:\\\/\\\/wein-werte.com\\\/de\\\/\",\"name\":\"Wein Werte\",\"description\":\"\",\"publisher\":{\"@id\":\"https:\\\/\\\/wein-werte.com\\\/de\\\/#organization\"},\"potentialAction\":[{\"@type\":\"SearchAction\",\"target\":{\"@type\":\"EntryPoint\",\"urlTemplate\":\"https:\\\/\\\/wein-werte.com\\\/de\\\/?s={search_term_string}\"},\"query-input\":{\"@type\":\"PropertyValueSpecification\",\"valueRequired\":true,\"valueName\":\"search_term_string\"}}],\"inLanguage\":\"de\"},{\"@type\":\"Organization\",\"@id\":\"https:\\\/\\\/wein-werte.com\\\/de\\\/#organization\",\"name\":\"Vins Fins Thorrold\",\"url\":\"https:\\\/\\\/wein-werte.com\\\/de\\\/\",\"logo\":{\"@type\":\"ImageObject\",\"inLanguage\":\"de\",\"@id\":\"https:\\\/\\\/wein-werte.com\\\/de\\\/#\\\/schema\\\/logo\\\/image\\\/\",\"url\":\"https:\\\/\\\/wein-werte.com\\\/wp-content\\\/uploads\\\/2023\\\/07\\\/Wein_werte_Logo700-1.png\",\"contentUrl\":\"https:\\\/\\\/wein-werte.com\\\/wp-content\\\/uploads\\\/2023\\\/07\\\/Wein_werte_Logo700-1.png\",\"width\":700,\"height\":272,\"caption\":\"Vins Fins Thorrold\"},\"image\":{\"@id\":\"https:\\\/\\\/wein-werte.com\\\/de\\\/#\\\/schema\\\/logo\\\/image\\\/\"}}]}<\/script>\n<!-- \/ Yoast SEO plugin. -->","yoast_head_json":{"title":"Henri & Gilles Buisson Saint-Romain blanc Sous La Velle \"ABSULO\" 2022","description":"Kaufe Henri & Gilles Buisson Saint-Romain blanc Sous La Velle \"ABSULO\" 2022 (Chardonnay, trocken aus Burgund, Frankreich) bei Wein Werte, Ihrem nachhaltigen Onlineshop.","robots":{"index":"index","follow":"follow","max-snippet":"max-snippet:-1","max-image-preview":"max-image-preview:large","max-video-preview":"max-video-preview:-1"},"canonical":"https:\/\/wein-werte.com\/de\/produkt\/henri-plus-gilles-buisson-saint-romain-blanc-sous-la-velle-absulo-2022-750ml\/","og_locale":"de_DE","og_type":"article","og_title":"Henri & Gilles Buisson Saint-Romain blanc Sous La Velle \"ABSULO\" 2022","og_description":"Kaufe Henri & Gilles Buisson Saint-Romain blanc Sous La Velle \"ABSULO\" 2022 (Chardonnay, trocken aus Burgund, Frankreich) bei Wein Werte, Ihrem nachhaltigen Onlineshop.","og_url":"https:\/\/wein-werte.com\/de\/produkt\/henri-plus-gilles-buisson-saint-romain-blanc-sous-la-velle-absulo-2022-750ml\/","og_site_name":"Wein Werte","og_image":[{"width":327,"height":1200,"url":"https:\/\/wein-werte.com\/wp-content\/uploads\/2026\/04\/Henri-et-Gilles-Buisson-Saint-Romain-blanc-Sous-La-Velle-ABSULO-2022-750ml.png","type":"image\/png"}],"twitter_card":"summary_large_image","twitter_misc":{"Gesch\u00e4tzte Lesezeit":"1\u00a0Minute"},"schema":{"@context":"https:\/\/schema.org","@graph":[{"@type":"WebPage","@id":"https:\/\/wein-werte.com\/de\/produkt\/henri-plus-gilles-buisson-saint-romain-blanc-sous-la-velle-absulo-2022-750ml\/","url":"https:\/\/wein-werte.com\/de\/produkt\/henri-plus-gilles-buisson-saint-romain-blanc-sous-la-velle-absulo-2022-750ml\/","name":"Henri & Gilles Buisson Saint-Romain blanc Sous La Velle \"ABSULO\" 2022","isPartOf":{"@id":"https:\/\/wein-werte.com\/de\/#website"},"primaryImageOfPage":{"@id":"https:\/\/wein-werte.com\/de\/produkt\/henri-plus-gilles-buisson-saint-romain-blanc-sous-la-velle-absulo-2022-750ml\/#primaryimage"},"image":{"@id":"https:\/\/wein-werte.com\/de\/produkt\/henri-plus-gilles-buisson-saint-romain-blanc-sous-la-velle-absulo-2022-750ml\/#primaryimage"},"thumbnailUrl":"https:\/\/wein-werte.com\/wp-content\/uploads\/2026\/04\/Henri-et-Gilles-Buisson-Saint-Romain-blanc-Sous-La-Velle-ABSULO-2022-750ml.png","datePublished":"2026-05-05T16:15:20+00:00","description":"Kaufe Henri & Gilles Buisson Saint-Romain blanc Sous La Velle \"ABSULO\" 2022 (Chardonnay, trocken aus Burgund, Frankreich) bei Wein Werte, Ihrem nachhaltigen Onlineshop.","breadcrumb":{"@id":"https:\/\/wein-werte.com\/de\/produkt\/henri-plus-gilles-buisson-saint-romain-blanc-sous-la-velle-absulo-2022-750ml\/#breadcrumb"},"inLanguage":"de","potentialAction":[{"@type":"ReadAction","target":["https:\/\/wein-werte.com\/de\/produkt\/henri-plus-gilles-buisson-saint-romain-blanc-sous-la-velle-absulo-2022-750ml\/"]}]},{"@type":"ImageObject","inLanguage":"de","@id":"https:\/\/wein-werte.com\/de\/produkt\/henri-plus-gilles-buisson-saint-romain-blanc-sous-la-velle-absulo-2022-750ml\/#primaryimage","url":"https:\/\/wein-werte.com\/wp-content\/uploads\/2026\/04\/Henri-et-Gilles-Buisson-Saint-Romain-blanc-Sous-La-Velle-ABSULO-2022-750ml.png","contentUrl":"https:\/\/wein-werte.com\/wp-content\/uploads\/2026\/04\/Henri-et-Gilles-Buisson-Saint-Romain-blanc-Sous-La-Velle-ABSULO-2022-750ml.png","width":327,"height":1200,"caption":"Henri & Gilles Buisson Saint-Romain blanc Sous La Velle \"ABSULO\" AOC 2022 750ml"},{"@type":"BreadcrumbList","@id":"https:\/\/wein-werte.com\/de\/produkt\/henri-plus-gilles-buisson-saint-romain-blanc-sous-la-velle-absulo-2022-750ml\/#breadcrumb","itemListElement":[{"@type":"ListItem","position":1,"name":"Home","item":"https:\/\/wein-werte.com\/de\/"},{"@type":"ListItem","position":2,"name":"Shop","item":"https:\/\/wein-werte.com\/de\/shop\/"},{"@type":"ListItem","position":3,"name":"Henri &#038; Gilles Buisson | Burgund | Saint-Romain blanc Sous La Velle &#8220;ABSULO&#8221; AOC | 2022 | 750ml | bio"}]},{"@type":"WebSite","@id":"https:\/\/wein-werte.com\/de\/#website","url":"https:\/\/wein-werte.com\/de\/","name":"Wein Werte","description":"","publisher":{"@id":"https:\/\/wein-werte.com\/de\/#organization"},"potentialAction":[{"@type":"SearchAction","target":{"@type":"EntryPoint","urlTemplate":"https:\/\/wein-werte.com\/de\/?s={search_term_string}"},"query-input":{"@type":"PropertyValueSpecification","valueRequired":true,"valueName":"search_term_string"}}],"inLanguage":"de"},{"@type":"Organization","@id":"https:\/\/wein-werte.com\/de\/#organization","name":"Vins Fins Thorrold","url":"https:\/\/wein-werte.com\/de\/","logo":{"@type":"ImageObject","inLanguage":"de","@id":"https:\/\/wein-werte.com\/de\/#\/schema\/logo\/image\/","url":"https:\/\/wein-werte.com\/wp-content\/uploads\/2023\/07\/Wein_werte_Logo700-1.png","contentUrl":"https:\/\/wein-werte.com\/wp-content\/uploads\/2023\/07\/Wein_werte_Logo700-1.png","width":700,"height":272,"caption":"Vins Fins Thorrold"},"image":{"@id":"https:\/\/wein-werte.com\/de\/#\/schema\/logo\/image\/"}}]}},"_links":{"self":[{"href":"https:\/\/wein-werte.com\/de\/wp-json\/wp\/v2\/product\/1128757","targetHints":{"allow":["GET"]}}],"collection":[{"href":"https:\/\/wein-werte.com\/de\/wp-json\/wp\/v2\/product"}],"about":[{"href":"https:\/\/wein-werte.com\/de\/wp-json\/wp\/v2\/types\/product"}],"wp:featuredmedia":[{"embeddable":true,"href":"https:\/\/wein-werte.com\/de\/wp-json\/wp\/v2\/media\/1140316"}],"wp:attachment":[{"href":"https:\/\/wein-werte.com\/de\/wp-json\/wp\/v2\/media?parent=1128757"}],"wp:term":[{"taxonomy":"product_brand","embeddable":true,"href":"https:\/\/wein-werte.com\/de\/wp-json\/wp\/v2\/product_brand?post=1128757"},{"taxonomy":"product_cat","embeddable":true,"href":"https:\/\/wein-werte.com\/de\/wp-json\/wp\/v2\/product_cat?post=1128757"},{"taxonomy":"product_tag","embeddable":true,"href":"https:\/\/wein-werte.com\/de\/wp-json\/wp\/v2\/product_tag?post=1128757"}],"curies":[{"name":"wp","href":"https:\/\/api.w.org\/{rel}","templated":true}]}}