{"id":1128734,"date":"2026-05-08T20:00:04","date_gmt":"2026-05-08T18:00:04","guid":{"rendered":"https:\/\/wein-werte.com\/product\/henri-et-gilles-buisson-corton-grand-cru-les-renardes-2021-750ml\/"},"modified":"2026-04-27T11:43:09","modified_gmt":"2026-04-27T09:43:09","slug":"henri-plus-gilles-buisson-corton-grand-cru-les-renardes-2021-750ml","status":"publish","type":"product","link":"https:\/\/wein-werte.com\/de\/produkt\/henri-plus-gilles-buisson-corton-grand-cru-les-renardes-2021-750ml\/","title":{"rendered":"Henri &#038; Gilles Buisson | Burgund | Corton Grand Cru &#8220;Les Renardes&#8221; AOC | 2021 | 750ml | bio"},"content":{"rendered":"<p>Produktbeschreibung f\u00fcr Henri &#038; Gilles Buisson Corton Grand Cru &#8220;Les Renardes&#8221; AOC 2021 (bio)<\/p>\n<p> Die Familie Buisson geh\u00f6rt zu den \u00e4ltesten Einwohnern der Ortschaft Saint-Romain an der C\u00f4te de Beaune. Ihr Stammbaum ist dort bis ins 12. Jahrhundert nachweisbar. Seit mindestens 1758 sind sie Weinbauern. Als Saint-Romain 1947 eine eigene AOC erhielt, nutzte Henri die Chance und gr\u00fcndete sein eigenes Weingut mit zun\u00e4chst 5 Hektar. Henris Sohn Gilles ist sp\u00e4ter ins Weingut eingestiegen und hat es im Jahr 2000 auf 14 Hektar erweitert. Seine S\u00f6hne Franck und Fr\u00e9d\u00e9rick lie\u00dfen es 2009 biologisch zertifizieren. Henri allerdings hatte das Weingut schon seit den 1960er Jahren auf diese Weise bewirtschaftet. Seit 2018 wird offiziell nach Biodyvin-Richtlinien gearbeitet. Die Domaine teilt sich in 12 Hektar Pinot und 7 Hektar Chardonnay. Die wei\u00dfen und die roten Saint-Romains sind Archetypen der Appellation: pr\u00e4zise, transparent, vital und balanciert. Hinzu kommen Weine aus weiteren Beaune-Appellationen wie Pommard, Meursault oder Corton. <\/p>\n<p>Copyright Vinaturel 2025<\/p>\n<p>Keywords: <a href=\"https:\/\/wein-werte.com\/de\/shop\/?swoof=1&#038;pa_producer=Henri-&#038;-Gilles-Buisson\">Henri &#038; Gilles Buisson<\/a> <a href=\"https:\/\/wein-werte.com\/de\/shop\/?swoof=1&#038;woof_text=Corton Grand Cru \"Les Renardes\" AOC\">Corton Grand Cru &#8220;Les Renardes&#8221; AOC<\/a> 2021 bio <a href=\"https:\/\/wein-werte.com\/de\/shop\/?swoof=1&#038;pa_region=Burgund\">Burgund<\/a> <a href=\"https:\/\/wein-werte.com\/de\/shop\/?swoof=1&#038;pa_country=Frankreich\">Frankreich<\/a><\/p>\n<h3>Wine Advocate<\/h3>\n<p>Punkte: 93<\/p>\n<p>Mit Aromen von s\u00fc\u00dfen roten Beeren, Kirschen, Orangenschale, ger\u00e4uchertem Tee und Bl\u00fctenbl\u00e4ttern ist der Corton Grand Cru Les Renardes 2021 mittel- bis vollmundig, vollmundig und samtig, mit beeindruckender Tiefe und Reinheit der Frucht, geschmeidigen Tanninen und einem salzigen Abgang. Wie der Rognet \u00fcbertrifft er den Jahrgang in bemerkenswertem Ma\u00dfe und wird Burgunder-Puristen begeistern.<br \/>William Kelley<\/p>\n<p>Internetseite des Weinguts: <a href=\"https:\/\/www.domaine-buisson.com\/\" target=\"_blank\">https:\/\/www.domaine-buisson.com\/<\/a><\/p>\n","protected":false},"excerpt":{"rendered":"<p>Lieferzeit: 1 bis 2 Arbeitstage (DE), 2 bis 5 Arbeitstage (EU and CH)<\/p>\n","protected":false},"featured_media":1140300,"template":"","meta":[],"product_brand":[],"product_cat":[19],"product_tag":[],"class_list":{"0":"post-1128734","1":"product","2":"type-product","3":"status-publish","4":"has-post-thumbnail","6":"product_cat-unkategorisiert","7":"pa_alcohol-for-filter-12897","8":"pa_certified-biodynamic-ja-de","9":"pa_certified-organic-ja-de","10":"pa_colour-rot","11":"pa_country-frankreich","12":"pa_grape-pinot-noir-spatburgunder","13":"pa_parker-points-for-filter-93-de-2","14":"pa_price-for-filter-10596","15":"pa_producer-henri-gilles-buisson","16":"pa_region-burgund","17":"pa_size-ml-6584","18":"pa_sweetness-trocken-de","19":"pa_type-2-still-de","20":"pa_vintage-2021-de","21":"entry","22":"has-media","24":"first","25":"instock","26":"taxable","27":"shipping-taxable","28":"purchasable","29":"product-type-simple"},"yoast_head":"<!-- This site is optimized with the Yoast SEO plugin v27.5 - https:\/\/yoast.com\/product\/yoast-seo-wordpress\/ -->\n<title>Henri &amp; Gilles Buisson Corton Grand Cru &quot;Les Renardes&quot; 2021<\/title>\n<meta name=\"description\" content=\"Kaufe Henri &amp; Gilles Buisson Corton Grand Cru &quot;Les Renardes&quot; 2021 (Pinot Noir, trocken aus Burgund, Frankreich) bei Wein Werte, Ihrem nachhaltigen Onlineshop.\" \/>\n<meta name=\"robots\" content=\"index, follow, max-snippet:-1, max-image-preview:large, max-video-preview:-1\" \/>\n<link rel=\"canonical\" href=\"https:\/\/wein-werte.com\/de\/produkt\/henri-plus-gilles-buisson-corton-grand-cru-les-renardes-2021-750ml\/\" \/>\n<meta property=\"og:locale\" content=\"de_DE\" \/>\n<meta property=\"og:type\" content=\"article\" \/>\n<meta property=\"og:title\" content=\"Henri &amp; Gilles Buisson Corton Grand Cru &quot;Les Renardes&quot; 2021\" \/>\n<meta property=\"og:description\" content=\"Kaufe Henri &amp; Gilles Buisson Corton Grand Cru &quot;Les Renardes&quot; 2021 (Pinot Noir, trocken aus Burgund, Frankreich) bei Wein Werte, Ihrem nachhaltigen Onlineshop.\" \/>\n<meta property=\"og:url\" content=\"https:\/\/wein-werte.com\/de\/produkt\/henri-plus-gilles-buisson-corton-grand-cru-les-renardes-2021-750ml\/\" \/>\n<meta property=\"og:site_name\" content=\"Wein Werte\" \/>\n<meta property=\"og:image\" content=\"https:\/\/wein-werte.com\/wp-content\/uploads\/2026\/04\/Henri-et-Gilles-Buisson-Corton-Grand-Cru-Les-Renardes-2021-750ml.png\" \/>\n\t<meta property=\"og:image:width\" content=\"326\" \/>\n\t<meta property=\"og:image:height\" content=\"1200\" \/>\n\t<meta property=\"og:image:type\" content=\"image\/png\" \/>\n<meta name=\"twitter:card\" content=\"summary_large_image\" \/>\n<meta name=\"twitter:label1\" content=\"Gesch\u00e4tzte Lesezeit\" \/>\n\t<meta name=\"twitter:data1\" content=\"1\u00a0Minute\" \/>\n<script type=\"application\/ld+json\" class=\"yoast-schema-graph\">{\"@context\":\"https:\\\/\\\/schema.org\",\"@graph\":[{\"@type\":\"WebPage\",\"@id\":\"https:\\\/\\\/wein-werte.com\\\/de\\\/produkt\\\/henri-plus-gilles-buisson-corton-grand-cru-les-renardes-2021-750ml\\\/\",\"url\":\"https:\\\/\\\/wein-werte.com\\\/de\\\/produkt\\\/henri-plus-gilles-buisson-corton-grand-cru-les-renardes-2021-750ml\\\/\",\"name\":\"Henri & Gilles Buisson Corton Grand Cru \\\"Les Renardes\\\" 2021\",\"isPartOf\":{\"@id\":\"https:\\\/\\\/wein-werte.com\\\/de\\\/#website\"},\"primaryImageOfPage\":{\"@id\":\"https:\\\/\\\/wein-werte.com\\\/de\\\/produkt\\\/henri-plus-gilles-buisson-corton-grand-cru-les-renardes-2021-750ml\\\/#primaryimage\"},\"image\":{\"@id\":\"https:\\\/\\\/wein-werte.com\\\/de\\\/produkt\\\/henri-plus-gilles-buisson-corton-grand-cru-les-renardes-2021-750ml\\\/#primaryimage\"},\"thumbnailUrl\":\"https:\\\/\\\/wein-werte.com\\\/wp-content\\\/uploads\\\/2026\\\/04\\\/Henri-et-Gilles-Buisson-Corton-Grand-Cru-Les-Renardes-2021-750ml.png\",\"datePublished\":\"2026-05-08T18:00:04+00:00\",\"description\":\"Kaufe Henri & Gilles Buisson Corton Grand Cru \\\"Les Renardes\\\" 2021 (Pinot Noir, trocken aus Burgund, Frankreich) bei Wein Werte, Ihrem nachhaltigen Onlineshop.\",\"breadcrumb\":{\"@id\":\"https:\\\/\\\/wein-werte.com\\\/de\\\/produkt\\\/henri-plus-gilles-buisson-corton-grand-cru-les-renardes-2021-750ml\\\/#breadcrumb\"},\"inLanguage\":\"de\",\"potentialAction\":[{\"@type\":\"ReadAction\",\"target\":[\"https:\\\/\\\/wein-werte.com\\\/de\\\/produkt\\\/henri-plus-gilles-buisson-corton-grand-cru-les-renardes-2021-750ml\\\/\"]}]},{\"@type\":\"ImageObject\",\"inLanguage\":\"de\",\"@id\":\"https:\\\/\\\/wein-werte.com\\\/de\\\/produkt\\\/henri-plus-gilles-buisson-corton-grand-cru-les-renardes-2021-750ml\\\/#primaryimage\",\"url\":\"https:\\\/\\\/wein-werte.com\\\/wp-content\\\/uploads\\\/2026\\\/04\\\/Henri-et-Gilles-Buisson-Corton-Grand-Cru-Les-Renardes-2021-750ml.png\",\"contentUrl\":\"https:\\\/\\\/wein-werte.com\\\/wp-content\\\/uploads\\\/2026\\\/04\\\/Henri-et-Gilles-Buisson-Corton-Grand-Cru-Les-Renardes-2021-750ml.png\",\"width\":326,\"height\":1200,\"caption\":\"Henri & Gilles Buisson Corton Grand Cru \\\"Les Renardes\\\" AOC 2021 750ml\"},{\"@type\":\"BreadcrumbList\",\"@id\":\"https:\\\/\\\/wein-werte.com\\\/de\\\/produkt\\\/henri-plus-gilles-buisson-corton-grand-cru-les-renardes-2021-750ml\\\/#breadcrumb\",\"itemListElement\":[{\"@type\":\"ListItem\",\"position\":1,\"name\":\"Home\",\"item\":\"https:\\\/\\\/wein-werte.com\\\/de\\\/\"},{\"@type\":\"ListItem\",\"position\":2,\"name\":\"Shop\",\"item\":\"https:\\\/\\\/wein-werte.com\\\/de\\\/shop\\\/\"},{\"@type\":\"ListItem\",\"position\":3,\"name\":\"Henri &#038; Gilles Buisson | Burgund | Corton Grand Cru &#8220;Les Renardes&#8221; AOC | 2021 | 750ml | bio\"}]},{\"@type\":\"WebSite\",\"@id\":\"https:\\\/\\\/wein-werte.com\\\/de\\\/#website\",\"url\":\"https:\\\/\\\/wein-werte.com\\\/de\\\/\",\"name\":\"Wein Werte\",\"description\":\"\",\"publisher\":{\"@id\":\"https:\\\/\\\/wein-werte.com\\\/de\\\/#organization\"},\"potentialAction\":[{\"@type\":\"SearchAction\",\"target\":{\"@type\":\"EntryPoint\",\"urlTemplate\":\"https:\\\/\\\/wein-werte.com\\\/de\\\/?s={search_term_string}\"},\"query-input\":{\"@type\":\"PropertyValueSpecification\",\"valueRequired\":true,\"valueName\":\"search_term_string\"}}],\"inLanguage\":\"de\"},{\"@type\":\"Organization\",\"@id\":\"https:\\\/\\\/wein-werte.com\\\/de\\\/#organization\",\"name\":\"Vins Fins Thorrold\",\"url\":\"https:\\\/\\\/wein-werte.com\\\/de\\\/\",\"logo\":{\"@type\":\"ImageObject\",\"inLanguage\":\"de\",\"@id\":\"https:\\\/\\\/wein-werte.com\\\/de\\\/#\\\/schema\\\/logo\\\/image\\\/\",\"url\":\"https:\\\/\\\/wein-werte.com\\\/wp-content\\\/uploads\\\/2023\\\/07\\\/Wein_werte_Logo700-1.png\",\"contentUrl\":\"https:\\\/\\\/wein-werte.com\\\/wp-content\\\/uploads\\\/2023\\\/07\\\/Wein_werte_Logo700-1.png\",\"width\":700,\"height\":272,\"caption\":\"Vins Fins Thorrold\"},\"image\":{\"@id\":\"https:\\\/\\\/wein-werte.com\\\/de\\\/#\\\/schema\\\/logo\\\/image\\\/\"}}]}<\/script>\n<!-- \/ Yoast SEO plugin. -->","yoast_head_json":{"title":"Henri & Gilles Buisson Corton Grand Cru \"Les Renardes\" 2021","description":"Kaufe Henri & Gilles Buisson Corton Grand Cru \"Les Renardes\" 2021 (Pinot Noir, trocken aus Burgund, Frankreich) bei Wein Werte, Ihrem nachhaltigen Onlineshop.","robots":{"index":"index","follow":"follow","max-snippet":"max-snippet:-1","max-image-preview":"max-image-preview:large","max-video-preview":"max-video-preview:-1"},"canonical":"https:\/\/wein-werte.com\/de\/produkt\/henri-plus-gilles-buisson-corton-grand-cru-les-renardes-2021-750ml\/","og_locale":"de_DE","og_type":"article","og_title":"Henri & Gilles Buisson Corton Grand Cru \"Les Renardes\" 2021","og_description":"Kaufe Henri & Gilles Buisson Corton Grand Cru \"Les Renardes\" 2021 (Pinot Noir, trocken aus Burgund, Frankreich) bei Wein Werte, Ihrem nachhaltigen Onlineshop.","og_url":"https:\/\/wein-werte.com\/de\/produkt\/henri-plus-gilles-buisson-corton-grand-cru-les-renardes-2021-750ml\/","og_site_name":"Wein Werte","og_image":[{"width":326,"height":1200,"url":"https:\/\/wein-werte.com\/wp-content\/uploads\/2026\/04\/Henri-et-Gilles-Buisson-Corton-Grand-Cru-Les-Renardes-2021-750ml.png","type":"image\/png"}],"twitter_card":"summary_large_image","twitter_misc":{"Gesch\u00e4tzte Lesezeit":"1\u00a0Minute"},"schema":{"@context":"https:\/\/schema.org","@graph":[{"@type":"WebPage","@id":"https:\/\/wein-werte.com\/de\/produkt\/henri-plus-gilles-buisson-corton-grand-cru-les-renardes-2021-750ml\/","url":"https:\/\/wein-werte.com\/de\/produkt\/henri-plus-gilles-buisson-corton-grand-cru-les-renardes-2021-750ml\/","name":"Henri & Gilles Buisson Corton Grand Cru \"Les Renardes\" 2021","isPartOf":{"@id":"https:\/\/wein-werte.com\/de\/#website"},"primaryImageOfPage":{"@id":"https:\/\/wein-werte.com\/de\/produkt\/henri-plus-gilles-buisson-corton-grand-cru-les-renardes-2021-750ml\/#primaryimage"},"image":{"@id":"https:\/\/wein-werte.com\/de\/produkt\/henri-plus-gilles-buisson-corton-grand-cru-les-renardes-2021-750ml\/#primaryimage"},"thumbnailUrl":"https:\/\/wein-werte.com\/wp-content\/uploads\/2026\/04\/Henri-et-Gilles-Buisson-Corton-Grand-Cru-Les-Renardes-2021-750ml.png","datePublished":"2026-05-08T18:00:04+00:00","description":"Kaufe Henri & Gilles Buisson Corton Grand Cru \"Les Renardes\" 2021 (Pinot Noir, trocken aus Burgund, Frankreich) bei Wein Werte, Ihrem nachhaltigen Onlineshop.","breadcrumb":{"@id":"https:\/\/wein-werte.com\/de\/produkt\/henri-plus-gilles-buisson-corton-grand-cru-les-renardes-2021-750ml\/#breadcrumb"},"inLanguage":"de","potentialAction":[{"@type":"ReadAction","target":["https:\/\/wein-werte.com\/de\/produkt\/henri-plus-gilles-buisson-corton-grand-cru-les-renardes-2021-750ml\/"]}]},{"@type":"ImageObject","inLanguage":"de","@id":"https:\/\/wein-werte.com\/de\/produkt\/henri-plus-gilles-buisson-corton-grand-cru-les-renardes-2021-750ml\/#primaryimage","url":"https:\/\/wein-werte.com\/wp-content\/uploads\/2026\/04\/Henri-et-Gilles-Buisson-Corton-Grand-Cru-Les-Renardes-2021-750ml.png","contentUrl":"https:\/\/wein-werte.com\/wp-content\/uploads\/2026\/04\/Henri-et-Gilles-Buisson-Corton-Grand-Cru-Les-Renardes-2021-750ml.png","width":326,"height":1200,"caption":"Henri & Gilles Buisson Corton Grand Cru \"Les Renardes\" AOC 2021 750ml"},{"@type":"BreadcrumbList","@id":"https:\/\/wein-werte.com\/de\/produkt\/henri-plus-gilles-buisson-corton-grand-cru-les-renardes-2021-750ml\/#breadcrumb","itemListElement":[{"@type":"ListItem","position":1,"name":"Home","item":"https:\/\/wein-werte.com\/de\/"},{"@type":"ListItem","position":2,"name":"Shop","item":"https:\/\/wein-werte.com\/de\/shop\/"},{"@type":"ListItem","position":3,"name":"Henri &#038; Gilles Buisson | Burgund | Corton Grand Cru &#8220;Les Renardes&#8221; AOC | 2021 | 750ml | bio"}]},{"@type":"WebSite","@id":"https:\/\/wein-werte.com\/de\/#website","url":"https:\/\/wein-werte.com\/de\/","name":"Wein Werte","description":"","publisher":{"@id":"https:\/\/wein-werte.com\/de\/#organization"},"potentialAction":[{"@type":"SearchAction","target":{"@type":"EntryPoint","urlTemplate":"https:\/\/wein-werte.com\/de\/?s={search_term_string}"},"query-input":{"@type":"PropertyValueSpecification","valueRequired":true,"valueName":"search_term_string"}}],"inLanguage":"de"},{"@type":"Organization","@id":"https:\/\/wein-werte.com\/de\/#organization","name":"Vins Fins Thorrold","url":"https:\/\/wein-werte.com\/de\/","logo":{"@type":"ImageObject","inLanguage":"de","@id":"https:\/\/wein-werte.com\/de\/#\/schema\/logo\/image\/","url":"https:\/\/wein-werte.com\/wp-content\/uploads\/2023\/07\/Wein_werte_Logo700-1.png","contentUrl":"https:\/\/wein-werte.com\/wp-content\/uploads\/2023\/07\/Wein_werte_Logo700-1.png","width":700,"height":272,"caption":"Vins Fins Thorrold"},"image":{"@id":"https:\/\/wein-werte.com\/de\/#\/schema\/logo\/image\/"}}]}},"_links":{"self":[{"href":"https:\/\/wein-werte.com\/de\/wp-json\/wp\/v2\/product\/1128734","targetHints":{"allow":["GET"]}}],"collection":[{"href":"https:\/\/wein-werte.com\/de\/wp-json\/wp\/v2\/product"}],"about":[{"href":"https:\/\/wein-werte.com\/de\/wp-json\/wp\/v2\/types\/product"}],"wp:featuredmedia":[{"embeddable":true,"href":"https:\/\/wein-werte.com\/de\/wp-json\/wp\/v2\/media\/1140300"}],"wp:attachment":[{"href":"https:\/\/wein-werte.com\/de\/wp-json\/wp\/v2\/media?parent=1128734"}],"wp:term":[{"taxonomy":"product_brand","embeddable":true,"href":"https:\/\/wein-werte.com\/de\/wp-json\/wp\/v2\/product_brand?post=1128734"},{"taxonomy":"product_cat","embeddable":true,"href":"https:\/\/wein-werte.com\/de\/wp-json\/wp\/v2\/product_cat?post=1128734"},{"taxonomy":"product_tag","embeddable":true,"href":"https:\/\/wein-werte.com\/de\/wp-json\/wp\/v2\/product_tag?post=1128734"}],"curies":[{"name":"wp","href":"https:\/\/api.w.org\/{rel}","templated":true}]}}