{"id":1128714,"date":"2026-05-05T18:13:09","date_gmt":"2026-05-05T16:13:09","guid":{"rendered":"https:\/\/wein-werte.com\/product\/henri-et-gilles-buisson-saint-romain-rouge-combe-bazin-2021-750ml\/"},"modified":"2026-04-27T11:43:06","modified_gmt":"2026-04-27T09:43:06","slug":"henri-plus-gilles-buisson-saint-romain-rouge-combe-bazin-2021-750ml","status":"publish","type":"product","link":"https:\/\/wein-werte.com\/de\/produkt\/henri-plus-gilles-buisson-saint-romain-rouge-combe-bazin-2021-750ml\/","title":{"rendered":"Henri &#038; Gilles Buisson | Burgund | Saint-Romain rouge &#8220;Combe Bazin&#8221; AOC | 2021 | 750ml | bio"},"content":{"rendered":"<p>Produktbeschreibung f\u00fcr Henri &#038; Gilles Buisson Saint-Romain rouge &#8220;Combe Bazin&#8221; AOC 2021 (bio) <\/p>\n<h5>Information<\/h5>\n<p> Der Saint-Romain Combe Bazin stammt aus der gleichnamigen Lage im s\u00fcd\u00f6stlichen Bereich der Appellation Richtung Auxey-Duresses. Combe Bazin ist gleichfalls nach S\u00fcdosten ausgerichtet und liegt auf 360 Metern. Im Weinberg mit wei\u00dfem Kalkboden, dem sogenannten Calcosol sur marne de Saint-Romain, stehen 30 Jahre alte Reben. Nach der Handlese erfolgte die teilweise Entrappung und spontane Verg\u00e4rung im Edelstahl-Cuve sowie eine Mischung aus Pigeage und Remontage, also ein Untersto\u00dfen und \u00dcberschwallen des Tresterhuts. Die malolaktische G\u00e4rung geschah spontan in den F\u00e4ssern. Der Ausbau lief \u00fcber zehn bis zw\u00f6lf Monate in einer Mischung aus 228-, 350- und 500-Liter-Barriques sowie in Tonneaux, von denen h\u00f6chstens 10 % j\u00e4hrlich ersetzt werden. Der Wein wurde t\u00e4glich probiert, und die F\u00e4sser wurden abgezogen, sofern es Fr\u00e9d\u00e9ric Buisson f\u00fcr sinnvoll hielt. Es wurde mit Bentonit gesch\u00f6nt und nur sehr grob filtriert. Geschwefelt wurde erst bei der F\u00fcllung mit h\u00f6chstens 40 bis 50 mg\/l Gesamt-Sulfit. <\/p>\n<h5>Farbe<\/h5>\n<p> mittleres, leicht transparentes Karminrot <\/p>\n<h5>Nase<\/h5>\n<p> Der Saint-Romain Combe Bazin 2021 ist ein floraler Wein, der an Rosenbl\u00fcten und Heckenrosen erinnert. Hinzu kommen Noten von S\u00fc\u00df- und Sauerkirschen und etwas Abrieb von Blutorangen. Darunter findet man etwas Unterholz und blonden Tabak. Das wirkt elegant und transparent. <\/p>\n<h5>Gaumen<\/h5>\n<p> Am Gaumen zeigt der Saint-Romain eine \u00e4hnliche Transparenz zwischen Bl\u00fcten, vor allem roten Fr\u00fcchten und Unterholz mit einem noch etwas rauen Tannin und einer lebendigen S\u00e4ure. Der Pinot Noir wirkt linear und frisch am Gaumen mit ein wenig W\u00e4rme, aber auch mit herben Noten im Finale. Er braucht noch ein wenig Zeit, um sich zu finden.<\/p>\n<p>Copyright Vinaturel 2025<\/p>\n<p>Keywords: <a href=\"https:\/\/wein-werte.com\/de\/shop\/?swoof=1&#038;pa_producer=Henri-&#038;-Gilles-Buisson\">Henri &#038; Gilles Buisson<\/a> <a href=\"https:\/\/wein-werte.com\/de\/shop\/?swoof=1&#038;woof_text=Saint-Romain rouge \"Combe Bazin\" AOC\">Saint-Romain rouge &#8220;Combe Bazin&#8221; AOC<\/a> 2021 bio <a href=\"https:\/\/wein-werte.com\/de\/shop\/?swoof=1&#038;pa_region=Burgund\">Burgund<\/a> <a href=\"https:\/\/wein-werte.com\/de\/shop\/?swoof=1&#038;pa_country=Frankreich\">Frankreich<\/a><\/p>\n<h3>Wine Advocate<\/h3>\n<p>Punkte: 88<\/p>\n<p>Der Saint-Romain Combe Bazin 2021 ist straff und kreidig und enth\u00fcllt Aromen von Himbeeren und Preiselbeeren, gefolgt von einem mittelkr\u00e4ftigen, salzigen Geschmack mit einer w\u00fcrzigen S\u00e4urenote. Es ist ein strahlender, rassiger Wein von dieser steinigen, nach S\u00fcden ausgerichteten Lage. Dieses 19 Hektar gro\u00dfe Weingut, Saint-Romains Bezugspunkt, f\u00fcllt seit den sp\u00e4ten 40er-Jahren seine Weine ab und betreibt seit den 70er-Jahren biologischen Anbau. Heute leiten die Br\u00fcder Franck und Fr\u00e9d\u00e9rick Buisson die Weinberge und den Keller, wo die Wei\u00dfweintrauben sortiert, zerkleinert und zweieinhalb Stunden lang gepresst werden und der Most mit minimaler Kl\u00e4rung in F\u00e4sser abgef\u00fcllt wird. Die Rotweine werden schonend extrahiert, im Allgemeinen mit etwa 50 % ganzen Trauben, obwohl dieser Anteil 2021 aufgrund der Jahrgangsbedingungen etwas reduziert wurde. Das Ergebnis sind elegant strukturierte, ziselierte Weine, die sehr gut altern k\u00f6nnen, denen man aber auch jung nur schwer widerstehen kann. Nach einer Reihe sonniger Jahrg\u00e4nge, in denen die H\u00f6henlage von Saint-Romain dazu beitrug, die Frische zu bewahren, sollte man den 2021er nicht au\u00dfer Acht lassen. Ein anspruchsvolleres Jahr, das dennoch einige wunderbar elektrisierende, salzige Wei\u00dfweine und parf\u00fcmierte, geschmeidige Rotweine hervorgebracht hat.<br \/>William Kelley<\/p>\n<p>Internetseite des Weinguts: <a href=\"https:\/\/www.domaine-buisson.com\/\" target=\"_blank\">https:\/\/www.domaine-buisson.com\/<\/a><\/p>\n","protected":false},"excerpt":{"rendered":"<p>Lieferzeit: 1 bis 2 Arbeitstage (DE), 2 bis 5 Arbeitstage (EU and CH)<\/p>\n","protected":false},"featured_media":1140284,"template":"","meta":[],"product_brand":[],"product_cat":[19],"product_tag":[],"class_list":{"0":"post-1128714","1":"product","2":"type-product","3":"status-publish","4":"has-post-thumbnail","6":"product_cat-unkategorisiert","7":"pa_alcohol-for-filter-12897","8":"pa_certified-biodynamic-ja-de","9":"pa_certified-organic-ja-de","10":"pa_colour-rot","11":"pa_country-frankreich","12":"pa_grape-pinot-noir-spatburgunder","13":"pa_parker-points-for-filter-88-de-2","14":"pa_price-for-filter-10595","15":"pa_producer-henri-gilles-buisson","16":"pa_region-burgund","17":"pa_size-ml-6584","18":"pa_sweetness-trocken-de","19":"pa_type-2-still-de","20":"pa_vintage-2021-de","21":"entry","22":"has-media","24":"first","25":"instock","26":"taxable","27":"shipping-taxable","28":"purchasable","29":"product-type-simple"},"yoast_head":"<!-- This site is optimized with the Yoast SEO plugin v27.5 - https:\/\/yoast.com\/product\/yoast-seo-wordpress\/ -->\n<title>Henri &amp; Gilles Buisson Saint-Romain rouge &quot;Combe Bazin&quot; 2021<\/title>\n<meta name=\"description\" content=\"Kaufe Henri &amp; Gilles Buisson Saint-Romain rouge &quot;Combe Bazin&quot; 2021 (Pinot Noir, trocken aus Burgund, Frankreich) bei Wein Werte, Ihrem nachhaltigen Onlineshop.\" \/>\n<meta name=\"robots\" content=\"index, follow, max-snippet:-1, max-image-preview:large, max-video-preview:-1\" \/>\n<link rel=\"canonical\" href=\"https:\/\/wein-werte.com\/de\/produkt\/henri-plus-gilles-buisson-saint-romain-rouge-combe-bazin-2021-750ml\/\" \/>\n<meta property=\"og:locale\" content=\"de_DE\" \/>\n<meta property=\"og:type\" content=\"article\" \/>\n<meta property=\"og:title\" content=\"Henri &amp; Gilles Buisson Saint-Romain rouge &quot;Combe Bazin&quot; 2021\" \/>\n<meta property=\"og:description\" content=\"Kaufe Henri &amp; Gilles Buisson Saint-Romain rouge &quot;Combe Bazin&quot; 2021 (Pinot Noir, trocken aus Burgund, Frankreich) bei Wein Werte, Ihrem nachhaltigen Onlineshop.\" \/>\n<meta property=\"og:url\" content=\"https:\/\/wein-werte.com\/de\/produkt\/henri-plus-gilles-buisson-saint-romain-rouge-combe-bazin-2021-750ml\/\" \/>\n<meta property=\"og:site_name\" content=\"Wein Werte\" \/>\n<meta property=\"og:image\" content=\"https:\/\/wein-werte.com\/wp-content\/uploads\/2026\/04\/Henri-et-Gilles-Buisson-Saint-Romain-rouge-Combe-Bazin-2021-750ml.png\" \/>\n\t<meta property=\"og:image:width\" content=\"327\" \/>\n\t<meta property=\"og:image:height\" content=\"1200\" \/>\n\t<meta property=\"og:image:type\" content=\"image\/png\" \/>\n<meta name=\"twitter:card\" content=\"summary_large_image\" \/>\n<meta name=\"twitter:label1\" content=\"Gesch\u00e4tzte Lesezeit\" \/>\n\t<meta name=\"twitter:data1\" content=\"3\u00a0Minuten\" \/>\n<script type=\"application\/ld+json\" class=\"yoast-schema-graph\">{\"@context\":\"https:\\\/\\\/schema.org\",\"@graph\":[{\"@type\":\"WebPage\",\"@id\":\"https:\\\/\\\/wein-werte.com\\\/de\\\/produkt\\\/henri-plus-gilles-buisson-saint-romain-rouge-combe-bazin-2021-750ml\\\/\",\"url\":\"https:\\\/\\\/wein-werte.com\\\/de\\\/produkt\\\/henri-plus-gilles-buisson-saint-romain-rouge-combe-bazin-2021-750ml\\\/\",\"name\":\"Henri & Gilles Buisson Saint-Romain rouge \\\"Combe Bazin\\\" 2021\",\"isPartOf\":{\"@id\":\"https:\\\/\\\/wein-werte.com\\\/de\\\/#website\"},\"primaryImageOfPage\":{\"@id\":\"https:\\\/\\\/wein-werte.com\\\/de\\\/produkt\\\/henri-plus-gilles-buisson-saint-romain-rouge-combe-bazin-2021-750ml\\\/#primaryimage\"},\"image\":{\"@id\":\"https:\\\/\\\/wein-werte.com\\\/de\\\/produkt\\\/henri-plus-gilles-buisson-saint-romain-rouge-combe-bazin-2021-750ml\\\/#primaryimage\"},\"thumbnailUrl\":\"https:\\\/\\\/wein-werte.com\\\/wp-content\\\/uploads\\\/2026\\\/04\\\/Henri-et-Gilles-Buisson-Saint-Romain-rouge-Combe-Bazin-2021-750ml.png\",\"datePublished\":\"2026-05-05T16:13:09+00:00\",\"description\":\"Kaufe Henri & Gilles Buisson Saint-Romain rouge \\\"Combe Bazin\\\" 2021 (Pinot Noir, trocken aus Burgund, Frankreich) bei Wein Werte, Ihrem nachhaltigen Onlineshop.\",\"breadcrumb\":{\"@id\":\"https:\\\/\\\/wein-werte.com\\\/de\\\/produkt\\\/henri-plus-gilles-buisson-saint-romain-rouge-combe-bazin-2021-750ml\\\/#breadcrumb\"},\"inLanguage\":\"de\",\"potentialAction\":[{\"@type\":\"ReadAction\",\"target\":[\"https:\\\/\\\/wein-werte.com\\\/de\\\/produkt\\\/henri-plus-gilles-buisson-saint-romain-rouge-combe-bazin-2021-750ml\\\/\"]}]},{\"@type\":\"ImageObject\",\"inLanguage\":\"de\",\"@id\":\"https:\\\/\\\/wein-werte.com\\\/de\\\/produkt\\\/henri-plus-gilles-buisson-saint-romain-rouge-combe-bazin-2021-750ml\\\/#primaryimage\",\"url\":\"https:\\\/\\\/wein-werte.com\\\/wp-content\\\/uploads\\\/2026\\\/04\\\/Henri-et-Gilles-Buisson-Saint-Romain-rouge-Combe-Bazin-2021-750ml.png\",\"contentUrl\":\"https:\\\/\\\/wein-werte.com\\\/wp-content\\\/uploads\\\/2026\\\/04\\\/Henri-et-Gilles-Buisson-Saint-Romain-rouge-Combe-Bazin-2021-750ml.png\",\"width\":327,\"height\":1200,\"caption\":\"Henri & Gilles Buisson Saint-Romain rouge \\\"Combe Bazin\\\" AOC 2021 750ml\"},{\"@type\":\"BreadcrumbList\",\"@id\":\"https:\\\/\\\/wein-werte.com\\\/de\\\/produkt\\\/henri-plus-gilles-buisson-saint-romain-rouge-combe-bazin-2021-750ml\\\/#breadcrumb\",\"itemListElement\":[{\"@type\":\"ListItem\",\"position\":1,\"name\":\"Home\",\"item\":\"https:\\\/\\\/wein-werte.com\\\/de\\\/\"},{\"@type\":\"ListItem\",\"position\":2,\"name\":\"Shop\",\"item\":\"https:\\\/\\\/wein-werte.com\\\/de\\\/shop\\\/\"},{\"@type\":\"ListItem\",\"position\":3,\"name\":\"Henri &#038; Gilles Buisson | Burgund | Saint-Romain rouge &#8220;Combe Bazin&#8221; AOC | 2021 | 750ml | bio\"}]},{\"@type\":\"WebSite\",\"@id\":\"https:\\\/\\\/wein-werte.com\\\/de\\\/#website\",\"url\":\"https:\\\/\\\/wein-werte.com\\\/de\\\/\",\"name\":\"Wein Werte\",\"description\":\"\",\"publisher\":{\"@id\":\"https:\\\/\\\/wein-werte.com\\\/de\\\/#organization\"},\"potentialAction\":[{\"@type\":\"SearchAction\",\"target\":{\"@type\":\"EntryPoint\",\"urlTemplate\":\"https:\\\/\\\/wein-werte.com\\\/de\\\/?s={search_term_string}\"},\"query-input\":{\"@type\":\"PropertyValueSpecification\",\"valueRequired\":true,\"valueName\":\"search_term_string\"}}],\"inLanguage\":\"de\"},{\"@type\":\"Organization\",\"@id\":\"https:\\\/\\\/wein-werte.com\\\/de\\\/#organization\",\"name\":\"Vins Fins Thorrold\",\"url\":\"https:\\\/\\\/wein-werte.com\\\/de\\\/\",\"logo\":{\"@type\":\"ImageObject\",\"inLanguage\":\"de\",\"@id\":\"https:\\\/\\\/wein-werte.com\\\/de\\\/#\\\/schema\\\/logo\\\/image\\\/\",\"url\":\"https:\\\/\\\/wein-werte.com\\\/wp-content\\\/uploads\\\/2023\\\/07\\\/Wein_werte_Logo700-1.png\",\"contentUrl\":\"https:\\\/\\\/wein-werte.com\\\/wp-content\\\/uploads\\\/2023\\\/07\\\/Wein_werte_Logo700-1.png\",\"width\":700,\"height\":272,\"caption\":\"Vins Fins Thorrold\"},\"image\":{\"@id\":\"https:\\\/\\\/wein-werte.com\\\/de\\\/#\\\/schema\\\/logo\\\/image\\\/\"}}]}<\/script>\n<!-- \/ Yoast SEO plugin. -->","yoast_head_json":{"title":"Henri & Gilles Buisson Saint-Romain rouge \"Combe Bazin\" 2021","description":"Kaufe Henri & Gilles Buisson Saint-Romain rouge \"Combe Bazin\" 2021 (Pinot Noir, trocken aus Burgund, Frankreich) bei Wein Werte, Ihrem nachhaltigen Onlineshop.","robots":{"index":"index","follow":"follow","max-snippet":"max-snippet:-1","max-image-preview":"max-image-preview:large","max-video-preview":"max-video-preview:-1"},"canonical":"https:\/\/wein-werte.com\/de\/produkt\/henri-plus-gilles-buisson-saint-romain-rouge-combe-bazin-2021-750ml\/","og_locale":"de_DE","og_type":"article","og_title":"Henri & Gilles Buisson Saint-Romain rouge \"Combe Bazin\" 2021","og_description":"Kaufe Henri & Gilles Buisson Saint-Romain rouge \"Combe Bazin\" 2021 (Pinot Noir, trocken aus Burgund, Frankreich) bei Wein Werte, Ihrem nachhaltigen Onlineshop.","og_url":"https:\/\/wein-werte.com\/de\/produkt\/henri-plus-gilles-buisson-saint-romain-rouge-combe-bazin-2021-750ml\/","og_site_name":"Wein Werte","og_image":[{"width":327,"height":1200,"url":"https:\/\/wein-werte.com\/wp-content\/uploads\/2026\/04\/Henri-et-Gilles-Buisson-Saint-Romain-rouge-Combe-Bazin-2021-750ml.png","type":"image\/png"}],"twitter_card":"summary_large_image","twitter_misc":{"Gesch\u00e4tzte Lesezeit":"3\u00a0Minuten"},"schema":{"@context":"https:\/\/schema.org","@graph":[{"@type":"WebPage","@id":"https:\/\/wein-werte.com\/de\/produkt\/henri-plus-gilles-buisson-saint-romain-rouge-combe-bazin-2021-750ml\/","url":"https:\/\/wein-werte.com\/de\/produkt\/henri-plus-gilles-buisson-saint-romain-rouge-combe-bazin-2021-750ml\/","name":"Henri & Gilles Buisson Saint-Romain rouge \"Combe Bazin\" 2021","isPartOf":{"@id":"https:\/\/wein-werte.com\/de\/#website"},"primaryImageOfPage":{"@id":"https:\/\/wein-werte.com\/de\/produkt\/henri-plus-gilles-buisson-saint-romain-rouge-combe-bazin-2021-750ml\/#primaryimage"},"image":{"@id":"https:\/\/wein-werte.com\/de\/produkt\/henri-plus-gilles-buisson-saint-romain-rouge-combe-bazin-2021-750ml\/#primaryimage"},"thumbnailUrl":"https:\/\/wein-werte.com\/wp-content\/uploads\/2026\/04\/Henri-et-Gilles-Buisson-Saint-Romain-rouge-Combe-Bazin-2021-750ml.png","datePublished":"2026-05-05T16:13:09+00:00","description":"Kaufe Henri & Gilles Buisson Saint-Romain rouge \"Combe Bazin\" 2021 (Pinot Noir, trocken aus Burgund, Frankreich) bei Wein Werte, Ihrem nachhaltigen Onlineshop.","breadcrumb":{"@id":"https:\/\/wein-werte.com\/de\/produkt\/henri-plus-gilles-buisson-saint-romain-rouge-combe-bazin-2021-750ml\/#breadcrumb"},"inLanguage":"de","potentialAction":[{"@type":"ReadAction","target":["https:\/\/wein-werte.com\/de\/produkt\/henri-plus-gilles-buisson-saint-romain-rouge-combe-bazin-2021-750ml\/"]}]},{"@type":"ImageObject","inLanguage":"de","@id":"https:\/\/wein-werte.com\/de\/produkt\/henri-plus-gilles-buisson-saint-romain-rouge-combe-bazin-2021-750ml\/#primaryimage","url":"https:\/\/wein-werte.com\/wp-content\/uploads\/2026\/04\/Henri-et-Gilles-Buisson-Saint-Romain-rouge-Combe-Bazin-2021-750ml.png","contentUrl":"https:\/\/wein-werte.com\/wp-content\/uploads\/2026\/04\/Henri-et-Gilles-Buisson-Saint-Romain-rouge-Combe-Bazin-2021-750ml.png","width":327,"height":1200,"caption":"Henri & Gilles Buisson Saint-Romain rouge \"Combe Bazin\" AOC 2021 750ml"},{"@type":"BreadcrumbList","@id":"https:\/\/wein-werte.com\/de\/produkt\/henri-plus-gilles-buisson-saint-romain-rouge-combe-bazin-2021-750ml\/#breadcrumb","itemListElement":[{"@type":"ListItem","position":1,"name":"Home","item":"https:\/\/wein-werte.com\/de\/"},{"@type":"ListItem","position":2,"name":"Shop","item":"https:\/\/wein-werte.com\/de\/shop\/"},{"@type":"ListItem","position":3,"name":"Henri &#038; Gilles Buisson | Burgund | Saint-Romain rouge &#8220;Combe Bazin&#8221; AOC | 2021 | 750ml | bio"}]},{"@type":"WebSite","@id":"https:\/\/wein-werte.com\/de\/#website","url":"https:\/\/wein-werte.com\/de\/","name":"Wein Werte","description":"","publisher":{"@id":"https:\/\/wein-werte.com\/de\/#organization"},"potentialAction":[{"@type":"SearchAction","target":{"@type":"EntryPoint","urlTemplate":"https:\/\/wein-werte.com\/de\/?s={search_term_string}"},"query-input":{"@type":"PropertyValueSpecification","valueRequired":true,"valueName":"search_term_string"}}],"inLanguage":"de"},{"@type":"Organization","@id":"https:\/\/wein-werte.com\/de\/#organization","name":"Vins Fins Thorrold","url":"https:\/\/wein-werte.com\/de\/","logo":{"@type":"ImageObject","inLanguage":"de","@id":"https:\/\/wein-werte.com\/de\/#\/schema\/logo\/image\/","url":"https:\/\/wein-werte.com\/wp-content\/uploads\/2023\/07\/Wein_werte_Logo700-1.png","contentUrl":"https:\/\/wein-werte.com\/wp-content\/uploads\/2023\/07\/Wein_werte_Logo700-1.png","width":700,"height":272,"caption":"Vins Fins Thorrold"},"image":{"@id":"https:\/\/wein-werte.com\/de\/#\/schema\/logo\/image\/"}}]}},"_links":{"self":[{"href":"https:\/\/wein-werte.com\/de\/wp-json\/wp\/v2\/product\/1128714","targetHints":{"allow":["GET"]}}],"collection":[{"href":"https:\/\/wein-werte.com\/de\/wp-json\/wp\/v2\/product"}],"about":[{"href":"https:\/\/wein-werte.com\/de\/wp-json\/wp\/v2\/types\/product"}],"wp:featuredmedia":[{"embeddable":true,"href":"https:\/\/wein-werte.com\/de\/wp-json\/wp\/v2\/media\/1140284"}],"wp:attachment":[{"href":"https:\/\/wein-werte.com\/de\/wp-json\/wp\/v2\/media?parent=1128714"}],"wp:term":[{"taxonomy":"product_brand","embeddable":true,"href":"https:\/\/wein-werte.com\/de\/wp-json\/wp\/v2\/product_brand?post=1128714"},{"taxonomy":"product_cat","embeddable":true,"href":"https:\/\/wein-werte.com\/de\/wp-json\/wp\/v2\/product_cat?post=1128714"},{"taxonomy":"product_tag","embeddable":true,"href":"https:\/\/wein-werte.com\/de\/wp-json\/wp\/v2\/product_tag?post=1128714"}],"curies":[{"name":"wp","href":"https:\/\/api.w.org\/{rel}","templated":true}]}}