{"id":1128679,"date":"2026-05-08T20:00:02","date_gmt":"2026-05-08T18:00:02","guid":{"rendered":"https:\/\/wein-werte.com\/product\/marcoux-chateauneuf-du-pape-rouge-2021-750ml\/"},"modified":"2026-04-27T11:43:02","modified_gmt":"2026-04-27T09:43:02","slug":"marcoux-chateauneuf-du-pape-rouge-2021-750ml","status":"publish","type":"product","link":"https:\/\/wein-werte.com\/de\/produkt\/marcoux-chateauneuf-du-pape-rouge-2021-750ml\/","title":{"rendered":"Marcoux | Rhone (S\u00fcd) | Ch\u00e2teauneuf-du-Pape rouge AOC | 2021 | 750ml | bio"},"content":{"rendered":"<p>Produktbeschreibung f\u00fcr Marcoux Ch\u00e2teauneuf-du-Pape rouge AOC 2021 (bio) <\/p>\n<h5>Info<\/h5>\n<p> Die Weinberge der Domaine de Marcoux werden seit 1991 biologisch bewirtschaftet. Grenache Noir ist zwar mit 80% die vorherrschende Rebsorte, aber die Vielfalt der B\u00f6den sowie komplement\u00e4re Rebsorten sorgen f\u00fcr ein stimmiges und komplexes Ergebnis. Aus insgesamt 13 Parzellen und damit sehr variablen Bodentypen flie\u00dfen neben Grenache auch 10% Mourv\u00e8dre, 7% Syrah und 3% Cinsault in diese Cuv\u00e9e. Durch die unterschiedlichen Herk\u00fcnfte variiert auch der Reifegrad. Die Selektion erfolgt zun\u00e4chst manuell im Weinberg als auch sp\u00e4ter auf dem Sortiertisch. Die Trauben werden komplett entrappt, angequetscht und kalt mazeriert. Die Fermentation findet auch temperaturgesteuert statt und der Tresterhut t\u00e4glich durch \u201eremontage\u201c \u00fcbergossen. Die Mazeration dauert ca. 5 Wochen an. F\u00fcr 18 Monate reift dann der Wein vor allem in Zementtanks sowie erg\u00e4nzend in einigen Fudern und 350l-Eichenf\u00e4ssern. <\/p>\n<h5>Farbe<\/h5>\n<p> Dunkles, dichtes Purpur mit zartvioletten Reflexen und heller werdendem Rand <\/p>\n<h5>Nase<\/h5>\n<p> Die Nase lebt von W\u00fcrze und dunkler Frucht zugleich. Schattenmorelle, Brombeere, Heidelbeere sowie ein Hauch von Cassis pr\u00e4gen die Nase. Ebenso tief dunkel kommt seine W\u00fcrze daher. Wacholderbeere, bunter Pfeffer in all seinen Facetten von rot \u00fcber gr\u00fcn zu schwarz Lorbeerbl\u00e4tter und Muskatnuss. Mit Geduld lassen sich auch Hagebutte sowie etwas Rooibos entdecken. Diese tiefe, erdige Komponente wei\u00df zu \u00fcberzeugen. Er verspr\u00fcht Ankl\u00e4nge von ger\u00f6stetem Kaffee und Schokolade jenseits der 80%. Ungew\u00f6hnlich kommen hierzu &#8211; daf\u00fcr aber umso erfrischender \u2013 Minze und Kaffir-Limettenbl\u00e4tter zum Vorschein. <\/p>\n<h5>Gaumen<\/h5>\n<p> Im Antrunk ist die Frucht dann total weit ge\u00f6ffnet und wirkt einladend. Sie schwank zwischen rot und schwarz und wirkt dabei stets wohlig w\u00e4rmend. Die Frucht ist sehr gut mit der packenden S\u00e4urestruktur balanciert. Das Tannin zeigt gr\u00fcne Akzente, die wunderbar f\u00fcr zus\u00e4tzliche Frische, Fleischigkeit und Saftigkeit zugleich sorgen. Das packet zu und l\u00e4dt direkt zum Weitertrinken ein. Dadurch entsteht ein gezehrter, blutiger Charakter, der mich sehr in seinen Bann zieht.<\/p>\n<p>Copyright Vinaturel 2025<\/p>\n<p>Keywords: <a href=\"https:\/\/wein-werte.com\/de\/shop\/?swoof=1&#038;pa_producer=Marcoux\">Marcoux<\/a> <a href=\"https:\/\/wein-werte.com\/de\/shop\/?swoof=1&#038;woof_text=Ch\u00e2teauneuf-du-Pape rouge AOC\">Ch\u00e2teauneuf-du-Pape rouge AOC<\/a> 2021 bio <a href=\"https:\/\/wein-werte.com\/shop\/?swoof=1&#038;pa_region=Rhone (S\u00fcd)\">Rhone-(S\u00fcd)<\/a> <a href=\"https:\/\/wein-werte.com\/de\/shop\/?swoof=1&#038;pa_country=Frankreich\">Frankreich<\/a><\/p>\n<p>Internetseite des Weinguts: <a href=\"https:\/\/www.domainedemarcoux.fr\/en\/\" target=\"_blank\">https:\/\/www.domainedemarcoux.fr\/en\/<\/a><\/p>\n","protected":false},"excerpt":{"rendered":"<p>Lieferzeit: 1 bis 2 Arbeitstage (DE), 2 bis 5 Arbeitstage (EU and CH)<\/p>\n","protected":false},"featured_media":1140258,"template":"","meta":[],"product_brand":[],"product_cat":[19],"product_tag":[],"class_list":{"0":"post-1128679","1":"product","2":"type-product","3":"status-publish","4":"has-post-thumbnail","6":"product_cat-unkategorisiert","7":"pa_alcohol-for-filter-14-5","8":"pa_certified-biodynamic-nein-de","9":"pa_certified-organic-ja-de","10":"pa_colour-rot","11":"pa_country-frankreich","12":"pa_grape-mourvedre-cuvee","13":"pa_price-for-filter-10576","14":"pa_producer-marcoux","15":"pa_region-rhone-sued","16":"pa_size-ml-6584","17":"pa_sweetness-trocken-de","18":"pa_type-2-still-de","19":"pa_vintage-2021-de","20":"entry","21":"has-media","23":"first","24":"instock","25":"taxable","26":"shipping-taxable","27":"purchasable","28":"product-type-simple"},"yoast_head":"<!-- This site is optimized with the Yoast SEO plugin v27.5 - https:\/\/yoast.com\/product\/yoast-seo-wordpress\/ -->\n<title>Marcoux Ch\u00e2teauneuf-du-Pape rouge 2021<\/title>\n<meta name=\"description\" content=\"Kaufe Marcoux Ch\u00e2teauneuf-du-Pape rouge 2021 (Mourv\u00e8dre Cuv\u00e9e, trocken aus Rhone (S\u00fcd), Frankreich) bei Wein Werte, Ihrem nachhaltigen Onlineshop.\" \/>\n<meta name=\"robots\" content=\"index, follow, max-snippet:-1, max-image-preview:large, max-video-preview:-1\" \/>\n<link rel=\"canonical\" href=\"https:\/\/wein-werte.com\/de\/produkt\/marcoux-chateauneuf-du-pape-rouge-2021-750ml\/\" \/>\n<meta property=\"og:locale\" content=\"de_DE\" \/>\n<meta property=\"og:type\" content=\"article\" \/>\n<meta property=\"og:title\" content=\"Marcoux Ch\u00e2teauneuf-du-Pape rouge 2021\" \/>\n<meta property=\"og:description\" content=\"Kaufe Marcoux Ch\u00e2teauneuf-du-Pape rouge 2021 (Mourv\u00e8dre Cuv\u00e9e, trocken aus Rhone (S\u00fcd), Frankreich) bei Wein Werte, Ihrem nachhaltigen Onlineshop.\" \/>\n<meta property=\"og:url\" content=\"https:\/\/wein-werte.com\/de\/produkt\/marcoux-chateauneuf-du-pape-rouge-2021-750ml\/\" \/>\n<meta property=\"og:site_name\" content=\"Wein Werte\" \/>\n<meta property=\"og:image\" content=\"https:\/\/wein-werte.com\/wp-content\/uploads\/2026\/04\/Marcoux-Chateauneuf-du-Pape-rouge-2021-750ml.png\" \/>\n\t<meta property=\"og:image:width\" content=\"318\" \/>\n\t<meta property=\"og:image:height\" content=\"1200\" \/>\n\t<meta property=\"og:image:type\" content=\"image\/png\" \/>\n<meta name=\"twitter:card\" content=\"summary_large_image\" \/>\n<meta name=\"twitter:label1\" content=\"Gesch\u00e4tzte Lesezeit\" \/>\n\t<meta name=\"twitter:data1\" content=\"2\u00a0Minuten\" \/>\n<script type=\"application\/ld+json\" class=\"yoast-schema-graph\">{\"@context\":\"https:\\\/\\\/schema.org\",\"@graph\":[{\"@type\":\"WebPage\",\"@id\":\"https:\\\/\\\/wein-werte.com\\\/de\\\/produkt\\\/marcoux-chateauneuf-du-pape-rouge-2021-750ml\\\/\",\"url\":\"https:\\\/\\\/wein-werte.com\\\/de\\\/produkt\\\/marcoux-chateauneuf-du-pape-rouge-2021-750ml\\\/\",\"name\":\"Marcoux Ch\u00e2teauneuf-du-Pape rouge 2021\",\"isPartOf\":{\"@id\":\"https:\\\/\\\/wein-werte.com\\\/de\\\/#website\"},\"primaryImageOfPage\":{\"@id\":\"https:\\\/\\\/wein-werte.com\\\/de\\\/produkt\\\/marcoux-chateauneuf-du-pape-rouge-2021-750ml\\\/#primaryimage\"},\"image\":{\"@id\":\"https:\\\/\\\/wein-werte.com\\\/de\\\/produkt\\\/marcoux-chateauneuf-du-pape-rouge-2021-750ml\\\/#primaryimage\"},\"thumbnailUrl\":\"https:\\\/\\\/wein-werte.com\\\/wp-content\\\/uploads\\\/2026\\\/04\\\/Marcoux-Chateauneuf-du-Pape-rouge-2021-750ml.png\",\"datePublished\":\"2026-05-08T18:00:02+00:00\",\"description\":\"Kaufe Marcoux Ch\u00e2teauneuf-du-Pape rouge 2021 (Mourv\u00e8dre Cuv\u00e9e, trocken aus Rhone (S\u00fcd), Frankreich) bei Wein Werte, Ihrem nachhaltigen Onlineshop.\",\"breadcrumb\":{\"@id\":\"https:\\\/\\\/wein-werte.com\\\/de\\\/produkt\\\/marcoux-chateauneuf-du-pape-rouge-2021-750ml\\\/#breadcrumb\"},\"inLanguage\":\"de\",\"potentialAction\":[{\"@type\":\"ReadAction\",\"target\":[\"https:\\\/\\\/wein-werte.com\\\/de\\\/produkt\\\/marcoux-chateauneuf-du-pape-rouge-2021-750ml\\\/\"]}]},{\"@type\":\"ImageObject\",\"inLanguage\":\"de\",\"@id\":\"https:\\\/\\\/wein-werte.com\\\/de\\\/produkt\\\/marcoux-chateauneuf-du-pape-rouge-2021-750ml\\\/#primaryimage\",\"url\":\"https:\\\/\\\/wein-werte.com\\\/wp-content\\\/uploads\\\/2026\\\/04\\\/Marcoux-Chateauneuf-du-Pape-rouge-2021-750ml.png\",\"contentUrl\":\"https:\\\/\\\/wein-werte.com\\\/wp-content\\\/uploads\\\/2026\\\/04\\\/Marcoux-Chateauneuf-du-Pape-rouge-2021-750ml.png\",\"width\":318,\"height\":1200,\"caption\":\"Marcoux Ch\u00e2teauneuf-du-Pape rouge AOC 2021 750ml\"},{\"@type\":\"BreadcrumbList\",\"@id\":\"https:\\\/\\\/wein-werte.com\\\/de\\\/produkt\\\/marcoux-chateauneuf-du-pape-rouge-2021-750ml\\\/#breadcrumb\",\"itemListElement\":[{\"@type\":\"ListItem\",\"position\":1,\"name\":\"Home\",\"item\":\"https:\\\/\\\/wein-werte.com\\\/de\\\/\"},{\"@type\":\"ListItem\",\"position\":2,\"name\":\"Shop\",\"item\":\"https:\\\/\\\/wein-werte.com\\\/de\\\/shop\\\/\"},{\"@type\":\"ListItem\",\"position\":3,\"name\":\"Marcoux | Rhone (S\u00fcd) | Ch\u00e2teauneuf-du-Pape rouge AOC | 2021 | 750ml | bio\"}]},{\"@type\":\"WebSite\",\"@id\":\"https:\\\/\\\/wein-werte.com\\\/de\\\/#website\",\"url\":\"https:\\\/\\\/wein-werte.com\\\/de\\\/\",\"name\":\"Wein Werte\",\"description\":\"\",\"publisher\":{\"@id\":\"https:\\\/\\\/wein-werte.com\\\/de\\\/#organization\"},\"potentialAction\":[{\"@type\":\"SearchAction\",\"target\":{\"@type\":\"EntryPoint\",\"urlTemplate\":\"https:\\\/\\\/wein-werte.com\\\/de\\\/?s={search_term_string}\"},\"query-input\":{\"@type\":\"PropertyValueSpecification\",\"valueRequired\":true,\"valueName\":\"search_term_string\"}}],\"inLanguage\":\"de\"},{\"@type\":\"Organization\",\"@id\":\"https:\\\/\\\/wein-werte.com\\\/de\\\/#organization\",\"name\":\"Vins Fins Thorrold\",\"url\":\"https:\\\/\\\/wein-werte.com\\\/de\\\/\",\"logo\":{\"@type\":\"ImageObject\",\"inLanguage\":\"de\",\"@id\":\"https:\\\/\\\/wein-werte.com\\\/de\\\/#\\\/schema\\\/logo\\\/image\\\/\",\"url\":\"https:\\\/\\\/wein-werte.com\\\/wp-content\\\/uploads\\\/2023\\\/07\\\/Wein_werte_Logo700-1.png\",\"contentUrl\":\"https:\\\/\\\/wein-werte.com\\\/wp-content\\\/uploads\\\/2023\\\/07\\\/Wein_werte_Logo700-1.png\",\"width\":700,\"height\":272,\"caption\":\"Vins Fins Thorrold\"},\"image\":{\"@id\":\"https:\\\/\\\/wein-werte.com\\\/de\\\/#\\\/schema\\\/logo\\\/image\\\/\"}}]}<\/script>\n<!-- \/ Yoast SEO plugin. -->","yoast_head_json":{"title":"Marcoux Ch\u00e2teauneuf-du-Pape rouge 2021","description":"Kaufe Marcoux Ch\u00e2teauneuf-du-Pape rouge 2021 (Mourv\u00e8dre Cuv\u00e9e, trocken aus Rhone (S\u00fcd), Frankreich) bei Wein Werte, Ihrem nachhaltigen Onlineshop.","robots":{"index":"index","follow":"follow","max-snippet":"max-snippet:-1","max-image-preview":"max-image-preview:large","max-video-preview":"max-video-preview:-1"},"canonical":"https:\/\/wein-werte.com\/de\/produkt\/marcoux-chateauneuf-du-pape-rouge-2021-750ml\/","og_locale":"de_DE","og_type":"article","og_title":"Marcoux Ch\u00e2teauneuf-du-Pape rouge 2021","og_description":"Kaufe Marcoux Ch\u00e2teauneuf-du-Pape rouge 2021 (Mourv\u00e8dre Cuv\u00e9e, trocken aus Rhone (S\u00fcd), Frankreich) bei Wein Werte, Ihrem nachhaltigen Onlineshop.","og_url":"https:\/\/wein-werte.com\/de\/produkt\/marcoux-chateauneuf-du-pape-rouge-2021-750ml\/","og_site_name":"Wein Werte","og_image":[{"width":318,"height":1200,"url":"https:\/\/wein-werte.com\/wp-content\/uploads\/2026\/04\/Marcoux-Chateauneuf-du-Pape-rouge-2021-750ml.png","type":"image\/png"}],"twitter_card":"summary_large_image","twitter_misc":{"Gesch\u00e4tzte Lesezeit":"2\u00a0Minuten"},"schema":{"@context":"https:\/\/schema.org","@graph":[{"@type":"WebPage","@id":"https:\/\/wein-werte.com\/de\/produkt\/marcoux-chateauneuf-du-pape-rouge-2021-750ml\/","url":"https:\/\/wein-werte.com\/de\/produkt\/marcoux-chateauneuf-du-pape-rouge-2021-750ml\/","name":"Marcoux Ch\u00e2teauneuf-du-Pape rouge 2021","isPartOf":{"@id":"https:\/\/wein-werte.com\/de\/#website"},"primaryImageOfPage":{"@id":"https:\/\/wein-werte.com\/de\/produkt\/marcoux-chateauneuf-du-pape-rouge-2021-750ml\/#primaryimage"},"image":{"@id":"https:\/\/wein-werte.com\/de\/produkt\/marcoux-chateauneuf-du-pape-rouge-2021-750ml\/#primaryimage"},"thumbnailUrl":"https:\/\/wein-werte.com\/wp-content\/uploads\/2026\/04\/Marcoux-Chateauneuf-du-Pape-rouge-2021-750ml.png","datePublished":"2026-05-08T18:00:02+00:00","description":"Kaufe Marcoux Ch\u00e2teauneuf-du-Pape rouge 2021 (Mourv\u00e8dre Cuv\u00e9e, trocken aus Rhone (S\u00fcd), Frankreich) bei Wein Werte, Ihrem nachhaltigen Onlineshop.","breadcrumb":{"@id":"https:\/\/wein-werte.com\/de\/produkt\/marcoux-chateauneuf-du-pape-rouge-2021-750ml\/#breadcrumb"},"inLanguage":"de","potentialAction":[{"@type":"ReadAction","target":["https:\/\/wein-werte.com\/de\/produkt\/marcoux-chateauneuf-du-pape-rouge-2021-750ml\/"]}]},{"@type":"ImageObject","inLanguage":"de","@id":"https:\/\/wein-werte.com\/de\/produkt\/marcoux-chateauneuf-du-pape-rouge-2021-750ml\/#primaryimage","url":"https:\/\/wein-werte.com\/wp-content\/uploads\/2026\/04\/Marcoux-Chateauneuf-du-Pape-rouge-2021-750ml.png","contentUrl":"https:\/\/wein-werte.com\/wp-content\/uploads\/2026\/04\/Marcoux-Chateauneuf-du-Pape-rouge-2021-750ml.png","width":318,"height":1200,"caption":"Marcoux Ch\u00e2teauneuf-du-Pape rouge AOC 2021 750ml"},{"@type":"BreadcrumbList","@id":"https:\/\/wein-werte.com\/de\/produkt\/marcoux-chateauneuf-du-pape-rouge-2021-750ml\/#breadcrumb","itemListElement":[{"@type":"ListItem","position":1,"name":"Home","item":"https:\/\/wein-werte.com\/de\/"},{"@type":"ListItem","position":2,"name":"Shop","item":"https:\/\/wein-werte.com\/de\/shop\/"},{"@type":"ListItem","position":3,"name":"Marcoux | Rhone (S\u00fcd) | Ch\u00e2teauneuf-du-Pape rouge AOC | 2021 | 750ml | bio"}]},{"@type":"WebSite","@id":"https:\/\/wein-werte.com\/de\/#website","url":"https:\/\/wein-werte.com\/de\/","name":"Wein Werte","description":"","publisher":{"@id":"https:\/\/wein-werte.com\/de\/#organization"},"potentialAction":[{"@type":"SearchAction","target":{"@type":"EntryPoint","urlTemplate":"https:\/\/wein-werte.com\/de\/?s={search_term_string}"},"query-input":{"@type":"PropertyValueSpecification","valueRequired":true,"valueName":"search_term_string"}}],"inLanguage":"de"},{"@type":"Organization","@id":"https:\/\/wein-werte.com\/de\/#organization","name":"Vins Fins Thorrold","url":"https:\/\/wein-werte.com\/de\/","logo":{"@type":"ImageObject","inLanguage":"de","@id":"https:\/\/wein-werte.com\/de\/#\/schema\/logo\/image\/","url":"https:\/\/wein-werte.com\/wp-content\/uploads\/2023\/07\/Wein_werte_Logo700-1.png","contentUrl":"https:\/\/wein-werte.com\/wp-content\/uploads\/2023\/07\/Wein_werte_Logo700-1.png","width":700,"height":272,"caption":"Vins Fins Thorrold"},"image":{"@id":"https:\/\/wein-werte.com\/de\/#\/schema\/logo\/image\/"}}]}},"_links":{"self":[{"href":"https:\/\/wein-werte.com\/de\/wp-json\/wp\/v2\/product\/1128679","targetHints":{"allow":["GET"]}}],"collection":[{"href":"https:\/\/wein-werte.com\/de\/wp-json\/wp\/v2\/product"}],"about":[{"href":"https:\/\/wein-werte.com\/de\/wp-json\/wp\/v2\/types\/product"}],"wp:featuredmedia":[{"embeddable":true,"href":"https:\/\/wein-werte.com\/de\/wp-json\/wp\/v2\/media\/1140258"}],"wp:attachment":[{"href":"https:\/\/wein-werte.com\/de\/wp-json\/wp\/v2\/media?parent=1128679"}],"wp:term":[{"taxonomy":"product_brand","embeddable":true,"href":"https:\/\/wein-werte.com\/de\/wp-json\/wp\/v2\/product_brand?post=1128679"},{"taxonomy":"product_cat","embeddable":true,"href":"https:\/\/wein-werte.com\/de\/wp-json\/wp\/v2\/product_cat?post=1128679"},{"taxonomy":"product_tag","embeddable":true,"href":"https:\/\/wein-werte.com\/de\/wp-json\/wp\/v2\/product_tag?post=1128679"}],"curies":[{"name":"wp","href":"https:\/\/api.w.org\/{rel}","templated":true}]}}