{"id":1128674,"date":"2026-05-08T20:00:01","date_gmt":"2026-05-08T18:00:01","guid":{"rendered":"https:\/\/wein-werte.com\/product\/marcoux-cotes-du-rhone-rouge-2022-750ml\/"},"modified":"2026-04-27T11:43:02","modified_gmt":"2026-04-27T09:43:02","slug":"marcoux-cotes-du-rhone-rouge-2022-750ml","status":"publish","type":"product","link":"https:\/\/wein-werte.com\/de\/produkt\/marcoux-cotes-du-rhone-rouge-2022-750ml\/","title":{"rendered":"Marcoux | Rhone (S\u00fcd) | C\u00f4tes du Rh\u00f4ne Rouge AOC | 2022 | 750ml | bio"},"content":{"rendered":"<p>Produktbeschreibung f\u00fcr Marcoux C\u00f4tes du Rh\u00f4ne Rouge AOC 2022 (bio) <\/p>\n<h5>Info<\/h5>\n<p> Die Reben stehen in verschiedenen Bereichen dieser riesigen Appellation C\u00f4tes du Rh\u00f4ne. 2ha in Orange, 1 ha in Maucoil und 1ha in Bois Lauzon. In die Cuv\u00e9e flie\u00dfen Grenache, Syrah und nur wenig Mourv\u00e8dre. Die Reben wachsen auf Schwemmlandb\u00f6den sowie Lehm. Die Trauben werden sowohl im Weinberg als auch auf dem Sortiertisch gepr\u00fcft. Vollst\u00e4ndig entrappt werden sie dann angepresst und Temperatur-reguliert findet die Verg\u00e4rung statt. Der Tresterhut wird t\u00e4glich \u00fcberpumpt. Der Ausbau erfolgt dann in Zementtanks und nach 10 Monaten wird abgef\u00fcllt. <\/p>\n<h5>Farbe<\/h5>\n<p> Klares Kirschrot mit leicht hellem Rand <\/p>\n<h5>Nase<\/h5>\n<p> Die Nase zeigt sich zun\u00e4chst zur\u00fcckhaltend und feingliedrig. Die Frucht lebt von Hagebutte, roter Johannisbeere, Himbeere und Pflaume. Nie aufdringlich, eher ein Hang zur unreifen und s\u00e4urebetonten Frucht. Feinste Ankl\u00e4nge von Lavendel und Thymian liegen in der Luft. Die Nase transportiert einen in die Region und man sp\u00fcrt diese Mixtur aus Sonne und Wind. Ganz schwach l\u00e4sst er an Baumrinde von Kiefern denken sowie etwas Waldboden. Wacholder und schwarzer Pfeffer sind da nahe liegende Partner. <\/p>\n<h5>Gaumen<\/h5>\n<p> Genau diese leise und sch\u00fcchterne Art bringt er auch am Gaumen zur Geltung. Die Frucht ist in Schach gehalten und sehr feingliedrig. Er flie\u00dft langsam \u00fcber den Gaumen, aber nicht minder spannend. Ein absolut unkompliziertes Getr\u00e4nk f\u00fcr jeden Tag und jeden Anlass. Seine w\u00fcrzigen Attribute setzen Akzente, aber dominieren keineswegs. Pure Nonchalance. Unaufdringlich, aber ein charmanter Begleiter eines jeden Moments.<\/p>\n<p>Copyright Vinaturel 2025<\/p>\n<p>Keywords: <a href=\"https:\/\/wein-werte.com\/de\/shop\/?swoof=1&#038;pa_producer=Marcoux\">Marcoux<\/a> <a href=\"https:\/\/wein-werte.com\/de\/shop\/?swoof=1&#038;woof_text=C\u00f4tes du Rh\u00f4ne Rouge AOC\">C\u00f4tes du Rh\u00f4ne Rouge AOC<\/a> 2022 bio <a href=\"https:\/\/wein-werte.com\/shop\/?swoof=1&#038;pa_region=Rhone (S\u00fcd)\">Rhone-(S\u00fcd)<\/a> <a href=\"https:\/\/wein-werte.com\/de\/shop\/?swoof=1&#038;pa_country=Frankreich\">Frankreich<\/a><\/p>\n<p>Internetseite des Weinguts: <a href=\"https:\/\/www.domainedemarcoux.fr\/en\/\" target=\"_blank\">https:\/\/www.domainedemarcoux.fr\/en\/<\/a><\/p>\n","protected":false},"excerpt":{"rendered":"<p>Lieferzeit: 1 bis 2 Arbeitstage (DE), 2 bis 5 Arbeitstage (EU and CH)<\/p>\n","protected":false},"featured_media":1140254,"template":"","meta":[],"product_brand":[],"product_cat":[19],"product_tag":[],"class_list":{"0":"post-1128674","1":"product","2":"type-product","3":"status-publish","4":"has-post-thumbnail","6":"product_cat-unkategorisiert","7":"pa_alcohol-for-filter-12894","8":"pa_certified-biodynamic-nein-de","9":"pa_certified-organic-ja-de","10":"pa_colour-rot","11":"pa_country-frankreich","12":"pa_grape-mourvedre-cuvee","13":"pa_price-for-filter-10627","14":"pa_producer-marcoux","15":"pa_region-rhone-sued","16":"pa_size-ml-6584","17":"pa_sweetness-trocken-de","18":"pa_type-2-still-de","19":"pa_vintage-2022-de","20":"entry","21":"has-media","23":"first","24":"instock","25":"taxable","26":"shipping-taxable","27":"purchasable","28":"product-type-simple"},"yoast_head":"<!-- This site is optimized with the Yoast SEO plugin v27.5 - https:\/\/yoast.com\/product\/yoast-seo-wordpress\/ -->\n<title>Marcoux C\u00f4tes du Rh\u00f4ne rouge 2022<\/title>\n<meta name=\"description\" content=\"Kaufe Marcoux C\u00f4tes du Rh\u00f4ne rouge 2022 (Mourv\u00e8dre Cuv\u00e9e, trocken aus Rhone (S\u00fcd), Frankreich) bei Wein Werte, Ihrem nachhaltigen Onlineshop.\" \/>\n<meta name=\"robots\" content=\"index, follow, max-snippet:-1, max-image-preview:large, max-video-preview:-1\" \/>\n<link rel=\"canonical\" href=\"https:\/\/wein-werte.com\/de\/produkt\/marcoux-cotes-du-rhone-rouge-2022-750ml\/\" \/>\n<meta property=\"og:locale\" content=\"de_DE\" \/>\n<meta property=\"og:type\" content=\"article\" \/>\n<meta property=\"og:title\" content=\"Marcoux C\u00f4tes du Rh\u00f4ne rouge 2022\" \/>\n<meta property=\"og:description\" content=\"Kaufe Marcoux C\u00f4tes du Rh\u00f4ne rouge 2022 (Mourv\u00e8dre Cuv\u00e9e, trocken aus Rhone (S\u00fcd), Frankreich) bei Wein Werte, Ihrem nachhaltigen Onlineshop.\" \/>\n<meta property=\"og:url\" content=\"https:\/\/wein-werte.com\/de\/produkt\/marcoux-cotes-du-rhone-rouge-2022-750ml\/\" \/>\n<meta property=\"og:site_name\" content=\"Wein Werte\" \/>\n<meta property=\"og:image\" content=\"https:\/\/wein-werte.com\/wp-content\/uploads\/2026\/04\/Marcoux-Cotes-du-Rhone-rouge-2022-750ml.png\" \/>\n\t<meta property=\"og:image:width\" content=\"324\" \/>\n\t<meta property=\"og:image:height\" content=\"1200\" \/>\n\t<meta property=\"og:image:type\" content=\"image\/png\" \/>\n<meta name=\"twitter:card\" content=\"summary_large_image\" \/>\n<meta name=\"twitter:label1\" content=\"Gesch\u00e4tzte Lesezeit\" \/>\n\t<meta name=\"twitter:data1\" content=\"1\u00a0Minute\" \/>\n<script type=\"application\/ld+json\" class=\"yoast-schema-graph\">{\"@context\":\"https:\\\/\\\/schema.org\",\"@graph\":[{\"@type\":\"WebPage\",\"@id\":\"https:\\\/\\\/wein-werte.com\\\/de\\\/produkt\\\/marcoux-cotes-du-rhone-rouge-2022-750ml\\\/\",\"url\":\"https:\\\/\\\/wein-werte.com\\\/de\\\/produkt\\\/marcoux-cotes-du-rhone-rouge-2022-750ml\\\/\",\"name\":\"Marcoux C\u00f4tes du Rh\u00f4ne rouge 2022\",\"isPartOf\":{\"@id\":\"https:\\\/\\\/wein-werte.com\\\/de\\\/#website\"},\"primaryImageOfPage\":{\"@id\":\"https:\\\/\\\/wein-werte.com\\\/de\\\/produkt\\\/marcoux-cotes-du-rhone-rouge-2022-750ml\\\/#primaryimage\"},\"image\":{\"@id\":\"https:\\\/\\\/wein-werte.com\\\/de\\\/produkt\\\/marcoux-cotes-du-rhone-rouge-2022-750ml\\\/#primaryimage\"},\"thumbnailUrl\":\"https:\\\/\\\/wein-werte.com\\\/wp-content\\\/uploads\\\/2026\\\/04\\\/Marcoux-Cotes-du-Rhone-rouge-2022-750ml.png\",\"datePublished\":\"2026-05-08T18:00:01+00:00\",\"description\":\"Kaufe Marcoux C\u00f4tes du Rh\u00f4ne rouge 2022 (Mourv\u00e8dre Cuv\u00e9e, trocken aus Rhone (S\u00fcd), Frankreich) bei Wein Werte, Ihrem nachhaltigen Onlineshop.\",\"breadcrumb\":{\"@id\":\"https:\\\/\\\/wein-werte.com\\\/de\\\/produkt\\\/marcoux-cotes-du-rhone-rouge-2022-750ml\\\/#breadcrumb\"},\"inLanguage\":\"de\",\"potentialAction\":[{\"@type\":\"ReadAction\",\"target\":[\"https:\\\/\\\/wein-werte.com\\\/de\\\/produkt\\\/marcoux-cotes-du-rhone-rouge-2022-750ml\\\/\"]}]},{\"@type\":\"ImageObject\",\"inLanguage\":\"de\",\"@id\":\"https:\\\/\\\/wein-werte.com\\\/de\\\/produkt\\\/marcoux-cotes-du-rhone-rouge-2022-750ml\\\/#primaryimage\",\"url\":\"https:\\\/\\\/wein-werte.com\\\/wp-content\\\/uploads\\\/2026\\\/04\\\/Marcoux-Cotes-du-Rhone-rouge-2022-750ml.png\",\"contentUrl\":\"https:\\\/\\\/wein-werte.com\\\/wp-content\\\/uploads\\\/2026\\\/04\\\/Marcoux-Cotes-du-Rhone-rouge-2022-750ml.png\",\"width\":324,\"height\":1200,\"caption\":\"Marcoux C\u00f4tes du Rh\u00f4ne Rouge AOC 2022 750ml\"},{\"@type\":\"BreadcrumbList\",\"@id\":\"https:\\\/\\\/wein-werte.com\\\/de\\\/produkt\\\/marcoux-cotes-du-rhone-rouge-2022-750ml\\\/#breadcrumb\",\"itemListElement\":[{\"@type\":\"ListItem\",\"position\":1,\"name\":\"Home\",\"item\":\"https:\\\/\\\/wein-werte.com\\\/de\\\/\"},{\"@type\":\"ListItem\",\"position\":2,\"name\":\"Shop\",\"item\":\"https:\\\/\\\/wein-werte.com\\\/de\\\/shop\\\/\"},{\"@type\":\"ListItem\",\"position\":3,\"name\":\"Marcoux | Rhone (S\u00fcd) | C\u00f4tes du Rh\u00f4ne Rouge AOC | 2022 | 750ml | bio\"}]},{\"@type\":\"WebSite\",\"@id\":\"https:\\\/\\\/wein-werte.com\\\/de\\\/#website\",\"url\":\"https:\\\/\\\/wein-werte.com\\\/de\\\/\",\"name\":\"Wein Werte\",\"description\":\"\",\"publisher\":{\"@id\":\"https:\\\/\\\/wein-werte.com\\\/de\\\/#organization\"},\"potentialAction\":[{\"@type\":\"SearchAction\",\"target\":{\"@type\":\"EntryPoint\",\"urlTemplate\":\"https:\\\/\\\/wein-werte.com\\\/de\\\/?s={search_term_string}\"},\"query-input\":{\"@type\":\"PropertyValueSpecification\",\"valueRequired\":true,\"valueName\":\"search_term_string\"}}],\"inLanguage\":\"de\"},{\"@type\":\"Organization\",\"@id\":\"https:\\\/\\\/wein-werte.com\\\/de\\\/#organization\",\"name\":\"Vins Fins Thorrold\",\"url\":\"https:\\\/\\\/wein-werte.com\\\/de\\\/\",\"logo\":{\"@type\":\"ImageObject\",\"inLanguage\":\"de\",\"@id\":\"https:\\\/\\\/wein-werte.com\\\/de\\\/#\\\/schema\\\/logo\\\/image\\\/\",\"url\":\"https:\\\/\\\/wein-werte.com\\\/wp-content\\\/uploads\\\/2023\\\/07\\\/Wein_werte_Logo700-1.png\",\"contentUrl\":\"https:\\\/\\\/wein-werte.com\\\/wp-content\\\/uploads\\\/2023\\\/07\\\/Wein_werte_Logo700-1.png\",\"width\":700,\"height\":272,\"caption\":\"Vins Fins Thorrold\"},\"image\":{\"@id\":\"https:\\\/\\\/wein-werte.com\\\/de\\\/#\\\/schema\\\/logo\\\/image\\\/\"}}]}<\/script>\n<!-- \/ Yoast SEO plugin. -->","yoast_head_json":{"title":"Marcoux C\u00f4tes du Rh\u00f4ne rouge 2022","description":"Kaufe Marcoux C\u00f4tes du Rh\u00f4ne rouge 2022 (Mourv\u00e8dre Cuv\u00e9e, trocken aus Rhone (S\u00fcd), Frankreich) bei Wein Werte, Ihrem nachhaltigen Onlineshop.","robots":{"index":"index","follow":"follow","max-snippet":"max-snippet:-1","max-image-preview":"max-image-preview:large","max-video-preview":"max-video-preview:-1"},"canonical":"https:\/\/wein-werte.com\/de\/produkt\/marcoux-cotes-du-rhone-rouge-2022-750ml\/","og_locale":"de_DE","og_type":"article","og_title":"Marcoux C\u00f4tes du Rh\u00f4ne rouge 2022","og_description":"Kaufe Marcoux C\u00f4tes du Rh\u00f4ne rouge 2022 (Mourv\u00e8dre Cuv\u00e9e, trocken aus Rhone (S\u00fcd), Frankreich) bei Wein Werte, Ihrem nachhaltigen Onlineshop.","og_url":"https:\/\/wein-werte.com\/de\/produkt\/marcoux-cotes-du-rhone-rouge-2022-750ml\/","og_site_name":"Wein Werte","og_image":[{"width":324,"height":1200,"url":"https:\/\/wein-werte.com\/wp-content\/uploads\/2026\/04\/Marcoux-Cotes-du-Rhone-rouge-2022-750ml.png","type":"image\/png"}],"twitter_card":"summary_large_image","twitter_misc":{"Gesch\u00e4tzte Lesezeit":"1\u00a0Minute"},"schema":{"@context":"https:\/\/schema.org","@graph":[{"@type":"WebPage","@id":"https:\/\/wein-werte.com\/de\/produkt\/marcoux-cotes-du-rhone-rouge-2022-750ml\/","url":"https:\/\/wein-werte.com\/de\/produkt\/marcoux-cotes-du-rhone-rouge-2022-750ml\/","name":"Marcoux C\u00f4tes du Rh\u00f4ne rouge 2022","isPartOf":{"@id":"https:\/\/wein-werte.com\/de\/#website"},"primaryImageOfPage":{"@id":"https:\/\/wein-werte.com\/de\/produkt\/marcoux-cotes-du-rhone-rouge-2022-750ml\/#primaryimage"},"image":{"@id":"https:\/\/wein-werte.com\/de\/produkt\/marcoux-cotes-du-rhone-rouge-2022-750ml\/#primaryimage"},"thumbnailUrl":"https:\/\/wein-werte.com\/wp-content\/uploads\/2026\/04\/Marcoux-Cotes-du-Rhone-rouge-2022-750ml.png","datePublished":"2026-05-08T18:00:01+00:00","description":"Kaufe Marcoux C\u00f4tes du Rh\u00f4ne rouge 2022 (Mourv\u00e8dre Cuv\u00e9e, trocken aus Rhone (S\u00fcd), Frankreich) bei Wein Werte, Ihrem nachhaltigen Onlineshop.","breadcrumb":{"@id":"https:\/\/wein-werte.com\/de\/produkt\/marcoux-cotes-du-rhone-rouge-2022-750ml\/#breadcrumb"},"inLanguage":"de","potentialAction":[{"@type":"ReadAction","target":["https:\/\/wein-werte.com\/de\/produkt\/marcoux-cotes-du-rhone-rouge-2022-750ml\/"]}]},{"@type":"ImageObject","inLanguage":"de","@id":"https:\/\/wein-werte.com\/de\/produkt\/marcoux-cotes-du-rhone-rouge-2022-750ml\/#primaryimage","url":"https:\/\/wein-werte.com\/wp-content\/uploads\/2026\/04\/Marcoux-Cotes-du-Rhone-rouge-2022-750ml.png","contentUrl":"https:\/\/wein-werte.com\/wp-content\/uploads\/2026\/04\/Marcoux-Cotes-du-Rhone-rouge-2022-750ml.png","width":324,"height":1200,"caption":"Marcoux C\u00f4tes du Rh\u00f4ne Rouge AOC 2022 750ml"},{"@type":"BreadcrumbList","@id":"https:\/\/wein-werte.com\/de\/produkt\/marcoux-cotes-du-rhone-rouge-2022-750ml\/#breadcrumb","itemListElement":[{"@type":"ListItem","position":1,"name":"Home","item":"https:\/\/wein-werte.com\/de\/"},{"@type":"ListItem","position":2,"name":"Shop","item":"https:\/\/wein-werte.com\/de\/shop\/"},{"@type":"ListItem","position":3,"name":"Marcoux | Rhone (S\u00fcd) | C\u00f4tes du Rh\u00f4ne Rouge AOC | 2022 | 750ml | bio"}]},{"@type":"WebSite","@id":"https:\/\/wein-werte.com\/de\/#website","url":"https:\/\/wein-werte.com\/de\/","name":"Wein Werte","description":"","publisher":{"@id":"https:\/\/wein-werte.com\/de\/#organization"},"potentialAction":[{"@type":"SearchAction","target":{"@type":"EntryPoint","urlTemplate":"https:\/\/wein-werte.com\/de\/?s={search_term_string}"},"query-input":{"@type":"PropertyValueSpecification","valueRequired":true,"valueName":"search_term_string"}}],"inLanguage":"de"},{"@type":"Organization","@id":"https:\/\/wein-werte.com\/de\/#organization","name":"Vins Fins Thorrold","url":"https:\/\/wein-werte.com\/de\/","logo":{"@type":"ImageObject","inLanguage":"de","@id":"https:\/\/wein-werte.com\/de\/#\/schema\/logo\/image\/","url":"https:\/\/wein-werte.com\/wp-content\/uploads\/2023\/07\/Wein_werte_Logo700-1.png","contentUrl":"https:\/\/wein-werte.com\/wp-content\/uploads\/2023\/07\/Wein_werte_Logo700-1.png","width":700,"height":272,"caption":"Vins Fins Thorrold"},"image":{"@id":"https:\/\/wein-werte.com\/de\/#\/schema\/logo\/image\/"}}]}},"_links":{"self":[{"href":"https:\/\/wein-werte.com\/de\/wp-json\/wp\/v2\/product\/1128674","targetHints":{"allow":["GET"]}}],"collection":[{"href":"https:\/\/wein-werte.com\/de\/wp-json\/wp\/v2\/product"}],"about":[{"href":"https:\/\/wein-werte.com\/de\/wp-json\/wp\/v2\/types\/product"}],"wp:featuredmedia":[{"embeddable":true,"href":"https:\/\/wein-werte.com\/de\/wp-json\/wp\/v2\/media\/1140254"}],"wp:attachment":[{"href":"https:\/\/wein-werte.com\/de\/wp-json\/wp\/v2\/media?parent=1128674"}],"wp:term":[{"taxonomy":"product_brand","embeddable":true,"href":"https:\/\/wein-werte.com\/de\/wp-json\/wp\/v2\/product_brand?post=1128674"},{"taxonomy":"product_cat","embeddable":true,"href":"https:\/\/wein-werte.com\/de\/wp-json\/wp\/v2\/product_cat?post=1128674"},{"taxonomy":"product_tag","embeddable":true,"href":"https:\/\/wein-werte.com\/de\/wp-json\/wp\/v2\/product_tag?post=1128674"}],"curies":[{"name":"wp","href":"https:\/\/api.w.org\/{rel}","templated":true}]}}