{"id":1128671,"date":"2026-05-05T18:13:07","date_gmt":"2026-05-05T16:13:07","guid":{"rendered":"https:\/\/wein-werte.com\/product\/marcoux-chateauneuf-du-pape-vieilles-vignes-2020-750ml\/"},"modified":"2026-04-27T11:43:02","modified_gmt":"2026-04-27T09:43:02","slug":"marcoux-chateauneuf-du-pape-vieilles-vignes-2020-750ml","status":"publish","type":"product","link":"https:\/\/wein-werte.com\/de\/produkt\/marcoux-chateauneuf-du-pape-vieilles-vignes-2020-750ml\/","title":{"rendered":"Marcoux | Rhone (S\u00fcd) | Ch\u00e2teauneuf-du-Pape, Vieilles Vignes AOC | 2020 | 750ml | bio"},"content":{"rendered":"<p>Produktbeschreibung f\u00fcr Marcoux Ch\u00e2teauneuf-du-Pape, Vieilles Vignes AOC 2020 (bio) <\/p>\n<h5>Info zum Wein<\/h5>\n<p> In der Appellation Ch\u00e2teauneuf-du-Pape hat Familie Armenier insgesamt 13 Parzellen mit unterschiedlichen Bodentypen wie die ber\u00fchmten Rollkiesel auf tonreichem Untergrund, der gut Wasser speichert, aber auch r\u00f6tlichen Sandsteinboden und kolluviale Sedimente sowie Kalkb\u00f6den aus der Kreidezeit, die dem Wein viel Spannung geben. Grenache Noir dominiert bei weitem, erg\u00e4nzt von etwas Mourv\u00e8dre, Syrah und Cinsault. Gelesen wird per Hand nach optimaler Reife, die von einer Parzelle zur anderen und auch nach den Rebsorten variiert. Die selektierten Trauben werden entrappt, gemahlen und heruntergek\u00fchlt. Im Tank wird ihnen dann Zeit gelassen, bis die Naturhefen in Aktion treten. Ausgebaut wird der Wein \u00fcber 18 Monate in Betontanks, erg\u00e4nzt von einigen Fudern und \u00e4lteren 350-Liter-F\u00e4ssern. <\/p>\n<h5>Farbe<\/h5>\n<p> Gedecktes Granatrot mit violetten Reflexen. <\/p>\n<h5>Nase<\/h5>\n<p> Die Aromatik des 2020er Ch\u00e2teauneuf du Pape \u201cVielles Vignes\u201d zeigt sich tiefgr\u00fcndig mit enormer Konzentration. S\u00fc\u00dfe Beeren, Feigen, Datteln, Schokolade, ger\u00f6stete Haseln\u00fcsse und Kakao und s\u00fc\u00dfer Mokka. Man m\u00f6chte einsinken in seiner charmanten Tiefe. <\/p>\n<h5>Gaumen<\/h5>\n<p> Enorme Dichte und Konzentration am Gaumen, ein Wein, der die Begleitung von einer intensiven K\u00fcche sucht und sich in den n\u00e4chsten Jahren noch wunderbar entwickeln wird, seine Mineralit\u00e4t und seine Struktur wird Dekaden \u00fcberdauern, Geduld ist gefragt und f\u00fcr den Ungeduldigen empfiehlt sich die Karaffe und die richtige Begleitung an Speisen. Zum jetzigen Zeitpunkt dekantieren und leicht gek\u00fchlt aus gro\u00dfen Gl\u00e4sern servieren.<\/p>\n<p>Copyright Vinaturel 2025<\/p>\n<p>Keywords: <a href=\"https:\/\/wein-werte.com\/de\/shop\/?swoof=1&#038;pa_producer=Marcoux\">Marcoux<\/a> <a href=\"https:\/\/wein-werte.com\/de\/shop\/?swoof=1&#038;woof_text=Ch\u00e2teauneuf-du-Pape, Vieilles Vignes AOC\">Ch\u00e2teauneuf-du-Pape, Vieilles Vignes AOC<\/a> 2020 bio <a href=\"https:\/\/wein-werte.com\/shop\/?swoof=1&#038;pa_region=Rhone (S\u00fcd)\">Rhone-(S\u00fcd)<\/a> <a href=\"https:\/\/wein-werte.com\/de\/shop\/?swoof=1&#038;pa_country=Frankreich\">Frankreich<\/a><\/p>\n<h3>Wine Advocate<\/h3>\n<p>Punkte: (97-99)<\/p>\n<p>Der 2020er Ch\u00e2teauneuf du Pape Vieilles Vignes, der bei meiner Verkostung im Juli 2022 noch im Fuder reifte und die letzten Gramm Zucker verarbeitete, pr\u00e4sentierte kr\u00e4ftige Schwarzkirschnoten, die mich fast umgehauen haben. Am Gaumen ist er vollmundig und gewinnt im langen Abgang an Intensit\u00e4t und Komplexit\u00e4t, wobei Noten von Himbeeren, Sternanis und Garrigue nahtlos in die geschmeidige, samtige Textur des Weins \u00fcbergehen.<br \/>Joe Czerwinski<\/p>\n<h3>Vinous<\/h3>\n<p>Punkte: 97<\/p>\n<p>Der Ch\u00e2teauneuf-du-Pape Vieilles Vignes 2020 ist ein herausragendes Produkt und entfaltet sich mit Aromen von Cr\u00e8me de Cassis, Himbeermarmelade, schwarzer Pflaume, verbrannter Erde, Weihrauch, Minze, exotischen Gew\u00fcrzen und wei\u00dfem Pfeffer. Die Pr\u00e4zision der einzelnen D\u00fcfte ist von einer laserartigen Qualit\u00e4t, die man bei Ch\u00e2teauneuf-du-Pape selten findet. Vollmundig und umrahmt von samtigen Tanninen, erreicht er im Mund eine kugelf\u00f6rmige Dimension. Die k\u00fcrzlich erfolgte Verwendung von 3.000-Liter-F\u00e4ssern aus \u00f6sterreichischer Eiche hat die Form dieses Weines wunderbar gepr\u00e4gt und ihm eine beeindruckende Ausgewogenheit und Spannung verliehen. \u2013 Nicolas Greinacher<br \/>Trinkfenster: 2026\u20132042<br \/>Bewertungsdatum: Juni 2023<\/p>\n<p>Internetseite des Weinguts: <a href=\"https:\/\/www.domainedemarcoux.fr\/en\/\" target=\"_blank\">https:\/\/www.domainedemarcoux.fr\/en\/<\/a><\/p>\n","protected":false},"excerpt":{"rendered":"<p>Lieferzeit: 1 bis 2 Arbeitstage (DE), 2 bis 5 Arbeitstage (EU and CH)<\/p>\n","protected":false},"featured_media":1140252,"template":"","meta":[],"product_brand":[],"product_cat":[19],"product_tag":[],"class_list":{"0":"post-1128671","1":"product","2":"type-product","3":"status-publish","4":"has-post-thumbnail","6":"product_cat-unkategorisiert","7":"pa_alcohol-for-filter-12916","8":"pa_certified-biodynamic-nein-de","9":"pa_certified-organic-ja-de","10":"pa_colour-rot","11":"pa_country-frankreich","12":"pa_grape-grenache","13":"pa_parker-points-for-filter-97-de-2","14":"pa_price-for-filter-10704","15":"pa_producer-marcoux","16":"pa_region-rhone-sued","17":"pa_size-ml-6584","18":"pa_sweetness-trocken-de","19":"pa_type-2-still-de","20":"pa_vinous-points-for-filter-20039","21":"pa_vintage-2020-de","22":"entry","23":"has-media","25":"first","26":"instock","27":"taxable","28":"shipping-taxable","29":"purchasable","30":"product-type-simple"},"yoast_head":"<!-- This site is optimized with the Yoast SEO plugin v27.5 - https:\/\/yoast.com\/product\/yoast-seo-wordpress\/ -->\n<title>Marcoux Ch\u00e2teauneuf-du-Pape Vieilles Vignes 2020<\/title>\n<meta name=\"description\" content=\"Kaufe Marcoux Ch\u00e2teauneuf-du-Pape Vieilles Vignes 2020 (Grenache, trocken aus Rhone (S\u00fcd), Frankreich) bei Wein Werte, Ihrem nachhaltigen Onlineshop.\" \/>\n<meta name=\"robots\" content=\"index, follow, max-snippet:-1, max-image-preview:large, max-video-preview:-1\" \/>\n<link rel=\"canonical\" href=\"https:\/\/wein-werte.com\/de\/produkt\/marcoux-chateauneuf-du-pape-vieilles-vignes-2020-750ml\/\" \/>\n<meta property=\"og:locale\" content=\"de_DE\" \/>\n<meta property=\"og:type\" content=\"article\" \/>\n<meta property=\"og:title\" content=\"Marcoux Ch\u00e2teauneuf-du-Pape Vieilles Vignes 2020\" \/>\n<meta property=\"og:description\" content=\"Kaufe Marcoux Ch\u00e2teauneuf-du-Pape Vieilles Vignes 2020 (Grenache, trocken aus Rhone (S\u00fcd), Frankreich) bei Wein Werte, Ihrem nachhaltigen Onlineshop.\" \/>\n<meta property=\"og:url\" content=\"https:\/\/wein-werte.com\/de\/produkt\/marcoux-chateauneuf-du-pape-vieilles-vignes-2020-750ml\/\" \/>\n<meta property=\"og:site_name\" content=\"Wein Werte\" \/>\n<meta property=\"og:image\" content=\"https:\/\/wein-werte.com\/wp-content\/uploads\/2026\/04\/Marcoux-Chateauneuf-du-Pape-Vieilles-Vignes-2020-750ml.png\" \/>\n\t<meta property=\"og:image:width\" content=\"324\" \/>\n\t<meta property=\"og:image:height\" content=\"1200\" \/>\n\t<meta property=\"og:image:type\" content=\"image\/png\" \/>\n<meta name=\"twitter:card\" content=\"summary_large_image\" \/>\n<meta name=\"twitter:label1\" content=\"Gesch\u00e4tzte Lesezeit\" \/>\n\t<meta name=\"twitter:data1\" content=\"2\u00a0Minuten\" \/>\n<script type=\"application\/ld+json\" class=\"yoast-schema-graph\">{\"@context\":\"https:\\\/\\\/schema.org\",\"@graph\":[{\"@type\":\"WebPage\",\"@id\":\"https:\\\/\\\/wein-werte.com\\\/de\\\/produkt\\\/marcoux-chateauneuf-du-pape-vieilles-vignes-2020-750ml\\\/\",\"url\":\"https:\\\/\\\/wein-werte.com\\\/de\\\/produkt\\\/marcoux-chateauneuf-du-pape-vieilles-vignes-2020-750ml\\\/\",\"name\":\"Marcoux Ch\u00e2teauneuf-du-Pape Vieilles Vignes 2020\",\"isPartOf\":{\"@id\":\"https:\\\/\\\/wein-werte.com\\\/de\\\/#website\"},\"primaryImageOfPage\":{\"@id\":\"https:\\\/\\\/wein-werte.com\\\/de\\\/produkt\\\/marcoux-chateauneuf-du-pape-vieilles-vignes-2020-750ml\\\/#primaryimage\"},\"image\":{\"@id\":\"https:\\\/\\\/wein-werte.com\\\/de\\\/produkt\\\/marcoux-chateauneuf-du-pape-vieilles-vignes-2020-750ml\\\/#primaryimage\"},\"thumbnailUrl\":\"https:\\\/\\\/wein-werte.com\\\/wp-content\\\/uploads\\\/2026\\\/04\\\/Marcoux-Chateauneuf-du-Pape-Vieilles-Vignes-2020-750ml.png\",\"datePublished\":\"2026-05-05T16:13:07+00:00\",\"description\":\"Kaufe Marcoux Ch\u00e2teauneuf-du-Pape Vieilles Vignes 2020 (Grenache, trocken aus Rhone (S\u00fcd), Frankreich) bei Wein Werte, Ihrem nachhaltigen Onlineshop.\",\"breadcrumb\":{\"@id\":\"https:\\\/\\\/wein-werte.com\\\/de\\\/produkt\\\/marcoux-chateauneuf-du-pape-vieilles-vignes-2020-750ml\\\/#breadcrumb\"},\"inLanguage\":\"de\",\"potentialAction\":[{\"@type\":\"ReadAction\",\"target\":[\"https:\\\/\\\/wein-werte.com\\\/de\\\/produkt\\\/marcoux-chateauneuf-du-pape-vieilles-vignes-2020-750ml\\\/\"]}]},{\"@type\":\"ImageObject\",\"inLanguage\":\"de\",\"@id\":\"https:\\\/\\\/wein-werte.com\\\/de\\\/produkt\\\/marcoux-chateauneuf-du-pape-vieilles-vignes-2020-750ml\\\/#primaryimage\",\"url\":\"https:\\\/\\\/wein-werte.com\\\/wp-content\\\/uploads\\\/2026\\\/04\\\/Marcoux-Chateauneuf-du-Pape-Vieilles-Vignes-2020-750ml.png\",\"contentUrl\":\"https:\\\/\\\/wein-werte.com\\\/wp-content\\\/uploads\\\/2026\\\/04\\\/Marcoux-Chateauneuf-du-Pape-Vieilles-Vignes-2020-750ml.png\",\"width\":324,\"height\":1200,\"caption\":\"Marcoux Ch\u00e2teauneuf-du-Pape, Vieilles Vignes AOC 2020 750ml\"},{\"@type\":\"BreadcrumbList\",\"@id\":\"https:\\\/\\\/wein-werte.com\\\/de\\\/produkt\\\/marcoux-chateauneuf-du-pape-vieilles-vignes-2020-750ml\\\/#breadcrumb\",\"itemListElement\":[{\"@type\":\"ListItem\",\"position\":1,\"name\":\"Home\",\"item\":\"https:\\\/\\\/wein-werte.com\\\/de\\\/\"},{\"@type\":\"ListItem\",\"position\":2,\"name\":\"Shop\",\"item\":\"https:\\\/\\\/wein-werte.com\\\/de\\\/shop\\\/\"},{\"@type\":\"ListItem\",\"position\":3,\"name\":\"Marcoux | Rhone (S\u00fcd) | Ch\u00e2teauneuf-du-Pape, Vieilles Vignes AOC | 2020 | 750ml | bio\"}]},{\"@type\":\"WebSite\",\"@id\":\"https:\\\/\\\/wein-werte.com\\\/de\\\/#website\",\"url\":\"https:\\\/\\\/wein-werte.com\\\/de\\\/\",\"name\":\"Wein Werte\",\"description\":\"\",\"publisher\":{\"@id\":\"https:\\\/\\\/wein-werte.com\\\/de\\\/#organization\"},\"potentialAction\":[{\"@type\":\"SearchAction\",\"target\":{\"@type\":\"EntryPoint\",\"urlTemplate\":\"https:\\\/\\\/wein-werte.com\\\/de\\\/?s={search_term_string}\"},\"query-input\":{\"@type\":\"PropertyValueSpecification\",\"valueRequired\":true,\"valueName\":\"search_term_string\"}}],\"inLanguage\":\"de\"},{\"@type\":\"Organization\",\"@id\":\"https:\\\/\\\/wein-werte.com\\\/de\\\/#organization\",\"name\":\"Vins Fins Thorrold\",\"url\":\"https:\\\/\\\/wein-werte.com\\\/de\\\/\",\"logo\":{\"@type\":\"ImageObject\",\"inLanguage\":\"de\",\"@id\":\"https:\\\/\\\/wein-werte.com\\\/de\\\/#\\\/schema\\\/logo\\\/image\\\/\",\"url\":\"https:\\\/\\\/wein-werte.com\\\/wp-content\\\/uploads\\\/2023\\\/07\\\/Wein_werte_Logo700-1.png\",\"contentUrl\":\"https:\\\/\\\/wein-werte.com\\\/wp-content\\\/uploads\\\/2023\\\/07\\\/Wein_werte_Logo700-1.png\",\"width\":700,\"height\":272,\"caption\":\"Vins Fins Thorrold\"},\"image\":{\"@id\":\"https:\\\/\\\/wein-werte.com\\\/de\\\/#\\\/schema\\\/logo\\\/image\\\/\"}}]}<\/script>\n<!-- \/ Yoast SEO plugin. -->","yoast_head_json":{"title":"Marcoux Ch\u00e2teauneuf-du-Pape Vieilles Vignes 2020","description":"Kaufe Marcoux Ch\u00e2teauneuf-du-Pape Vieilles Vignes 2020 (Grenache, trocken aus Rhone (S\u00fcd), Frankreich) bei Wein Werte, Ihrem nachhaltigen Onlineshop.","robots":{"index":"index","follow":"follow","max-snippet":"max-snippet:-1","max-image-preview":"max-image-preview:large","max-video-preview":"max-video-preview:-1"},"canonical":"https:\/\/wein-werte.com\/de\/produkt\/marcoux-chateauneuf-du-pape-vieilles-vignes-2020-750ml\/","og_locale":"de_DE","og_type":"article","og_title":"Marcoux Ch\u00e2teauneuf-du-Pape Vieilles Vignes 2020","og_description":"Kaufe Marcoux Ch\u00e2teauneuf-du-Pape Vieilles Vignes 2020 (Grenache, trocken aus Rhone (S\u00fcd), Frankreich) bei Wein Werte, Ihrem nachhaltigen Onlineshop.","og_url":"https:\/\/wein-werte.com\/de\/produkt\/marcoux-chateauneuf-du-pape-vieilles-vignes-2020-750ml\/","og_site_name":"Wein Werte","og_image":[{"width":324,"height":1200,"url":"https:\/\/wein-werte.com\/wp-content\/uploads\/2026\/04\/Marcoux-Chateauneuf-du-Pape-Vieilles-Vignes-2020-750ml.png","type":"image\/png"}],"twitter_card":"summary_large_image","twitter_misc":{"Gesch\u00e4tzte Lesezeit":"2\u00a0Minuten"},"schema":{"@context":"https:\/\/schema.org","@graph":[{"@type":"WebPage","@id":"https:\/\/wein-werte.com\/de\/produkt\/marcoux-chateauneuf-du-pape-vieilles-vignes-2020-750ml\/","url":"https:\/\/wein-werte.com\/de\/produkt\/marcoux-chateauneuf-du-pape-vieilles-vignes-2020-750ml\/","name":"Marcoux Ch\u00e2teauneuf-du-Pape Vieilles Vignes 2020","isPartOf":{"@id":"https:\/\/wein-werte.com\/de\/#website"},"primaryImageOfPage":{"@id":"https:\/\/wein-werte.com\/de\/produkt\/marcoux-chateauneuf-du-pape-vieilles-vignes-2020-750ml\/#primaryimage"},"image":{"@id":"https:\/\/wein-werte.com\/de\/produkt\/marcoux-chateauneuf-du-pape-vieilles-vignes-2020-750ml\/#primaryimage"},"thumbnailUrl":"https:\/\/wein-werte.com\/wp-content\/uploads\/2026\/04\/Marcoux-Chateauneuf-du-Pape-Vieilles-Vignes-2020-750ml.png","datePublished":"2026-05-05T16:13:07+00:00","description":"Kaufe Marcoux Ch\u00e2teauneuf-du-Pape Vieilles Vignes 2020 (Grenache, trocken aus Rhone (S\u00fcd), Frankreich) bei Wein Werte, Ihrem nachhaltigen Onlineshop.","breadcrumb":{"@id":"https:\/\/wein-werte.com\/de\/produkt\/marcoux-chateauneuf-du-pape-vieilles-vignes-2020-750ml\/#breadcrumb"},"inLanguage":"de","potentialAction":[{"@type":"ReadAction","target":["https:\/\/wein-werte.com\/de\/produkt\/marcoux-chateauneuf-du-pape-vieilles-vignes-2020-750ml\/"]}]},{"@type":"ImageObject","inLanguage":"de","@id":"https:\/\/wein-werte.com\/de\/produkt\/marcoux-chateauneuf-du-pape-vieilles-vignes-2020-750ml\/#primaryimage","url":"https:\/\/wein-werte.com\/wp-content\/uploads\/2026\/04\/Marcoux-Chateauneuf-du-Pape-Vieilles-Vignes-2020-750ml.png","contentUrl":"https:\/\/wein-werte.com\/wp-content\/uploads\/2026\/04\/Marcoux-Chateauneuf-du-Pape-Vieilles-Vignes-2020-750ml.png","width":324,"height":1200,"caption":"Marcoux Ch\u00e2teauneuf-du-Pape, Vieilles Vignes AOC 2020 750ml"},{"@type":"BreadcrumbList","@id":"https:\/\/wein-werte.com\/de\/produkt\/marcoux-chateauneuf-du-pape-vieilles-vignes-2020-750ml\/#breadcrumb","itemListElement":[{"@type":"ListItem","position":1,"name":"Home","item":"https:\/\/wein-werte.com\/de\/"},{"@type":"ListItem","position":2,"name":"Shop","item":"https:\/\/wein-werte.com\/de\/shop\/"},{"@type":"ListItem","position":3,"name":"Marcoux | Rhone (S\u00fcd) | Ch\u00e2teauneuf-du-Pape, Vieilles Vignes AOC | 2020 | 750ml | bio"}]},{"@type":"WebSite","@id":"https:\/\/wein-werte.com\/de\/#website","url":"https:\/\/wein-werte.com\/de\/","name":"Wein Werte","description":"","publisher":{"@id":"https:\/\/wein-werte.com\/de\/#organization"},"potentialAction":[{"@type":"SearchAction","target":{"@type":"EntryPoint","urlTemplate":"https:\/\/wein-werte.com\/de\/?s={search_term_string}"},"query-input":{"@type":"PropertyValueSpecification","valueRequired":true,"valueName":"search_term_string"}}],"inLanguage":"de"},{"@type":"Organization","@id":"https:\/\/wein-werte.com\/de\/#organization","name":"Vins Fins Thorrold","url":"https:\/\/wein-werte.com\/de\/","logo":{"@type":"ImageObject","inLanguage":"de","@id":"https:\/\/wein-werte.com\/de\/#\/schema\/logo\/image\/","url":"https:\/\/wein-werte.com\/wp-content\/uploads\/2023\/07\/Wein_werte_Logo700-1.png","contentUrl":"https:\/\/wein-werte.com\/wp-content\/uploads\/2023\/07\/Wein_werte_Logo700-1.png","width":700,"height":272,"caption":"Vins Fins Thorrold"},"image":{"@id":"https:\/\/wein-werte.com\/de\/#\/schema\/logo\/image\/"}}]}},"_links":{"self":[{"href":"https:\/\/wein-werte.com\/de\/wp-json\/wp\/v2\/product\/1128671","targetHints":{"allow":["GET"]}}],"collection":[{"href":"https:\/\/wein-werte.com\/de\/wp-json\/wp\/v2\/product"}],"about":[{"href":"https:\/\/wein-werte.com\/de\/wp-json\/wp\/v2\/types\/product"}],"wp:featuredmedia":[{"embeddable":true,"href":"https:\/\/wein-werte.com\/de\/wp-json\/wp\/v2\/media\/1140252"}],"wp:attachment":[{"href":"https:\/\/wein-werte.com\/de\/wp-json\/wp\/v2\/media?parent=1128671"}],"wp:term":[{"taxonomy":"product_brand","embeddable":true,"href":"https:\/\/wein-werte.com\/de\/wp-json\/wp\/v2\/product_brand?post=1128671"},{"taxonomy":"product_cat","embeddable":true,"href":"https:\/\/wein-werte.com\/de\/wp-json\/wp\/v2\/product_cat?post=1128671"},{"taxonomy":"product_tag","embeddable":true,"href":"https:\/\/wein-werte.com\/de\/wp-json\/wp\/v2\/product_tag?post=1128671"}],"curies":[{"name":"wp","href":"https:\/\/api.w.org\/{rel}","templated":true}]}}