{"id":1128665,"date":"2026-05-05T18:13:07","date_gmt":"2026-05-05T16:13:07","guid":{"rendered":"https:\/\/wein-werte.com\/product\/marcoux-chateauneuf-du-pape-rouge-2020-750ml\/"},"modified":"2026-05-03T10:53:58","modified_gmt":"2026-05-03T08:53:58","slug":"marcoux-chateauneuf-du-pape-rouge-2020-750ml","status":"publish","type":"product","link":"https:\/\/wein-werte.com\/de\/produkt\/marcoux-chateauneuf-du-pape-rouge-2020-750ml\/","title":{"rendered":"Marcoux | Rhone (S\u00fcd) | Ch\u00e2teauneuf-du-Pape rouge AOC | 2020 | 750ml | bio"},"content":{"rendered":"<p>Produktbeschreibung f\u00fcr Marcoux Ch\u00e2teauneuf-du-Pape rouge AOC 2020 (bio) <\/p>\n<h5>Informationen zum Wein<\/h5>\n<p> Die Domaine verf\u00fcgt \u00fcber 13 Parzellen in verschiedenen Bezirken der Appellation Ch\u00e2teauneuf-du-Pape und somit \u00fcber verschiedene Bodenarten wie Quarzitkiesel, Lehm, roten Sandstein, Kolluvium und Kreidekalkstein aus dem Barremium. Der Anteil der Rebsorten f\u00fcr die Cuv\u00e9e variiert von Jahr zu Jahr, betr\u00e4gt aber im Allgemeinen 80 % Grenache, 10 % Mourv\u00e8dre, 7 % Syrah und 3 % Cinsault. Die Trauben werden von Hand gelesen, im Weinberg vorsortiert und dann in 50-Kilo-Kisten ins Weingut gebracht, auf den Sortiertisch gelegt, abgebeert, gepresst und gek\u00fchlt. Die G\u00e4rung erfolgt spontan und temperaturkontrolliert. Die Mazeration dauert vier bis f\u00fcnf Wochen mit t\u00e4glichem Umpumpen. Der Wein reift dann 18 Monate lang im Wesentlichen im Beton, aber auch in mehrj\u00e4hrigen F\u00e4ssern und Barriques. <\/p>\n<h5>Farbe<\/h5>\n<p> mittleres Karmesinrot <\/p>\n<h5>Nase<\/h5>\n<p> Der 2020er Ch\u00e2teauneuf-du-Pape \u00f6ffnet sich mit einer eleganten, feinen und komplexen Nase von Veilchen und Anis, etwas Pfeffer und Garrigue sowie mit saftigen Noten von dunklen Himbeeren, schwarzen Kirschen und Brombeeren. Im Hintergrund erahnt man ein Bouquet garni und etwas zersto\u00dfenen Stein. Die Cuv\u00e9e wirkt auf sehr angenehme Weise transparent und klar. <\/p>\n<h5>Mund<\/h5>\n<p> Am Gaumen haben Sophie Armenier und ihr Sohn Vinc\u0117nt Estevenin dem Wein eine \u00fcberaus elegante Textur verliehen. Der 2020er Ch\u00e2teauneuf-du-Pape zeigt sich dabei absolut klassisch und zeitlos mit seiner roten wie dunklen Frucht, einer f\u00fcr den Anteil an Grenache typisch deutlichen S\u00fc\u00dfholznote und etwas Garrigue. Der Alkohol w\u00e4rmt am Gaumen und im Finale, ist aber gut eingebunden. Schon jetzt pr\u00e4sentiert sich die Cuv\u00e9e mit feinem Schmelz und gro\u00dfer L\u00e4nge.<\/p>\n<p>Copyright Vinaturel 2025<\/p>\n<p>Keywords: <a href=\"https:\/\/wein-werte.com\/de\/shop\/?swoof=1&#038;pa_producer=Marcoux\">Marcoux<\/a> <a href=\"https:\/\/wein-werte.com\/de\/shop\/?swoof=1&#038;woof_text=Ch\u00e2teauneuf-du-Pape rouge AOC\">Ch\u00e2teauneuf-du-Pape rouge AOC<\/a> 2020 bio <a href=\"https:\/\/wein-werte.com\/shop\/?swoof=1&#038;pa_region=Rhone (S\u00fcd)\">Rhone-(S\u00fcd)<\/a> <a href=\"https:\/\/wein-werte.com\/de\/shop\/?swoof=1&#038;pa_country=Frankreich\">Frankreich<\/a><\/p>\n<p>Internetseite des Weinguts: <a href=\"https:\/\/www.domainedemarcoux.fr\/en\/\" target=\"_blank\">https:\/\/www.domainedemarcoux.fr\/en\/<\/a><\/p>\n","protected":false},"excerpt":{"rendered":"<p>Lieferzeit: 1 bis 2 Arbeitstage (DE), 2 bis 5 Arbeitstage (EU and CH)<\/p>\n","protected":false},"featured_media":1140248,"template":"","meta":[],"product_brand":[],"product_cat":[19],"product_tag":[],"class_list":{"0":"post-1128665","1":"product","2":"type-product","3":"status-publish","4":"has-post-thumbnail","6":"product_cat-unkategorisiert","7":"pa_alcohol-for-filter-15-5","8":"pa_certified-biodynamic-nein-de","9":"pa_certified-organic-ja-de","10":"pa_colour-rot","11":"pa_country-frankreich","12":"pa_grape-mourvedre-cuvee","13":"pa_price-for-filter-10613","14":"pa_producer-marcoux","15":"pa_region-rhone-sued","16":"pa_size-ml-6584","17":"pa_sweetness-trocken-de","18":"pa_type-2-still-de","19":"pa_vintage-2020-de","20":"entry","21":"has-media","23":"first","24":"instock","25":"taxable","26":"shipping-taxable","27":"purchasable","28":"product-type-simple"},"yoast_head":"<!-- This site is optimized with the Yoast SEO plugin v27.5 - https:\/\/yoast.com\/product\/yoast-seo-wordpress\/ -->\n<title>Marcoux Ch\u00e2teauneuf-du-Pape rouge 2020<\/title>\n<meta name=\"description\" content=\"Kaufe Marcoux Ch\u00e2teauneuf-du-Pape rouge 2020 (Mourv\u00e8dre Cuv\u00e9e, trocken aus Rhone (S\u00fcd), Frankreich) bei Wein Werte, Ihrem nachhaltigen Onlineshop.\" \/>\n<meta name=\"robots\" content=\"index, follow, max-snippet:-1, max-image-preview:large, max-video-preview:-1\" \/>\n<link rel=\"canonical\" href=\"https:\/\/wein-werte.com\/de\/produkt\/marcoux-chateauneuf-du-pape-rouge-2020-750ml\/\" \/>\n<meta property=\"og:locale\" content=\"de_DE\" \/>\n<meta property=\"og:type\" content=\"article\" \/>\n<meta property=\"og:title\" content=\"Marcoux Ch\u00e2teauneuf-du-Pape rouge 2020\" \/>\n<meta property=\"og:description\" content=\"Kaufe Marcoux Ch\u00e2teauneuf-du-Pape rouge 2020 (Mourv\u00e8dre Cuv\u00e9e, trocken aus Rhone (S\u00fcd), Frankreich) bei Wein Werte, Ihrem nachhaltigen Onlineshop.\" \/>\n<meta property=\"og:url\" content=\"https:\/\/wein-werte.com\/de\/produkt\/marcoux-chateauneuf-du-pape-rouge-2020-750ml\/\" \/>\n<meta property=\"og:site_name\" content=\"Wein Werte\" \/>\n<meta property=\"og:image\" content=\"https:\/\/wein-werte.com\/wp-content\/uploads\/2026\/04\/Marcoux-Chateauneuf-du-Pape-rouge-2020-750ml.png\" \/>\n\t<meta property=\"og:image:width\" content=\"326\" \/>\n\t<meta property=\"og:image:height\" content=\"1200\" \/>\n\t<meta property=\"og:image:type\" content=\"image\/png\" \/>\n<meta name=\"twitter:card\" content=\"summary_large_image\" \/>\n<meta name=\"twitter:label1\" content=\"Gesch\u00e4tzte Lesezeit\" \/>\n\t<meta name=\"twitter:data1\" content=\"1\u00a0Minute\" \/>\n<script type=\"application\/ld+json\" class=\"yoast-schema-graph\">{\"@context\":\"https:\\\/\\\/schema.org\",\"@graph\":[{\"@type\":\"WebPage\",\"@id\":\"https:\\\/\\\/wein-werte.com\\\/de\\\/produkt\\\/marcoux-chateauneuf-du-pape-rouge-2020-750ml\\\/\",\"url\":\"https:\\\/\\\/wein-werte.com\\\/de\\\/produkt\\\/marcoux-chateauneuf-du-pape-rouge-2020-750ml\\\/\",\"name\":\"Marcoux Ch\u00e2teauneuf-du-Pape rouge 2020\",\"isPartOf\":{\"@id\":\"https:\\\/\\\/wein-werte.com\\\/de\\\/#website\"},\"primaryImageOfPage\":{\"@id\":\"https:\\\/\\\/wein-werte.com\\\/de\\\/produkt\\\/marcoux-chateauneuf-du-pape-rouge-2020-750ml\\\/#primaryimage\"},\"image\":{\"@id\":\"https:\\\/\\\/wein-werte.com\\\/de\\\/produkt\\\/marcoux-chateauneuf-du-pape-rouge-2020-750ml\\\/#primaryimage\"},\"thumbnailUrl\":\"https:\\\/\\\/wein-werte.com\\\/wp-content\\\/uploads\\\/2026\\\/04\\\/Marcoux-Chateauneuf-du-Pape-rouge-2020-750ml.png\",\"datePublished\":\"2026-05-05T16:13:07+00:00\",\"description\":\"Kaufe Marcoux Ch\u00e2teauneuf-du-Pape rouge 2020 (Mourv\u00e8dre Cuv\u00e9e, trocken aus Rhone (S\u00fcd), Frankreich) bei Wein Werte, Ihrem nachhaltigen Onlineshop.\",\"breadcrumb\":{\"@id\":\"https:\\\/\\\/wein-werte.com\\\/de\\\/produkt\\\/marcoux-chateauneuf-du-pape-rouge-2020-750ml\\\/#breadcrumb\"},\"inLanguage\":\"de\",\"potentialAction\":[{\"@type\":\"ReadAction\",\"target\":[\"https:\\\/\\\/wein-werte.com\\\/de\\\/produkt\\\/marcoux-chateauneuf-du-pape-rouge-2020-750ml\\\/\"]}]},{\"@type\":\"ImageObject\",\"inLanguage\":\"de\",\"@id\":\"https:\\\/\\\/wein-werte.com\\\/de\\\/produkt\\\/marcoux-chateauneuf-du-pape-rouge-2020-750ml\\\/#primaryimage\",\"url\":\"https:\\\/\\\/wein-werte.com\\\/wp-content\\\/uploads\\\/2026\\\/04\\\/Marcoux-Chateauneuf-du-Pape-rouge-2020-750ml.png\",\"contentUrl\":\"https:\\\/\\\/wein-werte.com\\\/wp-content\\\/uploads\\\/2026\\\/04\\\/Marcoux-Chateauneuf-du-Pape-rouge-2020-750ml.png\",\"width\":326,\"height\":1200,\"caption\":\"Marcoux Ch\u00e2teauneuf-du-Pape rouge AOC 2020 750ml\"},{\"@type\":\"BreadcrumbList\",\"@id\":\"https:\\\/\\\/wein-werte.com\\\/de\\\/produkt\\\/marcoux-chateauneuf-du-pape-rouge-2020-750ml\\\/#breadcrumb\",\"itemListElement\":[{\"@type\":\"ListItem\",\"position\":1,\"name\":\"Home\",\"item\":\"https:\\\/\\\/wein-werte.com\\\/de\\\/\"},{\"@type\":\"ListItem\",\"position\":2,\"name\":\"Shop\",\"item\":\"https:\\\/\\\/wein-werte.com\\\/de\\\/shop\\\/\"},{\"@type\":\"ListItem\",\"position\":3,\"name\":\"Marcoux | Rhone (S\u00fcd) | Ch\u00e2teauneuf-du-Pape rouge AOC | 2020 | 750ml | bio\"}]},{\"@type\":\"WebSite\",\"@id\":\"https:\\\/\\\/wein-werte.com\\\/de\\\/#website\",\"url\":\"https:\\\/\\\/wein-werte.com\\\/de\\\/\",\"name\":\"Wein Werte\",\"description\":\"\",\"publisher\":{\"@id\":\"https:\\\/\\\/wein-werte.com\\\/de\\\/#organization\"},\"potentialAction\":[{\"@type\":\"SearchAction\",\"target\":{\"@type\":\"EntryPoint\",\"urlTemplate\":\"https:\\\/\\\/wein-werte.com\\\/de\\\/?s={search_term_string}\"},\"query-input\":{\"@type\":\"PropertyValueSpecification\",\"valueRequired\":true,\"valueName\":\"search_term_string\"}}],\"inLanguage\":\"de\"},{\"@type\":\"Organization\",\"@id\":\"https:\\\/\\\/wein-werte.com\\\/de\\\/#organization\",\"name\":\"Vins Fins Thorrold\",\"url\":\"https:\\\/\\\/wein-werte.com\\\/de\\\/\",\"logo\":{\"@type\":\"ImageObject\",\"inLanguage\":\"de\",\"@id\":\"https:\\\/\\\/wein-werte.com\\\/de\\\/#\\\/schema\\\/logo\\\/image\\\/\",\"url\":\"https:\\\/\\\/wein-werte.com\\\/wp-content\\\/uploads\\\/2023\\\/07\\\/Wein_werte_Logo700-1.png\",\"contentUrl\":\"https:\\\/\\\/wein-werte.com\\\/wp-content\\\/uploads\\\/2023\\\/07\\\/Wein_werte_Logo700-1.png\",\"width\":700,\"height\":272,\"caption\":\"Vins Fins Thorrold\"},\"image\":{\"@id\":\"https:\\\/\\\/wein-werte.com\\\/de\\\/#\\\/schema\\\/logo\\\/image\\\/\"}}]}<\/script>\n<!-- \/ Yoast SEO plugin. -->","yoast_head_json":{"title":"Marcoux Ch\u00e2teauneuf-du-Pape rouge 2020","description":"Kaufe Marcoux Ch\u00e2teauneuf-du-Pape rouge 2020 (Mourv\u00e8dre Cuv\u00e9e, trocken aus Rhone (S\u00fcd), Frankreich) bei Wein Werte, Ihrem nachhaltigen Onlineshop.","robots":{"index":"index","follow":"follow","max-snippet":"max-snippet:-1","max-image-preview":"max-image-preview:large","max-video-preview":"max-video-preview:-1"},"canonical":"https:\/\/wein-werte.com\/de\/produkt\/marcoux-chateauneuf-du-pape-rouge-2020-750ml\/","og_locale":"de_DE","og_type":"article","og_title":"Marcoux Ch\u00e2teauneuf-du-Pape rouge 2020","og_description":"Kaufe Marcoux Ch\u00e2teauneuf-du-Pape rouge 2020 (Mourv\u00e8dre Cuv\u00e9e, trocken aus Rhone (S\u00fcd), Frankreich) bei Wein Werte, Ihrem nachhaltigen Onlineshop.","og_url":"https:\/\/wein-werte.com\/de\/produkt\/marcoux-chateauneuf-du-pape-rouge-2020-750ml\/","og_site_name":"Wein Werte","og_image":[{"width":326,"height":1200,"url":"https:\/\/wein-werte.com\/wp-content\/uploads\/2026\/04\/Marcoux-Chateauneuf-du-Pape-rouge-2020-750ml.png","type":"image\/png"}],"twitter_card":"summary_large_image","twitter_misc":{"Gesch\u00e4tzte Lesezeit":"1\u00a0Minute"},"schema":{"@context":"https:\/\/schema.org","@graph":[{"@type":"WebPage","@id":"https:\/\/wein-werte.com\/de\/produkt\/marcoux-chateauneuf-du-pape-rouge-2020-750ml\/","url":"https:\/\/wein-werte.com\/de\/produkt\/marcoux-chateauneuf-du-pape-rouge-2020-750ml\/","name":"Marcoux Ch\u00e2teauneuf-du-Pape rouge 2020","isPartOf":{"@id":"https:\/\/wein-werte.com\/de\/#website"},"primaryImageOfPage":{"@id":"https:\/\/wein-werte.com\/de\/produkt\/marcoux-chateauneuf-du-pape-rouge-2020-750ml\/#primaryimage"},"image":{"@id":"https:\/\/wein-werte.com\/de\/produkt\/marcoux-chateauneuf-du-pape-rouge-2020-750ml\/#primaryimage"},"thumbnailUrl":"https:\/\/wein-werte.com\/wp-content\/uploads\/2026\/04\/Marcoux-Chateauneuf-du-Pape-rouge-2020-750ml.png","datePublished":"2026-05-05T16:13:07+00:00","description":"Kaufe Marcoux Ch\u00e2teauneuf-du-Pape rouge 2020 (Mourv\u00e8dre Cuv\u00e9e, trocken aus Rhone (S\u00fcd), Frankreich) bei Wein Werte, Ihrem nachhaltigen Onlineshop.","breadcrumb":{"@id":"https:\/\/wein-werte.com\/de\/produkt\/marcoux-chateauneuf-du-pape-rouge-2020-750ml\/#breadcrumb"},"inLanguage":"de","potentialAction":[{"@type":"ReadAction","target":["https:\/\/wein-werte.com\/de\/produkt\/marcoux-chateauneuf-du-pape-rouge-2020-750ml\/"]}]},{"@type":"ImageObject","inLanguage":"de","@id":"https:\/\/wein-werte.com\/de\/produkt\/marcoux-chateauneuf-du-pape-rouge-2020-750ml\/#primaryimage","url":"https:\/\/wein-werte.com\/wp-content\/uploads\/2026\/04\/Marcoux-Chateauneuf-du-Pape-rouge-2020-750ml.png","contentUrl":"https:\/\/wein-werte.com\/wp-content\/uploads\/2026\/04\/Marcoux-Chateauneuf-du-Pape-rouge-2020-750ml.png","width":326,"height":1200,"caption":"Marcoux Ch\u00e2teauneuf-du-Pape rouge AOC 2020 750ml"},{"@type":"BreadcrumbList","@id":"https:\/\/wein-werte.com\/de\/produkt\/marcoux-chateauneuf-du-pape-rouge-2020-750ml\/#breadcrumb","itemListElement":[{"@type":"ListItem","position":1,"name":"Home","item":"https:\/\/wein-werte.com\/de\/"},{"@type":"ListItem","position":2,"name":"Shop","item":"https:\/\/wein-werte.com\/de\/shop\/"},{"@type":"ListItem","position":3,"name":"Marcoux | Rhone (S\u00fcd) | Ch\u00e2teauneuf-du-Pape rouge AOC | 2020 | 750ml | bio"}]},{"@type":"WebSite","@id":"https:\/\/wein-werte.com\/de\/#website","url":"https:\/\/wein-werte.com\/de\/","name":"Wein Werte","description":"","publisher":{"@id":"https:\/\/wein-werte.com\/de\/#organization"},"potentialAction":[{"@type":"SearchAction","target":{"@type":"EntryPoint","urlTemplate":"https:\/\/wein-werte.com\/de\/?s={search_term_string}"},"query-input":{"@type":"PropertyValueSpecification","valueRequired":true,"valueName":"search_term_string"}}],"inLanguage":"de"},{"@type":"Organization","@id":"https:\/\/wein-werte.com\/de\/#organization","name":"Vins Fins Thorrold","url":"https:\/\/wein-werte.com\/de\/","logo":{"@type":"ImageObject","inLanguage":"de","@id":"https:\/\/wein-werte.com\/de\/#\/schema\/logo\/image\/","url":"https:\/\/wein-werte.com\/wp-content\/uploads\/2023\/07\/Wein_werte_Logo700-1.png","contentUrl":"https:\/\/wein-werte.com\/wp-content\/uploads\/2023\/07\/Wein_werte_Logo700-1.png","width":700,"height":272,"caption":"Vins Fins Thorrold"},"image":{"@id":"https:\/\/wein-werte.com\/de\/#\/schema\/logo\/image\/"}}]}},"_links":{"self":[{"href":"https:\/\/wein-werte.com\/de\/wp-json\/wp\/v2\/product\/1128665","targetHints":{"allow":["GET"]}}],"collection":[{"href":"https:\/\/wein-werte.com\/de\/wp-json\/wp\/v2\/product"}],"about":[{"href":"https:\/\/wein-werte.com\/de\/wp-json\/wp\/v2\/types\/product"}],"wp:featuredmedia":[{"embeddable":true,"href":"https:\/\/wein-werte.com\/de\/wp-json\/wp\/v2\/media\/1140248"}],"wp:attachment":[{"href":"https:\/\/wein-werte.com\/de\/wp-json\/wp\/v2\/media?parent=1128665"}],"wp:term":[{"taxonomy":"product_brand","embeddable":true,"href":"https:\/\/wein-werte.com\/de\/wp-json\/wp\/v2\/product_brand?post=1128665"},{"taxonomy":"product_cat","embeddable":true,"href":"https:\/\/wein-werte.com\/de\/wp-json\/wp\/v2\/product_cat?post=1128665"},{"taxonomy":"product_tag","embeddable":true,"href":"https:\/\/wein-werte.com\/de\/wp-json\/wp\/v2\/product_tag?post=1128665"}],"curies":[{"name":"wp","href":"https:\/\/api.w.org\/{rel}","templated":true}]}}