{"id":1128659,"date":"2026-05-08T20:00:00","date_gmt":"2026-05-08T18:00:00","guid":{"rendered":"https:\/\/wein-werte.com\/product\/marcoux-chateauneuf-du-pape-rouge-2019-1500ml\/"},"modified":"2026-04-27T11:43:00","modified_gmt":"2026-04-27T09:43:00","slug":"marcoux-chateauneuf-du-pape-rouge-2019-1500ml","status":"publish","type":"product","link":"https:\/\/wein-werte.com\/de\/produkt\/marcoux-chateauneuf-du-pape-rouge-2019-1500ml\/","title":{"rendered":"Marcoux | Rhone (S\u00fcd) | Ch\u00e2teauneuf-du-Pape rouge AOC | 2019 | 1500ml | bio"},"content":{"rendered":"<p>Produktbeschreibung f\u00fcr Marcoux Ch\u00e2teauneuf-du-Pape rouge AOC 2019 (bio) <\/p>\n<h5>Informationen zum Wein<\/h5>\n<p> In der Appellation Ch\u00e2teauneuf-du-Pape hat Familie Armenier insgesamt 13 Parzellen mit unterschiedlichen Bodentypen wie die ber\u00fchmten Rollkiesel auf tonreichem Untergrund, der gut Wasser speichert, aber auch r\u00f6tlichen Sandsteinboden und kolluviale Sedimente sowie Kalkb\u00f6den aus der Kreidezeit, die dem Wein viel Spannung geben. Grenache Noir dominiert bei weitem, erg\u00e4nzt von etwas Mourv\u00e8dre, Syrah und Cinsault. Gelesen wird per Hand nach optimaler Reife, die von einer Parzelle zur anderen und auch nach den Rebsorten variiert. Die selektierten Trauben werden entrappt, gemahlen und heruntergek\u00fchlt. Im Tank wird ihnen dann Zeit gelassen, bis die Naturhefen in Aktion treten. Nun achtet Sophie darauf, dass die Temperaturen nicht zu sehr ansteigen. Anfangs wird durch t\u00e4gliches Umpumpen extrahiert. Die Maischestandzeit erstreckt sich \u00fcber vier bis f\u00fcnf Wochen. Ausgebaut wird der Wein \u00fcber 18 Monate in Betontanks, erg\u00e4nzt von einigen Fudern und \u00e4lteren 350-Liter-F\u00e4ssern. <\/p>\n<h5>Farbe<\/h5>\n<p> Tiefes, noch junges Dunkelrot mit Rubinrand <\/p>\n<h5>Nase<\/h5>\n<p> Enorme Dichte, schwarze Feigen, wilde Brombeeren, s\u00fc\u00dfe Himbeeren, Blutorangen mit Noten von Veilchen, Provence-Kr\u00e4utern, frischem Leder, Pfeffer und Beeren in Alkohol. \u00d6ffnet sich zunehmend mit Luft im Glas und vermittelt einen Eindruck von gro\u00dfer Tiefe und Reinheit. <\/p>\n<h5>Gaumen<\/h5>\n<p> Sofort mundf\u00fcllend mit samtiger Textur, gro\u00dfer F\u00fclle und beeindruckender Konzentration, doch ohne jegliche Aggressivit\u00e4t oder Schwere. Tapeziert den Gaumen mit s\u00fc\u00dfer opulenter Frucht von roten Beeren. Reife, edle, eingeh\u00fcllte Tannine mit einem Hauch von Kakao, feink\u00f6rnige Struktur und Mineralik mit gro\u00dfer Dynamik und Ausdauer. Hervorragendes Alterungspotenzial. <\/p>\n<p>Copyright Vinaturel 2025<\/p>\n<p>Keywords: <a href=\"https:\/\/wein-werte.com\/de\/shop\/?swoof=1&#038;pa_producer=Marcoux\">Marcoux<\/a> <a href=\"https:\/\/wein-werte.com\/de\/shop\/?swoof=1&#038;woof_text=Ch\u00e2teauneuf-du-Pape rouge AOC\">Ch\u00e2teauneuf-du-Pape rouge AOC<\/a> 2019 bio <a href=\"https:\/\/wein-werte.com\/shop\/?swoof=1&#038;pa_region=Rhone (S\u00fcd)\">Rhone-(S\u00fcd)<\/a> <a href=\"https:\/\/wein-werte.com\/de\/shop\/?swoof=1&#038;pa_country=Frankreich\">Frankreich<\/a><\/p>\n<p>Internetseite des Weinguts: <a href=\"https:\/\/www.domainedemarcoux.fr\/en\/\" target=\"_blank\">https:\/\/www.domainedemarcoux.fr\/en\/<\/a><\/p>\n","protected":false},"excerpt":{"rendered":"<p>Lieferzeit: 1 bis 2 Arbeitstage (DE), 2 bis 5 Arbeitstage (EU and CH)<\/p>\n","protected":false},"featured_media":1140246,"template":"","meta":[],"product_brand":[],"product_cat":[19],"product_tag":[],"class_list":{"0":"post-1128659","1":"product","2":"type-product","3":"status-publish","4":"has-post-thumbnail","6":"product_cat-unkategorisiert","7":"pa_alcohol-for-filter-12916","8":"pa_certified-biodynamic-nein-de","9":"pa_certified-organic-ja-de","10":"pa_colour-rot","11":"pa_country-frankreich","12":"pa_grape-mourvedre-cuvee","13":"pa_price-for-filter-10576","14":"pa_producer-marcoux","15":"pa_region-rhone-sued","16":"pa_size-ml-6657","17":"pa_sweetness-trocken-de","18":"pa_type-2-still-de","19":"pa_vintage-2019-de","20":"entry","21":"has-media","23":"first","24":"instock","25":"taxable","26":"shipping-taxable","27":"purchasable","28":"product-type-simple"},"yoast_head":"<!-- This site is optimized with the Yoast SEO plugin v27.5 - https:\/\/yoast.com\/product\/yoast-seo-wordpress\/ -->\n<title>Marcoux Ch\u00e2teauneuf-du-Pape rouge 2019, 1500ml<\/title>\n<meta name=\"description\" content=\"Kaufe Marcoux Ch\u00e2teauneuf-du-Pape rouge 2019 (Mourv\u00e8dre Cuv\u00e9e, trocken aus Rhone (S\u00fcd), Frankreich) bei Wein Werte, Ihrem nachhaltigen Onlineshop.\" \/>\n<meta name=\"robots\" content=\"index, follow, max-snippet:-1, max-image-preview:large, max-video-preview:-1\" \/>\n<link rel=\"canonical\" href=\"https:\/\/wein-werte.com\/de\/produkt\/marcoux-chateauneuf-du-pape-rouge-2019-1500ml\/\" \/>\n<meta property=\"og:locale\" content=\"de_DE\" \/>\n<meta property=\"og:type\" content=\"article\" \/>\n<meta property=\"og:title\" content=\"Marcoux Ch\u00e2teauneuf-du-Pape rouge 2019, 1500ml\" \/>\n<meta property=\"og:description\" content=\"Kaufe Marcoux Ch\u00e2teauneuf-du-Pape rouge 2019 (Mourv\u00e8dre Cuv\u00e9e, trocken aus Rhone (S\u00fcd), Frankreich) bei Wein Werte, Ihrem nachhaltigen Onlineshop.\" \/>\n<meta property=\"og:url\" content=\"https:\/\/wein-werte.com\/de\/produkt\/marcoux-chateauneuf-du-pape-rouge-2019-1500ml\/\" \/>\n<meta property=\"og:site_name\" content=\"Wein Werte\" \/>\n<meta property=\"og:image\" content=\"https:\/\/wein-werte.com\/wp-content\/uploads\/2026\/04\/Marcoux-Chateauneuf-du-Pape-rouge-2019-1500ml.png\" \/>\n\t<meta property=\"og:image:width\" content=\"349\" \/>\n\t<meta property=\"og:image:height\" content=\"1200\" \/>\n\t<meta property=\"og:image:type\" content=\"image\/png\" \/>\n<meta name=\"twitter:card\" content=\"summary_large_image\" \/>\n<meta name=\"twitter:label1\" content=\"Gesch\u00e4tzte Lesezeit\" \/>\n\t<meta name=\"twitter:data1\" content=\"1\u00a0Minute\" \/>\n<script type=\"application\/ld+json\" class=\"yoast-schema-graph\">{\"@context\":\"https:\\\/\\\/schema.org\",\"@graph\":[{\"@type\":\"WebPage\",\"@id\":\"https:\\\/\\\/wein-werte.com\\\/de\\\/produkt\\\/marcoux-chateauneuf-du-pape-rouge-2019-1500ml\\\/\",\"url\":\"https:\\\/\\\/wein-werte.com\\\/de\\\/produkt\\\/marcoux-chateauneuf-du-pape-rouge-2019-1500ml\\\/\",\"name\":\"Marcoux Ch\u00e2teauneuf-du-Pape rouge 2019, 1500ml\",\"isPartOf\":{\"@id\":\"https:\\\/\\\/wein-werte.com\\\/de\\\/#website\"},\"primaryImageOfPage\":{\"@id\":\"https:\\\/\\\/wein-werte.com\\\/de\\\/produkt\\\/marcoux-chateauneuf-du-pape-rouge-2019-1500ml\\\/#primaryimage\"},\"image\":{\"@id\":\"https:\\\/\\\/wein-werte.com\\\/de\\\/produkt\\\/marcoux-chateauneuf-du-pape-rouge-2019-1500ml\\\/#primaryimage\"},\"thumbnailUrl\":\"https:\\\/\\\/wein-werte.com\\\/wp-content\\\/uploads\\\/2026\\\/04\\\/Marcoux-Chateauneuf-du-Pape-rouge-2019-1500ml.png\",\"datePublished\":\"2026-05-08T18:00:00+00:00\",\"description\":\"Kaufe Marcoux Ch\u00e2teauneuf-du-Pape rouge 2019 (Mourv\u00e8dre Cuv\u00e9e, trocken aus Rhone (S\u00fcd), Frankreich) bei Wein Werte, Ihrem nachhaltigen Onlineshop.\",\"breadcrumb\":{\"@id\":\"https:\\\/\\\/wein-werte.com\\\/de\\\/produkt\\\/marcoux-chateauneuf-du-pape-rouge-2019-1500ml\\\/#breadcrumb\"},\"inLanguage\":\"de\",\"potentialAction\":[{\"@type\":\"ReadAction\",\"target\":[\"https:\\\/\\\/wein-werte.com\\\/de\\\/produkt\\\/marcoux-chateauneuf-du-pape-rouge-2019-1500ml\\\/\"]}]},{\"@type\":\"ImageObject\",\"inLanguage\":\"de\",\"@id\":\"https:\\\/\\\/wein-werte.com\\\/de\\\/produkt\\\/marcoux-chateauneuf-du-pape-rouge-2019-1500ml\\\/#primaryimage\",\"url\":\"https:\\\/\\\/wein-werte.com\\\/wp-content\\\/uploads\\\/2026\\\/04\\\/Marcoux-Chateauneuf-du-Pape-rouge-2019-1500ml.png\",\"contentUrl\":\"https:\\\/\\\/wein-werte.com\\\/wp-content\\\/uploads\\\/2026\\\/04\\\/Marcoux-Chateauneuf-du-Pape-rouge-2019-1500ml.png\",\"width\":349,\"height\":1200,\"caption\":\"Marcoux Ch\u00e2teauneuf-du-Pape rouge AOC 2019 1500ml\"},{\"@type\":\"BreadcrumbList\",\"@id\":\"https:\\\/\\\/wein-werte.com\\\/de\\\/produkt\\\/marcoux-chateauneuf-du-pape-rouge-2019-1500ml\\\/#breadcrumb\",\"itemListElement\":[{\"@type\":\"ListItem\",\"position\":1,\"name\":\"Home\",\"item\":\"https:\\\/\\\/wein-werte.com\\\/de\\\/\"},{\"@type\":\"ListItem\",\"position\":2,\"name\":\"Shop\",\"item\":\"https:\\\/\\\/wein-werte.com\\\/de\\\/shop\\\/\"},{\"@type\":\"ListItem\",\"position\":3,\"name\":\"Marcoux | Rhone (S\u00fcd) | Ch\u00e2teauneuf-du-Pape rouge AOC | 2019 | 1500ml | bio\"}]},{\"@type\":\"WebSite\",\"@id\":\"https:\\\/\\\/wein-werte.com\\\/de\\\/#website\",\"url\":\"https:\\\/\\\/wein-werte.com\\\/de\\\/\",\"name\":\"Wein Werte\",\"description\":\"\",\"publisher\":{\"@id\":\"https:\\\/\\\/wein-werte.com\\\/de\\\/#organization\"},\"potentialAction\":[{\"@type\":\"SearchAction\",\"target\":{\"@type\":\"EntryPoint\",\"urlTemplate\":\"https:\\\/\\\/wein-werte.com\\\/de\\\/?s={search_term_string}\"},\"query-input\":{\"@type\":\"PropertyValueSpecification\",\"valueRequired\":true,\"valueName\":\"search_term_string\"}}],\"inLanguage\":\"de\"},{\"@type\":\"Organization\",\"@id\":\"https:\\\/\\\/wein-werte.com\\\/de\\\/#organization\",\"name\":\"Vins Fins Thorrold\",\"url\":\"https:\\\/\\\/wein-werte.com\\\/de\\\/\",\"logo\":{\"@type\":\"ImageObject\",\"inLanguage\":\"de\",\"@id\":\"https:\\\/\\\/wein-werte.com\\\/de\\\/#\\\/schema\\\/logo\\\/image\\\/\",\"url\":\"https:\\\/\\\/wein-werte.com\\\/wp-content\\\/uploads\\\/2023\\\/07\\\/Wein_werte_Logo700-1.png\",\"contentUrl\":\"https:\\\/\\\/wein-werte.com\\\/wp-content\\\/uploads\\\/2023\\\/07\\\/Wein_werte_Logo700-1.png\",\"width\":700,\"height\":272,\"caption\":\"Vins Fins Thorrold\"},\"image\":{\"@id\":\"https:\\\/\\\/wein-werte.com\\\/de\\\/#\\\/schema\\\/logo\\\/image\\\/\"}}]}<\/script>\n<!-- \/ Yoast SEO plugin. -->","yoast_head_json":{"title":"Marcoux Ch\u00e2teauneuf-du-Pape rouge 2019, 1500ml","description":"Kaufe Marcoux Ch\u00e2teauneuf-du-Pape rouge 2019 (Mourv\u00e8dre Cuv\u00e9e, trocken aus Rhone (S\u00fcd), Frankreich) bei Wein Werte, Ihrem nachhaltigen Onlineshop.","robots":{"index":"index","follow":"follow","max-snippet":"max-snippet:-1","max-image-preview":"max-image-preview:large","max-video-preview":"max-video-preview:-1"},"canonical":"https:\/\/wein-werte.com\/de\/produkt\/marcoux-chateauneuf-du-pape-rouge-2019-1500ml\/","og_locale":"de_DE","og_type":"article","og_title":"Marcoux Ch\u00e2teauneuf-du-Pape rouge 2019, 1500ml","og_description":"Kaufe Marcoux Ch\u00e2teauneuf-du-Pape rouge 2019 (Mourv\u00e8dre Cuv\u00e9e, trocken aus Rhone (S\u00fcd), Frankreich) bei Wein Werte, Ihrem nachhaltigen Onlineshop.","og_url":"https:\/\/wein-werte.com\/de\/produkt\/marcoux-chateauneuf-du-pape-rouge-2019-1500ml\/","og_site_name":"Wein Werte","og_image":[{"width":349,"height":1200,"url":"https:\/\/wein-werte.com\/wp-content\/uploads\/2026\/04\/Marcoux-Chateauneuf-du-Pape-rouge-2019-1500ml.png","type":"image\/png"}],"twitter_card":"summary_large_image","twitter_misc":{"Gesch\u00e4tzte Lesezeit":"1\u00a0Minute"},"schema":{"@context":"https:\/\/schema.org","@graph":[{"@type":"WebPage","@id":"https:\/\/wein-werte.com\/de\/produkt\/marcoux-chateauneuf-du-pape-rouge-2019-1500ml\/","url":"https:\/\/wein-werte.com\/de\/produkt\/marcoux-chateauneuf-du-pape-rouge-2019-1500ml\/","name":"Marcoux Ch\u00e2teauneuf-du-Pape rouge 2019, 1500ml","isPartOf":{"@id":"https:\/\/wein-werte.com\/de\/#website"},"primaryImageOfPage":{"@id":"https:\/\/wein-werte.com\/de\/produkt\/marcoux-chateauneuf-du-pape-rouge-2019-1500ml\/#primaryimage"},"image":{"@id":"https:\/\/wein-werte.com\/de\/produkt\/marcoux-chateauneuf-du-pape-rouge-2019-1500ml\/#primaryimage"},"thumbnailUrl":"https:\/\/wein-werte.com\/wp-content\/uploads\/2026\/04\/Marcoux-Chateauneuf-du-Pape-rouge-2019-1500ml.png","datePublished":"2026-05-08T18:00:00+00:00","description":"Kaufe Marcoux Ch\u00e2teauneuf-du-Pape rouge 2019 (Mourv\u00e8dre Cuv\u00e9e, trocken aus Rhone (S\u00fcd), Frankreich) bei Wein Werte, Ihrem nachhaltigen Onlineshop.","breadcrumb":{"@id":"https:\/\/wein-werte.com\/de\/produkt\/marcoux-chateauneuf-du-pape-rouge-2019-1500ml\/#breadcrumb"},"inLanguage":"de","potentialAction":[{"@type":"ReadAction","target":["https:\/\/wein-werte.com\/de\/produkt\/marcoux-chateauneuf-du-pape-rouge-2019-1500ml\/"]}]},{"@type":"ImageObject","inLanguage":"de","@id":"https:\/\/wein-werte.com\/de\/produkt\/marcoux-chateauneuf-du-pape-rouge-2019-1500ml\/#primaryimage","url":"https:\/\/wein-werte.com\/wp-content\/uploads\/2026\/04\/Marcoux-Chateauneuf-du-Pape-rouge-2019-1500ml.png","contentUrl":"https:\/\/wein-werte.com\/wp-content\/uploads\/2026\/04\/Marcoux-Chateauneuf-du-Pape-rouge-2019-1500ml.png","width":349,"height":1200,"caption":"Marcoux Ch\u00e2teauneuf-du-Pape rouge AOC 2019 1500ml"},{"@type":"BreadcrumbList","@id":"https:\/\/wein-werte.com\/de\/produkt\/marcoux-chateauneuf-du-pape-rouge-2019-1500ml\/#breadcrumb","itemListElement":[{"@type":"ListItem","position":1,"name":"Home","item":"https:\/\/wein-werte.com\/de\/"},{"@type":"ListItem","position":2,"name":"Shop","item":"https:\/\/wein-werte.com\/de\/shop\/"},{"@type":"ListItem","position":3,"name":"Marcoux | Rhone (S\u00fcd) | Ch\u00e2teauneuf-du-Pape rouge AOC | 2019 | 1500ml | bio"}]},{"@type":"WebSite","@id":"https:\/\/wein-werte.com\/de\/#website","url":"https:\/\/wein-werte.com\/de\/","name":"Wein Werte","description":"","publisher":{"@id":"https:\/\/wein-werte.com\/de\/#organization"},"potentialAction":[{"@type":"SearchAction","target":{"@type":"EntryPoint","urlTemplate":"https:\/\/wein-werte.com\/de\/?s={search_term_string}"},"query-input":{"@type":"PropertyValueSpecification","valueRequired":true,"valueName":"search_term_string"}}],"inLanguage":"de"},{"@type":"Organization","@id":"https:\/\/wein-werte.com\/de\/#organization","name":"Vins Fins Thorrold","url":"https:\/\/wein-werte.com\/de\/","logo":{"@type":"ImageObject","inLanguage":"de","@id":"https:\/\/wein-werte.com\/de\/#\/schema\/logo\/image\/","url":"https:\/\/wein-werte.com\/wp-content\/uploads\/2023\/07\/Wein_werte_Logo700-1.png","contentUrl":"https:\/\/wein-werte.com\/wp-content\/uploads\/2023\/07\/Wein_werte_Logo700-1.png","width":700,"height":272,"caption":"Vins Fins Thorrold"},"image":{"@id":"https:\/\/wein-werte.com\/de\/#\/schema\/logo\/image\/"}}]}},"_links":{"self":[{"href":"https:\/\/wein-werte.com\/de\/wp-json\/wp\/v2\/product\/1128659","targetHints":{"allow":["GET"]}}],"collection":[{"href":"https:\/\/wein-werte.com\/de\/wp-json\/wp\/v2\/product"}],"about":[{"href":"https:\/\/wein-werte.com\/de\/wp-json\/wp\/v2\/types\/product"}],"wp:featuredmedia":[{"embeddable":true,"href":"https:\/\/wein-werte.com\/de\/wp-json\/wp\/v2\/media\/1140246"}],"wp:attachment":[{"href":"https:\/\/wein-werte.com\/de\/wp-json\/wp\/v2\/media?parent=1128659"}],"wp:term":[{"taxonomy":"product_brand","embeddable":true,"href":"https:\/\/wein-werte.com\/de\/wp-json\/wp\/v2\/product_brand?post=1128659"},{"taxonomy":"product_cat","embeddable":true,"href":"https:\/\/wein-werte.com\/de\/wp-json\/wp\/v2\/product_cat?post=1128659"},{"taxonomy":"product_tag","embeddable":true,"href":"https:\/\/wein-werte.com\/de\/wp-json\/wp\/v2\/product_tag?post=1128659"}],"curies":[{"name":"wp","href":"https:\/\/api.w.org\/{rel}","templated":true}]}}