{"id":1128641,"date":"2026-05-05T18:13:06","date_gmt":"2026-05-05T16:13:06","guid":{"rendered":"https:\/\/wein-werte.com\/product\/la-nerthe-chateauneuf-du-pape-clos-de-beauvenir-blanc-2022-750ml\/"},"modified":"2026-04-27T11:42:58","modified_gmt":"2026-04-27T09:42:58","slug":"la-nerthe-chateauneuf-du-pape-clos-de-beauvenir-blanc-2022-750ml","status":"publish","type":"product","link":"https:\/\/wein-werte.com\/de\/produkt\/la-nerthe-chateauneuf-du-pape-clos-de-beauvenir-blanc-2022-750ml\/","title":{"rendered":"La Nerthe | Rhone (S\u00fcd) | Ch\u00e2teauneuf-du-Pape &#8220;Clos de Beauvenir&#8221; Blanc AOC | 2022 | 750ml | bio"},"content":{"rendered":"<p>Produktbeschreibung f\u00fcr La Nerthe Ch\u00e2teauneuf-du-Pape &#8220;Clos de Beauvenir&#8221; Blanc AOC 2022 (bio)<\/p>\n<p> Ch\u00e2teau La Nerthe wurde bereits im 18. Jahrhundert weit \u00fcber die Grenzen Frankreichs hinaus bekannt. Seit 1985 hat man alles unternommen, um es erneut unter die besten G\u00fcter von Ch\u00e2teauneuf-du-Pape einzureihen. Daran hatte und hat der seit 1998 zertifizierte biologische Anbau wesentlichen Anteil. Die 57 Parzellen der insgesamt 92 ha umfassenden Weinberge werden getrennt vinifiziert und ausgebaut, wobei man sowohl \u00fcber die vier wesentlichsten Bodenarten sowie die 13 Rebsorten der Appel lation verf\u00fcgt. Erst dann geht Gutsleiter R\u00e9mi Jean mit bewundernswerter Intuition daran, daraus au\u00dferordentlich komplexe Wei\u00df- und Rotweine mit hervorragendem Alterungspotenzial zu komponieren. Der Clos de Beauvenir und Les Cadettes sind die beiden historischen Weing\u00e4rten unterhalb des Ch\u00e2teau. Der Clos ist wegen des h\u00f6heren Kalkanteils wei\u00dfen Sorten vorbehalten. Die Cuv\u00e9e des Cadettes basiert auf den \u00e4ltesten Rebst\u00f6cken des Guts, vor allem den 1935 gepflanzten Grenache-Noir-Reben. <\/p>\n<p>Copyright Vinaturel 2025<\/p>\n<p>Keywords: <a href=\"https:\/\/wein-werte.com\/de\/shop\/?swoof=1&#038;pa_producer=La-Nerthe\">La Nerthe<\/a> <a href=\"https:\/\/wein-werte.com\/de\/shop\/?swoof=1&#038;woof_text=Ch\u00e2teauneuf-du-Pape \"Clos de Beauvenir\" Blanc AOC\">Ch\u00e2teauneuf-du-Pape &#8220;Clos de Beauvenir&#8221; Blanc AOC<\/a> 2022 bio <a href=\"https:\/\/wein-werte.com\/shop\/?swoof=1&#038;pa_region=Rhone (S\u00fcd)\">Rhone-(S\u00fcd)<\/a> <a href=\"https:\/\/wein-werte.com\/de\/shop\/?swoof=1&#038;pa_country=Frankreich\">Frankreich<\/a><\/p>\n<h3>Wine Advocate<\/h3>\n<p>Punkte: 92+<\/p>\n<p>Im 2022er Chateauneuf du Pape Blanc Clos de Beauvenir, einer 70:30-Cuv\u00e9e aus Roussanne und Grenache Blanc, die \u00fcberwiegend in Demi-Muids und 15 % in neuen Barriques gereift ist, wurde das neue Holz reduziert. Ankl\u00e4nge von Eichengew\u00fcrzen betonen Ananas- und Limettennoten in der Nase, w\u00e4hrend der mittel- bis vollmundige Geschmack reichhaltig und seidig ist und in jungen Jahren sogar einen leicht phenolischen Abgang aufweist. In ein oder zwei Jahren d\u00fcrfte er noch besser sein.<br \/>Joe Czerwinski<\/p>\n<h3>Vinous<\/h3>\n<p>Punkte: 93<\/p>\n<p>Der Ch\u00e2teauneuf-du-Pape Blanc Clos de Beauvenir 2022 ist eine Mischung aus 56 % Roussanne und 44 % Grenache Blanc aus zertifizierten Bio-Reben und \u00fcberzeugt durch sein hervorragendes Geschmackserlebnis. Beim Schwenken des Glases entfalten sich duftende Noten von Ananas, Fr\u00fchlingsbl\u00fcten, wei\u00dfem Pfirsich und Zitronenfleisch. Konzentriert und rund ist dieser Blanc Clos de Beauvenir ein echter Volltreffer und hat das Potenzial, nach einigen Jahren in der Flasche noch mehr Nuancen zu entwickeln. Trotzdem l\u00e4sst er sich bereits jetzt hervorragend trinken. \u2013 Nicolas Greinacher<br \/>Trinkfenster: 2024\u20132030<br \/>Testdatum: Juni 2024<\/p>\n<p>Internetseite des Weinguts: <a href=\"https:\/\/www.domainesrichard.fr\/chateau-la-nerthe\/en\/\" target=\"_blank\">https:\/\/www.domainesrichard.fr\/chateau-la-nerthe\/en\/<\/a><\/p>\n","protected":false},"excerpt":{"rendered":"<p>Lieferzeit: 1 bis 2 Arbeitstage (DE), 2 bis 5 Arbeitstage (EU and CH)<\/p>\n","protected":false},"featured_media":1140232,"template":"","meta":[],"product_brand":[],"product_cat":[19],"product_tag":[],"class_list":{"0":"post-1128641","1":"product","2":"type-product","3":"status-publish","4":"has-post-thumbnail","6":"product_cat-unkategorisiert","7":"pa_alcohol-for-filter-12894","8":"pa_certified-biodynamic-nein-de","9":"pa_certified-organic-ja-de","10":"pa_colour-weiss","11":"pa_country-frankreich","12":"pa_grape-grenache-blanc-cuvee","13":"pa_parker-points-for-filter-92-de","14":"pa_price-for-filter-10692","15":"pa_producer-la-nerthe","16":"pa_region-rhone-sued","17":"pa_size-ml-6584","18":"pa_sweetness-trocken-de","19":"pa_type-2-still-de","20":"pa_vinous-points-for-filter-20031","21":"pa_vintage-2022-de","22":"entry","23":"has-media","25":"first","26":"instock","27":"taxable","28":"shipping-taxable","29":"purchasable","30":"product-type-simple"},"yoast_head":"<!-- This site is optimized with the Yoast SEO plugin v27.5 - https:\/\/yoast.com\/product\/yoast-seo-wordpress\/ -->\n<title>La Nerthe Ch\u00e2teauneuf-du-Pape &quot;Clos de Beauvenir&quot; blanc 2022<\/title>\n<meta name=\"description\" content=\"Kaufe La Nerthe Ch\u00e2teauneuf-du-Pape &quot;Clos de Beauvenir&quot; blanc 2022 (Grenache blanc Cuv\u00e9e, trocken aus Rhone (S\u00fcd), Frankreich) bei Wein Werte, Ihrem nachhaltigen Onlineshop.\" \/>\n<meta name=\"robots\" content=\"index, follow, max-snippet:-1, max-image-preview:large, max-video-preview:-1\" \/>\n<link rel=\"canonical\" href=\"https:\/\/wein-werte.com\/de\/produkt\/la-nerthe-chateauneuf-du-pape-clos-de-beauvenir-blanc-2022-750ml\/\" \/>\n<meta property=\"og:locale\" content=\"de_DE\" \/>\n<meta property=\"og:type\" content=\"article\" \/>\n<meta property=\"og:title\" content=\"La Nerthe Ch\u00e2teauneuf-du-Pape &quot;Clos de Beauvenir&quot; blanc 2022\" \/>\n<meta property=\"og:description\" content=\"Kaufe La Nerthe Ch\u00e2teauneuf-du-Pape &quot;Clos de Beauvenir&quot; blanc 2022 (Grenache blanc Cuv\u00e9e, trocken aus Rhone (S\u00fcd), Frankreich) bei Wein Werte, Ihrem nachhaltigen Onlineshop.\" \/>\n<meta property=\"og:url\" content=\"https:\/\/wein-werte.com\/de\/produkt\/la-nerthe-chateauneuf-du-pape-clos-de-beauvenir-blanc-2022-750ml\/\" \/>\n<meta property=\"og:site_name\" content=\"Wein Werte\" \/>\n<meta property=\"og:image\" content=\"https:\/\/wein-werte.com\/wp-content\/uploads\/2026\/04\/La-Nerthe-Chateauneuf-du-Pape-Clos-de-Beauvenir-blanc-2022-750ml.png\" \/>\n\t<meta property=\"og:image:width\" content=\"387\" \/>\n\t<meta property=\"og:image:height\" content=\"1200\" \/>\n\t<meta property=\"og:image:type\" content=\"image\/png\" \/>\n<meta name=\"twitter:card\" content=\"summary_large_image\" \/>\n<meta name=\"twitter:label1\" content=\"Gesch\u00e4tzte Lesezeit\" \/>\n\t<meta name=\"twitter:data1\" content=\"2\u00a0Minuten\" \/>\n<script type=\"application\/ld+json\" class=\"yoast-schema-graph\">{\"@context\":\"https:\\\/\\\/schema.org\",\"@graph\":[{\"@type\":\"WebPage\",\"@id\":\"https:\\\/\\\/wein-werte.com\\\/de\\\/produkt\\\/la-nerthe-chateauneuf-du-pape-clos-de-beauvenir-blanc-2022-750ml\\\/\",\"url\":\"https:\\\/\\\/wein-werte.com\\\/de\\\/produkt\\\/la-nerthe-chateauneuf-du-pape-clos-de-beauvenir-blanc-2022-750ml\\\/\",\"name\":\"La Nerthe Ch\u00e2teauneuf-du-Pape \\\"Clos de Beauvenir\\\" blanc 2022\",\"isPartOf\":{\"@id\":\"https:\\\/\\\/wein-werte.com\\\/de\\\/#website\"},\"primaryImageOfPage\":{\"@id\":\"https:\\\/\\\/wein-werte.com\\\/de\\\/produkt\\\/la-nerthe-chateauneuf-du-pape-clos-de-beauvenir-blanc-2022-750ml\\\/#primaryimage\"},\"image\":{\"@id\":\"https:\\\/\\\/wein-werte.com\\\/de\\\/produkt\\\/la-nerthe-chateauneuf-du-pape-clos-de-beauvenir-blanc-2022-750ml\\\/#primaryimage\"},\"thumbnailUrl\":\"https:\\\/\\\/wein-werte.com\\\/wp-content\\\/uploads\\\/2026\\\/04\\\/La-Nerthe-Chateauneuf-du-Pape-Clos-de-Beauvenir-blanc-2022-750ml.png\",\"datePublished\":\"2026-05-05T16:13:06+00:00\",\"description\":\"Kaufe La Nerthe Ch\u00e2teauneuf-du-Pape \\\"Clos de Beauvenir\\\" blanc 2022 (Grenache blanc Cuv\u00e9e, trocken aus Rhone (S\u00fcd), Frankreich) bei Wein Werte, Ihrem nachhaltigen Onlineshop.\",\"breadcrumb\":{\"@id\":\"https:\\\/\\\/wein-werte.com\\\/de\\\/produkt\\\/la-nerthe-chateauneuf-du-pape-clos-de-beauvenir-blanc-2022-750ml\\\/#breadcrumb\"},\"inLanguage\":\"de\",\"potentialAction\":[{\"@type\":\"ReadAction\",\"target\":[\"https:\\\/\\\/wein-werte.com\\\/de\\\/produkt\\\/la-nerthe-chateauneuf-du-pape-clos-de-beauvenir-blanc-2022-750ml\\\/\"]}]},{\"@type\":\"ImageObject\",\"inLanguage\":\"de\",\"@id\":\"https:\\\/\\\/wein-werte.com\\\/de\\\/produkt\\\/la-nerthe-chateauneuf-du-pape-clos-de-beauvenir-blanc-2022-750ml\\\/#primaryimage\",\"url\":\"https:\\\/\\\/wein-werte.com\\\/wp-content\\\/uploads\\\/2026\\\/04\\\/La-Nerthe-Chateauneuf-du-Pape-Clos-de-Beauvenir-blanc-2022-750ml.png\",\"contentUrl\":\"https:\\\/\\\/wein-werte.com\\\/wp-content\\\/uploads\\\/2026\\\/04\\\/La-Nerthe-Chateauneuf-du-Pape-Clos-de-Beauvenir-blanc-2022-750ml.png\",\"width\":387,\"height\":1200,\"caption\":\"La Nerthe Ch\u00e2teauneuf-du-Pape \\\"Clos de Beauvenir\\\" Blanc AOC 2022 750ml\"},{\"@type\":\"BreadcrumbList\",\"@id\":\"https:\\\/\\\/wein-werte.com\\\/de\\\/produkt\\\/la-nerthe-chateauneuf-du-pape-clos-de-beauvenir-blanc-2022-750ml\\\/#breadcrumb\",\"itemListElement\":[{\"@type\":\"ListItem\",\"position\":1,\"name\":\"Home\",\"item\":\"https:\\\/\\\/wein-werte.com\\\/de\\\/\"},{\"@type\":\"ListItem\",\"position\":2,\"name\":\"Shop\",\"item\":\"https:\\\/\\\/wein-werte.com\\\/de\\\/shop\\\/\"},{\"@type\":\"ListItem\",\"position\":3,\"name\":\"La Nerthe | Rhone (S\u00fcd) | Ch\u00e2teauneuf-du-Pape &#8220;Clos de Beauvenir&#8221; Blanc AOC | 2022 | 750ml | bio\"}]},{\"@type\":\"WebSite\",\"@id\":\"https:\\\/\\\/wein-werte.com\\\/de\\\/#website\",\"url\":\"https:\\\/\\\/wein-werte.com\\\/de\\\/\",\"name\":\"Wein Werte\",\"description\":\"\",\"publisher\":{\"@id\":\"https:\\\/\\\/wein-werte.com\\\/de\\\/#organization\"},\"potentialAction\":[{\"@type\":\"SearchAction\",\"target\":{\"@type\":\"EntryPoint\",\"urlTemplate\":\"https:\\\/\\\/wein-werte.com\\\/de\\\/?s={search_term_string}\"},\"query-input\":{\"@type\":\"PropertyValueSpecification\",\"valueRequired\":true,\"valueName\":\"search_term_string\"}}],\"inLanguage\":\"de\"},{\"@type\":\"Organization\",\"@id\":\"https:\\\/\\\/wein-werte.com\\\/de\\\/#organization\",\"name\":\"Vins Fins Thorrold\",\"url\":\"https:\\\/\\\/wein-werte.com\\\/de\\\/\",\"logo\":{\"@type\":\"ImageObject\",\"inLanguage\":\"de\",\"@id\":\"https:\\\/\\\/wein-werte.com\\\/de\\\/#\\\/schema\\\/logo\\\/image\\\/\",\"url\":\"https:\\\/\\\/wein-werte.com\\\/wp-content\\\/uploads\\\/2023\\\/07\\\/Wein_werte_Logo700-1.png\",\"contentUrl\":\"https:\\\/\\\/wein-werte.com\\\/wp-content\\\/uploads\\\/2023\\\/07\\\/Wein_werte_Logo700-1.png\",\"width\":700,\"height\":272,\"caption\":\"Vins Fins Thorrold\"},\"image\":{\"@id\":\"https:\\\/\\\/wein-werte.com\\\/de\\\/#\\\/schema\\\/logo\\\/image\\\/\"}}]}<\/script>\n<!-- \/ Yoast SEO plugin. -->","yoast_head_json":{"title":"La Nerthe Ch\u00e2teauneuf-du-Pape \"Clos de Beauvenir\" blanc 2022","description":"Kaufe La Nerthe Ch\u00e2teauneuf-du-Pape \"Clos de Beauvenir\" blanc 2022 (Grenache blanc Cuv\u00e9e, trocken aus Rhone (S\u00fcd), Frankreich) bei Wein Werte, Ihrem nachhaltigen Onlineshop.","robots":{"index":"index","follow":"follow","max-snippet":"max-snippet:-1","max-image-preview":"max-image-preview:large","max-video-preview":"max-video-preview:-1"},"canonical":"https:\/\/wein-werte.com\/de\/produkt\/la-nerthe-chateauneuf-du-pape-clos-de-beauvenir-blanc-2022-750ml\/","og_locale":"de_DE","og_type":"article","og_title":"La Nerthe Ch\u00e2teauneuf-du-Pape \"Clos de Beauvenir\" blanc 2022","og_description":"Kaufe La Nerthe Ch\u00e2teauneuf-du-Pape \"Clos de Beauvenir\" blanc 2022 (Grenache blanc Cuv\u00e9e, trocken aus Rhone (S\u00fcd), Frankreich) bei Wein Werte, Ihrem nachhaltigen Onlineshop.","og_url":"https:\/\/wein-werte.com\/de\/produkt\/la-nerthe-chateauneuf-du-pape-clos-de-beauvenir-blanc-2022-750ml\/","og_site_name":"Wein Werte","og_image":[{"width":387,"height":1200,"url":"https:\/\/wein-werte.com\/wp-content\/uploads\/2026\/04\/La-Nerthe-Chateauneuf-du-Pape-Clos-de-Beauvenir-blanc-2022-750ml.png","type":"image\/png"}],"twitter_card":"summary_large_image","twitter_misc":{"Gesch\u00e4tzte Lesezeit":"2\u00a0Minuten"},"schema":{"@context":"https:\/\/schema.org","@graph":[{"@type":"WebPage","@id":"https:\/\/wein-werte.com\/de\/produkt\/la-nerthe-chateauneuf-du-pape-clos-de-beauvenir-blanc-2022-750ml\/","url":"https:\/\/wein-werte.com\/de\/produkt\/la-nerthe-chateauneuf-du-pape-clos-de-beauvenir-blanc-2022-750ml\/","name":"La Nerthe Ch\u00e2teauneuf-du-Pape \"Clos de Beauvenir\" blanc 2022","isPartOf":{"@id":"https:\/\/wein-werte.com\/de\/#website"},"primaryImageOfPage":{"@id":"https:\/\/wein-werte.com\/de\/produkt\/la-nerthe-chateauneuf-du-pape-clos-de-beauvenir-blanc-2022-750ml\/#primaryimage"},"image":{"@id":"https:\/\/wein-werte.com\/de\/produkt\/la-nerthe-chateauneuf-du-pape-clos-de-beauvenir-blanc-2022-750ml\/#primaryimage"},"thumbnailUrl":"https:\/\/wein-werte.com\/wp-content\/uploads\/2026\/04\/La-Nerthe-Chateauneuf-du-Pape-Clos-de-Beauvenir-blanc-2022-750ml.png","datePublished":"2026-05-05T16:13:06+00:00","description":"Kaufe La Nerthe Ch\u00e2teauneuf-du-Pape \"Clos de Beauvenir\" blanc 2022 (Grenache blanc Cuv\u00e9e, trocken aus Rhone (S\u00fcd), Frankreich) bei Wein Werte, Ihrem nachhaltigen Onlineshop.","breadcrumb":{"@id":"https:\/\/wein-werte.com\/de\/produkt\/la-nerthe-chateauneuf-du-pape-clos-de-beauvenir-blanc-2022-750ml\/#breadcrumb"},"inLanguage":"de","potentialAction":[{"@type":"ReadAction","target":["https:\/\/wein-werte.com\/de\/produkt\/la-nerthe-chateauneuf-du-pape-clos-de-beauvenir-blanc-2022-750ml\/"]}]},{"@type":"ImageObject","inLanguage":"de","@id":"https:\/\/wein-werte.com\/de\/produkt\/la-nerthe-chateauneuf-du-pape-clos-de-beauvenir-blanc-2022-750ml\/#primaryimage","url":"https:\/\/wein-werte.com\/wp-content\/uploads\/2026\/04\/La-Nerthe-Chateauneuf-du-Pape-Clos-de-Beauvenir-blanc-2022-750ml.png","contentUrl":"https:\/\/wein-werte.com\/wp-content\/uploads\/2026\/04\/La-Nerthe-Chateauneuf-du-Pape-Clos-de-Beauvenir-blanc-2022-750ml.png","width":387,"height":1200,"caption":"La Nerthe Ch\u00e2teauneuf-du-Pape \"Clos de Beauvenir\" Blanc AOC 2022 750ml"},{"@type":"BreadcrumbList","@id":"https:\/\/wein-werte.com\/de\/produkt\/la-nerthe-chateauneuf-du-pape-clos-de-beauvenir-blanc-2022-750ml\/#breadcrumb","itemListElement":[{"@type":"ListItem","position":1,"name":"Home","item":"https:\/\/wein-werte.com\/de\/"},{"@type":"ListItem","position":2,"name":"Shop","item":"https:\/\/wein-werte.com\/de\/shop\/"},{"@type":"ListItem","position":3,"name":"La Nerthe | Rhone (S\u00fcd) | Ch\u00e2teauneuf-du-Pape &#8220;Clos de Beauvenir&#8221; Blanc AOC | 2022 | 750ml | bio"}]},{"@type":"WebSite","@id":"https:\/\/wein-werte.com\/de\/#website","url":"https:\/\/wein-werte.com\/de\/","name":"Wein Werte","description":"","publisher":{"@id":"https:\/\/wein-werte.com\/de\/#organization"},"potentialAction":[{"@type":"SearchAction","target":{"@type":"EntryPoint","urlTemplate":"https:\/\/wein-werte.com\/de\/?s={search_term_string}"},"query-input":{"@type":"PropertyValueSpecification","valueRequired":true,"valueName":"search_term_string"}}],"inLanguage":"de"},{"@type":"Organization","@id":"https:\/\/wein-werte.com\/de\/#organization","name":"Vins Fins Thorrold","url":"https:\/\/wein-werte.com\/de\/","logo":{"@type":"ImageObject","inLanguage":"de","@id":"https:\/\/wein-werte.com\/de\/#\/schema\/logo\/image\/","url":"https:\/\/wein-werte.com\/wp-content\/uploads\/2023\/07\/Wein_werte_Logo700-1.png","contentUrl":"https:\/\/wein-werte.com\/wp-content\/uploads\/2023\/07\/Wein_werte_Logo700-1.png","width":700,"height":272,"caption":"Vins Fins Thorrold"},"image":{"@id":"https:\/\/wein-werte.com\/de\/#\/schema\/logo\/image\/"}}]}},"_links":{"self":[{"href":"https:\/\/wein-werte.com\/de\/wp-json\/wp\/v2\/product\/1128641","targetHints":{"allow":["GET"]}}],"collection":[{"href":"https:\/\/wein-werte.com\/de\/wp-json\/wp\/v2\/product"}],"about":[{"href":"https:\/\/wein-werte.com\/de\/wp-json\/wp\/v2\/types\/product"}],"wp:featuredmedia":[{"embeddable":true,"href":"https:\/\/wein-werte.com\/de\/wp-json\/wp\/v2\/media\/1140232"}],"wp:attachment":[{"href":"https:\/\/wein-werte.com\/de\/wp-json\/wp\/v2\/media?parent=1128641"}],"wp:term":[{"taxonomy":"product_brand","embeddable":true,"href":"https:\/\/wein-werte.com\/de\/wp-json\/wp\/v2\/product_brand?post=1128641"},{"taxonomy":"product_cat","embeddable":true,"href":"https:\/\/wein-werte.com\/de\/wp-json\/wp\/v2\/product_cat?post=1128641"},{"taxonomy":"product_tag","embeddable":true,"href":"https:\/\/wein-werte.com\/de\/wp-json\/wp\/v2\/product_tag?post=1128641"}],"curies":[{"name":"wp","href":"https:\/\/api.w.org\/{rel}","templated":true}]}}