{"id":1128638,"date":"2026-05-05T18:13:06","date_gmt":"2026-05-05T16:13:06","guid":{"rendered":"https:\/\/wein-werte.com\/product\/la-nerthe-chateauneuf-du-pape-cuvee-des-cadettes-rouge-2017-750ml\/"},"modified":"2026-04-27T11:42:58","modified_gmt":"2026-04-27T09:42:58","slug":"la-nerthe-chateauneuf-du-pape-cuvee-des-cadettes-rouge-2017-750ml","status":"publish","type":"product","link":"https:\/\/wein-werte.com\/de\/produkt\/la-nerthe-chateauneuf-du-pape-cuvee-des-cadettes-rouge-2017-750ml\/","title":{"rendered":"La Nerthe | Rhone (S\u00fcd) | Ch\u00e2teauneuf-du-Pape &#8220;Cuv\u00e9e des Cadettes&#8221; Rouge AOC | 2017 | 750ml | bio"},"content":{"rendered":"<p>Produktbeschreibung f\u00fcr La Nerthe Ch\u00e2teauneuf-du-Pape &#8220;Cuv\u00e9e des Cadettes&#8221; Rouge AOC 2017 (bio) <\/p>\n<h5>Informationen zum Wein<\/h5>\n<p> Die \u00e4ltesten Parzellen des Gutes unterhalb des Ch\u00e2teaus mit ihren sandig-lehmigen B\u00f6den liefern die rote Spitzencuv\u00e9e Les Cadettes. Hier wachsen auch die \u00e4ltesten, \u00fcber 85 Jahre alten Rebst\u00f6cke von La Nerthe und zwar Grenache Noir, Syrah und Mourv\u00e8dre. Nach der manuellen Lese und der Selektion der Trauben werden die drei Sorten gemeinsam in einem gro\u00dfen Holzbottich spontan vergoren. 2017 stellten 59% Grenache Noir, 31% Syrah und 10% Mourv\u00e8dre die Cuv\u00e9e. Die Maischeg\u00e4rung dauerte drei Wochen. Nach dem biologischen S\u00e4ureabbau kam ein Teil des Weins in Fuder, der andere in neue Barriques zum Ausbau, der zw\u00f6lf Monate dauerte. <\/p>\n<h5>Farbe<\/h5>\n<p> Sehr tiefes, noch immer jugendliches Rubinrot <\/p>\n<h5>Nase<\/h5>\n<p> Intensives, einnehmendes Bouquet mit reifen Beeren und roten Kirschen, kandierten Walderdbeeren, Maraschino-Kirschen und in Weingeist mazerierten Himbeeren: den durch Hitze und Trockenheit des Jahres konzentrierten Aromen, begleitet von Noten von Milchschokolade und Karamell, Gew\u00fcrznelken und Zimt, Rauch und Tabak. <\/p>\n<h5>Gaumen<\/h5>\n<p> Samtiger Ansatz mit ausdrucksvoller reifer roter Beerenfrucht und reizvollem Volumen. Gro\u00dfe Intensit\u00e4t und Nachdruck am Gaumen, viel Struktur und Kraft, Lorbeer und Pfeifentabak, markante, doch sehr sch\u00f6n umh\u00fcllte Tannine und komplexe W\u00fcrze. Durch die gemeinsame Vinifikation der drei Sorten und den Ausbau in Fudern besitzt der Wein trotz seiner Konzentration schon jetzt viel Harmonie und Finesse, doch zugleich alle Komponenten, um \u00fcber Jahrzehnte zu altern.<\/p>\n<p>Copyright Vinaturel 2025<\/p>\n<p>Keywords: <a href=\"https:\/\/wein-werte.com\/de\/shop\/?swoof=1&#038;pa_producer=La-Nerthe\">La Nerthe<\/a> <a href=\"https:\/\/wein-werte.com\/de\/shop\/?swoof=1&#038;woof_text=Ch\u00e2teauneuf-du-Pape \"Cuv\u00e9e des Cadettes\" Rouge AOC\">Ch\u00e2teauneuf-du-Pape &#8220;Cuv\u00e9e des Cadettes&#8221; Rouge AOC<\/a> 2017 bio <a href=\"https:\/\/wein-werte.com\/shop\/?swoof=1&#038;pa_region=Rhone (S\u00fcd)\">Rhone-(S\u00fcd)<\/a> <a href=\"https:\/\/wein-werte.com\/de\/shop\/?swoof=1&#038;pa_country=Frankreich\">Frankreich<\/a><\/p>\n<p>Internetseite des Weinguts: <a href=\"https:\/\/www.domainesrichard.fr\/chateau-la-nerthe\/en\/\" target=\"_blank\">https:\/\/www.domainesrichard.fr\/chateau-la-nerthe\/en\/<\/a><\/p>\n","protected":false},"excerpt":{"rendered":"<p>Lieferzeit: 1 bis 2 Arbeitstage (DE), 2 bis 5 Arbeitstage (EU and CH)<\/p>\n","protected":false},"featured_media":1140230,"template":"","meta":[],"product_brand":[],"product_cat":[19],"product_tag":[],"class_list":{"0":"post-1128638","1":"product","2":"type-product","3":"status-publish","4":"has-post-thumbnail","6":"product_cat-unkategorisiert","7":"pa_alcohol-for-filter-12894","8":"pa_certified-biodynamic-nein-de","9":"pa_certified-organic-ja-de","10":"pa_colour-rot","11":"pa_country-frankreich","12":"pa_grape-mourvedre-cuvee","13":"pa_price-for-filter-10691","14":"pa_producer-la-nerthe","15":"pa_region-rhone-sued","16":"pa_size-ml-6584","17":"pa_sweetness-trocken-de","18":"pa_type-2-still-de","19":"pa_vintage-2017-de","20":"entry","21":"has-media","23":"first","24":"instock","25":"taxable","26":"shipping-taxable","27":"purchasable","28":"product-type-simple"},"yoast_head":"<!-- This site is optimized with the Yoast SEO plugin v27.5 - https:\/\/yoast.com\/product\/yoast-seo-wordpress\/ -->\n<title>La Nerthe Ch\u00e2teauneuf-du-Pape &quot;Cuv\u00e9e des Cadettes&quot; rouge 2017<\/title>\n<meta name=\"description\" content=\"Kaufe La Nerthe Ch\u00e2teauneuf-du-Pape &quot;Cuv\u00e9e des Cadettes&quot; rouge 2017 (Mourv\u00e8dre Cuv\u00e9e, trocken aus Rhone (S\u00fcd), Frankreich) bei Wein Werte, Ihrem nachhaltigen Onlineshop.\" \/>\n<meta name=\"robots\" content=\"index, follow, max-snippet:-1, max-image-preview:large, max-video-preview:-1\" \/>\n<link rel=\"canonical\" href=\"https:\/\/wein-werte.com\/de\/produkt\/la-nerthe-chateauneuf-du-pape-cuvee-des-cadettes-rouge-2017-750ml\/\" \/>\n<meta property=\"og:locale\" content=\"de_DE\" \/>\n<meta property=\"og:type\" content=\"article\" \/>\n<meta property=\"og:title\" content=\"La Nerthe Ch\u00e2teauneuf-du-Pape &quot;Cuv\u00e9e des Cadettes&quot; rouge 2017\" \/>\n<meta property=\"og:description\" content=\"Kaufe La Nerthe Ch\u00e2teauneuf-du-Pape &quot;Cuv\u00e9e des Cadettes&quot; rouge 2017 (Mourv\u00e8dre Cuv\u00e9e, trocken aus Rhone (S\u00fcd), Frankreich) bei Wein Werte, Ihrem nachhaltigen Onlineshop.\" \/>\n<meta property=\"og:url\" content=\"https:\/\/wein-werte.com\/de\/produkt\/la-nerthe-chateauneuf-du-pape-cuvee-des-cadettes-rouge-2017-750ml\/\" \/>\n<meta property=\"og:site_name\" content=\"Wein Werte\" \/>\n<meta property=\"og:image\" content=\"https:\/\/wein-werte.com\/wp-content\/uploads\/2026\/04\/La-Nerthe-Chateauneuf-du-Pape-Cuvee-des-Cadettes-rouge-2017-750ml.png\" \/>\n\t<meta property=\"og:image:width\" content=\"323\" \/>\n\t<meta property=\"og:image:height\" content=\"1200\" \/>\n\t<meta property=\"og:image:type\" content=\"image\/png\" \/>\n<meta name=\"twitter:card\" content=\"summary_large_image\" \/>\n<meta name=\"twitter:label1\" content=\"Gesch\u00e4tzte Lesezeit\" \/>\n\t<meta name=\"twitter:data1\" content=\"1\u00a0Minute\" \/>\n<script type=\"application\/ld+json\" class=\"yoast-schema-graph\">{\"@context\":\"https:\\\/\\\/schema.org\",\"@graph\":[{\"@type\":\"WebPage\",\"@id\":\"https:\\\/\\\/wein-werte.com\\\/de\\\/produkt\\\/la-nerthe-chateauneuf-du-pape-cuvee-des-cadettes-rouge-2017-750ml\\\/\",\"url\":\"https:\\\/\\\/wein-werte.com\\\/de\\\/produkt\\\/la-nerthe-chateauneuf-du-pape-cuvee-des-cadettes-rouge-2017-750ml\\\/\",\"name\":\"La Nerthe Ch\u00e2teauneuf-du-Pape \\\"Cuv\u00e9e des Cadettes\\\" rouge 2017\",\"isPartOf\":{\"@id\":\"https:\\\/\\\/wein-werte.com\\\/de\\\/#website\"},\"primaryImageOfPage\":{\"@id\":\"https:\\\/\\\/wein-werte.com\\\/de\\\/produkt\\\/la-nerthe-chateauneuf-du-pape-cuvee-des-cadettes-rouge-2017-750ml\\\/#primaryimage\"},\"image\":{\"@id\":\"https:\\\/\\\/wein-werte.com\\\/de\\\/produkt\\\/la-nerthe-chateauneuf-du-pape-cuvee-des-cadettes-rouge-2017-750ml\\\/#primaryimage\"},\"thumbnailUrl\":\"https:\\\/\\\/wein-werte.com\\\/wp-content\\\/uploads\\\/2026\\\/04\\\/La-Nerthe-Chateauneuf-du-Pape-Cuvee-des-Cadettes-rouge-2017-750ml.png\",\"datePublished\":\"2026-05-05T16:13:06+00:00\",\"description\":\"Kaufe La Nerthe Ch\u00e2teauneuf-du-Pape \\\"Cuv\u00e9e des Cadettes\\\" rouge 2017 (Mourv\u00e8dre Cuv\u00e9e, trocken aus Rhone (S\u00fcd), Frankreich) bei Wein Werte, Ihrem nachhaltigen Onlineshop.\",\"breadcrumb\":{\"@id\":\"https:\\\/\\\/wein-werte.com\\\/de\\\/produkt\\\/la-nerthe-chateauneuf-du-pape-cuvee-des-cadettes-rouge-2017-750ml\\\/#breadcrumb\"},\"inLanguage\":\"de\",\"potentialAction\":[{\"@type\":\"ReadAction\",\"target\":[\"https:\\\/\\\/wein-werte.com\\\/de\\\/produkt\\\/la-nerthe-chateauneuf-du-pape-cuvee-des-cadettes-rouge-2017-750ml\\\/\"]}]},{\"@type\":\"ImageObject\",\"inLanguage\":\"de\",\"@id\":\"https:\\\/\\\/wein-werte.com\\\/de\\\/produkt\\\/la-nerthe-chateauneuf-du-pape-cuvee-des-cadettes-rouge-2017-750ml\\\/#primaryimage\",\"url\":\"https:\\\/\\\/wein-werte.com\\\/wp-content\\\/uploads\\\/2026\\\/04\\\/La-Nerthe-Chateauneuf-du-Pape-Cuvee-des-Cadettes-rouge-2017-750ml.png\",\"contentUrl\":\"https:\\\/\\\/wein-werte.com\\\/wp-content\\\/uploads\\\/2026\\\/04\\\/La-Nerthe-Chateauneuf-du-Pape-Cuvee-des-Cadettes-rouge-2017-750ml.png\",\"width\":323,\"height\":1200,\"caption\":\"La Nerthe Ch\u00e2teauneuf-du-Pape \\\"Cuv\u00e9e des Cadettes\\\" Rouge AOC 2017 750ml\"},{\"@type\":\"BreadcrumbList\",\"@id\":\"https:\\\/\\\/wein-werte.com\\\/de\\\/produkt\\\/la-nerthe-chateauneuf-du-pape-cuvee-des-cadettes-rouge-2017-750ml\\\/#breadcrumb\",\"itemListElement\":[{\"@type\":\"ListItem\",\"position\":1,\"name\":\"Home\",\"item\":\"https:\\\/\\\/wein-werte.com\\\/de\\\/\"},{\"@type\":\"ListItem\",\"position\":2,\"name\":\"Shop\",\"item\":\"https:\\\/\\\/wein-werte.com\\\/de\\\/shop\\\/\"},{\"@type\":\"ListItem\",\"position\":3,\"name\":\"La Nerthe | Rhone (S\u00fcd) | Ch\u00e2teauneuf-du-Pape &#8220;Cuv\u00e9e des Cadettes&#8221; Rouge AOC | 2017 | 750ml | bio\"}]},{\"@type\":\"WebSite\",\"@id\":\"https:\\\/\\\/wein-werte.com\\\/de\\\/#website\",\"url\":\"https:\\\/\\\/wein-werte.com\\\/de\\\/\",\"name\":\"Wein Werte\",\"description\":\"\",\"publisher\":{\"@id\":\"https:\\\/\\\/wein-werte.com\\\/de\\\/#organization\"},\"potentialAction\":[{\"@type\":\"SearchAction\",\"target\":{\"@type\":\"EntryPoint\",\"urlTemplate\":\"https:\\\/\\\/wein-werte.com\\\/de\\\/?s={search_term_string}\"},\"query-input\":{\"@type\":\"PropertyValueSpecification\",\"valueRequired\":true,\"valueName\":\"search_term_string\"}}],\"inLanguage\":\"de\"},{\"@type\":\"Organization\",\"@id\":\"https:\\\/\\\/wein-werte.com\\\/de\\\/#organization\",\"name\":\"Vins Fins Thorrold\",\"url\":\"https:\\\/\\\/wein-werte.com\\\/de\\\/\",\"logo\":{\"@type\":\"ImageObject\",\"inLanguage\":\"de\",\"@id\":\"https:\\\/\\\/wein-werte.com\\\/de\\\/#\\\/schema\\\/logo\\\/image\\\/\",\"url\":\"https:\\\/\\\/wein-werte.com\\\/wp-content\\\/uploads\\\/2023\\\/07\\\/Wein_werte_Logo700-1.png\",\"contentUrl\":\"https:\\\/\\\/wein-werte.com\\\/wp-content\\\/uploads\\\/2023\\\/07\\\/Wein_werte_Logo700-1.png\",\"width\":700,\"height\":272,\"caption\":\"Vins Fins Thorrold\"},\"image\":{\"@id\":\"https:\\\/\\\/wein-werte.com\\\/de\\\/#\\\/schema\\\/logo\\\/image\\\/\"}}]}<\/script>\n<!-- \/ Yoast SEO plugin. -->","yoast_head_json":{"title":"La Nerthe Ch\u00e2teauneuf-du-Pape \"Cuv\u00e9e des Cadettes\" rouge 2017","description":"Kaufe La Nerthe Ch\u00e2teauneuf-du-Pape \"Cuv\u00e9e des Cadettes\" rouge 2017 (Mourv\u00e8dre Cuv\u00e9e, trocken aus Rhone (S\u00fcd), Frankreich) bei Wein Werte, Ihrem nachhaltigen Onlineshop.","robots":{"index":"index","follow":"follow","max-snippet":"max-snippet:-1","max-image-preview":"max-image-preview:large","max-video-preview":"max-video-preview:-1"},"canonical":"https:\/\/wein-werte.com\/de\/produkt\/la-nerthe-chateauneuf-du-pape-cuvee-des-cadettes-rouge-2017-750ml\/","og_locale":"de_DE","og_type":"article","og_title":"La Nerthe Ch\u00e2teauneuf-du-Pape \"Cuv\u00e9e des Cadettes\" rouge 2017","og_description":"Kaufe La Nerthe Ch\u00e2teauneuf-du-Pape \"Cuv\u00e9e des Cadettes\" rouge 2017 (Mourv\u00e8dre Cuv\u00e9e, trocken aus Rhone (S\u00fcd), Frankreich) bei Wein Werte, Ihrem nachhaltigen Onlineshop.","og_url":"https:\/\/wein-werte.com\/de\/produkt\/la-nerthe-chateauneuf-du-pape-cuvee-des-cadettes-rouge-2017-750ml\/","og_site_name":"Wein Werte","og_image":[{"width":323,"height":1200,"url":"https:\/\/wein-werte.com\/wp-content\/uploads\/2026\/04\/La-Nerthe-Chateauneuf-du-Pape-Cuvee-des-Cadettes-rouge-2017-750ml.png","type":"image\/png"}],"twitter_card":"summary_large_image","twitter_misc":{"Gesch\u00e4tzte Lesezeit":"1\u00a0Minute"},"schema":{"@context":"https:\/\/schema.org","@graph":[{"@type":"WebPage","@id":"https:\/\/wein-werte.com\/de\/produkt\/la-nerthe-chateauneuf-du-pape-cuvee-des-cadettes-rouge-2017-750ml\/","url":"https:\/\/wein-werte.com\/de\/produkt\/la-nerthe-chateauneuf-du-pape-cuvee-des-cadettes-rouge-2017-750ml\/","name":"La Nerthe Ch\u00e2teauneuf-du-Pape \"Cuv\u00e9e des Cadettes\" rouge 2017","isPartOf":{"@id":"https:\/\/wein-werte.com\/de\/#website"},"primaryImageOfPage":{"@id":"https:\/\/wein-werte.com\/de\/produkt\/la-nerthe-chateauneuf-du-pape-cuvee-des-cadettes-rouge-2017-750ml\/#primaryimage"},"image":{"@id":"https:\/\/wein-werte.com\/de\/produkt\/la-nerthe-chateauneuf-du-pape-cuvee-des-cadettes-rouge-2017-750ml\/#primaryimage"},"thumbnailUrl":"https:\/\/wein-werte.com\/wp-content\/uploads\/2026\/04\/La-Nerthe-Chateauneuf-du-Pape-Cuvee-des-Cadettes-rouge-2017-750ml.png","datePublished":"2026-05-05T16:13:06+00:00","description":"Kaufe La Nerthe Ch\u00e2teauneuf-du-Pape \"Cuv\u00e9e des Cadettes\" rouge 2017 (Mourv\u00e8dre Cuv\u00e9e, trocken aus Rhone (S\u00fcd), Frankreich) bei Wein Werte, Ihrem nachhaltigen Onlineshop.","breadcrumb":{"@id":"https:\/\/wein-werte.com\/de\/produkt\/la-nerthe-chateauneuf-du-pape-cuvee-des-cadettes-rouge-2017-750ml\/#breadcrumb"},"inLanguage":"de","potentialAction":[{"@type":"ReadAction","target":["https:\/\/wein-werte.com\/de\/produkt\/la-nerthe-chateauneuf-du-pape-cuvee-des-cadettes-rouge-2017-750ml\/"]}]},{"@type":"ImageObject","inLanguage":"de","@id":"https:\/\/wein-werte.com\/de\/produkt\/la-nerthe-chateauneuf-du-pape-cuvee-des-cadettes-rouge-2017-750ml\/#primaryimage","url":"https:\/\/wein-werte.com\/wp-content\/uploads\/2026\/04\/La-Nerthe-Chateauneuf-du-Pape-Cuvee-des-Cadettes-rouge-2017-750ml.png","contentUrl":"https:\/\/wein-werte.com\/wp-content\/uploads\/2026\/04\/La-Nerthe-Chateauneuf-du-Pape-Cuvee-des-Cadettes-rouge-2017-750ml.png","width":323,"height":1200,"caption":"La Nerthe Ch\u00e2teauneuf-du-Pape \"Cuv\u00e9e des Cadettes\" Rouge AOC 2017 750ml"},{"@type":"BreadcrumbList","@id":"https:\/\/wein-werte.com\/de\/produkt\/la-nerthe-chateauneuf-du-pape-cuvee-des-cadettes-rouge-2017-750ml\/#breadcrumb","itemListElement":[{"@type":"ListItem","position":1,"name":"Home","item":"https:\/\/wein-werte.com\/de\/"},{"@type":"ListItem","position":2,"name":"Shop","item":"https:\/\/wein-werte.com\/de\/shop\/"},{"@type":"ListItem","position":3,"name":"La Nerthe | Rhone (S\u00fcd) | Ch\u00e2teauneuf-du-Pape &#8220;Cuv\u00e9e des Cadettes&#8221; Rouge AOC | 2017 | 750ml | bio"}]},{"@type":"WebSite","@id":"https:\/\/wein-werte.com\/de\/#website","url":"https:\/\/wein-werte.com\/de\/","name":"Wein Werte","description":"","publisher":{"@id":"https:\/\/wein-werte.com\/de\/#organization"},"potentialAction":[{"@type":"SearchAction","target":{"@type":"EntryPoint","urlTemplate":"https:\/\/wein-werte.com\/de\/?s={search_term_string}"},"query-input":{"@type":"PropertyValueSpecification","valueRequired":true,"valueName":"search_term_string"}}],"inLanguage":"de"},{"@type":"Organization","@id":"https:\/\/wein-werte.com\/de\/#organization","name":"Vins Fins Thorrold","url":"https:\/\/wein-werte.com\/de\/","logo":{"@type":"ImageObject","inLanguage":"de","@id":"https:\/\/wein-werte.com\/de\/#\/schema\/logo\/image\/","url":"https:\/\/wein-werte.com\/wp-content\/uploads\/2023\/07\/Wein_werte_Logo700-1.png","contentUrl":"https:\/\/wein-werte.com\/wp-content\/uploads\/2023\/07\/Wein_werte_Logo700-1.png","width":700,"height":272,"caption":"Vins Fins Thorrold"},"image":{"@id":"https:\/\/wein-werte.com\/de\/#\/schema\/logo\/image\/"}}]}},"_links":{"self":[{"href":"https:\/\/wein-werte.com\/de\/wp-json\/wp\/v2\/product\/1128638","targetHints":{"allow":["GET"]}}],"collection":[{"href":"https:\/\/wein-werte.com\/de\/wp-json\/wp\/v2\/product"}],"about":[{"href":"https:\/\/wein-werte.com\/de\/wp-json\/wp\/v2\/types\/product"}],"wp:featuredmedia":[{"embeddable":true,"href":"https:\/\/wein-werte.com\/de\/wp-json\/wp\/v2\/media\/1140230"}],"wp:attachment":[{"href":"https:\/\/wein-werte.com\/de\/wp-json\/wp\/v2\/media?parent=1128638"}],"wp:term":[{"taxonomy":"product_brand","embeddable":true,"href":"https:\/\/wein-werte.com\/de\/wp-json\/wp\/v2\/product_brand?post=1128638"},{"taxonomy":"product_cat","embeddable":true,"href":"https:\/\/wein-werte.com\/de\/wp-json\/wp\/v2\/product_cat?post=1128638"},{"taxonomy":"product_tag","embeddable":true,"href":"https:\/\/wein-werte.com\/de\/wp-json\/wp\/v2\/product_tag?post=1128638"}],"curies":[{"name":"wp","href":"https:\/\/api.w.org\/{rel}","templated":true}]}}