{"id":1128518,"date":"2026-05-05T18:12:58","date_gmt":"2026-05-05T16:12:58","guid":{"rendered":"https:\/\/wein-werte.com\/product\/rougeot-pere-et-fils-bourgogne-cote-dor-les-lameroses-sans-sulfite-2022-1500ml\/"},"modified":"2026-04-27T11:42:49","modified_gmt":"2026-04-27T09:42:49","slug":"rougeot-pere-plus-fils-bourgogne-cote-dor-les-lameroses-sans-sulfite-2022-1500ml","status":"publish","type":"product","link":"https:\/\/wein-werte.com\/de\/produkt\/rougeot-pere-plus-fils-bourgogne-cote-dor-les-lameroses-sans-sulfite-2022-1500ml\/","title":{"rendered":"Rougeot P\u00e8re &#038; Fils | Burgund | Bourgogne C\u00f4te d&#8217;Or &#8220;Les Lameroses&#8221; Sans Sulfite Ajout\u00e9 AOC | 2022 | 1500ml | bio"},"content":{"rendered":"<p>Produktbeschreibung f\u00fcr Rougeot P\u00e8re &#038; Fils Bourgogne C\u00f4te d&#8217;Or &#8220;Les Lameroses&#8221; Sans Sulfite Ajout\u00e9 AOC 2022 (bio)<\/p>\n<p> Die Domaine Rougeot P\u00e8re &amp; Fils aus Meursault wurde von Henri Rougeot gegr\u00fcndet und verf\u00fcgt \u00fcber knapp 13 Hektar in erstklassigen Lagen in Meursault, Month\u00e9lie, St Romain, Pommard und Volnay. Sie wird heute in 4. Generation von Pierre-Henri und dessen Vater Marc betrieben. Bereits 2012 wagten die beiden erste Schritte in Richtung biologischer Bewirtschaftung, bis man sich 2017 zur Konversion anmeldete. Seit 2020 ist die Domaine vollumf\u00e4nglich Bio-zertifiziert und befindet sich mit dem Jahrgang 2021 im biodynamischen Umstellungsprozess. <\/p>\n<p>Copyright Vinaturel 2025<\/p>\n<p>Keywords: <a href=\"https:\/\/wein-werte.com\/de\/shop\/?swoof=1&#038;pa_producer=Rougeot-P\u00e8re-&#038;-Fils\">Rougeot P\u00e8re &#038; Fils<\/a> <a href=\"https:\/\/wein-werte.com\/de\/shop\/?swoof=1&#038;woof_text=Bourgogne C\u00f4te d'Or \"Les Lameroses\" Sans Sulfite Ajout\u00e9 AOC\">Bourgogne C\u00f4te d&#8217;Or &#8220;Les Lameroses&#8221; Sans Sulfite Ajout\u00e9 AOC<\/a> 2022 bio <a href=\"https:\/\/wein-werte.com\/de\/shop\/?swoof=1&#038;pa_region=Burgund\">Burgund<\/a> <a href=\"https:\/\/wein-werte.com\/de\/shop\/?swoof=1&#038;pa_country=Frankreich\">Frankreich<\/a><\/p>\n<p>Internetseite des Weinguts: <a href=\"https:\/\/www.domainerougeot.com\/\" target=\"_blank\">https:\/\/www.domainerougeot.com\/<\/a><\/p>\n","protected":false},"excerpt":{"rendered":"<p>Lieferzeit: 1 bis 2 Arbeitstage (DE), 2 bis 5 Arbeitstage (EU and CH)<\/p>\n","protected":false},"featured_media":1140142,"template":"","meta":[],"product_brand":[],"product_cat":[19],"product_tag":[],"class_list":{"0":"post-1128518","1":"product","2":"type-product","3":"status-publish","4":"has-post-thumbnail","6":"product_cat-unkategorisiert","7":"pa_alcohol-for-filter-12897","8":"pa_certified-biodynamic-nein-de","9":"pa_certified-organic-ja-de","10":"pa_colour-rot","11":"pa_country-frankreich","12":"pa_grape-pinot-noir-spatburgunder","13":"pa_price-for-filter-10606","14":"pa_producer-rougeot-pere-fils","15":"pa_region-burgund","16":"pa_size-ml-6657","17":"pa_sweetness-trocken-de","18":"pa_type-2-still-de","19":"pa_vintage-2022-de","20":"entry","21":"has-media","23":"first","24":"instock","25":"taxable","26":"shipping-taxable","27":"purchasable","28":"product-type-simple"},"yoast_head":"<!-- This site is optimized with the Yoast SEO plugin v27.5 - https:\/\/yoast.com\/product\/yoast-seo-wordpress\/ -->\n<title>Rougeot P\u00e8re &amp; Fils Bourgogne C\u00f4te d&#039;Or &quot;Les Lameroses&quot; Sans Sulfite 2022, 1500ml<\/title>\n<meta name=\"description\" content=\"Kaufe Rougeot P\u00e8re &amp; Fils Bourgogne C\u00f4te d&#039;Or &quot;Les Lameroses&quot; Sans Sulfite 2022 (Pinot Noir, trocken aus Burgund, Frankreich) bei Wein Werte, Ihrem nachhaltigen Onlineshop.\" \/>\n<meta name=\"robots\" content=\"index, follow, max-snippet:-1, max-image-preview:large, max-video-preview:-1\" \/>\n<link rel=\"canonical\" href=\"https:\/\/wein-werte.com\/de\/produkt\/rougeot-pere-plus-fils-bourgogne-cote-dor-les-lameroses-sans-sulfite-2022-1500ml\/\" \/>\n<meta property=\"og:locale\" content=\"de_DE\" \/>\n<meta property=\"og:type\" content=\"article\" \/>\n<meta property=\"og:title\" content=\"Rougeot P\u00e8re &amp; Fils Bourgogne C\u00f4te d&#039;Or &quot;Les Lameroses&quot; Sans Sulfite 2022, 1500ml\" \/>\n<meta property=\"og:description\" content=\"Kaufe Rougeot P\u00e8re &amp; Fils Bourgogne C\u00f4te d&#039;Or &quot;Les Lameroses&quot; Sans Sulfite 2022 (Pinot Noir, trocken aus Burgund, Frankreich) bei Wein Werte, Ihrem nachhaltigen Onlineshop.\" \/>\n<meta property=\"og:url\" content=\"https:\/\/wein-werte.com\/de\/produkt\/rougeot-pere-plus-fils-bourgogne-cote-dor-les-lameroses-sans-sulfite-2022-1500ml\/\" \/>\n<meta property=\"og:site_name\" content=\"Wein Werte\" \/>\n<meta property=\"og:image\" content=\"https:\/\/wein-werte.com\/wp-content\/uploads\/2026\/04\/Rougeot-Pere-et-Fils-Bourgogne-Cote-dOr-Les-Lameroses-Sans-Sulfite-ajoute-2022-1500ml.png\" \/>\n\t<meta property=\"og:image:width\" content=\"349\" \/>\n\t<meta property=\"og:image:height\" content=\"1200\" \/>\n\t<meta property=\"og:image:type\" content=\"image\/png\" \/>\n<meta name=\"twitter:card\" content=\"summary_large_image\" \/>\n<meta name=\"twitter:label1\" content=\"Gesch\u00e4tzte Lesezeit\" \/>\n\t<meta name=\"twitter:data1\" content=\"1\u00a0Minute\" \/>\n<script type=\"application\/ld+json\" class=\"yoast-schema-graph\">{\"@context\":\"https:\\\/\\\/schema.org\",\"@graph\":[{\"@type\":\"WebPage\",\"@id\":\"https:\\\/\\\/wein-werte.com\\\/de\\\/produkt\\\/rougeot-pere-plus-fils-bourgogne-cote-dor-les-lameroses-sans-sulfite-2022-1500ml\\\/\",\"url\":\"https:\\\/\\\/wein-werte.com\\\/de\\\/produkt\\\/rougeot-pere-plus-fils-bourgogne-cote-dor-les-lameroses-sans-sulfite-2022-1500ml\\\/\",\"name\":\"Rougeot P\u00e8re & Fils Bourgogne C\u00f4te d'Or \\\"Les Lameroses\\\" Sans Sulfite 2022, 1500ml\",\"isPartOf\":{\"@id\":\"https:\\\/\\\/wein-werte.com\\\/de\\\/#website\"},\"primaryImageOfPage\":{\"@id\":\"https:\\\/\\\/wein-werte.com\\\/de\\\/produkt\\\/rougeot-pere-plus-fils-bourgogne-cote-dor-les-lameroses-sans-sulfite-2022-1500ml\\\/#primaryimage\"},\"image\":{\"@id\":\"https:\\\/\\\/wein-werte.com\\\/de\\\/produkt\\\/rougeot-pere-plus-fils-bourgogne-cote-dor-les-lameroses-sans-sulfite-2022-1500ml\\\/#primaryimage\"},\"thumbnailUrl\":\"https:\\\/\\\/wein-werte.com\\\/wp-content\\\/uploads\\\/2026\\\/04\\\/Rougeot-Pere-et-Fils-Bourgogne-Cote-dOr-Les-Lameroses-Sans-Sulfite-ajoute-2022-1500ml.png\",\"datePublished\":\"2026-05-05T16:12:58+00:00\",\"description\":\"Kaufe Rougeot P\u00e8re & Fils Bourgogne C\u00f4te d'Or \\\"Les Lameroses\\\" Sans Sulfite 2022 (Pinot Noir, trocken aus Burgund, Frankreich) bei Wein Werte, Ihrem nachhaltigen Onlineshop.\",\"breadcrumb\":{\"@id\":\"https:\\\/\\\/wein-werte.com\\\/de\\\/produkt\\\/rougeot-pere-plus-fils-bourgogne-cote-dor-les-lameroses-sans-sulfite-2022-1500ml\\\/#breadcrumb\"},\"inLanguage\":\"de\",\"potentialAction\":[{\"@type\":\"ReadAction\",\"target\":[\"https:\\\/\\\/wein-werte.com\\\/de\\\/produkt\\\/rougeot-pere-plus-fils-bourgogne-cote-dor-les-lameroses-sans-sulfite-2022-1500ml\\\/\"]}]},{\"@type\":\"ImageObject\",\"inLanguage\":\"de\",\"@id\":\"https:\\\/\\\/wein-werte.com\\\/de\\\/produkt\\\/rougeot-pere-plus-fils-bourgogne-cote-dor-les-lameroses-sans-sulfite-2022-1500ml\\\/#primaryimage\",\"url\":\"https:\\\/\\\/wein-werte.com\\\/wp-content\\\/uploads\\\/2026\\\/04\\\/Rougeot-Pere-et-Fils-Bourgogne-Cote-dOr-Les-Lameroses-Sans-Sulfite-ajoute-2022-1500ml.png\",\"contentUrl\":\"https:\\\/\\\/wein-werte.com\\\/wp-content\\\/uploads\\\/2026\\\/04\\\/Rougeot-Pere-et-Fils-Bourgogne-Cote-dOr-Les-Lameroses-Sans-Sulfite-ajoute-2022-1500ml.png\",\"width\":349,\"height\":1200,\"caption\":\"Rougeot P\u00e8re & Fils Bourgogne C\u00f4te d'Or \\\"Les Lameroses\\\" Sans Sulfite Ajout\u00e9 AOC 2022 1500ml\"},{\"@type\":\"BreadcrumbList\",\"@id\":\"https:\\\/\\\/wein-werte.com\\\/de\\\/produkt\\\/rougeot-pere-plus-fils-bourgogne-cote-dor-les-lameroses-sans-sulfite-2022-1500ml\\\/#breadcrumb\",\"itemListElement\":[{\"@type\":\"ListItem\",\"position\":1,\"name\":\"Home\",\"item\":\"https:\\\/\\\/wein-werte.com\\\/de\\\/\"},{\"@type\":\"ListItem\",\"position\":2,\"name\":\"Shop\",\"item\":\"https:\\\/\\\/wein-werte.com\\\/de\\\/shop\\\/\"},{\"@type\":\"ListItem\",\"position\":3,\"name\":\"Rougeot P\u00e8re &#038; Fils | Burgund | Bourgogne C\u00f4te d&#8217;Or &#8220;Les Lameroses&#8221; Sans Sulfite Ajout\u00e9 AOC | 2022 | 1500ml | bio\"}]},{\"@type\":\"WebSite\",\"@id\":\"https:\\\/\\\/wein-werte.com\\\/de\\\/#website\",\"url\":\"https:\\\/\\\/wein-werte.com\\\/de\\\/\",\"name\":\"Wein Werte\",\"description\":\"\",\"publisher\":{\"@id\":\"https:\\\/\\\/wein-werte.com\\\/de\\\/#organization\"},\"potentialAction\":[{\"@type\":\"SearchAction\",\"target\":{\"@type\":\"EntryPoint\",\"urlTemplate\":\"https:\\\/\\\/wein-werte.com\\\/de\\\/?s={search_term_string}\"},\"query-input\":{\"@type\":\"PropertyValueSpecification\",\"valueRequired\":true,\"valueName\":\"search_term_string\"}}],\"inLanguage\":\"de\"},{\"@type\":\"Organization\",\"@id\":\"https:\\\/\\\/wein-werte.com\\\/de\\\/#organization\",\"name\":\"Vins Fins Thorrold\",\"url\":\"https:\\\/\\\/wein-werte.com\\\/de\\\/\",\"logo\":{\"@type\":\"ImageObject\",\"inLanguage\":\"de\",\"@id\":\"https:\\\/\\\/wein-werte.com\\\/de\\\/#\\\/schema\\\/logo\\\/image\\\/\",\"url\":\"https:\\\/\\\/wein-werte.com\\\/wp-content\\\/uploads\\\/2023\\\/07\\\/Wein_werte_Logo700-1.png\",\"contentUrl\":\"https:\\\/\\\/wein-werte.com\\\/wp-content\\\/uploads\\\/2023\\\/07\\\/Wein_werte_Logo700-1.png\",\"width\":700,\"height\":272,\"caption\":\"Vins Fins Thorrold\"},\"image\":{\"@id\":\"https:\\\/\\\/wein-werte.com\\\/de\\\/#\\\/schema\\\/logo\\\/image\\\/\"}}]}<\/script>\n<!-- \/ Yoast SEO plugin. -->","yoast_head_json":{"title":"Rougeot P\u00e8re & Fils Bourgogne C\u00f4te d'Or \"Les Lameroses\" Sans Sulfite 2022, 1500ml","description":"Kaufe Rougeot P\u00e8re & Fils Bourgogne C\u00f4te d'Or \"Les Lameroses\" Sans Sulfite 2022 (Pinot Noir, trocken aus Burgund, Frankreich) bei Wein Werte, Ihrem nachhaltigen Onlineshop.","robots":{"index":"index","follow":"follow","max-snippet":"max-snippet:-1","max-image-preview":"max-image-preview:large","max-video-preview":"max-video-preview:-1"},"canonical":"https:\/\/wein-werte.com\/de\/produkt\/rougeot-pere-plus-fils-bourgogne-cote-dor-les-lameroses-sans-sulfite-2022-1500ml\/","og_locale":"de_DE","og_type":"article","og_title":"Rougeot P\u00e8re & Fils Bourgogne C\u00f4te d'Or \"Les Lameroses\" Sans Sulfite 2022, 1500ml","og_description":"Kaufe Rougeot P\u00e8re & Fils Bourgogne C\u00f4te d'Or \"Les Lameroses\" Sans Sulfite 2022 (Pinot Noir, trocken aus Burgund, Frankreich) bei Wein Werte, Ihrem nachhaltigen Onlineshop.","og_url":"https:\/\/wein-werte.com\/de\/produkt\/rougeot-pere-plus-fils-bourgogne-cote-dor-les-lameroses-sans-sulfite-2022-1500ml\/","og_site_name":"Wein Werte","og_image":[{"width":349,"height":1200,"url":"https:\/\/wein-werte.com\/wp-content\/uploads\/2026\/04\/Rougeot-Pere-et-Fils-Bourgogne-Cote-dOr-Les-Lameroses-Sans-Sulfite-ajoute-2022-1500ml.png","type":"image\/png"}],"twitter_card":"summary_large_image","twitter_misc":{"Gesch\u00e4tzte Lesezeit":"1\u00a0Minute"},"schema":{"@context":"https:\/\/schema.org","@graph":[{"@type":"WebPage","@id":"https:\/\/wein-werte.com\/de\/produkt\/rougeot-pere-plus-fils-bourgogne-cote-dor-les-lameroses-sans-sulfite-2022-1500ml\/","url":"https:\/\/wein-werte.com\/de\/produkt\/rougeot-pere-plus-fils-bourgogne-cote-dor-les-lameroses-sans-sulfite-2022-1500ml\/","name":"Rougeot P\u00e8re & Fils Bourgogne C\u00f4te d'Or \"Les Lameroses\" Sans Sulfite 2022, 1500ml","isPartOf":{"@id":"https:\/\/wein-werte.com\/de\/#website"},"primaryImageOfPage":{"@id":"https:\/\/wein-werte.com\/de\/produkt\/rougeot-pere-plus-fils-bourgogne-cote-dor-les-lameroses-sans-sulfite-2022-1500ml\/#primaryimage"},"image":{"@id":"https:\/\/wein-werte.com\/de\/produkt\/rougeot-pere-plus-fils-bourgogne-cote-dor-les-lameroses-sans-sulfite-2022-1500ml\/#primaryimage"},"thumbnailUrl":"https:\/\/wein-werte.com\/wp-content\/uploads\/2026\/04\/Rougeot-Pere-et-Fils-Bourgogne-Cote-dOr-Les-Lameroses-Sans-Sulfite-ajoute-2022-1500ml.png","datePublished":"2026-05-05T16:12:58+00:00","description":"Kaufe Rougeot P\u00e8re & Fils Bourgogne C\u00f4te d'Or \"Les Lameroses\" Sans Sulfite 2022 (Pinot Noir, trocken aus Burgund, Frankreich) bei Wein Werte, Ihrem nachhaltigen Onlineshop.","breadcrumb":{"@id":"https:\/\/wein-werte.com\/de\/produkt\/rougeot-pere-plus-fils-bourgogne-cote-dor-les-lameroses-sans-sulfite-2022-1500ml\/#breadcrumb"},"inLanguage":"de","potentialAction":[{"@type":"ReadAction","target":["https:\/\/wein-werte.com\/de\/produkt\/rougeot-pere-plus-fils-bourgogne-cote-dor-les-lameroses-sans-sulfite-2022-1500ml\/"]}]},{"@type":"ImageObject","inLanguage":"de","@id":"https:\/\/wein-werte.com\/de\/produkt\/rougeot-pere-plus-fils-bourgogne-cote-dor-les-lameroses-sans-sulfite-2022-1500ml\/#primaryimage","url":"https:\/\/wein-werte.com\/wp-content\/uploads\/2026\/04\/Rougeot-Pere-et-Fils-Bourgogne-Cote-dOr-Les-Lameroses-Sans-Sulfite-ajoute-2022-1500ml.png","contentUrl":"https:\/\/wein-werte.com\/wp-content\/uploads\/2026\/04\/Rougeot-Pere-et-Fils-Bourgogne-Cote-dOr-Les-Lameroses-Sans-Sulfite-ajoute-2022-1500ml.png","width":349,"height":1200,"caption":"Rougeot P\u00e8re & Fils Bourgogne C\u00f4te d'Or \"Les Lameroses\" Sans Sulfite Ajout\u00e9 AOC 2022 1500ml"},{"@type":"BreadcrumbList","@id":"https:\/\/wein-werte.com\/de\/produkt\/rougeot-pere-plus-fils-bourgogne-cote-dor-les-lameroses-sans-sulfite-2022-1500ml\/#breadcrumb","itemListElement":[{"@type":"ListItem","position":1,"name":"Home","item":"https:\/\/wein-werte.com\/de\/"},{"@type":"ListItem","position":2,"name":"Shop","item":"https:\/\/wein-werte.com\/de\/shop\/"},{"@type":"ListItem","position":3,"name":"Rougeot P\u00e8re &#038; Fils | Burgund | Bourgogne C\u00f4te d&#8217;Or &#8220;Les Lameroses&#8221; Sans Sulfite Ajout\u00e9 AOC | 2022 | 1500ml | bio"}]},{"@type":"WebSite","@id":"https:\/\/wein-werte.com\/de\/#website","url":"https:\/\/wein-werte.com\/de\/","name":"Wein Werte","description":"","publisher":{"@id":"https:\/\/wein-werte.com\/de\/#organization"},"potentialAction":[{"@type":"SearchAction","target":{"@type":"EntryPoint","urlTemplate":"https:\/\/wein-werte.com\/de\/?s={search_term_string}"},"query-input":{"@type":"PropertyValueSpecification","valueRequired":true,"valueName":"search_term_string"}}],"inLanguage":"de"},{"@type":"Organization","@id":"https:\/\/wein-werte.com\/de\/#organization","name":"Vins Fins Thorrold","url":"https:\/\/wein-werte.com\/de\/","logo":{"@type":"ImageObject","inLanguage":"de","@id":"https:\/\/wein-werte.com\/de\/#\/schema\/logo\/image\/","url":"https:\/\/wein-werte.com\/wp-content\/uploads\/2023\/07\/Wein_werte_Logo700-1.png","contentUrl":"https:\/\/wein-werte.com\/wp-content\/uploads\/2023\/07\/Wein_werte_Logo700-1.png","width":700,"height":272,"caption":"Vins Fins Thorrold"},"image":{"@id":"https:\/\/wein-werte.com\/de\/#\/schema\/logo\/image\/"}}]}},"_links":{"self":[{"href":"https:\/\/wein-werte.com\/de\/wp-json\/wp\/v2\/product\/1128518","targetHints":{"allow":["GET"]}}],"collection":[{"href":"https:\/\/wein-werte.com\/de\/wp-json\/wp\/v2\/product"}],"about":[{"href":"https:\/\/wein-werte.com\/de\/wp-json\/wp\/v2\/types\/product"}],"wp:featuredmedia":[{"embeddable":true,"href":"https:\/\/wein-werte.com\/de\/wp-json\/wp\/v2\/media\/1140142"}],"wp:attachment":[{"href":"https:\/\/wein-werte.com\/de\/wp-json\/wp\/v2\/media?parent=1128518"}],"wp:term":[{"taxonomy":"product_brand","embeddable":true,"href":"https:\/\/wein-werte.com\/de\/wp-json\/wp\/v2\/product_brand?post=1128518"},{"taxonomy":"product_cat","embeddable":true,"href":"https:\/\/wein-werte.com\/de\/wp-json\/wp\/v2\/product_cat?post=1128518"},{"taxonomy":"product_tag","embeddable":true,"href":"https:\/\/wein-werte.com\/de\/wp-json\/wp\/v2\/product_tag?post=1128518"}],"curies":[{"name":"wp","href":"https:\/\/api.w.org\/{rel}","templated":true}]}}