{"id":1128350,"date":"2026-05-08T19:58:46","date_gmt":"2026-05-08T17:58:46","guid":{"rendered":"https:\/\/wein-werte.com\/product\/abbatucci-ministre-imperial-2020-750ml\/"},"modified":"2026-04-27T11:42:27","modified_gmt":"2026-04-27T09:42:27","slug":"abbatucci-ministre-imperial-2020-750ml","status":"publish","type":"product","link":"https:\/\/wein-werte.com\/de\/produkt\/abbatucci-ministre-imperial-2020-750ml\/","title":{"rendered":"Abbatucci | Korsika | Ministre Imp\u00e9rial VdF | 2020 | 750ml | bio"},"content":{"rendered":"<p>Produktbeschreibung f\u00fcr Abbatucci Ministre Imp\u00e9rial VdF 2020 (bio) <\/p>\n<h5>Info<\/h5>\n<p>Der Ministre Imperial bildet die qualitative Spitze der Rotweine von Comte Abbatucci. Die Cuv\u00e9e basiert auf den autochthonen Rebsorten Niellucciu, Sciaccarello, Morescono, Montanaccia, Carcajolo Nero und Al\u00e9atico. Nach der Entre erf\u00e4hrt der Most einen mehrw\u00f6chigen Maischekontakt. Sowohl das Untersto\u00dfen als auch das \u00dcbergie\u00dfen des Tresterhutes kommt dabei regelm\u00e4\u00dfig zum Einsatz. Der Wein wird in konischen Fudern sowie erg\u00e4nzend in kleinen Eichenf\u00e4ssern ausgebaut. Nach ungef\u00e4hr einem Jahr wird der Wein in Stahltanks zusammengelegt und darf sich dort finden. <\/p>\n<h5>Farbe<\/h5>\n<p> Leuchtendes Purpur mit zart violetten Reflexen <\/p>\n<h5>Nase<\/h5>\n<p> Die Nase lebt direkt von der Mischung aus k\u00fchlen Brisen und warmen Sonnenstunden am Mitteleerraum. Garrigue pur. Rosmarin, Lavendel, Thymian sowie Pinienhaine sind intensiv wahrzunehmen. Dahinter verbirgt sich eine Vielzahl an Fr\u00fcchten. Maulbeere, Cassis, Himbeere und Holunderbeere. Hibiskus sorgt neben Veilchen und Stiefm\u00fctterchen f\u00fcr elegante, florale Einkl\u00e4nge. Im Hintergrund wirken Wacholder und roter Pfeffer auf uns ein. Geschmolzene Milchschokolade breitet sich mit etwas Kakao und sanft ger\u00f6stete Kaffeebohnen aus. <\/p>\n<h5>Gaumen<\/h5>\n<p> Im Antrunk tritt er dann \u00e4u\u00dferst geschmeidig auf. Fein wie Seide und total von der Mineralit\u00e4t gepr\u00e4gt. K\u00fchl und voller Finesse breitet er einen fruchtigen Teppich vor uns aus. Das Tannin ist kompakt und h\u00e4lt sich im Zaum. Die angenehm wirkenden Bitterstoffe erg\u00e4nzen die Frucht kongenial. Das animiert sehr und profitiert enorm von seiner salzig anmutenden Art. In der Mitte schwankt er zwischen Kompaktheit und weichen, zarten Z\u00fcgen. Die Frucht kommt dezent laktisch zur Geltung, aber stets von Zur\u00fcckhaltung und Eleganz gepr\u00e4gt. Wei\u00dfer Pfeffer und Ankl\u00e4nge von etherisch-w\u00fcrzigen Nuancen bestimmen den Nachhall. Ein sehr eigenst\u00e4ndiger Charakterwein.<\/p>\n<p>Copyright Vinaturel 2025<\/p>\n<p>Keywords: <a href=\"https:\/\/wein-werte.com\/de\/shop\/?swoof=1&#038;pa_producer=Abbatucci\">Abbatucci<\/a> <a href=\"https:\/\/wein-werte.com\/de\/shop\/?swoof=1&#038;woof_text=Ministre Imp\u00e9rial VdF\">Ministre Imp\u00e9rial VdF<\/a> 2020 bio <a href=\"https:\/\/wein-werte.com\/de\/shop\/?swoof=1&#038;pa_region=Korsika\">Korsika<\/a> <a href=\"https:\/\/wein-werte.com\/de\/shop\/?swoof=1&#038;pa_country=Frankreich\">Frankreich<\/a><\/p>\n<p>Internetseite des Weinguts: <a href=\"https:\/\/domaine-abbatucci.com\/\" target=\"_blank\">https:\/\/domaine-abbatucci.com\/<\/a><\/p>\n","protected":false},"excerpt":{"rendered":"<p>Lieferzeit: 1 bis 2 Arbeitstage (DE), 2 bis 5 Arbeitstage (EU and CH)<\/p>\n","protected":false},"featured_media":1140010,"template":"","meta":[],"product_brand":[],"product_cat":[19],"product_tag":[],"class_list":{"0":"post-1128350","1":"product","2":"type-product","3":"status-publish","4":"has-post-thumbnail","6":"product_cat-unkategorisiert","7":"pa_alcohol-for-filter-14-5","8":"pa_certified-biodynamic-ja-de","9":"pa_certified-organic-ja-de","10":"pa_colour-rot","11":"pa_country-frankreich","12":"pa_grape-sciaccarellu-cuvee","13":"pa_price-for-filter-10571","14":"pa_producer-abbatucci","15":"pa_region-korsika","16":"pa_size-ml-6584","17":"pa_sweetness-trocken-de","18":"pa_type-2-still-de","19":"pa_vintage-2020-de","20":"entry","21":"has-media","23":"first","24":"instock","25":"taxable","26":"shipping-taxable","27":"purchasable","28":"product-type-simple"},"yoast_head":"<!-- This site is optimized with the Yoast SEO plugin v27.5 - https:\/\/yoast.com\/product\/yoast-seo-wordpress\/ -->\n<title>Abbatucci Ministre Imp\u00e9rial 2020<\/title>\n<meta name=\"description\" content=\"Kaufe Abbatucci Ministre Imp\u00e9rial 2020 (Sciaccarellu Cuv\u00e9e, trocken aus Korsika, Frankreich) bei Wein Werte, Ihrem nachhaltigen Onlineshop.\" \/>\n<meta name=\"robots\" content=\"index, follow, max-snippet:-1, max-image-preview:large, max-video-preview:-1\" \/>\n<link rel=\"canonical\" href=\"https:\/\/wein-werte.com\/de\/produkt\/abbatucci-ministre-imperial-2020-750ml\/\" \/>\n<meta property=\"og:locale\" content=\"de_DE\" \/>\n<meta property=\"og:type\" content=\"article\" \/>\n<meta property=\"og:title\" content=\"Abbatucci Ministre Imp\u00e9rial 2020\" \/>\n<meta property=\"og:description\" content=\"Kaufe Abbatucci Ministre Imp\u00e9rial 2020 (Sciaccarellu Cuv\u00e9e, trocken aus Korsika, Frankreich) bei Wein Werte, Ihrem nachhaltigen Onlineshop.\" \/>\n<meta property=\"og:url\" content=\"https:\/\/wein-werte.com\/de\/produkt\/abbatucci-ministre-imperial-2020-750ml\/\" \/>\n<meta property=\"og:site_name\" content=\"Wein Werte\" \/>\n<meta property=\"og:image\" content=\"https:\/\/wein-werte.com\/wp-content\/uploads\/2026\/04\/Abbatucci-Ministre-Imperial-2020-750ml.png\" \/>\n\t<meta property=\"og:image:width\" content=\"291\" \/>\n\t<meta property=\"og:image:height\" content=\"1146\" \/>\n\t<meta property=\"og:image:type\" content=\"image\/png\" \/>\n<meta name=\"twitter:card\" content=\"summary_large_image\" \/>\n<meta name=\"twitter:label1\" content=\"Gesch\u00e4tzte Lesezeit\" \/>\n\t<meta name=\"twitter:data1\" content=\"2\u00a0Minuten\" \/>\n<script type=\"application\/ld+json\" class=\"yoast-schema-graph\">{\"@context\":\"https:\\\/\\\/schema.org\",\"@graph\":[{\"@type\":\"WebPage\",\"@id\":\"https:\\\/\\\/wein-werte.com\\\/de\\\/produkt\\\/abbatucci-ministre-imperial-2020-750ml\\\/\",\"url\":\"https:\\\/\\\/wein-werte.com\\\/de\\\/produkt\\\/abbatucci-ministre-imperial-2020-750ml\\\/\",\"name\":\"Abbatucci Ministre Imp\u00e9rial 2020\",\"isPartOf\":{\"@id\":\"https:\\\/\\\/wein-werte.com\\\/de\\\/#website\"},\"primaryImageOfPage\":{\"@id\":\"https:\\\/\\\/wein-werte.com\\\/de\\\/produkt\\\/abbatucci-ministre-imperial-2020-750ml\\\/#primaryimage\"},\"image\":{\"@id\":\"https:\\\/\\\/wein-werte.com\\\/de\\\/produkt\\\/abbatucci-ministre-imperial-2020-750ml\\\/#primaryimage\"},\"thumbnailUrl\":\"https:\\\/\\\/wein-werte.com\\\/wp-content\\\/uploads\\\/2026\\\/04\\\/Abbatucci-Ministre-Imperial-2020-750ml.png\",\"datePublished\":\"2026-05-08T17:58:46+00:00\",\"description\":\"Kaufe Abbatucci Ministre Imp\u00e9rial 2020 (Sciaccarellu Cuv\u00e9e, trocken aus Korsika, Frankreich) bei Wein Werte, Ihrem nachhaltigen Onlineshop.\",\"breadcrumb\":{\"@id\":\"https:\\\/\\\/wein-werte.com\\\/de\\\/produkt\\\/abbatucci-ministre-imperial-2020-750ml\\\/#breadcrumb\"},\"inLanguage\":\"de\",\"potentialAction\":[{\"@type\":\"ReadAction\",\"target\":[\"https:\\\/\\\/wein-werte.com\\\/de\\\/produkt\\\/abbatucci-ministre-imperial-2020-750ml\\\/\"]}]},{\"@type\":\"ImageObject\",\"inLanguage\":\"de\",\"@id\":\"https:\\\/\\\/wein-werte.com\\\/de\\\/produkt\\\/abbatucci-ministre-imperial-2020-750ml\\\/#primaryimage\",\"url\":\"https:\\\/\\\/wein-werte.com\\\/wp-content\\\/uploads\\\/2026\\\/04\\\/Abbatucci-Ministre-Imperial-2020-750ml.png\",\"contentUrl\":\"https:\\\/\\\/wein-werte.com\\\/wp-content\\\/uploads\\\/2026\\\/04\\\/Abbatucci-Ministre-Imperial-2020-750ml.png\",\"width\":291,\"height\":1146,\"caption\":\"Abbatucci Ministre Imp\u00e9rial VdF 2020 750ml\"},{\"@type\":\"BreadcrumbList\",\"@id\":\"https:\\\/\\\/wein-werte.com\\\/de\\\/produkt\\\/abbatucci-ministre-imperial-2020-750ml\\\/#breadcrumb\",\"itemListElement\":[{\"@type\":\"ListItem\",\"position\":1,\"name\":\"Home\",\"item\":\"https:\\\/\\\/wein-werte.com\\\/de\\\/\"},{\"@type\":\"ListItem\",\"position\":2,\"name\":\"Shop\",\"item\":\"https:\\\/\\\/wein-werte.com\\\/de\\\/shop\\\/\"},{\"@type\":\"ListItem\",\"position\":3,\"name\":\"Abbatucci | Korsika | Ministre Imp\u00e9rial VdF | 2020 | 750ml | bio\"}]},{\"@type\":\"WebSite\",\"@id\":\"https:\\\/\\\/wein-werte.com\\\/de\\\/#website\",\"url\":\"https:\\\/\\\/wein-werte.com\\\/de\\\/\",\"name\":\"Wein Werte\",\"description\":\"\",\"publisher\":{\"@id\":\"https:\\\/\\\/wein-werte.com\\\/de\\\/#organization\"},\"potentialAction\":[{\"@type\":\"SearchAction\",\"target\":{\"@type\":\"EntryPoint\",\"urlTemplate\":\"https:\\\/\\\/wein-werte.com\\\/de\\\/?s={search_term_string}\"},\"query-input\":{\"@type\":\"PropertyValueSpecification\",\"valueRequired\":true,\"valueName\":\"search_term_string\"}}],\"inLanguage\":\"de\"},{\"@type\":\"Organization\",\"@id\":\"https:\\\/\\\/wein-werte.com\\\/de\\\/#organization\",\"name\":\"Vins Fins Thorrold\",\"url\":\"https:\\\/\\\/wein-werte.com\\\/de\\\/\",\"logo\":{\"@type\":\"ImageObject\",\"inLanguage\":\"de\",\"@id\":\"https:\\\/\\\/wein-werte.com\\\/de\\\/#\\\/schema\\\/logo\\\/image\\\/\",\"url\":\"https:\\\/\\\/wein-werte.com\\\/wp-content\\\/uploads\\\/2023\\\/07\\\/Wein_werte_Logo700-1.png\",\"contentUrl\":\"https:\\\/\\\/wein-werte.com\\\/wp-content\\\/uploads\\\/2023\\\/07\\\/Wein_werte_Logo700-1.png\",\"width\":700,\"height\":272,\"caption\":\"Vins Fins Thorrold\"},\"image\":{\"@id\":\"https:\\\/\\\/wein-werte.com\\\/de\\\/#\\\/schema\\\/logo\\\/image\\\/\"}}]}<\/script>\n<!-- \/ Yoast SEO plugin. -->","yoast_head_json":{"title":"Abbatucci Ministre Imp\u00e9rial 2020","description":"Kaufe Abbatucci Ministre Imp\u00e9rial 2020 (Sciaccarellu Cuv\u00e9e, trocken aus Korsika, Frankreich) bei Wein Werte, Ihrem nachhaltigen Onlineshop.","robots":{"index":"index","follow":"follow","max-snippet":"max-snippet:-1","max-image-preview":"max-image-preview:large","max-video-preview":"max-video-preview:-1"},"canonical":"https:\/\/wein-werte.com\/de\/produkt\/abbatucci-ministre-imperial-2020-750ml\/","og_locale":"de_DE","og_type":"article","og_title":"Abbatucci Ministre Imp\u00e9rial 2020","og_description":"Kaufe Abbatucci Ministre Imp\u00e9rial 2020 (Sciaccarellu Cuv\u00e9e, trocken aus Korsika, Frankreich) bei Wein Werte, Ihrem nachhaltigen Onlineshop.","og_url":"https:\/\/wein-werte.com\/de\/produkt\/abbatucci-ministre-imperial-2020-750ml\/","og_site_name":"Wein Werte","og_image":[{"width":291,"height":1146,"url":"https:\/\/wein-werte.com\/wp-content\/uploads\/2026\/04\/Abbatucci-Ministre-Imperial-2020-750ml.png","type":"image\/png"}],"twitter_card":"summary_large_image","twitter_misc":{"Gesch\u00e4tzte Lesezeit":"2\u00a0Minuten"},"schema":{"@context":"https:\/\/schema.org","@graph":[{"@type":"WebPage","@id":"https:\/\/wein-werte.com\/de\/produkt\/abbatucci-ministre-imperial-2020-750ml\/","url":"https:\/\/wein-werte.com\/de\/produkt\/abbatucci-ministre-imperial-2020-750ml\/","name":"Abbatucci Ministre Imp\u00e9rial 2020","isPartOf":{"@id":"https:\/\/wein-werte.com\/de\/#website"},"primaryImageOfPage":{"@id":"https:\/\/wein-werte.com\/de\/produkt\/abbatucci-ministre-imperial-2020-750ml\/#primaryimage"},"image":{"@id":"https:\/\/wein-werte.com\/de\/produkt\/abbatucci-ministre-imperial-2020-750ml\/#primaryimage"},"thumbnailUrl":"https:\/\/wein-werte.com\/wp-content\/uploads\/2026\/04\/Abbatucci-Ministre-Imperial-2020-750ml.png","datePublished":"2026-05-08T17:58:46+00:00","description":"Kaufe Abbatucci Ministre Imp\u00e9rial 2020 (Sciaccarellu Cuv\u00e9e, trocken aus Korsika, Frankreich) bei Wein Werte, Ihrem nachhaltigen Onlineshop.","breadcrumb":{"@id":"https:\/\/wein-werte.com\/de\/produkt\/abbatucci-ministre-imperial-2020-750ml\/#breadcrumb"},"inLanguage":"de","potentialAction":[{"@type":"ReadAction","target":["https:\/\/wein-werte.com\/de\/produkt\/abbatucci-ministre-imperial-2020-750ml\/"]}]},{"@type":"ImageObject","inLanguage":"de","@id":"https:\/\/wein-werte.com\/de\/produkt\/abbatucci-ministre-imperial-2020-750ml\/#primaryimage","url":"https:\/\/wein-werte.com\/wp-content\/uploads\/2026\/04\/Abbatucci-Ministre-Imperial-2020-750ml.png","contentUrl":"https:\/\/wein-werte.com\/wp-content\/uploads\/2026\/04\/Abbatucci-Ministre-Imperial-2020-750ml.png","width":291,"height":1146,"caption":"Abbatucci Ministre Imp\u00e9rial VdF 2020 750ml"},{"@type":"BreadcrumbList","@id":"https:\/\/wein-werte.com\/de\/produkt\/abbatucci-ministre-imperial-2020-750ml\/#breadcrumb","itemListElement":[{"@type":"ListItem","position":1,"name":"Home","item":"https:\/\/wein-werte.com\/de\/"},{"@type":"ListItem","position":2,"name":"Shop","item":"https:\/\/wein-werte.com\/de\/shop\/"},{"@type":"ListItem","position":3,"name":"Abbatucci | Korsika | Ministre Imp\u00e9rial VdF | 2020 | 750ml | bio"}]},{"@type":"WebSite","@id":"https:\/\/wein-werte.com\/de\/#website","url":"https:\/\/wein-werte.com\/de\/","name":"Wein Werte","description":"","publisher":{"@id":"https:\/\/wein-werte.com\/de\/#organization"},"potentialAction":[{"@type":"SearchAction","target":{"@type":"EntryPoint","urlTemplate":"https:\/\/wein-werte.com\/de\/?s={search_term_string}"},"query-input":{"@type":"PropertyValueSpecification","valueRequired":true,"valueName":"search_term_string"}}],"inLanguage":"de"},{"@type":"Organization","@id":"https:\/\/wein-werte.com\/de\/#organization","name":"Vins Fins Thorrold","url":"https:\/\/wein-werte.com\/de\/","logo":{"@type":"ImageObject","inLanguage":"de","@id":"https:\/\/wein-werte.com\/de\/#\/schema\/logo\/image\/","url":"https:\/\/wein-werte.com\/wp-content\/uploads\/2023\/07\/Wein_werte_Logo700-1.png","contentUrl":"https:\/\/wein-werte.com\/wp-content\/uploads\/2023\/07\/Wein_werte_Logo700-1.png","width":700,"height":272,"caption":"Vins Fins Thorrold"},"image":{"@id":"https:\/\/wein-werte.com\/de\/#\/schema\/logo\/image\/"}}]}},"_links":{"self":[{"href":"https:\/\/wein-werte.com\/de\/wp-json\/wp\/v2\/product\/1128350","targetHints":{"allow":["GET"]}}],"collection":[{"href":"https:\/\/wein-werte.com\/de\/wp-json\/wp\/v2\/product"}],"about":[{"href":"https:\/\/wein-werte.com\/de\/wp-json\/wp\/v2\/types\/product"}],"wp:featuredmedia":[{"embeddable":true,"href":"https:\/\/wein-werte.com\/de\/wp-json\/wp\/v2\/media\/1140010"}],"wp:attachment":[{"href":"https:\/\/wein-werte.com\/de\/wp-json\/wp\/v2\/media?parent=1128350"}],"wp:term":[{"taxonomy":"product_brand","embeddable":true,"href":"https:\/\/wein-werte.com\/de\/wp-json\/wp\/v2\/product_brand?post=1128350"},{"taxonomy":"product_cat","embeddable":true,"href":"https:\/\/wein-werte.com\/de\/wp-json\/wp\/v2\/product_cat?post=1128350"},{"taxonomy":"product_tag","embeddable":true,"href":"https:\/\/wein-werte.com\/de\/wp-json\/wp\/v2\/product_tag?post=1128350"}],"curies":[{"name":"wp","href":"https:\/\/api.w.org\/{rel}","templated":true}]}}