{"id":1128347,"date":"2026-05-08T19:58:45","date_gmt":"2026-05-08T17:58:45","guid":{"rendered":"https:\/\/wein-werte.com\/product\/abbatucci-monte-bianco-rouge-2020-750ml\/"},"modified":"2026-04-27T11:42:27","modified_gmt":"2026-04-27T09:42:27","slug":"abbatucci-monte-bianco-rouge-2020-750ml","status":"publish","type":"product","link":"https:\/\/wein-werte.com\/de\/produkt\/abbatucci-monte-bianco-rouge-2020-750ml\/","title":{"rendered":"Abbatucci | Korsika | Monte Bianco, Rouge VdF | 2020 | 750ml | bio"},"content":{"rendered":"<p>Produktbeschreibung f\u00fcr Abbatucci Monte Bianco, Rouge VdF 2020 (bio)<\/p>\n<h5> Info<\/h5>\n<p> A. Domine, 21.12.20: Dieser sortenreine Sciaccarellu wird in Betontanks und konischen Fudern vergoren, worauf eine wochenlange Maischestandzeit mit Pigeage und Umpumpen folgt. Ausgebaut wird dieser eher helle Rote ein Jahr in den Fudern und in Demi-Muids, anschlie\u00dfend noch f\u00fcr mehrere Monate im Tank. Produktion: 3000 Flaschen. Intensive Aromen von Roten und Schwarzen Johannisbeeren in der Nase. Im Mund elegante Frucht, seidige Tannine, gute Spannung und feinw\u00fcrziges Finale. <\/p>\n<h5>Farbe<\/h5>\n<p> Intensiv leuchtendes Rubinrot, heller Rand und eher durchsichtig einzustufen <\/p>\n<h5>Nase<\/h5>\n<p> Welch W\u00fcrze st\u00fcrmt aus diesem korsischen Monument. 2020 Monte Bianco wird von Wacholder, Piment und gr\u00fcnem Pfeffer gepr\u00e4gt. Waldboden, Unterholz sowie etherische Tannenzapfen und -zweige sorgen neben Baumharz f\u00fcr reichlich Kontrast zu den Gew\u00fcrzen und der zur\u00fcckhaltenden Frucht. Nur mit M\u00fche kommen hinter all diesen lautstarken Aromen S\u00fc\u00dfkirsche, Pflaume und Maulbeere zum Vorschein. Ein Hauch Kakao sorgt f\u00fcr dunkle Akzente. Liebst\u00f6ckel, Salbei und Oregano sowie vor allem getrockneter Thymian setzen nun noch deutliche herbale Duftmarken ab. <\/p>\n<h5>Gaumen<\/h5>\n<p> Mit gro\u00dfer Spannung sehnt man diesem w\u00fcrzigen Schluck Wein entgegen. Er wirkt straff und k\u00fchl zu Beginn. Das l\u00e4sst ihn elegant und feingliedrig erscheinen. Die Frucht zeigt sich auf eine deutlich kleinbeerige und s\u00e4urebetontere Art, als zun\u00e4chst zu erwarten war. Ich empfinde dies sehr positiv und f\u00f6rderlich f\u00fcr den Trinkfluss. Er kann dadurch seinen saftigen Kern wunderbar zur Schau stellen. Neben der feinen Frucht bleibt ihm viel Platz seine K\u00fchle und Mineralit\u00e4t auszuleben. Steinig, fast karg sorgt er am Gaumen f\u00fcr das Verlangen nach mehr. Die w\u00fcrzigen, vor allem etherischen Nuancen kommen im Nachhall in angenehmer Form wieder zum Vorschein.<\/p>\n<p>Copyright Vinaturel 2025<\/p>\n<p>Keywords: <a href=\"https:\/\/wein-werte.com\/de\/shop\/?swoof=1&#038;pa_producer=Abbatucci\">Abbatucci<\/a> <a href=\"https:\/\/wein-werte.com\/de\/shop\/?swoof=1&#038;woof_text=Monte Bianco, Rouge VdF\">Monte Bianco, Rouge VdF<\/a> 2020 bio <a href=\"https:\/\/wein-werte.com\/de\/shop\/?swoof=1&#038;pa_region=Korsika\">Korsika<\/a> <a href=\"https:\/\/wein-werte.com\/de\/shop\/?swoof=1&#038;pa_country=Frankreich\">Frankreich<\/a><\/p>\n<p>Internetseite des Weinguts: <a href=\"https:\/\/domaine-abbatucci.com\/\" target=\"_blank\">https:\/\/domaine-abbatucci.com\/<\/a><\/p>\n","protected":false},"excerpt":{"rendered":"<p>Lieferzeit: 1 bis 2 Arbeitstage (DE), 2 bis 5 Arbeitstage (EU and CH)<\/p>\n","protected":false},"featured_media":1147441,"template":"","meta":[],"product_brand":[],"product_cat":[19],"product_tag":[],"class_list":{"0":"post-1128347","1":"product","2":"type-product","3":"status-publish","4":"has-post-thumbnail","6":"product_cat-unkategorisiert","7":"pa_alcohol-for-filter-15-5","8":"pa_certified-biodynamic-ja-de","9":"pa_certified-organic-ja-de","10":"pa_colour-rot","11":"pa_country-frankreich","12":"pa_grape-sciaccarellu","13":"pa_price-for-filter-10639","14":"pa_producer-abbatucci","15":"pa_region-korsika","16":"pa_size-ml-6584","17":"pa_sweetness-trocken-de","18":"pa_type-2-still-de","19":"pa_vintage-2020-de","20":"entry","21":"has-media","23":"first","24":"instock","25":"taxable","26":"shipping-taxable","27":"purchasable","28":"product-type-simple"},"yoast_head":"<!-- This site is optimized with the Yoast SEO plugin v27.5 - https:\/\/yoast.com\/product\/yoast-seo-wordpress\/ -->\n<title>Abbatucci Monte Bianco rouge 2020<\/title>\n<meta name=\"description\" content=\"Kaufe Abbatucci Monte Bianco rouge 2020 (Sciaccarellu, trocken aus Korsika, Frankreich) bei Wein Werte, Ihrem nachhaltigen Onlineshop.\" \/>\n<meta name=\"robots\" content=\"index, follow, max-snippet:-1, max-image-preview:large, max-video-preview:-1\" \/>\n<link rel=\"canonical\" href=\"https:\/\/wein-werte.com\/de\/produkt\/abbatucci-monte-bianco-rouge-2020-750ml\/\" \/>\n<meta property=\"og:locale\" content=\"de_DE\" \/>\n<meta property=\"og:type\" content=\"article\" \/>\n<meta property=\"og:title\" content=\"Abbatucci Monte Bianco rouge 2020\" \/>\n<meta property=\"og:description\" content=\"Kaufe Abbatucci Monte Bianco rouge 2020 (Sciaccarellu, trocken aus Korsika, Frankreich) bei Wein Werte, Ihrem nachhaltigen Onlineshop.\" \/>\n<meta property=\"og:url\" content=\"https:\/\/wein-werte.com\/de\/produkt\/abbatucci-monte-bianco-rouge-2020-750ml\/\" \/>\n<meta property=\"og:site_name\" content=\"Wein Werte\" \/>\n<meta property=\"og:image\" content=\"https:\/\/wein-werte.com\/wp-content\/uploads\/2026\/04\/Abbatucci-Monte-Bianco-rouge-2020-750-ml.png\" \/>\n\t<meta property=\"og:image:width\" content=\"286\" \/>\n\t<meta property=\"og:image:height\" content=\"1137\" \/>\n\t<meta property=\"og:image:type\" content=\"image\/png\" \/>\n<meta name=\"twitter:card\" content=\"summary_large_image\" \/>\n<meta name=\"twitter:label1\" content=\"Gesch\u00e4tzte Lesezeit\" \/>\n\t<meta name=\"twitter:data1\" content=\"2\u00a0Minuten\" \/>\n<script type=\"application\/ld+json\" class=\"yoast-schema-graph\">{\"@context\":\"https:\\\/\\\/schema.org\",\"@graph\":[{\"@type\":\"WebPage\",\"@id\":\"https:\\\/\\\/wein-werte.com\\\/de\\\/produkt\\\/abbatucci-monte-bianco-rouge-2020-750ml\\\/\",\"url\":\"https:\\\/\\\/wein-werte.com\\\/de\\\/produkt\\\/abbatucci-monte-bianco-rouge-2020-750ml\\\/\",\"name\":\"Abbatucci Monte Bianco rouge 2020\",\"isPartOf\":{\"@id\":\"https:\\\/\\\/wein-werte.com\\\/de\\\/#website\"},\"primaryImageOfPage\":{\"@id\":\"https:\\\/\\\/wein-werte.com\\\/de\\\/produkt\\\/abbatucci-monte-bianco-rouge-2020-750ml\\\/#primaryimage\"},\"image\":{\"@id\":\"https:\\\/\\\/wein-werte.com\\\/de\\\/produkt\\\/abbatucci-monte-bianco-rouge-2020-750ml\\\/#primaryimage\"},\"thumbnailUrl\":\"https:\\\/\\\/wein-werte.com\\\/wp-content\\\/uploads\\\/2026\\\/04\\\/Abbatucci-Monte-Bianco-rouge-2020-750-ml.png\",\"datePublished\":\"2026-05-08T17:58:45+00:00\",\"description\":\"Kaufe Abbatucci Monte Bianco rouge 2020 (Sciaccarellu, trocken aus Korsika, Frankreich) bei Wein Werte, Ihrem nachhaltigen Onlineshop.\",\"breadcrumb\":{\"@id\":\"https:\\\/\\\/wein-werte.com\\\/de\\\/produkt\\\/abbatucci-monte-bianco-rouge-2020-750ml\\\/#breadcrumb\"},\"inLanguage\":\"de\",\"potentialAction\":[{\"@type\":\"ReadAction\",\"target\":[\"https:\\\/\\\/wein-werte.com\\\/de\\\/produkt\\\/abbatucci-monte-bianco-rouge-2020-750ml\\\/\"]}]},{\"@type\":\"ImageObject\",\"inLanguage\":\"de\",\"@id\":\"https:\\\/\\\/wein-werte.com\\\/de\\\/produkt\\\/abbatucci-monte-bianco-rouge-2020-750ml\\\/#primaryimage\",\"url\":\"https:\\\/\\\/wein-werte.com\\\/wp-content\\\/uploads\\\/2026\\\/04\\\/Abbatucci-Monte-Bianco-rouge-2020-750-ml.png\",\"contentUrl\":\"https:\\\/\\\/wein-werte.com\\\/wp-content\\\/uploads\\\/2026\\\/04\\\/Abbatucci-Monte-Bianco-rouge-2020-750-ml.png\",\"width\":286,\"height\":1137},{\"@type\":\"BreadcrumbList\",\"@id\":\"https:\\\/\\\/wein-werte.com\\\/de\\\/produkt\\\/abbatucci-monte-bianco-rouge-2020-750ml\\\/#breadcrumb\",\"itemListElement\":[{\"@type\":\"ListItem\",\"position\":1,\"name\":\"Home\",\"item\":\"https:\\\/\\\/wein-werte.com\\\/de\\\/\"},{\"@type\":\"ListItem\",\"position\":2,\"name\":\"Shop\",\"item\":\"https:\\\/\\\/wein-werte.com\\\/de\\\/shop\\\/\"},{\"@type\":\"ListItem\",\"position\":3,\"name\":\"Abbatucci | Korsika | Monte Bianco, Rouge VdF | 2020 | 750ml | bio\"}]},{\"@type\":\"WebSite\",\"@id\":\"https:\\\/\\\/wein-werte.com\\\/de\\\/#website\",\"url\":\"https:\\\/\\\/wein-werte.com\\\/de\\\/\",\"name\":\"Wein Werte\",\"description\":\"\",\"publisher\":{\"@id\":\"https:\\\/\\\/wein-werte.com\\\/de\\\/#organization\"},\"potentialAction\":[{\"@type\":\"SearchAction\",\"target\":{\"@type\":\"EntryPoint\",\"urlTemplate\":\"https:\\\/\\\/wein-werte.com\\\/de\\\/?s={search_term_string}\"},\"query-input\":{\"@type\":\"PropertyValueSpecification\",\"valueRequired\":true,\"valueName\":\"search_term_string\"}}],\"inLanguage\":\"de\"},{\"@type\":\"Organization\",\"@id\":\"https:\\\/\\\/wein-werte.com\\\/de\\\/#organization\",\"name\":\"Vins Fins Thorrold\",\"url\":\"https:\\\/\\\/wein-werte.com\\\/de\\\/\",\"logo\":{\"@type\":\"ImageObject\",\"inLanguage\":\"de\",\"@id\":\"https:\\\/\\\/wein-werte.com\\\/de\\\/#\\\/schema\\\/logo\\\/image\\\/\",\"url\":\"https:\\\/\\\/wein-werte.com\\\/wp-content\\\/uploads\\\/2023\\\/07\\\/Wein_werte_Logo700-1.png\",\"contentUrl\":\"https:\\\/\\\/wein-werte.com\\\/wp-content\\\/uploads\\\/2023\\\/07\\\/Wein_werte_Logo700-1.png\",\"width\":700,\"height\":272,\"caption\":\"Vins Fins Thorrold\"},\"image\":{\"@id\":\"https:\\\/\\\/wein-werte.com\\\/de\\\/#\\\/schema\\\/logo\\\/image\\\/\"}}]}<\/script>\n<!-- \/ Yoast SEO plugin. -->","yoast_head_json":{"title":"Abbatucci Monte Bianco rouge 2020","description":"Kaufe Abbatucci Monte Bianco rouge 2020 (Sciaccarellu, trocken aus Korsika, Frankreich) bei Wein Werte, Ihrem nachhaltigen Onlineshop.","robots":{"index":"index","follow":"follow","max-snippet":"max-snippet:-1","max-image-preview":"max-image-preview:large","max-video-preview":"max-video-preview:-1"},"canonical":"https:\/\/wein-werte.com\/de\/produkt\/abbatucci-monte-bianco-rouge-2020-750ml\/","og_locale":"de_DE","og_type":"article","og_title":"Abbatucci Monte Bianco rouge 2020","og_description":"Kaufe Abbatucci Monte Bianco rouge 2020 (Sciaccarellu, trocken aus Korsika, Frankreich) bei Wein Werte, Ihrem nachhaltigen Onlineshop.","og_url":"https:\/\/wein-werte.com\/de\/produkt\/abbatucci-monte-bianco-rouge-2020-750ml\/","og_site_name":"Wein Werte","og_image":[{"width":286,"height":1137,"url":"https:\/\/wein-werte.com\/wp-content\/uploads\/2026\/04\/Abbatucci-Monte-Bianco-rouge-2020-750-ml.png","type":"image\/png"}],"twitter_card":"summary_large_image","twitter_misc":{"Gesch\u00e4tzte Lesezeit":"2\u00a0Minuten"},"schema":{"@context":"https:\/\/schema.org","@graph":[{"@type":"WebPage","@id":"https:\/\/wein-werte.com\/de\/produkt\/abbatucci-monte-bianco-rouge-2020-750ml\/","url":"https:\/\/wein-werte.com\/de\/produkt\/abbatucci-monte-bianco-rouge-2020-750ml\/","name":"Abbatucci Monte Bianco rouge 2020","isPartOf":{"@id":"https:\/\/wein-werte.com\/de\/#website"},"primaryImageOfPage":{"@id":"https:\/\/wein-werte.com\/de\/produkt\/abbatucci-monte-bianco-rouge-2020-750ml\/#primaryimage"},"image":{"@id":"https:\/\/wein-werte.com\/de\/produkt\/abbatucci-monte-bianco-rouge-2020-750ml\/#primaryimage"},"thumbnailUrl":"https:\/\/wein-werte.com\/wp-content\/uploads\/2026\/04\/Abbatucci-Monte-Bianco-rouge-2020-750-ml.png","datePublished":"2026-05-08T17:58:45+00:00","description":"Kaufe Abbatucci Monte Bianco rouge 2020 (Sciaccarellu, trocken aus Korsika, Frankreich) bei Wein Werte, Ihrem nachhaltigen Onlineshop.","breadcrumb":{"@id":"https:\/\/wein-werte.com\/de\/produkt\/abbatucci-monte-bianco-rouge-2020-750ml\/#breadcrumb"},"inLanguage":"de","potentialAction":[{"@type":"ReadAction","target":["https:\/\/wein-werte.com\/de\/produkt\/abbatucci-monte-bianco-rouge-2020-750ml\/"]}]},{"@type":"ImageObject","inLanguage":"de","@id":"https:\/\/wein-werte.com\/de\/produkt\/abbatucci-monte-bianco-rouge-2020-750ml\/#primaryimage","url":"https:\/\/wein-werte.com\/wp-content\/uploads\/2026\/04\/Abbatucci-Monte-Bianco-rouge-2020-750-ml.png","contentUrl":"https:\/\/wein-werte.com\/wp-content\/uploads\/2026\/04\/Abbatucci-Monte-Bianco-rouge-2020-750-ml.png","width":286,"height":1137},{"@type":"BreadcrumbList","@id":"https:\/\/wein-werte.com\/de\/produkt\/abbatucci-monte-bianco-rouge-2020-750ml\/#breadcrumb","itemListElement":[{"@type":"ListItem","position":1,"name":"Home","item":"https:\/\/wein-werte.com\/de\/"},{"@type":"ListItem","position":2,"name":"Shop","item":"https:\/\/wein-werte.com\/de\/shop\/"},{"@type":"ListItem","position":3,"name":"Abbatucci | Korsika | Monte Bianco, Rouge VdF | 2020 | 750ml | bio"}]},{"@type":"WebSite","@id":"https:\/\/wein-werte.com\/de\/#website","url":"https:\/\/wein-werte.com\/de\/","name":"Wein Werte","description":"","publisher":{"@id":"https:\/\/wein-werte.com\/de\/#organization"},"potentialAction":[{"@type":"SearchAction","target":{"@type":"EntryPoint","urlTemplate":"https:\/\/wein-werte.com\/de\/?s={search_term_string}"},"query-input":{"@type":"PropertyValueSpecification","valueRequired":true,"valueName":"search_term_string"}}],"inLanguage":"de"},{"@type":"Organization","@id":"https:\/\/wein-werte.com\/de\/#organization","name":"Vins Fins Thorrold","url":"https:\/\/wein-werte.com\/de\/","logo":{"@type":"ImageObject","inLanguage":"de","@id":"https:\/\/wein-werte.com\/de\/#\/schema\/logo\/image\/","url":"https:\/\/wein-werte.com\/wp-content\/uploads\/2023\/07\/Wein_werte_Logo700-1.png","contentUrl":"https:\/\/wein-werte.com\/wp-content\/uploads\/2023\/07\/Wein_werte_Logo700-1.png","width":700,"height":272,"caption":"Vins Fins Thorrold"},"image":{"@id":"https:\/\/wein-werte.com\/de\/#\/schema\/logo\/image\/"}}]}},"_links":{"self":[{"href":"https:\/\/wein-werte.com\/de\/wp-json\/wp\/v2\/product\/1128347","targetHints":{"allow":["GET"]}}],"collection":[{"href":"https:\/\/wein-werte.com\/de\/wp-json\/wp\/v2\/product"}],"about":[{"href":"https:\/\/wein-werte.com\/de\/wp-json\/wp\/v2\/types\/product"}],"wp:featuredmedia":[{"embeddable":true,"href":"https:\/\/wein-werte.com\/de\/wp-json\/wp\/v2\/media\/1147441"}],"wp:attachment":[{"href":"https:\/\/wein-werte.com\/de\/wp-json\/wp\/v2\/media?parent=1128347"}],"wp:term":[{"taxonomy":"product_brand","embeddable":true,"href":"https:\/\/wein-werte.com\/de\/wp-json\/wp\/v2\/product_brand?post=1128347"},{"taxonomy":"product_cat","embeddable":true,"href":"https:\/\/wein-werte.com\/de\/wp-json\/wp\/v2\/product_cat?post=1128347"},{"taxonomy":"product_tag","embeddable":true,"href":"https:\/\/wein-werte.com\/de\/wp-json\/wp\/v2\/product_tag?post=1128347"}],"curies":[{"name":"wp","href":"https:\/\/api.w.org\/{rel}","templated":true}]}}