{"id":1128344,"date":"2026-05-08T19:58:45","date_gmt":"2026-05-08T17:58:45","guid":{"rendered":"https:\/\/wein-werte.com\/product\/abbatucci-faustine-vielles-vignes-rouge-2020-750ml\/"},"modified":"2026-04-27T11:42:26","modified_gmt":"2026-04-27T09:42:26","slug":"abbatucci-faustine-vielles-vignes-rouge-2020-750ml","status":"publish","type":"product","link":"https:\/\/wein-werte.com\/de\/produkt\/abbatucci-faustine-vielles-vignes-rouge-2020-750ml\/","title":{"rendered":"Abbatucci | Korsika | Faustine Vielles Vignes, Rouge VdF | 2020 | 750ml | bio"},"content":{"rendered":"<p>Produktbeschreibung f\u00fcr Abbatucci Faustine Vielles Vignes, Rouge VdF 2020 (bio) <\/p>\n<h5>Info<\/h5>\n<p>70 % Sciaccarellu und 30 % Niellucciu aus unterschiedlichen Parzellen aus einer Fl\u00e4che von rund 18 Hektar. Der Weinberg ist von Granit gepr\u00e4gt und liegt auf rund 100 Metern H\u00f6he. Die Trauben werden mit einem Ertrag von rund mit rund 25 hl\/ha gelesen. Es wird in der Fr\u00fche von Hand gelesen, entrappt und spontan langsam \u00fcber 40 Tage hinweg vergoren. Anschlie\u00dfend erfolgt der Ausbau im Edelstahl und im Beton \u00fcber 5 Monate. Keine Sch\u00f6nung, leichte Filtration. <\/p>\n<h5>Farbe<\/h5>\n<p> Leuchtendes, transparentes Kirschrot mit hellen und zart violetten Reflexen bei hellem Rand <\/p>\n<h5>Nase<\/h5>\n<p> 2020 Faustine Rouge verbindet eine recht ungew\u00f6hnliche Fruchtkomposition. Total spannend, aber eben fast exemplarisch f\u00fcr seine Herkunft: Korsika. In der Nase tauchen Erdbeere und S\u00fc\u00dfkirsche neben Berberitze, getrockneten Cranberry auf. Am dominantesten sind Holunderbeere und Hagebutte hervorzuheben. Die Frucht wirkt ganz zart in Joghurt ummantelt. Ein Hauch roter Pfeffer sowie etwas Wacholder sogen f\u00fcr W\u00fcrze und etherische Ankl\u00e4nge zugleich. Im Hintergrund schwirren etwas Lakritz sowie mediterrane T\u00f6ne umher. Pinienw\u00e4lder sowie Rosmarin und Thymian komplettieren ihn. <\/p>\n<h5>Gaumen<\/h5>\n<p> Im Antrunk kn\u00fcpft er nahtlos an die gewonnen Eindr\u00fccke der Nase an. Die Frucht wirkt seidig und k\u00fchl. Er hat Biss und profitiert enorm von dieser steinigen, k\u00fchlen Mineralit\u00e4t, die ihn auszeichnet. Die S\u00e4ure hat dem nur wenig entgegen zu setzen. Die laktischen Z\u00fcge verlieren sich am Gaumen fast vollst\u00e4ndig. Faustine Rouge ist animierend und herrlich unaufgeregt. Wei\u00dfer Pfeffer dr\u00fcckt ihm am Gaumen einen deutlichen Stempel auf. Die mediterrane W\u00fcrze wirkt dabei sehr unterst\u00fctzend.<\/p>\n<p>Copyright Vinaturel 2025<\/p>\n<p>Keywords: <a href=\"https:\/\/wein-werte.com\/de\/shop\/?swoof=1&#038;pa_producer=Abbatucci\">Abbatucci<\/a> <a href=\"https:\/\/wein-werte.com\/de\/shop\/?swoof=1&#038;woof_text=Faustine Vielles Vignes, Rouge VdF\">Faustine Vielles Vignes, Rouge VdF<\/a> 2020 bio <a href=\"https:\/\/wein-werte.com\/de\/shop\/?swoof=1&#038;pa_region=Korsika\">Korsika<\/a> <a href=\"https:\/\/wein-werte.com\/de\/shop\/?swoof=1&#038;pa_country=Frankreich\">Frankreich<\/a><\/p>\n<p>Internetseite des Weinguts: <a href=\"https:\/\/domaine-abbatucci.com\/\" target=\"_blank\">https:\/\/domaine-abbatucci.com\/<\/a><\/p>\n","protected":false},"excerpt":{"rendered":"<p>Lieferzeit: 1 bis 2 Arbeitstage (DE), 2 bis 5 Arbeitstage (EU and CH)<\/p>\n","protected":false},"featured_media":1140006,"template":"","meta":[],"product_brand":[],"product_cat":[19],"product_tag":[],"class_list":{"0":"post-1128344","1":"product","2":"type-product","3":"status-publish","4":"has-post-thumbnail","6":"product_cat-unkategorisiert","7":"pa_alcohol-for-filter-14-5","8":"pa_certified-biodynamic-ja-de","9":"pa_certified-organic-ja-de","10":"pa_colour-rot","11":"pa_country-frankreich","12":"pa_grape-sciaccarellu","13":"pa_price-for-filter-10569","14":"pa_producer-abbatucci","15":"pa_region-korsika","16":"pa_size-ml-6584","17":"pa_sweetness-trocken-de","18":"pa_type-2-still-de","19":"pa_vintage-2020-de","20":"entry","21":"has-media","23":"first","24":"instock","25":"taxable","26":"shipping-taxable","27":"purchasable","28":"product-type-simple"},"yoast_head":"<!-- This site is optimized with the Yoast SEO plugin v27.5 - https:\/\/yoast.com\/product\/yoast-seo-wordpress\/ -->\n<title>Abbatucci Faustine Vielles Vignes rouge 2020<\/title>\n<meta name=\"description\" content=\"Kaufe Abbatucci Faustine Vielles Vignes rouge 2020 (Sciaccarellu, trocken aus Korsika, Frankreich) bei Wein Werte, Ihrem nachhaltigen Onlineshop.\" \/>\n<meta name=\"robots\" content=\"index, follow, max-snippet:-1, max-image-preview:large, max-video-preview:-1\" \/>\n<link rel=\"canonical\" href=\"https:\/\/wein-werte.com\/de\/produkt\/abbatucci-faustine-vielles-vignes-rouge-2020-750ml\/\" \/>\n<meta property=\"og:locale\" content=\"de_DE\" \/>\n<meta property=\"og:type\" content=\"article\" \/>\n<meta property=\"og:title\" content=\"Abbatucci Faustine Vielles Vignes rouge 2020\" \/>\n<meta property=\"og:description\" content=\"Kaufe Abbatucci Faustine Vielles Vignes rouge 2020 (Sciaccarellu, trocken aus Korsika, Frankreich) bei Wein Werte, Ihrem nachhaltigen Onlineshop.\" \/>\n<meta property=\"og:url\" content=\"https:\/\/wein-werte.com\/de\/produkt\/abbatucci-faustine-vielles-vignes-rouge-2020-750ml\/\" \/>\n<meta property=\"og:site_name\" content=\"Wein Werte\" \/>\n<meta property=\"og:image\" content=\"https:\/\/wein-werte.com\/wp-content\/uploads\/2026\/04\/Abbatucci-Faustine-Vielles-Vignes-rouge-2020-750ml.png\" \/>\n\t<meta property=\"og:image:width\" content=\"279\" \/>\n\t<meta property=\"og:image:height\" content=\"1137\" \/>\n\t<meta property=\"og:image:type\" content=\"image\/png\" \/>\n<meta name=\"twitter:card\" content=\"summary_large_image\" \/>\n<meta name=\"twitter:label1\" content=\"Gesch\u00e4tzte Lesezeit\" \/>\n\t<meta name=\"twitter:data1\" content=\"1\u00a0Minute\" \/>\n<script type=\"application\/ld+json\" class=\"yoast-schema-graph\">{\"@context\":\"https:\\\/\\\/schema.org\",\"@graph\":[{\"@type\":\"WebPage\",\"@id\":\"https:\\\/\\\/wein-werte.com\\\/de\\\/produkt\\\/abbatucci-faustine-vielles-vignes-rouge-2020-750ml\\\/\",\"url\":\"https:\\\/\\\/wein-werte.com\\\/de\\\/produkt\\\/abbatucci-faustine-vielles-vignes-rouge-2020-750ml\\\/\",\"name\":\"Abbatucci Faustine Vielles Vignes rouge 2020\",\"isPartOf\":{\"@id\":\"https:\\\/\\\/wein-werte.com\\\/de\\\/#website\"},\"primaryImageOfPage\":{\"@id\":\"https:\\\/\\\/wein-werte.com\\\/de\\\/produkt\\\/abbatucci-faustine-vielles-vignes-rouge-2020-750ml\\\/#primaryimage\"},\"image\":{\"@id\":\"https:\\\/\\\/wein-werte.com\\\/de\\\/produkt\\\/abbatucci-faustine-vielles-vignes-rouge-2020-750ml\\\/#primaryimage\"},\"thumbnailUrl\":\"https:\\\/\\\/wein-werte.com\\\/wp-content\\\/uploads\\\/2026\\\/04\\\/Abbatucci-Faustine-Vielles-Vignes-rouge-2020-750ml.png\",\"datePublished\":\"2026-05-08T17:58:45+00:00\",\"description\":\"Kaufe Abbatucci Faustine Vielles Vignes rouge 2020 (Sciaccarellu, trocken aus Korsika, Frankreich) bei Wein Werte, Ihrem nachhaltigen Onlineshop.\",\"breadcrumb\":{\"@id\":\"https:\\\/\\\/wein-werte.com\\\/de\\\/produkt\\\/abbatucci-faustine-vielles-vignes-rouge-2020-750ml\\\/#breadcrumb\"},\"inLanguage\":\"de\",\"potentialAction\":[{\"@type\":\"ReadAction\",\"target\":[\"https:\\\/\\\/wein-werte.com\\\/de\\\/produkt\\\/abbatucci-faustine-vielles-vignes-rouge-2020-750ml\\\/\"]}]},{\"@type\":\"ImageObject\",\"inLanguage\":\"de\",\"@id\":\"https:\\\/\\\/wein-werte.com\\\/de\\\/produkt\\\/abbatucci-faustine-vielles-vignes-rouge-2020-750ml\\\/#primaryimage\",\"url\":\"https:\\\/\\\/wein-werte.com\\\/wp-content\\\/uploads\\\/2026\\\/04\\\/Abbatucci-Faustine-Vielles-Vignes-rouge-2020-750ml.png\",\"contentUrl\":\"https:\\\/\\\/wein-werte.com\\\/wp-content\\\/uploads\\\/2026\\\/04\\\/Abbatucci-Faustine-Vielles-Vignes-rouge-2020-750ml.png\",\"width\":279,\"height\":1137,\"caption\":\"Abbatucci Faustine Vielles Vignes, Rouge VdF 2020 750ml\"},{\"@type\":\"BreadcrumbList\",\"@id\":\"https:\\\/\\\/wein-werte.com\\\/de\\\/produkt\\\/abbatucci-faustine-vielles-vignes-rouge-2020-750ml\\\/#breadcrumb\",\"itemListElement\":[{\"@type\":\"ListItem\",\"position\":1,\"name\":\"Home\",\"item\":\"https:\\\/\\\/wein-werte.com\\\/de\\\/\"},{\"@type\":\"ListItem\",\"position\":2,\"name\":\"Shop\",\"item\":\"https:\\\/\\\/wein-werte.com\\\/de\\\/shop\\\/\"},{\"@type\":\"ListItem\",\"position\":3,\"name\":\"Abbatucci | Korsika | Faustine Vielles Vignes, Rouge VdF | 2020 | 750ml | bio\"}]},{\"@type\":\"WebSite\",\"@id\":\"https:\\\/\\\/wein-werte.com\\\/de\\\/#website\",\"url\":\"https:\\\/\\\/wein-werte.com\\\/de\\\/\",\"name\":\"Wein Werte\",\"description\":\"\",\"publisher\":{\"@id\":\"https:\\\/\\\/wein-werte.com\\\/de\\\/#organization\"},\"potentialAction\":[{\"@type\":\"SearchAction\",\"target\":{\"@type\":\"EntryPoint\",\"urlTemplate\":\"https:\\\/\\\/wein-werte.com\\\/de\\\/?s={search_term_string}\"},\"query-input\":{\"@type\":\"PropertyValueSpecification\",\"valueRequired\":true,\"valueName\":\"search_term_string\"}}],\"inLanguage\":\"de\"},{\"@type\":\"Organization\",\"@id\":\"https:\\\/\\\/wein-werte.com\\\/de\\\/#organization\",\"name\":\"Vins Fins Thorrold\",\"url\":\"https:\\\/\\\/wein-werte.com\\\/de\\\/\",\"logo\":{\"@type\":\"ImageObject\",\"inLanguage\":\"de\",\"@id\":\"https:\\\/\\\/wein-werte.com\\\/de\\\/#\\\/schema\\\/logo\\\/image\\\/\",\"url\":\"https:\\\/\\\/wein-werte.com\\\/wp-content\\\/uploads\\\/2023\\\/07\\\/Wein_werte_Logo700-1.png\",\"contentUrl\":\"https:\\\/\\\/wein-werte.com\\\/wp-content\\\/uploads\\\/2023\\\/07\\\/Wein_werte_Logo700-1.png\",\"width\":700,\"height\":272,\"caption\":\"Vins Fins Thorrold\"},\"image\":{\"@id\":\"https:\\\/\\\/wein-werte.com\\\/de\\\/#\\\/schema\\\/logo\\\/image\\\/\"}}]}<\/script>\n<!-- \/ Yoast SEO plugin. -->","yoast_head_json":{"title":"Abbatucci Faustine Vielles Vignes rouge 2020","description":"Kaufe Abbatucci Faustine Vielles Vignes rouge 2020 (Sciaccarellu, trocken aus Korsika, Frankreich) bei Wein Werte, Ihrem nachhaltigen Onlineshop.","robots":{"index":"index","follow":"follow","max-snippet":"max-snippet:-1","max-image-preview":"max-image-preview:large","max-video-preview":"max-video-preview:-1"},"canonical":"https:\/\/wein-werte.com\/de\/produkt\/abbatucci-faustine-vielles-vignes-rouge-2020-750ml\/","og_locale":"de_DE","og_type":"article","og_title":"Abbatucci Faustine Vielles Vignes rouge 2020","og_description":"Kaufe Abbatucci Faustine Vielles Vignes rouge 2020 (Sciaccarellu, trocken aus Korsika, Frankreich) bei Wein Werte, Ihrem nachhaltigen Onlineshop.","og_url":"https:\/\/wein-werte.com\/de\/produkt\/abbatucci-faustine-vielles-vignes-rouge-2020-750ml\/","og_site_name":"Wein Werte","og_image":[{"width":279,"height":1137,"url":"https:\/\/wein-werte.com\/wp-content\/uploads\/2026\/04\/Abbatucci-Faustine-Vielles-Vignes-rouge-2020-750ml.png","type":"image\/png"}],"twitter_card":"summary_large_image","twitter_misc":{"Gesch\u00e4tzte Lesezeit":"1\u00a0Minute"},"schema":{"@context":"https:\/\/schema.org","@graph":[{"@type":"WebPage","@id":"https:\/\/wein-werte.com\/de\/produkt\/abbatucci-faustine-vielles-vignes-rouge-2020-750ml\/","url":"https:\/\/wein-werte.com\/de\/produkt\/abbatucci-faustine-vielles-vignes-rouge-2020-750ml\/","name":"Abbatucci Faustine Vielles Vignes rouge 2020","isPartOf":{"@id":"https:\/\/wein-werte.com\/de\/#website"},"primaryImageOfPage":{"@id":"https:\/\/wein-werte.com\/de\/produkt\/abbatucci-faustine-vielles-vignes-rouge-2020-750ml\/#primaryimage"},"image":{"@id":"https:\/\/wein-werte.com\/de\/produkt\/abbatucci-faustine-vielles-vignes-rouge-2020-750ml\/#primaryimage"},"thumbnailUrl":"https:\/\/wein-werte.com\/wp-content\/uploads\/2026\/04\/Abbatucci-Faustine-Vielles-Vignes-rouge-2020-750ml.png","datePublished":"2026-05-08T17:58:45+00:00","description":"Kaufe Abbatucci Faustine Vielles Vignes rouge 2020 (Sciaccarellu, trocken aus Korsika, Frankreich) bei Wein Werte, Ihrem nachhaltigen Onlineshop.","breadcrumb":{"@id":"https:\/\/wein-werte.com\/de\/produkt\/abbatucci-faustine-vielles-vignes-rouge-2020-750ml\/#breadcrumb"},"inLanguage":"de","potentialAction":[{"@type":"ReadAction","target":["https:\/\/wein-werte.com\/de\/produkt\/abbatucci-faustine-vielles-vignes-rouge-2020-750ml\/"]}]},{"@type":"ImageObject","inLanguage":"de","@id":"https:\/\/wein-werte.com\/de\/produkt\/abbatucci-faustine-vielles-vignes-rouge-2020-750ml\/#primaryimage","url":"https:\/\/wein-werte.com\/wp-content\/uploads\/2026\/04\/Abbatucci-Faustine-Vielles-Vignes-rouge-2020-750ml.png","contentUrl":"https:\/\/wein-werte.com\/wp-content\/uploads\/2026\/04\/Abbatucci-Faustine-Vielles-Vignes-rouge-2020-750ml.png","width":279,"height":1137,"caption":"Abbatucci Faustine Vielles Vignes, Rouge VdF 2020 750ml"},{"@type":"BreadcrumbList","@id":"https:\/\/wein-werte.com\/de\/produkt\/abbatucci-faustine-vielles-vignes-rouge-2020-750ml\/#breadcrumb","itemListElement":[{"@type":"ListItem","position":1,"name":"Home","item":"https:\/\/wein-werte.com\/de\/"},{"@type":"ListItem","position":2,"name":"Shop","item":"https:\/\/wein-werte.com\/de\/shop\/"},{"@type":"ListItem","position":3,"name":"Abbatucci | Korsika | Faustine Vielles Vignes, Rouge VdF | 2020 | 750ml | bio"}]},{"@type":"WebSite","@id":"https:\/\/wein-werte.com\/de\/#website","url":"https:\/\/wein-werte.com\/de\/","name":"Wein Werte","description":"","publisher":{"@id":"https:\/\/wein-werte.com\/de\/#organization"},"potentialAction":[{"@type":"SearchAction","target":{"@type":"EntryPoint","urlTemplate":"https:\/\/wein-werte.com\/de\/?s={search_term_string}"},"query-input":{"@type":"PropertyValueSpecification","valueRequired":true,"valueName":"search_term_string"}}],"inLanguage":"de"},{"@type":"Organization","@id":"https:\/\/wein-werte.com\/de\/#organization","name":"Vins Fins Thorrold","url":"https:\/\/wein-werte.com\/de\/","logo":{"@type":"ImageObject","inLanguage":"de","@id":"https:\/\/wein-werte.com\/de\/#\/schema\/logo\/image\/","url":"https:\/\/wein-werte.com\/wp-content\/uploads\/2023\/07\/Wein_werte_Logo700-1.png","contentUrl":"https:\/\/wein-werte.com\/wp-content\/uploads\/2023\/07\/Wein_werte_Logo700-1.png","width":700,"height":272,"caption":"Vins Fins Thorrold"},"image":{"@id":"https:\/\/wein-werte.com\/de\/#\/schema\/logo\/image\/"}}]}},"_links":{"self":[{"href":"https:\/\/wein-werte.com\/de\/wp-json\/wp\/v2\/product\/1128344","targetHints":{"allow":["GET"]}}],"collection":[{"href":"https:\/\/wein-werte.com\/de\/wp-json\/wp\/v2\/product"}],"about":[{"href":"https:\/\/wein-werte.com\/de\/wp-json\/wp\/v2\/types\/product"}],"wp:featuredmedia":[{"embeddable":true,"href":"https:\/\/wein-werte.com\/de\/wp-json\/wp\/v2\/media\/1140006"}],"wp:attachment":[{"href":"https:\/\/wein-werte.com\/de\/wp-json\/wp\/v2\/media?parent=1128344"}],"wp:term":[{"taxonomy":"product_brand","embeddable":true,"href":"https:\/\/wein-werte.com\/de\/wp-json\/wp\/v2\/product_brand?post=1128344"},{"taxonomy":"product_cat","embeddable":true,"href":"https:\/\/wein-werte.com\/de\/wp-json\/wp\/v2\/product_cat?post=1128344"},{"taxonomy":"product_tag","embeddable":true,"href":"https:\/\/wein-werte.com\/de\/wp-json\/wp\/v2\/product_tag?post=1128344"}],"curies":[{"name":"wp","href":"https:\/\/api.w.org\/{rel}","templated":true}]}}