{"id":1128313,"date":"2026-05-08T19:58:43","date_gmt":"2026-05-08T17:58:43","guid":{"rendered":"https:\/\/wein-werte.com\/product\/clos-des-papes-chateauneuf-du-pape-blanc-2023-750ml\/"},"modified":"2026-04-27T11:42:23","modified_gmt":"2026-04-27T09:42:23","slug":"clos-des-papes-chateauneuf-du-pape-blanc-2023-750ml","status":"publish","type":"product","link":"https:\/\/wein-werte.com\/de\/produkt\/clos-des-papes-chateauneuf-du-pape-blanc-2023-750ml\/","title":{"rendered":"Clos des Papes | Rhone (S\u00fcd) | Ch\u00e2teauneuf-du-Pape Blanc AOC | 2023 | 750ml"},"content":{"rendered":"<p>Produktbeschreibung f\u00fcr Clos des Papes Ch\u00e2teauneuf-du-Pape Blanc AOC 2023 <\/p>\n<p> Der Ch\u00e2teauneuf-du-Pape Blanc 2023 ist eine Cuv\u00e9e aus Grenache Blanc, Clairette, Roussanne, Bourboulenc, Picpoul und Picardan. F\u00fcr Paul-Vincent Avril war 2023 der 37. Jahrgang auf dem Weingut. Avril arbeitet mit durchschnittlichen Ertr\u00e4gen von 20 hl\/ha, was deutlich niedriger ist als die von der AOC festgelegte Grenze von 35 hl\/ha \u2013 was auch schon wenig ist. Dazu kommt das Wetter: \u201eIn sechs Jahrg\u00e4ngen habe ich das \u00c4quivalent von zwei verloren. Im Jahr &#8217;17, F\u00e4ulnis, -40 %. 18, Mehltau, -70 %. &#8217;19 und &#8217;20 waren gut. Im Jahr &#8217;21, fast 40 % Verlust durch Frost. In &#8217;22, Hagel, -40 %.&#8221; Die Trauben wurden direkt als Ganztrauben gepresst und alle Rebsorten zusammen (nach und nach je nach Reife) im Zementcuve bei 18 bis 21 \u00b0C \u00fcber vier Wochen vergoren. Es gibt hier keine malolaktische G\u00e4rung, um die S\u00e4ure zu erhalten. Der Wein wird dann in gro\u00dfen Fudern vergoren und ausgebaut. <\/p>\n<h5>Farbe<\/h5>\n<p> helles Goldgelb <\/p>\n<h5>Nase<\/h5>\n<p> Es ist erstaunlich, wie offen und einladend der eigentlich noch so junge Ch\u00e2teauneuf-du-Pape Blanc 2023 heute schon wirkt. Ein Karaffieren wird trotzdem empfohlen. Die Cuv\u00e9e duftet k\u00f6stlich und pur nach Grapefruits und Zitronenschalen, nach Gei\u00dfblatt und Klee, Birnen und wei\u00dfen Pfirsichen. Dar\u00fcber liegt ein Hauch von Reduktion und zersto\u00dfener Stein, Fenchel- und Anissaat. Man muss sich schon schwer anstrengen, diesen Wein blind bei Ch\u00e2teauneuf-du-Pape einzuordnen, so frisch und klar wirkt er. <\/p>\n<h5>Gaumen<\/h5>\n<p> Am Gaumen pr\u00e4sentiert dieser Wein dann aber exakt das, was er sein soll: Ein Grand Cru unter den wei\u00dfen Ch\u00e2teauneuf-du-Pape mit einer genau kalkulierten F\u00fclle und Opulenz, gepaart mit Frische und Mineralit\u00e4t. Es ist kraftvoller und gleichzeitig eleganter und vielschichtiger Wein mit seidiger Konsistenz und einer reifen Frucht von Birnen, Quitten und Steinobst, reifen Zitrusnoten mit herben Zesten, Kr\u00e4utern, Anis und Fenchelsaat sowie einer mundw\u00e4ssernden Salzigkeit im Finale. <\/p>\n<p>Copyright Vinaturel 2025<\/p>\n<p>Keywords: <a href=\"https:\/\/wein-werte.com\/de\/shop\/?swoof=1&#038;pa_producer=Clos-des-Papes\">Clos des Papes<\/a> <a href=\"https:\/\/wein-werte.com\/de\/shop\/?swoof=1&#038;woof_text=Ch\u00e2teauneuf-du-Pape Blanc AOC\">Ch\u00e2teauneuf-du-Pape Blanc AOC<\/a> 2023  <a href=\"https:\/\/wein-werte.com\/shop\/?swoof=1&#038;pa_region=Rhone (S\u00fcd)\">Rhone-(S\u00fcd)<\/a> <a href=\"https:\/\/wein-werte.com\/de\/shop\/?swoof=1&#038;pa_country=Frankreich\">Frankreich<\/a><\/p>\n<h3>Wine Advocate<\/h3>\n<p>Punkte: 95<\/p>\n<p>Der 2023er Chateauneuf du Pape Blanc von Clos des Papes wird zu gleichen Teilen aus sechs zugelassenen Rebsorten hergestellt, gemeinsam vergoren und eine Nacht kalt gelagert. Er verstr\u00f6mt ein delikates, komplexes Bouquet aus Fenchel, Eisenkraut, Birne, Jod, Kr\u00e4utern und Akazienbl\u00fcten. Mittel- bis vollmundig, rein und harmonisch, basiert er auf frischen S\u00e4uren, einer vielschichtigen, sch\u00f6n strukturierten Textur und einem langen, \u00e4therischen, salzigen Abgang. Der phenolische Nachgeschmack verleiht ihm ein rassiges Profil, das ich besonders ansprechend finde.<br \/>Yohan Castaing<\/p>\n<h3>Vinous<\/h3>\n<p>Punkte: 94<\/p>\n<p>Lebendiges Gei\u00dfblatt, Zitronenschale, reife Birne und Fr\u00fchlingsbl\u00fcten er\u00f6ffnen den Ch\u00e2teauneuf-du-Pape Blanc 2023. Fenchel und Grapefruit verleihen diesem faszinierenden wei\u00dfen Clos des Papes von Paul-Vincent Avril zus\u00e4tzliche Facetten. Mittelkr\u00e4ftig und angenehm ausbalanciert durch milde S\u00e4ure, schlie\u00dft der 2023er mit zarter Salzigkeit im anhaltenden Finale. \u2013 Nicolas Greinacher<br \/>Trinkfenster: 2025\u20132040<br \/>Testdatum: Juni 2024<\/p>\n<p>Internetseite des Weinguts: <a href=\"https:\/\/www.clos-des-papes.fr\/\" target=\"_blank\">https:\/\/www.clos-des-papes.fr\/<\/a><\/p>\n","protected":false},"excerpt":{"rendered":"<p>Lieferzeit: 1 bis 2 Arbeitstage (DE), 2 bis 5 Arbeitstage (EU and CH)<\/p>\n","protected":false},"featured_media":1139986,"template":"","meta":[],"product_brand":[],"product_cat":[19],"product_tag":[],"class_list":{"0":"post-1128313","1":"product","2":"type-product","3":"status-publish","4":"has-post-thumbnail","6":"product_cat-unkategorisiert","7":"pa_alcohol-for-filter-12892","8":"pa_certified-biodynamic-nein-de","9":"pa_certified-organic-nein-de","10":"pa_colour-weiss","11":"pa_country-frankreich","12":"pa_grape-grenache-blanc-cuvee","13":"pa_parker-points-for-filter-95-de","14":"pa_price-for-filter-10643","15":"pa_producer-clos-des-papes","16":"pa_region-rhone-sued","17":"pa_size-ml-6584","18":"pa_sweetness-trocken-de","19":"pa_type-2-still-de","20":"pa_vinous-points-for-filter-20033","21":"pa_vintage-2023-de","22":"entry","23":"has-media","25":"first","26":"instock","27":"taxable","28":"shipping-taxable","29":"purchasable","30":"product-type-simple"},"yoast_head":"<!-- This site is optimized with the Yoast SEO plugin v27.5 - https:\/\/yoast.com\/product\/yoast-seo-wordpress\/ -->\n<title>Clos des Papes Ch\u00e2teauneuf-du-Pape blanc 2023<\/title>\n<meta name=\"description\" content=\"Kaufe Clos des Papes Ch\u00e2teauneuf-du-Pape blanc 2023 (Grenache blanc Cuv\u00e9e, trocken aus Rhone (S\u00fcd), Frankreich) bei Wein Werte, Ihrem nachhaltigen Onlineshop.\" \/>\n<meta name=\"robots\" content=\"index, follow, max-snippet:-1, max-image-preview:large, max-video-preview:-1\" \/>\n<link rel=\"canonical\" href=\"https:\/\/wein-werte.com\/de\/produkt\/clos-des-papes-chateauneuf-du-pape-blanc-2023-750ml\/\" \/>\n<meta property=\"og:locale\" content=\"de_DE\" \/>\n<meta property=\"og:type\" content=\"article\" \/>\n<meta property=\"og:title\" content=\"Clos des Papes Ch\u00e2teauneuf-du-Pape blanc 2023\" \/>\n<meta property=\"og:description\" content=\"Kaufe Clos des Papes Ch\u00e2teauneuf-du-Pape blanc 2023 (Grenache blanc Cuv\u00e9e, trocken aus Rhone (S\u00fcd), Frankreich) bei Wein Werte, Ihrem nachhaltigen Onlineshop.\" \/>\n<meta property=\"og:url\" content=\"https:\/\/wein-werte.com\/de\/produkt\/clos-des-papes-chateauneuf-du-pape-blanc-2023-750ml\/\" \/>\n<meta property=\"og:site_name\" content=\"Wein Werte\" \/>\n<meta property=\"og:image\" content=\"https:\/\/wein-werte.com\/wp-content\/uploads\/2026\/04\/Clos-des-Papes-Chateauneuf-du-Pape-blanc-2023-750ml.png\" \/>\n\t<meta property=\"og:image:width\" content=\"319\" \/>\n\t<meta property=\"og:image:height\" content=\"1200\" \/>\n\t<meta property=\"og:image:type\" content=\"image\/png\" \/>\n<meta name=\"twitter:card\" content=\"summary_large_image\" \/>\n<meta name=\"twitter:label1\" content=\"Gesch\u00e4tzte Lesezeit\" \/>\n\t<meta name=\"twitter:data1\" content=\"2\u00a0Minuten\" \/>\n<script type=\"application\/ld+json\" class=\"yoast-schema-graph\">{\"@context\":\"https:\\\/\\\/schema.org\",\"@graph\":[{\"@type\":\"WebPage\",\"@id\":\"https:\\\/\\\/wein-werte.com\\\/de\\\/produkt\\\/clos-des-papes-chateauneuf-du-pape-blanc-2023-750ml\\\/\",\"url\":\"https:\\\/\\\/wein-werte.com\\\/de\\\/produkt\\\/clos-des-papes-chateauneuf-du-pape-blanc-2023-750ml\\\/\",\"name\":\"Clos des Papes Ch\u00e2teauneuf-du-Pape blanc 2023\",\"isPartOf\":{\"@id\":\"https:\\\/\\\/wein-werte.com\\\/de\\\/#website\"},\"primaryImageOfPage\":{\"@id\":\"https:\\\/\\\/wein-werte.com\\\/de\\\/produkt\\\/clos-des-papes-chateauneuf-du-pape-blanc-2023-750ml\\\/#primaryimage\"},\"image\":{\"@id\":\"https:\\\/\\\/wein-werte.com\\\/de\\\/produkt\\\/clos-des-papes-chateauneuf-du-pape-blanc-2023-750ml\\\/#primaryimage\"},\"thumbnailUrl\":\"https:\\\/\\\/wein-werte.com\\\/wp-content\\\/uploads\\\/2026\\\/04\\\/Clos-des-Papes-Chateauneuf-du-Pape-blanc-2023-750ml.png\",\"datePublished\":\"2026-05-08T17:58:43+00:00\",\"description\":\"Kaufe Clos des Papes Ch\u00e2teauneuf-du-Pape blanc 2023 (Grenache blanc Cuv\u00e9e, trocken aus Rhone (S\u00fcd), Frankreich) bei Wein Werte, Ihrem nachhaltigen Onlineshop.\",\"breadcrumb\":{\"@id\":\"https:\\\/\\\/wein-werte.com\\\/de\\\/produkt\\\/clos-des-papes-chateauneuf-du-pape-blanc-2023-750ml\\\/#breadcrumb\"},\"inLanguage\":\"de\",\"potentialAction\":[{\"@type\":\"ReadAction\",\"target\":[\"https:\\\/\\\/wein-werte.com\\\/de\\\/produkt\\\/clos-des-papes-chateauneuf-du-pape-blanc-2023-750ml\\\/\"]}]},{\"@type\":\"ImageObject\",\"inLanguage\":\"de\",\"@id\":\"https:\\\/\\\/wein-werte.com\\\/de\\\/produkt\\\/clos-des-papes-chateauneuf-du-pape-blanc-2023-750ml\\\/#primaryimage\",\"url\":\"https:\\\/\\\/wein-werte.com\\\/wp-content\\\/uploads\\\/2026\\\/04\\\/Clos-des-Papes-Chateauneuf-du-Pape-blanc-2023-750ml.png\",\"contentUrl\":\"https:\\\/\\\/wein-werte.com\\\/wp-content\\\/uploads\\\/2026\\\/04\\\/Clos-des-Papes-Chateauneuf-du-Pape-blanc-2023-750ml.png\",\"width\":319,\"height\":1200,\"caption\":\"Clos des Papes Ch\u00e2teauneuf-du-Pape Blanc AOC 2023 750ml\"},{\"@type\":\"BreadcrumbList\",\"@id\":\"https:\\\/\\\/wein-werte.com\\\/de\\\/produkt\\\/clos-des-papes-chateauneuf-du-pape-blanc-2023-750ml\\\/#breadcrumb\",\"itemListElement\":[{\"@type\":\"ListItem\",\"position\":1,\"name\":\"Home\",\"item\":\"https:\\\/\\\/wein-werte.com\\\/de\\\/\"},{\"@type\":\"ListItem\",\"position\":2,\"name\":\"Shop\",\"item\":\"https:\\\/\\\/wein-werte.com\\\/de\\\/shop\\\/\"},{\"@type\":\"ListItem\",\"position\":3,\"name\":\"Clos des Papes | Rhone (S\u00fcd) | Ch\u00e2teauneuf-du-Pape Blanc AOC | 2023 | 750ml\"}]},{\"@type\":\"WebSite\",\"@id\":\"https:\\\/\\\/wein-werte.com\\\/de\\\/#website\",\"url\":\"https:\\\/\\\/wein-werte.com\\\/de\\\/\",\"name\":\"Wein Werte\",\"description\":\"\",\"publisher\":{\"@id\":\"https:\\\/\\\/wein-werte.com\\\/de\\\/#organization\"},\"potentialAction\":[{\"@type\":\"SearchAction\",\"target\":{\"@type\":\"EntryPoint\",\"urlTemplate\":\"https:\\\/\\\/wein-werte.com\\\/de\\\/?s={search_term_string}\"},\"query-input\":{\"@type\":\"PropertyValueSpecification\",\"valueRequired\":true,\"valueName\":\"search_term_string\"}}],\"inLanguage\":\"de\"},{\"@type\":\"Organization\",\"@id\":\"https:\\\/\\\/wein-werte.com\\\/de\\\/#organization\",\"name\":\"Vins Fins Thorrold\",\"url\":\"https:\\\/\\\/wein-werte.com\\\/de\\\/\",\"logo\":{\"@type\":\"ImageObject\",\"inLanguage\":\"de\",\"@id\":\"https:\\\/\\\/wein-werte.com\\\/de\\\/#\\\/schema\\\/logo\\\/image\\\/\",\"url\":\"https:\\\/\\\/wein-werte.com\\\/wp-content\\\/uploads\\\/2023\\\/07\\\/Wein_werte_Logo700-1.png\",\"contentUrl\":\"https:\\\/\\\/wein-werte.com\\\/wp-content\\\/uploads\\\/2023\\\/07\\\/Wein_werte_Logo700-1.png\",\"width\":700,\"height\":272,\"caption\":\"Vins Fins Thorrold\"},\"image\":{\"@id\":\"https:\\\/\\\/wein-werte.com\\\/de\\\/#\\\/schema\\\/logo\\\/image\\\/\"}}]}<\/script>\n<!-- \/ Yoast SEO plugin. -->","yoast_head_json":{"title":"Clos des Papes Ch\u00e2teauneuf-du-Pape blanc 2023","description":"Kaufe Clos des Papes Ch\u00e2teauneuf-du-Pape blanc 2023 (Grenache blanc Cuv\u00e9e, trocken aus Rhone (S\u00fcd), Frankreich) bei Wein Werte, Ihrem nachhaltigen Onlineshop.","robots":{"index":"index","follow":"follow","max-snippet":"max-snippet:-1","max-image-preview":"max-image-preview:large","max-video-preview":"max-video-preview:-1"},"canonical":"https:\/\/wein-werte.com\/de\/produkt\/clos-des-papes-chateauneuf-du-pape-blanc-2023-750ml\/","og_locale":"de_DE","og_type":"article","og_title":"Clos des Papes Ch\u00e2teauneuf-du-Pape blanc 2023","og_description":"Kaufe Clos des Papes Ch\u00e2teauneuf-du-Pape blanc 2023 (Grenache blanc Cuv\u00e9e, trocken aus Rhone (S\u00fcd), Frankreich) bei Wein Werte, Ihrem nachhaltigen Onlineshop.","og_url":"https:\/\/wein-werte.com\/de\/produkt\/clos-des-papes-chateauneuf-du-pape-blanc-2023-750ml\/","og_site_name":"Wein Werte","og_image":[{"width":319,"height":1200,"url":"https:\/\/wein-werte.com\/wp-content\/uploads\/2026\/04\/Clos-des-Papes-Chateauneuf-du-Pape-blanc-2023-750ml.png","type":"image\/png"}],"twitter_card":"summary_large_image","twitter_misc":{"Gesch\u00e4tzte Lesezeit":"2\u00a0Minuten"},"schema":{"@context":"https:\/\/schema.org","@graph":[{"@type":"WebPage","@id":"https:\/\/wein-werte.com\/de\/produkt\/clos-des-papes-chateauneuf-du-pape-blanc-2023-750ml\/","url":"https:\/\/wein-werte.com\/de\/produkt\/clos-des-papes-chateauneuf-du-pape-blanc-2023-750ml\/","name":"Clos des Papes Ch\u00e2teauneuf-du-Pape blanc 2023","isPartOf":{"@id":"https:\/\/wein-werte.com\/de\/#website"},"primaryImageOfPage":{"@id":"https:\/\/wein-werte.com\/de\/produkt\/clos-des-papes-chateauneuf-du-pape-blanc-2023-750ml\/#primaryimage"},"image":{"@id":"https:\/\/wein-werte.com\/de\/produkt\/clos-des-papes-chateauneuf-du-pape-blanc-2023-750ml\/#primaryimage"},"thumbnailUrl":"https:\/\/wein-werte.com\/wp-content\/uploads\/2026\/04\/Clos-des-Papes-Chateauneuf-du-Pape-blanc-2023-750ml.png","datePublished":"2026-05-08T17:58:43+00:00","description":"Kaufe Clos des Papes Ch\u00e2teauneuf-du-Pape blanc 2023 (Grenache blanc Cuv\u00e9e, trocken aus Rhone (S\u00fcd), Frankreich) bei Wein Werte, Ihrem nachhaltigen Onlineshop.","breadcrumb":{"@id":"https:\/\/wein-werte.com\/de\/produkt\/clos-des-papes-chateauneuf-du-pape-blanc-2023-750ml\/#breadcrumb"},"inLanguage":"de","potentialAction":[{"@type":"ReadAction","target":["https:\/\/wein-werte.com\/de\/produkt\/clos-des-papes-chateauneuf-du-pape-blanc-2023-750ml\/"]}]},{"@type":"ImageObject","inLanguage":"de","@id":"https:\/\/wein-werte.com\/de\/produkt\/clos-des-papes-chateauneuf-du-pape-blanc-2023-750ml\/#primaryimage","url":"https:\/\/wein-werte.com\/wp-content\/uploads\/2026\/04\/Clos-des-Papes-Chateauneuf-du-Pape-blanc-2023-750ml.png","contentUrl":"https:\/\/wein-werte.com\/wp-content\/uploads\/2026\/04\/Clos-des-Papes-Chateauneuf-du-Pape-blanc-2023-750ml.png","width":319,"height":1200,"caption":"Clos des Papes Ch\u00e2teauneuf-du-Pape Blanc AOC 2023 750ml"},{"@type":"BreadcrumbList","@id":"https:\/\/wein-werte.com\/de\/produkt\/clos-des-papes-chateauneuf-du-pape-blanc-2023-750ml\/#breadcrumb","itemListElement":[{"@type":"ListItem","position":1,"name":"Home","item":"https:\/\/wein-werte.com\/de\/"},{"@type":"ListItem","position":2,"name":"Shop","item":"https:\/\/wein-werte.com\/de\/shop\/"},{"@type":"ListItem","position":3,"name":"Clos des Papes | Rhone (S\u00fcd) | Ch\u00e2teauneuf-du-Pape Blanc AOC | 2023 | 750ml"}]},{"@type":"WebSite","@id":"https:\/\/wein-werte.com\/de\/#website","url":"https:\/\/wein-werte.com\/de\/","name":"Wein Werte","description":"","publisher":{"@id":"https:\/\/wein-werte.com\/de\/#organization"},"potentialAction":[{"@type":"SearchAction","target":{"@type":"EntryPoint","urlTemplate":"https:\/\/wein-werte.com\/de\/?s={search_term_string}"},"query-input":{"@type":"PropertyValueSpecification","valueRequired":true,"valueName":"search_term_string"}}],"inLanguage":"de"},{"@type":"Organization","@id":"https:\/\/wein-werte.com\/de\/#organization","name":"Vins Fins Thorrold","url":"https:\/\/wein-werte.com\/de\/","logo":{"@type":"ImageObject","inLanguage":"de","@id":"https:\/\/wein-werte.com\/de\/#\/schema\/logo\/image\/","url":"https:\/\/wein-werte.com\/wp-content\/uploads\/2023\/07\/Wein_werte_Logo700-1.png","contentUrl":"https:\/\/wein-werte.com\/wp-content\/uploads\/2023\/07\/Wein_werte_Logo700-1.png","width":700,"height":272,"caption":"Vins Fins Thorrold"},"image":{"@id":"https:\/\/wein-werte.com\/de\/#\/schema\/logo\/image\/"}}]}},"_links":{"self":[{"href":"https:\/\/wein-werte.com\/de\/wp-json\/wp\/v2\/product\/1128313","targetHints":{"allow":["GET"]}}],"collection":[{"href":"https:\/\/wein-werte.com\/de\/wp-json\/wp\/v2\/product"}],"about":[{"href":"https:\/\/wein-werte.com\/de\/wp-json\/wp\/v2\/types\/product"}],"wp:featuredmedia":[{"embeddable":true,"href":"https:\/\/wein-werte.com\/de\/wp-json\/wp\/v2\/media\/1139986"}],"wp:attachment":[{"href":"https:\/\/wein-werte.com\/de\/wp-json\/wp\/v2\/media?parent=1128313"}],"wp:term":[{"taxonomy":"product_brand","embeddable":true,"href":"https:\/\/wein-werte.com\/de\/wp-json\/wp\/v2\/product_brand?post=1128313"},{"taxonomy":"product_cat","embeddable":true,"href":"https:\/\/wein-werte.com\/de\/wp-json\/wp\/v2\/product_cat?post=1128313"},{"taxonomy":"product_tag","embeddable":true,"href":"https:\/\/wein-werte.com\/de\/wp-json\/wp\/v2\/product_tag?post=1128313"}],"curies":[{"name":"wp","href":"https:\/\/api.w.org\/{rel}","templated":true}]}}