{"id":1128304,"date":"2026-05-12T15:41:27","date_gmt":"2026-05-12T13:41:27","guid":{"rendered":"https:\/\/wein-werte.com\/product\/clos-des-papes-chateauneuf-du-pape-rouge-2020-1500ml\/"},"modified":"2026-05-12T19:54:28","modified_gmt":"2026-05-12T17:54:28","slug":"clos-des-papes-chateauneuf-du-pape-rouge-2020-1500ml","status":"publish","type":"product","link":"https:\/\/wein-werte.com\/de\/produkt\/clos-des-papes-chateauneuf-du-pape-rouge-2020-1500ml\/","title":{"rendered":"Clos des Papes | Rhone (S\u00fcd) | Ch\u00e2teauneuf-du-Pape Rouge AOC | 2020 | 1500ml"},"content":{"rendered":"<p>Produktbeschreibung f\u00fcr Clos des Papes Ch\u00e2teauneuf-du-Pape Rouge AOC 2020  <\/p>\n<h5>Farbe<\/h5>\n<p> Gedecktes Granatrot mit deutlichen violetten Reflexen, fast farbdicht bis zum Rand. <\/p>\n<h5>Nase<\/h5>\n<p> Dieser 2020er Ch\u00e2teuneuf du Pape Rouge Clos des Papes ist eine Offenbarung im Duft: D\u00f6rrpflaume, Himbeere, Brombeere und Cassis begleitet von Veilchen, Minze und Sandelholz. Mit etwas Sauerstoffkontakt gesellen sich Kakao, schwarze Oliven und S\u00fc\u00dfholz hinzu. Eine bet\u00f6rende, opulente rote Sch\u00f6nheit in fl\u00fcssiger Form. <\/p>\n<h5>Gaumen<\/h5>\n<p> Auf der Zunge wirkt er seidig, saftig und ist mit fantastischer Fruchts\u00fc\u00dfe beseelt. Er rinnt geradezu \u00fcber die Zunge, Gerbstoff und S\u00e4ure wundersch\u00f6n abgeschliffen und harmonisch. Der perfekte Wein zu Gerichten mit s\u00fc\u00dflichen Akzenten und W\u00fcrze. Vor Genuss m\u00f6glichst dekantieren und aus einem bauchigen Glas genie\u00dfen. <\/p>\n<p>Copyright Vinaturel 2025<\/p>\n<p>Keywords: <a href=\"https:\/\/wein-werte.com\/de\/shop\/?swoof=1&#038;pa_producer=Clos-des-Papes\">Clos des Papes<\/a> <a href=\"https:\/\/wein-werte.com\/de\/shop\/?swoof=1&#038;woof_text=Ch\u00e2teauneuf-du-Pape Rouge AOC\">Ch\u00e2teauneuf-du-Pape Rouge AOC<\/a> 2020  <a href=\"https:\/\/wein-werte.com\/shop\/?swoof=1&#038;pa_region=Rhone (S\u00fcd)\">Rhone-(S\u00fcd)<\/a> <a href=\"https:\/\/wein-werte.com\/de\/shop\/?swoof=1&#038;pa_country=Frankreich\">Frankreich<\/a><\/p>\n<p>Internetseite des Weinguts: <a href=\"https:\/\/www.clos-des-papes.fr\/\" target=\"_blank\">https:\/\/www.clos-des-papes.fr\/<\/a><\/p>\n","protected":false},"excerpt":{"rendered":"<div style=\"font-size: 14px;\">\n<p>Lieferzeit: 1 bis 2 Arbeitstage (DE), 2 bis 5 Arbeitstage (EU und CH)<\/p>\n<p>Ungef\u00e4hrer Energiegehalt pro 125-ml-Glas: 115 kcal<\/p>\n<\/p><\/div>\n","protected":false},"featured_media":1139980,"template":"","meta":[],"product_brand":[],"product_cat":[19],"product_tag":[],"class_list":{"0":"post-1128304","1":"product","2":"type-product","3":"status-publish","4":"has-post-thumbnail","6":"product_cat-unkategorisiert","7":"pa_alcohol-for-filter-12894","8":"pa_certified-biodynamic-nein-de","9":"pa_certified-organic-nein-de","10":"pa_colour-rot","11":"pa_country-frankreich","12":"pa_grape-mourvedre-cuvee","13":"pa_price-for-filter-10644","14":"pa_producer-clos-des-papes","15":"pa_region-rhone-sued","16":"pa_size-ml-6657","17":"pa_sweetness-trocken-de","18":"pa_type-2-still-de","19":"pa_vintage-2020-de","20":"entry","21":"has-media","23":"first","24":"instock","25":"taxable","26":"shipping-taxable","27":"purchasable","28":"product-type-simple"},"yoast_head":"<!-- This site is optimized with the Yoast SEO plugin v27.6 - https:\/\/yoast.com\/product\/yoast-seo-wordpress\/ -->\n<title>Clos des Papes Ch\u00e2teauneuf-du-Pape rouge 2020, 1500ml<\/title>\n<meta name=\"description\" content=\"Kaufe Clos des Papes Ch\u00e2teauneuf-du-Pape rouge 2020 (Mourv\u00e8dre Cuv\u00e9e, trocken aus Rhone (S\u00fcd), Frankreich) bei Wein Werte, Ihrem nachhaltigen Onlineshop.\" \/>\n<meta name=\"robots\" content=\"index, follow, max-snippet:-1, max-image-preview:large, max-video-preview:-1\" \/>\n<link rel=\"canonical\" href=\"https:\/\/wein-werte.com\/de\/produkt\/clos-des-papes-chateauneuf-du-pape-rouge-2020-1500ml\/\" \/>\n<meta property=\"og:locale\" content=\"de_DE\" \/>\n<meta property=\"og:type\" content=\"article\" \/>\n<meta property=\"og:title\" content=\"Clos des Papes Ch\u00e2teauneuf-du-Pape rouge 2020, 1500ml\" \/>\n<meta property=\"og:description\" content=\"Kaufe Clos des Papes Ch\u00e2teauneuf-du-Pape rouge 2020 (Mourv\u00e8dre Cuv\u00e9e, trocken aus Rhone (S\u00fcd), Frankreich) bei Wein Werte, Ihrem nachhaltigen Onlineshop.\" \/>\n<meta property=\"og:url\" content=\"https:\/\/wein-werte.com\/de\/produkt\/clos-des-papes-chateauneuf-du-pape-rouge-2020-1500ml\/\" \/>\n<meta property=\"og:site_name\" content=\"Wein Werte\" \/>\n<meta property=\"article:modified_time\" content=\"2026-05-12T17:54:28+00:00\" \/>\n<meta property=\"og:image\" content=\"https:\/\/wein-werte.com\/wp-content\/uploads\/2026\/04\/Clos-des-Papes-Chateauneuf-du-Pape-rouge-2020-1500ml.png\" \/>\n\t<meta property=\"og:image:width\" content=\"361\" \/>\n\t<meta property=\"og:image:height\" content=\"1200\" \/>\n\t<meta property=\"og:image:type\" content=\"image\/png\" \/>\n<meta name=\"twitter:card\" content=\"summary_large_image\" \/>\n<meta name=\"twitter:label1\" content=\"Gesch\u00e4tzte Lesezeit\" \/>\n\t<meta name=\"twitter:data1\" content=\"1\u00a0Minute\" \/>\n<script type=\"application\/ld+json\" class=\"yoast-schema-graph\">{\"@context\":\"https:\\\/\\\/schema.org\",\"@graph\":[{\"@type\":\"WebPage\",\"@id\":\"https:\\\/\\\/wein-werte.com\\\/de\\\/produkt\\\/clos-des-papes-chateauneuf-du-pape-rouge-2020-1500ml\\\/\",\"url\":\"https:\\\/\\\/wein-werte.com\\\/de\\\/produkt\\\/clos-des-papes-chateauneuf-du-pape-rouge-2020-1500ml\\\/\",\"name\":\"Clos des Papes Ch\u00e2teauneuf-du-Pape rouge 2020, 1500ml\",\"isPartOf\":{\"@id\":\"https:\\\/\\\/wein-werte.com\\\/de\\\/#website\"},\"primaryImageOfPage\":{\"@id\":\"https:\\\/\\\/wein-werte.com\\\/de\\\/produkt\\\/clos-des-papes-chateauneuf-du-pape-rouge-2020-1500ml\\\/#primaryimage\"},\"image\":{\"@id\":\"https:\\\/\\\/wein-werte.com\\\/de\\\/produkt\\\/clos-des-papes-chateauneuf-du-pape-rouge-2020-1500ml\\\/#primaryimage\"},\"thumbnailUrl\":\"https:\\\/\\\/wein-werte.com\\\/wp-content\\\/uploads\\\/2026\\\/04\\\/Clos-des-Papes-Chateauneuf-du-Pape-rouge-2020-1500ml.png\",\"datePublished\":\"2026-05-12T13:41:27+00:00\",\"dateModified\":\"2026-05-12T17:54:28+00:00\",\"description\":\"Kaufe Clos des Papes Ch\u00e2teauneuf-du-Pape rouge 2020 (Mourv\u00e8dre Cuv\u00e9e, trocken aus Rhone (S\u00fcd), Frankreich) bei Wein Werte, Ihrem nachhaltigen Onlineshop.\",\"breadcrumb\":{\"@id\":\"https:\\\/\\\/wein-werte.com\\\/de\\\/produkt\\\/clos-des-papes-chateauneuf-du-pape-rouge-2020-1500ml\\\/#breadcrumb\"},\"inLanguage\":\"de\",\"potentialAction\":[{\"@type\":\"ReadAction\",\"target\":[\"https:\\\/\\\/wein-werte.com\\\/de\\\/produkt\\\/clos-des-papes-chateauneuf-du-pape-rouge-2020-1500ml\\\/\"]}]},{\"@type\":\"ImageObject\",\"inLanguage\":\"de\",\"@id\":\"https:\\\/\\\/wein-werte.com\\\/de\\\/produkt\\\/clos-des-papes-chateauneuf-du-pape-rouge-2020-1500ml\\\/#primaryimage\",\"url\":\"https:\\\/\\\/wein-werte.com\\\/wp-content\\\/uploads\\\/2026\\\/04\\\/Clos-des-Papes-Chateauneuf-du-Pape-rouge-2020-1500ml.png\",\"contentUrl\":\"https:\\\/\\\/wein-werte.com\\\/wp-content\\\/uploads\\\/2026\\\/04\\\/Clos-des-Papes-Chateauneuf-du-Pape-rouge-2020-1500ml.png\",\"width\":361,\"height\":1200,\"caption\":\"Clos des Papes Ch\u00e2teauneuf-du-Pape Rouge AOC 2020 1500ml\"},{\"@type\":\"BreadcrumbList\",\"@id\":\"https:\\\/\\\/wein-werte.com\\\/de\\\/produkt\\\/clos-des-papes-chateauneuf-du-pape-rouge-2020-1500ml\\\/#breadcrumb\",\"itemListElement\":[{\"@type\":\"ListItem\",\"position\":1,\"name\":\"Home\",\"item\":\"https:\\\/\\\/wein-werte.com\\\/de\\\/\"},{\"@type\":\"ListItem\",\"position\":2,\"name\":\"Shop\",\"item\":\"https:\\\/\\\/wein-werte.com\\\/de\\\/shop\\\/\"},{\"@type\":\"ListItem\",\"position\":3,\"name\":\"Clos des Papes | Rhone (S\u00fcd) | Ch\u00e2teauneuf-du-Pape Rouge AOC | 2020 | 1500ml\"}]},{\"@type\":\"WebSite\",\"@id\":\"https:\\\/\\\/wein-werte.com\\\/de\\\/#website\",\"url\":\"https:\\\/\\\/wein-werte.com\\\/de\\\/\",\"name\":\"Wein Werte\",\"description\":\"\",\"publisher\":{\"@id\":\"https:\\\/\\\/wein-werte.com\\\/de\\\/#organization\"},\"potentialAction\":[{\"@type\":\"SearchAction\",\"target\":{\"@type\":\"EntryPoint\",\"urlTemplate\":\"https:\\\/\\\/wein-werte.com\\\/de\\\/?s={search_term_string}\"},\"query-input\":{\"@type\":\"PropertyValueSpecification\",\"valueRequired\":true,\"valueName\":\"search_term_string\"}}],\"inLanguage\":\"de\"},{\"@type\":\"Organization\",\"@id\":\"https:\\\/\\\/wein-werte.com\\\/de\\\/#organization\",\"name\":\"Vins Fins Thorrold\",\"url\":\"https:\\\/\\\/wein-werte.com\\\/de\\\/\",\"logo\":{\"@type\":\"ImageObject\",\"inLanguage\":\"de\",\"@id\":\"https:\\\/\\\/wein-werte.com\\\/de\\\/#\\\/schema\\\/logo\\\/image\\\/\",\"url\":\"https:\\\/\\\/wein-werte.com\\\/wp-content\\\/uploads\\\/2023\\\/07\\\/Wein_werte_Logo700-1.png\",\"contentUrl\":\"https:\\\/\\\/wein-werte.com\\\/wp-content\\\/uploads\\\/2023\\\/07\\\/Wein_werte_Logo700-1.png\",\"width\":700,\"height\":272,\"caption\":\"Vins Fins Thorrold\"},\"image\":{\"@id\":\"https:\\\/\\\/wein-werte.com\\\/de\\\/#\\\/schema\\\/logo\\\/image\\\/\"}}]}<\/script>\n<!-- \/ Yoast SEO plugin. -->","yoast_head_json":{"title":"Clos des Papes Ch\u00e2teauneuf-du-Pape rouge 2020, 1500ml","description":"Kaufe Clos des Papes Ch\u00e2teauneuf-du-Pape rouge 2020 (Mourv\u00e8dre Cuv\u00e9e, trocken aus Rhone (S\u00fcd), Frankreich) bei Wein Werte, Ihrem nachhaltigen Onlineshop.","robots":{"index":"index","follow":"follow","max-snippet":"max-snippet:-1","max-image-preview":"max-image-preview:large","max-video-preview":"max-video-preview:-1"},"canonical":"https:\/\/wein-werte.com\/de\/produkt\/clos-des-papes-chateauneuf-du-pape-rouge-2020-1500ml\/","og_locale":"de_DE","og_type":"article","og_title":"Clos des Papes Ch\u00e2teauneuf-du-Pape rouge 2020, 1500ml","og_description":"Kaufe Clos des Papes Ch\u00e2teauneuf-du-Pape rouge 2020 (Mourv\u00e8dre Cuv\u00e9e, trocken aus Rhone (S\u00fcd), Frankreich) bei Wein Werte, Ihrem nachhaltigen Onlineshop.","og_url":"https:\/\/wein-werte.com\/de\/produkt\/clos-des-papes-chateauneuf-du-pape-rouge-2020-1500ml\/","og_site_name":"Wein Werte","article_modified_time":"2026-05-12T17:54:28+00:00","og_image":[{"width":361,"height":1200,"url":"https:\/\/wein-werte.com\/wp-content\/uploads\/2026\/04\/Clos-des-Papes-Chateauneuf-du-Pape-rouge-2020-1500ml.png","type":"image\/png"}],"twitter_card":"summary_large_image","twitter_misc":{"Gesch\u00e4tzte Lesezeit":"1\u00a0Minute"},"schema":{"@context":"https:\/\/schema.org","@graph":[{"@type":"WebPage","@id":"https:\/\/wein-werte.com\/de\/produkt\/clos-des-papes-chateauneuf-du-pape-rouge-2020-1500ml\/","url":"https:\/\/wein-werte.com\/de\/produkt\/clos-des-papes-chateauneuf-du-pape-rouge-2020-1500ml\/","name":"Clos des Papes Ch\u00e2teauneuf-du-Pape rouge 2020, 1500ml","isPartOf":{"@id":"https:\/\/wein-werte.com\/de\/#website"},"primaryImageOfPage":{"@id":"https:\/\/wein-werte.com\/de\/produkt\/clos-des-papes-chateauneuf-du-pape-rouge-2020-1500ml\/#primaryimage"},"image":{"@id":"https:\/\/wein-werte.com\/de\/produkt\/clos-des-papes-chateauneuf-du-pape-rouge-2020-1500ml\/#primaryimage"},"thumbnailUrl":"https:\/\/wein-werte.com\/wp-content\/uploads\/2026\/04\/Clos-des-Papes-Chateauneuf-du-Pape-rouge-2020-1500ml.png","datePublished":"2026-05-12T13:41:27+00:00","dateModified":"2026-05-12T17:54:28+00:00","description":"Kaufe Clos des Papes Ch\u00e2teauneuf-du-Pape rouge 2020 (Mourv\u00e8dre Cuv\u00e9e, trocken aus Rhone (S\u00fcd), Frankreich) bei Wein Werte, Ihrem nachhaltigen Onlineshop.","breadcrumb":{"@id":"https:\/\/wein-werte.com\/de\/produkt\/clos-des-papes-chateauneuf-du-pape-rouge-2020-1500ml\/#breadcrumb"},"inLanguage":"de","potentialAction":[{"@type":"ReadAction","target":["https:\/\/wein-werte.com\/de\/produkt\/clos-des-papes-chateauneuf-du-pape-rouge-2020-1500ml\/"]}]},{"@type":"ImageObject","inLanguage":"de","@id":"https:\/\/wein-werte.com\/de\/produkt\/clos-des-papes-chateauneuf-du-pape-rouge-2020-1500ml\/#primaryimage","url":"https:\/\/wein-werte.com\/wp-content\/uploads\/2026\/04\/Clos-des-Papes-Chateauneuf-du-Pape-rouge-2020-1500ml.png","contentUrl":"https:\/\/wein-werte.com\/wp-content\/uploads\/2026\/04\/Clos-des-Papes-Chateauneuf-du-Pape-rouge-2020-1500ml.png","width":361,"height":1200,"caption":"Clos des Papes Ch\u00e2teauneuf-du-Pape Rouge AOC 2020 1500ml"},{"@type":"BreadcrumbList","@id":"https:\/\/wein-werte.com\/de\/produkt\/clos-des-papes-chateauneuf-du-pape-rouge-2020-1500ml\/#breadcrumb","itemListElement":[{"@type":"ListItem","position":1,"name":"Home","item":"https:\/\/wein-werte.com\/de\/"},{"@type":"ListItem","position":2,"name":"Shop","item":"https:\/\/wein-werte.com\/de\/shop\/"},{"@type":"ListItem","position":3,"name":"Clos des Papes | Rhone (S\u00fcd) | Ch\u00e2teauneuf-du-Pape Rouge AOC | 2020 | 1500ml"}]},{"@type":"WebSite","@id":"https:\/\/wein-werte.com\/de\/#website","url":"https:\/\/wein-werte.com\/de\/","name":"Wein Werte","description":"","publisher":{"@id":"https:\/\/wein-werte.com\/de\/#organization"},"potentialAction":[{"@type":"SearchAction","target":{"@type":"EntryPoint","urlTemplate":"https:\/\/wein-werte.com\/de\/?s={search_term_string}"},"query-input":{"@type":"PropertyValueSpecification","valueRequired":true,"valueName":"search_term_string"}}],"inLanguage":"de"},{"@type":"Organization","@id":"https:\/\/wein-werte.com\/de\/#organization","name":"Vins Fins Thorrold","url":"https:\/\/wein-werte.com\/de\/","logo":{"@type":"ImageObject","inLanguage":"de","@id":"https:\/\/wein-werte.com\/de\/#\/schema\/logo\/image\/","url":"https:\/\/wein-werte.com\/wp-content\/uploads\/2023\/07\/Wein_werte_Logo700-1.png","contentUrl":"https:\/\/wein-werte.com\/wp-content\/uploads\/2023\/07\/Wein_werte_Logo700-1.png","width":700,"height":272,"caption":"Vins Fins Thorrold"},"image":{"@id":"https:\/\/wein-werte.com\/de\/#\/schema\/logo\/image\/"}}]}},"_links":{"self":[{"href":"https:\/\/wein-werte.com\/de\/wp-json\/wp\/v2\/product\/1128304","targetHints":{"allow":["GET"]}}],"collection":[{"href":"https:\/\/wein-werte.com\/de\/wp-json\/wp\/v2\/product"}],"about":[{"href":"https:\/\/wein-werte.com\/de\/wp-json\/wp\/v2\/types\/product"}],"wp:featuredmedia":[{"embeddable":true,"href":"https:\/\/wein-werte.com\/de\/wp-json\/wp\/v2\/media\/1139980"}],"wp:attachment":[{"href":"https:\/\/wein-werte.com\/de\/wp-json\/wp\/v2\/media?parent=1128304"}],"wp:term":[{"taxonomy":"product_brand","embeddable":true,"href":"https:\/\/wein-werte.com\/de\/wp-json\/wp\/v2\/product_brand?post=1128304"},{"taxonomy":"product_cat","embeddable":true,"href":"https:\/\/wein-werte.com\/de\/wp-json\/wp\/v2\/product_cat?post=1128304"},{"taxonomy":"product_tag","embeddable":true,"href":"https:\/\/wein-werte.com\/de\/wp-json\/wp\/v2\/product_tag?post=1128304"}],"curies":[{"name":"wp","href":"https:\/\/api.w.org\/{rel}","templated":true}]}}