{"id":1128106,"date":"2026-05-08T19:58:28","date_gmt":"2026-05-08T17:58:28","guid":{"rendered":"https:\/\/wein-werte.com\/product\/matassa-cuvee-alexandria-blanc-2024-750ml\/"},"modified":"2026-04-27T11:41:57","modified_gmt":"2026-04-27T09:41:57","slug":"matassa-cuvee-alexandria-blanc-2024-750ml","status":"publish","type":"product","link":"https:\/\/wein-werte.com\/de\/produkt\/matassa-cuvee-alexandria-blanc-2024-750ml\/","title":{"rendered":"Matassa | Roussillon | Cuv\u00e9e Alexandria VdF blanc | 2024 | 750ml"},"content":{"rendered":"<p>Produktbeschreibung f\u00fcr Matassa Cuv\u00e9e Alexandria VdF blanc 2024 <\/p>\n<h5>Information zum Wein<\/h5>\n<p>Die biologisch und biodynamisch erzeugten Trauben der Sorte Muscat d\u2019Alexandrie von alten Reben liefern einen Ertrag von lediglich bis zu 18 Hektolitern pro Hektar. Nach der Handlese erfolgte eine Verg\u00e4rung von 35 Tagen auf den Schalen. Nach dem Pressen und der malolaktischen G\u00e4rung reifte der Wein elf Monate lang in neutralen 500-Liter-Eichenf\u00e4ssern, bevor er in Flaschen unfiltriert und ungeschwefelt abgef\u00fcllt wurde.<\/p>\n<h5>Farbe<\/h5>\n<p>Leicht kupferfarben mit etwas Tr\u00fcbung<\/p>\n<h5>Nase<\/h5>\n<p>Die <i>Cuv\u00e9e Alexandria<\/i>, benannt nach dem verwendeten Muscat d&#8217;Alexandrie duftet nach Holunder- und Akazienbl\u00fcten, nach Muskat und Rosen, aber auch nach reifen Most\u00e4pfeln, etwas klassischem Hopfen, Kr\u00e4utertee und einer leicht cremigen Note von Pfirsichkompott mit Sahne.<\/p>\n<h5>Gaumen<\/h5>\n<p>Am Gaumen pr\u00e4sentiert sich die <i>Cuv\u00e9e Alexandria<\/i> saftig mit einer feinen Frucht, die zwischen reifem Steinobst, etwas Kernobst und Orangen changiert. Die leicht verl\u00e4ngerte Maischestandzeit sorgt f\u00fcr einen dezenten Gerbstoff und Extrakt, der sich harmonisch einf\u00fcgt. Der Wein wirkt komplex und dabei schwebend, wirkt pr\u00e4zise und klar, delikat und auch durchaus elegant in der feinen Komposition der Tannine und der S\u00e4urestruktur.<\/p>\n<p>Copyright Vinaturel 2025<\/p>\n<p>Keywords: <a href=\"https:\/\/wein-werte.com\/de\/shop\/?swoof=1&#038;pa_producer=Matassa\">Matassa<\/a> <a href=\"https:\/\/wein-werte.com\/de\/shop\/?swoof=1&#038;woof_text=Cuv\u00e9e Alexandria VdF blanc\">Cuv\u00e9e Alexandria VdF blanc<\/a> 2024  <a href=\"https:\/\/wein-werte.com\/de\/shop\/?swoof=1&#038;pa_region=Roussillon\">Roussillon<\/a> <a href=\"https:\/\/wein-werte.com\/de\/shop\/?swoof=1&#038;pa_country=Frankreich\">Frankreich<\/a><\/p>\n<p>Internetseite des Weinguts: <a href=\"https:\/\/www.larvf.com\/.domaine-matassa.10709.409296.asp\" target=\"_blank\">https:\/\/www.larvf.com\/.domaine-matassa.10709.409296.asp<\/a><\/p>\n","protected":false},"excerpt":{"rendered":"<p>Lieferzeit: 1 bis 2 Arbeitstage (DE), 2 bis 5 Arbeitstage (EU and CH)<\/p>\n","protected":false},"featured_media":1139832,"template":"","meta":[],"product_brand":[],"product_cat":[19],"product_tag":[],"class_list":{"0":"post-1128106","1":"product","2":"type-product","3":"status-publish","4":"has-post-thumbnail","6":"product_cat-unkategorisiert","7":"pa_alcohol-for-filter-10-5","8":"pa_certified-biodynamic-nein-de","9":"pa_certified-organic-nein-de","10":"pa_colour-weiss","11":"pa_country-frankreich","12":"pa_grape-muskateller","13":"pa_price-for-filter-10601","14":"pa_producer-matassa","15":"pa_region-roussillon","16":"pa_size-ml-6584","17":"pa_sweetness-trocken-de","18":"pa_type-2-still-de","19":"pa_vintage-2024-de","20":"entry","21":"has-media","23":"first","24":"instock","25":"taxable","26":"shipping-taxable","27":"purchasable","28":"product-type-simple"},"yoast_head":"<!-- This site is optimized with the Yoast SEO plugin v27.5 - https:\/\/yoast.com\/product\/yoast-seo-wordpress\/ -->\n<title>Matassa Cuv\u00e9e Alexandria blanc 2024<\/title>\n<meta name=\"description\" content=\"Kaufe Matassa Cuv\u00e9e Alexandria blanc 2024 (Muskateller, trocken aus Roussillon, Frankreich) bei Wein Werte, Ihrem nachhaltigen Onlineshop.\" \/>\n<meta name=\"robots\" content=\"index, follow, max-snippet:-1, max-image-preview:large, max-video-preview:-1\" \/>\n<link rel=\"canonical\" href=\"https:\/\/wein-werte.com\/de\/produkt\/matassa-cuvee-alexandria-blanc-2024-750ml\/\" \/>\n<meta property=\"og:locale\" content=\"de_DE\" \/>\n<meta property=\"og:type\" content=\"article\" \/>\n<meta property=\"og:title\" content=\"Matassa Cuv\u00e9e Alexandria blanc 2024\" \/>\n<meta property=\"og:description\" content=\"Kaufe Matassa Cuv\u00e9e Alexandria blanc 2024 (Muskateller, trocken aus Roussillon, Frankreich) bei Wein Werte, Ihrem nachhaltigen Onlineshop.\" \/>\n<meta property=\"og:url\" content=\"https:\/\/wein-werte.com\/de\/produkt\/matassa-cuvee-alexandria-blanc-2024-750ml\/\" \/>\n<meta property=\"og:site_name\" content=\"Wein Werte\" \/>\n<meta property=\"og:image\" content=\"https:\/\/wein-werte.com\/wp-content\/uploads\/2026\/04\/Matassa-Cuvee-Alexandria-blanc-2024-750ml.png\" \/>\n\t<meta property=\"og:image:width\" content=\"323\" \/>\n\t<meta property=\"og:image:height\" content=\"1200\" \/>\n\t<meta property=\"og:image:type\" content=\"image\/png\" \/>\n<meta name=\"twitter:card\" content=\"summary_large_image\" \/>\n<meta name=\"twitter:label1\" content=\"Gesch\u00e4tzte Lesezeit\" \/>\n\t<meta name=\"twitter:data1\" content=\"1\u00a0Minute\" \/>\n<script type=\"application\/ld+json\" class=\"yoast-schema-graph\">{\"@context\":\"https:\\\/\\\/schema.org\",\"@graph\":[{\"@type\":\"WebPage\",\"@id\":\"https:\\\/\\\/wein-werte.com\\\/de\\\/produkt\\\/matassa-cuvee-alexandria-blanc-2024-750ml\\\/\",\"url\":\"https:\\\/\\\/wein-werte.com\\\/de\\\/produkt\\\/matassa-cuvee-alexandria-blanc-2024-750ml\\\/\",\"name\":\"Matassa Cuv\u00e9e Alexandria blanc 2024\",\"isPartOf\":{\"@id\":\"https:\\\/\\\/wein-werte.com\\\/de\\\/#website\"},\"primaryImageOfPage\":{\"@id\":\"https:\\\/\\\/wein-werte.com\\\/de\\\/produkt\\\/matassa-cuvee-alexandria-blanc-2024-750ml\\\/#primaryimage\"},\"image\":{\"@id\":\"https:\\\/\\\/wein-werte.com\\\/de\\\/produkt\\\/matassa-cuvee-alexandria-blanc-2024-750ml\\\/#primaryimage\"},\"thumbnailUrl\":\"https:\\\/\\\/wein-werte.com\\\/wp-content\\\/uploads\\\/2026\\\/04\\\/Matassa-Cuvee-Alexandria-blanc-2024-750ml.png\",\"datePublished\":\"2026-05-08T17:58:28+00:00\",\"description\":\"Kaufe Matassa Cuv\u00e9e Alexandria blanc 2024 (Muskateller, trocken aus Roussillon, Frankreich) bei Wein Werte, Ihrem nachhaltigen Onlineshop.\",\"breadcrumb\":{\"@id\":\"https:\\\/\\\/wein-werte.com\\\/de\\\/produkt\\\/matassa-cuvee-alexandria-blanc-2024-750ml\\\/#breadcrumb\"},\"inLanguage\":\"de\",\"potentialAction\":[{\"@type\":\"ReadAction\",\"target\":[\"https:\\\/\\\/wein-werte.com\\\/de\\\/produkt\\\/matassa-cuvee-alexandria-blanc-2024-750ml\\\/\"]}]},{\"@type\":\"ImageObject\",\"inLanguage\":\"de\",\"@id\":\"https:\\\/\\\/wein-werte.com\\\/de\\\/produkt\\\/matassa-cuvee-alexandria-blanc-2024-750ml\\\/#primaryimage\",\"url\":\"https:\\\/\\\/wein-werte.com\\\/wp-content\\\/uploads\\\/2026\\\/04\\\/Matassa-Cuvee-Alexandria-blanc-2024-750ml.png\",\"contentUrl\":\"https:\\\/\\\/wein-werte.com\\\/wp-content\\\/uploads\\\/2026\\\/04\\\/Matassa-Cuvee-Alexandria-blanc-2024-750ml.png\",\"width\":323,\"height\":1200,\"caption\":\"Matassa Cuv\u00e9e Alexandria VdF blanc 2024 750ml\"},{\"@type\":\"BreadcrumbList\",\"@id\":\"https:\\\/\\\/wein-werte.com\\\/de\\\/produkt\\\/matassa-cuvee-alexandria-blanc-2024-750ml\\\/#breadcrumb\",\"itemListElement\":[{\"@type\":\"ListItem\",\"position\":1,\"name\":\"Home\",\"item\":\"https:\\\/\\\/wein-werte.com\\\/de\\\/\"},{\"@type\":\"ListItem\",\"position\":2,\"name\":\"Shop\",\"item\":\"https:\\\/\\\/wein-werte.com\\\/de\\\/shop\\\/\"},{\"@type\":\"ListItem\",\"position\":3,\"name\":\"Matassa | Roussillon | Cuv\u00e9e Alexandria VdF blanc | 2024 | 750ml\"}]},{\"@type\":\"WebSite\",\"@id\":\"https:\\\/\\\/wein-werte.com\\\/de\\\/#website\",\"url\":\"https:\\\/\\\/wein-werte.com\\\/de\\\/\",\"name\":\"Wein Werte\",\"description\":\"\",\"publisher\":{\"@id\":\"https:\\\/\\\/wein-werte.com\\\/de\\\/#organization\"},\"potentialAction\":[{\"@type\":\"SearchAction\",\"target\":{\"@type\":\"EntryPoint\",\"urlTemplate\":\"https:\\\/\\\/wein-werte.com\\\/de\\\/?s={search_term_string}\"},\"query-input\":{\"@type\":\"PropertyValueSpecification\",\"valueRequired\":true,\"valueName\":\"search_term_string\"}}],\"inLanguage\":\"de\"},{\"@type\":\"Organization\",\"@id\":\"https:\\\/\\\/wein-werte.com\\\/de\\\/#organization\",\"name\":\"Vins Fins Thorrold\",\"url\":\"https:\\\/\\\/wein-werte.com\\\/de\\\/\",\"logo\":{\"@type\":\"ImageObject\",\"inLanguage\":\"de\",\"@id\":\"https:\\\/\\\/wein-werte.com\\\/de\\\/#\\\/schema\\\/logo\\\/image\\\/\",\"url\":\"https:\\\/\\\/wein-werte.com\\\/wp-content\\\/uploads\\\/2023\\\/07\\\/Wein_werte_Logo700-1.png\",\"contentUrl\":\"https:\\\/\\\/wein-werte.com\\\/wp-content\\\/uploads\\\/2023\\\/07\\\/Wein_werte_Logo700-1.png\",\"width\":700,\"height\":272,\"caption\":\"Vins Fins Thorrold\"},\"image\":{\"@id\":\"https:\\\/\\\/wein-werte.com\\\/de\\\/#\\\/schema\\\/logo\\\/image\\\/\"}}]}<\/script>\n<!-- \/ Yoast SEO plugin. -->","yoast_head_json":{"title":"Matassa Cuv\u00e9e Alexandria blanc 2024","description":"Kaufe Matassa Cuv\u00e9e Alexandria blanc 2024 (Muskateller, trocken aus Roussillon, Frankreich) bei Wein Werte, Ihrem nachhaltigen Onlineshop.","robots":{"index":"index","follow":"follow","max-snippet":"max-snippet:-1","max-image-preview":"max-image-preview:large","max-video-preview":"max-video-preview:-1"},"canonical":"https:\/\/wein-werte.com\/de\/produkt\/matassa-cuvee-alexandria-blanc-2024-750ml\/","og_locale":"de_DE","og_type":"article","og_title":"Matassa Cuv\u00e9e Alexandria blanc 2024","og_description":"Kaufe Matassa Cuv\u00e9e Alexandria blanc 2024 (Muskateller, trocken aus Roussillon, Frankreich) bei Wein Werte, Ihrem nachhaltigen Onlineshop.","og_url":"https:\/\/wein-werte.com\/de\/produkt\/matassa-cuvee-alexandria-blanc-2024-750ml\/","og_site_name":"Wein Werte","og_image":[{"width":323,"height":1200,"url":"https:\/\/wein-werte.com\/wp-content\/uploads\/2026\/04\/Matassa-Cuvee-Alexandria-blanc-2024-750ml.png","type":"image\/png"}],"twitter_card":"summary_large_image","twitter_misc":{"Gesch\u00e4tzte Lesezeit":"1\u00a0Minute"},"schema":{"@context":"https:\/\/schema.org","@graph":[{"@type":"WebPage","@id":"https:\/\/wein-werte.com\/de\/produkt\/matassa-cuvee-alexandria-blanc-2024-750ml\/","url":"https:\/\/wein-werte.com\/de\/produkt\/matassa-cuvee-alexandria-blanc-2024-750ml\/","name":"Matassa Cuv\u00e9e Alexandria blanc 2024","isPartOf":{"@id":"https:\/\/wein-werte.com\/de\/#website"},"primaryImageOfPage":{"@id":"https:\/\/wein-werte.com\/de\/produkt\/matassa-cuvee-alexandria-blanc-2024-750ml\/#primaryimage"},"image":{"@id":"https:\/\/wein-werte.com\/de\/produkt\/matassa-cuvee-alexandria-blanc-2024-750ml\/#primaryimage"},"thumbnailUrl":"https:\/\/wein-werte.com\/wp-content\/uploads\/2026\/04\/Matassa-Cuvee-Alexandria-blanc-2024-750ml.png","datePublished":"2026-05-08T17:58:28+00:00","description":"Kaufe Matassa Cuv\u00e9e Alexandria blanc 2024 (Muskateller, trocken aus Roussillon, Frankreich) bei Wein Werte, Ihrem nachhaltigen Onlineshop.","breadcrumb":{"@id":"https:\/\/wein-werte.com\/de\/produkt\/matassa-cuvee-alexandria-blanc-2024-750ml\/#breadcrumb"},"inLanguage":"de","potentialAction":[{"@type":"ReadAction","target":["https:\/\/wein-werte.com\/de\/produkt\/matassa-cuvee-alexandria-blanc-2024-750ml\/"]}]},{"@type":"ImageObject","inLanguage":"de","@id":"https:\/\/wein-werte.com\/de\/produkt\/matassa-cuvee-alexandria-blanc-2024-750ml\/#primaryimage","url":"https:\/\/wein-werte.com\/wp-content\/uploads\/2026\/04\/Matassa-Cuvee-Alexandria-blanc-2024-750ml.png","contentUrl":"https:\/\/wein-werte.com\/wp-content\/uploads\/2026\/04\/Matassa-Cuvee-Alexandria-blanc-2024-750ml.png","width":323,"height":1200,"caption":"Matassa Cuv\u00e9e Alexandria VdF blanc 2024 750ml"},{"@type":"BreadcrumbList","@id":"https:\/\/wein-werte.com\/de\/produkt\/matassa-cuvee-alexandria-blanc-2024-750ml\/#breadcrumb","itemListElement":[{"@type":"ListItem","position":1,"name":"Home","item":"https:\/\/wein-werte.com\/de\/"},{"@type":"ListItem","position":2,"name":"Shop","item":"https:\/\/wein-werte.com\/de\/shop\/"},{"@type":"ListItem","position":3,"name":"Matassa | Roussillon | Cuv\u00e9e Alexandria VdF blanc | 2024 | 750ml"}]},{"@type":"WebSite","@id":"https:\/\/wein-werte.com\/de\/#website","url":"https:\/\/wein-werte.com\/de\/","name":"Wein Werte","description":"","publisher":{"@id":"https:\/\/wein-werte.com\/de\/#organization"},"potentialAction":[{"@type":"SearchAction","target":{"@type":"EntryPoint","urlTemplate":"https:\/\/wein-werte.com\/de\/?s={search_term_string}"},"query-input":{"@type":"PropertyValueSpecification","valueRequired":true,"valueName":"search_term_string"}}],"inLanguage":"de"},{"@type":"Organization","@id":"https:\/\/wein-werte.com\/de\/#organization","name":"Vins Fins Thorrold","url":"https:\/\/wein-werte.com\/de\/","logo":{"@type":"ImageObject","inLanguage":"de","@id":"https:\/\/wein-werte.com\/de\/#\/schema\/logo\/image\/","url":"https:\/\/wein-werte.com\/wp-content\/uploads\/2023\/07\/Wein_werte_Logo700-1.png","contentUrl":"https:\/\/wein-werte.com\/wp-content\/uploads\/2023\/07\/Wein_werte_Logo700-1.png","width":700,"height":272,"caption":"Vins Fins Thorrold"},"image":{"@id":"https:\/\/wein-werte.com\/de\/#\/schema\/logo\/image\/"}}]}},"_links":{"self":[{"href":"https:\/\/wein-werte.com\/de\/wp-json\/wp\/v2\/product\/1128106","targetHints":{"allow":["GET"]}}],"collection":[{"href":"https:\/\/wein-werte.com\/de\/wp-json\/wp\/v2\/product"}],"about":[{"href":"https:\/\/wein-werte.com\/de\/wp-json\/wp\/v2\/types\/product"}],"wp:featuredmedia":[{"embeddable":true,"href":"https:\/\/wein-werte.com\/de\/wp-json\/wp\/v2\/media\/1139832"}],"wp:attachment":[{"href":"https:\/\/wein-werte.com\/de\/wp-json\/wp\/v2\/media?parent=1128106"}],"wp:term":[{"taxonomy":"product_brand","embeddable":true,"href":"https:\/\/wein-werte.com\/de\/wp-json\/wp\/v2\/product_brand?post=1128106"},{"taxonomy":"product_cat","embeddable":true,"href":"https:\/\/wein-werte.com\/de\/wp-json\/wp\/v2\/product_cat?post=1128106"},{"taxonomy":"product_tag","embeddable":true,"href":"https:\/\/wein-werte.com\/de\/wp-json\/wp\/v2\/product_tag?post=1128106"}],"curies":[{"name":"wp","href":"https:\/\/api.w.org\/{rel}","templated":true}]}}