{"id":1127953,"date":"2026-05-05T18:12:27","date_gmt":"2026-05-05T16:12:27","guid":{"rendered":"https:\/\/wein-werte.com\/product\/bruno-clair-bonnes-mares-grand-cru-2022-750ml\/"},"modified":"2026-04-27T11:41:39","modified_gmt":"2026-04-27T09:41:39","slug":"bruno-clair-bonnes-mares-grand-cru-2022-750ml","status":"publish","type":"product","link":"https:\/\/wein-werte.com\/de\/produkt\/bruno-clair-bonnes-mares-grand-cru-2022-750ml\/","title":{"rendered":"Bruno Clair | Burgund | Bonnes-Mares Grand Cru AOC | 2022 | 750ml"},"content":{"rendered":"<p>Produktbeschreibung f\u00fcr Bruno Clair Bonnes-Mares Grand Cru AOC 2022 <\/p>\n<p>Bruno Clair Bonnes-Mares Grand Cru 2022 ist ein trockener Rotwein hergestellt aus Pinot Noir Trauben in der Region Burgund in Frankreich.<\/p>\n<p>Keywords: <a href=\"https:\/\/wein-werte.com\/de\/shop\/?swoof=1&#038;pa_producer=Bruno-Clair\">Bruno Clair<\/a> <a href=\"https:\/\/wein-werte.com\/de\/shop\/?swoof=1&#038;woof_text=Bonnes-Mares Grand Cru AOC\">Bonnes-Mares Grand Cru AOC<\/a> 2022  <a href=\"https:\/\/wein-werte.com\/de\/shop\/?swoof=1&#038;pa_region=Burgund\">Burgund<\/a> <a href=\"https:\/\/wein-werte.com\/de\/shop\/?swoof=1&#038;pa_country=Frankreich\">Frankreich<\/a><\/p>\n<h3>Wine Advocate<\/h3>\n<p>Punkte: (93-95)<\/p>\n<p>Der Bonnes-Mares Grand Cru 2022 ist wundersch\u00f6n und duftet nach s\u00fc\u00dfen roten Beeren, Rosenbl\u00e4ttern, indischen Gew\u00fcrzen, Pflaumen und Weinrauch. Mittel- bis vollmundig, samtig und harmonisch, ist er hell und rein, mit schmelzenden Tanninen und einem langen, k\u00f6stlichen Abgang. Die Clairs experimentieren in diesem Klima mit der Veredelung ihrer Rebst\u00f6cke, beginnend mit 150, auf Rebsorten h\u00f6chster Qualit\u00e4t.<br \/>William Kelley<\/p>\n<h3>Vinous<\/h3>\n<p>Punkte: (96-98)<\/p>\n<p>Der Bonnes-Mares Grand Cru 2022 besticht durch ein herrliches, charmantes Bouquet mit einer Mischung aus Brombeeren und Heidelbeeren, gepressten Veilchen und Irisbl\u00fcten sowie einer wunderbaren Mineralit\u00e4t. Am Gaumen mittelkr\u00e4ftig, mit k\u00f6rnigen Tanninen. Im Mund ist er sehr salzig, mit einem Hauch von Lakritz im Hintergrund. Dieser sehr elegante und stilvolle Bonnes-Mares hat eine lange Zukunft vor sich. Erhaben. \u2013 Neal Martin<br \/>Trinkfenster: 2027\u20132055<br \/>Testdatum: Januar 2024<\/p>\n<p>Internetseite des Weinguts: <a href=\"https:\/\/www.brunoclair.com\/en\/\" target=\"_blank\">https:\/\/www.brunoclair.com\/en\/<\/a><\/p>\n","protected":false},"excerpt":{"rendered":"<p>Lieferzeit: 1 bis 2 Arbeitstage (DE), 2 bis 5 Arbeitstage (EU and CH)<\/p>\n","protected":false},"featured_media":1139728,"template":"","meta":[],"product_brand":[],"product_cat":[19],"product_tag":[],"class_list":{"0":"post-1127953","1":"product","2":"type-product","3":"status-publish","4":"has-post-thumbnail","6":"product_cat-unkategorisiert","7":"pa_alcohol-for-filter-12897","8":"pa_certified-biodynamic-nein-de","9":"pa_certified-organic-nein-de","10":"pa_colour-rot","11":"pa_country-frankreich","12":"pa_grape-pinot-noir-spatburgunder","13":"pa_parker-points-for-filter-93-de-2","14":"pa_price-for-filter-10596","15":"pa_producer-bruno-clair","16":"pa_region-burgund","17":"pa_size-ml-6584","18":"pa_sweetness-trocken-de","19":"pa_type-2-still-de","20":"pa_vinous-points-for-filter-20037","21":"pa_vintage-2022-de","22":"entry","23":"has-media","25":"first","26":"instock","27":"taxable","28":"shipping-taxable","29":"purchasable","30":"product-type-simple"},"yoast_head":"<!-- This site is optimized with the Yoast SEO plugin v27.5 - https:\/\/yoast.com\/product\/yoast-seo-wordpress\/ -->\n<title>Bruno Clair Bonnes-Mares Grand Cru 2022<\/title>\n<meta name=\"description\" content=\"Kaufe Bruno Clair Bonnes-Mares Grand Cru 2022 (Pinot Noir, trocken aus Burgund, Frankreich) bei Wein Werte, Ihrem nachhaltigen Onlineshop.\" \/>\n<meta name=\"robots\" content=\"index, follow, max-snippet:-1, max-image-preview:large, max-video-preview:-1\" \/>\n<link rel=\"canonical\" href=\"https:\/\/wein-werte.com\/de\/produkt\/bruno-clair-bonnes-mares-grand-cru-2022-750ml\/\" \/>\n<meta property=\"og:locale\" content=\"de_DE\" \/>\n<meta property=\"og:type\" content=\"article\" \/>\n<meta property=\"og:title\" content=\"Bruno Clair Bonnes-Mares Grand Cru 2022\" \/>\n<meta property=\"og:description\" content=\"Kaufe Bruno Clair Bonnes-Mares Grand Cru 2022 (Pinot Noir, trocken aus Burgund, Frankreich) bei Wein Werte, Ihrem nachhaltigen Onlineshop.\" \/>\n<meta property=\"og:url\" content=\"https:\/\/wein-werte.com\/de\/produkt\/bruno-clair-bonnes-mares-grand-cru-2022-750ml\/\" \/>\n<meta property=\"og:site_name\" content=\"Wein Werte\" \/>\n<meta property=\"og:image\" content=\"https:\/\/wein-werte.com\/wp-content\/uploads\/2026\/04\/Bruno-Clair-Bonnes-Mares-Grand-Cru-2022-750ml.png\" \/>\n\t<meta property=\"og:image:width\" content=\"346\" \/>\n\t<meta property=\"og:image:height\" content=\"1200\" \/>\n\t<meta property=\"og:image:type\" content=\"image\/png\" \/>\n<meta name=\"twitter:card\" content=\"summary_large_image\" \/>\n<meta name=\"twitter:label1\" content=\"Gesch\u00e4tzte Lesezeit\" \/>\n\t<meta name=\"twitter:data1\" content=\"1\u00a0Minute\" \/>\n<script type=\"application\/ld+json\" class=\"yoast-schema-graph\">{\"@context\":\"https:\\\/\\\/schema.org\",\"@graph\":[{\"@type\":\"WebPage\",\"@id\":\"https:\\\/\\\/wein-werte.com\\\/de\\\/produkt\\\/bruno-clair-bonnes-mares-grand-cru-2022-750ml\\\/\",\"url\":\"https:\\\/\\\/wein-werte.com\\\/de\\\/produkt\\\/bruno-clair-bonnes-mares-grand-cru-2022-750ml\\\/\",\"name\":\"Bruno Clair Bonnes-Mares Grand Cru 2022\",\"isPartOf\":{\"@id\":\"https:\\\/\\\/wein-werte.com\\\/de\\\/#website\"},\"primaryImageOfPage\":{\"@id\":\"https:\\\/\\\/wein-werte.com\\\/de\\\/produkt\\\/bruno-clair-bonnes-mares-grand-cru-2022-750ml\\\/#primaryimage\"},\"image\":{\"@id\":\"https:\\\/\\\/wein-werte.com\\\/de\\\/produkt\\\/bruno-clair-bonnes-mares-grand-cru-2022-750ml\\\/#primaryimage\"},\"thumbnailUrl\":\"https:\\\/\\\/wein-werte.com\\\/wp-content\\\/uploads\\\/2026\\\/04\\\/Bruno-Clair-Bonnes-Mares-Grand-Cru-2022-750ml.png\",\"datePublished\":\"2026-05-05T16:12:27+00:00\",\"description\":\"Kaufe Bruno Clair Bonnes-Mares Grand Cru 2022 (Pinot Noir, trocken aus Burgund, Frankreich) bei Wein Werte, Ihrem nachhaltigen Onlineshop.\",\"breadcrumb\":{\"@id\":\"https:\\\/\\\/wein-werte.com\\\/de\\\/produkt\\\/bruno-clair-bonnes-mares-grand-cru-2022-750ml\\\/#breadcrumb\"},\"inLanguage\":\"de\",\"potentialAction\":[{\"@type\":\"ReadAction\",\"target\":[\"https:\\\/\\\/wein-werte.com\\\/de\\\/produkt\\\/bruno-clair-bonnes-mares-grand-cru-2022-750ml\\\/\"]}]},{\"@type\":\"ImageObject\",\"inLanguage\":\"de\",\"@id\":\"https:\\\/\\\/wein-werte.com\\\/de\\\/produkt\\\/bruno-clair-bonnes-mares-grand-cru-2022-750ml\\\/#primaryimage\",\"url\":\"https:\\\/\\\/wein-werte.com\\\/wp-content\\\/uploads\\\/2026\\\/04\\\/Bruno-Clair-Bonnes-Mares-Grand-Cru-2022-750ml.png\",\"contentUrl\":\"https:\\\/\\\/wein-werte.com\\\/wp-content\\\/uploads\\\/2026\\\/04\\\/Bruno-Clair-Bonnes-Mares-Grand-Cru-2022-750ml.png\",\"width\":346,\"height\":1200,\"caption\":\"Bruno Clair Bonnes-Mares Grand Cru AOC 2022 750ml\"},{\"@type\":\"BreadcrumbList\",\"@id\":\"https:\\\/\\\/wein-werte.com\\\/de\\\/produkt\\\/bruno-clair-bonnes-mares-grand-cru-2022-750ml\\\/#breadcrumb\",\"itemListElement\":[{\"@type\":\"ListItem\",\"position\":1,\"name\":\"Home\",\"item\":\"https:\\\/\\\/wein-werte.com\\\/de\\\/\"},{\"@type\":\"ListItem\",\"position\":2,\"name\":\"Shop\",\"item\":\"https:\\\/\\\/wein-werte.com\\\/de\\\/shop\\\/\"},{\"@type\":\"ListItem\",\"position\":3,\"name\":\"Bruno Clair | Burgund | Bonnes-Mares Grand Cru AOC | 2022 | 750ml\"}]},{\"@type\":\"WebSite\",\"@id\":\"https:\\\/\\\/wein-werte.com\\\/de\\\/#website\",\"url\":\"https:\\\/\\\/wein-werte.com\\\/de\\\/\",\"name\":\"Wein Werte\",\"description\":\"\",\"publisher\":{\"@id\":\"https:\\\/\\\/wein-werte.com\\\/de\\\/#organization\"},\"potentialAction\":[{\"@type\":\"SearchAction\",\"target\":{\"@type\":\"EntryPoint\",\"urlTemplate\":\"https:\\\/\\\/wein-werte.com\\\/de\\\/?s={search_term_string}\"},\"query-input\":{\"@type\":\"PropertyValueSpecification\",\"valueRequired\":true,\"valueName\":\"search_term_string\"}}],\"inLanguage\":\"de\"},{\"@type\":\"Organization\",\"@id\":\"https:\\\/\\\/wein-werte.com\\\/de\\\/#organization\",\"name\":\"Vins Fins Thorrold\",\"url\":\"https:\\\/\\\/wein-werte.com\\\/de\\\/\",\"logo\":{\"@type\":\"ImageObject\",\"inLanguage\":\"de\",\"@id\":\"https:\\\/\\\/wein-werte.com\\\/de\\\/#\\\/schema\\\/logo\\\/image\\\/\",\"url\":\"https:\\\/\\\/wein-werte.com\\\/wp-content\\\/uploads\\\/2023\\\/07\\\/Wein_werte_Logo700-1.png\",\"contentUrl\":\"https:\\\/\\\/wein-werte.com\\\/wp-content\\\/uploads\\\/2023\\\/07\\\/Wein_werte_Logo700-1.png\",\"width\":700,\"height\":272,\"caption\":\"Vins Fins Thorrold\"},\"image\":{\"@id\":\"https:\\\/\\\/wein-werte.com\\\/de\\\/#\\\/schema\\\/logo\\\/image\\\/\"}}]}<\/script>\n<!-- \/ Yoast SEO plugin. -->","yoast_head_json":{"title":"Bruno Clair Bonnes-Mares Grand Cru 2022","description":"Kaufe Bruno Clair Bonnes-Mares Grand Cru 2022 (Pinot Noir, trocken aus Burgund, Frankreich) bei Wein Werte, Ihrem nachhaltigen Onlineshop.","robots":{"index":"index","follow":"follow","max-snippet":"max-snippet:-1","max-image-preview":"max-image-preview:large","max-video-preview":"max-video-preview:-1"},"canonical":"https:\/\/wein-werte.com\/de\/produkt\/bruno-clair-bonnes-mares-grand-cru-2022-750ml\/","og_locale":"de_DE","og_type":"article","og_title":"Bruno Clair Bonnes-Mares Grand Cru 2022","og_description":"Kaufe Bruno Clair Bonnes-Mares Grand Cru 2022 (Pinot Noir, trocken aus Burgund, Frankreich) bei Wein Werte, Ihrem nachhaltigen Onlineshop.","og_url":"https:\/\/wein-werte.com\/de\/produkt\/bruno-clair-bonnes-mares-grand-cru-2022-750ml\/","og_site_name":"Wein Werte","og_image":[{"width":346,"height":1200,"url":"https:\/\/wein-werte.com\/wp-content\/uploads\/2026\/04\/Bruno-Clair-Bonnes-Mares-Grand-Cru-2022-750ml.png","type":"image\/png"}],"twitter_card":"summary_large_image","twitter_misc":{"Gesch\u00e4tzte Lesezeit":"1\u00a0Minute"},"schema":{"@context":"https:\/\/schema.org","@graph":[{"@type":"WebPage","@id":"https:\/\/wein-werte.com\/de\/produkt\/bruno-clair-bonnes-mares-grand-cru-2022-750ml\/","url":"https:\/\/wein-werte.com\/de\/produkt\/bruno-clair-bonnes-mares-grand-cru-2022-750ml\/","name":"Bruno Clair Bonnes-Mares Grand Cru 2022","isPartOf":{"@id":"https:\/\/wein-werte.com\/de\/#website"},"primaryImageOfPage":{"@id":"https:\/\/wein-werte.com\/de\/produkt\/bruno-clair-bonnes-mares-grand-cru-2022-750ml\/#primaryimage"},"image":{"@id":"https:\/\/wein-werte.com\/de\/produkt\/bruno-clair-bonnes-mares-grand-cru-2022-750ml\/#primaryimage"},"thumbnailUrl":"https:\/\/wein-werte.com\/wp-content\/uploads\/2026\/04\/Bruno-Clair-Bonnes-Mares-Grand-Cru-2022-750ml.png","datePublished":"2026-05-05T16:12:27+00:00","description":"Kaufe Bruno Clair Bonnes-Mares Grand Cru 2022 (Pinot Noir, trocken aus Burgund, Frankreich) bei Wein Werte, Ihrem nachhaltigen Onlineshop.","breadcrumb":{"@id":"https:\/\/wein-werte.com\/de\/produkt\/bruno-clair-bonnes-mares-grand-cru-2022-750ml\/#breadcrumb"},"inLanguage":"de","potentialAction":[{"@type":"ReadAction","target":["https:\/\/wein-werte.com\/de\/produkt\/bruno-clair-bonnes-mares-grand-cru-2022-750ml\/"]}]},{"@type":"ImageObject","inLanguage":"de","@id":"https:\/\/wein-werte.com\/de\/produkt\/bruno-clair-bonnes-mares-grand-cru-2022-750ml\/#primaryimage","url":"https:\/\/wein-werte.com\/wp-content\/uploads\/2026\/04\/Bruno-Clair-Bonnes-Mares-Grand-Cru-2022-750ml.png","contentUrl":"https:\/\/wein-werte.com\/wp-content\/uploads\/2026\/04\/Bruno-Clair-Bonnes-Mares-Grand-Cru-2022-750ml.png","width":346,"height":1200,"caption":"Bruno Clair Bonnes-Mares Grand Cru AOC 2022 750ml"},{"@type":"BreadcrumbList","@id":"https:\/\/wein-werte.com\/de\/produkt\/bruno-clair-bonnes-mares-grand-cru-2022-750ml\/#breadcrumb","itemListElement":[{"@type":"ListItem","position":1,"name":"Home","item":"https:\/\/wein-werte.com\/de\/"},{"@type":"ListItem","position":2,"name":"Shop","item":"https:\/\/wein-werte.com\/de\/shop\/"},{"@type":"ListItem","position":3,"name":"Bruno Clair | Burgund | Bonnes-Mares Grand Cru AOC | 2022 | 750ml"}]},{"@type":"WebSite","@id":"https:\/\/wein-werte.com\/de\/#website","url":"https:\/\/wein-werte.com\/de\/","name":"Wein Werte","description":"","publisher":{"@id":"https:\/\/wein-werte.com\/de\/#organization"},"potentialAction":[{"@type":"SearchAction","target":{"@type":"EntryPoint","urlTemplate":"https:\/\/wein-werte.com\/de\/?s={search_term_string}"},"query-input":{"@type":"PropertyValueSpecification","valueRequired":true,"valueName":"search_term_string"}}],"inLanguage":"de"},{"@type":"Organization","@id":"https:\/\/wein-werte.com\/de\/#organization","name":"Vins Fins Thorrold","url":"https:\/\/wein-werte.com\/de\/","logo":{"@type":"ImageObject","inLanguage":"de","@id":"https:\/\/wein-werte.com\/de\/#\/schema\/logo\/image\/","url":"https:\/\/wein-werte.com\/wp-content\/uploads\/2023\/07\/Wein_werte_Logo700-1.png","contentUrl":"https:\/\/wein-werte.com\/wp-content\/uploads\/2023\/07\/Wein_werte_Logo700-1.png","width":700,"height":272,"caption":"Vins Fins Thorrold"},"image":{"@id":"https:\/\/wein-werte.com\/de\/#\/schema\/logo\/image\/"}}]}},"_links":{"self":[{"href":"https:\/\/wein-werte.com\/de\/wp-json\/wp\/v2\/product\/1127953","targetHints":{"allow":["GET"]}}],"collection":[{"href":"https:\/\/wein-werte.com\/de\/wp-json\/wp\/v2\/product"}],"about":[{"href":"https:\/\/wein-werte.com\/de\/wp-json\/wp\/v2\/types\/product"}],"wp:featuredmedia":[{"embeddable":true,"href":"https:\/\/wein-werte.com\/de\/wp-json\/wp\/v2\/media\/1139728"}],"wp:attachment":[{"href":"https:\/\/wein-werte.com\/de\/wp-json\/wp\/v2\/media?parent=1127953"}],"wp:term":[{"taxonomy":"product_brand","embeddable":true,"href":"https:\/\/wein-werte.com\/de\/wp-json\/wp\/v2\/product_brand?post=1127953"},{"taxonomy":"product_cat","embeddable":true,"href":"https:\/\/wein-werte.com\/de\/wp-json\/wp\/v2\/product_cat?post=1127953"},{"taxonomy":"product_tag","embeddable":true,"href":"https:\/\/wein-werte.com\/de\/wp-json\/wp\/v2\/product_tag?post=1127953"}],"curies":[{"name":"wp","href":"https:\/\/api.w.org\/{rel}","templated":true}]}}