{"id":1127948,"date":"2026-05-12T15:40:38","date_gmt":"2026-05-12T13:40:38","guid":{"rendered":"https:\/\/wein-werte.com\/product\/bruno-clair-chambertin-clos-de-beze-grand-cru-2022-750ml\/"},"modified":"2026-05-12T19:54:04","modified_gmt":"2026-05-12T17:54:04","slug":"bruno-clair-chambertin-clos-de-beze-grand-cru-2022-750ml","status":"publish","type":"product","link":"https:\/\/wein-werte.com\/de\/produkt\/bruno-clair-chambertin-clos-de-beze-grand-cru-2022-750ml\/","title":{"rendered":"Bruno Clair | Burgund | Chambertin-Clos de B\u00e8ze Grand Cru AOC | 2022 | 750ml"},"content":{"rendered":"<p>Produktbeschreibung f\u00fcr Bruno Clair Chambertin-Clos de B\u00e8ze Grand Cru AOC 2022 <\/p>\n<p>Bruno Clair Chambertin-Clos de B\u00e8ze Grand Cru 2022 ist ein trockener Rotwein hergestellt aus Pinot Noir Trauben in der Region Burgund in Frankreich.<\/p>\n<p>Keywords: <a href=\"https:\/\/wein-werte.com\/de\/shop\/?swoof=1&#038;pa_producer=Bruno-Clair\">Bruno Clair<\/a> <a href=\"https:\/\/wein-werte.com\/de\/shop\/?swoof=1&#038;woof_text=Chambertin-Clos de B\u00e8ze Grand Cru AOC\">Chambertin-Clos de B\u00e8ze Grand Cru AOC<\/a> 2022  <a href=\"https:\/\/wein-werte.com\/de\/shop\/?swoof=1&#038;pa_region=Burgund\">Burgund<\/a> <a href=\"https:\/\/wein-werte.com\/de\/shop\/?swoof=1&#038;pa_country=Frankreich\">Frankreich<\/a><\/p>\n<h3>Wine Advocate<\/h3>\n<p>Punkte: (94-96)<\/p>\n<p>Aromen von Kirschen, roten Beeren und Pflaumen vermischen sich mit Rosenbl\u00e4ttern, Gew\u00fcrzen und Bergamotte und er\u00f6ffnen den Chambertin Clos de B\u00e8ze Grand Cru 2022, einen mittel- bis vollmundigen, tiefen und fleischigen Wein, der geschmeidig, lieblich und einh\u00fcllend ist, mit einem \u00fcppigen Kern aus Fr\u00fcchten, lebendigen S\u00e4uren und s\u00fc\u00dfen, schmelzenden Tanninen.<br \/>William Kelley<\/p>\n<h3>Vinous<\/h3>\n<p>Punkte: (96-98)<\/p>\n<p>Der Chambertin Clos-de-B\u00e8ze Grand Cru 2022 hat ein etwas tieferes und kr\u00e4ftigeres Bouquet als der Clos Saint-Jacques. Exquisite Definition und Konzentration \u2013 hier finden sich mehr Austernschalenaromen. Am Gaumen mittelkr\u00e4ftig, mit fein ziselierten Tanninen, leicht kreidig in der Textur, die sich wunderbar zu einem salzigen, anhaltenden Abgang entwickeln, der echte Eleganz ausstrahlt. Ein edler Wein im Werden. \u2013 Neal Martin<br \/>Trinkzeitraum: 2030\u20132060<br \/>Bewertungsdatum: Januar 2024<\/p>\n<p>Internetseite des Weinguts: <a href=\"https:\/\/www.brunoclair.com\/en\/\" target=\"_blank\">https:\/\/www.brunoclair.com\/en\/<\/a><\/p>\n","protected":false},"excerpt":{"rendered":"<div style=\"font-size: 14px;\">\n<p>Lieferzeit: 1 bis 2 Arbeitstage (DE), 2 bis 5 Arbeitstage (EU und CH)<\/p>\n<p>Ungef\u00e4hrer Energiegehalt pro 125-ml-Glas: 105 kcal<\/p>\n<\/p><\/div>\n","protected":false},"featured_media":1139724,"template":"","meta":[],"product_brand":[],"product_cat":[19],"product_tag":[],"class_list":{"0":"post-1127948","1":"product","2":"type-product","3":"status-publish","4":"has-post-thumbnail","6":"product_cat-unkategorisiert","7":"pa_alcohol-for-filter-12897","8":"pa_certified-biodynamic-nein-de","9":"pa_certified-organic-nein-de","10":"pa_colour-rot","11":"pa_country-frankreich","12":"pa_grape-pinot-noir-spatburgunder","13":"pa_parker-points-for-filter-94-de-2","14":"pa_price-for-filter-10596","15":"pa_producer-bruno-clair","16":"pa_region-burgund","17":"pa_size-ml-6584","18":"pa_sweetness-trocken-de","19":"pa_type-2-still-de","20":"pa_vinous-points-for-filter-20037","21":"pa_vintage-2022-de","22":"entry","23":"has-media","25":"first","26":"instock","27":"taxable","28":"shipping-taxable","29":"purchasable","30":"product-type-simple"},"yoast_head":"<!-- This site is optimized with the Yoast SEO plugin v27.6 - https:\/\/yoast.com\/product\/yoast-seo-wordpress\/ -->\n<title>Bruno Clair Chambertin-Clos de B\u00e8ze Grand Cru 2022<\/title>\n<meta name=\"description\" content=\"Kaufe Bruno Clair Chambertin-Clos de B\u00e8ze Grand Cru 2022 (Pinot Noir, trocken aus Burgund, Frankreich) bei Wein Werte, Ihrem nachhaltigen Onlineshop.\" \/>\n<meta name=\"robots\" content=\"index, follow, max-snippet:-1, max-image-preview:large, max-video-preview:-1\" \/>\n<link rel=\"canonical\" href=\"https:\/\/wein-werte.com\/de\/produkt\/bruno-clair-chambertin-clos-de-beze-grand-cru-2022-750ml\/\" \/>\n<meta property=\"og:locale\" content=\"de_DE\" \/>\n<meta property=\"og:type\" content=\"article\" \/>\n<meta property=\"og:title\" content=\"Bruno Clair Chambertin-Clos de B\u00e8ze Grand Cru 2022\" \/>\n<meta property=\"og:description\" content=\"Kaufe Bruno Clair Chambertin-Clos de B\u00e8ze Grand Cru 2022 (Pinot Noir, trocken aus Burgund, Frankreich) bei Wein Werte, Ihrem nachhaltigen Onlineshop.\" \/>\n<meta property=\"og:url\" content=\"https:\/\/wein-werte.com\/de\/produkt\/bruno-clair-chambertin-clos-de-beze-grand-cru-2022-750ml\/\" \/>\n<meta property=\"og:site_name\" content=\"Wein Werte\" \/>\n<meta property=\"article:modified_time\" content=\"2026-05-12T17:54:04+00:00\" \/>\n<meta property=\"og:image\" content=\"https:\/\/wein-werte.com\/wp-content\/uploads\/2026\/04\/Bruno-Clair-Chambertin-Clos-de-Beze-Grand-Cru-2022-750ml.png\" \/>\n\t<meta property=\"og:image:width\" content=\"345\" \/>\n\t<meta property=\"og:image:height\" content=\"1200\" \/>\n\t<meta property=\"og:image:type\" content=\"image\/png\" \/>\n<meta name=\"twitter:card\" content=\"summary_large_image\" \/>\n<meta name=\"twitter:label1\" content=\"Gesch\u00e4tzte Lesezeit\" \/>\n\t<meta name=\"twitter:data1\" content=\"1\u00a0Minute\" \/>\n<script type=\"application\/ld+json\" class=\"yoast-schema-graph\">{\"@context\":\"https:\\\/\\\/schema.org\",\"@graph\":[{\"@type\":\"WebPage\",\"@id\":\"https:\\\/\\\/wein-werte.com\\\/de\\\/produkt\\\/bruno-clair-chambertin-clos-de-beze-grand-cru-2022-750ml\\\/\",\"url\":\"https:\\\/\\\/wein-werte.com\\\/de\\\/produkt\\\/bruno-clair-chambertin-clos-de-beze-grand-cru-2022-750ml\\\/\",\"name\":\"Bruno Clair Chambertin-Clos de B\u00e8ze Grand Cru 2022\",\"isPartOf\":{\"@id\":\"https:\\\/\\\/wein-werte.com\\\/de\\\/#website\"},\"primaryImageOfPage\":{\"@id\":\"https:\\\/\\\/wein-werte.com\\\/de\\\/produkt\\\/bruno-clair-chambertin-clos-de-beze-grand-cru-2022-750ml\\\/#primaryimage\"},\"image\":{\"@id\":\"https:\\\/\\\/wein-werte.com\\\/de\\\/produkt\\\/bruno-clair-chambertin-clos-de-beze-grand-cru-2022-750ml\\\/#primaryimage\"},\"thumbnailUrl\":\"https:\\\/\\\/wein-werte.com\\\/wp-content\\\/uploads\\\/2026\\\/04\\\/Bruno-Clair-Chambertin-Clos-de-Beze-Grand-Cru-2022-750ml.png\",\"datePublished\":\"2026-05-12T13:40:38+00:00\",\"dateModified\":\"2026-05-12T17:54:04+00:00\",\"description\":\"Kaufe Bruno Clair Chambertin-Clos de B\u00e8ze Grand Cru 2022 (Pinot Noir, trocken aus Burgund, Frankreich) bei Wein Werte, Ihrem nachhaltigen Onlineshop.\",\"breadcrumb\":{\"@id\":\"https:\\\/\\\/wein-werte.com\\\/de\\\/produkt\\\/bruno-clair-chambertin-clos-de-beze-grand-cru-2022-750ml\\\/#breadcrumb\"},\"inLanguage\":\"de\",\"potentialAction\":[{\"@type\":\"ReadAction\",\"target\":[\"https:\\\/\\\/wein-werte.com\\\/de\\\/produkt\\\/bruno-clair-chambertin-clos-de-beze-grand-cru-2022-750ml\\\/\"]}]},{\"@type\":\"ImageObject\",\"inLanguage\":\"de\",\"@id\":\"https:\\\/\\\/wein-werte.com\\\/de\\\/produkt\\\/bruno-clair-chambertin-clos-de-beze-grand-cru-2022-750ml\\\/#primaryimage\",\"url\":\"https:\\\/\\\/wein-werte.com\\\/wp-content\\\/uploads\\\/2026\\\/04\\\/Bruno-Clair-Chambertin-Clos-de-Beze-Grand-Cru-2022-750ml.png\",\"contentUrl\":\"https:\\\/\\\/wein-werte.com\\\/wp-content\\\/uploads\\\/2026\\\/04\\\/Bruno-Clair-Chambertin-Clos-de-Beze-Grand-Cru-2022-750ml.png\",\"width\":345,\"height\":1200,\"caption\":\"Bruno Clair Chambertin-Clos de B\u00e8ze Grand Cru AOC 2022 750ml\"},{\"@type\":\"BreadcrumbList\",\"@id\":\"https:\\\/\\\/wein-werte.com\\\/de\\\/produkt\\\/bruno-clair-chambertin-clos-de-beze-grand-cru-2022-750ml\\\/#breadcrumb\",\"itemListElement\":[{\"@type\":\"ListItem\",\"position\":1,\"name\":\"Home\",\"item\":\"https:\\\/\\\/wein-werte.com\\\/de\\\/\"},{\"@type\":\"ListItem\",\"position\":2,\"name\":\"Shop\",\"item\":\"https:\\\/\\\/wein-werte.com\\\/de\\\/shop\\\/\"},{\"@type\":\"ListItem\",\"position\":3,\"name\":\"Bruno Clair | Burgund | Chambertin-Clos de B\u00e8ze Grand Cru AOC | 2022 | 750ml\"}]},{\"@type\":\"WebSite\",\"@id\":\"https:\\\/\\\/wein-werte.com\\\/de\\\/#website\",\"url\":\"https:\\\/\\\/wein-werte.com\\\/de\\\/\",\"name\":\"Wein Werte\",\"description\":\"\",\"publisher\":{\"@id\":\"https:\\\/\\\/wein-werte.com\\\/de\\\/#organization\"},\"potentialAction\":[{\"@type\":\"SearchAction\",\"target\":{\"@type\":\"EntryPoint\",\"urlTemplate\":\"https:\\\/\\\/wein-werte.com\\\/de\\\/?s={search_term_string}\"},\"query-input\":{\"@type\":\"PropertyValueSpecification\",\"valueRequired\":true,\"valueName\":\"search_term_string\"}}],\"inLanguage\":\"de\"},{\"@type\":\"Organization\",\"@id\":\"https:\\\/\\\/wein-werte.com\\\/de\\\/#organization\",\"name\":\"Vins Fins Thorrold\",\"url\":\"https:\\\/\\\/wein-werte.com\\\/de\\\/\",\"logo\":{\"@type\":\"ImageObject\",\"inLanguage\":\"de\",\"@id\":\"https:\\\/\\\/wein-werte.com\\\/de\\\/#\\\/schema\\\/logo\\\/image\\\/\",\"url\":\"https:\\\/\\\/wein-werte.com\\\/wp-content\\\/uploads\\\/2023\\\/07\\\/Wein_werte_Logo700-1.png\",\"contentUrl\":\"https:\\\/\\\/wein-werte.com\\\/wp-content\\\/uploads\\\/2023\\\/07\\\/Wein_werte_Logo700-1.png\",\"width\":700,\"height\":272,\"caption\":\"Vins Fins Thorrold\"},\"image\":{\"@id\":\"https:\\\/\\\/wein-werte.com\\\/de\\\/#\\\/schema\\\/logo\\\/image\\\/\"}}]}<\/script>\n<!-- \/ Yoast SEO plugin. -->","yoast_head_json":{"title":"Bruno Clair Chambertin-Clos de B\u00e8ze Grand Cru 2022","description":"Kaufe Bruno Clair Chambertin-Clos de B\u00e8ze Grand Cru 2022 (Pinot Noir, trocken aus Burgund, Frankreich) bei Wein Werte, Ihrem nachhaltigen Onlineshop.","robots":{"index":"index","follow":"follow","max-snippet":"max-snippet:-1","max-image-preview":"max-image-preview:large","max-video-preview":"max-video-preview:-1"},"canonical":"https:\/\/wein-werte.com\/de\/produkt\/bruno-clair-chambertin-clos-de-beze-grand-cru-2022-750ml\/","og_locale":"de_DE","og_type":"article","og_title":"Bruno Clair Chambertin-Clos de B\u00e8ze Grand Cru 2022","og_description":"Kaufe Bruno Clair Chambertin-Clos de B\u00e8ze Grand Cru 2022 (Pinot Noir, trocken aus Burgund, Frankreich) bei Wein Werte, Ihrem nachhaltigen Onlineshop.","og_url":"https:\/\/wein-werte.com\/de\/produkt\/bruno-clair-chambertin-clos-de-beze-grand-cru-2022-750ml\/","og_site_name":"Wein Werte","article_modified_time":"2026-05-12T17:54:04+00:00","og_image":[{"width":345,"height":1200,"url":"https:\/\/wein-werte.com\/wp-content\/uploads\/2026\/04\/Bruno-Clair-Chambertin-Clos-de-Beze-Grand-Cru-2022-750ml.png","type":"image\/png"}],"twitter_card":"summary_large_image","twitter_misc":{"Gesch\u00e4tzte Lesezeit":"1\u00a0Minute"},"schema":{"@context":"https:\/\/schema.org","@graph":[{"@type":"WebPage","@id":"https:\/\/wein-werte.com\/de\/produkt\/bruno-clair-chambertin-clos-de-beze-grand-cru-2022-750ml\/","url":"https:\/\/wein-werte.com\/de\/produkt\/bruno-clair-chambertin-clos-de-beze-grand-cru-2022-750ml\/","name":"Bruno Clair Chambertin-Clos de B\u00e8ze Grand Cru 2022","isPartOf":{"@id":"https:\/\/wein-werte.com\/de\/#website"},"primaryImageOfPage":{"@id":"https:\/\/wein-werte.com\/de\/produkt\/bruno-clair-chambertin-clos-de-beze-grand-cru-2022-750ml\/#primaryimage"},"image":{"@id":"https:\/\/wein-werte.com\/de\/produkt\/bruno-clair-chambertin-clos-de-beze-grand-cru-2022-750ml\/#primaryimage"},"thumbnailUrl":"https:\/\/wein-werte.com\/wp-content\/uploads\/2026\/04\/Bruno-Clair-Chambertin-Clos-de-Beze-Grand-Cru-2022-750ml.png","datePublished":"2026-05-12T13:40:38+00:00","dateModified":"2026-05-12T17:54:04+00:00","description":"Kaufe Bruno Clair Chambertin-Clos de B\u00e8ze Grand Cru 2022 (Pinot Noir, trocken aus Burgund, Frankreich) bei Wein Werte, Ihrem nachhaltigen Onlineshop.","breadcrumb":{"@id":"https:\/\/wein-werte.com\/de\/produkt\/bruno-clair-chambertin-clos-de-beze-grand-cru-2022-750ml\/#breadcrumb"},"inLanguage":"de","potentialAction":[{"@type":"ReadAction","target":["https:\/\/wein-werte.com\/de\/produkt\/bruno-clair-chambertin-clos-de-beze-grand-cru-2022-750ml\/"]}]},{"@type":"ImageObject","inLanguage":"de","@id":"https:\/\/wein-werte.com\/de\/produkt\/bruno-clair-chambertin-clos-de-beze-grand-cru-2022-750ml\/#primaryimage","url":"https:\/\/wein-werte.com\/wp-content\/uploads\/2026\/04\/Bruno-Clair-Chambertin-Clos-de-Beze-Grand-Cru-2022-750ml.png","contentUrl":"https:\/\/wein-werte.com\/wp-content\/uploads\/2026\/04\/Bruno-Clair-Chambertin-Clos-de-Beze-Grand-Cru-2022-750ml.png","width":345,"height":1200,"caption":"Bruno Clair Chambertin-Clos de B\u00e8ze Grand Cru AOC 2022 750ml"},{"@type":"BreadcrumbList","@id":"https:\/\/wein-werte.com\/de\/produkt\/bruno-clair-chambertin-clos-de-beze-grand-cru-2022-750ml\/#breadcrumb","itemListElement":[{"@type":"ListItem","position":1,"name":"Home","item":"https:\/\/wein-werte.com\/de\/"},{"@type":"ListItem","position":2,"name":"Shop","item":"https:\/\/wein-werte.com\/de\/shop\/"},{"@type":"ListItem","position":3,"name":"Bruno Clair | Burgund | Chambertin-Clos de B\u00e8ze Grand Cru AOC | 2022 | 750ml"}]},{"@type":"WebSite","@id":"https:\/\/wein-werte.com\/de\/#website","url":"https:\/\/wein-werte.com\/de\/","name":"Wein Werte","description":"","publisher":{"@id":"https:\/\/wein-werte.com\/de\/#organization"},"potentialAction":[{"@type":"SearchAction","target":{"@type":"EntryPoint","urlTemplate":"https:\/\/wein-werte.com\/de\/?s={search_term_string}"},"query-input":{"@type":"PropertyValueSpecification","valueRequired":true,"valueName":"search_term_string"}}],"inLanguage":"de"},{"@type":"Organization","@id":"https:\/\/wein-werte.com\/de\/#organization","name":"Vins Fins Thorrold","url":"https:\/\/wein-werte.com\/de\/","logo":{"@type":"ImageObject","inLanguage":"de","@id":"https:\/\/wein-werte.com\/de\/#\/schema\/logo\/image\/","url":"https:\/\/wein-werte.com\/wp-content\/uploads\/2023\/07\/Wein_werte_Logo700-1.png","contentUrl":"https:\/\/wein-werte.com\/wp-content\/uploads\/2023\/07\/Wein_werte_Logo700-1.png","width":700,"height":272,"caption":"Vins Fins Thorrold"},"image":{"@id":"https:\/\/wein-werte.com\/de\/#\/schema\/logo\/image\/"}}]}},"_links":{"self":[{"href":"https:\/\/wein-werte.com\/de\/wp-json\/wp\/v2\/product\/1127948","targetHints":{"allow":["GET"]}}],"collection":[{"href":"https:\/\/wein-werte.com\/de\/wp-json\/wp\/v2\/product"}],"about":[{"href":"https:\/\/wein-werte.com\/de\/wp-json\/wp\/v2\/types\/product"}],"wp:featuredmedia":[{"embeddable":true,"href":"https:\/\/wein-werte.com\/de\/wp-json\/wp\/v2\/media\/1139724"}],"wp:attachment":[{"href":"https:\/\/wein-werte.com\/de\/wp-json\/wp\/v2\/media?parent=1127948"}],"wp:term":[{"taxonomy":"product_brand","embeddable":true,"href":"https:\/\/wein-werte.com\/de\/wp-json\/wp\/v2\/product_brand?post=1127948"},{"taxonomy":"product_cat","embeddable":true,"href":"https:\/\/wein-werte.com\/de\/wp-json\/wp\/v2\/product_cat?post=1127948"},{"taxonomy":"product_tag","embeddable":true,"href":"https:\/\/wein-werte.com\/de\/wp-json\/wp\/v2\/product_tag?post=1127948"}],"curies":[{"name":"wp","href":"https:\/\/api.w.org\/{rel}","templated":true}]}}