{"id":1127943,"date":"2026-05-05T18:12:27","date_gmt":"2026-05-05T16:12:27","guid":{"rendered":"https:\/\/wein-werte.com\/product\/bruno-clair-gevrey-chambertin-1er-cru-clos-saint-jacques-2022-750ml\/"},"modified":"2026-04-27T11:41:38","modified_gmt":"2026-04-27T09:41:38","slug":"bruno-clair-gevrey-chambertin-1er-cru-clos-saint-jacques-2022-750ml","status":"publish","type":"product","link":"https:\/\/wein-werte.com\/de\/produkt\/bruno-clair-gevrey-chambertin-1er-cru-clos-saint-jacques-2022-750ml\/","title":{"rendered":"Bruno Clair | Burgund | Gevrey-Chambertin 1er Cru &#8220;Clos Saint Jacques&#8221; AOC | 2022 | 750ml"},"content":{"rendered":"<p>Produktbeschreibung f\u00fcr Bruno Clair Gevrey-Chambertin 1er Cru &#8220;Clos Saint Jacques&#8221; AOC 2022 <\/p>\n<p>Bruno Clair Gevrey-Chambertin 1er Cru &#8220;Clos Saint Jacques&#8221; 2022 ist ein trockener Rotwein hergestellt aus Pinot Noir Trauben in der Region Burgund in Frankreich.<\/p>\n<p>Keywords: <a href=\"https:\/\/wein-werte.com\/de\/shop\/?swoof=1&#038;pa_producer=Bruno-Clair\">Bruno Clair<\/a> <a href=\"https:\/\/wein-werte.com\/de\/shop\/?swoof=1&#038;woof_text=Gevrey-Chambertin 1er Cru \"Clos Saint Jacques\" AOC\">Gevrey-Chambertin 1er Cru &#8220;Clos Saint Jacques&#8221; AOC<\/a> 2022  <a href=\"https:\/\/wein-werte.com\/de\/shop\/?swoof=1&#038;pa_region=Burgund\">Burgund<\/a> <a href=\"https:\/\/wein-werte.com\/de\/shop\/?swoof=1&#038;pa_country=Frankreich\">Frankreich<\/a><\/p>\n<h3>Wine Advocate<\/h3>\n<p>Punkte: (92-94)<\/p>\n<p>Der Gevrey-Chambertin 1er Cru Clos Saint-Jacques 2022 ist kr\u00e4ftiger und zur\u00fcckhaltender als die Cazetiers. Mit Noten von Kirschen, dunklen Beeren, Weinrauch und Bl\u00fctenbl\u00e4ttern ist er mittel- bis vollmundig, samtig und lebendig, mit einem tiefen, aber dichten Kern, der noch lange nicht alle seine Geheimnisse preisgibt.<br \/>William Kelley<\/p>\n<h3>Vinous<\/h3>\n<p>Punkte: (94-96)<\/p>\n<p>Der Gevrey-Chambertin Clos Saint-Jacques 1er Cru 2022 hat ein pixeliges Bouquet, das sich im Glas entfaltet. Die Noblesse des Terroirs kommt hier voll zum Ausdruck: lebhafte rote Fr\u00fcchte und zersto\u00dfener Stein, ein Hauch von wei\u00dfen Bl\u00fcten und frisch bearbeiteter Erde. Der straffe, lineare Gaumen ist recht streng; es ist ein ernsthafter Clos Saint-Jacques mit einem langen, salzigen Abgang. Der Gaumen verr\u00e4t im Moment nicht viel \u2013 es liegt alles in der Nase, aber ich habe Vertrauen in ihn. \u2013 Neal Martin<br \/>Trinkfenster: 2028\u20132055<br \/>Testdatum: Januar 2024<\/p>\n<p>Internetseite des Weinguts: <a href=\"https:\/\/www.brunoclair.com\/en\/\" target=\"_blank\">https:\/\/www.brunoclair.com\/en\/<\/a><\/p>\n","protected":false},"excerpt":{"rendered":"<p>Lieferzeit: 1 bis 2 Arbeitstage (DE), 2 bis 5 Arbeitstage (EU and CH)<\/p>\n","protected":false},"featured_media":1139720,"template":"","meta":[],"product_brand":[],"product_cat":[19],"product_tag":[],"class_list":{"0":"post-1127943","1":"product","2":"type-product","3":"status-publish","4":"has-post-thumbnail","6":"product_cat-unkategorisiert","7":"pa_alcohol-for-filter-12897","8":"pa_certified-biodynamic-nein-de","9":"pa_certified-organic-nein-de","10":"pa_colour-rot","11":"pa_country-frankreich","12":"pa_grape-pinot-noir-spatburgunder","13":"pa_parker-points-for-filter-92-de","14":"pa_price-for-filter-10596","15":"pa_producer-bruno-clair","16":"pa_region-burgund","17":"pa_size-ml-6584","18":"pa_sweetness-trocken-de","19":"pa_type-2-still-de","20":"pa_vinous-points-for-filter-20033","21":"pa_vintage-2022-de","22":"entry","23":"has-media","25":"first","26":"instock","27":"taxable","28":"shipping-taxable","29":"purchasable","30":"product-type-simple"},"yoast_head":"<!-- This site is optimized with the Yoast SEO plugin v27.5 - https:\/\/yoast.com\/product\/yoast-seo-wordpress\/ -->\n<title>Bruno Clair Gevrey-Chambertin 1er Cru &quot;Clos Saint Jacques&quot; 2022<\/title>\n<meta name=\"description\" content=\"Kaufe Bruno Clair Gevrey-Chambertin 1er Cru &quot;Clos Saint Jacques&quot; 2022 (Pinot Noir, trocken aus Burgund, Frankreich) bei Wein Werte, Ihrem nachhaltigen Onlineshop.\" \/>\n<meta name=\"robots\" content=\"index, follow, max-snippet:-1, max-image-preview:large, max-video-preview:-1\" \/>\n<link rel=\"canonical\" href=\"https:\/\/wein-werte.com\/de\/produkt\/bruno-clair-gevrey-chambertin-1er-cru-clos-saint-jacques-2022-750ml\/\" \/>\n<meta property=\"og:locale\" content=\"de_DE\" \/>\n<meta property=\"og:type\" content=\"article\" \/>\n<meta property=\"og:title\" content=\"Bruno Clair Gevrey-Chambertin 1er Cru &quot;Clos Saint Jacques&quot; 2022\" \/>\n<meta property=\"og:description\" content=\"Kaufe Bruno Clair Gevrey-Chambertin 1er Cru &quot;Clos Saint Jacques&quot; 2022 (Pinot Noir, trocken aus Burgund, Frankreich) bei Wein Werte, Ihrem nachhaltigen Onlineshop.\" \/>\n<meta property=\"og:url\" content=\"https:\/\/wein-werte.com\/de\/produkt\/bruno-clair-gevrey-chambertin-1er-cru-clos-saint-jacques-2022-750ml\/\" \/>\n<meta property=\"og:site_name\" content=\"Wein Werte\" \/>\n<meta property=\"og:image\" content=\"https:\/\/wein-werte.com\/wp-content\/uploads\/2026\/04\/Bruno-Clair-Gevrey-Chambertin-1er-Cru-Clos-Saint-Jacques-2022-750ml.png\" \/>\n\t<meta property=\"og:image:width\" content=\"344\" \/>\n\t<meta property=\"og:image:height\" content=\"1200\" \/>\n\t<meta property=\"og:image:type\" content=\"image\/png\" \/>\n<meta name=\"twitter:card\" content=\"summary_large_image\" \/>\n<meta name=\"twitter:label1\" content=\"Gesch\u00e4tzte Lesezeit\" \/>\n\t<meta name=\"twitter:data1\" content=\"1\u00a0Minute\" \/>\n<script type=\"application\/ld+json\" class=\"yoast-schema-graph\">{\"@context\":\"https:\\\/\\\/schema.org\",\"@graph\":[{\"@type\":\"WebPage\",\"@id\":\"https:\\\/\\\/wein-werte.com\\\/de\\\/produkt\\\/bruno-clair-gevrey-chambertin-1er-cru-clos-saint-jacques-2022-750ml\\\/\",\"url\":\"https:\\\/\\\/wein-werte.com\\\/de\\\/produkt\\\/bruno-clair-gevrey-chambertin-1er-cru-clos-saint-jacques-2022-750ml\\\/\",\"name\":\"Bruno Clair Gevrey-Chambertin 1er Cru \\\"Clos Saint Jacques\\\" 2022\",\"isPartOf\":{\"@id\":\"https:\\\/\\\/wein-werte.com\\\/de\\\/#website\"},\"primaryImageOfPage\":{\"@id\":\"https:\\\/\\\/wein-werte.com\\\/de\\\/produkt\\\/bruno-clair-gevrey-chambertin-1er-cru-clos-saint-jacques-2022-750ml\\\/#primaryimage\"},\"image\":{\"@id\":\"https:\\\/\\\/wein-werte.com\\\/de\\\/produkt\\\/bruno-clair-gevrey-chambertin-1er-cru-clos-saint-jacques-2022-750ml\\\/#primaryimage\"},\"thumbnailUrl\":\"https:\\\/\\\/wein-werte.com\\\/wp-content\\\/uploads\\\/2026\\\/04\\\/Bruno-Clair-Gevrey-Chambertin-1er-Cru-Clos-Saint-Jacques-2022-750ml.png\",\"datePublished\":\"2026-05-05T16:12:27+00:00\",\"description\":\"Kaufe Bruno Clair Gevrey-Chambertin 1er Cru \\\"Clos Saint Jacques\\\" 2022 (Pinot Noir, trocken aus Burgund, Frankreich) bei Wein Werte, Ihrem nachhaltigen Onlineshop.\",\"breadcrumb\":{\"@id\":\"https:\\\/\\\/wein-werte.com\\\/de\\\/produkt\\\/bruno-clair-gevrey-chambertin-1er-cru-clos-saint-jacques-2022-750ml\\\/#breadcrumb\"},\"inLanguage\":\"de\",\"potentialAction\":[{\"@type\":\"ReadAction\",\"target\":[\"https:\\\/\\\/wein-werte.com\\\/de\\\/produkt\\\/bruno-clair-gevrey-chambertin-1er-cru-clos-saint-jacques-2022-750ml\\\/\"]}]},{\"@type\":\"ImageObject\",\"inLanguage\":\"de\",\"@id\":\"https:\\\/\\\/wein-werte.com\\\/de\\\/produkt\\\/bruno-clair-gevrey-chambertin-1er-cru-clos-saint-jacques-2022-750ml\\\/#primaryimage\",\"url\":\"https:\\\/\\\/wein-werte.com\\\/wp-content\\\/uploads\\\/2026\\\/04\\\/Bruno-Clair-Gevrey-Chambertin-1er-Cru-Clos-Saint-Jacques-2022-750ml.png\",\"contentUrl\":\"https:\\\/\\\/wein-werte.com\\\/wp-content\\\/uploads\\\/2026\\\/04\\\/Bruno-Clair-Gevrey-Chambertin-1er-Cru-Clos-Saint-Jacques-2022-750ml.png\",\"width\":344,\"height\":1200,\"caption\":\"Bruno Clair Gevrey-Chambertin 1er Cru \\\"Clos Saint Jacques\\\" AOC 2022 750ml\"},{\"@type\":\"BreadcrumbList\",\"@id\":\"https:\\\/\\\/wein-werte.com\\\/de\\\/produkt\\\/bruno-clair-gevrey-chambertin-1er-cru-clos-saint-jacques-2022-750ml\\\/#breadcrumb\",\"itemListElement\":[{\"@type\":\"ListItem\",\"position\":1,\"name\":\"Home\",\"item\":\"https:\\\/\\\/wein-werte.com\\\/de\\\/\"},{\"@type\":\"ListItem\",\"position\":2,\"name\":\"Shop\",\"item\":\"https:\\\/\\\/wein-werte.com\\\/de\\\/shop\\\/\"},{\"@type\":\"ListItem\",\"position\":3,\"name\":\"Bruno Clair | Burgund | Gevrey-Chambertin 1er Cru &#8220;Clos Saint Jacques&#8221; AOC | 2022 | 750ml\"}]},{\"@type\":\"WebSite\",\"@id\":\"https:\\\/\\\/wein-werte.com\\\/de\\\/#website\",\"url\":\"https:\\\/\\\/wein-werte.com\\\/de\\\/\",\"name\":\"Wein Werte\",\"description\":\"\",\"publisher\":{\"@id\":\"https:\\\/\\\/wein-werte.com\\\/de\\\/#organization\"},\"potentialAction\":[{\"@type\":\"SearchAction\",\"target\":{\"@type\":\"EntryPoint\",\"urlTemplate\":\"https:\\\/\\\/wein-werte.com\\\/de\\\/?s={search_term_string}\"},\"query-input\":{\"@type\":\"PropertyValueSpecification\",\"valueRequired\":true,\"valueName\":\"search_term_string\"}}],\"inLanguage\":\"de\"},{\"@type\":\"Organization\",\"@id\":\"https:\\\/\\\/wein-werte.com\\\/de\\\/#organization\",\"name\":\"Vins Fins Thorrold\",\"url\":\"https:\\\/\\\/wein-werte.com\\\/de\\\/\",\"logo\":{\"@type\":\"ImageObject\",\"inLanguage\":\"de\",\"@id\":\"https:\\\/\\\/wein-werte.com\\\/de\\\/#\\\/schema\\\/logo\\\/image\\\/\",\"url\":\"https:\\\/\\\/wein-werte.com\\\/wp-content\\\/uploads\\\/2023\\\/07\\\/Wein_werte_Logo700-1.png\",\"contentUrl\":\"https:\\\/\\\/wein-werte.com\\\/wp-content\\\/uploads\\\/2023\\\/07\\\/Wein_werte_Logo700-1.png\",\"width\":700,\"height\":272,\"caption\":\"Vins Fins Thorrold\"},\"image\":{\"@id\":\"https:\\\/\\\/wein-werte.com\\\/de\\\/#\\\/schema\\\/logo\\\/image\\\/\"}}]}<\/script>\n<!-- \/ Yoast SEO plugin. -->","yoast_head_json":{"title":"Bruno Clair Gevrey-Chambertin 1er Cru \"Clos Saint Jacques\" 2022","description":"Kaufe Bruno Clair Gevrey-Chambertin 1er Cru \"Clos Saint Jacques\" 2022 (Pinot Noir, trocken aus Burgund, Frankreich) bei Wein Werte, Ihrem nachhaltigen Onlineshop.","robots":{"index":"index","follow":"follow","max-snippet":"max-snippet:-1","max-image-preview":"max-image-preview:large","max-video-preview":"max-video-preview:-1"},"canonical":"https:\/\/wein-werte.com\/de\/produkt\/bruno-clair-gevrey-chambertin-1er-cru-clos-saint-jacques-2022-750ml\/","og_locale":"de_DE","og_type":"article","og_title":"Bruno Clair Gevrey-Chambertin 1er Cru \"Clos Saint Jacques\" 2022","og_description":"Kaufe Bruno Clair Gevrey-Chambertin 1er Cru \"Clos Saint Jacques\" 2022 (Pinot Noir, trocken aus Burgund, Frankreich) bei Wein Werte, Ihrem nachhaltigen Onlineshop.","og_url":"https:\/\/wein-werte.com\/de\/produkt\/bruno-clair-gevrey-chambertin-1er-cru-clos-saint-jacques-2022-750ml\/","og_site_name":"Wein Werte","og_image":[{"width":344,"height":1200,"url":"https:\/\/wein-werte.com\/wp-content\/uploads\/2026\/04\/Bruno-Clair-Gevrey-Chambertin-1er-Cru-Clos-Saint-Jacques-2022-750ml.png","type":"image\/png"}],"twitter_card":"summary_large_image","twitter_misc":{"Gesch\u00e4tzte Lesezeit":"1\u00a0Minute"},"schema":{"@context":"https:\/\/schema.org","@graph":[{"@type":"WebPage","@id":"https:\/\/wein-werte.com\/de\/produkt\/bruno-clair-gevrey-chambertin-1er-cru-clos-saint-jacques-2022-750ml\/","url":"https:\/\/wein-werte.com\/de\/produkt\/bruno-clair-gevrey-chambertin-1er-cru-clos-saint-jacques-2022-750ml\/","name":"Bruno Clair Gevrey-Chambertin 1er Cru \"Clos Saint Jacques\" 2022","isPartOf":{"@id":"https:\/\/wein-werte.com\/de\/#website"},"primaryImageOfPage":{"@id":"https:\/\/wein-werte.com\/de\/produkt\/bruno-clair-gevrey-chambertin-1er-cru-clos-saint-jacques-2022-750ml\/#primaryimage"},"image":{"@id":"https:\/\/wein-werte.com\/de\/produkt\/bruno-clair-gevrey-chambertin-1er-cru-clos-saint-jacques-2022-750ml\/#primaryimage"},"thumbnailUrl":"https:\/\/wein-werte.com\/wp-content\/uploads\/2026\/04\/Bruno-Clair-Gevrey-Chambertin-1er-Cru-Clos-Saint-Jacques-2022-750ml.png","datePublished":"2026-05-05T16:12:27+00:00","description":"Kaufe Bruno Clair Gevrey-Chambertin 1er Cru \"Clos Saint Jacques\" 2022 (Pinot Noir, trocken aus Burgund, Frankreich) bei Wein Werte, Ihrem nachhaltigen Onlineshop.","breadcrumb":{"@id":"https:\/\/wein-werte.com\/de\/produkt\/bruno-clair-gevrey-chambertin-1er-cru-clos-saint-jacques-2022-750ml\/#breadcrumb"},"inLanguage":"de","potentialAction":[{"@type":"ReadAction","target":["https:\/\/wein-werte.com\/de\/produkt\/bruno-clair-gevrey-chambertin-1er-cru-clos-saint-jacques-2022-750ml\/"]}]},{"@type":"ImageObject","inLanguage":"de","@id":"https:\/\/wein-werte.com\/de\/produkt\/bruno-clair-gevrey-chambertin-1er-cru-clos-saint-jacques-2022-750ml\/#primaryimage","url":"https:\/\/wein-werte.com\/wp-content\/uploads\/2026\/04\/Bruno-Clair-Gevrey-Chambertin-1er-Cru-Clos-Saint-Jacques-2022-750ml.png","contentUrl":"https:\/\/wein-werte.com\/wp-content\/uploads\/2026\/04\/Bruno-Clair-Gevrey-Chambertin-1er-Cru-Clos-Saint-Jacques-2022-750ml.png","width":344,"height":1200,"caption":"Bruno Clair Gevrey-Chambertin 1er Cru \"Clos Saint Jacques\" AOC 2022 750ml"},{"@type":"BreadcrumbList","@id":"https:\/\/wein-werte.com\/de\/produkt\/bruno-clair-gevrey-chambertin-1er-cru-clos-saint-jacques-2022-750ml\/#breadcrumb","itemListElement":[{"@type":"ListItem","position":1,"name":"Home","item":"https:\/\/wein-werte.com\/de\/"},{"@type":"ListItem","position":2,"name":"Shop","item":"https:\/\/wein-werte.com\/de\/shop\/"},{"@type":"ListItem","position":3,"name":"Bruno Clair | Burgund | Gevrey-Chambertin 1er Cru &#8220;Clos Saint Jacques&#8221; AOC | 2022 | 750ml"}]},{"@type":"WebSite","@id":"https:\/\/wein-werte.com\/de\/#website","url":"https:\/\/wein-werte.com\/de\/","name":"Wein Werte","description":"","publisher":{"@id":"https:\/\/wein-werte.com\/de\/#organization"},"potentialAction":[{"@type":"SearchAction","target":{"@type":"EntryPoint","urlTemplate":"https:\/\/wein-werte.com\/de\/?s={search_term_string}"},"query-input":{"@type":"PropertyValueSpecification","valueRequired":true,"valueName":"search_term_string"}}],"inLanguage":"de"},{"@type":"Organization","@id":"https:\/\/wein-werte.com\/de\/#organization","name":"Vins Fins Thorrold","url":"https:\/\/wein-werte.com\/de\/","logo":{"@type":"ImageObject","inLanguage":"de","@id":"https:\/\/wein-werte.com\/de\/#\/schema\/logo\/image\/","url":"https:\/\/wein-werte.com\/wp-content\/uploads\/2023\/07\/Wein_werte_Logo700-1.png","contentUrl":"https:\/\/wein-werte.com\/wp-content\/uploads\/2023\/07\/Wein_werte_Logo700-1.png","width":700,"height":272,"caption":"Vins Fins Thorrold"},"image":{"@id":"https:\/\/wein-werte.com\/de\/#\/schema\/logo\/image\/"}}]}},"_links":{"self":[{"href":"https:\/\/wein-werte.com\/de\/wp-json\/wp\/v2\/product\/1127943","targetHints":{"allow":["GET"]}}],"collection":[{"href":"https:\/\/wein-werte.com\/de\/wp-json\/wp\/v2\/product"}],"about":[{"href":"https:\/\/wein-werte.com\/de\/wp-json\/wp\/v2\/types\/product"}],"wp:featuredmedia":[{"embeddable":true,"href":"https:\/\/wein-werte.com\/de\/wp-json\/wp\/v2\/media\/1139720"}],"wp:attachment":[{"href":"https:\/\/wein-werte.com\/de\/wp-json\/wp\/v2\/media?parent=1127943"}],"wp:term":[{"taxonomy":"product_brand","embeddable":true,"href":"https:\/\/wein-werte.com\/de\/wp-json\/wp\/v2\/product_brand?post=1127943"},{"taxonomy":"product_cat","embeddable":true,"href":"https:\/\/wein-werte.com\/de\/wp-json\/wp\/v2\/product_cat?post=1127943"},{"taxonomy":"product_tag","embeddable":true,"href":"https:\/\/wein-werte.com\/de\/wp-json\/wp\/v2\/product_tag?post=1127943"}],"curies":[{"name":"wp","href":"https:\/\/api.w.org\/{rel}","templated":true}]}}