{"id":1127797,"date":"2026-05-05T18:12:15","date_gmt":"2026-05-05T16:12:15","guid":{"rendered":"https:\/\/wein-werte.com\/product\/jean-marc-et-thomas-bouley-bourgogne-cote-dor-pinot-noir-2021-750ml\/"},"modified":"2026-04-27T11:41:24","modified_gmt":"2026-04-27T09:41:24","slug":"jean-marc-plus-thomas-bouley-bourgogne-cote-dor-pinot-noir-2021-750ml","status":"publish","type":"product","link":"https:\/\/wein-werte.com\/de\/produkt\/jean-marc-plus-thomas-bouley-bourgogne-cote-dor-pinot-noir-2021-750ml\/","title":{"rendered":"Jean-Marc &#038; Thomas Bouley | Burgund | Bourgogne C\u00f4te d&#8217;Or Pinot Noir AOC | 2021 | 750ml"},"content":{"rendered":"<p>Produktbeschreibung f\u00fcr Jean-Marc &#038; Thomas Bouley Bourgogne C\u00f4te d&#8217;Or Pinot Noir AOC 2021  <\/p>\n<h5>Informationen zum Wein<\/h5>\n<p> Der Pinot Noir stammt von insgesamt 0,97 Hektar gro\u00dfen Parzellen in Volnay am unteren Hang. Das Durchschnittsalter der Rebst\u00f6cke liegt bei 30 Jahren. Der Boden ist tiefgr\u00fcndig und lehmig auf einem Kalksteinsockel. Die Trauben wurden dieses Jahr vollst\u00e4ndig entrappt. Die G\u00e4rung erfolgte zwei Wochen in offenen G\u00e4rst\u00e4ndern, der Ausbau \u00fcber zw\u00f6lf Monate in Barriques. Der Anteil an neuem Holz betrug 10%. <\/p>\n<h5>Farbe<\/h5>\n<p> mittleres Granatrot, leicht durchscheinend <\/p>\n<h5>Geruch<\/h5>\n<p> Der Bourgogne C\u00f4te d\u2019Or 2021 ist ein frischer, duftender und saftiger Volnay, der an reife Kirschen und Sauerkirschen, Himbeeren, Cranberrys und etwas Hefe, nasse Kieselsteine und etwas Unterholz erinnert. <\/p>\n<h5>Gaumen<\/h5>\n<p> Am Gaumen zeigt sich der Bourgogne C\u00f4te d\u2019Or lebendig und klar mit Noten von roten und schwarzen Beerenfr\u00fcchten, wieder etwas Kirsche, Kr\u00e4utern und einer fein ausbalancierten Pinot Noir-Geschmeidigkeit. Der Jahrgang zeichnet sich durch eine lebendige S\u00e4ure, feine Tannine und eine knackige Frucht aus. Gleichzeitig ist es ein harmonischer, feiner Pinot.<\/p>\n<p>Copyright Vinaturel 2025<\/p>\n<p>Keywords: <a href=\"https:\/\/wein-werte.com\/de\/shop\/?swoof=1&#038;pa_producer=Jean-Marc-&#038;-Thomas-Bouley\">Jean-Marc &#038; Thomas Bouley<\/a> <a href=\"https:\/\/wein-werte.com\/de\/shop\/?swoof=1&#038;woof_text=Bourgogne C\u00f4te d'Or Pinot Noir AOC\">Bourgogne C\u00f4te d&#8217;Or Pinot Noir AOC<\/a> 2021  <a href=\"https:\/\/wein-werte.com\/de\/shop\/?swoof=1&#038;pa_region=Burgund\">Burgund<\/a> <a href=\"https:\/\/wein-werte.com\/de\/shop\/?swoof=1&#038;pa_country=Frankreich\">Frankreich<\/a><\/p>\n<p>Internetseite des Weinguts: <a href=\"https:\/\/www.jean-marc-bouley.com\/\" target=\"_blank\">https:\/\/www.jean-marc-bouley.com\/<\/a><\/p>\n","protected":false},"excerpt":{"rendered":"<p>Lieferzeit: 1 bis 2 Arbeitstage (DE), 2 bis 5 Arbeitstage (EU and CH)<\/p>\n","protected":false},"featured_media":1139610,"template":"","meta":[],"product_brand":[],"product_cat":[19],"product_tag":[],"class_list":{"0":"post-1127797","1":"product","2":"type-product","3":"status-publish","4":"has-post-thumbnail","6":"product_cat-unkategorisiert","7":"pa_alcohol-for-filter-12897","8":"pa_certified-biodynamic-nein-de","9":"pa_certified-organic-nein-de","10":"pa_colour-rot","11":"pa_country-frankreich","12":"pa_grape-pinot-noir-spatburgunder","13":"pa_price-for-filter-10605","14":"pa_producer-jean-marc-thomas-bouley","15":"pa_region-burgund","16":"pa_size-ml-6584","17":"pa_sweetness-trocken-de","18":"pa_type-2-still-de","19":"pa_vintage-2021-de","20":"entry","21":"has-media","23":"first","24":"instock","25":"taxable","26":"shipping-taxable","27":"purchasable","28":"product-type-simple"},"yoast_head":"<!-- This site is optimized with the Yoast SEO plugin v27.5 - https:\/\/yoast.com\/product\/yoast-seo-wordpress\/ -->\n<title>Jean-Marc &amp; Thomas Bouley Bourgogne C\u00f4te d&#039;Or Pinot Noir 2021<\/title>\n<meta name=\"description\" content=\"Kaufe Jean-Marc &amp; Thomas Bouley Bourgogne C\u00f4te d&#039;Or Pinot Noir 2021 (Pinot Noir, trocken aus Burgund, Frankreich) bei Wein Werte, Ihrem nachhaltigen Onlineshop.\" \/>\n<meta name=\"robots\" content=\"index, follow, max-snippet:-1, max-image-preview:large, max-video-preview:-1\" \/>\n<link rel=\"canonical\" href=\"https:\/\/wein-werte.com\/de\/produkt\/jean-marc-plus-thomas-bouley-bourgogne-cote-dor-pinot-noir-2021-750ml\/\" \/>\n<meta property=\"og:locale\" content=\"de_DE\" \/>\n<meta property=\"og:type\" content=\"article\" \/>\n<meta property=\"og:title\" content=\"Jean-Marc &amp; Thomas Bouley Bourgogne C\u00f4te d&#039;Or Pinot Noir 2021\" \/>\n<meta property=\"og:description\" content=\"Kaufe Jean-Marc &amp; Thomas Bouley Bourgogne C\u00f4te d&#039;Or Pinot Noir 2021 (Pinot Noir, trocken aus Burgund, Frankreich) bei Wein Werte, Ihrem nachhaltigen Onlineshop.\" \/>\n<meta property=\"og:url\" content=\"https:\/\/wein-werte.com\/de\/produkt\/jean-marc-plus-thomas-bouley-bourgogne-cote-dor-pinot-noir-2021-750ml\/\" \/>\n<meta property=\"og:site_name\" content=\"Wein Werte\" \/>\n<meta property=\"og:image\" content=\"https:\/\/wein-werte.com\/wp-content\/uploads\/2026\/04\/Jean-Marc-et-Thomas-Bouley-Bourgogne-Cote-dOr-Pinot-Noir-2021-750ml.png\" \/>\n\t<meta property=\"og:image:width\" content=\"328\" \/>\n\t<meta property=\"og:image:height\" content=\"1200\" \/>\n\t<meta property=\"og:image:type\" content=\"image\/png\" \/>\n<meta name=\"twitter:card\" content=\"summary_large_image\" \/>\n<meta name=\"twitter:label1\" content=\"Gesch\u00e4tzte Lesezeit\" \/>\n\t<meta name=\"twitter:data1\" content=\"1\u00a0Minute\" \/>\n<script type=\"application\/ld+json\" class=\"yoast-schema-graph\">{\"@context\":\"https:\\\/\\\/schema.org\",\"@graph\":[{\"@type\":\"WebPage\",\"@id\":\"https:\\\/\\\/wein-werte.com\\\/de\\\/produkt\\\/jean-marc-plus-thomas-bouley-bourgogne-cote-dor-pinot-noir-2021-750ml\\\/\",\"url\":\"https:\\\/\\\/wein-werte.com\\\/de\\\/produkt\\\/jean-marc-plus-thomas-bouley-bourgogne-cote-dor-pinot-noir-2021-750ml\\\/\",\"name\":\"Jean-Marc & Thomas Bouley Bourgogne C\u00f4te d'Or Pinot Noir 2021\",\"isPartOf\":{\"@id\":\"https:\\\/\\\/wein-werte.com\\\/de\\\/#website\"},\"primaryImageOfPage\":{\"@id\":\"https:\\\/\\\/wein-werte.com\\\/de\\\/produkt\\\/jean-marc-plus-thomas-bouley-bourgogne-cote-dor-pinot-noir-2021-750ml\\\/#primaryimage\"},\"image\":{\"@id\":\"https:\\\/\\\/wein-werte.com\\\/de\\\/produkt\\\/jean-marc-plus-thomas-bouley-bourgogne-cote-dor-pinot-noir-2021-750ml\\\/#primaryimage\"},\"thumbnailUrl\":\"https:\\\/\\\/wein-werte.com\\\/wp-content\\\/uploads\\\/2026\\\/04\\\/Jean-Marc-et-Thomas-Bouley-Bourgogne-Cote-dOr-Pinot-Noir-2021-750ml.png\",\"datePublished\":\"2026-05-05T16:12:15+00:00\",\"description\":\"Kaufe Jean-Marc & Thomas Bouley Bourgogne C\u00f4te d'Or Pinot Noir 2021 (Pinot Noir, trocken aus Burgund, Frankreich) bei Wein Werte, Ihrem nachhaltigen Onlineshop.\",\"breadcrumb\":{\"@id\":\"https:\\\/\\\/wein-werte.com\\\/de\\\/produkt\\\/jean-marc-plus-thomas-bouley-bourgogne-cote-dor-pinot-noir-2021-750ml\\\/#breadcrumb\"},\"inLanguage\":\"de\",\"potentialAction\":[{\"@type\":\"ReadAction\",\"target\":[\"https:\\\/\\\/wein-werte.com\\\/de\\\/produkt\\\/jean-marc-plus-thomas-bouley-bourgogne-cote-dor-pinot-noir-2021-750ml\\\/\"]}]},{\"@type\":\"ImageObject\",\"inLanguage\":\"de\",\"@id\":\"https:\\\/\\\/wein-werte.com\\\/de\\\/produkt\\\/jean-marc-plus-thomas-bouley-bourgogne-cote-dor-pinot-noir-2021-750ml\\\/#primaryimage\",\"url\":\"https:\\\/\\\/wein-werte.com\\\/wp-content\\\/uploads\\\/2026\\\/04\\\/Jean-Marc-et-Thomas-Bouley-Bourgogne-Cote-dOr-Pinot-Noir-2021-750ml.png\",\"contentUrl\":\"https:\\\/\\\/wein-werte.com\\\/wp-content\\\/uploads\\\/2026\\\/04\\\/Jean-Marc-et-Thomas-Bouley-Bourgogne-Cote-dOr-Pinot-Noir-2021-750ml.png\",\"width\":328,\"height\":1200,\"caption\":\"Jean-Marc & Thomas Bouley Bourgogne C\u00f4te d'Or Pinot Noir AOC 2021 750ml\"},{\"@type\":\"BreadcrumbList\",\"@id\":\"https:\\\/\\\/wein-werte.com\\\/de\\\/produkt\\\/jean-marc-plus-thomas-bouley-bourgogne-cote-dor-pinot-noir-2021-750ml\\\/#breadcrumb\",\"itemListElement\":[{\"@type\":\"ListItem\",\"position\":1,\"name\":\"Home\",\"item\":\"https:\\\/\\\/wein-werte.com\\\/de\\\/\"},{\"@type\":\"ListItem\",\"position\":2,\"name\":\"Shop\",\"item\":\"https:\\\/\\\/wein-werte.com\\\/de\\\/shop\\\/\"},{\"@type\":\"ListItem\",\"position\":3,\"name\":\"Jean-Marc &#038; Thomas Bouley | Burgund | Bourgogne C\u00f4te d&#8217;Or Pinot Noir AOC | 2021 | 750ml\"}]},{\"@type\":\"WebSite\",\"@id\":\"https:\\\/\\\/wein-werte.com\\\/de\\\/#website\",\"url\":\"https:\\\/\\\/wein-werte.com\\\/de\\\/\",\"name\":\"Wein Werte\",\"description\":\"\",\"publisher\":{\"@id\":\"https:\\\/\\\/wein-werte.com\\\/de\\\/#organization\"},\"potentialAction\":[{\"@type\":\"SearchAction\",\"target\":{\"@type\":\"EntryPoint\",\"urlTemplate\":\"https:\\\/\\\/wein-werte.com\\\/de\\\/?s={search_term_string}\"},\"query-input\":{\"@type\":\"PropertyValueSpecification\",\"valueRequired\":true,\"valueName\":\"search_term_string\"}}],\"inLanguage\":\"de\"},{\"@type\":\"Organization\",\"@id\":\"https:\\\/\\\/wein-werte.com\\\/de\\\/#organization\",\"name\":\"Vins Fins Thorrold\",\"url\":\"https:\\\/\\\/wein-werte.com\\\/de\\\/\",\"logo\":{\"@type\":\"ImageObject\",\"inLanguage\":\"de\",\"@id\":\"https:\\\/\\\/wein-werte.com\\\/de\\\/#\\\/schema\\\/logo\\\/image\\\/\",\"url\":\"https:\\\/\\\/wein-werte.com\\\/wp-content\\\/uploads\\\/2023\\\/07\\\/Wein_werte_Logo700-1.png\",\"contentUrl\":\"https:\\\/\\\/wein-werte.com\\\/wp-content\\\/uploads\\\/2023\\\/07\\\/Wein_werte_Logo700-1.png\",\"width\":700,\"height\":272,\"caption\":\"Vins Fins Thorrold\"},\"image\":{\"@id\":\"https:\\\/\\\/wein-werte.com\\\/de\\\/#\\\/schema\\\/logo\\\/image\\\/\"}}]}<\/script>\n<!-- \/ Yoast SEO plugin. -->","yoast_head_json":{"title":"Jean-Marc & Thomas Bouley Bourgogne C\u00f4te d'Or Pinot Noir 2021","description":"Kaufe Jean-Marc & Thomas Bouley Bourgogne C\u00f4te d'Or Pinot Noir 2021 (Pinot Noir, trocken aus Burgund, Frankreich) bei Wein Werte, Ihrem nachhaltigen Onlineshop.","robots":{"index":"index","follow":"follow","max-snippet":"max-snippet:-1","max-image-preview":"max-image-preview:large","max-video-preview":"max-video-preview:-1"},"canonical":"https:\/\/wein-werte.com\/de\/produkt\/jean-marc-plus-thomas-bouley-bourgogne-cote-dor-pinot-noir-2021-750ml\/","og_locale":"de_DE","og_type":"article","og_title":"Jean-Marc & Thomas Bouley Bourgogne C\u00f4te d'Or Pinot Noir 2021","og_description":"Kaufe Jean-Marc & Thomas Bouley Bourgogne C\u00f4te d'Or Pinot Noir 2021 (Pinot Noir, trocken aus Burgund, Frankreich) bei Wein Werte, Ihrem nachhaltigen Onlineshop.","og_url":"https:\/\/wein-werte.com\/de\/produkt\/jean-marc-plus-thomas-bouley-bourgogne-cote-dor-pinot-noir-2021-750ml\/","og_site_name":"Wein Werte","og_image":[{"width":328,"height":1200,"url":"https:\/\/wein-werte.com\/wp-content\/uploads\/2026\/04\/Jean-Marc-et-Thomas-Bouley-Bourgogne-Cote-dOr-Pinot-Noir-2021-750ml.png","type":"image\/png"}],"twitter_card":"summary_large_image","twitter_misc":{"Gesch\u00e4tzte Lesezeit":"1\u00a0Minute"},"schema":{"@context":"https:\/\/schema.org","@graph":[{"@type":"WebPage","@id":"https:\/\/wein-werte.com\/de\/produkt\/jean-marc-plus-thomas-bouley-bourgogne-cote-dor-pinot-noir-2021-750ml\/","url":"https:\/\/wein-werte.com\/de\/produkt\/jean-marc-plus-thomas-bouley-bourgogne-cote-dor-pinot-noir-2021-750ml\/","name":"Jean-Marc & Thomas Bouley Bourgogne C\u00f4te d'Or Pinot Noir 2021","isPartOf":{"@id":"https:\/\/wein-werte.com\/de\/#website"},"primaryImageOfPage":{"@id":"https:\/\/wein-werte.com\/de\/produkt\/jean-marc-plus-thomas-bouley-bourgogne-cote-dor-pinot-noir-2021-750ml\/#primaryimage"},"image":{"@id":"https:\/\/wein-werte.com\/de\/produkt\/jean-marc-plus-thomas-bouley-bourgogne-cote-dor-pinot-noir-2021-750ml\/#primaryimage"},"thumbnailUrl":"https:\/\/wein-werte.com\/wp-content\/uploads\/2026\/04\/Jean-Marc-et-Thomas-Bouley-Bourgogne-Cote-dOr-Pinot-Noir-2021-750ml.png","datePublished":"2026-05-05T16:12:15+00:00","description":"Kaufe Jean-Marc & Thomas Bouley Bourgogne C\u00f4te d'Or Pinot Noir 2021 (Pinot Noir, trocken aus Burgund, Frankreich) bei Wein Werte, Ihrem nachhaltigen Onlineshop.","breadcrumb":{"@id":"https:\/\/wein-werte.com\/de\/produkt\/jean-marc-plus-thomas-bouley-bourgogne-cote-dor-pinot-noir-2021-750ml\/#breadcrumb"},"inLanguage":"de","potentialAction":[{"@type":"ReadAction","target":["https:\/\/wein-werte.com\/de\/produkt\/jean-marc-plus-thomas-bouley-bourgogne-cote-dor-pinot-noir-2021-750ml\/"]}]},{"@type":"ImageObject","inLanguage":"de","@id":"https:\/\/wein-werte.com\/de\/produkt\/jean-marc-plus-thomas-bouley-bourgogne-cote-dor-pinot-noir-2021-750ml\/#primaryimage","url":"https:\/\/wein-werte.com\/wp-content\/uploads\/2026\/04\/Jean-Marc-et-Thomas-Bouley-Bourgogne-Cote-dOr-Pinot-Noir-2021-750ml.png","contentUrl":"https:\/\/wein-werte.com\/wp-content\/uploads\/2026\/04\/Jean-Marc-et-Thomas-Bouley-Bourgogne-Cote-dOr-Pinot-Noir-2021-750ml.png","width":328,"height":1200,"caption":"Jean-Marc & Thomas Bouley Bourgogne C\u00f4te d'Or Pinot Noir AOC 2021 750ml"},{"@type":"BreadcrumbList","@id":"https:\/\/wein-werte.com\/de\/produkt\/jean-marc-plus-thomas-bouley-bourgogne-cote-dor-pinot-noir-2021-750ml\/#breadcrumb","itemListElement":[{"@type":"ListItem","position":1,"name":"Home","item":"https:\/\/wein-werte.com\/de\/"},{"@type":"ListItem","position":2,"name":"Shop","item":"https:\/\/wein-werte.com\/de\/shop\/"},{"@type":"ListItem","position":3,"name":"Jean-Marc &#038; Thomas Bouley | Burgund | Bourgogne C\u00f4te d&#8217;Or Pinot Noir AOC | 2021 | 750ml"}]},{"@type":"WebSite","@id":"https:\/\/wein-werte.com\/de\/#website","url":"https:\/\/wein-werte.com\/de\/","name":"Wein Werte","description":"","publisher":{"@id":"https:\/\/wein-werte.com\/de\/#organization"},"potentialAction":[{"@type":"SearchAction","target":{"@type":"EntryPoint","urlTemplate":"https:\/\/wein-werte.com\/de\/?s={search_term_string}"},"query-input":{"@type":"PropertyValueSpecification","valueRequired":true,"valueName":"search_term_string"}}],"inLanguage":"de"},{"@type":"Organization","@id":"https:\/\/wein-werte.com\/de\/#organization","name":"Vins Fins Thorrold","url":"https:\/\/wein-werte.com\/de\/","logo":{"@type":"ImageObject","inLanguage":"de","@id":"https:\/\/wein-werte.com\/de\/#\/schema\/logo\/image\/","url":"https:\/\/wein-werte.com\/wp-content\/uploads\/2023\/07\/Wein_werte_Logo700-1.png","contentUrl":"https:\/\/wein-werte.com\/wp-content\/uploads\/2023\/07\/Wein_werte_Logo700-1.png","width":700,"height":272,"caption":"Vins Fins Thorrold"},"image":{"@id":"https:\/\/wein-werte.com\/de\/#\/schema\/logo\/image\/"}}]}},"_links":{"self":[{"href":"https:\/\/wein-werte.com\/de\/wp-json\/wp\/v2\/product\/1127797","targetHints":{"allow":["GET"]}}],"collection":[{"href":"https:\/\/wein-werte.com\/de\/wp-json\/wp\/v2\/product"}],"about":[{"href":"https:\/\/wein-werte.com\/de\/wp-json\/wp\/v2\/types\/product"}],"wp:featuredmedia":[{"embeddable":true,"href":"https:\/\/wein-werte.com\/de\/wp-json\/wp\/v2\/media\/1139610"}],"wp:attachment":[{"href":"https:\/\/wein-werte.com\/de\/wp-json\/wp\/v2\/media?parent=1127797"}],"wp:term":[{"taxonomy":"product_brand","embeddable":true,"href":"https:\/\/wein-werte.com\/de\/wp-json\/wp\/v2\/product_brand?post=1127797"},{"taxonomy":"product_cat","embeddable":true,"href":"https:\/\/wein-werte.com\/de\/wp-json\/wp\/v2\/product_cat?post=1127797"},{"taxonomy":"product_tag","embeddable":true,"href":"https:\/\/wein-werte.com\/de\/wp-json\/wp\/v2\/product_tag?post=1127797"}],"curies":[{"name":"wp","href":"https:\/\/api.w.org\/{rel}","templated":true}]}}