{"id":1127717,"date":"2026-05-08T19:57:54","date_gmt":"2026-05-08T17:57:54","guid":{"rendered":"https:\/\/wein-werte.com\/product\/boris-champy-bourgogne-aligote-dore-selection-massale-2023-1500ml\/"},"modified":"2026-04-27T11:41:16","modified_gmt":"2026-04-27T09:41:16","slug":"boris-champy-bourgogne-aligote-dore-selection-massale-2023-1500ml","status":"publish","type":"product","link":"https:\/\/wein-werte.com\/de\/produkt\/boris-champy-bourgogne-aligote-dore-selection-massale-2023-1500ml\/","title":{"rendered":"Boris Champy | Burgund | Bourgogne Aligot\u00e9 Dor\u00e9, S\u00e9lection Massale AOP | 2023 | 1500ml | bio"},"content":{"rendered":"<p>Produktbeschreibung f\u00fcr Boris Champy Bourgogne Aligot\u00e9 Dor\u00e9, S\u00e9lection Massale AOP 2023 (bio)<\/p>\n<h5>Informationen zum Wein<\/h5>\n<p>Dieser Wein von Boris Champy stammt von einem Weinberg mit einer alten <i>s\u00e9lection massale<\/i> der Aligot\u00e9 Dor\u00e9 bzw. Golden Aligot\u00e9. Das Attribut bezeichnet nat\u00fcrlich die Farbe der Beeren. Die Parzellen befinden sich in den Hautes-C\u00f4tes de Beaune auf \u00fcber 400 Metern H\u00f6he. Die B\u00f6den sind durchsetzt mit Kalk, Kalkmergel und Lehm. Die Reben wurden sehr dicht mit 10.000 St\u00f6cken pro Hektar gepflanzt und in Guyot und Lyra erzogen. Ihre Traubenwaren die letzten, die am 29. September gelesen wurden \u2013 zehnTage nach den Weinbergen der Hautes C\u00f4tes.Der spontan vergorene Wein wurde f\u00fcr zw\u00f6lf Monate zu 70 % in gebrauchten <i>pi\u00e8ces<\/i> auf der Hefe und zu 30 % imEdelstahl ausgebaut.<\/p>\n<h5>Farbe<\/h5>\n<p>Mittleres Zitronengelb.<\/p>\n<h5>Nase<\/h5>\n<p>Boris Champys <i>Bourgogne Aligot\u00e9 Dor\u00e9 2023<\/i> bietet einen klassischen, pr\u00e4zisen Aligot\u00e9-Duft mit Akazienbl\u00fcten und Heckenkirsche, Pfirsichen und gelbem Pflaumen, einem Hauch von Reduktion, etwas mehr Vanille und Holz. Er macht den Eindruck eines reifen, saftigen Weines.<\/p>\n<h5>Gaumen<\/h5>\n<p>Und genau so pr\u00e4sentiert er sich auch am Gaumen. Es ist ein Wein mit gelungener Geschmeidigkeit und Seidigkeit. Ein Wein, bei dem sich der K\u00f6rper und die Konzentration erst auf dem Weg von der Gaumenspitze zum Finale hin aufbaut. Der Aligot\u00e9 wirkt balanciert, feinw\u00fcrzig,  pr\u00e4zise in der S\u00e4ure, die reif ist und dem sp\u00e4tgelesenen Aligot\u00e9 genau die richtige Struktur verpasst.<\/p>\n<p>Copyright Vinaturel 2025<\/p>\n<p>Keywords: <a href=\"https:\/\/wein-werte.com\/de\/shop\/?swoof=1&#038;pa_producer=Boris-Champy\">Boris Champy<\/a> <a href=\"https:\/\/wein-werte.com\/de\/shop\/?swoof=1&#038;woof_text=Bourgogne Aligot\u00e9 Dor\u00e9, S\u00e9lection Massale AOP\">Bourgogne Aligot\u00e9 Dor\u00e9, S\u00e9lection Massale AOP<\/a> 2023 bio <a href=\"https:\/\/wein-werte.com\/de\/shop\/?swoof=1&#038;pa_region=Burgund\">Burgund<\/a> <a href=\"https:\/\/wein-werte.com\/de\/shop\/?swoof=1&#038;pa_country=Frankreich\">Frankreich<\/a><\/p>\n<p>Internetseite des Weinguts: <a href=\"https:\/\/www.domaineborischampy.com\/en\/home\/\" target=\"_blank\">https:\/\/www.domaineborischampy.com\/en\/home\/<\/a><\/p>\n","protected":false},"excerpt":{"rendered":"<p>Lieferzeit: 1 bis 2 Arbeitstage (DE), 2 bis 5 Arbeitstage (EU and CH)<\/p>\n","protected":false},"featured_media":1139548,"template":"","meta":[],"product_brand":[],"product_cat":[19],"product_tag":[],"class_list":{"0":"post-1127717","1":"product","2":"type-product","3":"status-publish","4":"has-post-thumbnail","6":"product_cat-unkategorisiert","7":"pa_alcohol-for-filter-12-5","8":"pa_certified-biodynamic-nein-de","9":"pa_certified-organic-ja-de","10":"pa_colour-weiss","11":"pa_country-frankreich","12":"pa_grape-aligote","13":"pa_price-for-filter-10566","14":"pa_producer-boris-champy","15":"pa_region-burgund","16":"pa_size-ml-6657","17":"pa_sweetness-trocken-de","18":"pa_type-2-still-de","19":"pa_vintage-2023-de","20":"entry","21":"has-media","23":"first","24":"instock","25":"taxable","26":"shipping-taxable","27":"purchasable","28":"product-type-simple"},"yoast_head":"<!-- This site is optimized with the Yoast SEO plugin v27.5 - https:\/\/yoast.com\/product\/yoast-seo-wordpress\/ -->\n<title>Boris Champy Bourgogne Aligot\u00e9 Dor\u00e9 S\u00e9lection Massale 2023, 1500ml<\/title>\n<meta name=\"description\" content=\"Kaufe Boris Champy Bourgogne Aligot\u00e9 Dor\u00e9 S\u00e9lection Massale 2023 (Aligot\u00e9, trocken aus Burgund, Frankreich) bei Wein Werte, Ihrem nachhaltigen Onlineshop.\" \/>\n<meta name=\"robots\" content=\"index, follow, max-snippet:-1, max-image-preview:large, max-video-preview:-1\" \/>\n<link rel=\"canonical\" href=\"https:\/\/wein-werte.com\/de\/produkt\/boris-champy-bourgogne-aligote-dore-selection-massale-2023-1500ml\/\" \/>\n<meta property=\"og:locale\" content=\"de_DE\" \/>\n<meta property=\"og:type\" content=\"article\" \/>\n<meta property=\"og:title\" content=\"Boris Champy Bourgogne Aligot\u00e9 Dor\u00e9 S\u00e9lection Massale 2023, 1500ml\" \/>\n<meta property=\"og:description\" content=\"Kaufe Boris Champy Bourgogne Aligot\u00e9 Dor\u00e9 S\u00e9lection Massale 2023 (Aligot\u00e9, trocken aus Burgund, Frankreich) bei Wein Werte, Ihrem nachhaltigen Onlineshop.\" \/>\n<meta property=\"og:url\" content=\"https:\/\/wein-werte.com\/de\/produkt\/boris-champy-bourgogne-aligote-dore-selection-massale-2023-1500ml\/\" \/>\n<meta property=\"og:site_name\" content=\"Wein Werte\" \/>\n<meta property=\"og:image\" content=\"https:\/\/wein-werte.com\/wp-content\/uploads\/2026\/04\/Boris-Champy-Bourgogne-Aligote-Dore-Selection-Massale-2023-1500ml.png\" \/>\n\t<meta property=\"og:image:width\" content=\"348\" \/>\n\t<meta property=\"og:image:height\" content=\"1200\" \/>\n\t<meta property=\"og:image:type\" content=\"image\/png\" \/>\n<meta name=\"twitter:card\" content=\"summary_large_image\" \/>\n<meta name=\"twitter:label1\" content=\"Gesch\u00e4tzte Lesezeit\" \/>\n\t<meta name=\"twitter:data1\" content=\"1\u00a0Minute\" \/>\n<script type=\"application\/ld+json\" class=\"yoast-schema-graph\">{\"@context\":\"https:\\\/\\\/schema.org\",\"@graph\":[{\"@type\":\"WebPage\",\"@id\":\"https:\\\/\\\/wein-werte.com\\\/de\\\/produkt\\\/boris-champy-bourgogne-aligote-dore-selection-massale-2023-1500ml\\\/\",\"url\":\"https:\\\/\\\/wein-werte.com\\\/de\\\/produkt\\\/boris-champy-bourgogne-aligote-dore-selection-massale-2023-1500ml\\\/\",\"name\":\"Boris Champy Bourgogne Aligot\u00e9 Dor\u00e9 S\u00e9lection Massale 2023, 1500ml\",\"isPartOf\":{\"@id\":\"https:\\\/\\\/wein-werte.com\\\/de\\\/#website\"},\"primaryImageOfPage\":{\"@id\":\"https:\\\/\\\/wein-werte.com\\\/de\\\/produkt\\\/boris-champy-bourgogne-aligote-dore-selection-massale-2023-1500ml\\\/#primaryimage\"},\"image\":{\"@id\":\"https:\\\/\\\/wein-werte.com\\\/de\\\/produkt\\\/boris-champy-bourgogne-aligote-dore-selection-massale-2023-1500ml\\\/#primaryimage\"},\"thumbnailUrl\":\"https:\\\/\\\/wein-werte.com\\\/wp-content\\\/uploads\\\/2026\\\/04\\\/Boris-Champy-Bourgogne-Aligote-Dore-Selection-Massale-2023-1500ml.png\",\"datePublished\":\"2026-05-08T17:57:54+00:00\",\"description\":\"Kaufe Boris Champy Bourgogne Aligot\u00e9 Dor\u00e9 S\u00e9lection Massale 2023 (Aligot\u00e9, trocken aus Burgund, Frankreich) bei Wein Werte, Ihrem nachhaltigen Onlineshop.\",\"breadcrumb\":{\"@id\":\"https:\\\/\\\/wein-werte.com\\\/de\\\/produkt\\\/boris-champy-bourgogne-aligote-dore-selection-massale-2023-1500ml\\\/#breadcrumb\"},\"inLanguage\":\"de\",\"potentialAction\":[{\"@type\":\"ReadAction\",\"target\":[\"https:\\\/\\\/wein-werte.com\\\/de\\\/produkt\\\/boris-champy-bourgogne-aligote-dore-selection-massale-2023-1500ml\\\/\"]}]},{\"@type\":\"ImageObject\",\"inLanguage\":\"de\",\"@id\":\"https:\\\/\\\/wein-werte.com\\\/de\\\/produkt\\\/boris-champy-bourgogne-aligote-dore-selection-massale-2023-1500ml\\\/#primaryimage\",\"url\":\"https:\\\/\\\/wein-werte.com\\\/wp-content\\\/uploads\\\/2026\\\/04\\\/Boris-Champy-Bourgogne-Aligote-Dore-Selection-Massale-2023-1500ml.png\",\"contentUrl\":\"https:\\\/\\\/wein-werte.com\\\/wp-content\\\/uploads\\\/2026\\\/04\\\/Boris-Champy-Bourgogne-Aligote-Dore-Selection-Massale-2023-1500ml.png\",\"width\":348,\"height\":1200,\"caption\":\"Boris Champy Bourgogne Aligot\u00e9 Dor\u00e9, S\u00e9lection Massale AOP 2023 1500ml\"},{\"@type\":\"BreadcrumbList\",\"@id\":\"https:\\\/\\\/wein-werte.com\\\/de\\\/produkt\\\/boris-champy-bourgogne-aligote-dore-selection-massale-2023-1500ml\\\/#breadcrumb\",\"itemListElement\":[{\"@type\":\"ListItem\",\"position\":1,\"name\":\"Home\",\"item\":\"https:\\\/\\\/wein-werte.com\\\/de\\\/\"},{\"@type\":\"ListItem\",\"position\":2,\"name\":\"Shop\",\"item\":\"https:\\\/\\\/wein-werte.com\\\/de\\\/shop\\\/\"},{\"@type\":\"ListItem\",\"position\":3,\"name\":\"Boris Champy | Burgund | Bourgogne Aligot\u00e9 Dor\u00e9, S\u00e9lection Massale AOP | 2023 | 1500ml | bio\"}]},{\"@type\":\"WebSite\",\"@id\":\"https:\\\/\\\/wein-werte.com\\\/de\\\/#website\",\"url\":\"https:\\\/\\\/wein-werte.com\\\/de\\\/\",\"name\":\"Wein Werte\",\"description\":\"\",\"publisher\":{\"@id\":\"https:\\\/\\\/wein-werte.com\\\/de\\\/#organization\"},\"potentialAction\":[{\"@type\":\"SearchAction\",\"target\":{\"@type\":\"EntryPoint\",\"urlTemplate\":\"https:\\\/\\\/wein-werte.com\\\/de\\\/?s={search_term_string}\"},\"query-input\":{\"@type\":\"PropertyValueSpecification\",\"valueRequired\":true,\"valueName\":\"search_term_string\"}}],\"inLanguage\":\"de\"},{\"@type\":\"Organization\",\"@id\":\"https:\\\/\\\/wein-werte.com\\\/de\\\/#organization\",\"name\":\"Vins Fins Thorrold\",\"url\":\"https:\\\/\\\/wein-werte.com\\\/de\\\/\",\"logo\":{\"@type\":\"ImageObject\",\"inLanguage\":\"de\",\"@id\":\"https:\\\/\\\/wein-werte.com\\\/de\\\/#\\\/schema\\\/logo\\\/image\\\/\",\"url\":\"https:\\\/\\\/wein-werte.com\\\/wp-content\\\/uploads\\\/2023\\\/07\\\/Wein_werte_Logo700-1.png\",\"contentUrl\":\"https:\\\/\\\/wein-werte.com\\\/wp-content\\\/uploads\\\/2023\\\/07\\\/Wein_werte_Logo700-1.png\",\"width\":700,\"height\":272,\"caption\":\"Vins Fins Thorrold\"},\"image\":{\"@id\":\"https:\\\/\\\/wein-werte.com\\\/de\\\/#\\\/schema\\\/logo\\\/image\\\/\"}}]}<\/script>\n<!-- \/ Yoast SEO plugin. -->","yoast_head_json":{"title":"Boris Champy Bourgogne Aligot\u00e9 Dor\u00e9 S\u00e9lection Massale 2023, 1500ml","description":"Kaufe Boris Champy Bourgogne Aligot\u00e9 Dor\u00e9 S\u00e9lection Massale 2023 (Aligot\u00e9, trocken aus Burgund, Frankreich) bei Wein Werte, Ihrem nachhaltigen Onlineshop.","robots":{"index":"index","follow":"follow","max-snippet":"max-snippet:-1","max-image-preview":"max-image-preview:large","max-video-preview":"max-video-preview:-1"},"canonical":"https:\/\/wein-werte.com\/de\/produkt\/boris-champy-bourgogne-aligote-dore-selection-massale-2023-1500ml\/","og_locale":"de_DE","og_type":"article","og_title":"Boris Champy Bourgogne Aligot\u00e9 Dor\u00e9 S\u00e9lection Massale 2023, 1500ml","og_description":"Kaufe Boris Champy Bourgogne Aligot\u00e9 Dor\u00e9 S\u00e9lection Massale 2023 (Aligot\u00e9, trocken aus Burgund, Frankreich) bei Wein Werte, Ihrem nachhaltigen Onlineshop.","og_url":"https:\/\/wein-werte.com\/de\/produkt\/boris-champy-bourgogne-aligote-dore-selection-massale-2023-1500ml\/","og_site_name":"Wein Werte","og_image":[{"width":348,"height":1200,"url":"https:\/\/wein-werte.com\/wp-content\/uploads\/2026\/04\/Boris-Champy-Bourgogne-Aligote-Dore-Selection-Massale-2023-1500ml.png","type":"image\/png"}],"twitter_card":"summary_large_image","twitter_misc":{"Gesch\u00e4tzte Lesezeit":"1\u00a0Minute"},"schema":{"@context":"https:\/\/schema.org","@graph":[{"@type":"WebPage","@id":"https:\/\/wein-werte.com\/de\/produkt\/boris-champy-bourgogne-aligote-dore-selection-massale-2023-1500ml\/","url":"https:\/\/wein-werte.com\/de\/produkt\/boris-champy-bourgogne-aligote-dore-selection-massale-2023-1500ml\/","name":"Boris Champy Bourgogne Aligot\u00e9 Dor\u00e9 S\u00e9lection Massale 2023, 1500ml","isPartOf":{"@id":"https:\/\/wein-werte.com\/de\/#website"},"primaryImageOfPage":{"@id":"https:\/\/wein-werte.com\/de\/produkt\/boris-champy-bourgogne-aligote-dore-selection-massale-2023-1500ml\/#primaryimage"},"image":{"@id":"https:\/\/wein-werte.com\/de\/produkt\/boris-champy-bourgogne-aligote-dore-selection-massale-2023-1500ml\/#primaryimage"},"thumbnailUrl":"https:\/\/wein-werte.com\/wp-content\/uploads\/2026\/04\/Boris-Champy-Bourgogne-Aligote-Dore-Selection-Massale-2023-1500ml.png","datePublished":"2026-05-08T17:57:54+00:00","description":"Kaufe Boris Champy Bourgogne Aligot\u00e9 Dor\u00e9 S\u00e9lection Massale 2023 (Aligot\u00e9, trocken aus Burgund, Frankreich) bei Wein Werte, Ihrem nachhaltigen Onlineshop.","breadcrumb":{"@id":"https:\/\/wein-werte.com\/de\/produkt\/boris-champy-bourgogne-aligote-dore-selection-massale-2023-1500ml\/#breadcrumb"},"inLanguage":"de","potentialAction":[{"@type":"ReadAction","target":["https:\/\/wein-werte.com\/de\/produkt\/boris-champy-bourgogne-aligote-dore-selection-massale-2023-1500ml\/"]}]},{"@type":"ImageObject","inLanguage":"de","@id":"https:\/\/wein-werte.com\/de\/produkt\/boris-champy-bourgogne-aligote-dore-selection-massale-2023-1500ml\/#primaryimage","url":"https:\/\/wein-werte.com\/wp-content\/uploads\/2026\/04\/Boris-Champy-Bourgogne-Aligote-Dore-Selection-Massale-2023-1500ml.png","contentUrl":"https:\/\/wein-werte.com\/wp-content\/uploads\/2026\/04\/Boris-Champy-Bourgogne-Aligote-Dore-Selection-Massale-2023-1500ml.png","width":348,"height":1200,"caption":"Boris Champy Bourgogne Aligot\u00e9 Dor\u00e9, S\u00e9lection Massale AOP 2023 1500ml"},{"@type":"BreadcrumbList","@id":"https:\/\/wein-werte.com\/de\/produkt\/boris-champy-bourgogne-aligote-dore-selection-massale-2023-1500ml\/#breadcrumb","itemListElement":[{"@type":"ListItem","position":1,"name":"Home","item":"https:\/\/wein-werte.com\/de\/"},{"@type":"ListItem","position":2,"name":"Shop","item":"https:\/\/wein-werte.com\/de\/shop\/"},{"@type":"ListItem","position":3,"name":"Boris Champy | Burgund | Bourgogne Aligot\u00e9 Dor\u00e9, S\u00e9lection Massale AOP | 2023 | 1500ml | bio"}]},{"@type":"WebSite","@id":"https:\/\/wein-werte.com\/de\/#website","url":"https:\/\/wein-werte.com\/de\/","name":"Wein Werte","description":"","publisher":{"@id":"https:\/\/wein-werte.com\/de\/#organization"},"potentialAction":[{"@type":"SearchAction","target":{"@type":"EntryPoint","urlTemplate":"https:\/\/wein-werte.com\/de\/?s={search_term_string}"},"query-input":{"@type":"PropertyValueSpecification","valueRequired":true,"valueName":"search_term_string"}}],"inLanguage":"de"},{"@type":"Organization","@id":"https:\/\/wein-werte.com\/de\/#organization","name":"Vins Fins Thorrold","url":"https:\/\/wein-werte.com\/de\/","logo":{"@type":"ImageObject","inLanguage":"de","@id":"https:\/\/wein-werte.com\/de\/#\/schema\/logo\/image\/","url":"https:\/\/wein-werte.com\/wp-content\/uploads\/2023\/07\/Wein_werte_Logo700-1.png","contentUrl":"https:\/\/wein-werte.com\/wp-content\/uploads\/2023\/07\/Wein_werte_Logo700-1.png","width":700,"height":272,"caption":"Vins Fins Thorrold"},"image":{"@id":"https:\/\/wein-werte.com\/de\/#\/schema\/logo\/image\/"}}]}},"_links":{"self":[{"href":"https:\/\/wein-werte.com\/de\/wp-json\/wp\/v2\/product\/1127717","targetHints":{"allow":["GET"]}}],"collection":[{"href":"https:\/\/wein-werte.com\/de\/wp-json\/wp\/v2\/product"}],"about":[{"href":"https:\/\/wein-werte.com\/de\/wp-json\/wp\/v2\/types\/product"}],"wp:featuredmedia":[{"embeddable":true,"href":"https:\/\/wein-werte.com\/de\/wp-json\/wp\/v2\/media\/1139548"}],"wp:attachment":[{"href":"https:\/\/wein-werte.com\/de\/wp-json\/wp\/v2\/media?parent=1127717"}],"wp:term":[{"taxonomy":"product_brand","embeddable":true,"href":"https:\/\/wein-werte.com\/de\/wp-json\/wp\/v2\/product_brand?post=1127717"},{"taxonomy":"product_cat","embeddable":true,"href":"https:\/\/wein-werte.com\/de\/wp-json\/wp\/v2\/product_cat?post=1127717"},{"taxonomy":"product_tag","embeddable":true,"href":"https:\/\/wein-werte.com\/de\/wp-json\/wp\/v2\/product_tag?post=1127717"}],"curies":[{"name":"wp","href":"https:\/\/api.w.org\/{rel}","templated":true}]}}