{"id":1127712,"date":"2026-05-05T18:11:24","date_gmt":"2026-05-05T16:11:24","guid":{"rendered":"https:\/\/wein-werte.com\/product\/boris-champy-petit-aigle-bourgogne-pinot-noir-eleve-en-fut-2023-750ml\/"},"modified":"2026-04-27T11:41:16","modified_gmt":"2026-04-27T09:41:16","slug":"boris-champy-petit-aigle-bourgogne-pinot-noir-eleve-en-fut-2023-750ml","status":"publish","type":"product","link":"https:\/\/wein-werte.com\/de\/produkt\/boris-champy-petit-aigle-bourgogne-pinot-noir-eleve-en-fut-2023-750ml\/","title":{"rendered":"Boris Champy | Burgund | Petit Aigle, Bourgogne Pinot Noir &#8211; \u00c9lev\u00e9 en F\u00fbt AOP | 2023 | 750ml | bio"},"content":{"rendered":"<p>Produktbeschreibung f\u00fcr Boris Champy Petit Aigle, Bourgogne Pinot Noir &#8211; \u00c9lev\u00e9 en F\u00fbt AOP 2023 (bio) <\/p>\n<h5>Informationen zum Wein<\/h5>\n<p> F\u00fcr diesen Wein aus der N\u00e9goce-Serie Petit Aigle hat Boris Champy teils Trauben eigener junger Reben, teils nach Ecocert zertifizierte biologisch-organisch erzeugte Trauben eines befreundeten Winzers genutzt. Der Pinot Noir stammt von Kalkstein-, Kiesel- und Lehmh\u00e4ngen in Ost-\/S\u00fcdwestausrichtung. Boris Champy hat die Trauben zu 100% entrappt, spontan in offenen Bottichen vergoren, schonend extrahiert und den Wein \u00fcber zehn bis zw\u00f6lf Monate in Tonneaux ausgebaut und ohne Filtration abgef\u00fcllt. <\/p>\n<h5>Farbe<\/h5>\n<p> recht transparentes Rubinrot <\/p>\n<h5>Nase<\/h5>\n<p> Boris Champys Petit Aigle Bourgogne Rouge 2023 ist ein frischer, knackiger und leicht w\u00fcrziger Pinot mit einer Mischung aus vor allem roten, aber auch schwarzen Beeren, sowie etwas Sauerkirsche, Eisenkraut und Bl\u00fcten. Er wirkt im Duft genauso transparent wie in der Farbe. Es gibt kaum Extraktion und wenig Holz, daf\u00fcr viel angenehm s\u00e4uerliche Frucht. <\/p>\n<h5>Gaumen<\/h5>\n<p> Am Gaumen wirkt der rote Burgunder saftig und so frisch, dass man direkt Lust auf mehr bekommt. Es ist ein betont unkomplizierter aber keineswegs banaler Wein. Vielmehr sorgt Boris Champy f\u00fcr das richtige Ma\u00df an feinem Tannin, vor allem aber an mundw\u00e4ssernder S\u00e4ure. Auch hier gibt es vor allen knackige rote Beeren und Sauerkirschen, etwas Unterholz und eine pikant erdige Note. <\/p>\n<p>Copyright Vinaturel 2025<\/p>\n<p>Keywords: <a href=\"https:\/\/wein-werte.com\/de\/shop\/?swoof=1&#038;pa_producer=Boris-Champy\">Boris Champy<\/a> <a href=\"https:\/\/wein-werte.com\/de\/shop\/?swoof=1&#038;woof_text=Petit Aigle, Bourgogne Pinot Noir - \u00c9lev\u00e9 en F\u00fbt AOP\">Petit Aigle, Bourgogne Pinot Noir &#8211; \u00c9lev\u00e9 en F\u00fbt AOP<\/a> 2023 bio <a href=\"https:\/\/wein-werte.com\/de\/shop\/?swoof=1&#038;pa_region=Burgund\">Burgund<\/a> <a href=\"https:\/\/wein-werte.com\/de\/shop\/?swoof=1&#038;pa_country=Frankreich\">Frankreich<\/a><\/p>\n<p>Internetseite des Weinguts: <a href=\"https:\/\/www.domaineborischampy.com\/en\/home\/\" target=\"_blank\">https:\/\/www.domaineborischampy.com\/en\/home\/<\/a><\/p>\n","protected":false},"excerpt":{"rendered":"<p>Lieferzeit: 1 bis 2 Arbeitstage (DE), 2 bis 5 Arbeitstage (EU and CH)<\/p>\n","protected":false},"featured_media":1139544,"template":"","meta":[],"product_brand":[],"product_cat":[19],"product_tag":[],"class_list":{"0":"post-1127712","1":"product","2":"type-product","3":"status-publish","4":"has-post-thumbnail","6":"product_cat-unkategorisiert","7":"pa_alcohol-for-filter-12-5","8":"pa_certified-biodynamic-nein-de","9":"pa_certified-organic-ja-de","10":"pa_colour-rot","11":"pa_country-frankreich","12":"pa_grape-pinot-noir-spatburgunder","13":"pa_price-for-filter-10567","14":"pa_producer-boris-champy","15":"pa_region-burgund","16":"pa_size-ml-6584","17":"pa_sweetness-trocken-de","18":"pa_type-2-still-de","19":"pa_vintage-2023-de","20":"entry","21":"has-media","23":"first","24":"instock","25":"taxable","26":"shipping-taxable","27":"purchasable","28":"product-type-simple"},"yoast_head":"<!-- This site is optimized with the Yoast SEO plugin v27.5 - https:\/\/yoast.com\/product\/yoast-seo-wordpress\/ -->\n<title>Boris Champy Petit Aigle Bourgogne Pinot Noir - \u00c9lev\u00e9 en F\u00fbt 2023<\/title>\n<meta name=\"description\" content=\"Kaufe Boris Champy Petit Aigle Bourgogne Pinot Noir - \u00c9lev\u00e9 en F\u00fbt 2023 (Pinot Noir, trocken aus Burgund, Frankreich) bei Wein Werte, Ihrem nachhaltigen Onlineshop.\" \/>\n<meta name=\"robots\" content=\"index, follow, max-snippet:-1, max-image-preview:large, max-video-preview:-1\" \/>\n<link rel=\"canonical\" href=\"https:\/\/wein-werte.com\/de\/produkt\/boris-champy-petit-aigle-bourgogne-pinot-noir-eleve-en-fut-2023-750ml\/\" \/>\n<meta property=\"og:locale\" content=\"de_DE\" \/>\n<meta property=\"og:type\" content=\"article\" \/>\n<meta property=\"og:title\" content=\"Boris Champy Petit Aigle Bourgogne Pinot Noir - \u00c9lev\u00e9 en F\u00fbt 2023\" \/>\n<meta property=\"og:description\" content=\"Kaufe Boris Champy Petit Aigle Bourgogne Pinot Noir - \u00c9lev\u00e9 en F\u00fbt 2023 (Pinot Noir, trocken aus Burgund, Frankreich) bei Wein Werte, Ihrem nachhaltigen Onlineshop.\" \/>\n<meta property=\"og:url\" content=\"https:\/\/wein-werte.com\/de\/produkt\/boris-champy-petit-aigle-bourgogne-pinot-noir-eleve-en-fut-2023-750ml\/\" \/>\n<meta property=\"og:site_name\" content=\"Wein Werte\" \/>\n<meta property=\"og:image\" content=\"https:\/\/wein-werte.com\/wp-content\/uploads\/2026\/04\/Boris-Champy-Petit-Aigle-Bourgogne-Pinot-Noir-Eleve-en-Fut-2023-750ml.png\" \/>\n\t<meta property=\"og:image:width\" content=\"335\" \/>\n\t<meta property=\"og:image:height\" content=\"1200\" \/>\n\t<meta property=\"og:image:type\" content=\"image\/png\" \/>\n<meta name=\"twitter:card\" content=\"summary_large_image\" \/>\n<meta name=\"twitter:label1\" content=\"Gesch\u00e4tzte Lesezeit\" \/>\n\t<meta name=\"twitter:data1\" content=\"1\u00a0Minute\" \/>\n<script type=\"application\/ld+json\" class=\"yoast-schema-graph\">{\"@context\":\"https:\\\/\\\/schema.org\",\"@graph\":[{\"@type\":\"WebPage\",\"@id\":\"https:\\\/\\\/wein-werte.com\\\/de\\\/produkt\\\/boris-champy-petit-aigle-bourgogne-pinot-noir-eleve-en-fut-2023-750ml\\\/\",\"url\":\"https:\\\/\\\/wein-werte.com\\\/de\\\/produkt\\\/boris-champy-petit-aigle-bourgogne-pinot-noir-eleve-en-fut-2023-750ml\\\/\",\"name\":\"Boris Champy Petit Aigle Bourgogne Pinot Noir - \u00c9lev\u00e9 en F\u00fbt 2023\",\"isPartOf\":{\"@id\":\"https:\\\/\\\/wein-werte.com\\\/de\\\/#website\"},\"primaryImageOfPage\":{\"@id\":\"https:\\\/\\\/wein-werte.com\\\/de\\\/produkt\\\/boris-champy-petit-aigle-bourgogne-pinot-noir-eleve-en-fut-2023-750ml\\\/#primaryimage\"},\"image\":{\"@id\":\"https:\\\/\\\/wein-werte.com\\\/de\\\/produkt\\\/boris-champy-petit-aigle-bourgogne-pinot-noir-eleve-en-fut-2023-750ml\\\/#primaryimage\"},\"thumbnailUrl\":\"https:\\\/\\\/wein-werte.com\\\/wp-content\\\/uploads\\\/2026\\\/04\\\/Boris-Champy-Petit-Aigle-Bourgogne-Pinot-Noir-Eleve-en-Fut-2023-750ml.png\",\"datePublished\":\"2026-05-05T16:11:24+00:00\",\"description\":\"Kaufe Boris Champy Petit Aigle Bourgogne Pinot Noir - \u00c9lev\u00e9 en F\u00fbt 2023 (Pinot Noir, trocken aus Burgund, Frankreich) bei Wein Werte, Ihrem nachhaltigen Onlineshop.\",\"breadcrumb\":{\"@id\":\"https:\\\/\\\/wein-werte.com\\\/de\\\/produkt\\\/boris-champy-petit-aigle-bourgogne-pinot-noir-eleve-en-fut-2023-750ml\\\/#breadcrumb\"},\"inLanguage\":\"de\",\"potentialAction\":[{\"@type\":\"ReadAction\",\"target\":[\"https:\\\/\\\/wein-werte.com\\\/de\\\/produkt\\\/boris-champy-petit-aigle-bourgogne-pinot-noir-eleve-en-fut-2023-750ml\\\/\"]}]},{\"@type\":\"ImageObject\",\"inLanguage\":\"de\",\"@id\":\"https:\\\/\\\/wein-werte.com\\\/de\\\/produkt\\\/boris-champy-petit-aigle-bourgogne-pinot-noir-eleve-en-fut-2023-750ml\\\/#primaryimage\",\"url\":\"https:\\\/\\\/wein-werte.com\\\/wp-content\\\/uploads\\\/2026\\\/04\\\/Boris-Champy-Petit-Aigle-Bourgogne-Pinot-Noir-Eleve-en-Fut-2023-750ml.png\",\"contentUrl\":\"https:\\\/\\\/wein-werte.com\\\/wp-content\\\/uploads\\\/2026\\\/04\\\/Boris-Champy-Petit-Aigle-Bourgogne-Pinot-Noir-Eleve-en-Fut-2023-750ml.png\",\"width\":335,\"height\":1200,\"caption\":\"Boris Champy Petit Aigle, Bourgogne Pinot Noir - \u00c9lev\u00e9 en F\u00fbt AOP 2023 750ml\"},{\"@type\":\"BreadcrumbList\",\"@id\":\"https:\\\/\\\/wein-werte.com\\\/de\\\/produkt\\\/boris-champy-petit-aigle-bourgogne-pinot-noir-eleve-en-fut-2023-750ml\\\/#breadcrumb\",\"itemListElement\":[{\"@type\":\"ListItem\",\"position\":1,\"name\":\"Home\",\"item\":\"https:\\\/\\\/wein-werte.com\\\/de\\\/\"},{\"@type\":\"ListItem\",\"position\":2,\"name\":\"Shop\",\"item\":\"https:\\\/\\\/wein-werte.com\\\/de\\\/shop\\\/\"},{\"@type\":\"ListItem\",\"position\":3,\"name\":\"Boris Champy | Burgund | Petit Aigle, Bourgogne Pinot Noir &#8211; \u00c9lev\u00e9 en F\u00fbt AOP | 2023 | 750ml | bio\"}]},{\"@type\":\"WebSite\",\"@id\":\"https:\\\/\\\/wein-werte.com\\\/de\\\/#website\",\"url\":\"https:\\\/\\\/wein-werte.com\\\/de\\\/\",\"name\":\"Wein Werte\",\"description\":\"\",\"publisher\":{\"@id\":\"https:\\\/\\\/wein-werte.com\\\/de\\\/#organization\"},\"potentialAction\":[{\"@type\":\"SearchAction\",\"target\":{\"@type\":\"EntryPoint\",\"urlTemplate\":\"https:\\\/\\\/wein-werte.com\\\/de\\\/?s={search_term_string}\"},\"query-input\":{\"@type\":\"PropertyValueSpecification\",\"valueRequired\":true,\"valueName\":\"search_term_string\"}}],\"inLanguage\":\"de\"},{\"@type\":\"Organization\",\"@id\":\"https:\\\/\\\/wein-werte.com\\\/de\\\/#organization\",\"name\":\"Vins Fins Thorrold\",\"url\":\"https:\\\/\\\/wein-werte.com\\\/de\\\/\",\"logo\":{\"@type\":\"ImageObject\",\"inLanguage\":\"de\",\"@id\":\"https:\\\/\\\/wein-werte.com\\\/de\\\/#\\\/schema\\\/logo\\\/image\\\/\",\"url\":\"https:\\\/\\\/wein-werte.com\\\/wp-content\\\/uploads\\\/2023\\\/07\\\/Wein_werte_Logo700-1.png\",\"contentUrl\":\"https:\\\/\\\/wein-werte.com\\\/wp-content\\\/uploads\\\/2023\\\/07\\\/Wein_werte_Logo700-1.png\",\"width\":700,\"height\":272,\"caption\":\"Vins Fins Thorrold\"},\"image\":{\"@id\":\"https:\\\/\\\/wein-werte.com\\\/de\\\/#\\\/schema\\\/logo\\\/image\\\/\"}}]}<\/script>\n<!-- \/ Yoast SEO plugin. -->","yoast_head_json":{"title":"Boris Champy Petit Aigle Bourgogne Pinot Noir - \u00c9lev\u00e9 en F\u00fbt 2023","description":"Kaufe Boris Champy Petit Aigle Bourgogne Pinot Noir - \u00c9lev\u00e9 en F\u00fbt 2023 (Pinot Noir, trocken aus Burgund, Frankreich) bei Wein Werte, Ihrem nachhaltigen Onlineshop.","robots":{"index":"index","follow":"follow","max-snippet":"max-snippet:-1","max-image-preview":"max-image-preview:large","max-video-preview":"max-video-preview:-1"},"canonical":"https:\/\/wein-werte.com\/de\/produkt\/boris-champy-petit-aigle-bourgogne-pinot-noir-eleve-en-fut-2023-750ml\/","og_locale":"de_DE","og_type":"article","og_title":"Boris Champy Petit Aigle Bourgogne Pinot Noir - \u00c9lev\u00e9 en F\u00fbt 2023","og_description":"Kaufe Boris Champy Petit Aigle Bourgogne Pinot Noir - \u00c9lev\u00e9 en F\u00fbt 2023 (Pinot Noir, trocken aus Burgund, Frankreich) bei Wein Werte, Ihrem nachhaltigen Onlineshop.","og_url":"https:\/\/wein-werte.com\/de\/produkt\/boris-champy-petit-aigle-bourgogne-pinot-noir-eleve-en-fut-2023-750ml\/","og_site_name":"Wein Werte","og_image":[{"width":335,"height":1200,"url":"https:\/\/wein-werte.com\/wp-content\/uploads\/2026\/04\/Boris-Champy-Petit-Aigle-Bourgogne-Pinot-Noir-Eleve-en-Fut-2023-750ml.png","type":"image\/png"}],"twitter_card":"summary_large_image","twitter_misc":{"Gesch\u00e4tzte Lesezeit":"1\u00a0Minute"},"schema":{"@context":"https:\/\/schema.org","@graph":[{"@type":"WebPage","@id":"https:\/\/wein-werte.com\/de\/produkt\/boris-champy-petit-aigle-bourgogne-pinot-noir-eleve-en-fut-2023-750ml\/","url":"https:\/\/wein-werte.com\/de\/produkt\/boris-champy-petit-aigle-bourgogne-pinot-noir-eleve-en-fut-2023-750ml\/","name":"Boris Champy Petit Aigle Bourgogne Pinot Noir - \u00c9lev\u00e9 en F\u00fbt 2023","isPartOf":{"@id":"https:\/\/wein-werte.com\/de\/#website"},"primaryImageOfPage":{"@id":"https:\/\/wein-werte.com\/de\/produkt\/boris-champy-petit-aigle-bourgogne-pinot-noir-eleve-en-fut-2023-750ml\/#primaryimage"},"image":{"@id":"https:\/\/wein-werte.com\/de\/produkt\/boris-champy-petit-aigle-bourgogne-pinot-noir-eleve-en-fut-2023-750ml\/#primaryimage"},"thumbnailUrl":"https:\/\/wein-werte.com\/wp-content\/uploads\/2026\/04\/Boris-Champy-Petit-Aigle-Bourgogne-Pinot-Noir-Eleve-en-Fut-2023-750ml.png","datePublished":"2026-05-05T16:11:24+00:00","description":"Kaufe Boris Champy Petit Aigle Bourgogne Pinot Noir - \u00c9lev\u00e9 en F\u00fbt 2023 (Pinot Noir, trocken aus Burgund, Frankreich) bei Wein Werte, Ihrem nachhaltigen Onlineshop.","breadcrumb":{"@id":"https:\/\/wein-werte.com\/de\/produkt\/boris-champy-petit-aigle-bourgogne-pinot-noir-eleve-en-fut-2023-750ml\/#breadcrumb"},"inLanguage":"de","potentialAction":[{"@type":"ReadAction","target":["https:\/\/wein-werte.com\/de\/produkt\/boris-champy-petit-aigle-bourgogne-pinot-noir-eleve-en-fut-2023-750ml\/"]}]},{"@type":"ImageObject","inLanguage":"de","@id":"https:\/\/wein-werte.com\/de\/produkt\/boris-champy-petit-aigle-bourgogne-pinot-noir-eleve-en-fut-2023-750ml\/#primaryimage","url":"https:\/\/wein-werte.com\/wp-content\/uploads\/2026\/04\/Boris-Champy-Petit-Aigle-Bourgogne-Pinot-Noir-Eleve-en-Fut-2023-750ml.png","contentUrl":"https:\/\/wein-werte.com\/wp-content\/uploads\/2026\/04\/Boris-Champy-Petit-Aigle-Bourgogne-Pinot-Noir-Eleve-en-Fut-2023-750ml.png","width":335,"height":1200,"caption":"Boris Champy Petit Aigle, Bourgogne Pinot Noir - \u00c9lev\u00e9 en F\u00fbt AOP 2023 750ml"},{"@type":"BreadcrumbList","@id":"https:\/\/wein-werte.com\/de\/produkt\/boris-champy-petit-aigle-bourgogne-pinot-noir-eleve-en-fut-2023-750ml\/#breadcrumb","itemListElement":[{"@type":"ListItem","position":1,"name":"Home","item":"https:\/\/wein-werte.com\/de\/"},{"@type":"ListItem","position":2,"name":"Shop","item":"https:\/\/wein-werte.com\/de\/shop\/"},{"@type":"ListItem","position":3,"name":"Boris Champy | Burgund | Petit Aigle, Bourgogne Pinot Noir &#8211; \u00c9lev\u00e9 en F\u00fbt AOP | 2023 | 750ml | bio"}]},{"@type":"WebSite","@id":"https:\/\/wein-werte.com\/de\/#website","url":"https:\/\/wein-werte.com\/de\/","name":"Wein Werte","description":"","publisher":{"@id":"https:\/\/wein-werte.com\/de\/#organization"},"potentialAction":[{"@type":"SearchAction","target":{"@type":"EntryPoint","urlTemplate":"https:\/\/wein-werte.com\/de\/?s={search_term_string}"},"query-input":{"@type":"PropertyValueSpecification","valueRequired":true,"valueName":"search_term_string"}}],"inLanguage":"de"},{"@type":"Organization","@id":"https:\/\/wein-werte.com\/de\/#organization","name":"Vins Fins Thorrold","url":"https:\/\/wein-werte.com\/de\/","logo":{"@type":"ImageObject","inLanguage":"de","@id":"https:\/\/wein-werte.com\/de\/#\/schema\/logo\/image\/","url":"https:\/\/wein-werte.com\/wp-content\/uploads\/2023\/07\/Wein_werte_Logo700-1.png","contentUrl":"https:\/\/wein-werte.com\/wp-content\/uploads\/2023\/07\/Wein_werte_Logo700-1.png","width":700,"height":272,"caption":"Vins Fins Thorrold"},"image":{"@id":"https:\/\/wein-werte.com\/de\/#\/schema\/logo\/image\/"}}]}},"_links":{"self":[{"href":"https:\/\/wein-werte.com\/de\/wp-json\/wp\/v2\/product\/1127712","targetHints":{"allow":["GET"]}}],"collection":[{"href":"https:\/\/wein-werte.com\/de\/wp-json\/wp\/v2\/product"}],"about":[{"href":"https:\/\/wein-werte.com\/de\/wp-json\/wp\/v2\/types\/product"}],"wp:featuredmedia":[{"embeddable":true,"href":"https:\/\/wein-werte.com\/de\/wp-json\/wp\/v2\/media\/1139544"}],"wp:attachment":[{"href":"https:\/\/wein-werte.com\/de\/wp-json\/wp\/v2\/media?parent=1127712"}],"wp:term":[{"taxonomy":"product_brand","embeddable":true,"href":"https:\/\/wein-werte.com\/de\/wp-json\/wp\/v2\/product_brand?post=1127712"},{"taxonomy":"product_cat","embeddable":true,"href":"https:\/\/wein-werte.com\/de\/wp-json\/wp\/v2\/product_cat?post=1127712"},{"taxonomy":"product_tag","embeddable":true,"href":"https:\/\/wein-werte.com\/de\/wp-json\/wp\/v2\/product_tag?post=1127712"}],"curies":[{"name":"wp","href":"https:\/\/api.w.org\/{rel}","templated":true}]}}