{"id":1127702,"date":"2026-05-14T17:36:00","date_gmt":"2026-05-14T15:36:00","guid":{"rendered":"https:\/\/wein-werte.com\/product\/boris-champy-elevation-424-cremant-de-bourgogne-extra-brut-2021-750ml\/"},"modified":"2026-05-14T22:36:28","modified_gmt":"2026-05-14T20:36:28","slug":"boris-champy-elevation-424-cremant-de-bourgogne-extra-brut-2021-750ml","status":"publish","type":"product","link":"https:\/\/wein-werte.com\/de\/produkt\/boris-champy-elevation-424-cremant-de-bourgogne-extra-brut-2021-750ml\/","title":{"rendered":"Boris Champy | Burgund | El\u00e9vation 424, Cr\u00e9mant de Bourgogne, Extra Brut AOP | 2021 | 750ml | bio"},"content":{"rendered":"<p>Produktbeschreibung f\u00fcr Boris Champy El\u00e9vation 424, Cr\u00e9mant de Bourgogne, Extra Brut AOP 2021 (bio)<\/p>\n<p> Im Jahre 2019 hat Boris Champy die 1984 von Didier Montchovet gegr\u00fcndete Domaine \u00fcbernommen. Champy, der zuvor Betriebe wie Dominus in Kalifornien, Louis Latour und Clos de Lambrays leitete, \u00fcbernahm die Domaine, die bereits in den 80er Jahren auf biologische und dann biodynamische Bewirtschaftung umgestellt wurde und damit das erste von Demeter zertifizierte Weingut im Burgund war. Das Weingut umfasst heute zw\u00f6lf Hektar in den einst k\u00fchleren Hautes-C\u00f4tes de Beaune, die f\u00fcr Boris Champy aufgrund des Klimawandels die Zukunft des Burgund darstellen. Der Cr\u00e9mant de Bourgogne verweist mit seinem Namen Elevation 434 auf die H\u00f6henmeter, auf denen die Wei\u00dfburgunder-Reben f\u00fcr diesen Schaumwein gedeihen. <\/p>\n<h5>Farbe<\/h5>\n<p> Sattes Goldgelb mit kupfernen Reflexen und ungest\u00fcmer Perlage. <\/p>\n<h5>Nase<\/h5>\n<p> Der 2021 Elevation 434 Cr\u00e9mant de Bourgogne Extra Brut von Boris Champy duftet ein wenig wie ein orientalischer Basar: Trockenobst wie ged\u00f6rrte Aprikosen und Birnen, dazu die leicht oxidativen Noten angeschnittener \u00c4pfel, Honigmelone und Orangenbl\u00fctenwasser. M\u00fcrbekeks und Zitronat nebst einer Tasse frisch gebr\u00fchten Darjeelings sowie Bienenwachs und Quittengelee. <\/p>\n<h5>Mund<\/h5>\n<p> Im Antrunk werden die gro\u00dfz\u00fcgigen Kaskaden der Nase konterkariert durch seine straffe S\u00e4ure und das ungest\u00fcme Mousseux. Aromatisch ist er am Gaumen breiter und facettenreicher, als seine strukturelle und s\u00e4urebeschleunigte Form es vermuten l\u00e4sst. Die Br\u00fccke wird gebaut durch den cremigen Schmelz und die wilden Oxi-Noten nach Apfel- oder Birnenschaumwein. Spannender Sch\u00e4umer aus Wei\u00dfburgunder.<\/p>\n<p>Copyright Vinaturel 2025<\/p>\n<p>Keywords: <a href=\"https:\/\/wein-werte.com\/shop\/?swoof=1&#038;pa_producer=Boris-Champy\">Boris Champy<\/a> <a href=\"https:\/\/wein-werte.com\/shop\/?swoof=1&#038;woof_text=El\u00e9vation 424, Cr\u00e9mant de Bourgogne, Extra Brut AOP\">El\u00e9vation 424, Cr\u00e9mant de Bourgogne, Extra Brut AOP<\/a> 2021 bio <a href=\"https:\/\/wein-werte.com\/shop\/?swoof=1&#038;pa_region=Burgund\">Burgund<\/a> <a href=\"https:\/\/wein-werte.com\/shop\/?swoof=1&#038;pa_country=Frankreich\">Frankreich<\/a><\/p>\n<p>Internetseite des Weinguts: <a href=\"https:\/\/www.domaineborischampy.com\/en\/home\/\" target=\"_blank\">https:\/\/www.domaineborischampy.com\/en\/home\/<\/a><\/p>\n","protected":false},"excerpt":{"rendered":"<div style=\"font-size: 14px;\">\n<p>Lieferzeit: 1 bis 2 Arbeitstage (DE), 2 bis 5 Arbeitstage (EU und CH)<\/p>\n<p>Ungef\u00e4hrer Energiegehalt pro 125-ml-Glas: 105 kcal<\/p>\n<\/p><\/div>\n","protected":false},"featured_media":1139536,"template":"","meta":[],"product_brand":[],"product_cat":[19],"product_tag":[],"class_list":{"0":"post-1127702","1":"product","2":"type-product","3":"status-publish","4":"has-post-thumbnail","6":"product_cat-unkategorisiert","7":"pa_alcohol-for-filter-12-5","8":"pa_certified-biodynamic-nein-de","9":"pa_certified-organic-ja-de","10":"pa_colour-weiss","11":"pa_country-frankreich","12":"pa_grape-aligote","13":"pa_price-for-filter-10566","14":"pa_producer-boris-champy","15":"pa_region-burgund","16":"pa_size-ml-20256","17":"pa_sweetness-trocken-de","18":"pa_type-2-cremant-de","19":"pa_vintage-2021-de","20":"entry","21":"has-media","23":"first","24":"instock","25":"taxable","26":"shipping-taxable","27":"purchasable","28":"product-type-simple"},"yoast_head":"<!-- This site is optimized with the Yoast SEO plugin v27.6 - https:\/\/yoast.com\/product\/yoast-seo-wordpress\/ -->\n<title>Boris Champy El\u00e9vation 424 Cr\u00e9mant de Bourgogne Extra Brut 2021 750ml<\/title>\n<meta name=\"description\" content=\"Kaufe Boris Champy El\u00e9vation 424 Cr\u00e9mant de Bourgogne Extra Brut 2021 (Aligot\u00e9, trocken Schaumwein aus Burgund, Frankreich) bei Wein Werte, Ihrem nachhaltigen Onlineshop.\" \/>\n<meta name=\"robots\" content=\"index, follow, max-snippet:-1, max-image-preview:large, max-video-preview:-1\" \/>\n<link rel=\"canonical\" href=\"https:\/\/wein-werte.com\/de\/produkt\/boris-champy-elevation-424-cremant-de-bourgogne-extra-brut-2021-750ml\/\" \/>\n<meta property=\"og:locale\" content=\"de_DE\" \/>\n<meta property=\"og:type\" content=\"article\" \/>\n<meta property=\"og:title\" content=\"Boris Champy El\u00e9vation 424 Cr\u00e9mant de Bourgogne Extra Brut 2021 750ml\" \/>\n<meta property=\"og:description\" content=\"Kaufe Boris Champy El\u00e9vation 424 Cr\u00e9mant de Bourgogne Extra Brut 2021 (Aligot\u00e9, trocken Schaumwein aus Burgund, Frankreich) bei Wein Werte, Ihrem nachhaltigen Onlineshop.\" \/>\n<meta property=\"og:url\" content=\"https:\/\/wein-werte.com\/de\/produkt\/boris-champy-elevation-424-cremant-de-bourgogne-extra-brut-2021-750ml\/\" \/>\n<meta property=\"og:site_name\" content=\"Wein Werte\" \/>\n<meta property=\"article:modified_time\" content=\"2026-05-14T20:36:28+00:00\" \/>\n<meta property=\"og:image\" content=\"https:\/\/wein-werte.com\/wp-content\/uploads\/2026\/04\/Boris-Champy-Elevation-424-Cremant-de-Bourgogne-Extra-Brut-2021-750ml.png\" \/>\n\t<meta property=\"og:image:width\" content=\"319\" \/>\n\t<meta property=\"og:image:height\" content=\"1200\" \/>\n\t<meta property=\"og:image:type\" content=\"image\/png\" \/>\n<meta name=\"twitter:card\" content=\"summary_large_image\" \/>\n<meta name=\"twitter:label1\" content=\"Gesch\u00e4tzte Lesezeit\" \/>\n\t<meta name=\"twitter:data1\" content=\"1\u00a0Minute\" \/>\n<script type=\"application\/ld+json\" class=\"yoast-schema-graph\">{\"@context\":\"https:\\\/\\\/schema.org\",\"@graph\":[{\"@type\":\"WebPage\",\"@id\":\"https:\\\/\\\/wein-werte.com\\\/de\\\/produkt\\\/boris-champy-elevation-424-cremant-de-bourgogne-extra-brut-2021-750ml\\\/\",\"url\":\"https:\\\/\\\/wein-werte.com\\\/de\\\/produkt\\\/boris-champy-elevation-424-cremant-de-bourgogne-extra-brut-2021-750ml\\\/\",\"name\":\"Boris Champy El\u00e9vation 424 Cr\u00e9mant de Bourgogne Extra Brut 2021 750ml\",\"isPartOf\":{\"@id\":\"https:\\\/\\\/wein-werte.com\\\/de\\\/#website\"},\"primaryImageOfPage\":{\"@id\":\"https:\\\/\\\/wein-werte.com\\\/de\\\/produkt\\\/boris-champy-elevation-424-cremant-de-bourgogne-extra-brut-2021-750ml\\\/#primaryimage\"},\"image\":{\"@id\":\"https:\\\/\\\/wein-werte.com\\\/de\\\/produkt\\\/boris-champy-elevation-424-cremant-de-bourgogne-extra-brut-2021-750ml\\\/#primaryimage\"},\"thumbnailUrl\":\"https:\\\/\\\/wein-werte.com\\\/wp-content\\\/uploads\\\/2026\\\/04\\\/Boris-Champy-Elevation-424-Cremant-de-Bourgogne-Extra-Brut-2021-750ml.png\",\"datePublished\":\"2026-05-14T15:36:00+00:00\",\"dateModified\":\"2026-05-14T20:36:28+00:00\",\"description\":\"Kaufe Boris Champy El\u00e9vation 424 Cr\u00e9mant de Bourgogne Extra Brut 2021 (Aligot\u00e9, trocken Schaumwein aus Burgund, Frankreich) bei Wein Werte, Ihrem nachhaltigen Onlineshop.\",\"breadcrumb\":{\"@id\":\"https:\\\/\\\/wein-werte.com\\\/de\\\/produkt\\\/boris-champy-elevation-424-cremant-de-bourgogne-extra-brut-2021-750ml\\\/#breadcrumb\"},\"inLanguage\":\"de\",\"potentialAction\":[{\"@type\":\"ReadAction\",\"target\":[\"https:\\\/\\\/wein-werte.com\\\/de\\\/produkt\\\/boris-champy-elevation-424-cremant-de-bourgogne-extra-brut-2021-750ml\\\/\"]}]},{\"@type\":\"ImageObject\",\"inLanguage\":\"de\",\"@id\":\"https:\\\/\\\/wein-werte.com\\\/de\\\/produkt\\\/boris-champy-elevation-424-cremant-de-bourgogne-extra-brut-2021-750ml\\\/#primaryimage\",\"url\":\"https:\\\/\\\/wein-werte.com\\\/wp-content\\\/uploads\\\/2026\\\/04\\\/Boris-Champy-Elevation-424-Cremant-de-Bourgogne-Extra-Brut-2021-750ml.png\",\"contentUrl\":\"https:\\\/\\\/wein-werte.com\\\/wp-content\\\/uploads\\\/2026\\\/04\\\/Boris-Champy-Elevation-424-Cremant-de-Bourgogne-Extra-Brut-2021-750ml.png\",\"width\":319,\"height\":1200,\"caption\":\"Boris Champy El\u00e9vation 424, Cr\u00e9mant de Bourgogne, Extra Brut AOP 2021 750ml\"},{\"@type\":\"BreadcrumbList\",\"@id\":\"https:\\\/\\\/wein-werte.com\\\/de\\\/produkt\\\/boris-champy-elevation-424-cremant-de-bourgogne-extra-brut-2021-750ml\\\/#breadcrumb\",\"itemListElement\":[{\"@type\":\"ListItem\",\"position\":1,\"name\":\"Home\",\"item\":\"https:\\\/\\\/wein-werte.com\\\/de\\\/\"},{\"@type\":\"ListItem\",\"position\":2,\"name\":\"Shop\",\"item\":\"https:\\\/\\\/wein-werte.com\\\/de\\\/shop\\\/\"},{\"@type\":\"ListItem\",\"position\":3,\"name\":\"Boris Champy | Burgund | El\u00e9vation 424, Cr\u00e9mant de Bourgogne, Extra Brut AOP | 2021 | 750ml | bio\"}]},{\"@type\":\"WebSite\",\"@id\":\"https:\\\/\\\/wein-werte.com\\\/de\\\/#website\",\"url\":\"https:\\\/\\\/wein-werte.com\\\/de\\\/\",\"name\":\"Wein Werte\",\"description\":\"\",\"publisher\":{\"@id\":\"https:\\\/\\\/wein-werte.com\\\/de\\\/#organization\"},\"potentialAction\":[{\"@type\":\"SearchAction\",\"target\":{\"@type\":\"EntryPoint\",\"urlTemplate\":\"https:\\\/\\\/wein-werte.com\\\/de\\\/?s={search_term_string}\"},\"query-input\":{\"@type\":\"PropertyValueSpecification\",\"valueRequired\":true,\"valueName\":\"search_term_string\"}}],\"inLanguage\":\"de\"},{\"@type\":\"Organization\",\"@id\":\"https:\\\/\\\/wein-werte.com\\\/de\\\/#organization\",\"name\":\"Vins Fins Thorrold\",\"url\":\"https:\\\/\\\/wein-werte.com\\\/de\\\/\",\"logo\":{\"@type\":\"ImageObject\",\"inLanguage\":\"de\",\"@id\":\"https:\\\/\\\/wein-werte.com\\\/de\\\/#\\\/schema\\\/logo\\\/image\\\/\",\"url\":\"https:\\\/\\\/wein-werte.com\\\/wp-content\\\/uploads\\\/2023\\\/07\\\/Wein_werte_Logo700-1.png\",\"contentUrl\":\"https:\\\/\\\/wein-werte.com\\\/wp-content\\\/uploads\\\/2023\\\/07\\\/Wein_werte_Logo700-1.png\",\"width\":700,\"height\":272,\"caption\":\"Vins Fins Thorrold\"},\"image\":{\"@id\":\"https:\\\/\\\/wein-werte.com\\\/de\\\/#\\\/schema\\\/logo\\\/image\\\/\"}}]}<\/script>\n<!-- \/ Yoast SEO plugin. -->","yoast_head_json":{"title":"Boris Champy El\u00e9vation 424 Cr\u00e9mant de Bourgogne Extra Brut 2021 750ml","description":"Kaufe Boris Champy El\u00e9vation 424 Cr\u00e9mant de Bourgogne Extra Brut 2021 (Aligot\u00e9, trocken Schaumwein aus Burgund, Frankreich) bei Wein Werte, Ihrem nachhaltigen Onlineshop.","robots":{"index":"index","follow":"follow","max-snippet":"max-snippet:-1","max-image-preview":"max-image-preview:large","max-video-preview":"max-video-preview:-1"},"canonical":"https:\/\/wein-werte.com\/de\/produkt\/boris-champy-elevation-424-cremant-de-bourgogne-extra-brut-2021-750ml\/","og_locale":"de_DE","og_type":"article","og_title":"Boris Champy El\u00e9vation 424 Cr\u00e9mant de Bourgogne Extra Brut 2021 750ml","og_description":"Kaufe Boris Champy El\u00e9vation 424 Cr\u00e9mant de Bourgogne Extra Brut 2021 (Aligot\u00e9, trocken Schaumwein aus Burgund, Frankreich) bei Wein Werte, Ihrem nachhaltigen Onlineshop.","og_url":"https:\/\/wein-werte.com\/de\/produkt\/boris-champy-elevation-424-cremant-de-bourgogne-extra-brut-2021-750ml\/","og_site_name":"Wein Werte","article_modified_time":"2026-05-14T20:36:28+00:00","og_image":[{"width":319,"height":1200,"url":"https:\/\/wein-werte.com\/wp-content\/uploads\/2026\/04\/Boris-Champy-Elevation-424-Cremant-de-Bourgogne-Extra-Brut-2021-750ml.png","type":"image\/png"}],"twitter_card":"summary_large_image","twitter_misc":{"Gesch\u00e4tzte Lesezeit":"1\u00a0Minute"},"schema":{"@context":"https:\/\/schema.org","@graph":[{"@type":"WebPage","@id":"https:\/\/wein-werte.com\/de\/produkt\/boris-champy-elevation-424-cremant-de-bourgogne-extra-brut-2021-750ml\/","url":"https:\/\/wein-werte.com\/de\/produkt\/boris-champy-elevation-424-cremant-de-bourgogne-extra-brut-2021-750ml\/","name":"Boris Champy El\u00e9vation 424 Cr\u00e9mant de Bourgogne Extra Brut 2021 750ml","isPartOf":{"@id":"https:\/\/wein-werte.com\/de\/#website"},"primaryImageOfPage":{"@id":"https:\/\/wein-werte.com\/de\/produkt\/boris-champy-elevation-424-cremant-de-bourgogne-extra-brut-2021-750ml\/#primaryimage"},"image":{"@id":"https:\/\/wein-werte.com\/de\/produkt\/boris-champy-elevation-424-cremant-de-bourgogne-extra-brut-2021-750ml\/#primaryimage"},"thumbnailUrl":"https:\/\/wein-werte.com\/wp-content\/uploads\/2026\/04\/Boris-Champy-Elevation-424-Cremant-de-Bourgogne-Extra-Brut-2021-750ml.png","datePublished":"2026-05-14T15:36:00+00:00","dateModified":"2026-05-14T20:36:28+00:00","description":"Kaufe Boris Champy El\u00e9vation 424 Cr\u00e9mant de Bourgogne Extra Brut 2021 (Aligot\u00e9, trocken Schaumwein aus Burgund, Frankreich) bei Wein Werte, Ihrem nachhaltigen Onlineshop.","breadcrumb":{"@id":"https:\/\/wein-werte.com\/de\/produkt\/boris-champy-elevation-424-cremant-de-bourgogne-extra-brut-2021-750ml\/#breadcrumb"},"inLanguage":"de","potentialAction":[{"@type":"ReadAction","target":["https:\/\/wein-werte.com\/de\/produkt\/boris-champy-elevation-424-cremant-de-bourgogne-extra-brut-2021-750ml\/"]}]},{"@type":"ImageObject","inLanguage":"de","@id":"https:\/\/wein-werte.com\/de\/produkt\/boris-champy-elevation-424-cremant-de-bourgogne-extra-brut-2021-750ml\/#primaryimage","url":"https:\/\/wein-werte.com\/wp-content\/uploads\/2026\/04\/Boris-Champy-Elevation-424-Cremant-de-Bourgogne-Extra-Brut-2021-750ml.png","contentUrl":"https:\/\/wein-werte.com\/wp-content\/uploads\/2026\/04\/Boris-Champy-Elevation-424-Cremant-de-Bourgogne-Extra-Brut-2021-750ml.png","width":319,"height":1200,"caption":"Boris Champy El\u00e9vation 424, Cr\u00e9mant de Bourgogne, Extra Brut AOP 2021 750ml"},{"@type":"BreadcrumbList","@id":"https:\/\/wein-werte.com\/de\/produkt\/boris-champy-elevation-424-cremant-de-bourgogne-extra-brut-2021-750ml\/#breadcrumb","itemListElement":[{"@type":"ListItem","position":1,"name":"Home","item":"https:\/\/wein-werte.com\/de\/"},{"@type":"ListItem","position":2,"name":"Shop","item":"https:\/\/wein-werte.com\/de\/shop\/"},{"@type":"ListItem","position":3,"name":"Boris Champy | Burgund | El\u00e9vation 424, Cr\u00e9mant de Bourgogne, Extra Brut AOP | 2021 | 750ml | bio"}]},{"@type":"WebSite","@id":"https:\/\/wein-werte.com\/de\/#website","url":"https:\/\/wein-werte.com\/de\/","name":"Wein Werte","description":"","publisher":{"@id":"https:\/\/wein-werte.com\/de\/#organization"},"potentialAction":[{"@type":"SearchAction","target":{"@type":"EntryPoint","urlTemplate":"https:\/\/wein-werte.com\/de\/?s={search_term_string}"},"query-input":{"@type":"PropertyValueSpecification","valueRequired":true,"valueName":"search_term_string"}}],"inLanguage":"de"},{"@type":"Organization","@id":"https:\/\/wein-werte.com\/de\/#organization","name":"Vins Fins Thorrold","url":"https:\/\/wein-werte.com\/de\/","logo":{"@type":"ImageObject","inLanguage":"de","@id":"https:\/\/wein-werte.com\/de\/#\/schema\/logo\/image\/","url":"https:\/\/wein-werte.com\/wp-content\/uploads\/2023\/07\/Wein_werte_Logo700-1.png","contentUrl":"https:\/\/wein-werte.com\/wp-content\/uploads\/2023\/07\/Wein_werte_Logo700-1.png","width":700,"height":272,"caption":"Vins Fins Thorrold"},"image":{"@id":"https:\/\/wein-werte.com\/de\/#\/schema\/logo\/image\/"}}]}},"_links":{"self":[{"href":"https:\/\/wein-werte.com\/de\/wp-json\/wp\/v2\/product\/1127702","targetHints":{"allow":["GET"]}}],"collection":[{"href":"https:\/\/wein-werte.com\/de\/wp-json\/wp\/v2\/product"}],"about":[{"href":"https:\/\/wein-werte.com\/de\/wp-json\/wp\/v2\/types\/product"}],"wp:featuredmedia":[{"embeddable":true,"href":"https:\/\/wein-werte.com\/de\/wp-json\/wp\/v2\/media\/1139536"}],"wp:attachment":[{"href":"https:\/\/wein-werte.com\/de\/wp-json\/wp\/v2\/media?parent=1127702"}],"wp:term":[{"taxonomy":"product_brand","embeddable":true,"href":"https:\/\/wein-werte.com\/de\/wp-json\/wp\/v2\/product_brand?post=1127702"},{"taxonomy":"product_cat","embeddable":true,"href":"https:\/\/wein-werte.com\/de\/wp-json\/wp\/v2\/product_cat?post=1127702"},{"taxonomy":"product_tag","embeddable":true,"href":"https:\/\/wein-werte.com\/de\/wp-json\/wp\/v2\/product_tag?post=1127702"}],"curies":[{"name":"wp","href":"https:\/\/api.w.org\/{rel}","templated":true}]}}