{"id":1127677,"date":"2026-05-08T19:57:52","date_gmt":"2026-05-08T17:57:52","guid":{"rendered":"https:\/\/wein-werte.com\/product\/boris-champy-bourgogne-hautes-cotes-de-beaune-rouge-altitude-2022-750ml\/"},"modified":"2026-04-27T11:41:12","modified_gmt":"2026-04-27T09:41:12","slug":"boris-champy-bourgogne-hautes-cotes-de-beaune-rouge-altitude-2022-750ml","status":"publish","type":"product","link":"https:\/\/wein-werte.com\/de\/produkt\/boris-champy-bourgogne-hautes-cotes-de-beaune-rouge-altitude-2022-750ml\/","title":{"rendered":"Boris Champy | Burgund | Bourgogne Hautes-C\u00f4tes de Beaune rouge, Altitude AOP | 2022 | 750ml | bio"},"content":{"rendered":"<p>Produktbeschreibung f\u00fcr Boris Champy Bourgogne Hautes-C\u00f4tes de Beaune rouge, Altitude AOP 2022 (bio)<\/p>\n<p> Im Jahre 2019 hat Boris Champy die 1984 von Didier Montchovet gegr\u00fcndete Domaine \u00fcbernommen. Champy, der zuvor Betriebe wie Dominus in Kalifornien, Louis Latour und Clos de Lambrays leitete, \u00fcbernahm die Domaine, die bereits in den 80er Jahren auf biologische und dann biodynamische Bewirtschaftung umgestellt wurde und damit das erste von Demeter zertifizierte Weingut im Burgund war. Das Weingut umfasst heute zw\u00f6lf Hektar in den einst k\u00fchleren Hautes-C\u00f4tes de Beaune, die f\u00fcr Boris Champy aufgrund des Klimawandels die Zukunft des Burgund darstellen. Der Altitude stammt aus zwei Parzellen in Nantoux: En Bignon (lehmiger Boden auf hartem Kalkstein) und Le Clou (wei\u00dfer Kalksteinboden, gro\u00dfe Kieselsteine auf gelbem Mergel). Die Parzellen werden mit traditionellen niedrigen Rebst\u00f6cken (10.000 Stock\/ha) im einfachen Guyot-Schnitt und teils im doppelten Guyot-Schnitt bewirtschaftet. Die Trauben werden bei optimaler Reife von Hand gelesen, gefolgt von der sanften Extraktion von 50 % Ganztrauben in Holzf\u00e4ssern. Die Weine werden durchschnittlich f\u00fcr 12 Monate ausgebaut, davon 15 % in neuen F\u00e4ssern. <\/p>\n<h5>Farbe<\/h5>\n<p> Transparentes Rubinrot. <\/p>\n<h5>Nase<\/h5>\n<p> Der 2022 Altitude Hautes-C\u00f4tes du Beaune Rouge von Boris Champy duftet bei erster Tuchf\u00fchlung nach Unterholz, Zeder und zarten balsamischen Noten. Darunter schlummern hellrote Beerenfr\u00fcchte wie Waldhimbeeren, rote Maulbeere und Sauerkirschen, balanciert durch leichte Gew\u00fcrznoten, die an Piment und Wacholder erinnern. Ein Burgunder mit klarem Cool Climate Appeal. <\/p>\n<h5>Mund<\/h5>\n<p> Kristallin im Antrunk zeigt sich der Altitude glasklar und geschliffen. Die rubinrote Frucht strahlt am Gaumen und verstr\u00f6mt den Duft nach gleichfarbigen Fr\u00fcchten, hedonistisch und freudvoll ohne Ecken und Kanten, geschliffen und smooth. Der transparente Eindruck setzt sich nahtlos fort und wird von der frischen S\u00e4ure beschleunigt.<\/p>\n<p>Copyright Vinaturel 2025<\/p>\n<p>Keywords: <a href=\"https:\/\/wein-werte.com\/de\/shop\/?swoof=1&#038;pa_producer=Boris-Champy\">Boris Champy<\/a> <a href=\"https:\/\/wein-werte.com\/de\/shop\/?swoof=1&#038;woof_text=Bourgogne Hautes-C\u00f4tes de Beaune rouge, Altitude AOP\">Bourgogne Hautes-C\u00f4tes de Beaune rouge, Altitude AOP<\/a> 2022 bio <a href=\"https:\/\/wein-werte.com\/de\/shop\/?swoof=1&#038;pa_region=Burgund\">Burgund<\/a> <a href=\"https:\/\/wein-werte.com\/de\/shop\/?swoof=1&#038;pa_country=Frankreich\">Frankreich<\/a><\/p>\n<h3>Vinous<\/h3>\n<p>Punkte: (88-90)<\/p>\n<p>Der 2022er Bourgogne Hautes-C\u00f4tes de Beaune Altitude, der im n\u00e4chsten M\u00e4rz abgef\u00fcllt werden soll, bietet Aromen von roten Johannisbeeren, Cranberry und subtilem Sous-Bois in der Nase, nur im Hintergrund ein Hauch von schwarzem Tee. Am Gaumen ist er mittelkr\u00e4ftig mit knackigen roten Fr\u00fcchten, leicht spr\u00f6de und mit kalkigen Tanninen. Ich w\u00fcnschte, ich w\u00fcrde diesen Wein in einem Bistro trinken \u2013 er wird also zu Speisen hervorragend schmecken. Ziemlich salzig im halbtrockenen, leicht herben Abgang. Ich w\u00fcrde ihm ein paar Monate in der Flasche geben. \u2013 Neal Martin<br \/>Trinkzeitraum: 2025\u20132032<br \/>Testdatum: Januar 2024<\/p>\n<p>Internetseite des Weinguts: <a href=\"https:\/\/www.domaineborischampy.com\/en\/home\/\" target=\"_blank\">https:\/\/www.domaineborischampy.com\/en\/home\/<\/a><\/p>\n","protected":false},"excerpt":{"rendered":"<p>Lieferzeit: 1 bis 2 Arbeitstage (DE), 2 bis 5 Arbeitstage (EU and CH)<\/p>\n","protected":false},"featured_media":1139516,"template":"","meta":[],"product_brand":[],"product_cat":[19],"product_tag":[],"class_list":{"0":"post-1127677","1":"product","2":"type-product","3":"status-publish","4":"has-post-thumbnail","6":"product_cat-unkategorisiert","7":"pa_alcohol-for-filter-12893","8":"pa_certified-biodynamic-nein-de","9":"pa_certified-organic-ja-de","10":"pa_colour-rot","11":"pa_country-frankreich","12":"pa_grape-pinot-noir-spatburgunder","13":"pa_price-for-filter-10584","14":"pa_producer-boris-champy","15":"pa_region-burgund","16":"pa_size-ml-6584","17":"pa_sweetness-trocken-de","18":"pa_type-2-still-de","19":"pa_vinous-points-for-filter-20021","20":"pa_vintage-2022-de","21":"entry","22":"has-media","24":"first","25":"instock","26":"taxable","27":"shipping-taxable","28":"purchasable","29":"product-type-simple"},"yoast_head":"<!-- This site is optimized with the Yoast SEO plugin v27.5 - https:\/\/yoast.com\/product\/yoast-seo-wordpress\/ -->\n<title>Boris Champy Bourgogne Hautes-C\u00f4tes de Beaune rouge Altitude 2022<\/title>\n<meta name=\"description\" content=\"Kaufe Boris Champy Bourgogne Hautes-C\u00f4tes de Beaune rouge Altitude 2022 (Pinot Noir, trocken aus Burgund, Frankreich) bei Wein Werte, Ihrem nachhaltigen Onlineshop.\" \/>\n<meta name=\"robots\" content=\"index, follow, max-snippet:-1, max-image-preview:large, max-video-preview:-1\" \/>\n<link rel=\"canonical\" href=\"https:\/\/wein-werte.com\/de\/produkt\/boris-champy-bourgogne-hautes-cotes-de-beaune-rouge-altitude-2022-750ml\/\" \/>\n<meta property=\"og:locale\" content=\"de_DE\" \/>\n<meta property=\"og:type\" content=\"article\" \/>\n<meta property=\"og:title\" content=\"Boris Champy Bourgogne Hautes-C\u00f4tes de Beaune rouge Altitude 2022\" \/>\n<meta property=\"og:description\" content=\"Kaufe Boris Champy Bourgogne Hautes-C\u00f4tes de Beaune rouge Altitude 2022 (Pinot Noir, trocken aus Burgund, Frankreich) bei Wein Werte, Ihrem nachhaltigen Onlineshop.\" \/>\n<meta property=\"og:url\" content=\"https:\/\/wein-werte.com\/de\/produkt\/boris-champy-bourgogne-hautes-cotes-de-beaune-rouge-altitude-2022-750ml\/\" \/>\n<meta property=\"og:site_name\" content=\"Wein Werte\" \/>\n<meta property=\"og:image\" content=\"https:\/\/wein-werte.com\/wp-content\/uploads\/2026\/04\/Boris-Champy-Bourgogne-Hautes-Cotes-de-Beaune-rouge-Altitude-2022-750ml.png\" \/>\n\t<meta property=\"og:image:width\" content=\"336\" \/>\n\t<meta property=\"og:image:height\" content=\"1200\" \/>\n\t<meta property=\"og:image:type\" content=\"image\/png\" \/>\n<meta name=\"twitter:card\" content=\"summary_large_image\" \/>\n<meta name=\"twitter:label1\" content=\"Gesch\u00e4tzte Lesezeit\" \/>\n\t<meta name=\"twitter:data1\" content=\"2\u00a0Minuten\" \/>\n<script type=\"application\/ld+json\" class=\"yoast-schema-graph\">{\"@context\":\"https:\\\/\\\/schema.org\",\"@graph\":[{\"@type\":\"WebPage\",\"@id\":\"https:\\\/\\\/wein-werte.com\\\/de\\\/produkt\\\/boris-champy-bourgogne-hautes-cotes-de-beaune-rouge-altitude-2022-750ml\\\/\",\"url\":\"https:\\\/\\\/wein-werte.com\\\/de\\\/produkt\\\/boris-champy-bourgogne-hautes-cotes-de-beaune-rouge-altitude-2022-750ml\\\/\",\"name\":\"Boris Champy Bourgogne Hautes-C\u00f4tes de Beaune rouge Altitude 2022\",\"isPartOf\":{\"@id\":\"https:\\\/\\\/wein-werte.com\\\/de\\\/#website\"},\"primaryImageOfPage\":{\"@id\":\"https:\\\/\\\/wein-werte.com\\\/de\\\/produkt\\\/boris-champy-bourgogne-hautes-cotes-de-beaune-rouge-altitude-2022-750ml\\\/#primaryimage\"},\"image\":{\"@id\":\"https:\\\/\\\/wein-werte.com\\\/de\\\/produkt\\\/boris-champy-bourgogne-hautes-cotes-de-beaune-rouge-altitude-2022-750ml\\\/#primaryimage\"},\"thumbnailUrl\":\"https:\\\/\\\/wein-werte.com\\\/wp-content\\\/uploads\\\/2026\\\/04\\\/Boris-Champy-Bourgogne-Hautes-Cotes-de-Beaune-rouge-Altitude-2022-750ml.png\",\"datePublished\":\"2026-05-08T17:57:52+00:00\",\"description\":\"Kaufe Boris Champy Bourgogne Hautes-C\u00f4tes de Beaune rouge Altitude 2022 (Pinot Noir, trocken aus Burgund, Frankreich) bei Wein Werte, Ihrem nachhaltigen Onlineshop.\",\"breadcrumb\":{\"@id\":\"https:\\\/\\\/wein-werte.com\\\/de\\\/produkt\\\/boris-champy-bourgogne-hautes-cotes-de-beaune-rouge-altitude-2022-750ml\\\/#breadcrumb\"},\"inLanguage\":\"de\",\"potentialAction\":[{\"@type\":\"ReadAction\",\"target\":[\"https:\\\/\\\/wein-werte.com\\\/de\\\/produkt\\\/boris-champy-bourgogne-hautes-cotes-de-beaune-rouge-altitude-2022-750ml\\\/\"]}]},{\"@type\":\"ImageObject\",\"inLanguage\":\"de\",\"@id\":\"https:\\\/\\\/wein-werte.com\\\/de\\\/produkt\\\/boris-champy-bourgogne-hautes-cotes-de-beaune-rouge-altitude-2022-750ml\\\/#primaryimage\",\"url\":\"https:\\\/\\\/wein-werte.com\\\/wp-content\\\/uploads\\\/2026\\\/04\\\/Boris-Champy-Bourgogne-Hautes-Cotes-de-Beaune-rouge-Altitude-2022-750ml.png\",\"contentUrl\":\"https:\\\/\\\/wein-werte.com\\\/wp-content\\\/uploads\\\/2026\\\/04\\\/Boris-Champy-Bourgogne-Hautes-Cotes-de-Beaune-rouge-Altitude-2022-750ml.png\",\"width\":336,\"height\":1200,\"caption\":\"Boris Champy Bourgogne Hautes-C\u00f4tes de Beaune rouge, Altitude AOP 2022 750ml\"},{\"@type\":\"BreadcrumbList\",\"@id\":\"https:\\\/\\\/wein-werte.com\\\/de\\\/produkt\\\/boris-champy-bourgogne-hautes-cotes-de-beaune-rouge-altitude-2022-750ml\\\/#breadcrumb\",\"itemListElement\":[{\"@type\":\"ListItem\",\"position\":1,\"name\":\"Home\",\"item\":\"https:\\\/\\\/wein-werte.com\\\/de\\\/\"},{\"@type\":\"ListItem\",\"position\":2,\"name\":\"Shop\",\"item\":\"https:\\\/\\\/wein-werte.com\\\/de\\\/shop\\\/\"},{\"@type\":\"ListItem\",\"position\":3,\"name\":\"Boris Champy | Burgund | Bourgogne Hautes-C\u00f4tes de Beaune rouge, Altitude AOP | 2022 | 750ml | bio\"}]},{\"@type\":\"WebSite\",\"@id\":\"https:\\\/\\\/wein-werte.com\\\/de\\\/#website\",\"url\":\"https:\\\/\\\/wein-werte.com\\\/de\\\/\",\"name\":\"Wein Werte\",\"description\":\"\",\"publisher\":{\"@id\":\"https:\\\/\\\/wein-werte.com\\\/de\\\/#organization\"},\"potentialAction\":[{\"@type\":\"SearchAction\",\"target\":{\"@type\":\"EntryPoint\",\"urlTemplate\":\"https:\\\/\\\/wein-werte.com\\\/de\\\/?s={search_term_string}\"},\"query-input\":{\"@type\":\"PropertyValueSpecification\",\"valueRequired\":true,\"valueName\":\"search_term_string\"}}],\"inLanguage\":\"de\"},{\"@type\":\"Organization\",\"@id\":\"https:\\\/\\\/wein-werte.com\\\/de\\\/#organization\",\"name\":\"Vins Fins Thorrold\",\"url\":\"https:\\\/\\\/wein-werte.com\\\/de\\\/\",\"logo\":{\"@type\":\"ImageObject\",\"inLanguage\":\"de\",\"@id\":\"https:\\\/\\\/wein-werte.com\\\/de\\\/#\\\/schema\\\/logo\\\/image\\\/\",\"url\":\"https:\\\/\\\/wein-werte.com\\\/wp-content\\\/uploads\\\/2023\\\/07\\\/Wein_werte_Logo700-1.png\",\"contentUrl\":\"https:\\\/\\\/wein-werte.com\\\/wp-content\\\/uploads\\\/2023\\\/07\\\/Wein_werte_Logo700-1.png\",\"width\":700,\"height\":272,\"caption\":\"Vins Fins Thorrold\"},\"image\":{\"@id\":\"https:\\\/\\\/wein-werte.com\\\/de\\\/#\\\/schema\\\/logo\\\/image\\\/\"}}]}<\/script>\n<!-- \/ Yoast SEO plugin. -->","yoast_head_json":{"title":"Boris Champy Bourgogne Hautes-C\u00f4tes de Beaune rouge Altitude 2022","description":"Kaufe Boris Champy Bourgogne Hautes-C\u00f4tes de Beaune rouge Altitude 2022 (Pinot Noir, trocken aus Burgund, Frankreich) bei Wein Werte, Ihrem nachhaltigen Onlineshop.","robots":{"index":"index","follow":"follow","max-snippet":"max-snippet:-1","max-image-preview":"max-image-preview:large","max-video-preview":"max-video-preview:-1"},"canonical":"https:\/\/wein-werte.com\/de\/produkt\/boris-champy-bourgogne-hautes-cotes-de-beaune-rouge-altitude-2022-750ml\/","og_locale":"de_DE","og_type":"article","og_title":"Boris Champy Bourgogne Hautes-C\u00f4tes de Beaune rouge Altitude 2022","og_description":"Kaufe Boris Champy Bourgogne Hautes-C\u00f4tes de Beaune rouge Altitude 2022 (Pinot Noir, trocken aus Burgund, Frankreich) bei Wein Werte, Ihrem nachhaltigen Onlineshop.","og_url":"https:\/\/wein-werte.com\/de\/produkt\/boris-champy-bourgogne-hautes-cotes-de-beaune-rouge-altitude-2022-750ml\/","og_site_name":"Wein Werte","og_image":[{"width":336,"height":1200,"url":"https:\/\/wein-werte.com\/wp-content\/uploads\/2026\/04\/Boris-Champy-Bourgogne-Hautes-Cotes-de-Beaune-rouge-Altitude-2022-750ml.png","type":"image\/png"}],"twitter_card":"summary_large_image","twitter_misc":{"Gesch\u00e4tzte Lesezeit":"2\u00a0Minuten"},"schema":{"@context":"https:\/\/schema.org","@graph":[{"@type":"WebPage","@id":"https:\/\/wein-werte.com\/de\/produkt\/boris-champy-bourgogne-hautes-cotes-de-beaune-rouge-altitude-2022-750ml\/","url":"https:\/\/wein-werte.com\/de\/produkt\/boris-champy-bourgogne-hautes-cotes-de-beaune-rouge-altitude-2022-750ml\/","name":"Boris Champy Bourgogne Hautes-C\u00f4tes de Beaune rouge Altitude 2022","isPartOf":{"@id":"https:\/\/wein-werte.com\/de\/#website"},"primaryImageOfPage":{"@id":"https:\/\/wein-werte.com\/de\/produkt\/boris-champy-bourgogne-hautes-cotes-de-beaune-rouge-altitude-2022-750ml\/#primaryimage"},"image":{"@id":"https:\/\/wein-werte.com\/de\/produkt\/boris-champy-bourgogne-hautes-cotes-de-beaune-rouge-altitude-2022-750ml\/#primaryimage"},"thumbnailUrl":"https:\/\/wein-werte.com\/wp-content\/uploads\/2026\/04\/Boris-Champy-Bourgogne-Hautes-Cotes-de-Beaune-rouge-Altitude-2022-750ml.png","datePublished":"2026-05-08T17:57:52+00:00","description":"Kaufe Boris Champy Bourgogne Hautes-C\u00f4tes de Beaune rouge Altitude 2022 (Pinot Noir, trocken aus Burgund, Frankreich) bei Wein Werte, Ihrem nachhaltigen Onlineshop.","breadcrumb":{"@id":"https:\/\/wein-werte.com\/de\/produkt\/boris-champy-bourgogne-hautes-cotes-de-beaune-rouge-altitude-2022-750ml\/#breadcrumb"},"inLanguage":"de","potentialAction":[{"@type":"ReadAction","target":["https:\/\/wein-werte.com\/de\/produkt\/boris-champy-bourgogne-hautes-cotes-de-beaune-rouge-altitude-2022-750ml\/"]}]},{"@type":"ImageObject","inLanguage":"de","@id":"https:\/\/wein-werte.com\/de\/produkt\/boris-champy-bourgogne-hautes-cotes-de-beaune-rouge-altitude-2022-750ml\/#primaryimage","url":"https:\/\/wein-werte.com\/wp-content\/uploads\/2026\/04\/Boris-Champy-Bourgogne-Hautes-Cotes-de-Beaune-rouge-Altitude-2022-750ml.png","contentUrl":"https:\/\/wein-werte.com\/wp-content\/uploads\/2026\/04\/Boris-Champy-Bourgogne-Hautes-Cotes-de-Beaune-rouge-Altitude-2022-750ml.png","width":336,"height":1200,"caption":"Boris Champy Bourgogne Hautes-C\u00f4tes de Beaune rouge, Altitude AOP 2022 750ml"},{"@type":"BreadcrumbList","@id":"https:\/\/wein-werte.com\/de\/produkt\/boris-champy-bourgogne-hautes-cotes-de-beaune-rouge-altitude-2022-750ml\/#breadcrumb","itemListElement":[{"@type":"ListItem","position":1,"name":"Home","item":"https:\/\/wein-werte.com\/de\/"},{"@type":"ListItem","position":2,"name":"Shop","item":"https:\/\/wein-werte.com\/de\/shop\/"},{"@type":"ListItem","position":3,"name":"Boris Champy | Burgund | Bourgogne Hautes-C\u00f4tes de Beaune rouge, Altitude AOP | 2022 | 750ml | bio"}]},{"@type":"WebSite","@id":"https:\/\/wein-werte.com\/de\/#website","url":"https:\/\/wein-werte.com\/de\/","name":"Wein Werte","description":"","publisher":{"@id":"https:\/\/wein-werte.com\/de\/#organization"},"potentialAction":[{"@type":"SearchAction","target":{"@type":"EntryPoint","urlTemplate":"https:\/\/wein-werte.com\/de\/?s={search_term_string}"},"query-input":{"@type":"PropertyValueSpecification","valueRequired":true,"valueName":"search_term_string"}}],"inLanguage":"de"},{"@type":"Organization","@id":"https:\/\/wein-werte.com\/de\/#organization","name":"Vins Fins Thorrold","url":"https:\/\/wein-werte.com\/de\/","logo":{"@type":"ImageObject","inLanguage":"de","@id":"https:\/\/wein-werte.com\/de\/#\/schema\/logo\/image\/","url":"https:\/\/wein-werte.com\/wp-content\/uploads\/2023\/07\/Wein_werte_Logo700-1.png","contentUrl":"https:\/\/wein-werte.com\/wp-content\/uploads\/2023\/07\/Wein_werte_Logo700-1.png","width":700,"height":272,"caption":"Vins Fins Thorrold"},"image":{"@id":"https:\/\/wein-werte.com\/de\/#\/schema\/logo\/image\/"}}]}},"_links":{"self":[{"href":"https:\/\/wein-werte.com\/de\/wp-json\/wp\/v2\/product\/1127677","targetHints":{"allow":["GET"]}}],"collection":[{"href":"https:\/\/wein-werte.com\/de\/wp-json\/wp\/v2\/product"}],"about":[{"href":"https:\/\/wein-werte.com\/de\/wp-json\/wp\/v2\/types\/product"}],"wp:featuredmedia":[{"embeddable":true,"href":"https:\/\/wein-werte.com\/de\/wp-json\/wp\/v2\/media\/1139516"}],"wp:attachment":[{"href":"https:\/\/wein-werte.com\/de\/wp-json\/wp\/v2\/media?parent=1127677"}],"wp:term":[{"taxonomy":"product_brand","embeddable":true,"href":"https:\/\/wein-werte.com\/de\/wp-json\/wp\/v2\/product_brand?post=1127677"},{"taxonomy":"product_cat","embeddable":true,"href":"https:\/\/wein-werte.com\/de\/wp-json\/wp\/v2\/product_cat?post=1127677"},{"taxonomy":"product_tag","embeddable":true,"href":"https:\/\/wein-werte.com\/de\/wp-json\/wp\/v2\/product_tag?post=1127677"}],"curies":[{"name":"wp","href":"https:\/\/api.w.org\/{rel}","templated":true}]}}