{"id":1127652,"date":"2026-05-08T19:57:13","date_gmt":"2026-05-08T17:57:13","guid":{"rendered":"https:\/\/wein-werte.com\/product\/boris-champy-beaune-1er-cru-aux-coucherias-2021-750ml\/"},"modified":"2026-04-27T11:41:10","modified_gmt":"2026-04-27T09:41:10","slug":"boris-champy-beaune-1er-cru-aux-coucherias-2021-750ml","status":"publish","type":"product","link":"https:\/\/wein-werte.com\/de\/produkt\/boris-champy-beaune-1er-cru-aux-coucherias-2021-750ml\/","title":{"rendered":"Boris Champy | Burgund | Beaune 1er Cru Aux Coucherias AOP | 2021 | 750ml | bio"},"content":{"rendered":"<p>Produktbeschreibung f\u00fcr Boris Champy Beaune 1er Cru Aux Coucherias AOP 2021 (bio) <\/p>\n<h5>Informationen zum Wein<\/h5>\n<p> F\u00fcr diesen Wein nutzte Boris Champy Pinot Noir aus einer nach Westen ausgerichteten Parzelle in Aux Coucherias, das kurz vor Bouze-l\u00e8s-Beaune liegt. Der 1er-Cru-Weinberg wurde in den 1950er Jahren gepflanzt, die Lage ist sehr steil und gepr\u00e4gt von dunklem Lehm und Kalk. Champy kennt den Weinberg aus seiner Zeit bei Louis Jadot; denn das Haus Jadot erzeugte dort den Clos de Couchereaux. Bei Champy ist es der Clos Montchovet. Der Clos ist durch B\u00e4ume und Ginster isoliert. Die Parzelle wird seit 1985 biodynamisch bewirtschaftet. Die Stockdichte liegt bei rund 10.000 in Guyot-Erziehung. Boris Champy hat die Trauben zu 55 % als Ganztrauben vergoren und \u00fcber zw\u00f6lf Monate im Barrique ausgebaut. Auf Grund des Jahrgangs, in dem es Botryrtis gab, hat er jedoch die Trauben komplett entrappt, die Stile mit Schwefel behandelt und eine Millefeuille aus Schichten entrappter Trauben und Rappen geformt, um die Trauben zu verg\u00e4ren. <\/p>\n<h5>Farbe<\/h5>\n<p> recht transparentes Karminrot <\/p>\n<h5>Nase<\/h5>\n<p> Boris Champys Beaune 1er Cru Aux Coucherias 2021 duftet nach Rappen, Erde und einer Frucht von Himbeeren und Walderdbeeren, etwas Kirsche und Pflaume. Unterlegt wird das mit etwas Schotter und laktischen Noten. Dar\u00fcber liegt ein Hauch von Veilchen und Laub. <\/p>\n<h5>Gaumen<\/h5>\n<p> Champy versteht es, im Aux Coucherias die Beaune-Typizit\u00e4t ganz klar herauszuarbeiten. Hier finden sich Saft, Frucht, Erdigkeit und vor allem Frische. Der Pinot Noir wirkt k\u00fchl mit recht geschmeidigem Tannin und bietet eine gewisse Komplexit\u00e4t. Er bietet viel saure Frucht von Kirschen, Berberitzen und Sumach. Dazu kommen gr\u00fcne, aber reife Noten von Stengeln. Dieser Jahrgang wirkt schlank wie auch energetisch und aktuell durchaus noch etwas streng.<\/p>\n<p>Copyright Vinaturel 2025<\/p>\n<p>Keywords: <a href=\"https:\/\/wein-werte.com\/de\/shop\/?swoof=1&#038;pa_producer=Boris-Champy\">Boris Champy<\/a> <a href=\"https:\/\/wein-werte.com\/de\/shop\/?swoof=1&#038;woof_text=Beaune 1er Cru Aux Coucherias AOP\">Beaune 1er Cru Aux Coucherias AOP<\/a> 2021 bio <a href=\"https:\/\/wein-werte.com\/de\/shop\/?swoof=1&#038;pa_region=Burgund\">Burgund<\/a> <a href=\"https:\/\/wein-werte.com\/de\/shop\/?swoof=1&#038;pa_country=Frankreich\">Frankreich<\/a><\/p>\n<h3>Wine Advocate<\/h3>\n<p>Punkte: 91+<\/p>\n<p>Der Beaune 1er Cru Coucherias 2021 enth\u00fcllt Aromen von s\u00fc\u00dfen Gew\u00fcrzen, Pflaumen, Orangenschale, Pfingstrose und Bl\u00fctenbl\u00e4ttern. Er ist mittel- bis vollmundig, geschmeidig und fleischig, mit leuchtenden S\u00e4uren und einem salzigen, leicht vanillinbetonten Abgang.<br \/>William Kelley<\/p>\n<h3>Vinous<\/h3>\n<p>Punkte: (92-94)<\/p>\n<p>Der Beaune Aux Coucherias 1er Cru 2021, der zu 55 % aus Stielen besteht, hat ein sehr klares und reines Bouquet mit Aromen von Himbeere, Walderdbeere, zersto\u00dfenem Stein und floralen Noten, die lebhaft, lebendig und sehr verf\u00fchrerisch sind. Am Gaumen ist er mittelkr\u00e4ftig mit geschmeidigen Tanninen; er ist wunderbar ausgewogen und hat einen sinnlichen und sehr harmonischen Abgang. Hervorragend. \u2013 Neal Martin<br \/>Trinkzeitraum: 2024\u20132040<br \/>Testdatum: Januar 2023<\/p>\n<p>Internetseite des Weinguts: <a href=\"https:\/\/www.domaineborischampy.com\/en\/home\/\" target=\"_blank\">https:\/\/www.domaineborischampy.com\/en\/home\/<\/a><\/p>\n","protected":false},"excerpt":{"rendered":"<p>Lieferzeit: 1 bis 2 Arbeitstage (DE), 2 bis 5 Arbeitstage (EU and CH)<\/p>\n","protected":false},"featured_media":1139496,"template":"","meta":[],"product_brand":[],"product_cat":[19],"product_tag":[],"class_list":{"0":"post-1127652","1":"product","2":"type-product","3":"status-publish","4":"has-post-thumbnail","6":"product_cat-unkategorisiert","7":"pa_alcohol-for-filter-12-5","8":"pa_certified-biodynamic-nein-de","9":"pa_certified-organic-ja-de","10":"pa_colour-rot","11":"pa_country-frankreich","12":"pa_grape-pinot-noir-spatburgunder","13":"pa_parker-points-for-filter-91-de-2","14":"pa_price-for-filter-10647","15":"pa_producer-boris-champy","16":"pa_region-burgund","17":"pa_size-ml-6584","18":"pa_sweetness-trocken-de","19":"pa_type-2-still-de","20":"pa_vinous-points-for-filter-20029","21":"pa_vintage-2021-de","22":"entry","23":"has-media","25":"first","26":"instock","27":"taxable","28":"shipping-taxable","29":"purchasable","30":"product-type-simple"},"yoast_head":"<!-- This site is optimized with the Yoast SEO plugin v27.5 - https:\/\/yoast.com\/product\/yoast-seo-wordpress\/ -->\n<title>Boris Champy Beaune 1er Cru Aux Coucherias 2021<\/title>\n<meta name=\"description\" content=\"Kaufe Boris Champy Beaune 1er Cru Aux Coucherias 2021 (Pinot Noir, trocken aus Burgund, Frankreich) bei Wein Werte, Ihrem nachhaltigen Onlineshop.\" \/>\n<meta name=\"robots\" content=\"index, follow, max-snippet:-1, max-image-preview:large, max-video-preview:-1\" \/>\n<link rel=\"canonical\" href=\"https:\/\/wein-werte.com\/de\/produkt\/boris-champy-beaune-1er-cru-aux-coucherias-2021-750ml\/\" \/>\n<meta property=\"og:locale\" content=\"de_DE\" \/>\n<meta property=\"og:type\" content=\"article\" \/>\n<meta property=\"og:title\" content=\"Boris Champy Beaune 1er Cru Aux Coucherias 2021\" \/>\n<meta property=\"og:description\" content=\"Kaufe Boris Champy Beaune 1er Cru Aux Coucherias 2021 (Pinot Noir, trocken aus Burgund, Frankreich) bei Wein Werte, Ihrem nachhaltigen Onlineshop.\" \/>\n<meta property=\"og:url\" content=\"https:\/\/wein-werte.com\/de\/produkt\/boris-champy-beaune-1er-cru-aux-coucherias-2021-750ml\/\" \/>\n<meta property=\"og:site_name\" content=\"Wein Werte\" \/>\n<meta property=\"og:image\" content=\"https:\/\/wein-werte.com\/wp-content\/uploads\/2026\/04\/Boris-Champy-Beaune-1er-Cru-Aux-Coucherias-2021-750ml.png\" \/>\n\t<meta property=\"og:image:width\" content=\"336\" \/>\n\t<meta property=\"og:image:height\" content=\"1200\" \/>\n\t<meta property=\"og:image:type\" content=\"image\/png\" \/>\n<meta name=\"twitter:card\" content=\"summary_large_image\" \/>\n<meta name=\"twitter:label1\" content=\"Gesch\u00e4tzte Lesezeit\" \/>\n\t<meta name=\"twitter:data1\" content=\"2\u00a0Minuten\" \/>\n<script type=\"application\/ld+json\" class=\"yoast-schema-graph\">{\"@context\":\"https:\\\/\\\/schema.org\",\"@graph\":[{\"@type\":\"WebPage\",\"@id\":\"https:\\\/\\\/wein-werte.com\\\/de\\\/produkt\\\/boris-champy-beaune-1er-cru-aux-coucherias-2021-750ml\\\/\",\"url\":\"https:\\\/\\\/wein-werte.com\\\/de\\\/produkt\\\/boris-champy-beaune-1er-cru-aux-coucherias-2021-750ml\\\/\",\"name\":\"Boris Champy Beaune 1er Cru Aux Coucherias 2021\",\"isPartOf\":{\"@id\":\"https:\\\/\\\/wein-werte.com\\\/de\\\/#website\"},\"primaryImageOfPage\":{\"@id\":\"https:\\\/\\\/wein-werte.com\\\/de\\\/produkt\\\/boris-champy-beaune-1er-cru-aux-coucherias-2021-750ml\\\/#primaryimage\"},\"image\":{\"@id\":\"https:\\\/\\\/wein-werte.com\\\/de\\\/produkt\\\/boris-champy-beaune-1er-cru-aux-coucherias-2021-750ml\\\/#primaryimage\"},\"thumbnailUrl\":\"https:\\\/\\\/wein-werte.com\\\/wp-content\\\/uploads\\\/2026\\\/04\\\/Boris-Champy-Beaune-1er-Cru-Aux-Coucherias-2021-750ml.png\",\"datePublished\":\"2026-05-08T17:57:13+00:00\",\"description\":\"Kaufe Boris Champy Beaune 1er Cru Aux Coucherias 2021 (Pinot Noir, trocken aus Burgund, Frankreich) bei Wein Werte, Ihrem nachhaltigen Onlineshop.\",\"breadcrumb\":{\"@id\":\"https:\\\/\\\/wein-werte.com\\\/de\\\/produkt\\\/boris-champy-beaune-1er-cru-aux-coucherias-2021-750ml\\\/#breadcrumb\"},\"inLanguage\":\"de\",\"potentialAction\":[{\"@type\":\"ReadAction\",\"target\":[\"https:\\\/\\\/wein-werte.com\\\/de\\\/produkt\\\/boris-champy-beaune-1er-cru-aux-coucherias-2021-750ml\\\/\"]}]},{\"@type\":\"ImageObject\",\"inLanguage\":\"de\",\"@id\":\"https:\\\/\\\/wein-werte.com\\\/de\\\/produkt\\\/boris-champy-beaune-1er-cru-aux-coucherias-2021-750ml\\\/#primaryimage\",\"url\":\"https:\\\/\\\/wein-werte.com\\\/wp-content\\\/uploads\\\/2026\\\/04\\\/Boris-Champy-Beaune-1er-Cru-Aux-Coucherias-2021-750ml.png\",\"contentUrl\":\"https:\\\/\\\/wein-werte.com\\\/wp-content\\\/uploads\\\/2026\\\/04\\\/Boris-Champy-Beaune-1er-Cru-Aux-Coucherias-2021-750ml.png\",\"width\":336,\"height\":1200,\"caption\":\"Boris Champy Beaune 1er Cru Aux Coucherias AOP 2021 750ml\"},{\"@type\":\"BreadcrumbList\",\"@id\":\"https:\\\/\\\/wein-werte.com\\\/de\\\/produkt\\\/boris-champy-beaune-1er-cru-aux-coucherias-2021-750ml\\\/#breadcrumb\",\"itemListElement\":[{\"@type\":\"ListItem\",\"position\":1,\"name\":\"Home\",\"item\":\"https:\\\/\\\/wein-werte.com\\\/de\\\/\"},{\"@type\":\"ListItem\",\"position\":2,\"name\":\"Shop\",\"item\":\"https:\\\/\\\/wein-werte.com\\\/de\\\/shop\\\/\"},{\"@type\":\"ListItem\",\"position\":3,\"name\":\"Boris Champy | Burgund | Beaune 1er Cru Aux Coucherias AOP | 2021 | 750ml | bio\"}]},{\"@type\":\"WebSite\",\"@id\":\"https:\\\/\\\/wein-werte.com\\\/de\\\/#website\",\"url\":\"https:\\\/\\\/wein-werte.com\\\/de\\\/\",\"name\":\"Wein Werte\",\"description\":\"\",\"publisher\":{\"@id\":\"https:\\\/\\\/wein-werte.com\\\/de\\\/#organization\"},\"potentialAction\":[{\"@type\":\"SearchAction\",\"target\":{\"@type\":\"EntryPoint\",\"urlTemplate\":\"https:\\\/\\\/wein-werte.com\\\/de\\\/?s={search_term_string}\"},\"query-input\":{\"@type\":\"PropertyValueSpecification\",\"valueRequired\":true,\"valueName\":\"search_term_string\"}}],\"inLanguage\":\"de\"},{\"@type\":\"Organization\",\"@id\":\"https:\\\/\\\/wein-werte.com\\\/de\\\/#organization\",\"name\":\"Vins Fins Thorrold\",\"url\":\"https:\\\/\\\/wein-werte.com\\\/de\\\/\",\"logo\":{\"@type\":\"ImageObject\",\"inLanguage\":\"de\",\"@id\":\"https:\\\/\\\/wein-werte.com\\\/de\\\/#\\\/schema\\\/logo\\\/image\\\/\",\"url\":\"https:\\\/\\\/wein-werte.com\\\/wp-content\\\/uploads\\\/2023\\\/07\\\/Wein_werte_Logo700-1.png\",\"contentUrl\":\"https:\\\/\\\/wein-werte.com\\\/wp-content\\\/uploads\\\/2023\\\/07\\\/Wein_werte_Logo700-1.png\",\"width\":700,\"height\":272,\"caption\":\"Vins Fins Thorrold\"},\"image\":{\"@id\":\"https:\\\/\\\/wein-werte.com\\\/de\\\/#\\\/schema\\\/logo\\\/image\\\/\"}}]}<\/script>\n<!-- \/ Yoast SEO plugin. -->","yoast_head_json":{"title":"Boris Champy Beaune 1er Cru Aux Coucherias 2021","description":"Kaufe Boris Champy Beaune 1er Cru Aux Coucherias 2021 (Pinot Noir, trocken aus Burgund, Frankreich) bei Wein Werte, Ihrem nachhaltigen Onlineshop.","robots":{"index":"index","follow":"follow","max-snippet":"max-snippet:-1","max-image-preview":"max-image-preview:large","max-video-preview":"max-video-preview:-1"},"canonical":"https:\/\/wein-werte.com\/de\/produkt\/boris-champy-beaune-1er-cru-aux-coucherias-2021-750ml\/","og_locale":"de_DE","og_type":"article","og_title":"Boris Champy Beaune 1er Cru Aux Coucherias 2021","og_description":"Kaufe Boris Champy Beaune 1er Cru Aux Coucherias 2021 (Pinot Noir, trocken aus Burgund, Frankreich) bei Wein Werte, Ihrem nachhaltigen Onlineshop.","og_url":"https:\/\/wein-werte.com\/de\/produkt\/boris-champy-beaune-1er-cru-aux-coucherias-2021-750ml\/","og_site_name":"Wein Werte","og_image":[{"width":336,"height":1200,"url":"https:\/\/wein-werte.com\/wp-content\/uploads\/2026\/04\/Boris-Champy-Beaune-1er-Cru-Aux-Coucherias-2021-750ml.png","type":"image\/png"}],"twitter_card":"summary_large_image","twitter_misc":{"Gesch\u00e4tzte Lesezeit":"2\u00a0Minuten"},"schema":{"@context":"https:\/\/schema.org","@graph":[{"@type":"WebPage","@id":"https:\/\/wein-werte.com\/de\/produkt\/boris-champy-beaune-1er-cru-aux-coucherias-2021-750ml\/","url":"https:\/\/wein-werte.com\/de\/produkt\/boris-champy-beaune-1er-cru-aux-coucherias-2021-750ml\/","name":"Boris Champy Beaune 1er Cru Aux Coucherias 2021","isPartOf":{"@id":"https:\/\/wein-werte.com\/de\/#website"},"primaryImageOfPage":{"@id":"https:\/\/wein-werte.com\/de\/produkt\/boris-champy-beaune-1er-cru-aux-coucherias-2021-750ml\/#primaryimage"},"image":{"@id":"https:\/\/wein-werte.com\/de\/produkt\/boris-champy-beaune-1er-cru-aux-coucherias-2021-750ml\/#primaryimage"},"thumbnailUrl":"https:\/\/wein-werte.com\/wp-content\/uploads\/2026\/04\/Boris-Champy-Beaune-1er-Cru-Aux-Coucherias-2021-750ml.png","datePublished":"2026-05-08T17:57:13+00:00","description":"Kaufe Boris Champy Beaune 1er Cru Aux Coucherias 2021 (Pinot Noir, trocken aus Burgund, Frankreich) bei Wein Werte, Ihrem nachhaltigen Onlineshop.","breadcrumb":{"@id":"https:\/\/wein-werte.com\/de\/produkt\/boris-champy-beaune-1er-cru-aux-coucherias-2021-750ml\/#breadcrumb"},"inLanguage":"de","potentialAction":[{"@type":"ReadAction","target":["https:\/\/wein-werte.com\/de\/produkt\/boris-champy-beaune-1er-cru-aux-coucherias-2021-750ml\/"]}]},{"@type":"ImageObject","inLanguage":"de","@id":"https:\/\/wein-werte.com\/de\/produkt\/boris-champy-beaune-1er-cru-aux-coucherias-2021-750ml\/#primaryimage","url":"https:\/\/wein-werte.com\/wp-content\/uploads\/2026\/04\/Boris-Champy-Beaune-1er-Cru-Aux-Coucherias-2021-750ml.png","contentUrl":"https:\/\/wein-werte.com\/wp-content\/uploads\/2026\/04\/Boris-Champy-Beaune-1er-Cru-Aux-Coucherias-2021-750ml.png","width":336,"height":1200,"caption":"Boris Champy Beaune 1er Cru Aux Coucherias AOP 2021 750ml"},{"@type":"BreadcrumbList","@id":"https:\/\/wein-werte.com\/de\/produkt\/boris-champy-beaune-1er-cru-aux-coucherias-2021-750ml\/#breadcrumb","itemListElement":[{"@type":"ListItem","position":1,"name":"Home","item":"https:\/\/wein-werte.com\/de\/"},{"@type":"ListItem","position":2,"name":"Shop","item":"https:\/\/wein-werte.com\/de\/shop\/"},{"@type":"ListItem","position":3,"name":"Boris Champy | Burgund | Beaune 1er Cru Aux Coucherias AOP | 2021 | 750ml | bio"}]},{"@type":"WebSite","@id":"https:\/\/wein-werte.com\/de\/#website","url":"https:\/\/wein-werte.com\/de\/","name":"Wein Werte","description":"","publisher":{"@id":"https:\/\/wein-werte.com\/de\/#organization"},"potentialAction":[{"@type":"SearchAction","target":{"@type":"EntryPoint","urlTemplate":"https:\/\/wein-werte.com\/de\/?s={search_term_string}"},"query-input":{"@type":"PropertyValueSpecification","valueRequired":true,"valueName":"search_term_string"}}],"inLanguage":"de"},{"@type":"Organization","@id":"https:\/\/wein-werte.com\/de\/#organization","name":"Vins Fins Thorrold","url":"https:\/\/wein-werte.com\/de\/","logo":{"@type":"ImageObject","inLanguage":"de","@id":"https:\/\/wein-werte.com\/de\/#\/schema\/logo\/image\/","url":"https:\/\/wein-werte.com\/wp-content\/uploads\/2023\/07\/Wein_werte_Logo700-1.png","contentUrl":"https:\/\/wein-werte.com\/wp-content\/uploads\/2023\/07\/Wein_werte_Logo700-1.png","width":700,"height":272,"caption":"Vins Fins Thorrold"},"image":{"@id":"https:\/\/wein-werte.com\/de\/#\/schema\/logo\/image\/"}}]}},"_links":{"self":[{"href":"https:\/\/wein-werte.com\/de\/wp-json\/wp\/v2\/product\/1127652","targetHints":{"allow":["GET"]}}],"collection":[{"href":"https:\/\/wein-werte.com\/de\/wp-json\/wp\/v2\/product"}],"about":[{"href":"https:\/\/wein-werte.com\/de\/wp-json\/wp\/v2\/types\/product"}],"wp:featuredmedia":[{"embeddable":true,"href":"https:\/\/wein-werte.com\/de\/wp-json\/wp\/v2\/media\/1139496"}],"wp:attachment":[{"href":"https:\/\/wein-werte.com\/de\/wp-json\/wp\/v2\/media?parent=1127652"}],"wp:term":[{"taxonomy":"product_brand","embeddable":true,"href":"https:\/\/wein-werte.com\/de\/wp-json\/wp\/v2\/product_brand?post=1127652"},{"taxonomy":"product_cat","embeddable":true,"href":"https:\/\/wein-werte.com\/de\/wp-json\/wp\/v2\/product_cat?post=1127652"},{"taxonomy":"product_tag","embeddable":true,"href":"https:\/\/wein-werte.com\/de\/wp-json\/wp\/v2\/product_tag?post=1127652"}],"curies":[{"name":"wp","href":"https:\/\/api.w.org\/{rel}","templated":true}]}}