{"id":1127637,"date":"2026-05-05T18:11:21","date_gmt":"2026-05-05T16:11:21","guid":{"rendered":"https:\/\/wein-werte.com\/product\/boris-champy-savigny-les-beaune-rouge-petit-aigle-2021-750ml\/"},"modified":"2026-04-27T11:41:10","modified_gmt":"2026-04-27T09:41:10","slug":"boris-champy-savigny-les-beaune-rouge-petit-aigle-2021-750ml","status":"publish","type":"product","link":"https:\/\/wein-werte.com\/de\/produkt\/boris-champy-savigny-les-beaune-rouge-petit-aigle-2021-750ml\/","title":{"rendered":"Boris Champy | Burgund | Savigny-L\u00e8s-Beaune rouge, Petit Aigle AOP | 2021 | 750ml | bio"},"content":{"rendered":"<p>Produktbeschreibung f\u00fcr Boris Champy Savigny-L\u00e8s-Beaune rouge, Petit Aigle AOP 2021 (bio)<\/p>\n<h5>Informationen zum Wein<\/h5>\n<p>F\u00fcr diesen Wein aus der N\u00e9goce-Serie <i>Petit Aigle<\/i> hat Boris Champy einen nach Ecocert zertifizierten biologisch-organisch erzeugten Pinot Noir erworben, und zwar aus den Parzellen Les Planchots (wei\u00dfe Kalkb\u00f6den am Rande des Schwemmkegels im Tal von Savigny) und Les Gollardes, einer hochgelegenen Parzelle mit flachen rotbraunen und steinreichen B\u00f6den in Savigny-les-Beaune. Boris Champy hat die Trauben nur zu 70 % entrappt, es gab also einen Anteil an Ganztrauben. Auf Grund des Jahrgangs, in dem es Botryrtis gab, hat er jedoch die Trauben komplett entrappt, die Stile mit Schwefel behandelt und eine Millefeuille aus Schichten entrappter Trauben und Rappen geformt, um die Trauben zu verg\u00e4ren. Er hat spontan vergoren, schonend extrahiert und den Wein \u00fcber zehn bis zw\u00f6lf Monate in Tonneaux ausgebaut und ohne Filtration abgef\u00fcllt.<\/p>\n<h5>Farbe<\/h5>\n<p>recht transparentes Rubinrot<\/p>\n<h5>Nase<\/h5>\n<p>Boris Champys <i>Petit Aigle Savigny-Les-Beaune 2021<\/i> ist ein w\u00fcrziger und kr\u00e4utriger Wein mit einer frischen Mischung aus roten und schwarzen Beeren, sowie etwas Sauerkirsche, Wacholder und Bl\u00fcten. Er wirkt im Duft genauso transparent wie in der Farbe. Es gibt kaum Extraktion und wenig Holz, daf\u00fcr viel Frucht, so wie es zur Appellation auch passt.<\/p>\n<h5>Gaumen<\/h5>\n<p>Am Gaumen wirkt der <i>Savigny-l\u00e8s-Beaune<\/i> ebenfalls saftig und transparent mit einer Mischung aus roten und dunklen Beeren und etwas Sauerkirsche. Das Tannin ist recht fest, die S\u00e4ure agil. Der K\u00f6rper zeigt sich schlank, das Aroma neben der Frucht leicht erdig und erinnert ein wenig an Cointreau.<\/p>\n<p>Copyright Vinaturel 2025<\/p>\n<p>Keywords: <a href=\"https:\/\/wein-werte.com\/de\/shop\/?swoof=1&#038;pa_producer=Boris-Champy\">Boris Champy<\/a> <a href=\"https:\/\/wein-werte.com\/de\/shop\/?swoof=1&#038;woof_text=Savigny-L\u00e8s-Beaune rouge, Petit Aigle AOP\">Savigny-L\u00e8s-Beaune rouge, Petit Aigle AOP<\/a> 2021 bio <a href=\"https:\/\/wein-werte.com\/de\/shop\/?swoof=1&#038;pa_region=Burgund\">Burgund<\/a> <a href=\"https:\/\/wein-werte.com\/de\/shop\/?swoof=1&#038;pa_country=Frankreich\">Frankreich<\/a><\/p>\n<p>Internetseite des Weinguts: <a href=\"https:\/\/www.domaineborischampy.com\/en\/home\/\" target=\"_blank\">https:\/\/www.domaineborischampy.com\/en\/home\/<\/a><\/p>\n","protected":false},"excerpt":{"rendered":"<p>Lieferzeit: 1 bis 2 Arbeitstage (DE), 2 bis 5 Arbeitstage (EU and CH)<\/p>\n","protected":false},"featured_media":1139484,"template":"","meta":[],"product_brand":[],"product_cat":[19],"product_tag":[],"class_list":{"0":"post-1127637","1":"product","2":"type-product","3":"status-publish","4":"has-post-thumbnail","6":"product_cat-unkategorisiert","7":"pa_alcohol-for-filter-12-5","8":"pa_certified-biodynamic-nein-de","9":"pa_certified-organic-ja-de","10":"pa_colour-rot","11":"pa_country-frankreich","12":"pa_grape-pinot-noir-spatburgunder","13":"pa_price-for-filter-10605","14":"pa_producer-boris-champy","15":"pa_region-burgund","16":"pa_size-ml-6584","17":"pa_sweetness-trocken-de","18":"pa_type-2-still-de","19":"pa_vintage-2021-de","20":"entry","21":"has-media","23":"first","24":"instock","25":"taxable","26":"shipping-taxable","27":"purchasable","28":"product-type-simple"},"yoast_head":"<!-- This site is optimized with the Yoast SEO plugin v27.5 - https:\/\/yoast.com\/product\/yoast-seo-wordpress\/ -->\n<title>Boris Champy Savigny-L\u00e8s-Beaune rouge Petit Aigle 2021<\/title>\n<meta name=\"description\" content=\"Kaufe Boris Champy Savigny-L\u00e8s-Beaune rouge Petit Aigle 2021 (Pinot Noir, trocken aus Burgund, Frankreich) bei Wein Werte, Ihrem nachhaltigen Onlineshop.\" \/>\n<meta name=\"robots\" content=\"index, follow, max-snippet:-1, max-image-preview:large, max-video-preview:-1\" \/>\n<link rel=\"canonical\" href=\"https:\/\/wein-werte.com\/de\/produkt\/boris-champy-savigny-les-beaune-rouge-petit-aigle-2021-750ml\/\" \/>\n<meta property=\"og:locale\" content=\"de_DE\" \/>\n<meta property=\"og:type\" content=\"article\" \/>\n<meta property=\"og:title\" content=\"Boris Champy Savigny-L\u00e8s-Beaune rouge Petit Aigle 2021\" \/>\n<meta property=\"og:description\" content=\"Kaufe Boris Champy Savigny-L\u00e8s-Beaune rouge Petit Aigle 2021 (Pinot Noir, trocken aus Burgund, Frankreich) bei Wein Werte, Ihrem nachhaltigen Onlineshop.\" \/>\n<meta property=\"og:url\" content=\"https:\/\/wein-werte.com\/de\/produkt\/boris-champy-savigny-les-beaune-rouge-petit-aigle-2021-750ml\/\" \/>\n<meta property=\"og:site_name\" content=\"Wein Werte\" \/>\n<meta property=\"og:image\" content=\"https:\/\/wein-werte.com\/wp-content\/uploads\/2026\/04\/Boris-Champy-Savigny-Les-Beaune-rouge-Petit-Aigle-2021-750ml.png\" \/>\n\t<meta property=\"og:image:width\" content=\"338\" \/>\n\t<meta property=\"og:image:height\" content=\"1200\" \/>\n\t<meta property=\"og:image:type\" content=\"image\/png\" \/>\n<meta name=\"twitter:card\" content=\"summary_large_image\" \/>\n<meta name=\"twitter:label1\" content=\"Gesch\u00e4tzte Lesezeit\" \/>\n\t<meta name=\"twitter:data1\" content=\"1\u00a0Minute\" \/>\n<script type=\"application\/ld+json\" class=\"yoast-schema-graph\">{\"@context\":\"https:\\\/\\\/schema.org\",\"@graph\":[{\"@type\":\"WebPage\",\"@id\":\"https:\\\/\\\/wein-werte.com\\\/de\\\/produkt\\\/boris-champy-savigny-les-beaune-rouge-petit-aigle-2021-750ml\\\/\",\"url\":\"https:\\\/\\\/wein-werte.com\\\/de\\\/produkt\\\/boris-champy-savigny-les-beaune-rouge-petit-aigle-2021-750ml\\\/\",\"name\":\"Boris Champy Savigny-L\u00e8s-Beaune rouge Petit Aigle 2021\",\"isPartOf\":{\"@id\":\"https:\\\/\\\/wein-werte.com\\\/de\\\/#website\"},\"primaryImageOfPage\":{\"@id\":\"https:\\\/\\\/wein-werte.com\\\/de\\\/produkt\\\/boris-champy-savigny-les-beaune-rouge-petit-aigle-2021-750ml\\\/#primaryimage\"},\"image\":{\"@id\":\"https:\\\/\\\/wein-werte.com\\\/de\\\/produkt\\\/boris-champy-savigny-les-beaune-rouge-petit-aigle-2021-750ml\\\/#primaryimage\"},\"thumbnailUrl\":\"https:\\\/\\\/wein-werte.com\\\/wp-content\\\/uploads\\\/2026\\\/04\\\/Boris-Champy-Savigny-Les-Beaune-rouge-Petit-Aigle-2021-750ml.png\",\"datePublished\":\"2026-05-05T16:11:21+00:00\",\"description\":\"Kaufe Boris Champy Savigny-L\u00e8s-Beaune rouge Petit Aigle 2021 (Pinot Noir, trocken aus Burgund, Frankreich) bei Wein Werte, Ihrem nachhaltigen Onlineshop.\",\"breadcrumb\":{\"@id\":\"https:\\\/\\\/wein-werte.com\\\/de\\\/produkt\\\/boris-champy-savigny-les-beaune-rouge-petit-aigle-2021-750ml\\\/#breadcrumb\"},\"inLanguage\":\"de\",\"potentialAction\":[{\"@type\":\"ReadAction\",\"target\":[\"https:\\\/\\\/wein-werte.com\\\/de\\\/produkt\\\/boris-champy-savigny-les-beaune-rouge-petit-aigle-2021-750ml\\\/\"]}]},{\"@type\":\"ImageObject\",\"inLanguage\":\"de\",\"@id\":\"https:\\\/\\\/wein-werte.com\\\/de\\\/produkt\\\/boris-champy-savigny-les-beaune-rouge-petit-aigle-2021-750ml\\\/#primaryimage\",\"url\":\"https:\\\/\\\/wein-werte.com\\\/wp-content\\\/uploads\\\/2026\\\/04\\\/Boris-Champy-Savigny-Les-Beaune-rouge-Petit-Aigle-2021-750ml.png\",\"contentUrl\":\"https:\\\/\\\/wein-werte.com\\\/wp-content\\\/uploads\\\/2026\\\/04\\\/Boris-Champy-Savigny-Les-Beaune-rouge-Petit-Aigle-2021-750ml.png\",\"width\":338,\"height\":1200,\"caption\":\"Boris Champy Savigny-L\u00e8s-Beaune rouge, Petit Aigle AOP 2021 750ml\"},{\"@type\":\"BreadcrumbList\",\"@id\":\"https:\\\/\\\/wein-werte.com\\\/de\\\/produkt\\\/boris-champy-savigny-les-beaune-rouge-petit-aigle-2021-750ml\\\/#breadcrumb\",\"itemListElement\":[{\"@type\":\"ListItem\",\"position\":1,\"name\":\"Home\",\"item\":\"https:\\\/\\\/wein-werte.com\\\/de\\\/\"},{\"@type\":\"ListItem\",\"position\":2,\"name\":\"Shop\",\"item\":\"https:\\\/\\\/wein-werte.com\\\/de\\\/shop\\\/\"},{\"@type\":\"ListItem\",\"position\":3,\"name\":\"Boris Champy | Burgund | Savigny-L\u00e8s-Beaune rouge, Petit Aigle AOP | 2021 | 750ml | bio\"}]},{\"@type\":\"WebSite\",\"@id\":\"https:\\\/\\\/wein-werte.com\\\/de\\\/#website\",\"url\":\"https:\\\/\\\/wein-werte.com\\\/de\\\/\",\"name\":\"Wein Werte\",\"description\":\"\",\"publisher\":{\"@id\":\"https:\\\/\\\/wein-werte.com\\\/de\\\/#organization\"},\"potentialAction\":[{\"@type\":\"SearchAction\",\"target\":{\"@type\":\"EntryPoint\",\"urlTemplate\":\"https:\\\/\\\/wein-werte.com\\\/de\\\/?s={search_term_string}\"},\"query-input\":{\"@type\":\"PropertyValueSpecification\",\"valueRequired\":true,\"valueName\":\"search_term_string\"}}],\"inLanguage\":\"de\"},{\"@type\":\"Organization\",\"@id\":\"https:\\\/\\\/wein-werte.com\\\/de\\\/#organization\",\"name\":\"Vins Fins Thorrold\",\"url\":\"https:\\\/\\\/wein-werte.com\\\/de\\\/\",\"logo\":{\"@type\":\"ImageObject\",\"inLanguage\":\"de\",\"@id\":\"https:\\\/\\\/wein-werte.com\\\/de\\\/#\\\/schema\\\/logo\\\/image\\\/\",\"url\":\"https:\\\/\\\/wein-werte.com\\\/wp-content\\\/uploads\\\/2023\\\/07\\\/Wein_werte_Logo700-1.png\",\"contentUrl\":\"https:\\\/\\\/wein-werte.com\\\/wp-content\\\/uploads\\\/2023\\\/07\\\/Wein_werte_Logo700-1.png\",\"width\":700,\"height\":272,\"caption\":\"Vins Fins Thorrold\"},\"image\":{\"@id\":\"https:\\\/\\\/wein-werte.com\\\/de\\\/#\\\/schema\\\/logo\\\/image\\\/\"}}]}<\/script>\n<!-- \/ Yoast SEO plugin. -->","yoast_head_json":{"title":"Boris Champy Savigny-L\u00e8s-Beaune rouge Petit Aigle 2021","description":"Kaufe Boris Champy Savigny-L\u00e8s-Beaune rouge Petit Aigle 2021 (Pinot Noir, trocken aus Burgund, Frankreich) bei Wein Werte, Ihrem nachhaltigen Onlineshop.","robots":{"index":"index","follow":"follow","max-snippet":"max-snippet:-1","max-image-preview":"max-image-preview:large","max-video-preview":"max-video-preview:-1"},"canonical":"https:\/\/wein-werte.com\/de\/produkt\/boris-champy-savigny-les-beaune-rouge-petit-aigle-2021-750ml\/","og_locale":"de_DE","og_type":"article","og_title":"Boris Champy Savigny-L\u00e8s-Beaune rouge Petit Aigle 2021","og_description":"Kaufe Boris Champy Savigny-L\u00e8s-Beaune rouge Petit Aigle 2021 (Pinot Noir, trocken aus Burgund, Frankreich) bei Wein Werte, Ihrem nachhaltigen Onlineshop.","og_url":"https:\/\/wein-werte.com\/de\/produkt\/boris-champy-savigny-les-beaune-rouge-petit-aigle-2021-750ml\/","og_site_name":"Wein Werte","og_image":[{"width":338,"height":1200,"url":"https:\/\/wein-werte.com\/wp-content\/uploads\/2026\/04\/Boris-Champy-Savigny-Les-Beaune-rouge-Petit-Aigle-2021-750ml.png","type":"image\/png"}],"twitter_card":"summary_large_image","twitter_misc":{"Gesch\u00e4tzte Lesezeit":"1\u00a0Minute"},"schema":{"@context":"https:\/\/schema.org","@graph":[{"@type":"WebPage","@id":"https:\/\/wein-werte.com\/de\/produkt\/boris-champy-savigny-les-beaune-rouge-petit-aigle-2021-750ml\/","url":"https:\/\/wein-werte.com\/de\/produkt\/boris-champy-savigny-les-beaune-rouge-petit-aigle-2021-750ml\/","name":"Boris Champy Savigny-L\u00e8s-Beaune rouge Petit Aigle 2021","isPartOf":{"@id":"https:\/\/wein-werte.com\/de\/#website"},"primaryImageOfPage":{"@id":"https:\/\/wein-werte.com\/de\/produkt\/boris-champy-savigny-les-beaune-rouge-petit-aigle-2021-750ml\/#primaryimage"},"image":{"@id":"https:\/\/wein-werte.com\/de\/produkt\/boris-champy-savigny-les-beaune-rouge-petit-aigle-2021-750ml\/#primaryimage"},"thumbnailUrl":"https:\/\/wein-werte.com\/wp-content\/uploads\/2026\/04\/Boris-Champy-Savigny-Les-Beaune-rouge-Petit-Aigle-2021-750ml.png","datePublished":"2026-05-05T16:11:21+00:00","description":"Kaufe Boris Champy Savigny-L\u00e8s-Beaune rouge Petit Aigle 2021 (Pinot Noir, trocken aus Burgund, Frankreich) bei Wein Werte, Ihrem nachhaltigen Onlineshop.","breadcrumb":{"@id":"https:\/\/wein-werte.com\/de\/produkt\/boris-champy-savigny-les-beaune-rouge-petit-aigle-2021-750ml\/#breadcrumb"},"inLanguage":"de","potentialAction":[{"@type":"ReadAction","target":["https:\/\/wein-werte.com\/de\/produkt\/boris-champy-savigny-les-beaune-rouge-petit-aigle-2021-750ml\/"]}]},{"@type":"ImageObject","inLanguage":"de","@id":"https:\/\/wein-werte.com\/de\/produkt\/boris-champy-savigny-les-beaune-rouge-petit-aigle-2021-750ml\/#primaryimage","url":"https:\/\/wein-werte.com\/wp-content\/uploads\/2026\/04\/Boris-Champy-Savigny-Les-Beaune-rouge-Petit-Aigle-2021-750ml.png","contentUrl":"https:\/\/wein-werte.com\/wp-content\/uploads\/2026\/04\/Boris-Champy-Savigny-Les-Beaune-rouge-Petit-Aigle-2021-750ml.png","width":338,"height":1200,"caption":"Boris Champy Savigny-L\u00e8s-Beaune rouge, Petit Aigle AOP 2021 750ml"},{"@type":"BreadcrumbList","@id":"https:\/\/wein-werte.com\/de\/produkt\/boris-champy-savigny-les-beaune-rouge-petit-aigle-2021-750ml\/#breadcrumb","itemListElement":[{"@type":"ListItem","position":1,"name":"Home","item":"https:\/\/wein-werte.com\/de\/"},{"@type":"ListItem","position":2,"name":"Shop","item":"https:\/\/wein-werte.com\/de\/shop\/"},{"@type":"ListItem","position":3,"name":"Boris Champy | Burgund | Savigny-L\u00e8s-Beaune rouge, Petit Aigle AOP | 2021 | 750ml | bio"}]},{"@type":"WebSite","@id":"https:\/\/wein-werte.com\/de\/#website","url":"https:\/\/wein-werte.com\/de\/","name":"Wein Werte","description":"","publisher":{"@id":"https:\/\/wein-werte.com\/de\/#organization"},"potentialAction":[{"@type":"SearchAction","target":{"@type":"EntryPoint","urlTemplate":"https:\/\/wein-werte.com\/de\/?s={search_term_string}"},"query-input":{"@type":"PropertyValueSpecification","valueRequired":true,"valueName":"search_term_string"}}],"inLanguage":"de"},{"@type":"Organization","@id":"https:\/\/wein-werte.com\/de\/#organization","name":"Vins Fins Thorrold","url":"https:\/\/wein-werte.com\/de\/","logo":{"@type":"ImageObject","inLanguage":"de","@id":"https:\/\/wein-werte.com\/de\/#\/schema\/logo\/image\/","url":"https:\/\/wein-werte.com\/wp-content\/uploads\/2023\/07\/Wein_werte_Logo700-1.png","contentUrl":"https:\/\/wein-werte.com\/wp-content\/uploads\/2023\/07\/Wein_werte_Logo700-1.png","width":700,"height":272,"caption":"Vins Fins Thorrold"},"image":{"@id":"https:\/\/wein-werte.com\/de\/#\/schema\/logo\/image\/"}}]}},"_links":{"self":[{"href":"https:\/\/wein-werte.com\/de\/wp-json\/wp\/v2\/product\/1127637","targetHints":{"allow":["GET"]}}],"collection":[{"href":"https:\/\/wein-werte.com\/de\/wp-json\/wp\/v2\/product"}],"about":[{"href":"https:\/\/wein-werte.com\/de\/wp-json\/wp\/v2\/types\/product"}],"wp:featuredmedia":[{"embeddable":true,"href":"https:\/\/wein-werte.com\/de\/wp-json\/wp\/v2\/media\/1139484"}],"wp:attachment":[{"href":"https:\/\/wein-werte.com\/de\/wp-json\/wp\/v2\/media?parent=1127637"}],"wp:term":[{"taxonomy":"product_brand","embeddable":true,"href":"https:\/\/wein-werte.com\/de\/wp-json\/wp\/v2\/product_brand?post=1127637"},{"taxonomy":"product_cat","embeddable":true,"href":"https:\/\/wein-werte.com\/de\/wp-json\/wp\/v2\/product_cat?post=1127637"},{"taxonomy":"product_tag","embeddable":true,"href":"https:\/\/wein-werte.com\/de\/wp-json\/wp\/v2\/product_tag?post=1127637"}],"curies":[{"name":"wp","href":"https:\/\/api.w.org\/{rel}","templated":true}]}}