{"id":1127628,"date":"2026-05-05T18:11:21","date_gmt":"2026-05-05T16:11:21","guid":{"rendered":"https:\/\/wein-werte.com\/product\/boris-champy-beaune-1er-cru-aux-coucherias-2020-750ml\/"},"modified":"2026-04-27T11:41:08","modified_gmt":"2026-04-27T09:41:08","slug":"boris-champy-beaune-1er-cru-aux-coucherias-2020-750ml","status":"publish","type":"product","link":"https:\/\/wein-werte.com\/de\/produkt\/boris-champy-beaune-1er-cru-aux-coucherias-2020-750ml\/","title":{"rendered":"Boris Champy | Burgund | Beaune 1er Cru Aux Coucherias AOP | 2020 | 750ml | bio"},"content":{"rendered":"<p>Produktbeschreibung f\u00fcr Boris Champy Beaune 1er Cru Aux Coucherias AOP 2020 (bio) <\/p>\n<h5>Informationen zum Wein<\/h5>\n<p> F\u00fcr diesen Wein nutzte Boris Champy Pinot Noir aus einer nach Westen ausgerichteten Parzelle in Aux Coucherias kurz vor Bouze-l\u00e8s-Beaune. Der 1er Cru wurde in den 1950er Jahren gepflanzt, die Lage ist sehr steil und gepr\u00e4gt von dunklem Lehm und Kalk. Champy kennt den Weinberg aus seiner Zeit bei Louis Jadot; denn das Haus erzeugte dort den Clos de Couchereaux. Bei Champy ist es der Clos Montchovet. Der Clos ist durch B\u00e4ume und Ginster isoliert. Die Parzelle wird seit 1985 biodynamisch bewirtschaftet. Die Stockdichte liegt bei rund 10.000 in Guyot-Erziehung. Gelesen wurde am 12. August. Boris Champy hat die Trauben zu 60 % als Ganztrauben vergoren und \u00fcber zw\u00f6lf Monate im Barrique ausgebaut. <\/p>\n<h5>Farbe<\/h5>\n<p> intensives Purpur <\/p>\n<h5>Nase<\/h5>\n<p> Boris Champys Beaune 1er Cru Aux Coucherias 2020 ist der Wein, der in seiner Jugend am deutlichsten nach Rappen duftet. Dazu kommen intensive Noten von reifen Schwarzkirschen, Pflaumen, Brombeeren und eine leicht laktische Note von cremigem Joghurt mit Schwarzen Johannisbeeren. Abgerundet wird das Ganze mit Noten von Vanille, S\u00fc\u00dfholz und etwas dunkler Schokolade. <\/p>\n<h5>Gaumen<\/h5>\n<p> Auch am Gaumen zeigt sich der Aux Coucherias saftig, leicht extrakts\u00fc\u00df und dazu cremig mit der Textur von fl\u00fcssiger Milchschokolade, Noten von Zimt und Kirschen mit etwas Vanille. Das wirkt reif und rund, ist es auch, aber trotzdem und dankenswerterweise bleibt der Pinot Noir lebendig, und energetisch. Wegen der Rappen hat er auch Struktur und Kanten. Das ist ein formidabler, k\u00f6stlicher Wein!<\/p>\n<p>Copyright Vinaturel 2025<\/p>\n<p>Keywords: <a href=\"https:\/\/wein-werte.com\/de\/shop\/?swoof=1&#038;pa_producer=Boris-Champy\">Boris Champy<\/a> <a href=\"https:\/\/wein-werte.com\/de\/shop\/?swoof=1&#038;woof_text=Beaune 1er Cru Aux Coucherias AOP\">Beaune 1er Cru Aux Coucherias AOP<\/a> 2020 bio <a href=\"https:\/\/wein-werte.com\/de\/shop\/?swoof=1&#038;pa_region=Burgund\">Burgund<\/a> <a href=\"https:\/\/wein-werte.com\/de\/shop\/?swoof=1&#038;pa_country=Frankreich\">Frankreich<\/a><\/p>\n<h3>Wine Advocate<\/h3>\n<p>Punkte: 93<\/p>\n<p>Der Beaune 1er Cru Coucherias 2020 ist geschmeidig und lieblich und bietet Aromen von s\u00fc\u00dfen roten Beeren, Pflaumen, Orangenschale, Rosenbl\u00e4ttern und Gew\u00fcrzen. Mittel- bis vollmundig, harmonisch und elegant, mit lebendiger S\u00e4ure, schmelzenden Tanninen und einem langen, zimtbetonten Abgang \u2013 ein brillanter Wein.<br \/>William Kelley<\/p>\n<h3>Vinous<\/h3>\n<p>Punkte: (91-93)<\/p>\n<p>Der Beaune Aux Coucherias 1er Cru 2020 aus dem Klima, dessen Name ich nie richtig aussprechen kann, besteht zu 65 % aus ganzen Trauben, was sich in der Nase gut versteckt und Aromen von dunkler Pflaume, Brombeere, Dornbusch und fast feuersteinartigen Noten bietet. Am Gaumen ist er mittelkr\u00e4ftig mit festen Tanninen, recht kantig und zugfest, im Abgang etwas kantig in der Textur, mit wunderbarer Vitalit\u00e4t und R\u00fcckgrat. Auch hier zeigt sich eine fast Pommard-artige Struktur, aber dennoch viel Eleganz. \u2013 Neal Martin<br \/>Trinkzeitraum: 2024\u20132035<br \/>Bewertungsdatum: Dezember 2021<\/p>\n<p>Internetseite des Weinguts: <a href=\"https:\/\/www.domaineborischampy.com\/en\/home\/\" target=\"_blank\">https:\/\/www.domaineborischampy.com\/en\/home\/<\/a><\/p>\n","protected":false},"excerpt":{"rendered":"<p>Lieferzeit: 1 bis 2 Arbeitstage (DE), 2 bis 5 Arbeitstage (EU and CH)<\/p>\n","protected":false},"featured_media":1147437,"template":"","meta":[],"product_brand":[],"product_cat":[19],"product_tag":[],"class_list":{"0":"post-1127628","1":"product","2":"type-product","3":"status-publish","4":"has-post-thumbnail","6":"product_cat-unkategorisiert","7":"pa_alcohol-for-filter-12-5","8":"pa_certified-biodynamic-nein-de","9":"pa_certified-organic-ja-de","10":"pa_colour-rot","11":"pa_country-frankreich","12":"pa_grape-pinot-noir-spatburgunder","13":"pa_parker-points-for-filter-93-de-2","14":"pa_price-for-filter-10622","15":"pa_producer-boris-champy","16":"pa_region-burgund","17":"pa_size-ml-6584","18":"pa_sweetness-trocken-de","19":"pa_type-2-still-de","20":"pa_vinous-points-for-filter-20027","21":"pa_vintage-2020-de","22":"entry","23":"has-media","25":"first","26":"instock","27":"taxable","28":"shipping-taxable","29":"purchasable","30":"product-type-simple"},"yoast_head":"<!-- This site is optimized with the Yoast SEO plugin v27.5 - https:\/\/yoast.com\/product\/yoast-seo-wordpress\/ -->\n<title>Boris Champy Beaune 1er Cru Aux Coucherias 2020<\/title>\n<meta name=\"description\" content=\"Kaufe Boris Champy Beaune 1er Cru Aux Coucherias 2020 (Pinot Noir, trocken aus Burgund, Frankreich) bei Wein Werte, Ihrem nachhaltigen Onlineshop.\" \/>\n<meta name=\"robots\" content=\"index, follow, max-snippet:-1, max-image-preview:large, max-video-preview:-1\" \/>\n<link rel=\"canonical\" href=\"https:\/\/wein-werte.com\/de\/produkt\/boris-champy-beaune-1er-cru-aux-coucherias-2020-750ml\/\" \/>\n<meta property=\"og:locale\" content=\"de_DE\" \/>\n<meta property=\"og:type\" content=\"article\" \/>\n<meta property=\"og:title\" content=\"Boris Champy Beaune 1er Cru Aux Coucherias 2020\" \/>\n<meta property=\"og:description\" content=\"Kaufe Boris Champy Beaune 1er Cru Aux Coucherias 2020 (Pinot Noir, trocken aus Burgund, Frankreich) bei Wein Werte, Ihrem nachhaltigen Onlineshop.\" \/>\n<meta property=\"og:url\" content=\"https:\/\/wein-werte.com\/de\/produkt\/boris-champy-beaune-1er-cru-aux-coucherias-2020-750ml\/\" \/>\n<meta property=\"og:site_name\" content=\"Wein Werte\" \/>\n<meta property=\"og:image\" content=\"https:\/\/wein-werte.com\/wp-content\/uploads\/2026\/04\/Boris-Champy-Beaune-1er-Cru-Aux-Coucherias-2020-750-ml.png\" \/>\n\t<meta property=\"og:image:width\" content=\"400\" \/>\n\t<meta property=\"og:image:height\" content=\"949\" \/>\n\t<meta property=\"og:image:type\" content=\"image\/png\" \/>\n<meta name=\"twitter:card\" content=\"summary_large_image\" \/>\n<meta name=\"twitter:label1\" content=\"Gesch\u00e4tzte Lesezeit\" \/>\n\t<meta name=\"twitter:data1\" content=\"2\u00a0Minuten\" \/>\n<script type=\"application\/ld+json\" class=\"yoast-schema-graph\">{\"@context\":\"https:\\\/\\\/schema.org\",\"@graph\":[{\"@type\":\"WebPage\",\"@id\":\"https:\\\/\\\/wein-werte.com\\\/de\\\/produkt\\\/boris-champy-beaune-1er-cru-aux-coucherias-2020-750ml\\\/\",\"url\":\"https:\\\/\\\/wein-werte.com\\\/de\\\/produkt\\\/boris-champy-beaune-1er-cru-aux-coucherias-2020-750ml\\\/\",\"name\":\"Boris Champy Beaune 1er Cru Aux Coucherias 2020\",\"isPartOf\":{\"@id\":\"https:\\\/\\\/wein-werte.com\\\/de\\\/#website\"},\"primaryImageOfPage\":{\"@id\":\"https:\\\/\\\/wein-werte.com\\\/de\\\/produkt\\\/boris-champy-beaune-1er-cru-aux-coucherias-2020-750ml\\\/#primaryimage\"},\"image\":{\"@id\":\"https:\\\/\\\/wein-werte.com\\\/de\\\/produkt\\\/boris-champy-beaune-1er-cru-aux-coucherias-2020-750ml\\\/#primaryimage\"},\"thumbnailUrl\":\"https:\\\/\\\/wein-werte.com\\\/wp-content\\\/uploads\\\/2026\\\/04\\\/Boris-Champy-Beaune-1er-Cru-Aux-Coucherias-2020-750-ml.png\",\"datePublished\":\"2026-05-05T16:11:21+00:00\",\"description\":\"Kaufe Boris Champy Beaune 1er Cru Aux Coucherias 2020 (Pinot Noir, trocken aus Burgund, Frankreich) bei Wein Werte, Ihrem nachhaltigen Onlineshop.\",\"breadcrumb\":{\"@id\":\"https:\\\/\\\/wein-werte.com\\\/de\\\/produkt\\\/boris-champy-beaune-1er-cru-aux-coucherias-2020-750ml\\\/#breadcrumb\"},\"inLanguage\":\"de\",\"potentialAction\":[{\"@type\":\"ReadAction\",\"target\":[\"https:\\\/\\\/wein-werte.com\\\/de\\\/produkt\\\/boris-champy-beaune-1er-cru-aux-coucherias-2020-750ml\\\/\"]}]},{\"@type\":\"ImageObject\",\"inLanguage\":\"de\",\"@id\":\"https:\\\/\\\/wein-werte.com\\\/de\\\/produkt\\\/boris-champy-beaune-1er-cru-aux-coucherias-2020-750ml\\\/#primaryimage\",\"url\":\"https:\\\/\\\/wein-werte.com\\\/wp-content\\\/uploads\\\/2026\\\/04\\\/Boris-Champy-Beaune-1er-Cru-Aux-Coucherias-2020-750-ml.png\",\"contentUrl\":\"https:\\\/\\\/wein-werte.com\\\/wp-content\\\/uploads\\\/2026\\\/04\\\/Boris-Champy-Beaune-1er-Cru-Aux-Coucherias-2020-750-ml.png\",\"width\":400,\"height\":949},{\"@type\":\"BreadcrumbList\",\"@id\":\"https:\\\/\\\/wein-werte.com\\\/de\\\/produkt\\\/boris-champy-beaune-1er-cru-aux-coucherias-2020-750ml\\\/#breadcrumb\",\"itemListElement\":[{\"@type\":\"ListItem\",\"position\":1,\"name\":\"Home\",\"item\":\"https:\\\/\\\/wein-werte.com\\\/de\\\/\"},{\"@type\":\"ListItem\",\"position\":2,\"name\":\"Shop\",\"item\":\"https:\\\/\\\/wein-werte.com\\\/de\\\/shop\\\/\"},{\"@type\":\"ListItem\",\"position\":3,\"name\":\"Boris Champy | Burgund | Beaune 1er Cru Aux Coucherias AOP | 2020 | 750ml | bio\"}]},{\"@type\":\"WebSite\",\"@id\":\"https:\\\/\\\/wein-werte.com\\\/de\\\/#website\",\"url\":\"https:\\\/\\\/wein-werte.com\\\/de\\\/\",\"name\":\"Wein Werte\",\"description\":\"\",\"publisher\":{\"@id\":\"https:\\\/\\\/wein-werte.com\\\/de\\\/#organization\"},\"potentialAction\":[{\"@type\":\"SearchAction\",\"target\":{\"@type\":\"EntryPoint\",\"urlTemplate\":\"https:\\\/\\\/wein-werte.com\\\/de\\\/?s={search_term_string}\"},\"query-input\":{\"@type\":\"PropertyValueSpecification\",\"valueRequired\":true,\"valueName\":\"search_term_string\"}}],\"inLanguage\":\"de\"},{\"@type\":\"Organization\",\"@id\":\"https:\\\/\\\/wein-werte.com\\\/de\\\/#organization\",\"name\":\"Vins Fins Thorrold\",\"url\":\"https:\\\/\\\/wein-werte.com\\\/de\\\/\",\"logo\":{\"@type\":\"ImageObject\",\"inLanguage\":\"de\",\"@id\":\"https:\\\/\\\/wein-werte.com\\\/de\\\/#\\\/schema\\\/logo\\\/image\\\/\",\"url\":\"https:\\\/\\\/wein-werte.com\\\/wp-content\\\/uploads\\\/2023\\\/07\\\/Wein_werte_Logo700-1.png\",\"contentUrl\":\"https:\\\/\\\/wein-werte.com\\\/wp-content\\\/uploads\\\/2023\\\/07\\\/Wein_werte_Logo700-1.png\",\"width\":700,\"height\":272,\"caption\":\"Vins Fins Thorrold\"},\"image\":{\"@id\":\"https:\\\/\\\/wein-werte.com\\\/de\\\/#\\\/schema\\\/logo\\\/image\\\/\"}}]}<\/script>\n<!-- \/ Yoast SEO plugin. -->","yoast_head_json":{"title":"Boris Champy Beaune 1er Cru Aux Coucherias 2020","description":"Kaufe Boris Champy Beaune 1er Cru Aux Coucherias 2020 (Pinot Noir, trocken aus Burgund, Frankreich) bei Wein Werte, Ihrem nachhaltigen Onlineshop.","robots":{"index":"index","follow":"follow","max-snippet":"max-snippet:-1","max-image-preview":"max-image-preview:large","max-video-preview":"max-video-preview:-1"},"canonical":"https:\/\/wein-werte.com\/de\/produkt\/boris-champy-beaune-1er-cru-aux-coucherias-2020-750ml\/","og_locale":"de_DE","og_type":"article","og_title":"Boris Champy Beaune 1er Cru Aux Coucherias 2020","og_description":"Kaufe Boris Champy Beaune 1er Cru Aux Coucherias 2020 (Pinot Noir, trocken aus Burgund, Frankreich) bei Wein Werte, Ihrem nachhaltigen Onlineshop.","og_url":"https:\/\/wein-werte.com\/de\/produkt\/boris-champy-beaune-1er-cru-aux-coucherias-2020-750ml\/","og_site_name":"Wein Werte","og_image":[{"width":400,"height":949,"url":"https:\/\/wein-werte.com\/wp-content\/uploads\/2026\/04\/Boris-Champy-Beaune-1er-Cru-Aux-Coucherias-2020-750-ml.png","type":"image\/png"}],"twitter_card":"summary_large_image","twitter_misc":{"Gesch\u00e4tzte Lesezeit":"2\u00a0Minuten"},"schema":{"@context":"https:\/\/schema.org","@graph":[{"@type":"WebPage","@id":"https:\/\/wein-werte.com\/de\/produkt\/boris-champy-beaune-1er-cru-aux-coucherias-2020-750ml\/","url":"https:\/\/wein-werte.com\/de\/produkt\/boris-champy-beaune-1er-cru-aux-coucherias-2020-750ml\/","name":"Boris Champy Beaune 1er Cru Aux Coucherias 2020","isPartOf":{"@id":"https:\/\/wein-werte.com\/de\/#website"},"primaryImageOfPage":{"@id":"https:\/\/wein-werte.com\/de\/produkt\/boris-champy-beaune-1er-cru-aux-coucherias-2020-750ml\/#primaryimage"},"image":{"@id":"https:\/\/wein-werte.com\/de\/produkt\/boris-champy-beaune-1er-cru-aux-coucherias-2020-750ml\/#primaryimage"},"thumbnailUrl":"https:\/\/wein-werte.com\/wp-content\/uploads\/2026\/04\/Boris-Champy-Beaune-1er-Cru-Aux-Coucherias-2020-750-ml.png","datePublished":"2026-05-05T16:11:21+00:00","description":"Kaufe Boris Champy Beaune 1er Cru Aux Coucherias 2020 (Pinot Noir, trocken aus Burgund, Frankreich) bei Wein Werte, Ihrem nachhaltigen Onlineshop.","breadcrumb":{"@id":"https:\/\/wein-werte.com\/de\/produkt\/boris-champy-beaune-1er-cru-aux-coucherias-2020-750ml\/#breadcrumb"},"inLanguage":"de","potentialAction":[{"@type":"ReadAction","target":["https:\/\/wein-werte.com\/de\/produkt\/boris-champy-beaune-1er-cru-aux-coucherias-2020-750ml\/"]}]},{"@type":"ImageObject","inLanguage":"de","@id":"https:\/\/wein-werte.com\/de\/produkt\/boris-champy-beaune-1er-cru-aux-coucherias-2020-750ml\/#primaryimage","url":"https:\/\/wein-werte.com\/wp-content\/uploads\/2026\/04\/Boris-Champy-Beaune-1er-Cru-Aux-Coucherias-2020-750-ml.png","contentUrl":"https:\/\/wein-werte.com\/wp-content\/uploads\/2026\/04\/Boris-Champy-Beaune-1er-Cru-Aux-Coucherias-2020-750-ml.png","width":400,"height":949},{"@type":"BreadcrumbList","@id":"https:\/\/wein-werte.com\/de\/produkt\/boris-champy-beaune-1er-cru-aux-coucherias-2020-750ml\/#breadcrumb","itemListElement":[{"@type":"ListItem","position":1,"name":"Home","item":"https:\/\/wein-werte.com\/de\/"},{"@type":"ListItem","position":2,"name":"Shop","item":"https:\/\/wein-werte.com\/de\/shop\/"},{"@type":"ListItem","position":3,"name":"Boris Champy | Burgund | Beaune 1er Cru Aux Coucherias AOP | 2020 | 750ml | bio"}]},{"@type":"WebSite","@id":"https:\/\/wein-werte.com\/de\/#website","url":"https:\/\/wein-werte.com\/de\/","name":"Wein Werte","description":"","publisher":{"@id":"https:\/\/wein-werte.com\/de\/#organization"},"potentialAction":[{"@type":"SearchAction","target":{"@type":"EntryPoint","urlTemplate":"https:\/\/wein-werte.com\/de\/?s={search_term_string}"},"query-input":{"@type":"PropertyValueSpecification","valueRequired":true,"valueName":"search_term_string"}}],"inLanguage":"de"},{"@type":"Organization","@id":"https:\/\/wein-werte.com\/de\/#organization","name":"Vins Fins Thorrold","url":"https:\/\/wein-werte.com\/de\/","logo":{"@type":"ImageObject","inLanguage":"de","@id":"https:\/\/wein-werte.com\/de\/#\/schema\/logo\/image\/","url":"https:\/\/wein-werte.com\/wp-content\/uploads\/2023\/07\/Wein_werte_Logo700-1.png","contentUrl":"https:\/\/wein-werte.com\/wp-content\/uploads\/2023\/07\/Wein_werte_Logo700-1.png","width":700,"height":272,"caption":"Vins Fins Thorrold"},"image":{"@id":"https:\/\/wein-werte.com\/de\/#\/schema\/logo\/image\/"}}]}},"_links":{"self":[{"href":"https:\/\/wein-werte.com\/de\/wp-json\/wp\/v2\/product\/1127628","targetHints":{"allow":["GET"]}}],"collection":[{"href":"https:\/\/wein-werte.com\/de\/wp-json\/wp\/v2\/product"}],"about":[{"href":"https:\/\/wein-werte.com\/de\/wp-json\/wp\/v2\/types\/product"}],"wp:featuredmedia":[{"embeddable":true,"href":"https:\/\/wein-werte.com\/de\/wp-json\/wp\/v2\/media\/1147437"}],"wp:attachment":[{"href":"https:\/\/wein-werte.com\/de\/wp-json\/wp\/v2\/media?parent=1127628"}],"wp:term":[{"taxonomy":"product_brand","embeddable":true,"href":"https:\/\/wein-werte.com\/de\/wp-json\/wp\/v2\/product_brand?post=1127628"},{"taxonomy":"product_cat","embeddable":true,"href":"https:\/\/wein-werte.com\/de\/wp-json\/wp\/v2\/product_cat?post=1127628"},{"taxonomy":"product_tag","embeddable":true,"href":"https:\/\/wein-werte.com\/de\/wp-json\/wp\/v2\/product_tag?post=1127628"}],"curies":[{"name":"wp","href":"https:\/\/api.w.org\/{rel}","templated":true}]}}