{"id":1127508,"date":"2026-05-08T19:56:47","date_gmt":"2026-05-08T17:56:47","guid":{"rendered":"https:\/\/wein-werte.com\/product\/trapet-pere-et-fils-gevrey-chambertin-cuvee-ostrea-2022-750ml\/"},"modified":"2026-04-27T11:40:58","modified_gmt":"2026-04-27T09:40:58","slug":"trapet-pere-plus-fils-gevrey-chambertin-cuvee-ostrea-2022-750ml","status":"publish","type":"product","link":"https:\/\/wein-werte.com\/de\/produkt\/trapet-pere-plus-fils-gevrey-chambertin-cuvee-ostrea-2022-750ml\/","title":{"rendered":"Trapet P\u00e8re &#038; Fils | Burgund | Gevrey-Chambertin Cuv\u00e9e Ostrea AOC | 2022 | 750ml | bio"},"content":{"rendered":"<p>Produktbeschreibung f\u00fcr Trapet P\u00e8re &#038; Fils Gevrey-Chambertin Cuv\u00e9e Ostrea AOC 2022 (bio)<\/p>\n<h5>Farbe<\/h5>\n<p>Leuchtendes<br \/>\nKirschrot mit zartvioletten Reflexen<\/p>\n<p>\u00a0<\/p>\n<h5>Nase<\/h5>\n<p>Der<br \/>\n2022er Gevrey-Chambertin Ostrea ist Jahr f\u00fcr Jahr eine Bank bei Trapet. Ein<br \/>\nParadebeispiel f\u00fcr zeitgem\u00e4\u00dfen Pinot Noir. Er ist gro\u00dfz\u00fcgig und zug\u00e4nglich.<br \/>\nGeleichzeitig weist er so viel Tiefe auf, dass man kurz innehalten muss. Seine<br \/>\nFrucht ist subtil und doch sehr pr\u00e4sent. Wilde Himbeeren aus dem Wald sowie<br \/>\nSauerkirsche zeigen sich rassig und nahezu schwerelos animierend. Reichlich<br \/>\nKr\u00e4uter pflichten ihm bei, was dem hohen Spa\u00dffaktor der Nase enorm dienlich<br \/>\nist. Petersilie, Rosmarin und Kerbel setzen eine Frische-Attacke nach der<br \/>\nn\u00e4chsten. Feine W\u00fcrze erf\u00e4hrt er in Form von schwarzem Pfeffer und Wacholder.<br \/>\nDahinter, noch sch\u00fcchtern, liegt seine erdige Seite. Nasser Kalkstein sowie<br \/>\nkalter Rauch sind nur den geduldigen, suchenden Verkostern vorenthalten. Zeit<br \/>\noder Luft k\u00f6nnen dabei helfen.\u00a0 <\/p>\n<p>\u00a0<\/p>\n<h5>Gaumen<\/h5>\n<p>Am<br \/>\nGaumen packt er sofort zu und zieht einen in seinen Bann. Seine intensive Frucht<br \/>\nkonkurriert mit seiner strukturierten S\u00e4ure. Magnetisch ziehen sich diese<br \/>\nbeiden Facetten f\u00fcr Minuten an. Bei hoher Eleganz lebt er von seinem seidigen,<br \/>\nklaren und mineralischen Auftritt. Herkunft, Stil und Jahrgang zeigen sich hier<br \/>\nsehr gelungen. Seine W\u00fcrze stammt auch aus der erdigen Facette dieses Weines,<br \/>\ndie voller Tiefe und L\u00e4nge im Glas nach au\u00dfen strahlt. Perfekt austariert f\u00fcgen<br \/>\nsich alle Elemente zu einem gro\u00dfen Ganzen zusammen, das zu begeistern wei\u00df. Straff<br \/>\nund in die L\u00e4nge gestreckt l\u00e4sst er sich im Nachhall Zeit und begeistert immer<br \/>\nwieder aufs Neue \u2013 immer wieder anders. Voller Komplexit\u00e4t trinkt er sich so<br \/>\njung schon enorm gut. Sein Potenzial ist bei weitem nicht ausgesch\u00f6pft. Mit<br \/>\nseiner Gro\u00dfz\u00fcgigkeit mei\u00dfelt er sich sein eigenes Monument. <\/p>\n<p>Copyright Vinaturel 2025<\/p>\n<p>Keywords: <a href=\"https:\/\/wein-werte.com\/de\/shop\/?swoof=1&#038;pa_producer=Trapet-P\u00e8re-&#038;-Fils\">Trapet P\u00e8re &#038; Fils<\/a> <a href=\"https:\/\/wein-werte.com\/de\/shop\/?swoof=1&#038;woof_text=Gevrey-Chambertin Cuv\u00e9e Ostrea AOC\">Gevrey-Chambertin Cuv\u00e9e Ostrea AOC<\/a> 2022 bio <a href=\"https:\/\/wein-werte.com\/de\/shop\/?swoof=1&#038;pa_region=Burgund\">Burgund<\/a> <a href=\"https:\/\/wein-werte.com\/de\/shop\/?swoof=1&#038;pa_country=Frankreich\">Frankreich<\/a><\/p>\n<h3>Vinous<\/h3>\n<p>Punkte: (90-92)<\/p>\n<p>Der Gevrey-Chambertin \u201eOstrea\u201c 2022 stammt aus einer einzigen Parzelle in Au Combe du Bas und besteht zu 30\u201340 % aus ganzen Trauben. Er besticht durch seine feine Klarheit in der Nase: Aromen von dornigen roten Fr\u00fcchten, Dornbusch und gepressten Veilchen entfalten sich im Glas. Am Gaumen ist er mittelkr\u00e4ftig und hat einen sanften, griffigen Auftakt. Er hat eine feine Struktur, im Abgang leicht kreidig, sollte sich aber im weiteren Verlauf der Reifung entfalten._x000D_ &#8212; Neal Martin<\/p>\n<p>Internetseite des Weinguts: <a href=\"http:\/\/www.domaine-trapet.fr\/\" target=\"_blank\">http:\/\/www.domaine-trapet.fr\/<\/a><\/p>\n","protected":false},"excerpt":{"rendered":"<p>Lieferzeit: 1 bis 2 Arbeitstage (DE), 2 bis 5 Arbeitstage (EU and CH)<\/p>\n","protected":false},"featured_media":1139392,"template":"","meta":[],"product_brand":[],"product_cat":[19],"product_tag":[],"class_list":{"0":"post-1127508","1":"product","2":"type-product","3":"status-publish","4":"has-post-thumbnail","6":"product_cat-unkategorisiert","7":"pa_alcohol-for-filter-12897","8":"pa_certified-biodynamic-ja-de","9":"pa_certified-organic-ja-de","10":"pa_colour-rot","11":"pa_country-frankreich","12":"pa_grape-pinot-noir-spatburgunder","13":"pa_price-for-filter-10714","14":"pa_producer-trapet-pere-fils","15":"pa_region-burgund","16":"pa_size-ml-6584","17":"pa_sweetness-trocken-de","18":"pa_type-2-still-de","19":"pa_vinous-points-for-filter-20025","20":"pa_vintage-2022-de","21":"entry","22":"has-media","24":"first","25":"instock","26":"taxable","27":"shipping-taxable","28":"purchasable","29":"product-type-simple"},"yoast_head":"<!-- This site is optimized with the Yoast SEO plugin v27.5 - https:\/\/yoast.com\/product\/yoast-seo-wordpress\/ -->\n<title>Trapet P\u00e8re &amp; Fils Gevrey-Chambertin Cuv\u00e9e Ostrea 2022<\/title>\n<meta name=\"description\" content=\"Kaufe Trapet P\u00e8re &amp; Fils Gevrey-Chambertin Cuv\u00e9e Ostrea 2022 (Pinot Noir, trocken aus Burgund, Frankreich) bei Wein Werte, Ihrem nachhaltigen Onlineshop.\" \/>\n<meta name=\"robots\" content=\"index, follow, max-snippet:-1, max-image-preview:large, max-video-preview:-1\" \/>\n<link rel=\"canonical\" href=\"https:\/\/wein-werte.com\/de\/produkt\/trapet-pere-plus-fils-gevrey-chambertin-cuvee-ostrea-2022-750ml\/\" \/>\n<meta property=\"og:locale\" content=\"de_DE\" \/>\n<meta property=\"og:type\" content=\"article\" \/>\n<meta property=\"og:title\" content=\"Trapet P\u00e8re &amp; Fils Gevrey-Chambertin Cuv\u00e9e Ostrea 2022\" \/>\n<meta property=\"og:description\" content=\"Kaufe Trapet P\u00e8re &amp; Fils Gevrey-Chambertin Cuv\u00e9e Ostrea 2022 (Pinot Noir, trocken aus Burgund, Frankreich) bei Wein Werte, Ihrem nachhaltigen Onlineshop.\" \/>\n<meta property=\"og:url\" content=\"https:\/\/wein-werte.com\/de\/produkt\/trapet-pere-plus-fils-gevrey-chambertin-cuvee-ostrea-2022-750ml\/\" \/>\n<meta property=\"og:site_name\" content=\"Wein Werte\" \/>\n<meta property=\"og:image\" content=\"https:\/\/wein-werte.com\/wp-content\/uploads\/2026\/04\/Trapet-Pere-et-Fils-Gevrey-Chambertin-Cuvee-Ostrea-2022-750ml.png\" \/>\n\t<meta property=\"og:image:width\" content=\"336\" \/>\n\t<meta property=\"og:image:height\" content=\"1200\" \/>\n\t<meta property=\"og:image:type\" content=\"image\/png\" \/>\n<meta name=\"twitter:card\" content=\"summary_large_image\" \/>\n<meta name=\"twitter:label1\" content=\"Gesch\u00e4tzte Lesezeit\" \/>\n\t<meta name=\"twitter:data1\" content=\"2\u00a0Minuten\" \/>\n<script type=\"application\/ld+json\" class=\"yoast-schema-graph\">{\"@context\":\"https:\\\/\\\/schema.org\",\"@graph\":[{\"@type\":\"WebPage\",\"@id\":\"https:\\\/\\\/wein-werte.com\\\/de\\\/produkt\\\/trapet-pere-plus-fils-gevrey-chambertin-cuvee-ostrea-2022-750ml\\\/\",\"url\":\"https:\\\/\\\/wein-werte.com\\\/de\\\/produkt\\\/trapet-pere-plus-fils-gevrey-chambertin-cuvee-ostrea-2022-750ml\\\/\",\"name\":\"Trapet P\u00e8re & Fils Gevrey-Chambertin Cuv\u00e9e Ostrea 2022\",\"isPartOf\":{\"@id\":\"https:\\\/\\\/wein-werte.com\\\/de\\\/#website\"},\"primaryImageOfPage\":{\"@id\":\"https:\\\/\\\/wein-werte.com\\\/de\\\/produkt\\\/trapet-pere-plus-fils-gevrey-chambertin-cuvee-ostrea-2022-750ml\\\/#primaryimage\"},\"image\":{\"@id\":\"https:\\\/\\\/wein-werte.com\\\/de\\\/produkt\\\/trapet-pere-plus-fils-gevrey-chambertin-cuvee-ostrea-2022-750ml\\\/#primaryimage\"},\"thumbnailUrl\":\"https:\\\/\\\/wein-werte.com\\\/wp-content\\\/uploads\\\/2026\\\/04\\\/Trapet-Pere-et-Fils-Gevrey-Chambertin-Cuvee-Ostrea-2022-750ml.png\",\"datePublished\":\"2026-05-08T17:56:47+00:00\",\"description\":\"Kaufe Trapet P\u00e8re & Fils Gevrey-Chambertin Cuv\u00e9e Ostrea 2022 (Pinot Noir, trocken aus Burgund, Frankreich) bei Wein Werte, Ihrem nachhaltigen Onlineshop.\",\"breadcrumb\":{\"@id\":\"https:\\\/\\\/wein-werte.com\\\/de\\\/produkt\\\/trapet-pere-plus-fils-gevrey-chambertin-cuvee-ostrea-2022-750ml\\\/#breadcrumb\"},\"inLanguage\":\"de\",\"potentialAction\":[{\"@type\":\"ReadAction\",\"target\":[\"https:\\\/\\\/wein-werte.com\\\/de\\\/produkt\\\/trapet-pere-plus-fils-gevrey-chambertin-cuvee-ostrea-2022-750ml\\\/\"]}]},{\"@type\":\"ImageObject\",\"inLanguage\":\"de\",\"@id\":\"https:\\\/\\\/wein-werte.com\\\/de\\\/produkt\\\/trapet-pere-plus-fils-gevrey-chambertin-cuvee-ostrea-2022-750ml\\\/#primaryimage\",\"url\":\"https:\\\/\\\/wein-werte.com\\\/wp-content\\\/uploads\\\/2026\\\/04\\\/Trapet-Pere-et-Fils-Gevrey-Chambertin-Cuvee-Ostrea-2022-750ml.png\",\"contentUrl\":\"https:\\\/\\\/wein-werte.com\\\/wp-content\\\/uploads\\\/2026\\\/04\\\/Trapet-Pere-et-Fils-Gevrey-Chambertin-Cuvee-Ostrea-2022-750ml.png\",\"width\":336,\"height\":1200,\"caption\":\"Trapet P\u00e8re & Fils Gevrey-Chambertin Cuv\u00e9e Ostrea AOC 2022 750ml\"},{\"@type\":\"BreadcrumbList\",\"@id\":\"https:\\\/\\\/wein-werte.com\\\/de\\\/produkt\\\/trapet-pere-plus-fils-gevrey-chambertin-cuvee-ostrea-2022-750ml\\\/#breadcrumb\",\"itemListElement\":[{\"@type\":\"ListItem\",\"position\":1,\"name\":\"Home\",\"item\":\"https:\\\/\\\/wein-werte.com\\\/de\\\/\"},{\"@type\":\"ListItem\",\"position\":2,\"name\":\"Shop\",\"item\":\"https:\\\/\\\/wein-werte.com\\\/de\\\/shop\\\/\"},{\"@type\":\"ListItem\",\"position\":3,\"name\":\"Trapet P\u00e8re &#038; Fils | Burgund | Gevrey-Chambertin Cuv\u00e9e Ostrea AOC | 2022 | 750ml | bio\"}]},{\"@type\":\"WebSite\",\"@id\":\"https:\\\/\\\/wein-werte.com\\\/de\\\/#website\",\"url\":\"https:\\\/\\\/wein-werte.com\\\/de\\\/\",\"name\":\"Wein Werte\",\"description\":\"\",\"publisher\":{\"@id\":\"https:\\\/\\\/wein-werte.com\\\/de\\\/#organization\"},\"potentialAction\":[{\"@type\":\"SearchAction\",\"target\":{\"@type\":\"EntryPoint\",\"urlTemplate\":\"https:\\\/\\\/wein-werte.com\\\/de\\\/?s={search_term_string}\"},\"query-input\":{\"@type\":\"PropertyValueSpecification\",\"valueRequired\":true,\"valueName\":\"search_term_string\"}}],\"inLanguage\":\"de\"},{\"@type\":\"Organization\",\"@id\":\"https:\\\/\\\/wein-werte.com\\\/de\\\/#organization\",\"name\":\"Vins Fins Thorrold\",\"url\":\"https:\\\/\\\/wein-werte.com\\\/de\\\/\",\"logo\":{\"@type\":\"ImageObject\",\"inLanguage\":\"de\",\"@id\":\"https:\\\/\\\/wein-werte.com\\\/de\\\/#\\\/schema\\\/logo\\\/image\\\/\",\"url\":\"https:\\\/\\\/wein-werte.com\\\/wp-content\\\/uploads\\\/2023\\\/07\\\/Wein_werte_Logo700-1.png\",\"contentUrl\":\"https:\\\/\\\/wein-werte.com\\\/wp-content\\\/uploads\\\/2023\\\/07\\\/Wein_werte_Logo700-1.png\",\"width\":700,\"height\":272,\"caption\":\"Vins Fins Thorrold\"},\"image\":{\"@id\":\"https:\\\/\\\/wein-werte.com\\\/de\\\/#\\\/schema\\\/logo\\\/image\\\/\"}}]}<\/script>\n<!-- \/ Yoast SEO plugin. -->","yoast_head_json":{"title":"Trapet P\u00e8re & Fils Gevrey-Chambertin Cuv\u00e9e Ostrea 2022","description":"Kaufe Trapet P\u00e8re & Fils Gevrey-Chambertin Cuv\u00e9e Ostrea 2022 (Pinot Noir, trocken aus Burgund, Frankreich) bei Wein Werte, Ihrem nachhaltigen Onlineshop.","robots":{"index":"index","follow":"follow","max-snippet":"max-snippet:-1","max-image-preview":"max-image-preview:large","max-video-preview":"max-video-preview:-1"},"canonical":"https:\/\/wein-werte.com\/de\/produkt\/trapet-pere-plus-fils-gevrey-chambertin-cuvee-ostrea-2022-750ml\/","og_locale":"de_DE","og_type":"article","og_title":"Trapet P\u00e8re & Fils Gevrey-Chambertin Cuv\u00e9e Ostrea 2022","og_description":"Kaufe Trapet P\u00e8re & Fils Gevrey-Chambertin Cuv\u00e9e Ostrea 2022 (Pinot Noir, trocken aus Burgund, Frankreich) bei Wein Werte, Ihrem nachhaltigen Onlineshop.","og_url":"https:\/\/wein-werte.com\/de\/produkt\/trapet-pere-plus-fils-gevrey-chambertin-cuvee-ostrea-2022-750ml\/","og_site_name":"Wein Werte","og_image":[{"width":336,"height":1200,"url":"https:\/\/wein-werte.com\/wp-content\/uploads\/2026\/04\/Trapet-Pere-et-Fils-Gevrey-Chambertin-Cuvee-Ostrea-2022-750ml.png","type":"image\/png"}],"twitter_card":"summary_large_image","twitter_misc":{"Gesch\u00e4tzte Lesezeit":"2\u00a0Minuten"},"schema":{"@context":"https:\/\/schema.org","@graph":[{"@type":"WebPage","@id":"https:\/\/wein-werte.com\/de\/produkt\/trapet-pere-plus-fils-gevrey-chambertin-cuvee-ostrea-2022-750ml\/","url":"https:\/\/wein-werte.com\/de\/produkt\/trapet-pere-plus-fils-gevrey-chambertin-cuvee-ostrea-2022-750ml\/","name":"Trapet P\u00e8re & Fils Gevrey-Chambertin Cuv\u00e9e Ostrea 2022","isPartOf":{"@id":"https:\/\/wein-werte.com\/de\/#website"},"primaryImageOfPage":{"@id":"https:\/\/wein-werte.com\/de\/produkt\/trapet-pere-plus-fils-gevrey-chambertin-cuvee-ostrea-2022-750ml\/#primaryimage"},"image":{"@id":"https:\/\/wein-werte.com\/de\/produkt\/trapet-pere-plus-fils-gevrey-chambertin-cuvee-ostrea-2022-750ml\/#primaryimage"},"thumbnailUrl":"https:\/\/wein-werte.com\/wp-content\/uploads\/2026\/04\/Trapet-Pere-et-Fils-Gevrey-Chambertin-Cuvee-Ostrea-2022-750ml.png","datePublished":"2026-05-08T17:56:47+00:00","description":"Kaufe Trapet P\u00e8re & Fils Gevrey-Chambertin Cuv\u00e9e Ostrea 2022 (Pinot Noir, trocken aus Burgund, Frankreich) bei Wein Werte, Ihrem nachhaltigen Onlineshop.","breadcrumb":{"@id":"https:\/\/wein-werte.com\/de\/produkt\/trapet-pere-plus-fils-gevrey-chambertin-cuvee-ostrea-2022-750ml\/#breadcrumb"},"inLanguage":"de","potentialAction":[{"@type":"ReadAction","target":["https:\/\/wein-werte.com\/de\/produkt\/trapet-pere-plus-fils-gevrey-chambertin-cuvee-ostrea-2022-750ml\/"]}]},{"@type":"ImageObject","inLanguage":"de","@id":"https:\/\/wein-werte.com\/de\/produkt\/trapet-pere-plus-fils-gevrey-chambertin-cuvee-ostrea-2022-750ml\/#primaryimage","url":"https:\/\/wein-werte.com\/wp-content\/uploads\/2026\/04\/Trapet-Pere-et-Fils-Gevrey-Chambertin-Cuvee-Ostrea-2022-750ml.png","contentUrl":"https:\/\/wein-werte.com\/wp-content\/uploads\/2026\/04\/Trapet-Pere-et-Fils-Gevrey-Chambertin-Cuvee-Ostrea-2022-750ml.png","width":336,"height":1200,"caption":"Trapet P\u00e8re & Fils Gevrey-Chambertin Cuv\u00e9e Ostrea AOC 2022 750ml"},{"@type":"BreadcrumbList","@id":"https:\/\/wein-werte.com\/de\/produkt\/trapet-pere-plus-fils-gevrey-chambertin-cuvee-ostrea-2022-750ml\/#breadcrumb","itemListElement":[{"@type":"ListItem","position":1,"name":"Home","item":"https:\/\/wein-werte.com\/de\/"},{"@type":"ListItem","position":2,"name":"Shop","item":"https:\/\/wein-werte.com\/de\/shop\/"},{"@type":"ListItem","position":3,"name":"Trapet P\u00e8re &#038; Fils | Burgund | Gevrey-Chambertin Cuv\u00e9e Ostrea AOC | 2022 | 750ml | bio"}]},{"@type":"WebSite","@id":"https:\/\/wein-werte.com\/de\/#website","url":"https:\/\/wein-werte.com\/de\/","name":"Wein Werte","description":"","publisher":{"@id":"https:\/\/wein-werte.com\/de\/#organization"},"potentialAction":[{"@type":"SearchAction","target":{"@type":"EntryPoint","urlTemplate":"https:\/\/wein-werte.com\/de\/?s={search_term_string}"},"query-input":{"@type":"PropertyValueSpecification","valueRequired":true,"valueName":"search_term_string"}}],"inLanguage":"de"},{"@type":"Organization","@id":"https:\/\/wein-werte.com\/de\/#organization","name":"Vins Fins Thorrold","url":"https:\/\/wein-werte.com\/de\/","logo":{"@type":"ImageObject","inLanguage":"de","@id":"https:\/\/wein-werte.com\/de\/#\/schema\/logo\/image\/","url":"https:\/\/wein-werte.com\/wp-content\/uploads\/2023\/07\/Wein_werte_Logo700-1.png","contentUrl":"https:\/\/wein-werte.com\/wp-content\/uploads\/2023\/07\/Wein_werte_Logo700-1.png","width":700,"height":272,"caption":"Vins Fins Thorrold"},"image":{"@id":"https:\/\/wein-werte.com\/de\/#\/schema\/logo\/image\/"}}]}},"_links":{"self":[{"href":"https:\/\/wein-werte.com\/de\/wp-json\/wp\/v2\/product\/1127508","targetHints":{"allow":["GET"]}}],"collection":[{"href":"https:\/\/wein-werte.com\/de\/wp-json\/wp\/v2\/product"}],"about":[{"href":"https:\/\/wein-werte.com\/de\/wp-json\/wp\/v2\/types\/product"}],"wp:featuredmedia":[{"embeddable":true,"href":"https:\/\/wein-werte.com\/de\/wp-json\/wp\/v2\/media\/1139392"}],"wp:attachment":[{"href":"https:\/\/wein-werte.com\/de\/wp-json\/wp\/v2\/media?parent=1127508"}],"wp:term":[{"taxonomy":"product_brand","embeddable":true,"href":"https:\/\/wein-werte.com\/de\/wp-json\/wp\/v2\/product_brand?post=1127508"},{"taxonomy":"product_cat","embeddable":true,"href":"https:\/\/wein-werte.com\/de\/wp-json\/wp\/v2\/product_cat?post=1127508"},{"taxonomy":"product_tag","embeddable":true,"href":"https:\/\/wein-werte.com\/de\/wp-json\/wp\/v2\/product_tag?post=1127508"}],"curies":[{"name":"wp","href":"https:\/\/api.w.org\/{rel}","templated":true}]}}