{"id":1127480,"date":"2026-05-05T18:11:16","date_gmt":"2026-05-05T16:11:16","guid":{"rendered":"https:\/\/wein-werte.com\/product\/trapet-pere-et-fils-gevrey-chambertin-en-ergot-1er-cru-2021-750ml\/"},"modified":"2026-04-27T11:40:56","modified_gmt":"2026-04-27T09:40:56","slug":"trapet-pere-plus-fils-gevrey-chambertin-en-ergot-1er-cru-2021-750ml","status":"publish","type":"product","link":"https:\/\/wein-werte.com\/de\/produkt\/trapet-pere-plus-fils-gevrey-chambertin-en-ergot-1er-cru-2021-750ml\/","title":{"rendered":"Trapet P\u00e8re &#038; Fils | Burgund | Gevrey-Chambertin &#8220;En Ergot&#8221; 1er Cru | 2021 | 750ml | bio"},"content":{"rendered":"<p>Produktbeschreibung f\u00fcr Trapet P\u00e8re &#038; Fils Gevrey-Chambertin &#8220;En Ergot&#8221; 1er Cru 2021 (bio)<\/p>\n<p>Trapet P\u00e8re &#038; Fils Gevrey-Chambertin &#8220;En Ergot&#8221; 1er Cru 2021 ist ein trockener Rotwein hergestellt aus Pinot Noir Trauben in der Region Burgund in Frankreich.<\/p>\n<p>Keywords: <a href=\"https:\/\/wein-werte.com\/de\/shop\/?swoof=1&#038;pa_producer=Trapet-P\u00e8re-&#038;-Fils\">Trapet P\u00e8re &#038; Fils<\/a> <a href=\"https:\/\/wein-werte.com\/de\/shop\/?swoof=1&#038;woof_text=Gevrey-Chambertin \"En Ergot\" 1er Cru\">Gevrey-Chambertin &#8220;En Ergot&#8221; 1er Cru<\/a> 2021 bio <a href=\"https:\/\/wein-werte.com\/de\/shop\/?swoof=1&#038;pa_region=Burgund\">Burgund<\/a> <a href=\"https:\/\/wein-werte.com\/de\/shop\/?swoof=1&#038;pa_country=Frankreich\">Frankreich<\/a><\/p>\n<h3>Wine Advocate<\/h3>\n<p>Punkte: (91-93)<\/p>\n<p>Der Gevrey-Chambertin 1er Cru En Ergot 2021, einer der historischen Weing\u00fcter der Familie Trapet, stammt von einer Parzelle, die in den 1880er Jahren erworben wurde (w\u00e4hrend der Reblauskrise wurde sie f\u00fcr stolze 400 Francs pro Fass verkauft). Er ist die Fortsetzung des Premier Cru Petite Chapelle, jedoch mit tieferen B\u00f6den. Er offenbart Aromen von Cassis, s\u00fc\u00dfen Pflaumen, Orangenschale und Gew\u00fcrzen. Er ist mittel- bis vollmundig, f\u00fcllig und fleischig, mit einem strukturierten, feinen Geschmacksprofil und pudrigen Tanninen, die sich im Abgang durchsetzen.<br \/>William Kelley<\/p>\n<p>Internetseite des Weinguts: <a href=\"http:\/\/www.domaine-trapet.fr\/\" target=\"_blank\">http:\/\/www.domaine-trapet.fr\/<\/a><\/p>\n","protected":false},"excerpt":{"rendered":"<p>Lieferzeit: 1 bis 2 Arbeitstage (DE), 2 bis 5 Arbeitstage (EU and CH)<\/p>\n","protected":false},"featured_media":1139370,"template":"","meta":[],"product_brand":[],"product_cat":[19],"product_tag":[],"class_list":{"0":"post-1127480","1":"product","2":"type-product","3":"status-publish","4":"has-post-thumbnail","6":"product_cat-unkategorisiert","7":"pa_alcohol-for-filter-12897","8":"pa_certified-biodynamic-ja-de","9":"pa_certified-organic-ja-de","10":"pa_colour-rot","11":"pa_country-frankreich","12":"pa_grape-pinot-noir-spatburgunder","13":"pa_parker-points-for-filter-91-de-2","14":"pa_price-for-filter-10596","15":"pa_producer-trapet-pere-fils","16":"pa_region-burgund","17":"pa_size-ml-6584","18":"pa_sweetness-trocken-de","19":"pa_type-2-still-de","20":"pa_vintage-2021-de","21":"entry","22":"has-media","24":"first","25":"instock","26":"taxable","27":"shipping-taxable","28":"purchasable","29":"product-type-simple"},"yoast_head":"<!-- This site is optimized with the Yoast SEO plugin v27.5 - https:\/\/yoast.com\/product\/yoast-seo-wordpress\/ -->\n<title>Trapet P\u00e8re &amp; Fils Gevrey-Chambertin &quot;En Ergot&quot; 1er Cru 2021<\/title>\n<meta name=\"description\" content=\"Kaufe Trapet P\u00e8re &amp; Fils Gevrey-Chambertin &quot;En Ergot&quot; 1er Cru 2021 (Pinot Noir, trocken aus Burgund, Frankreich) bei Wein Werte, Ihrem nachhaltigen Onlineshop.\" \/>\n<meta name=\"robots\" content=\"index, follow, max-snippet:-1, max-image-preview:large, max-video-preview:-1\" \/>\n<link rel=\"canonical\" href=\"https:\/\/wein-werte.com\/de\/produkt\/trapet-pere-plus-fils-gevrey-chambertin-en-ergot-1er-cru-2021-750ml\/\" \/>\n<meta property=\"og:locale\" content=\"de_DE\" \/>\n<meta property=\"og:type\" content=\"article\" \/>\n<meta property=\"og:title\" content=\"Trapet P\u00e8re &amp; Fils Gevrey-Chambertin &quot;En Ergot&quot; 1er Cru 2021\" \/>\n<meta property=\"og:description\" content=\"Kaufe Trapet P\u00e8re &amp; Fils Gevrey-Chambertin &quot;En Ergot&quot; 1er Cru 2021 (Pinot Noir, trocken aus Burgund, Frankreich) bei Wein Werte, Ihrem nachhaltigen Onlineshop.\" \/>\n<meta property=\"og:url\" content=\"https:\/\/wein-werte.com\/de\/produkt\/trapet-pere-plus-fils-gevrey-chambertin-en-ergot-1er-cru-2021-750ml\/\" \/>\n<meta property=\"og:site_name\" content=\"Wein Werte\" \/>\n<meta property=\"og:image\" content=\"https:\/\/wein-werte.com\/wp-content\/uploads\/2026\/04\/Trapet-Pere-et-Fils-Gevrey-Chambertin-En-Ergot-1er-Cru-2021-750ml.png\" \/>\n\t<meta property=\"og:image:width\" content=\"335\" \/>\n\t<meta property=\"og:image:height\" content=\"1200\" \/>\n\t<meta property=\"og:image:type\" content=\"image\/png\" \/>\n<meta name=\"twitter:card\" content=\"summary_large_image\" \/>\n<meta name=\"twitter:label1\" content=\"Gesch\u00e4tzte Lesezeit\" \/>\n\t<meta name=\"twitter:data1\" content=\"1\u00a0Minute\" \/>\n<script type=\"application\/ld+json\" class=\"yoast-schema-graph\">{\"@context\":\"https:\\\/\\\/schema.org\",\"@graph\":[{\"@type\":\"WebPage\",\"@id\":\"https:\\\/\\\/wein-werte.com\\\/de\\\/produkt\\\/trapet-pere-plus-fils-gevrey-chambertin-en-ergot-1er-cru-2021-750ml\\\/\",\"url\":\"https:\\\/\\\/wein-werte.com\\\/de\\\/produkt\\\/trapet-pere-plus-fils-gevrey-chambertin-en-ergot-1er-cru-2021-750ml\\\/\",\"name\":\"Trapet P\u00e8re & Fils Gevrey-Chambertin \\\"En Ergot\\\" 1er Cru 2021\",\"isPartOf\":{\"@id\":\"https:\\\/\\\/wein-werte.com\\\/de\\\/#website\"},\"primaryImageOfPage\":{\"@id\":\"https:\\\/\\\/wein-werte.com\\\/de\\\/produkt\\\/trapet-pere-plus-fils-gevrey-chambertin-en-ergot-1er-cru-2021-750ml\\\/#primaryimage\"},\"image\":{\"@id\":\"https:\\\/\\\/wein-werte.com\\\/de\\\/produkt\\\/trapet-pere-plus-fils-gevrey-chambertin-en-ergot-1er-cru-2021-750ml\\\/#primaryimage\"},\"thumbnailUrl\":\"https:\\\/\\\/wein-werte.com\\\/wp-content\\\/uploads\\\/2026\\\/04\\\/Trapet-Pere-et-Fils-Gevrey-Chambertin-En-Ergot-1er-Cru-2021-750ml.png\",\"datePublished\":\"2026-05-05T16:11:16+00:00\",\"description\":\"Kaufe Trapet P\u00e8re & Fils Gevrey-Chambertin \\\"En Ergot\\\" 1er Cru 2021 (Pinot Noir, trocken aus Burgund, Frankreich) bei Wein Werte, Ihrem nachhaltigen Onlineshop.\",\"breadcrumb\":{\"@id\":\"https:\\\/\\\/wein-werte.com\\\/de\\\/produkt\\\/trapet-pere-plus-fils-gevrey-chambertin-en-ergot-1er-cru-2021-750ml\\\/#breadcrumb\"},\"inLanguage\":\"de\",\"potentialAction\":[{\"@type\":\"ReadAction\",\"target\":[\"https:\\\/\\\/wein-werte.com\\\/de\\\/produkt\\\/trapet-pere-plus-fils-gevrey-chambertin-en-ergot-1er-cru-2021-750ml\\\/\"]}]},{\"@type\":\"ImageObject\",\"inLanguage\":\"de\",\"@id\":\"https:\\\/\\\/wein-werte.com\\\/de\\\/produkt\\\/trapet-pere-plus-fils-gevrey-chambertin-en-ergot-1er-cru-2021-750ml\\\/#primaryimage\",\"url\":\"https:\\\/\\\/wein-werte.com\\\/wp-content\\\/uploads\\\/2026\\\/04\\\/Trapet-Pere-et-Fils-Gevrey-Chambertin-En-Ergot-1er-Cru-2021-750ml.png\",\"contentUrl\":\"https:\\\/\\\/wein-werte.com\\\/wp-content\\\/uploads\\\/2026\\\/04\\\/Trapet-Pere-et-Fils-Gevrey-Chambertin-En-Ergot-1er-Cru-2021-750ml.png\",\"width\":335,\"height\":1200,\"caption\":\"Trapet P\u00e8re & Fils Gevrey-Chambertin \\\"En Ergot\\\" 1er Cru 2021 750ml\"},{\"@type\":\"BreadcrumbList\",\"@id\":\"https:\\\/\\\/wein-werte.com\\\/de\\\/produkt\\\/trapet-pere-plus-fils-gevrey-chambertin-en-ergot-1er-cru-2021-750ml\\\/#breadcrumb\",\"itemListElement\":[{\"@type\":\"ListItem\",\"position\":1,\"name\":\"Home\",\"item\":\"https:\\\/\\\/wein-werte.com\\\/de\\\/\"},{\"@type\":\"ListItem\",\"position\":2,\"name\":\"Shop\",\"item\":\"https:\\\/\\\/wein-werte.com\\\/de\\\/shop\\\/\"},{\"@type\":\"ListItem\",\"position\":3,\"name\":\"Trapet P\u00e8re &#038; Fils | Burgund | Gevrey-Chambertin &#8220;En Ergot&#8221; 1er Cru | 2021 | 750ml | bio\"}]},{\"@type\":\"WebSite\",\"@id\":\"https:\\\/\\\/wein-werte.com\\\/de\\\/#website\",\"url\":\"https:\\\/\\\/wein-werte.com\\\/de\\\/\",\"name\":\"Wein Werte\",\"description\":\"\",\"publisher\":{\"@id\":\"https:\\\/\\\/wein-werte.com\\\/de\\\/#organization\"},\"potentialAction\":[{\"@type\":\"SearchAction\",\"target\":{\"@type\":\"EntryPoint\",\"urlTemplate\":\"https:\\\/\\\/wein-werte.com\\\/de\\\/?s={search_term_string}\"},\"query-input\":{\"@type\":\"PropertyValueSpecification\",\"valueRequired\":true,\"valueName\":\"search_term_string\"}}],\"inLanguage\":\"de\"},{\"@type\":\"Organization\",\"@id\":\"https:\\\/\\\/wein-werte.com\\\/de\\\/#organization\",\"name\":\"Vins Fins Thorrold\",\"url\":\"https:\\\/\\\/wein-werte.com\\\/de\\\/\",\"logo\":{\"@type\":\"ImageObject\",\"inLanguage\":\"de\",\"@id\":\"https:\\\/\\\/wein-werte.com\\\/de\\\/#\\\/schema\\\/logo\\\/image\\\/\",\"url\":\"https:\\\/\\\/wein-werte.com\\\/wp-content\\\/uploads\\\/2023\\\/07\\\/Wein_werte_Logo700-1.png\",\"contentUrl\":\"https:\\\/\\\/wein-werte.com\\\/wp-content\\\/uploads\\\/2023\\\/07\\\/Wein_werte_Logo700-1.png\",\"width\":700,\"height\":272,\"caption\":\"Vins Fins Thorrold\"},\"image\":{\"@id\":\"https:\\\/\\\/wein-werte.com\\\/de\\\/#\\\/schema\\\/logo\\\/image\\\/\"}}]}<\/script>\n<!-- \/ Yoast SEO plugin. -->","yoast_head_json":{"title":"Trapet P\u00e8re & Fils Gevrey-Chambertin \"En Ergot\" 1er Cru 2021","description":"Kaufe Trapet P\u00e8re & Fils Gevrey-Chambertin \"En Ergot\" 1er Cru 2021 (Pinot Noir, trocken aus Burgund, Frankreich) bei Wein Werte, Ihrem nachhaltigen Onlineshop.","robots":{"index":"index","follow":"follow","max-snippet":"max-snippet:-1","max-image-preview":"max-image-preview:large","max-video-preview":"max-video-preview:-1"},"canonical":"https:\/\/wein-werte.com\/de\/produkt\/trapet-pere-plus-fils-gevrey-chambertin-en-ergot-1er-cru-2021-750ml\/","og_locale":"de_DE","og_type":"article","og_title":"Trapet P\u00e8re & Fils Gevrey-Chambertin \"En Ergot\" 1er Cru 2021","og_description":"Kaufe Trapet P\u00e8re & Fils Gevrey-Chambertin \"En Ergot\" 1er Cru 2021 (Pinot Noir, trocken aus Burgund, Frankreich) bei Wein Werte, Ihrem nachhaltigen Onlineshop.","og_url":"https:\/\/wein-werte.com\/de\/produkt\/trapet-pere-plus-fils-gevrey-chambertin-en-ergot-1er-cru-2021-750ml\/","og_site_name":"Wein Werte","og_image":[{"width":335,"height":1200,"url":"https:\/\/wein-werte.com\/wp-content\/uploads\/2026\/04\/Trapet-Pere-et-Fils-Gevrey-Chambertin-En-Ergot-1er-Cru-2021-750ml.png","type":"image\/png"}],"twitter_card":"summary_large_image","twitter_misc":{"Gesch\u00e4tzte Lesezeit":"1\u00a0Minute"},"schema":{"@context":"https:\/\/schema.org","@graph":[{"@type":"WebPage","@id":"https:\/\/wein-werte.com\/de\/produkt\/trapet-pere-plus-fils-gevrey-chambertin-en-ergot-1er-cru-2021-750ml\/","url":"https:\/\/wein-werte.com\/de\/produkt\/trapet-pere-plus-fils-gevrey-chambertin-en-ergot-1er-cru-2021-750ml\/","name":"Trapet P\u00e8re & Fils Gevrey-Chambertin \"En Ergot\" 1er Cru 2021","isPartOf":{"@id":"https:\/\/wein-werte.com\/de\/#website"},"primaryImageOfPage":{"@id":"https:\/\/wein-werte.com\/de\/produkt\/trapet-pere-plus-fils-gevrey-chambertin-en-ergot-1er-cru-2021-750ml\/#primaryimage"},"image":{"@id":"https:\/\/wein-werte.com\/de\/produkt\/trapet-pere-plus-fils-gevrey-chambertin-en-ergot-1er-cru-2021-750ml\/#primaryimage"},"thumbnailUrl":"https:\/\/wein-werte.com\/wp-content\/uploads\/2026\/04\/Trapet-Pere-et-Fils-Gevrey-Chambertin-En-Ergot-1er-Cru-2021-750ml.png","datePublished":"2026-05-05T16:11:16+00:00","description":"Kaufe Trapet P\u00e8re & Fils Gevrey-Chambertin \"En Ergot\" 1er Cru 2021 (Pinot Noir, trocken aus Burgund, Frankreich) bei Wein Werte, Ihrem nachhaltigen Onlineshop.","breadcrumb":{"@id":"https:\/\/wein-werte.com\/de\/produkt\/trapet-pere-plus-fils-gevrey-chambertin-en-ergot-1er-cru-2021-750ml\/#breadcrumb"},"inLanguage":"de","potentialAction":[{"@type":"ReadAction","target":["https:\/\/wein-werte.com\/de\/produkt\/trapet-pere-plus-fils-gevrey-chambertin-en-ergot-1er-cru-2021-750ml\/"]}]},{"@type":"ImageObject","inLanguage":"de","@id":"https:\/\/wein-werte.com\/de\/produkt\/trapet-pere-plus-fils-gevrey-chambertin-en-ergot-1er-cru-2021-750ml\/#primaryimage","url":"https:\/\/wein-werte.com\/wp-content\/uploads\/2026\/04\/Trapet-Pere-et-Fils-Gevrey-Chambertin-En-Ergot-1er-Cru-2021-750ml.png","contentUrl":"https:\/\/wein-werte.com\/wp-content\/uploads\/2026\/04\/Trapet-Pere-et-Fils-Gevrey-Chambertin-En-Ergot-1er-Cru-2021-750ml.png","width":335,"height":1200,"caption":"Trapet P\u00e8re & Fils Gevrey-Chambertin \"En Ergot\" 1er Cru 2021 750ml"},{"@type":"BreadcrumbList","@id":"https:\/\/wein-werte.com\/de\/produkt\/trapet-pere-plus-fils-gevrey-chambertin-en-ergot-1er-cru-2021-750ml\/#breadcrumb","itemListElement":[{"@type":"ListItem","position":1,"name":"Home","item":"https:\/\/wein-werte.com\/de\/"},{"@type":"ListItem","position":2,"name":"Shop","item":"https:\/\/wein-werte.com\/de\/shop\/"},{"@type":"ListItem","position":3,"name":"Trapet P\u00e8re &#038; Fils | Burgund | Gevrey-Chambertin &#8220;En Ergot&#8221; 1er Cru | 2021 | 750ml | bio"}]},{"@type":"WebSite","@id":"https:\/\/wein-werte.com\/de\/#website","url":"https:\/\/wein-werte.com\/de\/","name":"Wein Werte","description":"","publisher":{"@id":"https:\/\/wein-werte.com\/de\/#organization"},"potentialAction":[{"@type":"SearchAction","target":{"@type":"EntryPoint","urlTemplate":"https:\/\/wein-werte.com\/de\/?s={search_term_string}"},"query-input":{"@type":"PropertyValueSpecification","valueRequired":true,"valueName":"search_term_string"}}],"inLanguage":"de"},{"@type":"Organization","@id":"https:\/\/wein-werte.com\/de\/#organization","name":"Vins Fins Thorrold","url":"https:\/\/wein-werte.com\/de\/","logo":{"@type":"ImageObject","inLanguage":"de","@id":"https:\/\/wein-werte.com\/de\/#\/schema\/logo\/image\/","url":"https:\/\/wein-werte.com\/wp-content\/uploads\/2023\/07\/Wein_werte_Logo700-1.png","contentUrl":"https:\/\/wein-werte.com\/wp-content\/uploads\/2023\/07\/Wein_werte_Logo700-1.png","width":700,"height":272,"caption":"Vins Fins Thorrold"},"image":{"@id":"https:\/\/wein-werte.com\/de\/#\/schema\/logo\/image\/"}}]}},"_links":{"self":[{"href":"https:\/\/wein-werte.com\/de\/wp-json\/wp\/v2\/product\/1127480","targetHints":{"allow":["GET"]}}],"collection":[{"href":"https:\/\/wein-werte.com\/de\/wp-json\/wp\/v2\/product"}],"about":[{"href":"https:\/\/wein-werte.com\/de\/wp-json\/wp\/v2\/types\/product"}],"wp:featuredmedia":[{"embeddable":true,"href":"https:\/\/wein-werte.com\/de\/wp-json\/wp\/v2\/media\/1139370"}],"wp:attachment":[{"href":"https:\/\/wein-werte.com\/de\/wp-json\/wp\/v2\/media?parent=1127480"}],"wp:term":[{"taxonomy":"product_brand","embeddable":true,"href":"https:\/\/wein-werte.com\/de\/wp-json\/wp\/v2\/product_brand?post=1127480"},{"taxonomy":"product_cat","embeddable":true,"href":"https:\/\/wein-werte.com\/de\/wp-json\/wp\/v2\/product_cat?post=1127480"},{"taxonomy":"product_tag","embeddable":true,"href":"https:\/\/wein-werte.com\/de\/wp-json\/wp\/v2\/product_tag?post=1127480"}],"curies":[{"name":"wp","href":"https:\/\/api.w.org\/{rel}","templated":true}]}}