{"id":1127371,"date":"2026-05-08T19:56:39","date_gmt":"2026-05-08T17:56:39","guid":{"rendered":"https:\/\/wein-werte.com\/product\/clos-du-moulin-aux-moines-saint-romain-combe-bazin-blanc-2021-750ml\/"},"modified":"2026-04-27T11:40:46","modified_gmt":"2026-04-27T09:40:46","slug":"clos-du-moulin-aux-moines-saint-romain-combe-bazin-blanc-2021-750ml","status":"publish","type":"product","link":"https:\/\/wein-werte.com\/de\/produkt\/clos-du-moulin-aux-moines-saint-romain-combe-bazin-blanc-2021-750ml\/","title":{"rendered":"Clos du Moulin aux Moines | Burgund | Saint Romain &#8220;Combe Bazin&#8221; Blanc AOC | 2021 | 750ml | bio"},"content":{"rendered":"<p>Produktbeschreibung f\u00fcr Clos du Moulin aux Moines Saint Romain &#8220;Combe Bazin&#8221; Blanc AOC 2021 (bio) <\/p>\n<h5>Information zum Wein<\/h5>\n<p> Der wahrscheinlich beste Climat in Saint-Romain mit 13,56 Hektar in s\u00fcdwestlicher Ausrichtung und mit kreidig wei\u00dfen B\u00f6den. Nach der selektiven Lese erfolgte die langsame Pressung der Ganztrauben, danach die Verg\u00e4rung mit weinbergseigenen Hefen in Holz-Cuves und der Ausbau \u00fcber ein Jahr in Pi\u00e8ces und Tonneaux mit einem maximalen Neuholzanteil von 15 %. Der Wein wurde ungesch\u00f6nt, ungefiltert und mit minimalem Schwefel gef\u00fcllt. <\/p>\n<h5>Farbe<\/h5>\n<p> strahlendes mittleres Strohgelb <\/p>\n<h5>Nase<\/h5>\n<p> Der Chardonnay aus der Lage Combe Bazin wirkt fein und elegant. Er duftet nach Limetten, Zitronen und Kalamansi mit etwas Abrieb und Kernen. Dazu kommen Aromen von knackigen wei\u00dfen Pfirsichen und gelben \u00c4pfeln. Noten von Gestein fehlen hier ebenso wenig wie die von Haseln\u00fcssen und von ein klein wenig Holz. Es ist kein expressiver Duft, sondern ein finessenreicher. <\/p>\n<h5>Gaumen<\/h5>\n<p> Am Gaumen wirkt der Saint-Romain reif und seidig, doch die S\u00e4ure ist dabei gut sp\u00fcrbar und angenehm lebendig. Auch hier findet man die gr\u00fcnen und gelben zitrischen Noten, dazu etwas Ananas, Kr\u00e4uter und Gestein. Zum Finale hin wird es immer pikanter und salziger, der Trinkfluss immer h\u00f6her, und die Seidigkeit und zitrische Frische verbinden sich zu einem gelungenen Gesamtwerk.<\/p>\n<p>Copyright Vinaturel 2025<\/p>\n<p>Keywords: <a href=\"https:\/\/wein-werte.com\/de\/shop\/?swoof=1&#038;pa_producer=Clos-du-Moulin-aux-Moines\">Clos du Moulin aux Moines<\/a> <a href=\"https:\/\/wein-werte.com\/de\/shop\/?swoof=1&#038;woof_text=Saint Romain \"Combe Bazin\" Blanc AOC\">Saint Romain &#8220;Combe Bazin&#8221; Blanc AOC<\/a> 2021 bio <a href=\"https:\/\/wein-werte.com\/de\/shop\/?swoof=1&#038;pa_region=Burgund\">Burgund<\/a> <a href=\"https:\/\/wein-werte.com\/de\/shop\/?swoof=1&#038;pa_country=Frankreich\">Frankreich<\/a><\/p>\n<p>Internetseite des Weinguts: <a href=\"https:\/\/moulinauxmoines.com\/\" target=\"_blank\">https:\/\/moulinauxmoines.com\/<\/a><\/p>\n","protected":false},"excerpt":{"rendered":"<p>Lieferzeit: 1 bis 2 Arbeitstage (DE), 2 bis 5 Arbeitstage (EU and CH)<\/p>\n","protected":false},"featured_media":1139288,"template":"","meta":[],"product_brand":[],"product_cat":[19],"product_tag":[],"class_list":{"0":"post-1127371","1":"product","2":"type-product","3":"status-publish","4":"has-post-thumbnail","6":"product_cat-unkategorisiert","7":"pa_alcohol-for-filter-12-5","8":"pa_certified-biodynamic-ja-de","9":"pa_certified-organic-ja-de","10":"pa_colour-weiss","11":"pa_country-frankreich","12":"pa_grape-chardonnay","13":"pa_price-for-filter-10598","14":"pa_producer-clos-du-moulin-aux-moines","15":"pa_region-burgund","16":"pa_size-ml-6584","17":"pa_sweetness-trocken-de","18":"pa_type-2-still-de","19":"pa_vintage-2021-de","20":"entry","21":"has-media","23":"first","24":"instock","25":"taxable","26":"shipping-taxable","27":"purchasable","28":"product-type-simple"},"yoast_head":"<!-- This site is optimized with the Yoast SEO plugin v27.5 - https:\/\/yoast.com\/product\/yoast-seo-wordpress\/ -->\n<title>Clos du Moulin aux Moines Saint Romain &quot;Combe Bazin&quot; blanc 2021<\/title>\n<meta name=\"description\" content=\"Kaufe Clos du Moulin aux Moines Saint Romain &quot;Combe Bazin&quot; blanc 2021 (Chardonnay, trocken aus Burgund, Frankreich) bei Wein Werte, Ihrem nachhaltigen Onlineshop.\" \/>\n<meta name=\"robots\" content=\"index, follow, max-snippet:-1, max-image-preview:large, max-video-preview:-1\" \/>\n<link rel=\"canonical\" href=\"https:\/\/wein-werte.com\/de\/produkt\/clos-du-moulin-aux-moines-saint-romain-combe-bazin-blanc-2021-750ml\/\" \/>\n<meta property=\"og:locale\" content=\"de_DE\" \/>\n<meta property=\"og:type\" content=\"article\" \/>\n<meta property=\"og:title\" content=\"Clos du Moulin aux Moines Saint Romain &quot;Combe Bazin&quot; blanc 2021\" \/>\n<meta property=\"og:description\" content=\"Kaufe Clos du Moulin aux Moines Saint Romain &quot;Combe Bazin&quot; blanc 2021 (Chardonnay, trocken aus Burgund, Frankreich) bei Wein Werte, Ihrem nachhaltigen Onlineshop.\" \/>\n<meta property=\"og:url\" content=\"https:\/\/wein-werte.com\/de\/produkt\/clos-du-moulin-aux-moines-saint-romain-combe-bazin-blanc-2021-750ml\/\" \/>\n<meta property=\"og:site_name\" content=\"Wein Werte\" \/>\n<meta property=\"og:image\" content=\"https:\/\/wein-werte.com\/wp-content\/uploads\/2026\/04\/Clos-du-Moulin-aux-Moines-Saint-Romain-Combe-Bazin-blanc-2021-750ml.png\" \/>\n\t<meta property=\"og:image:width\" content=\"346\" \/>\n\t<meta property=\"og:image:height\" content=\"1200\" \/>\n\t<meta property=\"og:image:type\" content=\"image\/png\" \/>\n<meta name=\"twitter:card\" content=\"summary_large_image\" \/>\n<meta name=\"twitter:label1\" content=\"Gesch\u00e4tzte Lesezeit\" \/>\n\t<meta name=\"twitter:data1\" content=\"1\u00a0Minute\" \/>\n<script type=\"application\/ld+json\" class=\"yoast-schema-graph\">{\"@context\":\"https:\\\/\\\/schema.org\",\"@graph\":[{\"@type\":\"WebPage\",\"@id\":\"https:\\\/\\\/wein-werte.com\\\/de\\\/produkt\\\/clos-du-moulin-aux-moines-saint-romain-combe-bazin-blanc-2021-750ml\\\/\",\"url\":\"https:\\\/\\\/wein-werte.com\\\/de\\\/produkt\\\/clos-du-moulin-aux-moines-saint-romain-combe-bazin-blanc-2021-750ml\\\/\",\"name\":\"Clos du Moulin aux Moines Saint Romain \\\"Combe Bazin\\\" blanc 2021\",\"isPartOf\":{\"@id\":\"https:\\\/\\\/wein-werte.com\\\/de\\\/#website\"},\"primaryImageOfPage\":{\"@id\":\"https:\\\/\\\/wein-werte.com\\\/de\\\/produkt\\\/clos-du-moulin-aux-moines-saint-romain-combe-bazin-blanc-2021-750ml\\\/#primaryimage\"},\"image\":{\"@id\":\"https:\\\/\\\/wein-werte.com\\\/de\\\/produkt\\\/clos-du-moulin-aux-moines-saint-romain-combe-bazin-blanc-2021-750ml\\\/#primaryimage\"},\"thumbnailUrl\":\"https:\\\/\\\/wein-werte.com\\\/wp-content\\\/uploads\\\/2026\\\/04\\\/Clos-du-Moulin-aux-Moines-Saint-Romain-Combe-Bazin-blanc-2021-750ml.png\",\"datePublished\":\"2026-05-08T17:56:39+00:00\",\"description\":\"Kaufe Clos du Moulin aux Moines Saint Romain \\\"Combe Bazin\\\" blanc 2021 (Chardonnay, trocken aus Burgund, Frankreich) bei Wein Werte, Ihrem nachhaltigen Onlineshop.\",\"breadcrumb\":{\"@id\":\"https:\\\/\\\/wein-werte.com\\\/de\\\/produkt\\\/clos-du-moulin-aux-moines-saint-romain-combe-bazin-blanc-2021-750ml\\\/#breadcrumb\"},\"inLanguage\":\"de\",\"potentialAction\":[{\"@type\":\"ReadAction\",\"target\":[\"https:\\\/\\\/wein-werte.com\\\/de\\\/produkt\\\/clos-du-moulin-aux-moines-saint-romain-combe-bazin-blanc-2021-750ml\\\/\"]}]},{\"@type\":\"ImageObject\",\"inLanguage\":\"de\",\"@id\":\"https:\\\/\\\/wein-werte.com\\\/de\\\/produkt\\\/clos-du-moulin-aux-moines-saint-romain-combe-bazin-blanc-2021-750ml\\\/#primaryimage\",\"url\":\"https:\\\/\\\/wein-werte.com\\\/wp-content\\\/uploads\\\/2026\\\/04\\\/Clos-du-Moulin-aux-Moines-Saint-Romain-Combe-Bazin-blanc-2021-750ml.png\",\"contentUrl\":\"https:\\\/\\\/wein-werte.com\\\/wp-content\\\/uploads\\\/2026\\\/04\\\/Clos-du-Moulin-aux-Moines-Saint-Romain-Combe-Bazin-blanc-2021-750ml.png\",\"width\":346,\"height\":1200,\"caption\":\"Clos du Moulin aux Moines Saint Romain \\\"Combe Bazin\\\" Blanc AOC 2021 750ml\"},{\"@type\":\"BreadcrumbList\",\"@id\":\"https:\\\/\\\/wein-werte.com\\\/de\\\/produkt\\\/clos-du-moulin-aux-moines-saint-romain-combe-bazin-blanc-2021-750ml\\\/#breadcrumb\",\"itemListElement\":[{\"@type\":\"ListItem\",\"position\":1,\"name\":\"Home\",\"item\":\"https:\\\/\\\/wein-werte.com\\\/de\\\/\"},{\"@type\":\"ListItem\",\"position\":2,\"name\":\"Shop\",\"item\":\"https:\\\/\\\/wein-werte.com\\\/de\\\/shop\\\/\"},{\"@type\":\"ListItem\",\"position\":3,\"name\":\"Clos du Moulin aux Moines | Burgund | Saint Romain &#8220;Combe Bazin&#8221; Blanc AOC | 2021 | 750ml | bio\"}]},{\"@type\":\"WebSite\",\"@id\":\"https:\\\/\\\/wein-werte.com\\\/de\\\/#website\",\"url\":\"https:\\\/\\\/wein-werte.com\\\/de\\\/\",\"name\":\"Wein Werte\",\"description\":\"\",\"publisher\":{\"@id\":\"https:\\\/\\\/wein-werte.com\\\/de\\\/#organization\"},\"potentialAction\":[{\"@type\":\"SearchAction\",\"target\":{\"@type\":\"EntryPoint\",\"urlTemplate\":\"https:\\\/\\\/wein-werte.com\\\/de\\\/?s={search_term_string}\"},\"query-input\":{\"@type\":\"PropertyValueSpecification\",\"valueRequired\":true,\"valueName\":\"search_term_string\"}}],\"inLanguage\":\"de\"},{\"@type\":\"Organization\",\"@id\":\"https:\\\/\\\/wein-werte.com\\\/de\\\/#organization\",\"name\":\"Vins Fins Thorrold\",\"url\":\"https:\\\/\\\/wein-werte.com\\\/de\\\/\",\"logo\":{\"@type\":\"ImageObject\",\"inLanguage\":\"de\",\"@id\":\"https:\\\/\\\/wein-werte.com\\\/de\\\/#\\\/schema\\\/logo\\\/image\\\/\",\"url\":\"https:\\\/\\\/wein-werte.com\\\/wp-content\\\/uploads\\\/2023\\\/07\\\/Wein_werte_Logo700-1.png\",\"contentUrl\":\"https:\\\/\\\/wein-werte.com\\\/wp-content\\\/uploads\\\/2023\\\/07\\\/Wein_werte_Logo700-1.png\",\"width\":700,\"height\":272,\"caption\":\"Vins Fins Thorrold\"},\"image\":{\"@id\":\"https:\\\/\\\/wein-werte.com\\\/de\\\/#\\\/schema\\\/logo\\\/image\\\/\"}}]}<\/script>\n<!-- \/ Yoast SEO plugin. -->","yoast_head_json":{"title":"Clos du Moulin aux Moines Saint Romain \"Combe Bazin\" blanc 2021","description":"Kaufe Clos du Moulin aux Moines Saint Romain \"Combe Bazin\" blanc 2021 (Chardonnay, trocken aus Burgund, Frankreich) bei Wein Werte, Ihrem nachhaltigen Onlineshop.","robots":{"index":"index","follow":"follow","max-snippet":"max-snippet:-1","max-image-preview":"max-image-preview:large","max-video-preview":"max-video-preview:-1"},"canonical":"https:\/\/wein-werte.com\/de\/produkt\/clos-du-moulin-aux-moines-saint-romain-combe-bazin-blanc-2021-750ml\/","og_locale":"de_DE","og_type":"article","og_title":"Clos du Moulin aux Moines Saint Romain \"Combe Bazin\" blanc 2021","og_description":"Kaufe Clos du Moulin aux Moines Saint Romain \"Combe Bazin\" blanc 2021 (Chardonnay, trocken aus Burgund, Frankreich) bei Wein Werte, Ihrem nachhaltigen Onlineshop.","og_url":"https:\/\/wein-werte.com\/de\/produkt\/clos-du-moulin-aux-moines-saint-romain-combe-bazin-blanc-2021-750ml\/","og_site_name":"Wein Werte","og_image":[{"width":346,"height":1200,"url":"https:\/\/wein-werte.com\/wp-content\/uploads\/2026\/04\/Clos-du-Moulin-aux-Moines-Saint-Romain-Combe-Bazin-blanc-2021-750ml.png","type":"image\/png"}],"twitter_card":"summary_large_image","twitter_misc":{"Gesch\u00e4tzte Lesezeit":"1\u00a0Minute"},"schema":{"@context":"https:\/\/schema.org","@graph":[{"@type":"WebPage","@id":"https:\/\/wein-werte.com\/de\/produkt\/clos-du-moulin-aux-moines-saint-romain-combe-bazin-blanc-2021-750ml\/","url":"https:\/\/wein-werte.com\/de\/produkt\/clos-du-moulin-aux-moines-saint-romain-combe-bazin-blanc-2021-750ml\/","name":"Clos du Moulin aux Moines Saint Romain \"Combe Bazin\" blanc 2021","isPartOf":{"@id":"https:\/\/wein-werte.com\/de\/#website"},"primaryImageOfPage":{"@id":"https:\/\/wein-werte.com\/de\/produkt\/clos-du-moulin-aux-moines-saint-romain-combe-bazin-blanc-2021-750ml\/#primaryimage"},"image":{"@id":"https:\/\/wein-werte.com\/de\/produkt\/clos-du-moulin-aux-moines-saint-romain-combe-bazin-blanc-2021-750ml\/#primaryimage"},"thumbnailUrl":"https:\/\/wein-werte.com\/wp-content\/uploads\/2026\/04\/Clos-du-Moulin-aux-Moines-Saint-Romain-Combe-Bazin-blanc-2021-750ml.png","datePublished":"2026-05-08T17:56:39+00:00","description":"Kaufe Clos du Moulin aux Moines Saint Romain \"Combe Bazin\" blanc 2021 (Chardonnay, trocken aus Burgund, Frankreich) bei Wein Werte, Ihrem nachhaltigen Onlineshop.","breadcrumb":{"@id":"https:\/\/wein-werte.com\/de\/produkt\/clos-du-moulin-aux-moines-saint-romain-combe-bazin-blanc-2021-750ml\/#breadcrumb"},"inLanguage":"de","potentialAction":[{"@type":"ReadAction","target":["https:\/\/wein-werte.com\/de\/produkt\/clos-du-moulin-aux-moines-saint-romain-combe-bazin-blanc-2021-750ml\/"]}]},{"@type":"ImageObject","inLanguage":"de","@id":"https:\/\/wein-werte.com\/de\/produkt\/clos-du-moulin-aux-moines-saint-romain-combe-bazin-blanc-2021-750ml\/#primaryimage","url":"https:\/\/wein-werte.com\/wp-content\/uploads\/2026\/04\/Clos-du-Moulin-aux-Moines-Saint-Romain-Combe-Bazin-blanc-2021-750ml.png","contentUrl":"https:\/\/wein-werte.com\/wp-content\/uploads\/2026\/04\/Clos-du-Moulin-aux-Moines-Saint-Romain-Combe-Bazin-blanc-2021-750ml.png","width":346,"height":1200,"caption":"Clos du Moulin aux Moines Saint Romain \"Combe Bazin\" Blanc AOC 2021 750ml"},{"@type":"BreadcrumbList","@id":"https:\/\/wein-werte.com\/de\/produkt\/clos-du-moulin-aux-moines-saint-romain-combe-bazin-blanc-2021-750ml\/#breadcrumb","itemListElement":[{"@type":"ListItem","position":1,"name":"Home","item":"https:\/\/wein-werte.com\/de\/"},{"@type":"ListItem","position":2,"name":"Shop","item":"https:\/\/wein-werte.com\/de\/shop\/"},{"@type":"ListItem","position":3,"name":"Clos du Moulin aux Moines | Burgund | Saint Romain &#8220;Combe Bazin&#8221; Blanc AOC | 2021 | 750ml | bio"}]},{"@type":"WebSite","@id":"https:\/\/wein-werte.com\/de\/#website","url":"https:\/\/wein-werte.com\/de\/","name":"Wein Werte","description":"","publisher":{"@id":"https:\/\/wein-werte.com\/de\/#organization"},"potentialAction":[{"@type":"SearchAction","target":{"@type":"EntryPoint","urlTemplate":"https:\/\/wein-werte.com\/de\/?s={search_term_string}"},"query-input":{"@type":"PropertyValueSpecification","valueRequired":true,"valueName":"search_term_string"}}],"inLanguage":"de"},{"@type":"Organization","@id":"https:\/\/wein-werte.com\/de\/#organization","name":"Vins Fins Thorrold","url":"https:\/\/wein-werte.com\/de\/","logo":{"@type":"ImageObject","inLanguage":"de","@id":"https:\/\/wein-werte.com\/de\/#\/schema\/logo\/image\/","url":"https:\/\/wein-werte.com\/wp-content\/uploads\/2023\/07\/Wein_werte_Logo700-1.png","contentUrl":"https:\/\/wein-werte.com\/wp-content\/uploads\/2023\/07\/Wein_werte_Logo700-1.png","width":700,"height":272,"caption":"Vins Fins Thorrold"},"image":{"@id":"https:\/\/wein-werte.com\/de\/#\/schema\/logo\/image\/"}}]}},"_links":{"self":[{"href":"https:\/\/wein-werte.com\/de\/wp-json\/wp\/v2\/product\/1127371","targetHints":{"allow":["GET"]}}],"collection":[{"href":"https:\/\/wein-werte.com\/de\/wp-json\/wp\/v2\/product"}],"about":[{"href":"https:\/\/wein-werte.com\/de\/wp-json\/wp\/v2\/types\/product"}],"wp:featuredmedia":[{"embeddable":true,"href":"https:\/\/wein-werte.com\/de\/wp-json\/wp\/v2\/media\/1139288"}],"wp:attachment":[{"href":"https:\/\/wein-werte.com\/de\/wp-json\/wp\/v2\/media?parent=1127371"}],"wp:term":[{"taxonomy":"product_brand","embeddable":true,"href":"https:\/\/wein-werte.com\/de\/wp-json\/wp\/v2\/product_brand?post=1127371"},{"taxonomy":"product_cat","embeddable":true,"href":"https:\/\/wein-werte.com\/de\/wp-json\/wp\/v2\/product_cat?post=1127371"},{"taxonomy":"product_tag","embeddable":true,"href":"https:\/\/wein-werte.com\/de\/wp-json\/wp\/v2\/product_tag?post=1127371"}],"curies":[{"name":"wp","href":"https:\/\/api.w.org\/{rel}","templated":true}]}}