{"id":1127286,"date":"2026-05-08T19:56:32","date_gmt":"2026-05-08T17:56:32","guid":{"rendered":"https:\/\/wein-werte.com\/product\/remi-jobard-monthelie-1er-cru-les-champs-fulliots-2022-1500ml\/"},"modified":"2026-04-27T11:40:35","modified_gmt":"2026-04-27T09:40:35","slug":"remi-jobard-monthelie-1er-cru-les-champs-fulliots-2022-1500ml","status":"publish","type":"product","link":"https:\/\/wein-werte.com\/de\/produkt\/remi-jobard-monthelie-1er-cru-les-champs-fulliots-2022-1500ml\/","title":{"rendered":"R\u00e9mi Jobard | Burgund | Monthelie 1er Cru Les Champs Fulliots AOC | 2022 | 1500ml | bio"},"content":{"rendered":"<p>Produktbeschreibung f\u00fcr R\u00e9mi Jobard Monthelie 1er Cru Les Champs Fulliots AOC 2022 (bio)<\/p>\n<p> Die Familie Jobard hat eine sehr lange Tradition im Weinbau. Ganz genau wei\u00df sie es selber nicht, aber erste Schriften datieren den Ursprung auf das 16. Jahrhundert. R\u00e9mi Jobards Philosophie l\u00e4sst sich in wenigen Worten auf den Punkt bringen: viel Arbeit im Weinberg, m\u00f6glichst wenige Eingriffe im Keller. Die Weine werden konsequent im Holzfass ausgebaut, wobei der Einsatz neuer F\u00e4sser mit nur einem F\u00fcnftel bewusst sehr moderat gehalten wird. Seit einigen Jahren setzt R\u00e9mi auch das Halbst\u00fcck (600 l) von Stockinger ein. Mit Freude stellt er fest, dass die Weine dadurch schlank und mineralisch bleiben, und die F\u00e4sser den Charakter des Weines nicht ver\u00e4ndern. R\u00e9mi m\u00f6chte komplexe Weine mit einer vielschichtigen Aromatik, nicht solche, die von Holz- und Vanillenoten dominiert sind. Er verzichtet bewusst auf Filtration. Ihre nat\u00fcrliche Stabilit\u00e4t erhalten die Weine durch die lange Lagerung im Fass \u00fcber zwei Winter. <\/p>\n<p>Copyright Vinaturel 2025<\/p>\n<p>Keywords: <a href=\"https:\/\/wein-werte.com\/de\/shop\/?swoof=1&#038;pa_producer=R\u00e9mi-Jobard\">R\u00e9mi Jobard<\/a> <a href=\"https:\/\/wein-werte.com\/de\/shop\/?swoof=1&#038;woof_text=Monthelie 1er Cru Les Champs Fulliots AOC\">Monthelie 1er Cru Les Champs Fulliots AOC<\/a> 2022 bio <a href=\"https:\/\/wein-werte.com\/de\/shop\/?swoof=1&#038;pa_region=Burgund\">Burgund<\/a> <a href=\"https:\/\/wein-werte.com\/de\/shop\/?swoof=1&#038;pa_country=Frankreich\">Frankreich<\/a><\/p>\n","protected":false},"excerpt":{"rendered":"<p>Lieferzeit: 1 bis 2 Arbeitstage (DE), 2 bis 5 Arbeitstage (EU and CH)<\/p>\n","protected":false},"featured_media":1139230,"template":"","meta":[],"product_brand":[],"product_cat":[19],"product_tag":[],"class_list":{"0":"post-1127286","1":"product","2":"type-product","3":"status-publish","4":"has-post-thumbnail","6":"product_cat-unkategorisiert","7":"pa_alcohol-for-filter-12897","8":"pa_certified-biodynamic-nein-de","9":"pa_certified-organic-ja-de","10":"pa_colour-weiss","11":"pa_country-frankreich","12":"pa_grape-chardonnay","13":"pa_price-for-filter-10646","14":"pa_producer-remi-jobard","15":"pa_region-burgund","16":"pa_size-ml-6657","17":"pa_sweetness-trocken-de","18":"pa_type-2-still-de","19":"pa_vintage-2022-de","20":"entry","21":"has-media","23":"first","24":"instock","25":"taxable","26":"shipping-taxable","27":"purchasable","28":"product-type-simple"},"yoast_head":"<!-- This site is optimized with the Yoast SEO plugin v27.5 - https:\/\/yoast.com\/product\/yoast-seo-wordpress\/ -->\n<title>R\u00e9mi Jobard Monthelie 1er Cru Les Champs Fulliots 2022, 1500ml<\/title>\n<meta name=\"description\" content=\"Kaufe R\u00e9mi Jobard Monthelie 1er Cru Les Champs Fulliots 2022 (Chardonnay, trocken aus Burgund, Frankreich) bei Wein Werte, Ihrem nachhaltigen Onlineshop.\" \/>\n<meta name=\"robots\" content=\"index, follow, max-snippet:-1, max-image-preview:large, max-video-preview:-1\" \/>\n<link rel=\"canonical\" href=\"https:\/\/wein-werte.com\/de\/produkt\/remi-jobard-monthelie-1er-cru-les-champs-fulliots-2022-1500ml\/\" \/>\n<meta property=\"og:locale\" content=\"de_DE\" \/>\n<meta property=\"og:type\" content=\"article\" \/>\n<meta property=\"og:title\" content=\"R\u00e9mi Jobard Monthelie 1er Cru Les Champs Fulliots 2022, 1500ml\" \/>\n<meta property=\"og:description\" content=\"Kaufe R\u00e9mi Jobard Monthelie 1er Cru Les Champs Fulliots 2022 (Chardonnay, trocken aus Burgund, Frankreich) bei Wein Werte, Ihrem nachhaltigen Onlineshop.\" \/>\n<meta property=\"og:url\" content=\"https:\/\/wein-werte.com\/de\/produkt\/remi-jobard-monthelie-1er-cru-les-champs-fulliots-2022-1500ml\/\" \/>\n<meta property=\"og:site_name\" content=\"Wein Werte\" \/>\n<meta property=\"og:image\" content=\"https:\/\/wein-werte.com\/wp-content\/uploads\/2026\/04\/Remi-Jobard-Monthelie-1er-Cru-Les-Champs-Fulliots-2022-1500ml.png\" \/>\n\t<meta property=\"og:image:width\" content=\"363\" \/>\n\t<meta property=\"og:image:height\" content=\"1200\" \/>\n\t<meta property=\"og:image:type\" content=\"image\/png\" \/>\n<meta name=\"twitter:card\" content=\"summary_large_image\" \/>\n<meta name=\"twitter:label1\" content=\"Gesch\u00e4tzte Lesezeit\" \/>\n\t<meta name=\"twitter:data1\" content=\"1\u00a0Minute\" \/>\n<script type=\"application\/ld+json\" class=\"yoast-schema-graph\">{\"@context\":\"https:\\\/\\\/schema.org\",\"@graph\":[{\"@type\":\"WebPage\",\"@id\":\"https:\\\/\\\/wein-werte.com\\\/de\\\/produkt\\\/remi-jobard-monthelie-1er-cru-les-champs-fulliots-2022-1500ml\\\/\",\"url\":\"https:\\\/\\\/wein-werte.com\\\/de\\\/produkt\\\/remi-jobard-monthelie-1er-cru-les-champs-fulliots-2022-1500ml\\\/\",\"name\":\"R\u00e9mi Jobard Monthelie 1er Cru Les Champs Fulliots 2022, 1500ml\",\"isPartOf\":{\"@id\":\"https:\\\/\\\/wein-werte.com\\\/de\\\/#website\"},\"primaryImageOfPage\":{\"@id\":\"https:\\\/\\\/wein-werte.com\\\/de\\\/produkt\\\/remi-jobard-monthelie-1er-cru-les-champs-fulliots-2022-1500ml\\\/#primaryimage\"},\"image\":{\"@id\":\"https:\\\/\\\/wein-werte.com\\\/de\\\/produkt\\\/remi-jobard-monthelie-1er-cru-les-champs-fulliots-2022-1500ml\\\/#primaryimage\"},\"thumbnailUrl\":\"https:\\\/\\\/wein-werte.com\\\/wp-content\\\/uploads\\\/2026\\\/04\\\/Remi-Jobard-Monthelie-1er-Cru-Les-Champs-Fulliots-2022-1500ml.png\",\"datePublished\":\"2026-05-08T17:56:32+00:00\",\"description\":\"Kaufe R\u00e9mi Jobard Monthelie 1er Cru Les Champs Fulliots 2022 (Chardonnay, trocken aus Burgund, Frankreich) bei Wein Werte, Ihrem nachhaltigen Onlineshop.\",\"breadcrumb\":{\"@id\":\"https:\\\/\\\/wein-werte.com\\\/de\\\/produkt\\\/remi-jobard-monthelie-1er-cru-les-champs-fulliots-2022-1500ml\\\/#breadcrumb\"},\"inLanguage\":\"de\",\"potentialAction\":[{\"@type\":\"ReadAction\",\"target\":[\"https:\\\/\\\/wein-werte.com\\\/de\\\/produkt\\\/remi-jobard-monthelie-1er-cru-les-champs-fulliots-2022-1500ml\\\/\"]}]},{\"@type\":\"ImageObject\",\"inLanguage\":\"de\",\"@id\":\"https:\\\/\\\/wein-werte.com\\\/de\\\/produkt\\\/remi-jobard-monthelie-1er-cru-les-champs-fulliots-2022-1500ml\\\/#primaryimage\",\"url\":\"https:\\\/\\\/wein-werte.com\\\/wp-content\\\/uploads\\\/2026\\\/04\\\/Remi-Jobard-Monthelie-1er-Cru-Les-Champs-Fulliots-2022-1500ml.png\",\"contentUrl\":\"https:\\\/\\\/wein-werte.com\\\/wp-content\\\/uploads\\\/2026\\\/04\\\/Remi-Jobard-Monthelie-1er-Cru-Les-Champs-Fulliots-2022-1500ml.png\",\"width\":363,\"height\":1200,\"caption\":\"R\u00e9mi Jobard Monthelie 1er Cru Les Champs Fulliots AOC 2022 1500ml\"},{\"@type\":\"BreadcrumbList\",\"@id\":\"https:\\\/\\\/wein-werte.com\\\/de\\\/produkt\\\/remi-jobard-monthelie-1er-cru-les-champs-fulliots-2022-1500ml\\\/#breadcrumb\",\"itemListElement\":[{\"@type\":\"ListItem\",\"position\":1,\"name\":\"Home\",\"item\":\"https:\\\/\\\/wein-werte.com\\\/de\\\/\"},{\"@type\":\"ListItem\",\"position\":2,\"name\":\"Shop\",\"item\":\"https:\\\/\\\/wein-werte.com\\\/de\\\/shop\\\/\"},{\"@type\":\"ListItem\",\"position\":3,\"name\":\"R\u00e9mi Jobard | Burgund | Monthelie 1er Cru Les Champs Fulliots AOC | 2022 | 1500ml | bio\"}]},{\"@type\":\"WebSite\",\"@id\":\"https:\\\/\\\/wein-werte.com\\\/de\\\/#website\",\"url\":\"https:\\\/\\\/wein-werte.com\\\/de\\\/\",\"name\":\"Wein Werte\",\"description\":\"\",\"publisher\":{\"@id\":\"https:\\\/\\\/wein-werte.com\\\/de\\\/#organization\"},\"potentialAction\":[{\"@type\":\"SearchAction\",\"target\":{\"@type\":\"EntryPoint\",\"urlTemplate\":\"https:\\\/\\\/wein-werte.com\\\/de\\\/?s={search_term_string}\"},\"query-input\":{\"@type\":\"PropertyValueSpecification\",\"valueRequired\":true,\"valueName\":\"search_term_string\"}}],\"inLanguage\":\"de\"},{\"@type\":\"Organization\",\"@id\":\"https:\\\/\\\/wein-werte.com\\\/de\\\/#organization\",\"name\":\"Vins Fins Thorrold\",\"url\":\"https:\\\/\\\/wein-werte.com\\\/de\\\/\",\"logo\":{\"@type\":\"ImageObject\",\"inLanguage\":\"de\",\"@id\":\"https:\\\/\\\/wein-werte.com\\\/de\\\/#\\\/schema\\\/logo\\\/image\\\/\",\"url\":\"https:\\\/\\\/wein-werte.com\\\/wp-content\\\/uploads\\\/2023\\\/07\\\/Wein_werte_Logo700-1.png\",\"contentUrl\":\"https:\\\/\\\/wein-werte.com\\\/wp-content\\\/uploads\\\/2023\\\/07\\\/Wein_werte_Logo700-1.png\",\"width\":700,\"height\":272,\"caption\":\"Vins Fins Thorrold\"},\"image\":{\"@id\":\"https:\\\/\\\/wein-werte.com\\\/de\\\/#\\\/schema\\\/logo\\\/image\\\/\"}}]}<\/script>\n<!-- \/ Yoast SEO plugin. -->","yoast_head_json":{"title":"R\u00e9mi Jobard Monthelie 1er Cru Les Champs Fulliots 2022, 1500ml","description":"Kaufe R\u00e9mi Jobard Monthelie 1er Cru Les Champs Fulliots 2022 (Chardonnay, trocken aus Burgund, Frankreich) bei Wein Werte, Ihrem nachhaltigen Onlineshop.","robots":{"index":"index","follow":"follow","max-snippet":"max-snippet:-1","max-image-preview":"max-image-preview:large","max-video-preview":"max-video-preview:-1"},"canonical":"https:\/\/wein-werte.com\/de\/produkt\/remi-jobard-monthelie-1er-cru-les-champs-fulliots-2022-1500ml\/","og_locale":"de_DE","og_type":"article","og_title":"R\u00e9mi Jobard Monthelie 1er Cru Les Champs Fulliots 2022, 1500ml","og_description":"Kaufe R\u00e9mi Jobard Monthelie 1er Cru Les Champs Fulliots 2022 (Chardonnay, trocken aus Burgund, Frankreich) bei Wein Werte, Ihrem nachhaltigen Onlineshop.","og_url":"https:\/\/wein-werte.com\/de\/produkt\/remi-jobard-monthelie-1er-cru-les-champs-fulliots-2022-1500ml\/","og_site_name":"Wein Werte","og_image":[{"width":363,"height":1200,"url":"https:\/\/wein-werte.com\/wp-content\/uploads\/2026\/04\/Remi-Jobard-Monthelie-1er-Cru-Les-Champs-Fulliots-2022-1500ml.png","type":"image\/png"}],"twitter_card":"summary_large_image","twitter_misc":{"Gesch\u00e4tzte Lesezeit":"1\u00a0Minute"},"schema":{"@context":"https:\/\/schema.org","@graph":[{"@type":"WebPage","@id":"https:\/\/wein-werte.com\/de\/produkt\/remi-jobard-monthelie-1er-cru-les-champs-fulliots-2022-1500ml\/","url":"https:\/\/wein-werte.com\/de\/produkt\/remi-jobard-monthelie-1er-cru-les-champs-fulliots-2022-1500ml\/","name":"R\u00e9mi Jobard Monthelie 1er Cru Les Champs Fulliots 2022, 1500ml","isPartOf":{"@id":"https:\/\/wein-werte.com\/de\/#website"},"primaryImageOfPage":{"@id":"https:\/\/wein-werte.com\/de\/produkt\/remi-jobard-monthelie-1er-cru-les-champs-fulliots-2022-1500ml\/#primaryimage"},"image":{"@id":"https:\/\/wein-werte.com\/de\/produkt\/remi-jobard-monthelie-1er-cru-les-champs-fulliots-2022-1500ml\/#primaryimage"},"thumbnailUrl":"https:\/\/wein-werte.com\/wp-content\/uploads\/2026\/04\/Remi-Jobard-Monthelie-1er-Cru-Les-Champs-Fulliots-2022-1500ml.png","datePublished":"2026-05-08T17:56:32+00:00","description":"Kaufe R\u00e9mi Jobard Monthelie 1er Cru Les Champs Fulliots 2022 (Chardonnay, trocken aus Burgund, Frankreich) bei Wein Werte, Ihrem nachhaltigen Onlineshop.","breadcrumb":{"@id":"https:\/\/wein-werte.com\/de\/produkt\/remi-jobard-monthelie-1er-cru-les-champs-fulliots-2022-1500ml\/#breadcrumb"},"inLanguage":"de","potentialAction":[{"@type":"ReadAction","target":["https:\/\/wein-werte.com\/de\/produkt\/remi-jobard-monthelie-1er-cru-les-champs-fulliots-2022-1500ml\/"]}]},{"@type":"ImageObject","inLanguage":"de","@id":"https:\/\/wein-werte.com\/de\/produkt\/remi-jobard-monthelie-1er-cru-les-champs-fulliots-2022-1500ml\/#primaryimage","url":"https:\/\/wein-werte.com\/wp-content\/uploads\/2026\/04\/Remi-Jobard-Monthelie-1er-Cru-Les-Champs-Fulliots-2022-1500ml.png","contentUrl":"https:\/\/wein-werte.com\/wp-content\/uploads\/2026\/04\/Remi-Jobard-Monthelie-1er-Cru-Les-Champs-Fulliots-2022-1500ml.png","width":363,"height":1200,"caption":"R\u00e9mi Jobard Monthelie 1er Cru Les Champs Fulliots AOC 2022 1500ml"},{"@type":"BreadcrumbList","@id":"https:\/\/wein-werte.com\/de\/produkt\/remi-jobard-monthelie-1er-cru-les-champs-fulliots-2022-1500ml\/#breadcrumb","itemListElement":[{"@type":"ListItem","position":1,"name":"Home","item":"https:\/\/wein-werte.com\/de\/"},{"@type":"ListItem","position":2,"name":"Shop","item":"https:\/\/wein-werte.com\/de\/shop\/"},{"@type":"ListItem","position":3,"name":"R\u00e9mi Jobard | Burgund | Monthelie 1er Cru Les Champs Fulliots AOC | 2022 | 1500ml | bio"}]},{"@type":"WebSite","@id":"https:\/\/wein-werte.com\/de\/#website","url":"https:\/\/wein-werte.com\/de\/","name":"Wein Werte","description":"","publisher":{"@id":"https:\/\/wein-werte.com\/de\/#organization"},"potentialAction":[{"@type":"SearchAction","target":{"@type":"EntryPoint","urlTemplate":"https:\/\/wein-werte.com\/de\/?s={search_term_string}"},"query-input":{"@type":"PropertyValueSpecification","valueRequired":true,"valueName":"search_term_string"}}],"inLanguage":"de"},{"@type":"Organization","@id":"https:\/\/wein-werte.com\/de\/#organization","name":"Vins Fins Thorrold","url":"https:\/\/wein-werte.com\/de\/","logo":{"@type":"ImageObject","inLanguage":"de","@id":"https:\/\/wein-werte.com\/de\/#\/schema\/logo\/image\/","url":"https:\/\/wein-werte.com\/wp-content\/uploads\/2023\/07\/Wein_werte_Logo700-1.png","contentUrl":"https:\/\/wein-werte.com\/wp-content\/uploads\/2023\/07\/Wein_werte_Logo700-1.png","width":700,"height":272,"caption":"Vins Fins Thorrold"},"image":{"@id":"https:\/\/wein-werte.com\/de\/#\/schema\/logo\/image\/"}}]}},"_links":{"self":[{"href":"https:\/\/wein-werte.com\/de\/wp-json\/wp\/v2\/product\/1127286","targetHints":{"allow":["GET"]}}],"collection":[{"href":"https:\/\/wein-werte.com\/de\/wp-json\/wp\/v2\/product"}],"about":[{"href":"https:\/\/wein-werte.com\/de\/wp-json\/wp\/v2\/types\/product"}],"wp:featuredmedia":[{"embeddable":true,"href":"https:\/\/wein-werte.com\/de\/wp-json\/wp\/v2\/media\/1139230"}],"wp:attachment":[{"href":"https:\/\/wein-werte.com\/de\/wp-json\/wp\/v2\/media?parent=1127286"}],"wp:term":[{"taxonomy":"product_brand","embeddable":true,"href":"https:\/\/wein-werte.com\/de\/wp-json\/wp\/v2\/product_brand?post=1127286"},{"taxonomy":"product_cat","embeddable":true,"href":"https:\/\/wein-werte.com\/de\/wp-json\/wp\/v2\/product_cat?post=1127286"},{"taxonomy":"product_tag","embeddable":true,"href":"https:\/\/wein-werte.com\/de\/wp-json\/wp\/v2\/product_tag?post=1127286"}],"curies":[{"name":"wp","href":"https:\/\/api.w.org\/{rel}","templated":true}]}}