{"id":1127283,"date":"2026-05-12T15:38:47","date_gmt":"2026-05-12T13:38:47","guid":{"rendered":"https:\/\/wein-werte.com\/product\/remi-jobard-monthelie-1er-cru-les-vignes-rondes-2022-1500ml\/"},"modified":"2026-05-12T19:53:30","modified_gmt":"2026-05-12T17:53:30","slug":"remi-jobard-monthelie-1er-cru-les-vignes-rondes-2022-1500ml","status":"publish","type":"product","link":"https:\/\/wein-werte.com\/de\/produkt\/remi-jobard-monthelie-1er-cru-les-vignes-rondes-2022-1500ml\/","title":{"rendered":"R\u00e9mi Jobard | Burgund | Monthelie 1er Cru Les Vignes-Rondes AOC | 2022 | 1500ml | bio"},"content":{"rendered":"<p>Produktbeschreibung f\u00fcr R\u00e9mi Jobard Monthelie 1er Cru Les Vignes-Rondes AOC 2022 (bio)<\/p>\n<p> R\u00e9mi Jobard ist ein anerkannter New-Schooler in Meursault. Seit rund 30 Jahren wird ausschlie\u00dflich organisch ged\u00fcngt, und 2008 folgte die Zertifizierung f\u00fcr biologische Bewirtschaftung. Leitmotiv bei Jobard sind die kalkhaltigen B\u00f6den Meursaults, die er durch behutsamen Ausbau zum Singen bringen m\u00f6chte. Statt kleiner 228-Liter-Barrique-F\u00e4sser verwendet Jobard Stockinger-Fuder mit 600 Litern Fassungsverm\u00f6gen. Das Holz wird nicht um des Holzes Willen eingesetzt, sondern wegen des langsamen Sauerstoffaustausches. Dieser Ausbau resultiert in kristallin geschliffenen Weinen mit tiefgr\u00fcndiger Mineralik und feinem Schmelz. Der 1er Cru Vignes-Rondes ist eine vergleichsweise k\u00fchle Lage und liegt oberhalb des Ortes Monthelie in der Hangmitte auf den typischen Kalk-Lehmb\u00f6den. Der Wein wurde unter Verwendung von 100 % Ganztrauben produziert und reifte ein Jahr im Fass, bevor er vor der F\u00fcllung ins Edelstahl gelegt wurde. <\/p>\n<h5>Farbe<\/h5>\n<p> Transparentes Rubinrot mit purpurnen Reflexen. <\/p>\n<h5>Nase<\/h5>\n<p> Sehnig und straff wirkt der 2022 Les Vignes-Rondes Monthelie 1er Cru von R\u00e9mi Jobard. Die reife rote Frucht zeigt sich extraktreich und dennoch k\u00fchl mit festem Bindegewebe und athletischem Naturell. Die rote Frucht ist immer auf der s\u00e4uerlichen Seite: Sauerkirsch statt Amarena, rote Johannisbeere statt Cassis, Himbeere statt Brombeere. Dazu kommen herbe Noten wie Brombeerblatt und Johannisbeerlaub nebst milden Gew\u00fcrzen und floralen Eskapaden, die an Stockrosen, Veilchen und etwas Lavendel denken lassen. <\/p>\n<h5>Mund<\/h5>\n<p> Am Gaumen setzen sich die Eindr\u00fccke der Nase fort. Silky und slinky flie\u00dft der Nektar widerstandslos in den gierigen Schlund. Befeuert von der frischen, doch reifen S\u00e4ure und gerahmt von einem erfrischend herben Gerbstoffkorsett, dass es nur so schmatzt, bekommt das Teil ein Tempo, dass einem fast schwindelig wird. Ma\u00dfgeschneidert, formvollendet mit besten Manieren und gest\u00e4rktem Einstecktuch macht dieser Pinot stets Bella Figura und hat die perfekte Balance zwischen hoher Vibration und profundem Bass.<\/p>\n<p>Copyright Vinaturel 2025<\/p>\n<p>Keywords: <a href=\"https:\/\/wein-werte.com\/de\/shop\/?swoof=1&#038;pa_producer=R\u00e9mi-Jobard\">R\u00e9mi Jobard<\/a> <a href=\"https:\/\/wein-werte.com\/de\/shop\/?swoof=1&#038;woof_text=Monthelie 1er Cru Les Vignes-Rondes AOC\">Monthelie 1er Cru Les Vignes-Rondes AOC<\/a> 2022 bio <a href=\"https:\/\/wein-werte.com\/de\/shop\/?swoof=1&#038;pa_region=Burgund\">Burgund<\/a> <a href=\"https:\/\/wein-werte.com\/de\/shop\/?swoof=1&#038;pa_country=Frankreich\">Frankreich<\/a><\/p>\n","protected":false},"excerpt":{"rendered":"<div style=\"font-size: 14px;\">\n<p>Lieferzeit: 1 bis 2 Arbeitstage (DE), 2 bis 5 Arbeitstage (EU und CH)<\/p>\n<p>Ungef\u00e4hrer Energiegehalt pro 125-ml-Glas: 105 kcal<\/p>\n<\/p><\/div>\n","protected":false},"featured_media":1139228,"template":"","meta":[],"product_brand":[],"product_cat":[19],"product_tag":[],"class_list":{"0":"post-1127283","1":"product","2":"type-product","3":"status-publish","4":"has-post-thumbnail","6":"product_cat-unkategorisiert","7":"pa_alcohol-for-filter-12897","8":"pa_certified-biodynamic-nein-de","9":"pa_certified-organic-ja-de","10":"pa_colour-rot","11":"pa_country-frankreich","12":"pa_grape-pinot-noir-spatburgunder","13":"pa_price-for-filter-10662","14":"pa_producer-remi-jobard","15":"pa_region-burgund","16":"pa_size-ml-6657","17":"pa_sweetness-trocken-de","18":"pa_type-2-still-de","19":"pa_vintage-2022-de","20":"entry","21":"has-media","23":"first","24":"instock","25":"taxable","26":"shipping-taxable","27":"purchasable","28":"product-type-simple"},"yoast_head":"<!-- This site is optimized with the Yoast SEO plugin v27.6 - https:\/\/yoast.com\/product\/yoast-seo-wordpress\/ -->\n<title>R\u00e9mi Jobard Monthelie 1er Cru Les Vignes-Rondes 2022, 1500ml<\/title>\n<meta name=\"description\" content=\"Kaufe R\u00e9mi Jobard Monthelie 1er Cru Les Vignes-Rondes 2022 (Pinot Noir, trocken aus Burgund, Frankreich) bei Wein Werte, Ihrem nachhaltigen Onlineshop.\" \/>\n<meta name=\"robots\" content=\"index, follow, max-snippet:-1, max-image-preview:large, max-video-preview:-1\" \/>\n<link rel=\"canonical\" href=\"https:\/\/wein-werte.com\/de\/produkt\/remi-jobard-monthelie-1er-cru-les-vignes-rondes-2022-1500ml\/\" \/>\n<meta property=\"og:locale\" content=\"de_DE\" \/>\n<meta property=\"og:type\" content=\"article\" \/>\n<meta property=\"og:title\" content=\"R\u00e9mi Jobard Monthelie 1er Cru Les Vignes-Rondes 2022, 1500ml\" \/>\n<meta property=\"og:description\" content=\"Kaufe R\u00e9mi Jobard Monthelie 1er Cru Les Vignes-Rondes 2022 (Pinot Noir, trocken aus Burgund, Frankreich) bei Wein Werte, Ihrem nachhaltigen Onlineshop.\" \/>\n<meta property=\"og:url\" content=\"https:\/\/wein-werte.com\/de\/produkt\/remi-jobard-monthelie-1er-cru-les-vignes-rondes-2022-1500ml\/\" \/>\n<meta property=\"og:site_name\" content=\"Wein Werte\" \/>\n<meta property=\"article:modified_time\" content=\"2026-05-12T17:53:30+00:00\" \/>\n<meta property=\"og:image\" content=\"https:\/\/wein-werte.com\/wp-content\/uploads\/2026\/04\/Remi-Jobard-Monthelie-1er-Cru-Les-Vignes-Rondes-2022-1500ml.png\" \/>\n\t<meta property=\"og:image:width\" content=\"351\" \/>\n\t<meta property=\"og:image:height\" content=\"1200\" \/>\n\t<meta property=\"og:image:type\" content=\"image\/png\" \/>\n<meta name=\"twitter:card\" content=\"summary_large_image\" \/>\n<meta name=\"twitter:label1\" content=\"Gesch\u00e4tzte Lesezeit\" \/>\n\t<meta name=\"twitter:data1\" content=\"2\u00a0Minuten\" \/>\n<script type=\"application\/ld+json\" class=\"yoast-schema-graph\">{\"@context\":\"https:\\\/\\\/schema.org\",\"@graph\":[{\"@type\":\"WebPage\",\"@id\":\"https:\\\/\\\/wein-werte.com\\\/de\\\/produkt\\\/remi-jobard-monthelie-1er-cru-les-vignes-rondes-2022-1500ml\\\/\",\"url\":\"https:\\\/\\\/wein-werte.com\\\/de\\\/produkt\\\/remi-jobard-monthelie-1er-cru-les-vignes-rondes-2022-1500ml\\\/\",\"name\":\"R\u00e9mi Jobard Monthelie 1er Cru Les Vignes-Rondes 2022, 1500ml\",\"isPartOf\":{\"@id\":\"https:\\\/\\\/wein-werte.com\\\/de\\\/#website\"},\"primaryImageOfPage\":{\"@id\":\"https:\\\/\\\/wein-werte.com\\\/de\\\/produkt\\\/remi-jobard-monthelie-1er-cru-les-vignes-rondes-2022-1500ml\\\/#primaryimage\"},\"image\":{\"@id\":\"https:\\\/\\\/wein-werte.com\\\/de\\\/produkt\\\/remi-jobard-monthelie-1er-cru-les-vignes-rondes-2022-1500ml\\\/#primaryimage\"},\"thumbnailUrl\":\"https:\\\/\\\/wein-werte.com\\\/wp-content\\\/uploads\\\/2026\\\/04\\\/Remi-Jobard-Monthelie-1er-Cru-Les-Vignes-Rondes-2022-1500ml.png\",\"datePublished\":\"2026-05-12T13:38:47+00:00\",\"dateModified\":\"2026-05-12T17:53:30+00:00\",\"description\":\"Kaufe R\u00e9mi Jobard Monthelie 1er Cru Les Vignes-Rondes 2022 (Pinot Noir, trocken aus Burgund, Frankreich) bei Wein Werte, Ihrem nachhaltigen Onlineshop.\",\"breadcrumb\":{\"@id\":\"https:\\\/\\\/wein-werte.com\\\/de\\\/produkt\\\/remi-jobard-monthelie-1er-cru-les-vignes-rondes-2022-1500ml\\\/#breadcrumb\"},\"inLanguage\":\"de\",\"potentialAction\":[{\"@type\":\"ReadAction\",\"target\":[\"https:\\\/\\\/wein-werte.com\\\/de\\\/produkt\\\/remi-jobard-monthelie-1er-cru-les-vignes-rondes-2022-1500ml\\\/\"]}]},{\"@type\":\"ImageObject\",\"inLanguage\":\"de\",\"@id\":\"https:\\\/\\\/wein-werte.com\\\/de\\\/produkt\\\/remi-jobard-monthelie-1er-cru-les-vignes-rondes-2022-1500ml\\\/#primaryimage\",\"url\":\"https:\\\/\\\/wein-werte.com\\\/wp-content\\\/uploads\\\/2026\\\/04\\\/Remi-Jobard-Monthelie-1er-Cru-Les-Vignes-Rondes-2022-1500ml.png\",\"contentUrl\":\"https:\\\/\\\/wein-werte.com\\\/wp-content\\\/uploads\\\/2026\\\/04\\\/Remi-Jobard-Monthelie-1er-Cru-Les-Vignes-Rondes-2022-1500ml.png\",\"width\":351,\"height\":1200,\"caption\":\"R\u00e9mi Jobard Monthelie 1er Cru Les Vignes-Rondes AOC 2022 1500ml\"},{\"@type\":\"BreadcrumbList\",\"@id\":\"https:\\\/\\\/wein-werte.com\\\/de\\\/produkt\\\/remi-jobard-monthelie-1er-cru-les-vignes-rondes-2022-1500ml\\\/#breadcrumb\",\"itemListElement\":[{\"@type\":\"ListItem\",\"position\":1,\"name\":\"Home\",\"item\":\"https:\\\/\\\/wein-werte.com\\\/de\\\/\"},{\"@type\":\"ListItem\",\"position\":2,\"name\":\"Shop\",\"item\":\"https:\\\/\\\/wein-werte.com\\\/de\\\/shop\\\/\"},{\"@type\":\"ListItem\",\"position\":3,\"name\":\"R\u00e9mi Jobard | Burgund | Monthelie 1er Cru Les Vignes-Rondes AOC | 2022 | 1500ml | bio\"}]},{\"@type\":\"WebSite\",\"@id\":\"https:\\\/\\\/wein-werte.com\\\/de\\\/#website\",\"url\":\"https:\\\/\\\/wein-werte.com\\\/de\\\/\",\"name\":\"Wein Werte\",\"description\":\"\",\"publisher\":{\"@id\":\"https:\\\/\\\/wein-werte.com\\\/de\\\/#organization\"},\"potentialAction\":[{\"@type\":\"SearchAction\",\"target\":{\"@type\":\"EntryPoint\",\"urlTemplate\":\"https:\\\/\\\/wein-werte.com\\\/de\\\/?s={search_term_string}\"},\"query-input\":{\"@type\":\"PropertyValueSpecification\",\"valueRequired\":true,\"valueName\":\"search_term_string\"}}],\"inLanguage\":\"de\"},{\"@type\":\"Organization\",\"@id\":\"https:\\\/\\\/wein-werte.com\\\/de\\\/#organization\",\"name\":\"Vins Fins Thorrold\",\"url\":\"https:\\\/\\\/wein-werte.com\\\/de\\\/\",\"logo\":{\"@type\":\"ImageObject\",\"inLanguage\":\"de\",\"@id\":\"https:\\\/\\\/wein-werte.com\\\/de\\\/#\\\/schema\\\/logo\\\/image\\\/\",\"url\":\"https:\\\/\\\/wein-werte.com\\\/wp-content\\\/uploads\\\/2023\\\/07\\\/Wein_werte_Logo700-1.png\",\"contentUrl\":\"https:\\\/\\\/wein-werte.com\\\/wp-content\\\/uploads\\\/2023\\\/07\\\/Wein_werte_Logo700-1.png\",\"width\":700,\"height\":272,\"caption\":\"Vins Fins Thorrold\"},\"image\":{\"@id\":\"https:\\\/\\\/wein-werte.com\\\/de\\\/#\\\/schema\\\/logo\\\/image\\\/\"}}]}<\/script>\n<!-- \/ Yoast SEO plugin. -->","yoast_head_json":{"title":"R\u00e9mi Jobard Monthelie 1er Cru Les Vignes-Rondes 2022, 1500ml","description":"Kaufe R\u00e9mi Jobard Monthelie 1er Cru Les Vignes-Rondes 2022 (Pinot Noir, trocken aus Burgund, Frankreich) bei Wein Werte, Ihrem nachhaltigen Onlineshop.","robots":{"index":"index","follow":"follow","max-snippet":"max-snippet:-1","max-image-preview":"max-image-preview:large","max-video-preview":"max-video-preview:-1"},"canonical":"https:\/\/wein-werte.com\/de\/produkt\/remi-jobard-monthelie-1er-cru-les-vignes-rondes-2022-1500ml\/","og_locale":"de_DE","og_type":"article","og_title":"R\u00e9mi Jobard Monthelie 1er Cru Les Vignes-Rondes 2022, 1500ml","og_description":"Kaufe R\u00e9mi Jobard Monthelie 1er Cru Les Vignes-Rondes 2022 (Pinot Noir, trocken aus Burgund, Frankreich) bei Wein Werte, Ihrem nachhaltigen Onlineshop.","og_url":"https:\/\/wein-werte.com\/de\/produkt\/remi-jobard-monthelie-1er-cru-les-vignes-rondes-2022-1500ml\/","og_site_name":"Wein Werte","article_modified_time":"2026-05-12T17:53:30+00:00","og_image":[{"width":351,"height":1200,"url":"https:\/\/wein-werte.com\/wp-content\/uploads\/2026\/04\/Remi-Jobard-Monthelie-1er-Cru-Les-Vignes-Rondes-2022-1500ml.png","type":"image\/png"}],"twitter_card":"summary_large_image","twitter_misc":{"Gesch\u00e4tzte Lesezeit":"2\u00a0Minuten"},"schema":{"@context":"https:\/\/schema.org","@graph":[{"@type":"WebPage","@id":"https:\/\/wein-werte.com\/de\/produkt\/remi-jobard-monthelie-1er-cru-les-vignes-rondes-2022-1500ml\/","url":"https:\/\/wein-werte.com\/de\/produkt\/remi-jobard-monthelie-1er-cru-les-vignes-rondes-2022-1500ml\/","name":"R\u00e9mi Jobard Monthelie 1er Cru Les Vignes-Rondes 2022, 1500ml","isPartOf":{"@id":"https:\/\/wein-werte.com\/de\/#website"},"primaryImageOfPage":{"@id":"https:\/\/wein-werte.com\/de\/produkt\/remi-jobard-monthelie-1er-cru-les-vignes-rondes-2022-1500ml\/#primaryimage"},"image":{"@id":"https:\/\/wein-werte.com\/de\/produkt\/remi-jobard-monthelie-1er-cru-les-vignes-rondes-2022-1500ml\/#primaryimage"},"thumbnailUrl":"https:\/\/wein-werte.com\/wp-content\/uploads\/2026\/04\/Remi-Jobard-Monthelie-1er-Cru-Les-Vignes-Rondes-2022-1500ml.png","datePublished":"2026-05-12T13:38:47+00:00","dateModified":"2026-05-12T17:53:30+00:00","description":"Kaufe R\u00e9mi Jobard Monthelie 1er Cru Les Vignes-Rondes 2022 (Pinot Noir, trocken aus Burgund, Frankreich) bei Wein Werte, Ihrem nachhaltigen Onlineshop.","breadcrumb":{"@id":"https:\/\/wein-werte.com\/de\/produkt\/remi-jobard-monthelie-1er-cru-les-vignes-rondes-2022-1500ml\/#breadcrumb"},"inLanguage":"de","potentialAction":[{"@type":"ReadAction","target":["https:\/\/wein-werte.com\/de\/produkt\/remi-jobard-monthelie-1er-cru-les-vignes-rondes-2022-1500ml\/"]}]},{"@type":"ImageObject","inLanguage":"de","@id":"https:\/\/wein-werte.com\/de\/produkt\/remi-jobard-monthelie-1er-cru-les-vignes-rondes-2022-1500ml\/#primaryimage","url":"https:\/\/wein-werte.com\/wp-content\/uploads\/2026\/04\/Remi-Jobard-Monthelie-1er-Cru-Les-Vignes-Rondes-2022-1500ml.png","contentUrl":"https:\/\/wein-werte.com\/wp-content\/uploads\/2026\/04\/Remi-Jobard-Monthelie-1er-Cru-Les-Vignes-Rondes-2022-1500ml.png","width":351,"height":1200,"caption":"R\u00e9mi Jobard Monthelie 1er Cru Les Vignes-Rondes AOC 2022 1500ml"},{"@type":"BreadcrumbList","@id":"https:\/\/wein-werte.com\/de\/produkt\/remi-jobard-monthelie-1er-cru-les-vignes-rondes-2022-1500ml\/#breadcrumb","itemListElement":[{"@type":"ListItem","position":1,"name":"Home","item":"https:\/\/wein-werte.com\/de\/"},{"@type":"ListItem","position":2,"name":"Shop","item":"https:\/\/wein-werte.com\/de\/shop\/"},{"@type":"ListItem","position":3,"name":"R\u00e9mi Jobard | Burgund | Monthelie 1er Cru Les Vignes-Rondes AOC | 2022 | 1500ml | bio"}]},{"@type":"WebSite","@id":"https:\/\/wein-werte.com\/de\/#website","url":"https:\/\/wein-werte.com\/de\/","name":"Wein Werte","description":"","publisher":{"@id":"https:\/\/wein-werte.com\/de\/#organization"},"potentialAction":[{"@type":"SearchAction","target":{"@type":"EntryPoint","urlTemplate":"https:\/\/wein-werte.com\/de\/?s={search_term_string}"},"query-input":{"@type":"PropertyValueSpecification","valueRequired":true,"valueName":"search_term_string"}}],"inLanguage":"de"},{"@type":"Organization","@id":"https:\/\/wein-werte.com\/de\/#organization","name":"Vins Fins Thorrold","url":"https:\/\/wein-werte.com\/de\/","logo":{"@type":"ImageObject","inLanguage":"de","@id":"https:\/\/wein-werte.com\/de\/#\/schema\/logo\/image\/","url":"https:\/\/wein-werte.com\/wp-content\/uploads\/2023\/07\/Wein_werte_Logo700-1.png","contentUrl":"https:\/\/wein-werte.com\/wp-content\/uploads\/2023\/07\/Wein_werte_Logo700-1.png","width":700,"height":272,"caption":"Vins Fins Thorrold"},"image":{"@id":"https:\/\/wein-werte.com\/de\/#\/schema\/logo\/image\/"}}]}},"_links":{"self":[{"href":"https:\/\/wein-werte.com\/de\/wp-json\/wp\/v2\/product\/1127283","targetHints":{"allow":["GET"]}}],"collection":[{"href":"https:\/\/wein-werte.com\/de\/wp-json\/wp\/v2\/product"}],"about":[{"href":"https:\/\/wein-werte.com\/de\/wp-json\/wp\/v2\/types\/product"}],"wp:featuredmedia":[{"embeddable":true,"href":"https:\/\/wein-werte.com\/de\/wp-json\/wp\/v2\/media\/1139228"}],"wp:attachment":[{"href":"https:\/\/wein-werte.com\/de\/wp-json\/wp\/v2\/media?parent=1127283"}],"wp:term":[{"taxonomy":"product_brand","embeddable":true,"href":"https:\/\/wein-werte.com\/de\/wp-json\/wp\/v2\/product_brand?post=1127283"},{"taxonomy":"product_cat","embeddable":true,"href":"https:\/\/wein-werte.com\/de\/wp-json\/wp\/v2\/product_cat?post=1127283"},{"taxonomy":"product_tag","embeddable":true,"href":"https:\/\/wein-werte.com\/de\/wp-json\/wp\/v2\/product_tag?post=1127283"}],"curies":[{"name":"wp","href":"https:\/\/api.w.org\/{rel}","templated":true}]}}