{"id":1127262,"date":"2026-05-08T19:56:30","date_gmt":"2026-05-08T17:56:30","guid":{"rendered":"https:\/\/wein-werte.com\/product\/remi-jobard-bourgogne-aligote-en-buzigny-vieilles-vignes-2022-750ml\/"},"modified":"2026-04-27T11:40:32","modified_gmt":"2026-04-27T09:40:32","slug":"remi-jobard-bourgogne-aligote-en-buzigny-vieilles-vignes-2022-750ml","status":"publish","type":"product","link":"https:\/\/wein-werte.com\/de\/produkt\/remi-jobard-bourgogne-aligote-en-buzigny-vieilles-vignes-2022-750ml\/","title":{"rendered":"R\u00e9mi Jobard | Burgund | Bourgogne Aligot\u00e9 &#8220;En Buzigny&#8221; Vieilles Vignes AOC | 2022 | 750ml | bio"},"content":{"rendered":"<p>Produktbeschreibung f\u00fcr R\u00e9mi Jobard Bourgogne Aligot\u00e9 &#8220;En Buzigny&#8221; Vieilles Vignes AOC 2022 (bio)<\/p>\n<p> R\u00e9mi Jobard ist ein anerkannter New-Schooler in Meursault. Seit rund 30 Jahren wird ausschlie\u00dflich organisch ged\u00fcngt, und 2008 folgte die Zertifizierung f\u00fcr biologische Bewirtschaftung. Leitmotiv bei Jobard sind die kalkhaltigen B\u00f6den Meursaults, die er durch behutsamen Ausbau zum Singen bringen m\u00f6chte. Statt kleiner 228-Liter-Barrique-F\u00e4sser verwendet Jobard Stockinger-Fuder mit 600 Litern Fassungsverm\u00f6gen. Das Holz wird nicht um des Holzes Willen eingesetzt, sondern wegen des langsamen Sauerstoffaustausches. Dieser Ausbau resultiert in kristallin geschliffenen Weinen mit tiefgr\u00fcndiger Mineralik und feinem Schmelz. Aligot\u00e9 wird erst seit kurzem von Jobard selbst vinifiziert. Zwar kaufte sein Vater bereits die Aligot\u00e9-Anlagen, verkaufte aber stets die Trauben an einen N\u00e9gociant. Der Aligot\u00e9 aus der Parzelle En Buzigny stammt von den \u00e4ltesten betriebseigenen Parzellen mit einem Alter von 50 bis 70 Jahren. <\/p>\n<h5>Farbe<\/h5>\n<p> Helles Strohgelb mit gr\u00fcnen Reflexen. <\/p>\n<h5>Nase<\/h5>\n<p> Ein Kaleidoskop aus Fr\u00fcchten, Bl\u00fcten und Aromen oszilliert schillernd wie ein Cham\u00e4leon vor verschiedenen Hintergr\u00fcnden in stetem Wandel. Apfelbl\u00fcten und wei\u00dfer Flieder flexen fr\u00f6hlich aus dem Kelch, vorlaute Fr\u00fcchtchen wie gr\u00fcne Aprikosen und Litschis spielen an, und Pfirsich in der phenolischen Flanke mit Referenz zur Schale und feinherbem Naturell. Vielschichtig und komplex mit deutlichen Noten nach nasser Tafelkreide und nassem Gestein. <\/p>\n<h5>Mund<\/h5>\n<p> Der 2022 En Buzigny Bourgogne Aligot\u00e9 Vieilles Vignes von R\u00e9mi Jobard h\u00e4lt am Gaumen, was die Nase verspricht. Kernig, fest und druckvoll schiebt er mit satter Konzentration und herbem Auftritt, bis ihn sein feiner, lang geschwungener S\u00e4urebogen am Gaumen funkeln l\u00e4sst. Kristallin und glockenklar wird er beschleunigt von zart salziger Mineralik und pudrig feinem Grip. Eindeutig einer der Sechszylinder unter den Aligot\u00e9s.<\/p>\n<p>Copyright Vinaturel 2025<\/p>\n<p>Keywords: <a href=\"https:\/\/wein-werte.com\/de\/shop\/?swoof=1&#038;pa_producer=R\u00e9mi-Jobard\">R\u00e9mi Jobard<\/a> <a href=\"https:\/\/wein-werte.com\/de\/shop\/?swoof=1&#038;woof_text=Bourgogne Aligot\u00e9 \"En Buzigny\" Vieilles Vignes AOC\">Bourgogne Aligot\u00e9 &#8220;En Buzigny&#8221; Vieilles Vignes AOC<\/a> 2022 bio <a href=\"https:\/\/wein-werte.com\/de\/shop\/?swoof=1&#038;pa_region=Burgund\">Burgund<\/a> <a href=\"https:\/\/wein-werte.com\/de\/shop\/?swoof=1&#038;pa_country=Frankreich\">Frankreich<\/a><\/p>\n","protected":false},"excerpt":{"rendered":"<p>Lieferzeit: 1 bis 2 Arbeitstage (DE), 2 bis 5 Arbeitstage (EU and CH)<\/p>\n","protected":false},"featured_media":1139214,"template":"","meta":[],"product_brand":[],"product_cat":[19],"product_tag":[],"class_list":{"0":"post-1127262","1":"product","2":"type-product","3":"status-publish","4":"has-post-thumbnail","6":"product_cat-unkategorisiert","7":"pa_alcohol-for-filter-12897","8":"pa_certified-biodynamic-nein-de","9":"pa_certified-organic-ja-de","10":"pa_colour-weiss","11":"pa_country-frankreich","12":"pa_grape-aligote","13":"pa_price-for-filter-10626","14":"pa_producer-remi-jobard","15":"pa_region-burgund","16":"pa_size-ml-6584","17":"pa_sweetness-trocken-de","18":"pa_type-2-still-de","19":"pa_vintage-2022-de","20":"entry","21":"has-media","23":"first","24":"instock","25":"taxable","26":"shipping-taxable","27":"purchasable","28":"product-type-simple"},"yoast_head":"<!-- This site is optimized with the Yoast SEO plugin v27.5 - https:\/\/yoast.com\/product\/yoast-seo-wordpress\/ -->\n<title>R\u00e9mi Jobard Bourgogne Aligot\u00e9 &quot;En Buzigny&quot; Vieilles Vignes 2022<\/title>\n<meta name=\"description\" content=\"Kaufe R\u00e9mi Jobard Bourgogne Aligot\u00e9 &quot;En Buzigny&quot; Vieilles Vignes 2022 (Aligot\u00e9, trocken aus Burgund, Frankreich) bei Wein Werte, Ihrem nachhaltigen Onlineshop.\" \/>\n<meta name=\"robots\" content=\"index, follow, max-snippet:-1, max-image-preview:large, max-video-preview:-1\" \/>\n<link rel=\"canonical\" href=\"https:\/\/wein-werte.com\/de\/produkt\/remi-jobard-bourgogne-aligote-en-buzigny-vieilles-vignes-2022-750ml\/\" \/>\n<meta property=\"og:locale\" content=\"de_DE\" \/>\n<meta property=\"og:type\" content=\"article\" \/>\n<meta property=\"og:title\" content=\"R\u00e9mi Jobard Bourgogne Aligot\u00e9 &quot;En Buzigny&quot; Vieilles Vignes 2022\" \/>\n<meta property=\"og:description\" content=\"Kaufe R\u00e9mi Jobard Bourgogne Aligot\u00e9 &quot;En Buzigny&quot; Vieilles Vignes 2022 (Aligot\u00e9, trocken aus Burgund, Frankreich) bei Wein Werte, Ihrem nachhaltigen Onlineshop.\" \/>\n<meta property=\"og:url\" content=\"https:\/\/wein-werte.com\/de\/produkt\/remi-jobard-bourgogne-aligote-en-buzigny-vieilles-vignes-2022-750ml\/\" \/>\n<meta property=\"og:site_name\" content=\"Wein Werte\" \/>\n<meta property=\"og:image\" content=\"https:\/\/wein-werte.com\/wp-content\/uploads\/2026\/04\/Remi-Jobard-Bourgogne-Aligote-En-Buzigny-Vieilles-Vignes-2022-750ml.png\" \/>\n\t<meta property=\"og:image:width\" content=\"347\" \/>\n\t<meta property=\"og:image:height\" content=\"1200\" \/>\n\t<meta property=\"og:image:type\" content=\"image\/png\" \/>\n<meta name=\"twitter:card\" content=\"summary_large_image\" \/>\n<meta name=\"twitter:label1\" content=\"Gesch\u00e4tzte Lesezeit\" \/>\n\t<meta name=\"twitter:data1\" content=\"2\u00a0Minuten\" \/>\n<script type=\"application\/ld+json\" class=\"yoast-schema-graph\">{\"@context\":\"https:\\\/\\\/schema.org\",\"@graph\":[{\"@type\":\"WebPage\",\"@id\":\"https:\\\/\\\/wein-werte.com\\\/de\\\/produkt\\\/remi-jobard-bourgogne-aligote-en-buzigny-vieilles-vignes-2022-750ml\\\/\",\"url\":\"https:\\\/\\\/wein-werte.com\\\/de\\\/produkt\\\/remi-jobard-bourgogne-aligote-en-buzigny-vieilles-vignes-2022-750ml\\\/\",\"name\":\"R\u00e9mi Jobard Bourgogne Aligot\u00e9 \\\"En Buzigny\\\" Vieilles Vignes 2022\",\"isPartOf\":{\"@id\":\"https:\\\/\\\/wein-werte.com\\\/de\\\/#website\"},\"primaryImageOfPage\":{\"@id\":\"https:\\\/\\\/wein-werte.com\\\/de\\\/produkt\\\/remi-jobard-bourgogne-aligote-en-buzigny-vieilles-vignes-2022-750ml\\\/#primaryimage\"},\"image\":{\"@id\":\"https:\\\/\\\/wein-werte.com\\\/de\\\/produkt\\\/remi-jobard-bourgogne-aligote-en-buzigny-vieilles-vignes-2022-750ml\\\/#primaryimage\"},\"thumbnailUrl\":\"https:\\\/\\\/wein-werte.com\\\/wp-content\\\/uploads\\\/2026\\\/04\\\/Remi-Jobard-Bourgogne-Aligote-En-Buzigny-Vieilles-Vignes-2022-750ml.png\",\"datePublished\":\"2026-05-08T17:56:30+00:00\",\"description\":\"Kaufe R\u00e9mi Jobard Bourgogne Aligot\u00e9 \\\"En Buzigny\\\" Vieilles Vignes 2022 (Aligot\u00e9, trocken aus Burgund, Frankreich) bei Wein Werte, Ihrem nachhaltigen Onlineshop.\",\"breadcrumb\":{\"@id\":\"https:\\\/\\\/wein-werte.com\\\/de\\\/produkt\\\/remi-jobard-bourgogne-aligote-en-buzigny-vieilles-vignes-2022-750ml\\\/#breadcrumb\"},\"inLanguage\":\"de\",\"potentialAction\":[{\"@type\":\"ReadAction\",\"target\":[\"https:\\\/\\\/wein-werte.com\\\/de\\\/produkt\\\/remi-jobard-bourgogne-aligote-en-buzigny-vieilles-vignes-2022-750ml\\\/\"]}]},{\"@type\":\"ImageObject\",\"inLanguage\":\"de\",\"@id\":\"https:\\\/\\\/wein-werte.com\\\/de\\\/produkt\\\/remi-jobard-bourgogne-aligote-en-buzigny-vieilles-vignes-2022-750ml\\\/#primaryimage\",\"url\":\"https:\\\/\\\/wein-werte.com\\\/wp-content\\\/uploads\\\/2026\\\/04\\\/Remi-Jobard-Bourgogne-Aligote-En-Buzigny-Vieilles-Vignes-2022-750ml.png\",\"contentUrl\":\"https:\\\/\\\/wein-werte.com\\\/wp-content\\\/uploads\\\/2026\\\/04\\\/Remi-Jobard-Bourgogne-Aligote-En-Buzigny-Vieilles-Vignes-2022-750ml.png\",\"width\":347,\"height\":1200,\"caption\":\"R\u00e9mi Jobard Bourgogne Aligot\u00e9 \\\"En Buzigny\\\" Vieilles Vignes AOC 2022 750ml\"},{\"@type\":\"BreadcrumbList\",\"@id\":\"https:\\\/\\\/wein-werte.com\\\/de\\\/produkt\\\/remi-jobard-bourgogne-aligote-en-buzigny-vieilles-vignes-2022-750ml\\\/#breadcrumb\",\"itemListElement\":[{\"@type\":\"ListItem\",\"position\":1,\"name\":\"Home\",\"item\":\"https:\\\/\\\/wein-werte.com\\\/de\\\/\"},{\"@type\":\"ListItem\",\"position\":2,\"name\":\"Shop\",\"item\":\"https:\\\/\\\/wein-werte.com\\\/de\\\/shop\\\/\"},{\"@type\":\"ListItem\",\"position\":3,\"name\":\"R\u00e9mi Jobard | Burgund | Bourgogne Aligot\u00e9 &#8220;En Buzigny&#8221; Vieilles Vignes AOC | 2022 | 750ml | bio\"}]},{\"@type\":\"WebSite\",\"@id\":\"https:\\\/\\\/wein-werte.com\\\/de\\\/#website\",\"url\":\"https:\\\/\\\/wein-werte.com\\\/de\\\/\",\"name\":\"Wein Werte\",\"description\":\"\",\"publisher\":{\"@id\":\"https:\\\/\\\/wein-werte.com\\\/de\\\/#organization\"},\"potentialAction\":[{\"@type\":\"SearchAction\",\"target\":{\"@type\":\"EntryPoint\",\"urlTemplate\":\"https:\\\/\\\/wein-werte.com\\\/de\\\/?s={search_term_string}\"},\"query-input\":{\"@type\":\"PropertyValueSpecification\",\"valueRequired\":true,\"valueName\":\"search_term_string\"}}],\"inLanguage\":\"de\"},{\"@type\":\"Organization\",\"@id\":\"https:\\\/\\\/wein-werte.com\\\/de\\\/#organization\",\"name\":\"Vins Fins Thorrold\",\"url\":\"https:\\\/\\\/wein-werte.com\\\/de\\\/\",\"logo\":{\"@type\":\"ImageObject\",\"inLanguage\":\"de\",\"@id\":\"https:\\\/\\\/wein-werte.com\\\/de\\\/#\\\/schema\\\/logo\\\/image\\\/\",\"url\":\"https:\\\/\\\/wein-werte.com\\\/wp-content\\\/uploads\\\/2023\\\/07\\\/Wein_werte_Logo700-1.png\",\"contentUrl\":\"https:\\\/\\\/wein-werte.com\\\/wp-content\\\/uploads\\\/2023\\\/07\\\/Wein_werte_Logo700-1.png\",\"width\":700,\"height\":272,\"caption\":\"Vins Fins Thorrold\"},\"image\":{\"@id\":\"https:\\\/\\\/wein-werte.com\\\/de\\\/#\\\/schema\\\/logo\\\/image\\\/\"}}]}<\/script>\n<!-- \/ Yoast SEO plugin. -->","yoast_head_json":{"title":"R\u00e9mi Jobard Bourgogne Aligot\u00e9 \"En Buzigny\" Vieilles Vignes 2022","description":"Kaufe R\u00e9mi Jobard Bourgogne Aligot\u00e9 \"En Buzigny\" Vieilles Vignes 2022 (Aligot\u00e9, trocken aus Burgund, Frankreich) bei Wein Werte, Ihrem nachhaltigen Onlineshop.","robots":{"index":"index","follow":"follow","max-snippet":"max-snippet:-1","max-image-preview":"max-image-preview:large","max-video-preview":"max-video-preview:-1"},"canonical":"https:\/\/wein-werte.com\/de\/produkt\/remi-jobard-bourgogne-aligote-en-buzigny-vieilles-vignes-2022-750ml\/","og_locale":"de_DE","og_type":"article","og_title":"R\u00e9mi Jobard Bourgogne Aligot\u00e9 \"En Buzigny\" Vieilles Vignes 2022","og_description":"Kaufe R\u00e9mi Jobard Bourgogne Aligot\u00e9 \"En Buzigny\" Vieilles Vignes 2022 (Aligot\u00e9, trocken aus Burgund, Frankreich) bei Wein Werte, Ihrem nachhaltigen Onlineshop.","og_url":"https:\/\/wein-werte.com\/de\/produkt\/remi-jobard-bourgogne-aligote-en-buzigny-vieilles-vignes-2022-750ml\/","og_site_name":"Wein Werte","og_image":[{"width":347,"height":1200,"url":"https:\/\/wein-werte.com\/wp-content\/uploads\/2026\/04\/Remi-Jobard-Bourgogne-Aligote-En-Buzigny-Vieilles-Vignes-2022-750ml.png","type":"image\/png"}],"twitter_card":"summary_large_image","twitter_misc":{"Gesch\u00e4tzte Lesezeit":"2\u00a0Minuten"},"schema":{"@context":"https:\/\/schema.org","@graph":[{"@type":"WebPage","@id":"https:\/\/wein-werte.com\/de\/produkt\/remi-jobard-bourgogne-aligote-en-buzigny-vieilles-vignes-2022-750ml\/","url":"https:\/\/wein-werte.com\/de\/produkt\/remi-jobard-bourgogne-aligote-en-buzigny-vieilles-vignes-2022-750ml\/","name":"R\u00e9mi Jobard Bourgogne Aligot\u00e9 \"En Buzigny\" Vieilles Vignes 2022","isPartOf":{"@id":"https:\/\/wein-werte.com\/de\/#website"},"primaryImageOfPage":{"@id":"https:\/\/wein-werte.com\/de\/produkt\/remi-jobard-bourgogne-aligote-en-buzigny-vieilles-vignes-2022-750ml\/#primaryimage"},"image":{"@id":"https:\/\/wein-werte.com\/de\/produkt\/remi-jobard-bourgogne-aligote-en-buzigny-vieilles-vignes-2022-750ml\/#primaryimage"},"thumbnailUrl":"https:\/\/wein-werte.com\/wp-content\/uploads\/2026\/04\/Remi-Jobard-Bourgogne-Aligote-En-Buzigny-Vieilles-Vignes-2022-750ml.png","datePublished":"2026-05-08T17:56:30+00:00","description":"Kaufe R\u00e9mi Jobard Bourgogne Aligot\u00e9 \"En Buzigny\" Vieilles Vignes 2022 (Aligot\u00e9, trocken aus Burgund, Frankreich) bei Wein Werte, Ihrem nachhaltigen Onlineshop.","breadcrumb":{"@id":"https:\/\/wein-werte.com\/de\/produkt\/remi-jobard-bourgogne-aligote-en-buzigny-vieilles-vignes-2022-750ml\/#breadcrumb"},"inLanguage":"de","potentialAction":[{"@type":"ReadAction","target":["https:\/\/wein-werte.com\/de\/produkt\/remi-jobard-bourgogne-aligote-en-buzigny-vieilles-vignes-2022-750ml\/"]}]},{"@type":"ImageObject","inLanguage":"de","@id":"https:\/\/wein-werte.com\/de\/produkt\/remi-jobard-bourgogne-aligote-en-buzigny-vieilles-vignes-2022-750ml\/#primaryimage","url":"https:\/\/wein-werte.com\/wp-content\/uploads\/2026\/04\/Remi-Jobard-Bourgogne-Aligote-En-Buzigny-Vieilles-Vignes-2022-750ml.png","contentUrl":"https:\/\/wein-werte.com\/wp-content\/uploads\/2026\/04\/Remi-Jobard-Bourgogne-Aligote-En-Buzigny-Vieilles-Vignes-2022-750ml.png","width":347,"height":1200,"caption":"R\u00e9mi Jobard Bourgogne Aligot\u00e9 \"En Buzigny\" Vieilles Vignes AOC 2022 750ml"},{"@type":"BreadcrumbList","@id":"https:\/\/wein-werte.com\/de\/produkt\/remi-jobard-bourgogne-aligote-en-buzigny-vieilles-vignes-2022-750ml\/#breadcrumb","itemListElement":[{"@type":"ListItem","position":1,"name":"Home","item":"https:\/\/wein-werte.com\/de\/"},{"@type":"ListItem","position":2,"name":"Shop","item":"https:\/\/wein-werte.com\/de\/shop\/"},{"@type":"ListItem","position":3,"name":"R\u00e9mi Jobard | Burgund | Bourgogne Aligot\u00e9 &#8220;En Buzigny&#8221; Vieilles Vignes AOC | 2022 | 750ml | bio"}]},{"@type":"WebSite","@id":"https:\/\/wein-werte.com\/de\/#website","url":"https:\/\/wein-werte.com\/de\/","name":"Wein Werte","description":"","publisher":{"@id":"https:\/\/wein-werte.com\/de\/#organization"},"potentialAction":[{"@type":"SearchAction","target":{"@type":"EntryPoint","urlTemplate":"https:\/\/wein-werte.com\/de\/?s={search_term_string}"},"query-input":{"@type":"PropertyValueSpecification","valueRequired":true,"valueName":"search_term_string"}}],"inLanguage":"de"},{"@type":"Organization","@id":"https:\/\/wein-werte.com\/de\/#organization","name":"Vins Fins Thorrold","url":"https:\/\/wein-werte.com\/de\/","logo":{"@type":"ImageObject","inLanguage":"de","@id":"https:\/\/wein-werte.com\/de\/#\/schema\/logo\/image\/","url":"https:\/\/wein-werte.com\/wp-content\/uploads\/2023\/07\/Wein_werte_Logo700-1.png","contentUrl":"https:\/\/wein-werte.com\/wp-content\/uploads\/2023\/07\/Wein_werte_Logo700-1.png","width":700,"height":272,"caption":"Vins Fins Thorrold"},"image":{"@id":"https:\/\/wein-werte.com\/de\/#\/schema\/logo\/image\/"}}]}},"_links":{"self":[{"href":"https:\/\/wein-werte.com\/de\/wp-json\/wp\/v2\/product\/1127262","targetHints":{"allow":["GET"]}}],"collection":[{"href":"https:\/\/wein-werte.com\/de\/wp-json\/wp\/v2\/product"}],"about":[{"href":"https:\/\/wein-werte.com\/de\/wp-json\/wp\/v2\/types\/product"}],"wp:featuredmedia":[{"embeddable":true,"href":"https:\/\/wein-werte.com\/de\/wp-json\/wp\/v2\/media\/1139214"}],"wp:attachment":[{"href":"https:\/\/wein-werte.com\/de\/wp-json\/wp\/v2\/media?parent=1127262"}],"wp:term":[{"taxonomy":"product_brand","embeddable":true,"href":"https:\/\/wein-werte.com\/de\/wp-json\/wp\/v2\/product_brand?post=1127262"},{"taxonomy":"product_cat","embeddable":true,"href":"https:\/\/wein-werte.com\/de\/wp-json\/wp\/v2\/product_cat?post=1127262"},{"taxonomy":"product_tag","embeddable":true,"href":"https:\/\/wein-werte.com\/de\/wp-json\/wp\/v2\/product_tag?post=1127262"}],"curies":[{"name":"wp","href":"https:\/\/api.w.org\/{rel}","templated":true}]}}