{"id":1127254,"date":"2026-05-08T19:56:29","date_gmt":"2026-05-08T17:56:29","guid":{"rendered":"https:\/\/wein-werte.com\/product\/francois-de-nicolay-ladoix-sur-les-vris-blanc-2020-750ml\/"},"modified":"2026-04-27T11:40:31","modified_gmt":"2026-04-27T09:40:31","slug":"francois-de-nicolay-ladoix-sur-les-vris-blanc-2020-750ml","status":"publish","type":"product","link":"https:\/\/wein-werte.com\/de\/produkt\/francois-de-nicolay-ladoix-sur-les-vris-blanc-2020-750ml\/","title":{"rendered":"Fran\u00e7ois de Nicolay | Burgund | Ladoix &#8220;Sur Les Vris&#8221; blanc, Sans Sulfites Ajout\u00e9s AC | 2020 | 750ml | bio"},"content":{"rendered":"<p>Produktbeschreibung f\u00fcr Fran\u00e7ois de Nicolay Ladoix &#8220;Sur Les Vris&#8221; blanc, Sans Sulfites Ajout\u00e9s AC 2020 (bio)<\/p>\n<p> Unter dem Namen \u201eFran\u00e7ois de Nicolay\u201c werden die Weine von Chandon de Briailles verkauft, die nicht aus den eigenen Weinbergen stammen. Ein befreundeter Winzer bot 1998 Fran\u00e7ois de Nicolay an, ihm seine Trauben aus einem Topweinberg zu verkaufen. Er konnte, bei der ihm angebotenen Qualit\u00e4t, nicht widerstehen, wollte die Trauben aber auch nicht mit denen des eigenen Weingutes mischen. Also gr\u00fcndete er eine eigene Linie. Fortan kaufte er Trauben in Bioqualit\u00e4t von befreundeten Winzern auf, baute die Weine in den Kellern von Chandon de Briailles aus, vermarktet diese Weine aber unter dem Namen Fran\u00e7ois de Nicolay. Mittlerweile produziert er aus den besten Orten des Burgund Weine in vergleichbarer Qualit\u00e4t, wie die der Weine der eigenen Domain. Somit kann er das eigene Sortiment abrunden und erg\u00e4nzen. <\/p>\n<p>Copyright Vinaturel 2025<\/p>\n<p>Keywords: <a href=\"https:\/\/wein-werte.com\/de\/shop\/?swoof=1&#038;pa_producer=Fran\u00e7ois-de-Nicolay\">Fran\u00e7ois de Nicolay<\/a> <a href=\"https:\/\/wein-werte.com\/de\/shop\/?swoof=1&#038;woof_text=Ladoix \"Sur Les Vris\" blanc, Sans Sulfites Ajout\u00e9s AC\">Ladoix &#8220;Sur Les Vris&#8221; blanc, Sans Sulfites Ajout\u00e9s AC<\/a> 2020 bio <a href=\"https:\/\/wein-werte.com\/de\/shop\/?swoof=1&#038;pa_region=Burgund\">Burgund<\/a> <a href=\"https:\/\/wein-werte.com\/de\/shop\/?swoof=1&#038;pa_country=Frankreich\">Frankreich<\/a><\/p>\n<p>Internetseite des Weinguts: <a href=\"http:\/\/francoisdenicolay.com\/\" target=\"_blank\">http:\/\/francoisdenicolay.com\/<\/a><\/p>\n","protected":false},"excerpt":{"rendered":"<p>Lieferzeit: 1 bis 2 Arbeitstage (DE), 2 bis 5 Arbeitstage (EU and CH)<\/p>\n","protected":false},"featured_media":1139208,"template":"","meta":[],"product_brand":[],"product_cat":[19],"product_tag":[],"class_list":{"0":"post-1127254","1":"product","2":"type-product","3":"status-publish","4":"has-post-thumbnail","6":"product_cat-unkategorisiert","7":"pa_alcohol-for-filter-12893","8":"pa_certified-biodynamic-nein-de","9":"pa_certified-organic-ja-de","10":"pa_colour-weiss","11":"pa_country-frankreich","12":"pa_grape-chardonnay","13":"pa_price-for-filter-10576","14":"pa_producer-francois-de-nicolay","15":"pa_region-burgund","16":"pa_size-ml-6584","17":"pa_sweetness-trocken-de","18":"pa_type-2-still-de","19":"pa_vintage-2020-de","20":"entry","21":"has-media","23":"first","24":"instock","25":"taxable","26":"shipping-taxable","27":"purchasable","28":"product-type-simple"},"yoast_head":"<!-- This site is optimized with the Yoast SEO plugin v27.5 - https:\/\/yoast.com\/product\/yoast-seo-wordpress\/ -->\n<title>Fran\u00e7ois de Nicolay Ladoix &quot;Sur Les Vris&quot; blanc 2020<\/title>\n<meta name=\"description\" content=\"Kaufe Fran\u00e7ois de Nicolay Ladoix &quot;Sur Les Vris&quot; blanc 2020 (Chardonnay, trocken aus Burgund, Frankreich) bei Wein Werte, Ihrem nachhaltigen Onlineshop.\" \/>\n<meta name=\"robots\" content=\"index, follow, max-snippet:-1, max-image-preview:large, max-video-preview:-1\" \/>\n<link rel=\"canonical\" href=\"https:\/\/wein-werte.com\/de\/produkt\/francois-de-nicolay-ladoix-sur-les-vris-blanc-2020-750ml\/\" \/>\n<meta property=\"og:locale\" content=\"de_DE\" \/>\n<meta property=\"og:type\" content=\"article\" \/>\n<meta property=\"og:title\" content=\"Fran\u00e7ois de Nicolay Ladoix &quot;Sur Les Vris&quot; blanc 2020\" \/>\n<meta property=\"og:description\" content=\"Kaufe Fran\u00e7ois de Nicolay Ladoix &quot;Sur Les Vris&quot; blanc 2020 (Chardonnay, trocken aus Burgund, Frankreich) bei Wein Werte, Ihrem nachhaltigen Onlineshop.\" \/>\n<meta property=\"og:url\" content=\"https:\/\/wein-werte.com\/de\/produkt\/francois-de-nicolay-ladoix-sur-les-vris-blanc-2020-750ml\/\" \/>\n<meta property=\"og:site_name\" content=\"Wein Werte\" \/>\n<meta property=\"og:image\" content=\"https:\/\/wein-werte.com\/wp-content\/uploads\/2026\/04\/Francois-de-Nicolay-Ladoix-Sur-Les-Vris-blanc-2020-750ml.png\" \/>\n\t<meta property=\"og:image:width\" content=\"330\" \/>\n\t<meta property=\"og:image:height\" content=\"1200\" \/>\n\t<meta property=\"og:image:type\" content=\"image\/png\" \/>\n<meta name=\"twitter:card\" content=\"summary_large_image\" \/>\n<meta name=\"twitter:label1\" content=\"Gesch\u00e4tzte Lesezeit\" \/>\n\t<meta name=\"twitter:data1\" content=\"1\u00a0Minute\" \/>\n<script type=\"application\/ld+json\" class=\"yoast-schema-graph\">{\"@context\":\"https:\\\/\\\/schema.org\",\"@graph\":[{\"@type\":\"WebPage\",\"@id\":\"https:\\\/\\\/wein-werte.com\\\/de\\\/produkt\\\/francois-de-nicolay-ladoix-sur-les-vris-blanc-2020-750ml\\\/\",\"url\":\"https:\\\/\\\/wein-werte.com\\\/de\\\/produkt\\\/francois-de-nicolay-ladoix-sur-les-vris-blanc-2020-750ml\\\/\",\"name\":\"Fran\u00e7ois de Nicolay Ladoix \\\"Sur Les Vris\\\" blanc 2020\",\"isPartOf\":{\"@id\":\"https:\\\/\\\/wein-werte.com\\\/de\\\/#website\"},\"primaryImageOfPage\":{\"@id\":\"https:\\\/\\\/wein-werte.com\\\/de\\\/produkt\\\/francois-de-nicolay-ladoix-sur-les-vris-blanc-2020-750ml\\\/#primaryimage\"},\"image\":{\"@id\":\"https:\\\/\\\/wein-werte.com\\\/de\\\/produkt\\\/francois-de-nicolay-ladoix-sur-les-vris-blanc-2020-750ml\\\/#primaryimage\"},\"thumbnailUrl\":\"https:\\\/\\\/wein-werte.com\\\/wp-content\\\/uploads\\\/2026\\\/04\\\/Francois-de-Nicolay-Ladoix-Sur-Les-Vris-blanc-2020-750ml.png\",\"datePublished\":\"2026-05-08T17:56:29+00:00\",\"description\":\"Kaufe Fran\u00e7ois de Nicolay Ladoix \\\"Sur Les Vris\\\" blanc 2020 (Chardonnay, trocken aus Burgund, Frankreich) bei Wein Werte, Ihrem nachhaltigen Onlineshop.\",\"breadcrumb\":{\"@id\":\"https:\\\/\\\/wein-werte.com\\\/de\\\/produkt\\\/francois-de-nicolay-ladoix-sur-les-vris-blanc-2020-750ml\\\/#breadcrumb\"},\"inLanguage\":\"de\",\"potentialAction\":[{\"@type\":\"ReadAction\",\"target\":[\"https:\\\/\\\/wein-werte.com\\\/de\\\/produkt\\\/francois-de-nicolay-ladoix-sur-les-vris-blanc-2020-750ml\\\/\"]}]},{\"@type\":\"ImageObject\",\"inLanguage\":\"de\",\"@id\":\"https:\\\/\\\/wein-werte.com\\\/de\\\/produkt\\\/francois-de-nicolay-ladoix-sur-les-vris-blanc-2020-750ml\\\/#primaryimage\",\"url\":\"https:\\\/\\\/wein-werte.com\\\/wp-content\\\/uploads\\\/2026\\\/04\\\/Francois-de-Nicolay-Ladoix-Sur-Les-Vris-blanc-2020-750ml.png\",\"contentUrl\":\"https:\\\/\\\/wein-werte.com\\\/wp-content\\\/uploads\\\/2026\\\/04\\\/Francois-de-Nicolay-Ladoix-Sur-Les-Vris-blanc-2020-750ml.png\",\"width\":330,\"height\":1200,\"caption\":\"Fran\u00e7ois de Nicolay Ladoix \\\"Sur Les Vris\\\" blanc, Sans Sulfites Ajout\u00e9s AC 2020 750ml\"},{\"@type\":\"BreadcrumbList\",\"@id\":\"https:\\\/\\\/wein-werte.com\\\/de\\\/produkt\\\/francois-de-nicolay-ladoix-sur-les-vris-blanc-2020-750ml\\\/#breadcrumb\",\"itemListElement\":[{\"@type\":\"ListItem\",\"position\":1,\"name\":\"Home\",\"item\":\"https:\\\/\\\/wein-werte.com\\\/de\\\/\"},{\"@type\":\"ListItem\",\"position\":2,\"name\":\"Shop\",\"item\":\"https:\\\/\\\/wein-werte.com\\\/de\\\/shop\\\/\"},{\"@type\":\"ListItem\",\"position\":3,\"name\":\"Fran\u00e7ois de Nicolay | Burgund | Ladoix &#8220;Sur Les Vris&#8221; blanc, Sans Sulfites Ajout\u00e9s AC | 2020 | 750ml | bio\"}]},{\"@type\":\"WebSite\",\"@id\":\"https:\\\/\\\/wein-werte.com\\\/de\\\/#website\",\"url\":\"https:\\\/\\\/wein-werte.com\\\/de\\\/\",\"name\":\"Wein Werte\",\"description\":\"\",\"publisher\":{\"@id\":\"https:\\\/\\\/wein-werte.com\\\/de\\\/#organization\"},\"potentialAction\":[{\"@type\":\"SearchAction\",\"target\":{\"@type\":\"EntryPoint\",\"urlTemplate\":\"https:\\\/\\\/wein-werte.com\\\/de\\\/?s={search_term_string}\"},\"query-input\":{\"@type\":\"PropertyValueSpecification\",\"valueRequired\":true,\"valueName\":\"search_term_string\"}}],\"inLanguage\":\"de\"},{\"@type\":\"Organization\",\"@id\":\"https:\\\/\\\/wein-werte.com\\\/de\\\/#organization\",\"name\":\"Vins Fins Thorrold\",\"url\":\"https:\\\/\\\/wein-werte.com\\\/de\\\/\",\"logo\":{\"@type\":\"ImageObject\",\"inLanguage\":\"de\",\"@id\":\"https:\\\/\\\/wein-werte.com\\\/de\\\/#\\\/schema\\\/logo\\\/image\\\/\",\"url\":\"https:\\\/\\\/wein-werte.com\\\/wp-content\\\/uploads\\\/2023\\\/07\\\/Wein_werte_Logo700-1.png\",\"contentUrl\":\"https:\\\/\\\/wein-werte.com\\\/wp-content\\\/uploads\\\/2023\\\/07\\\/Wein_werte_Logo700-1.png\",\"width\":700,\"height\":272,\"caption\":\"Vins Fins Thorrold\"},\"image\":{\"@id\":\"https:\\\/\\\/wein-werte.com\\\/de\\\/#\\\/schema\\\/logo\\\/image\\\/\"}}]}<\/script>\n<!-- \/ Yoast SEO plugin. -->","yoast_head_json":{"title":"Fran\u00e7ois de Nicolay Ladoix \"Sur Les Vris\" blanc 2020","description":"Kaufe Fran\u00e7ois de Nicolay Ladoix \"Sur Les Vris\" blanc 2020 (Chardonnay, trocken aus Burgund, Frankreich) bei Wein Werte, Ihrem nachhaltigen Onlineshop.","robots":{"index":"index","follow":"follow","max-snippet":"max-snippet:-1","max-image-preview":"max-image-preview:large","max-video-preview":"max-video-preview:-1"},"canonical":"https:\/\/wein-werte.com\/de\/produkt\/francois-de-nicolay-ladoix-sur-les-vris-blanc-2020-750ml\/","og_locale":"de_DE","og_type":"article","og_title":"Fran\u00e7ois de Nicolay Ladoix \"Sur Les Vris\" blanc 2020","og_description":"Kaufe Fran\u00e7ois de Nicolay Ladoix \"Sur Les Vris\" blanc 2020 (Chardonnay, trocken aus Burgund, Frankreich) bei Wein Werte, Ihrem nachhaltigen Onlineshop.","og_url":"https:\/\/wein-werte.com\/de\/produkt\/francois-de-nicolay-ladoix-sur-les-vris-blanc-2020-750ml\/","og_site_name":"Wein Werte","og_image":[{"width":330,"height":1200,"url":"https:\/\/wein-werte.com\/wp-content\/uploads\/2026\/04\/Francois-de-Nicolay-Ladoix-Sur-Les-Vris-blanc-2020-750ml.png","type":"image\/png"}],"twitter_card":"summary_large_image","twitter_misc":{"Gesch\u00e4tzte Lesezeit":"1\u00a0Minute"},"schema":{"@context":"https:\/\/schema.org","@graph":[{"@type":"WebPage","@id":"https:\/\/wein-werte.com\/de\/produkt\/francois-de-nicolay-ladoix-sur-les-vris-blanc-2020-750ml\/","url":"https:\/\/wein-werte.com\/de\/produkt\/francois-de-nicolay-ladoix-sur-les-vris-blanc-2020-750ml\/","name":"Fran\u00e7ois de Nicolay Ladoix \"Sur Les Vris\" blanc 2020","isPartOf":{"@id":"https:\/\/wein-werte.com\/de\/#website"},"primaryImageOfPage":{"@id":"https:\/\/wein-werte.com\/de\/produkt\/francois-de-nicolay-ladoix-sur-les-vris-blanc-2020-750ml\/#primaryimage"},"image":{"@id":"https:\/\/wein-werte.com\/de\/produkt\/francois-de-nicolay-ladoix-sur-les-vris-blanc-2020-750ml\/#primaryimage"},"thumbnailUrl":"https:\/\/wein-werte.com\/wp-content\/uploads\/2026\/04\/Francois-de-Nicolay-Ladoix-Sur-Les-Vris-blanc-2020-750ml.png","datePublished":"2026-05-08T17:56:29+00:00","description":"Kaufe Fran\u00e7ois de Nicolay Ladoix \"Sur Les Vris\" blanc 2020 (Chardonnay, trocken aus Burgund, Frankreich) bei Wein Werte, Ihrem nachhaltigen Onlineshop.","breadcrumb":{"@id":"https:\/\/wein-werte.com\/de\/produkt\/francois-de-nicolay-ladoix-sur-les-vris-blanc-2020-750ml\/#breadcrumb"},"inLanguage":"de","potentialAction":[{"@type":"ReadAction","target":["https:\/\/wein-werte.com\/de\/produkt\/francois-de-nicolay-ladoix-sur-les-vris-blanc-2020-750ml\/"]}]},{"@type":"ImageObject","inLanguage":"de","@id":"https:\/\/wein-werte.com\/de\/produkt\/francois-de-nicolay-ladoix-sur-les-vris-blanc-2020-750ml\/#primaryimage","url":"https:\/\/wein-werte.com\/wp-content\/uploads\/2026\/04\/Francois-de-Nicolay-Ladoix-Sur-Les-Vris-blanc-2020-750ml.png","contentUrl":"https:\/\/wein-werte.com\/wp-content\/uploads\/2026\/04\/Francois-de-Nicolay-Ladoix-Sur-Les-Vris-blanc-2020-750ml.png","width":330,"height":1200,"caption":"Fran\u00e7ois de Nicolay Ladoix \"Sur Les Vris\" blanc, Sans Sulfites Ajout\u00e9s AC 2020 750ml"},{"@type":"BreadcrumbList","@id":"https:\/\/wein-werte.com\/de\/produkt\/francois-de-nicolay-ladoix-sur-les-vris-blanc-2020-750ml\/#breadcrumb","itemListElement":[{"@type":"ListItem","position":1,"name":"Home","item":"https:\/\/wein-werte.com\/de\/"},{"@type":"ListItem","position":2,"name":"Shop","item":"https:\/\/wein-werte.com\/de\/shop\/"},{"@type":"ListItem","position":3,"name":"Fran\u00e7ois de Nicolay | Burgund | Ladoix &#8220;Sur Les Vris&#8221; blanc, Sans Sulfites Ajout\u00e9s AC | 2020 | 750ml | bio"}]},{"@type":"WebSite","@id":"https:\/\/wein-werte.com\/de\/#website","url":"https:\/\/wein-werte.com\/de\/","name":"Wein Werte","description":"","publisher":{"@id":"https:\/\/wein-werte.com\/de\/#organization"},"potentialAction":[{"@type":"SearchAction","target":{"@type":"EntryPoint","urlTemplate":"https:\/\/wein-werte.com\/de\/?s={search_term_string}"},"query-input":{"@type":"PropertyValueSpecification","valueRequired":true,"valueName":"search_term_string"}}],"inLanguage":"de"},{"@type":"Organization","@id":"https:\/\/wein-werte.com\/de\/#organization","name":"Vins Fins Thorrold","url":"https:\/\/wein-werte.com\/de\/","logo":{"@type":"ImageObject","inLanguage":"de","@id":"https:\/\/wein-werte.com\/de\/#\/schema\/logo\/image\/","url":"https:\/\/wein-werte.com\/wp-content\/uploads\/2023\/07\/Wein_werte_Logo700-1.png","contentUrl":"https:\/\/wein-werte.com\/wp-content\/uploads\/2023\/07\/Wein_werte_Logo700-1.png","width":700,"height":272,"caption":"Vins Fins Thorrold"},"image":{"@id":"https:\/\/wein-werte.com\/de\/#\/schema\/logo\/image\/"}}]}},"_links":{"self":[{"href":"https:\/\/wein-werte.com\/de\/wp-json\/wp\/v2\/product\/1127254","targetHints":{"allow":["GET"]}}],"collection":[{"href":"https:\/\/wein-werte.com\/de\/wp-json\/wp\/v2\/product"}],"about":[{"href":"https:\/\/wein-werte.com\/de\/wp-json\/wp\/v2\/types\/product"}],"wp:featuredmedia":[{"embeddable":true,"href":"https:\/\/wein-werte.com\/de\/wp-json\/wp\/v2\/media\/1139208"}],"wp:attachment":[{"href":"https:\/\/wein-werte.com\/de\/wp-json\/wp\/v2\/media?parent=1127254"}],"wp:term":[{"taxonomy":"product_brand","embeddable":true,"href":"https:\/\/wein-werte.com\/de\/wp-json\/wp\/v2\/product_brand?post=1127254"},{"taxonomy":"product_cat","embeddable":true,"href":"https:\/\/wein-werte.com\/de\/wp-json\/wp\/v2\/product_cat?post=1127254"},{"taxonomy":"product_tag","embeddable":true,"href":"https:\/\/wein-werte.com\/de\/wp-json\/wp\/v2\/product_tag?post=1127254"}],"curies":[{"name":"wp","href":"https:\/\/api.w.org\/{rel}","templated":true}]}}