{"id":1127231,"date":"2026-05-12T15:38:42","date_gmt":"2026-05-12T13:38:42","guid":{"rendered":"https:\/\/wein-werte.com\/product\/francois-de-nicolay-mercurey-les-montelons-blanc-2021-750ml\/"},"modified":"2026-05-12T19:53:27","modified_gmt":"2026-05-12T17:53:27","slug":"francois-de-nicolay-mercurey-les-montelons-blanc-2021-750ml","status":"publish","type":"product","link":"https:\/\/wein-werte.com\/de\/produkt\/francois-de-nicolay-mercurey-les-montelons-blanc-2021-750ml\/","title":{"rendered":"Fran\u00e7ois de Nicolay | Burgund | Mercurey &#8220;Les Montelons&#8221; blanc, Sans Sulfites Ajout\u00e9s AC | 2021 | 750ml | bio"},"content":{"rendered":"<p>Produktbeschreibung f\u00fcr Fran\u00e7ois de Nicolay Mercurey &#8220;Les Montelons&#8221; blanc, Sans Sulfites Ajout\u00e9s AC 2021 (bio) <\/p>\n<h5>Farbe<\/h5>\n<p> Leuchtendes Goldgelb mit zartgr\u00fcnen Reflexen <\/p>\n<h5>Nase<\/h5>\n<p> Wild, orientalisch und gro\u00dfz\u00fcgig mutet der 2021 Mercurey Les Montelons an. Seien W\u00fcrze auf Basis von Kurkuma, Curry, wei\u00dfem Pfeffer und Safran ist dabei sehr charakteristisch. Dazu gesellen sich Mandeln, Haseln\u00fcsse und Pinienkerne. Er weist einen erdigen, tiefgr\u00fcndigen bisweilen kalkigen Charakterzug auf. Getrocknetes Gras, Bohnenkraut, Majoran und Oregano bieten eine sehr spannende, abwechslungsreiche Kr\u00e4uterw\u00fcrze. Mit etwas Geduld entwickelt sich die nussige Aromatik hin zu Nougat \u2013 herrlich. Seine Frucht ist vor allem von D\u00f6rrobst gepr\u00e4gt. Aprikose, Dattel und Feige trumpfen hier auf. <\/p>\n<h5>Gaumen<\/h5>\n<p> Seine feine, ausgepr\u00e4gte W\u00fcrze kombiniert er am Gaumen mit Trinkfluss, Eleganz und Mineralit\u00e4t. Dabei flie\u00dft er seidig und ohne Ecken \u00fcber den Gaumen. Die S\u00e4ure ist dabei pr\u00e4gnant und essenziell zugleich. Darum herum bauen sich die nussigen Nuancen auf, w\u00e4hrend die etherischen Aromen ihn weiter in die L\u00e4nge zu strecken scheinen. Bei null Gramm Speck zeigt er sich schlank und straff. Im Nachhall kommen dann wieder all seine w\u00fcrzigen Aromen bestens zur Geltung. Frucht spielt hier keine Rolle.<\/p>\n<p>Copyright Vinaturel 2025<\/p>\n<p>Keywords: <a href=\"https:\/\/wein-werte.com\/de\/shop\/?swoof=1&#038;pa_producer=Fran\u00e7ois-de-Nicolay\">Fran\u00e7ois de Nicolay<\/a> <a href=\"https:\/\/wein-werte.com\/de\/shop\/?swoof=1&#038;woof_text=Mercurey \"Les Montelons\" blanc, Sans Sulfites Ajout\u00e9s AC\">Mercurey &#8220;Les Montelons&#8221; blanc, Sans Sulfites Ajout\u00e9s AC<\/a> 2021 bio <a href=\"https:\/\/wein-werte.com\/de\/shop\/?swoof=1&#038;pa_region=Burgund\">Burgund<\/a> <a href=\"https:\/\/wein-werte.com\/de\/shop\/?swoof=1&#038;pa_country=Frankreich\">Frankreich<\/a><\/p>\n<p>Internetseite des Weinguts: <a href=\"http:\/\/francoisdenicolay.com\/\" target=\"_blank\">http:\/\/francoisdenicolay.com\/<\/a><\/p>\n","protected":false},"excerpt":{"rendered":"<div style=\"font-size: 14px;\">\n<p>Lieferzeit: 1 bis 2 Arbeitstage (DE), 2 bis 5 Arbeitstage (EU und CH)<\/p>\n<p>Ungef\u00e4hrer Energiegehalt pro 125-ml-Glas: 90 kcal<\/p>\n<\/p><\/div>\n","protected":false},"featured_media":1139190,"template":"","meta":[],"product_brand":[],"product_cat":[19],"product_tag":[],"class_list":{"0":"post-1127231","1":"product","2":"type-product","3":"status-publish","4":"has-post-thumbnail","6":"product_cat-unkategorisiert","7":"pa_alcohol-for-filter-12895","8":"pa_certified-biodynamic-nein-de","9":"pa_certified-organic-ja-de","10":"pa_colour-weiss","11":"pa_country-frankreich","12":"pa_grape-chardonnay","13":"pa_price-for-filter-10615","14":"pa_producer-francois-de-nicolay","15":"pa_region-burgund","16":"pa_size-ml-6584","17":"pa_sweetness-trocken-de","18":"pa_type-2-still-de","19":"pa_vintage-2021-de","20":"entry","21":"has-media","23":"first","24":"instock","25":"taxable","26":"shipping-taxable","27":"purchasable","28":"product-type-simple"},"yoast_head":"<!-- This site is optimized with the Yoast SEO plugin v27.6 - https:\/\/yoast.com\/product\/yoast-seo-wordpress\/ -->\n<title>Fran\u00e7ois de Nicolay Mercurey &quot;Les Montelons&quot; blanc 2021<\/title>\n<meta name=\"description\" content=\"Kaufe Fran\u00e7ois de Nicolay Mercurey &quot;Les Montelons&quot; blanc 2021 (Chardonnay, trocken aus Burgund, Frankreich) bei Wein Werte, Ihrem nachhaltigen Onlineshop.\" \/>\n<meta name=\"robots\" content=\"index, follow, max-snippet:-1, max-image-preview:large, max-video-preview:-1\" \/>\n<link rel=\"canonical\" href=\"https:\/\/wein-werte.com\/de\/produkt\/francois-de-nicolay-mercurey-les-montelons-blanc-2021-750ml\/\" \/>\n<meta property=\"og:locale\" content=\"de_DE\" \/>\n<meta property=\"og:type\" content=\"article\" \/>\n<meta property=\"og:title\" content=\"Fran\u00e7ois de Nicolay Mercurey &quot;Les Montelons&quot; blanc 2021\" \/>\n<meta property=\"og:description\" content=\"Kaufe Fran\u00e7ois de Nicolay Mercurey &quot;Les Montelons&quot; blanc 2021 (Chardonnay, trocken aus Burgund, Frankreich) bei Wein Werte, Ihrem nachhaltigen Onlineshop.\" \/>\n<meta property=\"og:url\" content=\"https:\/\/wein-werte.com\/de\/produkt\/francois-de-nicolay-mercurey-les-montelons-blanc-2021-750ml\/\" \/>\n<meta property=\"og:site_name\" content=\"Wein Werte\" \/>\n<meta property=\"article:modified_time\" content=\"2026-05-12T17:53:27+00:00\" \/>\n<meta property=\"og:image\" content=\"https:\/\/wein-werte.com\/wp-content\/uploads\/2026\/04\/Francois-de-Nicolay-Mercurey-Les-Montelons-blanc-2021-750ml.png\" \/>\n\t<meta property=\"og:image:width\" content=\"328\" \/>\n\t<meta property=\"og:image:height\" content=\"1200\" \/>\n\t<meta property=\"og:image:type\" content=\"image\/png\" \/>\n<meta name=\"twitter:card\" content=\"summary_large_image\" \/>\n<meta name=\"twitter:label1\" content=\"Gesch\u00e4tzte Lesezeit\" \/>\n\t<meta name=\"twitter:data1\" content=\"1\u00a0Minute\" \/>\n<script type=\"application\/ld+json\" class=\"yoast-schema-graph\">{\"@context\":\"https:\\\/\\\/schema.org\",\"@graph\":[{\"@type\":\"WebPage\",\"@id\":\"https:\\\/\\\/wein-werte.com\\\/de\\\/produkt\\\/francois-de-nicolay-mercurey-les-montelons-blanc-2021-750ml\\\/\",\"url\":\"https:\\\/\\\/wein-werte.com\\\/de\\\/produkt\\\/francois-de-nicolay-mercurey-les-montelons-blanc-2021-750ml\\\/\",\"name\":\"Fran\u00e7ois de Nicolay Mercurey \\\"Les Montelons\\\" blanc 2021\",\"isPartOf\":{\"@id\":\"https:\\\/\\\/wein-werte.com\\\/de\\\/#website\"},\"primaryImageOfPage\":{\"@id\":\"https:\\\/\\\/wein-werte.com\\\/de\\\/produkt\\\/francois-de-nicolay-mercurey-les-montelons-blanc-2021-750ml\\\/#primaryimage\"},\"image\":{\"@id\":\"https:\\\/\\\/wein-werte.com\\\/de\\\/produkt\\\/francois-de-nicolay-mercurey-les-montelons-blanc-2021-750ml\\\/#primaryimage\"},\"thumbnailUrl\":\"https:\\\/\\\/wein-werte.com\\\/wp-content\\\/uploads\\\/2026\\\/04\\\/Francois-de-Nicolay-Mercurey-Les-Montelons-blanc-2021-750ml.png\",\"datePublished\":\"2026-05-12T13:38:42+00:00\",\"dateModified\":\"2026-05-12T17:53:27+00:00\",\"description\":\"Kaufe Fran\u00e7ois de Nicolay Mercurey \\\"Les Montelons\\\" blanc 2021 (Chardonnay, trocken aus Burgund, Frankreich) bei Wein Werte, Ihrem nachhaltigen Onlineshop.\",\"breadcrumb\":{\"@id\":\"https:\\\/\\\/wein-werte.com\\\/de\\\/produkt\\\/francois-de-nicolay-mercurey-les-montelons-blanc-2021-750ml\\\/#breadcrumb\"},\"inLanguage\":\"de\",\"potentialAction\":[{\"@type\":\"ReadAction\",\"target\":[\"https:\\\/\\\/wein-werte.com\\\/de\\\/produkt\\\/francois-de-nicolay-mercurey-les-montelons-blanc-2021-750ml\\\/\"]}]},{\"@type\":\"ImageObject\",\"inLanguage\":\"de\",\"@id\":\"https:\\\/\\\/wein-werte.com\\\/de\\\/produkt\\\/francois-de-nicolay-mercurey-les-montelons-blanc-2021-750ml\\\/#primaryimage\",\"url\":\"https:\\\/\\\/wein-werte.com\\\/wp-content\\\/uploads\\\/2026\\\/04\\\/Francois-de-Nicolay-Mercurey-Les-Montelons-blanc-2021-750ml.png\",\"contentUrl\":\"https:\\\/\\\/wein-werte.com\\\/wp-content\\\/uploads\\\/2026\\\/04\\\/Francois-de-Nicolay-Mercurey-Les-Montelons-blanc-2021-750ml.png\",\"width\":328,\"height\":1200,\"caption\":\"Fran\u00e7ois de Nicolay Mercurey \\\"Les Montelons\\\" blanc, Sans Sulfites Ajout\u00e9s AC 2021 750ml\"},{\"@type\":\"BreadcrumbList\",\"@id\":\"https:\\\/\\\/wein-werte.com\\\/de\\\/produkt\\\/francois-de-nicolay-mercurey-les-montelons-blanc-2021-750ml\\\/#breadcrumb\",\"itemListElement\":[{\"@type\":\"ListItem\",\"position\":1,\"name\":\"Home\",\"item\":\"https:\\\/\\\/wein-werte.com\\\/de\\\/\"},{\"@type\":\"ListItem\",\"position\":2,\"name\":\"Shop\",\"item\":\"https:\\\/\\\/wein-werte.com\\\/de\\\/shop\\\/\"},{\"@type\":\"ListItem\",\"position\":3,\"name\":\"Fran\u00e7ois de Nicolay | Burgund | Mercurey &#8220;Les Montelons&#8221; blanc, Sans Sulfites Ajout\u00e9s AC | 2021 | 750ml | bio\"}]},{\"@type\":\"WebSite\",\"@id\":\"https:\\\/\\\/wein-werte.com\\\/de\\\/#website\",\"url\":\"https:\\\/\\\/wein-werte.com\\\/de\\\/\",\"name\":\"Wein Werte\",\"description\":\"\",\"publisher\":{\"@id\":\"https:\\\/\\\/wein-werte.com\\\/de\\\/#organization\"},\"potentialAction\":[{\"@type\":\"SearchAction\",\"target\":{\"@type\":\"EntryPoint\",\"urlTemplate\":\"https:\\\/\\\/wein-werte.com\\\/de\\\/?s={search_term_string}\"},\"query-input\":{\"@type\":\"PropertyValueSpecification\",\"valueRequired\":true,\"valueName\":\"search_term_string\"}}],\"inLanguage\":\"de\"},{\"@type\":\"Organization\",\"@id\":\"https:\\\/\\\/wein-werte.com\\\/de\\\/#organization\",\"name\":\"Vins Fins Thorrold\",\"url\":\"https:\\\/\\\/wein-werte.com\\\/de\\\/\",\"logo\":{\"@type\":\"ImageObject\",\"inLanguage\":\"de\",\"@id\":\"https:\\\/\\\/wein-werte.com\\\/de\\\/#\\\/schema\\\/logo\\\/image\\\/\",\"url\":\"https:\\\/\\\/wein-werte.com\\\/wp-content\\\/uploads\\\/2023\\\/07\\\/Wein_werte_Logo700-1.png\",\"contentUrl\":\"https:\\\/\\\/wein-werte.com\\\/wp-content\\\/uploads\\\/2023\\\/07\\\/Wein_werte_Logo700-1.png\",\"width\":700,\"height\":272,\"caption\":\"Vins Fins Thorrold\"},\"image\":{\"@id\":\"https:\\\/\\\/wein-werte.com\\\/de\\\/#\\\/schema\\\/logo\\\/image\\\/\"}}]}<\/script>\n<!-- \/ Yoast SEO plugin. -->","yoast_head_json":{"title":"Fran\u00e7ois de Nicolay Mercurey \"Les Montelons\" blanc 2021","description":"Kaufe Fran\u00e7ois de Nicolay Mercurey \"Les Montelons\" blanc 2021 (Chardonnay, trocken aus Burgund, Frankreich) bei Wein Werte, Ihrem nachhaltigen Onlineshop.","robots":{"index":"index","follow":"follow","max-snippet":"max-snippet:-1","max-image-preview":"max-image-preview:large","max-video-preview":"max-video-preview:-1"},"canonical":"https:\/\/wein-werte.com\/de\/produkt\/francois-de-nicolay-mercurey-les-montelons-blanc-2021-750ml\/","og_locale":"de_DE","og_type":"article","og_title":"Fran\u00e7ois de Nicolay Mercurey \"Les Montelons\" blanc 2021","og_description":"Kaufe Fran\u00e7ois de Nicolay Mercurey \"Les Montelons\" blanc 2021 (Chardonnay, trocken aus Burgund, Frankreich) bei Wein Werte, Ihrem nachhaltigen Onlineshop.","og_url":"https:\/\/wein-werte.com\/de\/produkt\/francois-de-nicolay-mercurey-les-montelons-blanc-2021-750ml\/","og_site_name":"Wein Werte","article_modified_time":"2026-05-12T17:53:27+00:00","og_image":[{"width":328,"height":1200,"url":"https:\/\/wein-werte.com\/wp-content\/uploads\/2026\/04\/Francois-de-Nicolay-Mercurey-Les-Montelons-blanc-2021-750ml.png","type":"image\/png"}],"twitter_card":"summary_large_image","twitter_misc":{"Gesch\u00e4tzte Lesezeit":"1\u00a0Minute"},"schema":{"@context":"https:\/\/schema.org","@graph":[{"@type":"WebPage","@id":"https:\/\/wein-werte.com\/de\/produkt\/francois-de-nicolay-mercurey-les-montelons-blanc-2021-750ml\/","url":"https:\/\/wein-werte.com\/de\/produkt\/francois-de-nicolay-mercurey-les-montelons-blanc-2021-750ml\/","name":"Fran\u00e7ois de Nicolay Mercurey \"Les Montelons\" blanc 2021","isPartOf":{"@id":"https:\/\/wein-werte.com\/de\/#website"},"primaryImageOfPage":{"@id":"https:\/\/wein-werte.com\/de\/produkt\/francois-de-nicolay-mercurey-les-montelons-blanc-2021-750ml\/#primaryimage"},"image":{"@id":"https:\/\/wein-werte.com\/de\/produkt\/francois-de-nicolay-mercurey-les-montelons-blanc-2021-750ml\/#primaryimage"},"thumbnailUrl":"https:\/\/wein-werte.com\/wp-content\/uploads\/2026\/04\/Francois-de-Nicolay-Mercurey-Les-Montelons-blanc-2021-750ml.png","datePublished":"2026-05-12T13:38:42+00:00","dateModified":"2026-05-12T17:53:27+00:00","description":"Kaufe Fran\u00e7ois de Nicolay Mercurey \"Les Montelons\" blanc 2021 (Chardonnay, trocken aus Burgund, Frankreich) bei Wein Werte, Ihrem nachhaltigen Onlineshop.","breadcrumb":{"@id":"https:\/\/wein-werte.com\/de\/produkt\/francois-de-nicolay-mercurey-les-montelons-blanc-2021-750ml\/#breadcrumb"},"inLanguage":"de","potentialAction":[{"@type":"ReadAction","target":["https:\/\/wein-werte.com\/de\/produkt\/francois-de-nicolay-mercurey-les-montelons-blanc-2021-750ml\/"]}]},{"@type":"ImageObject","inLanguage":"de","@id":"https:\/\/wein-werte.com\/de\/produkt\/francois-de-nicolay-mercurey-les-montelons-blanc-2021-750ml\/#primaryimage","url":"https:\/\/wein-werte.com\/wp-content\/uploads\/2026\/04\/Francois-de-Nicolay-Mercurey-Les-Montelons-blanc-2021-750ml.png","contentUrl":"https:\/\/wein-werte.com\/wp-content\/uploads\/2026\/04\/Francois-de-Nicolay-Mercurey-Les-Montelons-blanc-2021-750ml.png","width":328,"height":1200,"caption":"Fran\u00e7ois de Nicolay Mercurey \"Les Montelons\" blanc, Sans Sulfites Ajout\u00e9s AC 2021 750ml"},{"@type":"BreadcrumbList","@id":"https:\/\/wein-werte.com\/de\/produkt\/francois-de-nicolay-mercurey-les-montelons-blanc-2021-750ml\/#breadcrumb","itemListElement":[{"@type":"ListItem","position":1,"name":"Home","item":"https:\/\/wein-werte.com\/de\/"},{"@type":"ListItem","position":2,"name":"Shop","item":"https:\/\/wein-werte.com\/de\/shop\/"},{"@type":"ListItem","position":3,"name":"Fran\u00e7ois de Nicolay | Burgund | Mercurey &#8220;Les Montelons&#8221; blanc, Sans Sulfites Ajout\u00e9s AC | 2021 | 750ml | bio"}]},{"@type":"WebSite","@id":"https:\/\/wein-werte.com\/de\/#website","url":"https:\/\/wein-werte.com\/de\/","name":"Wein Werte","description":"","publisher":{"@id":"https:\/\/wein-werte.com\/de\/#organization"},"potentialAction":[{"@type":"SearchAction","target":{"@type":"EntryPoint","urlTemplate":"https:\/\/wein-werte.com\/de\/?s={search_term_string}"},"query-input":{"@type":"PropertyValueSpecification","valueRequired":true,"valueName":"search_term_string"}}],"inLanguage":"de"},{"@type":"Organization","@id":"https:\/\/wein-werte.com\/de\/#organization","name":"Vins Fins Thorrold","url":"https:\/\/wein-werte.com\/de\/","logo":{"@type":"ImageObject","inLanguage":"de","@id":"https:\/\/wein-werte.com\/de\/#\/schema\/logo\/image\/","url":"https:\/\/wein-werte.com\/wp-content\/uploads\/2023\/07\/Wein_werte_Logo700-1.png","contentUrl":"https:\/\/wein-werte.com\/wp-content\/uploads\/2023\/07\/Wein_werte_Logo700-1.png","width":700,"height":272,"caption":"Vins Fins Thorrold"},"image":{"@id":"https:\/\/wein-werte.com\/de\/#\/schema\/logo\/image\/"}}]}},"_links":{"self":[{"href":"https:\/\/wein-werte.com\/de\/wp-json\/wp\/v2\/product\/1127231","targetHints":{"allow":["GET"]}}],"collection":[{"href":"https:\/\/wein-werte.com\/de\/wp-json\/wp\/v2\/product"}],"about":[{"href":"https:\/\/wein-werte.com\/de\/wp-json\/wp\/v2\/types\/product"}],"wp:featuredmedia":[{"embeddable":true,"href":"https:\/\/wein-werte.com\/de\/wp-json\/wp\/v2\/media\/1139190"}],"wp:attachment":[{"href":"https:\/\/wein-werte.com\/de\/wp-json\/wp\/v2\/media?parent=1127231"}],"wp:term":[{"taxonomy":"product_brand","embeddable":true,"href":"https:\/\/wein-werte.com\/de\/wp-json\/wp\/v2\/product_brand?post=1127231"},{"taxonomy":"product_cat","embeddable":true,"href":"https:\/\/wein-werte.com\/de\/wp-json\/wp\/v2\/product_cat?post=1127231"},{"taxonomy":"product_tag","embeddable":true,"href":"https:\/\/wein-werte.com\/de\/wp-json\/wp\/v2\/product_tag?post=1127231"}],"curies":[{"name":"wp","href":"https:\/\/api.w.org\/{rel}","templated":true}]}}