{"id":1127211,"date":"2026-05-05T18:10:56","date_gmt":"2026-05-05T16:10:56","guid":{"rendered":"https:\/\/wein-werte.com\/product\/chandon-de-briailles-pernand-vergelesses-1er-cru-ile-des-vergelesses-2021-750ml\/"},"modified":"2026-04-27T11:40:27","modified_gmt":"2026-04-27T09:40:27","slug":"chandon-de-briailles-pernand-vergelesses-1er-cru-ile-des-vergelesses-2021-750ml","status":"publish","type":"product","link":"https:\/\/wein-werte.com\/de\/produkt\/chandon-de-briailles-pernand-vergelesses-1er-cru-ile-des-vergelesses-2021-750ml\/","title":{"rendered":"Chandon de Briailles | Burgund | Pernand-Vergelesses 1er Cru &#8220;\u00cele des Vergelesses&#8221; , Sans Sulfites Ajout\u00e9s | 2021 | 750ml | bio"},"content":{"rendered":"<p>Produktbeschreibung f\u00fcr Chandon de Briailles Pernand-Vergelesses 1er Cru &#8220;\u00cele des Vergelesses&#8221; , Sans Sulfites Ajout\u00e9s 2021 (bio)<\/p>\n<p> Das Weingut Chandon de Briailles in Savigny les Beaune wird von den beiden Geschwistern Claude und Fran\u00e7ois de Nicolay gef\u00fchrt. Fran\u00e7ois k\u00fcmmert sich um die Weinberge und den Vertrieb, w\u00e4hrend Claude die K\u00f6nigin im Keller ist. Das Weingut besitzt beste Parzellen in Premier- und Grand Cru-Lagen, wie Aloxe- Corton und Corton-Charlemagne. Sie sind \u00fcberzeugt, dass gro\u00dfe Terroirweine nur durch die bio-dynamische Bewirtschaftung entstehen k\u00f6nnen, die sie seit 2005 praktizieren. Obwohl die verschiedenen Lagen nicht weit auseinander liegen, unterscheiden sie sich doch deutlich in Boden und Klima. Diese unterschiedlichen Charaktere herauszuarbeiten und in perfekter Form darzustellen ist das gro\u00dfe Ziel der beiden. Es gelingt ihnen auf eindr\u00fcckliche Weise das herauszuarbeiten. Alle Weine besitzen Tiefe und Komplexit\u00e4t und vor Allem eine gro\u00dfe Individualit\u00e4t. <\/p>\n<p>Copyright Vinaturel 2025<\/p>\n<p>Keywords: <a href=\"https:\/\/wein-werte.com\/de\/shop\/?swoof=1&#038;pa_producer=Chandon-de-Briailles\">Chandon de Briailles<\/a> <a href=\"https:\/\/wein-werte.com\/de\/shop\/?swoof=1&#038;woof_text=Pernand-Vergelesses 1er Cru \"\u00cele des Vergelesses\" , Sans Sulfites Ajout\u00e9s\">Pernand-Vergelesses 1er Cru &#8220;\u00cele des Vergelesses&#8221; , Sans Sulfites Ajout\u00e9s<\/a> 2021 bio <a href=\"https:\/\/wein-werte.com\/de\/shop\/?swoof=1&#038;pa_region=Burgund\">Burgund<\/a> <a href=\"https:\/\/wein-werte.com\/de\/shop\/?swoof=1&#038;pa_country=Frankreich\">Frankreich<\/a><\/p>\n<h3>Vinous<\/h3>\n<p>Punkte: (88-90)<\/p>\n<p>Der Pernand-Vergelesses Ile de Vergelesses 1er Cru 2021 stammt von vier Hektar Rebfl\u00e4che zwischen Wei\u00df- und Rotweinen, die im Durchschnitt 40 Jahre alt sind. In der Nase ist eine leichte St\u00e4ngelnote sp\u00fcrbar. Er ist erdig und erinnert an wilde Hecken. Am Gaumen ist er sch\u00f6n strukturiert und w\u00fcrzig mit schwarzem Pfeffer und Thymian. Im Abgang ist er fest und nur etwas herb. Bis zur Abf\u00fcllung muss er einfach noch etwas an Lebensfreude gewinnen. \u2013 Neal Martin<br \/>Trinkzeitraum: 2024\u20132032<br \/>Testdatum: Januar 2023<\/p>\n<p>Internetseite des Weinguts: <a href=\"http:\/\/www.chandondebriailles.com\/en\/\" target=\"_blank\">http:\/\/www.chandondebriailles.com\/en\/<\/a><\/p>\n","protected":false},"excerpt":{"rendered":"<p>Lieferzeit: 1 bis 2 Arbeitstage (DE), 2 bis 5 Arbeitstage (EU and CH)<\/p>\n","protected":false},"featured_media":1139174,"template":"","meta":[],"product_brand":[],"product_cat":[19],"product_tag":[],"class_list":{"0":"post-1127211","1":"product","2":"type-product","3":"status-publish","4":"has-post-thumbnail","6":"product_cat-unkategorisiert","7":"pa_alcohol-for-filter-12-5","8":"pa_certified-biodynamic-ja-de","9":"pa_certified-organic-ja-de","10":"pa_colour-rot","11":"pa_country-frankreich","12":"pa_grape-pinot-noir-spatburgunder","13":"pa_price-for-filter-10714","14":"pa_producer-chandon-de-briailles","15":"pa_region-burgund","16":"pa_size-ml-6584","17":"pa_sweetness-trocken-de","18":"pa_type-2-still-de","19":"pa_vinous-points-for-filter-20021","20":"pa_vintage-2021-de","21":"entry","22":"has-media","24":"first","25":"instock","26":"taxable","27":"shipping-taxable","28":"purchasable","29":"product-type-simple"},"yoast_head":"<!-- This site is optimized with the Yoast SEO plugin v27.5 - https:\/\/yoast.com\/product\/yoast-seo-wordpress\/ -->\n<title>Chandon de Briailles Pernand-Vergelesses 1er Cru &quot;\u00cele des Vergelesses&quot; 2021<\/title>\n<meta name=\"description\" content=\"Kaufe Chandon de Briailles Pernand-Vergelesses 1er Cru &quot;\u00cele des Vergelesses&quot; 2021 (Pinot Noir, trocken aus Burgund, Frankreich) bei Wein Werte, Ihrem nachhaltigen Onlineshop.\" \/>\n<meta name=\"robots\" content=\"index, follow, max-snippet:-1, max-image-preview:large, max-video-preview:-1\" \/>\n<link rel=\"canonical\" href=\"https:\/\/wein-werte.com\/de\/produkt\/chandon-de-briailles-pernand-vergelesses-1er-cru-ile-des-vergelesses-2021-750ml\/\" \/>\n<meta property=\"og:locale\" content=\"de_DE\" \/>\n<meta property=\"og:type\" content=\"article\" \/>\n<meta property=\"og:title\" content=\"Chandon de Briailles Pernand-Vergelesses 1er Cru &quot;\u00cele des Vergelesses&quot; 2021\" \/>\n<meta property=\"og:description\" content=\"Kaufe Chandon de Briailles Pernand-Vergelesses 1er Cru &quot;\u00cele des Vergelesses&quot; 2021 (Pinot Noir, trocken aus Burgund, Frankreich) bei Wein Werte, Ihrem nachhaltigen Onlineshop.\" \/>\n<meta property=\"og:url\" content=\"https:\/\/wein-werte.com\/de\/produkt\/chandon-de-briailles-pernand-vergelesses-1er-cru-ile-des-vergelesses-2021-750ml\/\" \/>\n<meta property=\"og:site_name\" content=\"Wein Werte\" \/>\n<meta property=\"og:image\" content=\"https:\/\/wein-werte.com\/wp-content\/uploads\/2026\/04\/Chandon-de-Briailles-Pernand-Vergelesses-1er-Cru-Ile-des-Vergelesses-2021-750ml.png\" \/>\n\t<meta property=\"og:image:width\" content=\"325\" \/>\n\t<meta property=\"og:image:height\" content=\"1200\" \/>\n\t<meta property=\"og:image:type\" content=\"image\/png\" \/>\n<meta name=\"twitter:card\" content=\"summary_large_image\" \/>\n<meta name=\"twitter:label1\" content=\"Gesch\u00e4tzte Lesezeit\" \/>\n\t<meta name=\"twitter:data1\" content=\"1\u00a0Minute\" \/>\n<script type=\"application\/ld+json\" class=\"yoast-schema-graph\">{\"@context\":\"https:\\\/\\\/schema.org\",\"@graph\":[{\"@type\":\"WebPage\",\"@id\":\"https:\\\/\\\/wein-werte.com\\\/de\\\/produkt\\\/chandon-de-briailles-pernand-vergelesses-1er-cru-ile-des-vergelesses-2021-750ml\\\/\",\"url\":\"https:\\\/\\\/wein-werte.com\\\/de\\\/produkt\\\/chandon-de-briailles-pernand-vergelesses-1er-cru-ile-des-vergelesses-2021-750ml\\\/\",\"name\":\"Chandon de Briailles Pernand-Vergelesses 1er Cru \\\"\u00cele des Vergelesses\\\" 2021\",\"isPartOf\":{\"@id\":\"https:\\\/\\\/wein-werte.com\\\/de\\\/#website\"},\"primaryImageOfPage\":{\"@id\":\"https:\\\/\\\/wein-werte.com\\\/de\\\/produkt\\\/chandon-de-briailles-pernand-vergelesses-1er-cru-ile-des-vergelesses-2021-750ml\\\/#primaryimage\"},\"image\":{\"@id\":\"https:\\\/\\\/wein-werte.com\\\/de\\\/produkt\\\/chandon-de-briailles-pernand-vergelesses-1er-cru-ile-des-vergelesses-2021-750ml\\\/#primaryimage\"},\"thumbnailUrl\":\"https:\\\/\\\/wein-werte.com\\\/wp-content\\\/uploads\\\/2026\\\/04\\\/Chandon-de-Briailles-Pernand-Vergelesses-1er-Cru-Ile-des-Vergelesses-2021-750ml.png\",\"datePublished\":\"2026-05-05T16:10:56+00:00\",\"description\":\"Kaufe Chandon de Briailles Pernand-Vergelesses 1er Cru \\\"\u00cele des Vergelesses\\\" 2021 (Pinot Noir, trocken aus Burgund, Frankreich) bei Wein Werte, Ihrem nachhaltigen Onlineshop.\",\"breadcrumb\":{\"@id\":\"https:\\\/\\\/wein-werte.com\\\/de\\\/produkt\\\/chandon-de-briailles-pernand-vergelesses-1er-cru-ile-des-vergelesses-2021-750ml\\\/#breadcrumb\"},\"inLanguage\":\"de\",\"potentialAction\":[{\"@type\":\"ReadAction\",\"target\":[\"https:\\\/\\\/wein-werte.com\\\/de\\\/produkt\\\/chandon-de-briailles-pernand-vergelesses-1er-cru-ile-des-vergelesses-2021-750ml\\\/\"]}]},{\"@type\":\"ImageObject\",\"inLanguage\":\"de\",\"@id\":\"https:\\\/\\\/wein-werte.com\\\/de\\\/produkt\\\/chandon-de-briailles-pernand-vergelesses-1er-cru-ile-des-vergelesses-2021-750ml\\\/#primaryimage\",\"url\":\"https:\\\/\\\/wein-werte.com\\\/wp-content\\\/uploads\\\/2026\\\/04\\\/Chandon-de-Briailles-Pernand-Vergelesses-1er-Cru-Ile-des-Vergelesses-2021-750ml.png\",\"contentUrl\":\"https:\\\/\\\/wein-werte.com\\\/wp-content\\\/uploads\\\/2026\\\/04\\\/Chandon-de-Briailles-Pernand-Vergelesses-1er-Cru-Ile-des-Vergelesses-2021-750ml.png\",\"width\":325,\"height\":1200,\"caption\":\"Chandon de Briailles Pernand-Vergelesses 1er Cru \\\"\u00cele des Vergelesses\\\" , Sans Sulfites Ajout\u00e9s 2021 750ml\"},{\"@type\":\"BreadcrumbList\",\"@id\":\"https:\\\/\\\/wein-werte.com\\\/de\\\/produkt\\\/chandon-de-briailles-pernand-vergelesses-1er-cru-ile-des-vergelesses-2021-750ml\\\/#breadcrumb\",\"itemListElement\":[{\"@type\":\"ListItem\",\"position\":1,\"name\":\"Home\",\"item\":\"https:\\\/\\\/wein-werte.com\\\/de\\\/\"},{\"@type\":\"ListItem\",\"position\":2,\"name\":\"Shop\",\"item\":\"https:\\\/\\\/wein-werte.com\\\/de\\\/shop\\\/\"},{\"@type\":\"ListItem\",\"position\":3,\"name\":\"Chandon de Briailles | Burgund | Pernand-Vergelesses 1er Cru &#8220;\u00cele des Vergelesses&#8221; , Sans Sulfites Ajout\u00e9s | 2021 | 750ml | bio\"}]},{\"@type\":\"WebSite\",\"@id\":\"https:\\\/\\\/wein-werte.com\\\/de\\\/#website\",\"url\":\"https:\\\/\\\/wein-werte.com\\\/de\\\/\",\"name\":\"Wein Werte\",\"description\":\"\",\"publisher\":{\"@id\":\"https:\\\/\\\/wein-werte.com\\\/de\\\/#organization\"},\"potentialAction\":[{\"@type\":\"SearchAction\",\"target\":{\"@type\":\"EntryPoint\",\"urlTemplate\":\"https:\\\/\\\/wein-werte.com\\\/de\\\/?s={search_term_string}\"},\"query-input\":{\"@type\":\"PropertyValueSpecification\",\"valueRequired\":true,\"valueName\":\"search_term_string\"}}],\"inLanguage\":\"de\"},{\"@type\":\"Organization\",\"@id\":\"https:\\\/\\\/wein-werte.com\\\/de\\\/#organization\",\"name\":\"Vins Fins Thorrold\",\"url\":\"https:\\\/\\\/wein-werte.com\\\/de\\\/\",\"logo\":{\"@type\":\"ImageObject\",\"inLanguage\":\"de\",\"@id\":\"https:\\\/\\\/wein-werte.com\\\/de\\\/#\\\/schema\\\/logo\\\/image\\\/\",\"url\":\"https:\\\/\\\/wein-werte.com\\\/wp-content\\\/uploads\\\/2023\\\/07\\\/Wein_werte_Logo700-1.png\",\"contentUrl\":\"https:\\\/\\\/wein-werte.com\\\/wp-content\\\/uploads\\\/2023\\\/07\\\/Wein_werte_Logo700-1.png\",\"width\":700,\"height\":272,\"caption\":\"Vins Fins Thorrold\"},\"image\":{\"@id\":\"https:\\\/\\\/wein-werte.com\\\/de\\\/#\\\/schema\\\/logo\\\/image\\\/\"}}]}<\/script>\n<!-- \/ Yoast SEO plugin. -->","yoast_head_json":{"title":"Chandon de Briailles Pernand-Vergelesses 1er Cru \"\u00cele des Vergelesses\" 2021","description":"Kaufe Chandon de Briailles Pernand-Vergelesses 1er Cru \"\u00cele des Vergelesses\" 2021 (Pinot Noir, trocken aus Burgund, Frankreich) bei Wein Werte, Ihrem nachhaltigen Onlineshop.","robots":{"index":"index","follow":"follow","max-snippet":"max-snippet:-1","max-image-preview":"max-image-preview:large","max-video-preview":"max-video-preview:-1"},"canonical":"https:\/\/wein-werte.com\/de\/produkt\/chandon-de-briailles-pernand-vergelesses-1er-cru-ile-des-vergelesses-2021-750ml\/","og_locale":"de_DE","og_type":"article","og_title":"Chandon de Briailles Pernand-Vergelesses 1er Cru \"\u00cele des Vergelesses\" 2021","og_description":"Kaufe Chandon de Briailles Pernand-Vergelesses 1er Cru \"\u00cele des Vergelesses\" 2021 (Pinot Noir, trocken aus Burgund, Frankreich) bei Wein Werte, Ihrem nachhaltigen Onlineshop.","og_url":"https:\/\/wein-werte.com\/de\/produkt\/chandon-de-briailles-pernand-vergelesses-1er-cru-ile-des-vergelesses-2021-750ml\/","og_site_name":"Wein Werte","og_image":[{"width":325,"height":1200,"url":"https:\/\/wein-werte.com\/wp-content\/uploads\/2026\/04\/Chandon-de-Briailles-Pernand-Vergelesses-1er-Cru-Ile-des-Vergelesses-2021-750ml.png","type":"image\/png"}],"twitter_card":"summary_large_image","twitter_misc":{"Gesch\u00e4tzte Lesezeit":"1\u00a0Minute"},"schema":{"@context":"https:\/\/schema.org","@graph":[{"@type":"WebPage","@id":"https:\/\/wein-werte.com\/de\/produkt\/chandon-de-briailles-pernand-vergelesses-1er-cru-ile-des-vergelesses-2021-750ml\/","url":"https:\/\/wein-werte.com\/de\/produkt\/chandon-de-briailles-pernand-vergelesses-1er-cru-ile-des-vergelesses-2021-750ml\/","name":"Chandon de Briailles Pernand-Vergelesses 1er Cru \"\u00cele des Vergelesses\" 2021","isPartOf":{"@id":"https:\/\/wein-werte.com\/de\/#website"},"primaryImageOfPage":{"@id":"https:\/\/wein-werte.com\/de\/produkt\/chandon-de-briailles-pernand-vergelesses-1er-cru-ile-des-vergelesses-2021-750ml\/#primaryimage"},"image":{"@id":"https:\/\/wein-werte.com\/de\/produkt\/chandon-de-briailles-pernand-vergelesses-1er-cru-ile-des-vergelesses-2021-750ml\/#primaryimage"},"thumbnailUrl":"https:\/\/wein-werte.com\/wp-content\/uploads\/2026\/04\/Chandon-de-Briailles-Pernand-Vergelesses-1er-Cru-Ile-des-Vergelesses-2021-750ml.png","datePublished":"2026-05-05T16:10:56+00:00","description":"Kaufe Chandon de Briailles Pernand-Vergelesses 1er Cru \"\u00cele des Vergelesses\" 2021 (Pinot Noir, trocken aus Burgund, Frankreich) bei Wein Werte, Ihrem nachhaltigen Onlineshop.","breadcrumb":{"@id":"https:\/\/wein-werte.com\/de\/produkt\/chandon-de-briailles-pernand-vergelesses-1er-cru-ile-des-vergelesses-2021-750ml\/#breadcrumb"},"inLanguage":"de","potentialAction":[{"@type":"ReadAction","target":["https:\/\/wein-werte.com\/de\/produkt\/chandon-de-briailles-pernand-vergelesses-1er-cru-ile-des-vergelesses-2021-750ml\/"]}]},{"@type":"ImageObject","inLanguage":"de","@id":"https:\/\/wein-werte.com\/de\/produkt\/chandon-de-briailles-pernand-vergelesses-1er-cru-ile-des-vergelesses-2021-750ml\/#primaryimage","url":"https:\/\/wein-werte.com\/wp-content\/uploads\/2026\/04\/Chandon-de-Briailles-Pernand-Vergelesses-1er-Cru-Ile-des-Vergelesses-2021-750ml.png","contentUrl":"https:\/\/wein-werte.com\/wp-content\/uploads\/2026\/04\/Chandon-de-Briailles-Pernand-Vergelesses-1er-Cru-Ile-des-Vergelesses-2021-750ml.png","width":325,"height":1200,"caption":"Chandon de Briailles Pernand-Vergelesses 1er Cru \"\u00cele des Vergelesses\" , Sans Sulfites Ajout\u00e9s 2021 750ml"},{"@type":"BreadcrumbList","@id":"https:\/\/wein-werte.com\/de\/produkt\/chandon-de-briailles-pernand-vergelesses-1er-cru-ile-des-vergelesses-2021-750ml\/#breadcrumb","itemListElement":[{"@type":"ListItem","position":1,"name":"Home","item":"https:\/\/wein-werte.com\/de\/"},{"@type":"ListItem","position":2,"name":"Shop","item":"https:\/\/wein-werte.com\/de\/shop\/"},{"@type":"ListItem","position":3,"name":"Chandon de Briailles | Burgund | Pernand-Vergelesses 1er Cru &#8220;\u00cele des Vergelesses&#8221; , Sans Sulfites Ajout\u00e9s | 2021 | 750ml | bio"}]},{"@type":"WebSite","@id":"https:\/\/wein-werte.com\/de\/#website","url":"https:\/\/wein-werte.com\/de\/","name":"Wein Werte","description":"","publisher":{"@id":"https:\/\/wein-werte.com\/de\/#organization"},"potentialAction":[{"@type":"SearchAction","target":{"@type":"EntryPoint","urlTemplate":"https:\/\/wein-werte.com\/de\/?s={search_term_string}"},"query-input":{"@type":"PropertyValueSpecification","valueRequired":true,"valueName":"search_term_string"}}],"inLanguage":"de"},{"@type":"Organization","@id":"https:\/\/wein-werte.com\/de\/#organization","name":"Vins Fins Thorrold","url":"https:\/\/wein-werte.com\/de\/","logo":{"@type":"ImageObject","inLanguage":"de","@id":"https:\/\/wein-werte.com\/de\/#\/schema\/logo\/image\/","url":"https:\/\/wein-werte.com\/wp-content\/uploads\/2023\/07\/Wein_werte_Logo700-1.png","contentUrl":"https:\/\/wein-werte.com\/wp-content\/uploads\/2023\/07\/Wein_werte_Logo700-1.png","width":700,"height":272,"caption":"Vins Fins Thorrold"},"image":{"@id":"https:\/\/wein-werte.com\/de\/#\/schema\/logo\/image\/"}}]}},"_links":{"self":[{"href":"https:\/\/wein-werte.com\/de\/wp-json\/wp\/v2\/product\/1127211","targetHints":{"allow":["GET"]}}],"collection":[{"href":"https:\/\/wein-werte.com\/de\/wp-json\/wp\/v2\/product"}],"about":[{"href":"https:\/\/wein-werte.com\/de\/wp-json\/wp\/v2\/types\/product"}],"wp:featuredmedia":[{"embeddable":true,"href":"https:\/\/wein-werte.com\/de\/wp-json\/wp\/v2\/media\/1139174"}],"wp:attachment":[{"href":"https:\/\/wein-werte.com\/de\/wp-json\/wp\/v2\/media?parent=1127211"}],"wp:term":[{"taxonomy":"product_brand","embeddable":true,"href":"https:\/\/wein-werte.com\/de\/wp-json\/wp\/v2\/product_brand?post=1127211"},{"taxonomy":"product_cat","embeddable":true,"href":"https:\/\/wein-werte.com\/de\/wp-json\/wp\/v2\/product_cat?post=1127211"},{"taxonomy":"product_tag","embeddable":true,"href":"https:\/\/wein-werte.com\/de\/wp-json\/wp\/v2\/product_tag?post=1127211"}],"curies":[{"name":"wp","href":"https:\/\/api.w.org\/{rel}","templated":true}]}}