{"id":1127196,"date":"2026-05-12T15:37:47","date_gmt":"2026-05-12T13:37:47","guid":{"rendered":"https:\/\/wein-werte.com\/product\/chandon-de-briailles-savigny-les-beaune-blanc-les-saucours-2021-750ml\/"},"modified":"2026-05-12T19:53:26","modified_gmt":"2026-05-12T17:53:26","slug":"chandon-de-briailles-savigny-les-beaune-blanc-les-saucours-2021-750ml","status":"publish","type":"product","link":"https:\/\/wein-werte.com\/de\/produkt\/chandon-de-briailles-savigny-les-beaune-blanc-les-saucours-2021-750ml\/","title":{"rendered":"Chandon de Briailles | Burgund | Savigny-L\u00e8s-Beaune blanc &#8220;Les Saucours&#8221; Sans Sulfites Ajout\u00e9s AOC | 2021 | 750ml | bio"},"content":{"rendered":"<p>Produktbeschreibung f\u00fcr Chandon de Briailles Savigny-L\u00e8s-Beaune blanc &#8220;Les Saucours&#8221; Sans Sulfites Ajout\u00e9s AOC 2021 (bio)<\/p>\n<p> Der Wein stammt aus der Einzellage Les Saucours. Die Parzelle liegt im S\u00fcden von Savigny-l\u00e8s-Beaune\u00a0am Weg nach Beaune auf mittlerer H\u00f6he, ausgerichtet nach Osten. Mit ihren acht Jahre alten Chardonnay-Reben umfasst sie 0,6 Hektar und wurde mit einer Stockdichte von 10.000 Rebst\u00f6cken\/Hektar angelegt. Der Ertrag liegt bei rund 35 hl\/ha. Der Boden ist gepr\u00e4gt von Ton und Lehm auf Kalkstein (Marnes blanches). Vergoren wurde der Wein in Fudern und Tonneaux, ausgebaut in gebrauchten Barriques und Tonneaux mit 15 bis 18 Monaten auf der Feinhefe. Der Wein wurde ohne Zugabe von Schwefel gef\u00fcllt. <\/p>\n<h5>Info<\/h5>\n<p> Die Parzelle Les Saucours umfasst 0,5995 ha und steht auf einem Gemisch aus Kalk und Lehm. Die Pflanzdichte der noch recht jungen Anlage (7 Jahre) betr\u00e4gt 10.000 St\u00f6cke he Hektar. 35hl Ertrag bringt die Anlage derzeit ein. Die Vinifikation findet in Barriques(228l) und demi-muids(600l) statt. Der Ausbau auf der Hefe findet in den gleichen F\u00e4ssern statt und dauert 15-18 Monate an. <\/p>\n<h5>Farbe<\/h5>\n<p> Funkelndes Goldgelb mit zartgr\u00fcnen und hellen Reflexen <\/p>\n<h5>Nase<\/h5>\n<p> Welch spektakul\u00e4rer Auftritt. Herkunft, Rebsorte, Charakter in Reinform. Da steht kein Ansatz von Holz und den entsprechenden Aromaten im Weg. Er wirkt salin, maritim und erfrischend. Austernschale, frische Algen, eine Brise Gischt und nasse Kreide unterstreichen dies. Gerade diese kreidige Note harmoniert auch wunderbar mit seinem erdigen, w\u00fcrzigen Charakter. Seien Frucht ist noch sehr zaghaft. Ich w\u00fcrde sie mit frischer Birne, Quitte und Khaki neben etwas Mango beziffern. Daf\u00fcr stechen wieder wei\u00dfer Pfeffer und eine Vielzahl getrockneter Kr\u00e4uter aus dem Gew\u00fcrzschrank hervor. Oregano, Estragon, Salbei und Lorbeerbl\u00e4tter pr\u00e4gen ihn deutlich. <\/p>\n<h5>Gaumen<\/h5>\n<p> Genau diese Aromatik f\u00fchrt er zielsicher \u00fcber die Lippen zum Gaumen. Er ist absolut pr\u00e4zise und linear. Das entspricht komplett den Erwartungen nach den ersten sensorischen Eindr\u00fccken. Voller kreidiger Mineralit\u00e4t spiel er stolz und gro\u00df auf. Eine feine Phenolstruktur erinnert deutlich an Sencha-Tee und dieser Chardonnay profitiert sehr von etwas mehr R\u00fcckgrat. Seine maritime Aromatik, voller K\u00fchle und Komplexit\u00e4t, pr\u00e4gt den Mundraum minutenlang. Absolut salzig kommt er daher und l\u00e4sst der Frucht keinen Platz sich zu entfalten. Auch im Nachhall lebt er von den getrockneten Kr\u00e4utern der Nase.<\/p>\n<p>Copyright Vinaturel 2025<\/p>\n<p>Keywords: <a href=\"https:\/\/wein-werte.com\/de\/shop\/?swoof=1&#038;pa_producer=Chandon-de-Briailles\">Chandon de Briailles<\/a> <a href=\"https:\/\/wein-werte.com\/de\/shop\/?swoof=1&#038;woof_text=Savigny-L\u00e8s-Beaune blanc \"Les Saucours\" Sans Sulfites Ajout\u00e9s AOC\">Savigny-L\u00e8s-Beaune blanc &#8220;Les Saucours&#8221; Sans Sulfites Ajout\u00e9s AOC<\/a> 2021 bio <a href=\"https:\/\/wein-werte.com\/de\/shop\/?swoof=1&#038;pa_region=Burgund\">Burgund<\/a> <a href=\"https:\/\/wein-werte.com\/de\/shop\/?swoof=1&#038;pa_country=Frankreich\">Frankreich<\/a><\/p>\n<p>Internetseite des Weinguts: <a href=\"http:\/\/www.chandondebriailles.com\/en\/\" target=\"_blank\">http:\/\/www.chandondebriailles.com\/en\/<\/a><\/p>\n","protected":false},"excerpt":{"rendered":"<div style=\"font-size: 14px;\">\n<p>Lieferzeit: 1 bis 2 Arbeitstage (DE), 2 bis 5 Arbeitstage (EU und CH)<\/p>\n<p>Ungef\u00e4hrer Energiegehalt pro 125-ml-Glas: 105 kcal<\/p>\n<\/p><\/div>\n","protected":false},"featured_media":1139162,"template":"","meta":[],"product_brand":[],"product_cat":[19],"product_tag":[],"class_list":{"0":"post-1127196","1":"product","2":"type-product","3":"status-publish","4":"has-post-thumbnail","6":"product_cat-unkategorisiert","7":"pa_alcohol-for-filter-12897","8":"pa_certified-biodynamic-ja-de","9":"pa_certified-organic-ja-de","10":"pa_colour-weiss","11":"pa_country-frankreich","12":"pa_grape-chardonnay","13":"pa_price-for-filter-10622","14":"pa_producer-chandon-de-briailles","15":"pa_region-burgund","16":"pa_size-ml-6584","17":"pa_sweetness-trocken-de","18":"pa_type-2-still-de","19":"pa_vintage-2021-de","20":"entry","21":"has-media","23":"first","24":"instock","25":"taxable","26":"shipping-taxable","27":"purchasable","28":"product-type-simple"},"yoast_head":"<!-- This site is optimized with the Yoast SEO plugin v27.6 - https:\/\/yoast.com\/product\/yoast-seo-wordpress\/ -->\n<title>Chandon de Briailles Savigny-L\u00e8s-Beaune blanc &quot;Les Saucours&quot; 2021<\/title>\n<meta name=\"description\" content=\"Kaufe Chandon de Briailles Savigny-L\u00e8s-Beaune blanc &quot;Les Saucours&quot; 2021 (Chardonnay, trocken aus Burgund, Frankreich) bei Wein Werte, Ihrem nachhaltigen Onlineshop.\" \/>\n<meta name=\"robots\" content=\"index, follow, max-snippet:-1, max-image-preview:large, max-video-preview:-1\" \/>\n<link rel=\"canonical\" href=\"https:\/\/wein-werte.com\/de\/produkt\/chandon-de-briailles-savigny-les-beaune-blanc-les-saucours-2021-750ml\/\" \/>\n<meta property=\"og:locale\" content=\"de_DE\" \/>\n<meta property=\"og:type\" content=\"article\" \/>\n<meta property=\"og:title\" content=\"Chandon de Briailles Savigny-L\u00e8s-Beaune blanc &quot;Les Saucours&quot; 2021\" \/>\n<meta property=\"og:description\" content=\"Kaufe Chandon de Briailles Savigny-L\u00e8s-Beaune blanc &quot;Les Saucours&quot; 2021 (Chardonnay, trocken aus Burgund, Frankreich) bei Wein Werte, Ihrem nachhaltigen Onlineshop.\" \/>\n<meta property=\"og:url\" content=\"https:\/\/wein-werte.com\/de\/produkt\/chandon-de-briailles-savigny-les-beaune-blanc-les-saucours-2021-750ml\/\" \/>\n<meta property=\"og:site_name\" content=\"Wein Werte\" \/>\n<meta property=\"article:modified_time\" content=\"2026-05-12T17:53:26+00:00\" \/>\n<meta property=\"og:image\" content=\"https:\/\/wein-werte.com\/wp-content\/uploads\/2026\/04\/Chandon-de-Briailles-Savigny-Les-Beaune-blanc-Les-Saucours-2021-750ml.png\" \/>\n\t<meta property=\"og:image:width\" content=\"328\" \/>\n\t<meta property=\"og:image:height\" content=\"1200\" \/>\n\t<meta property=\"og:image:type\" content=\"image\/png\" \/>\n<meta name=\"twitter:card\" content=\"summary_large_image\" \/>\n<meta name=\"twitter:label1\" content=\"Gesch\u00e4tzte Lesezeit\" \/>\n\t<meta name=\"twitter:data1\" content=\"2\u00a0Minuten\" \/>\n<script type=\"application\/ld+json\" class=\"yoast-schema-graph\">{\"@context\":\"https:\\\/\\\/schema.org\",\"@graph\":[{\"@type\":\"WebPage\",\"@id\":\"https:\\\/\\\/wein-werte.com\\\/de\\\/produkt\\\/chandon-de-briailles-savigny-les-beaune-blanc-les-saucours-2021-750ml\\\/\",\"url\":\"https:\\\/\\\/wein-werte.com\\\/de\\\/produkt\\\/chandon-de-briailles-savigny-les-beaune-blanc-les-saucours-2021-750ml\\\/\",\"name\":\"Chandon de Briailles Savigny-L\u00e8s-Beaune blanc \\\"Les Saucours\\\" 2021\",\"isPartOf\":{\"@id\":\"https:\\\/\\\/wein-werte.com\\\/de\\\/#website\"},\"primaryImageOfPage\":{\"@id\":\"https:\\\/\\\/wein-werte.com\\\/de\\\/produkt\\\/chandon-de-briailles-savigny-les-beaune-blanc-les-saucours-2021-750ml\\\/#primaryimage\"},\"image\":{\"@id\":\"https:\\\/\\\/wein-werte.com\\\/de\\\/produkt\\\/chandon-de-briailles-savigny-les-beaune-blanc-les-saucours-2021-750ml\\\/#primaryimage\"},\"thumbnailUrl\":\"https:\\\/\\\/wein-werte.com\\\/wp-content\\\/uploads\\\/2026\\\/04\\\/Chandon-de-Briailles-Savigny-Les-Beaune-blanc-Les-Saucours-2021-750ml.png\",\"datePublished\":\"2026-05-12T13:37:47+00:00\",\"dateModified\":\"2026-05-12T17:53:26+00:00\",\"description\":\"Kaufe Chandon de Briailles Savigny-L\u00e8s-Beaune blanc \\\"Les Saucours\\\" 2021 (Chardonnay, trocken aus Burgund, Frankreich) bei Wein Werte, Ihrem nachhaltigen Onlineshop.\",\"breadcrumb\":{\"@id\":\"https:\\\/\\\/wein-werte.com\\\/de\\\/produkt\\\/chandon-de-briailles-savigny-les-beaune-blanc-les-saucours-2021-750ml\\\/#breadcrumb\"},\"inLanguage\":\"de\",\"potentialAction\":[{\"@type\":\"ReadAction\",\"target\":[\"https:\\\/\\\/wein-werte.com\\\/de\\\/produkt\\\/chandon-de-briailles-savigny-les-beaune-blanc-les-saucours-2021-750ml\\\/\"]}]},{\"@type\":\"ImageObject\",\"inLanguage\":\"de\",\"@id\":\"https:\\\/\\\/wein-werte.com\\\/de\\\/produkt\\\/chandon-de-briailles-savigny-les-beaune-blanc-les-saucours-2021-750ml\\\/#primaryimage\",\"url\":\"https:\\\/\\\/wein-werte.com\\\/wp-content\\\/uploads\\\/2026\\\/04\\\/Chandon-de-Briailles-Savigny-Les-Beaune-blanc-Les-Saucours-2021-750ml.png\",\"contentUrl\":\"https:\\\/\\\/wein-werte.com\\\/wp-content\\\/uploads\\\/2026\\\/04\\\/Chandon-de-Briailles-Savigny-Les-Beaune-blanc-Les-Saucours-2021-750ml.png\",\"width\":328,\"height\":1200,\"caption\":\"Chandon de Briailles Savigny-L\u00e8s-Beaune blanc \\\"Les Saucours\\\" Sans Sulfites Ajout\u00e9s AOC 2021 750ml\"},{\"@type\":\"BreadcrumbList\",\"@id\":\"https:\\\/\\\/wein-werte.com\\\/de\\\/produkt\\\/chandon-de-briailles-savigny-les-beaune-blanc-les-saucours-2021-750ml\\\/#breadcrumb\",\"itemListElement\":[{\"@type\":\"ListItem\",\"position\":1,\"name\":\"Home\",\"item\":\"https:\\\/\\\/wein-werte.com\\\/de\\\/\"},{\"@type\":\"ListItem\",\"position\":2,\"name\":\"Shop\",\"item\":\"https:\\\/\\\/wein-werte.com\\\/de\\\/shop\\\/\"},{\"@type\":\"ListItem\",\"position\":3,\"name\":\"Chandon de Briailles | Burgund | Savigny-L\u00e8s-Beaune blanc &#8220;Les Saucours&#8221; Sans Sulfites Ajout\u00e9s AOC | 2021 | 750ml | bio\"}]},{\"@type\":\"WebSite\",\"@id\":\"https:\\\/\\\/wein-werte.com\\\/de\\\/#website\",\"url\":\"https:\\\/\\\/wein-werte.com\\\/de\\\/\",\"name\":\"Wein Werte\",\"description\":\"\",\"publisher\":{\"@id\":\"https:\\\/\\\/wein-werte.com\\\/de\\\/#organization\"},\"potentialAction\":[{\"@type\":\"SearchAction\",\"target\":{\"@type\":\"EntryPoint\",\"urlTemplate\":\"https:\\\/\\\/wein-werte.com\\\/de\\\/?s={search_term_string}\"},\"query-input\":{\"@type\":\"PropertyValueSpecification\",\"valueRequired\":true,\"valueName\":\"search_term_string\"}}],\"inLanguage\":\"de\"},{\"@type\":\"Organization\",\"@id\":\"https:\\\/\\\/wein-werte.com\\\/de\\\/#organization\",\"name\":\"Vins Fins Thorrold\",\"url\":\"https:\\\/\\\/wein-werte.com\\\/de\\\/\",\"logo\":{\"@type\":\"ImageObject\",\"inLanguage\":\"de\",\"@id\":\"https:\\\/\\\/wein-werte.com\\\/de\\\/#\\\/schema\\\/logo\\\/image\\\/\",\"url\":\"https:\\\/\\\/wein-werte.com\\\/wp-content\\\/uploads\\\/2023\\\/07\\\/Wein_werte_Logo700-1.png\",\"contentUrl\":\"https:\\\/\\\/wein-werte.com\\\/wp-content\\\/uploads\\\/2023\\\/07\\\/Wein_werte_Logo700-1.png\",\"width\":700,\"height\":272,\"caption\":\"Vins Fins Thorrold\"},\"image\":{\"@id\":\"https:\\\/\\\/wein-werte.com\\\/de\\\/#\\\/schema\\\/logo\\\/image\\\/\"}}]}<\/script>\n<!-- \/ Yoast SEO plugin. -->","yoast_head_json":{"title":"Chandon de Briailles Savigny-L\u00e8s-Beaune blanc \"Les Saucours\" 2021","description":"Kaufe Chandon de Briailles Savigny-L\u00e8s-Beaune blanc \"Les Saucours\" 2021 (Chardonnay, trocken aus Burgund, Frankreich) bei Wein Werte, Ihrem nachhaltigen Onlineshop.","robots":{"index":"index","follow":"follow","max-snippet":"max-snippet:-1","max-image-preview":"max-image-preview:large","max-video-preview":"max-video-preview:-1"},"canonical":"https:\/\/wein-werte.com\/de\/produkt\/chandon-de-briailles-savigny-les-beaune-blanc-les-saucours-2021-750ml\/","og_locale":"de_DE","og_type":"article","og_title":"Chandon de Briailles Savigny-L\u00e8s-Beaune blanc \"Les Saucours\" 2021","og_description":"Kaufe Chandon de Briailles Savigny-L\u00e8s-Beaune blanc \"Les Saucours\" 2021 (Chardonnay, trocken aus Burgund, Frankreich) bei Wein Werte, Ihrem nachhaltigen Onlineshop.","og_url":"https:\/\/wein-werte.com\/de\/produkt\/chandon-de-briailles-savigny-les-beaune-blanc-les-saucours-2021-750ml\/","og_site_name":"Wein Werte","article_modified_time":"2026-05-12T17:53:26+00:00","og_image":[{"width":328,"height":1200,"url":"https:\/\/wein-werte.com\/wp-content\/uploads\/2026\/04\/Chandon-de-Briailles-Savigny-Les-Beaune-blanc-Les-Saucours-2021-750ml.png","type":"image\/png"}],"twitter_card":"summary_large_image","twitter_misc":{"Gesch\u00e4tzte Lesezeit":"2\u00a0Minuten"},"schema":{"@context":"https:\/\/schema.org","@graph":[{"@type":"WebPage","@id":"https:\/\/wein-werte.com\/de\/produkt\/chandon-de-briailles-savigny-les-beaune-blanc-les-saucours-2021-750ml\/","url":"https:\/\/wein-werte.com\/de\/produkt\/chandon-de-briailles-savigny-les-beaune-blanc-les-saucours-2021-750ml\/","name":"Chandon de Briailles Savigny-L\u00e8s-Beaune blanc \"Les Saucours\" 2021","isPartOf":{"@id":"https:\/\/wein-werte.com\/de\/#website"},"primaryImageOfPage":{"@id":"https:\/\/wein-werte.com\/de\/produkt\/chandon-de-briailles-savigny-les-beaune-blanc-les-saucours-2021-750ml\/#primaryimage"},"image":{"@id":"https:\/\/wein-werte.com\/de\/produkt\/chandon-de-briailles-savigny-les-beaune-blanc-les-saucours-2021-750ml\/#primaryimage"},"thumbnailUrl":"https:\/\/wein-werte.com\/wp-content\/uploads\/2026\/04\/Chandon-de-Briailles-Savigny-Les-Beaune-blanc-Les-Saucours-2021-750ml.png","datePublished":"2026-05-12T13:37:47+00:00","dateModified":"2026-05-12T17:53:26+00:00","description":"Kaufe Chandon de Briailles Savigny-L\u00e8s-Beaune blanc \"Les Saucours\" 2021 (Chardonnay, trocken aus Burgund, Frankreich) bei Wein Werte, Ihrem nachhaltigen Onlineshop.","breadcrumb":{"@id":"https:\/\/wein-werte.com\/de\/produkt\/chandon-de-briailles-savigny-les-beaune-blanc-les-saucours-2021-750ml\/#breadcrumb"},"inLanguage":"de","potentialAction":[{"@type":"ReadAction","target":["https:\/\/wein-werte.com\/de\/produkt\/chandon-de-briailles-savigny-les-beaune-blanc-les-saucours-2021-750ml\/"]}]},{"@type":"ImageObject","inLanguage":"de","@id":"https:\/\/wein-werte.com\/de\/produkt\/chandon-de-briailles-savigny-les-beaune-blanc-les-saucours-2021-750ml\/#primaryimage","url":"https:\/\/wein-werte.com\/wp-content\/uploads\/2026\/04\/Chandon-de-Briailles-Savigny-Les-Beaune-blanc-Les-Saucours-2021-750ml.png","contentUrl":"https:\/\/wein-werte.com\/wp-content\/uploads\/2026\/04\/Chandon-de-Briailles-Savigny-Les-Beaune-blanc-Les-Saucours-2021-750ml.png","width":328,"height":1200,"caption":"Chandon de Briailles Savigny-L\u00e8s-Beaune blanc \"Les Saucours\" Sans Sulfites Ajout\u00e9s AOC 2021 750ml"},{"@type":"BreadcrumbList","@id":"https:\/\/wein-werte.com\/de\/produkt\/chandon-de-briailles-savigny-les-beaune-blanc-les-saucours-2021-750ml\/#breadcrumb","itemListElement":[{"@type":"ListItem","position":1,"name":"Home","item":"https:\/\/wein-werte.com\/de\/"},{"@type":"ListItem","position":2,"name":"Shop","item":"https:\/\/wein-werte.com\/de\/shop\/"},{"@type":"ListItem","position":3,"name":"Chandon de Briailles | Burgund | Savigny-L\u00e8s-Beaune blanc &#8220;Les Saucours&#8221; Sans Sulfites Ajout\u00e9s AOC | 2021 | 750ml | bio"}]},{"@type":"WebSite","@id":"https:\/\/wein-werte.com\/de\/#website","url":"https:\/\/wein-werte.com\/de\/","name":"Wein Werte","description":"","publisher":{"@id":"https:\/\/wein-werte.com\/de\/#organization"},"potentialAction":[{"@type":"SearchAction","target":{"@type":"EntryPoint","urlTemplate":"https:\/\/wein-werte.com\/de\/?s={search_term_string}"},"query-input":{"@type":"PropertyValueSpecification","valueRequired":true,"valueName":"search_term_string"}}],"inLanguage":"de"},{"@type":"Organization","@id":"https:\/\/wein-werte.com\/de\/#organization","name":"Vins Fins Thorrold","url":"https:\/\/wein-werte.com\/de\/","logo":{"@type":"ImageObject","inLanguage":"de","@id":"https:\/\/wein-werte.com\/de\/#\/schema\/logo\/image\/","url":"https:\/\/wein-werte.com\/wp-content\/uploads\/2023\/07\/Wein_werte_Logo700-1.png","contentUrl":"https:\/\/wein-werte.com\/wp-content\/uploads\/2023\/07\/Wein_werte_Logo700-1.png","width":700,"height":272,"caption":"Vins Fins Thorrold"},"image":{"@id":"https:\/\/wein-werte.com\/de\/#\/schema\/logo\/image\/"}}]}},"_links":{"self":[{"href":"https:\/\/wein-werte.com\/de\/wp-json\/wp\/v2\/product\/1127196","targetHints":{"allow":["GET"]}}],"collection":[{"href":"https:\/\/wein-werte.com\/de\/wp-json\/wp\/v2\/product"}],"about":[{"href":"https:\/\/wein-werte.com\/de\/wp-json\/wp\/v2\/types\/product"}],"wp:featuredmedia":[{"embeddable":true,"href":"https:\/\/wein-werte.com\/de\/wp-json\/wp\/v2\/media\/1139162"}],"wp:attachment":[{"href":"https:\/\/wein-werte.com\/de\/wp-json\/wp\/v2\/media?parent=1127196"}],"wp:term":[{"taxonomy":"product_brand","embeddable":true,"href":"https:\/\/wein-werte.com\/de\/wp-json\/wp\/v2\/product_brand?post=1127196"},{"taxonomy":"product_cat","embeddable":true,"href":"https:\/\/wein-werte.com\/de\/wp-json\/wp\/v2\/product_cat?post=1127196"},{"taxonomy":"product_tag","embeddable":true,"href":"https:\/\/wein-werte.com\/de\/wp-json\/wp\/v2\/product_tag?post=1127196"}],"curies":[{"name":"wp","href":"https:\/\/api.w.org\/{rel}","templated":true}]}}