{"id":1127186,"date":"2026-05-05T18:10:55","date_gmt":"2026-05-05T16:10:55","guid":{"rendered":"https:\/\/wein-werte.com\/product\/chandon-de-briailles-pernand-1er-cru-ile-des-vergelesses-la-vie-est-belle-2020-750ml\/"},"modified":"2026-04-27T11:40:26","modified_gmt":"2026-04-27T09:40:26","slug":"chandon-de-briailles-pernand-1er-cru-ile-des-vergelesses-la-vie-est-belle-2020-750ml","status":"publish","type":"product","link":"https:\/\/wein-werte.com\/de\/produkt\/chandon-de-briailles-pernand-1er-cru-ile-des-vergelesses-la-vie-est-belle-2020-750ml\/","title":{"rendered":"Chandon de Briailles | Burgund | Pernand 1er Cru &#8220;\u00cele des Vergelesses&#8221; La vie est Belle , Sans Sulfites Ajout\u00e9s AOC | 2020 | 750ml | bio"},"content":{"rendered":"<p>Produktbeschreibung f\u00fcr Chandon de Briailles Pernand 1er Cru &#8220;\u00cele des Vergelesses&#8221; La vie est Belle , Sans Sulfites Ajout\u00e9s AOC 2020 (bio)<\/p>\n<p> Das seit 1834 in Familienbesitz befindliche und in Savigny-l\u00e8s-Beaune beheimatete Weingut Chandon de Briailles wird von den beiden Geschwistern Claude und Fran\u00e7ois de Nicolay gef\u00fchrt. Dabei k\u00fcmmert sich Fran\u00e7ois um die 14 Hektar Weinberge und den Vertrieb, w\u00e4hrend Claude die Weine im Keller vinifiziert. Das Weingut besitzt beste Parzellen in Premier- und Grand-Cru-Lagen wie Aloxe-Corton, Corton-Charlemagne und \u00cele de Vergelesses. Die Geschwister haben sich 2005 der Biodynamie zugewandt und 2011 den gesamten Besitz zertifizieren lassen. Chardonnay wie Pinot Noir werden kaum noch entrappt. Der Chardonnay wird als Ganztraube langsam in die Barriques und Tonneaux gepresst, die roten Trauben werden in Holzcuves vergoren. Der Neuholzanteil liegt kaum \u00fcber 15 %. Die Weine werden ohne Filtration mit minimaler Schwefelung und in Teilen auch ganz ohne Schwefel gef\u00fcllt, oft direkt aus dem Fass. <\/p>\n<p>Copyright Vinaturel 2025<\/p>\n<p>Keywords: <a href=\"https:\/\/wein-werte.com\/de\/shop\/?swoof=1&#038;pa_producer=Chandon-de-Briailles\">Chandon de Briailles<\/a> <a href=\"https:\/\/wein-werte.com\/de\/shop\/?swoof=1&#038;woof_text=Pernand 1er Cru \"\u00cele des Vergelesses\" La vie est Belle , Sans Sulfites Ajout\u00e9s AOC\">Pernand 1er Cru &#8220;\u00cele des Vergelesses&#8221; La vie est Belle , Sans Sulfites Ajout\u00e9s AOC<\/a> 2020 bio <a href=\"https:\/\/wein-werte.com\/de\/shop\/?swoof=1&#038;pa_region=Burgund\">Burgund<\/a> <a href=\"https:\/\/wein-werte.com\/de\/shop\/?swoof=1&#038;pa_country=Frankreich\">Frankreich<\/a><\/p>\n<p>Internetseite des Weinguts: <a href=\"http:\/\/www.chandondebriailles.com\/en\/\" target=\"_blank\">http:\/\/www.chandondebriailles.com\/en\/<\/a><\/p>\n","protected":false},"excerpt":{"rendered":"<p>Lieferzeit: 1 bis 2 Arbeitstage (DE), 2 bis 5 Arbeitstage (EU and CH)<\/p>\n","protected":false},"featured_media":1139154,"template":"","meta":[],"product_brand":[],"product_cat":[19],"product_tag":[],"class_list":{"0":"post-1127186","1":"product","2":"type-product","3":"status-publish","4":"has-post-thumbnail","6":"product_cat-unkategorisiert","7":"pa_alcohol-for-filter-12892","8":"pa_certified-biodynamic-ja-de","9":"pa_certified-organic-ja-de","10":"pa_colour-weiss","11":"pa_country-frankreich","12":"pa_grape-weisburgunder-pinot-blanc","13":"pa_price-for-filter-10646","14":"pa_producer-chandon-de-briailles","15":"pa_region-burgund","16":"pa_size-ml-6584","17":"pa_sweetness-trocken-de","18":"pa_type-2-still-de","19":"pa_vintage-2020-de","20":"entry","21":"has-media","23":"first","24":"instock","25":"taxable","26":"shipping-taxable","27":"purchasable","28":"product-type-simple"},"yoast_head":"<!-- This site is optimized with the Yoast SEO plugin v27.5 - https:\/\/yoast.com\/product\/yoast-seo-wordpress\/ -->\n<title>Chandon de Briailles Pernand 1er Cru &quot;\u00cele des Vergelesses&quot; La vie est Belle 2020<\/title>\n<meta name=\"description\" content=\"Kaufe Chandon de Briailles Pernand 1er Cru &quot;\u00cele des Vergelesses&quot; La vie est Belle 2020 (Wei\u00dfburgunder, trocken aus Burgund, Frankreich) bei Wein Werte, Ihrem nachhaltigen Onlineshop.\" \/>\n<meta name=\"robots\" content=\"index, follow, max-snippet:-1, max-image-preview:large, max-video-preview:-1\" \/>\n<link rel=\"canonical\" href=\"https:\/\/wein-werte.com\/de\/produkt\/chandon-de-briailles-pernand-1er-cru-ile-des-vergelesses-la-vie-est-belle-2020-750ml\/\" \/>\n<meta property=\"og:locale\" content=\"de_DE\" \/>\n<meta property=\"og:type\" content=\"article\" \/>\n<meta property=\"og:title\" content=\"Chandon de Briailles Pernand 1er Cru &quot;\u00cele des Vergelesses&quot; La vie est Belle 2020\" \/>\n<meta property=\"og:description\" content=\"Kaufe Chandon de Briailles Pernand 1er Cru &quot;\u00cele des Vergelesses&quot; La vie est Belle 2020 (Wei\u00dfburgunder, trocken aus Burgund, Frankreich) bei Wein Werte, Ihrem nachhaltigen Onlineshop.\" \/>\n<meta property=\"og:url\" content=\"https:\/\/wein-werte.com\/de\/produkt\/chandon-de-briailles-pernand-1er-cru-ile-des-vergelesses-la-vie-est-belle-2020-750ml\/\" \/>\n<meta property=\"og:site_name\" content=\"Wein Werte\" \/>\n<meta property=\"og:image\" content=\"https:\/\/wein-werte.com\/wp-content\/uploads\/2026\/04\/Chandon-de-Briailles-Pernand-1er-Cru-Ile-des-Vergelesses-La-vie-est-Belle-2020-750ml.png\" \/>\n\t<meta property=\"og:image:width\" content=\"331\" \/>\n\t<meta property=\"og:image:height\" content=\"1200\" \/>\n\t<meta property=\"og:image:type\" content=\"image\/png\" \/>\n<meta name=\"twitter:card\" content=\"summary_large_image\" \/>\n<meta name=\"twitter:label1\" content=\"Gesch\u00e4tzte Lesezeit\" \/>\n\t<meta name=\"twitter:data1\" content=\"1\u00a0Minute\" \/>\n<script type=\"application\/ld+json\" class=\"yoast-schema-graph\">{\"@context\":\"https:\\\/\\\/schema.org\",\"@graph\":[{\"@type\":\"WebPage\",\"@id\":\"https:\\\/\\\/wein-werte.com\\\/de\\\/produkt\\\/chandon-de-briailles-pernand-1er-cru-ile-des-vergelesses-la-vie-est-belle-2020-750ml\\\/\",\"url\":\"https:\\\/\\\/wein-werte.com\\\/de\\\/produkt\\\/chandon-de-briailles-pernand-1er-cru-ile-des-vergelesses-la-vie-est-belle-2020-750ml\\\/\",\"name\":\"Chandon de Briailles Pernand 1er Cru \\\"\u00cele des Vergelesses\\\" La vie est Belle 2020\",\"isPartOf\":{\"@id\":\"https:\\\/\\\/wein-werte.com\\\/de\\\/#website\"},\"primaryImageOfPage\":{\"@id\":\"https:\\\/\\\/wein-werte.com\\\/de\\\/produkt\\\/chandon-de-briailles-pernand-1er-cru-ile-des-vergelesses-la-vie-est-belle-2020-750ml\\\/#primaryimage\"},\"image\":{\"@id\":\"https:\\\/\\\/wein-werte.com\\\/de\\\/produkt\\\/chandon-de-briailles-pernand-1er-cru-ile-des-vergelesses-la-vie-est-belle-2020-750ml\\\/#primaryimage\"},\"thumbnailUrl\":\"https:\\\/\\\/wein-werte.com\\\/wp-content\\\/uploads\\\/2026\\\/04\\\/Chandon-de-Briailles-Pernand-1er-Cru-Ile-des-Vergelesses-La-vie-est-Belle-2020-750ml.png\",\"datePublished\":\"2026-05-05T16:10:55+00:00\",\"description\":\"Kaufe Chandon de Briailles Pernand 1er Cru \\\"\u00cele des Vergelesses\\\" La vie est Belle 2020 (Wei\u00dfburgunder, trocken aus Burgund, Frankreich) bei Wein Werte, Ihrem nachhaltigen Onlineshop.\",\"breadcrumb\":{\"@id\":\"https:\\\/\\\/wein-werte.com\\\/de\\\/produkt\\\/chandon-de-briailles-pernand-1er-cru-ile-des-vergelesses-la-vie-est-belle-2020-750ml\\\/#breadcrumb\"},\"inLanguage\":\"de\",\"potentialAction\":[{\"@type\":\"ReadAction\",\"target\":[\"https:\\\/\\\/wein-werte.com\\\/de\\\/produkt\\\/chandon-de-briailles-pernand-1er-cru-ile-des-vergelesses-la-vie-est-belle-2020-750ml\\\/\"]}]},{\"@type\":\"ImageObject\",\"inLanguage\":\"de\",\"@id\":\"https:\\\/\\\/wein-werte.com\\\/de\\\/produkt\\\/chandon-de-briailles-pernand-1er-cru-ile-des-vergelesses-la-vie-est-belle-2020-750ml\\\/#primaryimage\",\"url\":\"https:\\\/\\\/wein-werte.com\\\/wp-content\\\/uploads\\\/2026\\\/04\\\/Chandon-de-Briailles-Pernand-1er-Cru-Ile-des-Vergelesses-La-vie-est-Belle-2020-750ml.png\",\"contentUrl\":\"https:\\\/\\\/wein-werte.com\\\/wp-content\\\/uploads\\\/2026\\\/04\\\/Chandon-de-Briailles-Pernand-1er-Cru-Ile-des-Vergelesses-La-vie-est-Belle-2020-750ml.png\",\"width\":331,\"height\":1200,\"caption\":\"Chandon de Briailles Pernand 1er Cru \\\"\u00cele des Vergelesses\\\" La vie est Belle , Sans Sulfites Ajout\u00e9s AOC 2020 750ml\"},{\"@type\":\"BreadcrumbList\",\"@id\":\"https:\\\/\\\/wein-werte.com\\\/de\\\/produkt\\\/chandon-de-briailles-pernand-1er-cru-ile-des-vergelesses-la-vie-est-belle-2020-750ml\\\/#breadcrumb\",\"itemListElement\":[{\"@type\":\"ListItem\",\"position\":1,\"name\":\"Home\",\"item\":\"https:\\\/\\\/wein-werte.com\\\/de\\\/\"},{\"@type\":\"ListItem\",\"position\":2,\"name\":\"Shop\",\"item\":\"https:\\\/\\\/wein-werte.com\\\/de\\\/shop\\\/\"},{\"@type\":\"ListItem\",\"position\":3,\"name\":\"Chandon de Briailles | Burgund | Pernand 1er Cru &#8220;\u00cele des Vergelesses&#8221; La vie est Belle , Sans Sulfites Ajout\u00e9s AOC | 2020 | 750ml | bio\"}]},{\"@type\":\"WebSite\",\"@id\":\"https:\\\/\\\/wein-werte.com\\\/de\\\/#website\",\"url\":\"https:\\\/\\\/wein-werte.com\\\/de\\\/\",\"name\":\"Wein Werte\",\"description\":\"\",\"publisher\":{\"@id\":\"https:\\\/\\\/wein-werte.com\\\/de\\\/#organization\"},\"potentialAction\":[{\"@type\":\"SearchAction\",\"target\":{\"@type\":\"EntryPoint\",\"urlTemplate\":\"https:\\\/\\\/wein-werte.com\\\/de\\\/?s={search_term_string}\"},\"query-input\":{\"@type\":\"PropertyValueSpecification\",\"valueRequired\":true,\"valueName\":\"search_term_string\"}}],\"inLanguage\":\"de\"},{\"@type\":\"Organization\",\"@id\":\"https:\\\/\\\/wein-werte.com\\\/de\\\/#organization\",\"name\":\"Vins Fins Thorrold\",\"url\":\"https:\\\/\\\/wein-werte.com\\\/de\\\/\",\"logo\":{\"@type\":\"ImageObject\",\"inLanguage\":\"de\",\"@id\":\"https:\\\/\\\/wein-werte.com\\\/de\\\/#\\\/schema\\\/logo\\\/image\\\/\",\"url\":\"https:\\\/\\\/wein-werte.com\\\/wp-content\\\/uploads\\\/2023\\\/07\\\/Wein_werte_Logo700-1.png\",\"contentUrl\":\"https:\\\/\\\/wein-werte.com\\\/wp-content\\\/uploads\\\/2023\\\/07\\\/Wein_werte_Logo700-1.png\",\"width\":700,\"height\":272,\"caption\":\"Vins Fins Thorrold\"},\"image\":{\"@id\":\"https:\\\/\\\/wein-werte.com\\\/de\\\/#\\\/schema\\\/logo\\\/image\\\/\"}}]}<\/script>\n<!-- \/ Yoast SEO plugin. -->","yoast_head_json":{"title":"Chandon de Briailles Pernand 1er Cru \"\u00cele des Vergelesses\" La vie est Belle 2020","description":"Kaufe Chandon de Briailles Pernand 1er Cru \"\u00cele des Vergelesses\" La vie est Belle 2020 (Wei\u00dfburgunder, trocken aus Burgund, Frankreich) bei Wein Werte, Ihrem nachhaltigen Onlineshop.","robots":{"index":"index","follow":"follow","max-snippet":"max-snippet:-1","max-image-preview":"max-image-preview:large","max-video-preview":"max-video-preview:-1"},"canonical":"https:\/\/wein-werte.com\/de\/produkt\/chandon-de-briailles-pernand-1er-cru-ile-des-vergelesses-la-vie-est-belle-2020-750ml\/","og_locale":"de_DE","og_type":"article","og_title":"Chandon de Briailles Pernand 1er Cru \"\u00cele des Vergelesses\" La vie est Belle 2020","og_description":"Kaufe Chandon de Briailles Pernand 1er Cru \"\u00cele des Vergelesses\" La vie est Belle 2020 (Wei\u00dfburgunder, trocken aus Burgund, Frankreich) bei Wein Werte, Ihrem nachhaltigen Onlineshop.","og_url":"https:\/\/wein-werte.com\/de\/produkt\/chandon-de-briailles-pernand-1er-cru-ile-des-vergelesses-la-vie-est-belle-2020-750ml\/","og_site_name":"Wein Werte","og_image":[{"width":331,"height":1200,"url":"https:\/\/wein-werte.com\/wp-content\/uploads\/2026\/04\/Chandon-de-Briailles-Pernand-1er-Cru-Ile-des-Vergelesses-La-vie-est-Belle-2020-750ml.png","type":"image\/png"}],"twitter_card":"summary_large_image","twitter_misc":{"Gesch\u00e4tzte Lesezeit":"1\u00a0Minute"},"schema":{"@context":"https:\/\/schema.org","@graph":[{"@type":"WebPage","@id":"https:\/\/wein-werte.com\/de\/produkt\/chandon-de-briailles-pernand-1er-cru-ile-des-vergelesses-la-vie-est-belle-2020-750ml\/","url":"https:\/\/wein-werte.com\/de\/produkt\/chandon-de-briailles-pernand-1er-cru-ile-des-vergelesses-la-vie-est-belle-2020-750ml\/","name":"Chandon de Briailles Pernand 1er Cru \"\u00cele des Vergelesses\" La vie est Belle 2020","isPartOf":{"@id":"https:\/\/wein-werte.com\/de\/#website"},"primaryImageOfPage":{"@id":"https:\/\/wein-werte.com\/de\/produkt\/chandon-de-briailles-pernand-1er-cru-ile-des-vergelesses-la-vie-est-belle-2020-750ml\/#primaryimage"},"image":{"@id":"https:\/\/wein-werte.com\/de\/produkt\/chandon-de-briailles-pernand-1er-cru-ile-des-vergelesses-la-vie-est-belle-2020-750ml\/#primaryimage"},"thumbnailUrl":"https:\/\/wein-werte.com\/wp-content\/uploads\/2026\/04\/Chandon-de-Briailles-Pernand-1er-Cru-Ile-des-Vergelesses-La-vie-est-Belle-2020-750ml.png","datePublished":"2026-05-05T16:10:55+00:00","description":"Kaufe Chandon de Briailles Pernand 1er Cru \"\u00cele des Vergelesses\" La vie est Belle 2020 (Wei\u00dfburgunder, trocken aus Burgund, Frankreich) bei Wein Werte, Ihrem nachhaltigen Onlineshop.","breadcrumb":{"@id":"https:\/\/wein-werte.com\/de\/produkt\/chandon-de-briailles-pernand-1er-cru-ile-des-vergelesses-la-vie-est-belle-2020-750ml\/#breadcrumb"},"inLanguage":"de","potentialAction":[{"@type":"ReadAction","target":["https:\/\/wein-werte.com\/de\/produkt\/chandon-de-briailles-pernand-1er-cru-ile-des-vergelesses-la-vie-est-belle-2020-750ml\/"]}]},{"@type":"ImageObject","inLanguage":"de","@id":"https:\/\/wein-werte.com\/de\/produkt\/chandon-de-briailles-pernand-1er-cru-ile-des-vergelesses-la-vie-est-belle-2020-750ml\/#primaryimage","url":"https:\/\/wein-werte.com\/wp-content\/uploads\/2026\/04\/Chandon-de-Briailles-Pernand-1er-Cru-Ile-des-Vergelesses-La-vie-est-Belle-2020-750ml.png","contentUrl":"https:\/\/wein-werte.com\/wp-content\/uploads\/2026\/04\/Chandon-de-Briailles-Pernand-1er-Cru-Ile-des-Vergelesses-La-vie-est-Belle-2020-750ml.png","width":331,"height":1200,"caption":"Chandon de Briailles Pernand 1er Cru \"\u00cele des Vergelesses\" La vie est Belle , Sans Sulfites Ajout\u00e9s AOC 2020 750ml"},{"@type":"BreadcrumbList","@id":"https:\/\/wein-werte.com\/de\/produkt\/chandon-de-briailles-pernand-1er-cru-ile-des-vergelesses-la-vie-est-belle-2020-750ml\/#breadcrumb","itemListElement":[{"@type":"ListItem","position":1,"name":"Home","item":"https:\/\/wein-werte.com\/de\/"},{"@type":"ListItem","position":2,"name":"Shop","item":"https:\/\/wein-werte.com\/de\/shop\/"},{"@type":"ListItem","position":3,"name":"Chandon de Briailles | Burgund | Pernand 1er Cru &#8220;\u00cele des Vergelesses&#8221; La vie est Belle , Sans Sulfites Ajout\u00e9s AOC | 2020 | 750ml | bio"}]},{"@type":"WebSite","@id":"https:\/\/wein-werte.com\/de\/#website","url":"https:\/\/wein-werte.com\/de\/","name":"Wein Werte","description":"","publisher":{"@id":"https:\/\/wein-werte.com\/de\/#organization"},"potentialAction":[{"@type":"SearchAction","target":{"@type":"EntryPoint","urlTemplate":"https:\/\/wein-werte.com\/de\/?s={search_term_string}"},"query-input":{"@type":"PropertyValueSpecification","valueRequired":true,"valueName":"search_term_string"}}],"inLanguage":"de"},{"@type":"Organization","@id":"https:\/\/wein-werte.com\/de\/#organization","name":"Vins Fins Thorrold","url":"https:\/\/wein-werte.com\/de\/","logo":{"@type":"ImageObject","inLanguage":"de","@id":"https:\/\/wein-werte.com\/de\/#\/schema\/logo\/image\/","url":"https:\/\/wein-werte.com\/wp-content\/uploads\/2023\/07\/Wein_werte_Logo700-1.png","contentUrl":"https:\/\/wein-werte.com\/wp-content\/uploads\/2023\/07\/Wein_werte_Logo700-1.png","width":700,"height":272,"caption":"Vins Fins Thorrold"},"image":{"@id":"https:\/\/wein-werte.com\/de\/#\/schema\/logo\/image\/"}}]}},"_links":{"self":[{"href":"https:\/\/wein-werte.com\/de\/wp-json\/wp\/v2\/product\/1127186","targetHints":{"allow":["GET"]}}],"collection":[{"href":"https:\/\/wein-werte.com\/de\/wp-json\/wp\/v2\/product"}],"about":[{"href":"https:\/\/wein-werte.com\/de\/wp-json\/wp\/v2\/types\/product"}],"wp:featuredmedia":[{"embeddable":true,"href":"https:\/\/wein-werte.com\/de\/wp-json\/wp\/v2\/media\/1139154"}],"wp:attachment":[{"href":"https:\/\/wein-werte.com\/de\/wp-json\/wp\/v2\/media?parent=1127186"}],"wp:term":[{"taxonomy":"product_brand","embeddable":true,"href":"https:\/\/wein-werte.com\/de\/wp-json\/wp\/v2\/product_brand?post=1127186"},{"taxonomy":"product_cat","embeddable":true,"href":"https:\/\/wein-werte.com\/de\/wp-json\/wp\/v2\/product_cat?post=1127186"},{"taxonomy":"product_tag","embeddable":true,"href":"https:\/\/wein-werte.com\/de\/wp-json\/wp\/v2\/product_tag?post=1127186"}],"curies":[{"name":"wp","href":"https:\/\/api.w.org\/{rel}","templated":true}]}}