{"id":1127173,"date":"2026-05-08T19:56:24","date_gmt":"2026-05-08T17:56:24","guid":{"rendered":"https:\/\/wein-werte.com\/product\/chandon-de-briailles-savigny-les-beaune-blanc-les-saucours-2020-750ml\/"},"modified":"2026-04-27T11:40:25","modified_gmt":"2026-04-27T09:40:25","slug":"chandon-de-briailles-savigny-les-beaune-blanc-les-saucours-2020-750ml","status":"publish","type":"product","link":"https:\/\/wein-werte.com\/de\/produkt\/chandon-de-briailles-savigny-les-beaune-blanc-les-saucours-2020-750ml\/","title":{"rendered":"Chandon de Briailles | Burgund | Savigny-L\u00e8s-Beaune blanc &#8220;Les Saucours&#8221; Sans Sulfites Ajout\u00e9s AOC | 2020 | 750ml | bio"},"content":{"rendered":"<p>Produktbeschreibung f\u00fcr Chandon de Briailles Savigny-L\u00e8s-Beaune blanc &#8220;Les Saucours&#8221; Sans Sulfites Ajout\u00e9s AOC 2020 (bio)<\/p>\n<p> Der Wein stammt aus der Einzellage Les Saucours. Die Parzelle liegt im S\u00fcden von Savigny-l\u00e8s-Beaune\u00a0am Weg nach Beaune auf mittlerer H\u00f6he, ausgerichtet nach Osten. Mit ihren acht Jahre alten Chardonnay-Reben umfasst sie 0,6 Hektar und wurde mit einer Stockdichte von 10.000 Rebst\u00f6cken\/Hektar angelegt. Der Ertrag liegt bei rund 35 hl\/ha. Der Boden ist gepr\u00e4gt von Ton und Lehm auf Kalkstein (Marnes blanches). Vergoren wurde der Wein in Fudern und Tonneaux, ausgebaut in gebrauchten Barriques und Tonneaux mit 15 bis 18 Monaten auf der Feinhefe. Der Wein wurde ohne Zugabe von Schwefel gef\u00fcllt. <\/p>\n<h5>Information zum Wein<\/h5>\n<p> Der Wein stammt aus der Einzellage Les Saucours. Die Parzelle liegt im S\u00fcden von Savigny-l\u00e8s-Beaune auf dem Weg nach Beaune auf mittlerer H\u00f6he, ausgerichtet nach Osten. Mit ihren sieben Jahre alten Chardonnay-Reben umfasst sie 0,6 Hektar und wurde mit einer Stockdichte von 10.000 Rebst\u00f6cken\/Hektar angelegt. Der Ertrag liegt bei 35 hl\/ha. Der Boden ist gepr\u00e4gt von Ton und Lehm auf Kalkstein (marnes blanches). Vergoren wurde der Wein in Fudern und Tonneaux, ausgebaut in gebrauchten Barriques und Tonneaux in 15 bis 18 Monaten auf der Feinhefe. Der Chardonnay wurde in ganzen Trauben gepresst. <\/p>\n<h5>Farbe<\/h5>\n<p> mittleres Strohgelb <\/p>\n<h5>Nase<\/h5>\n<p> Der wei\u00dfe Savigny aus dem Climat Les Saucours ist ein zarter und doch intensiver Wein, der sich mit einer leichten Reduktion \u00f6ffnet. Dann bekommt er zunehmend einen cremigen und seidig wirkenden Charakter mit Noten von gelbem Kern- und Steinobst, Klee und Verbene, reifen Zitronen und ein wenig Patisserie. <\/p>\n<h5>Gamen<\/h5>\n<p> Am Gaumen wirkt der Les Saucours saftig mit einer feinen gelben Frucht, die von einer einladenden Hefes\u00fc\u00dfe begleitet wird. Dazu ist er in seiner Textur und der S\u00e4urestruktur angenehm elegant, mundw\u00e4ssernd in seiner Mineralit\u00e4t und Salzigkeit, gleichzeitig auf angenehme Weise schlank, ja fast zart, obwohl er eine bemerkenswerte innere Dichte aufweist.<\/p>\n<p>Copyright Vinaturel 2025<\/p>\n<p>Keywords: <a href=\"https:\/\/wein-werte.com\/de\/shop\/?swoof=1&#038;pa_producer=Chandon-de-Briailles\">Chandon de Briailles<\/a> <a href=\"https:\/\/wein-werte.com\/de\/shop\/?swoof=1&#038;woof_text=Savigny-L\u00e8s-Beaune blanc \"Les Saucours\" Sans Sulfites Ajout\u00e9s AOC\">Savigny-L\u00e8s-Beaune blanc &#8220;Les Saucours&#8221; Sans Sulfites Ajout\u00e9s AOC<\/a> 2020 bio <a href=\"https:\/\/wein-werte.com\/de\/shop\/?swoof=1&#038;pa_region=Burgund\">Burgund<\/a> <a href=\"https:\/\/wein-werte.com\/de\/shop\/?swoof=1&#038;pa_country=Frankreich\">Frankreich<\/a><\/p>\n<h3>Wine Advocate<\/h3>\n<p>Punkte: 90<\/p>\n<p>Mit Aromen von Birne, reifen Zitrusfr\u00fcchten und frisch gebackenem Brot ist der Savigny-l\u00e8s-Beaune Les Saucours Blanc 2020 mittel- bis vollmundig, f\u00fcllig und pr\u00e4gnant, mit einem fleischigen Fruchtkern und kalkigem Abgang.<br \/>William Kelley<\/p>\n<p>Internetseite des Weinguts: <a href=\"http:\/\/www.chandondebriailles.com\/en\/\" target=\"_blank\">http:\/\/www.chandondebriailles.com\/en\/<\/a><\/p>\n","protected":false},"excerpt":{"rendered":"<p>Lieferzeit: 1 bis 2 Arbeitstage (DE), 2 bis 5 Arbeitstage (EU and CH)<\/p>\n","protected":false},"featured_media":1139144,"template":"","meta":[],"product_brand":[],"product_cat":[19],"product_tag":[],"class_list":{"0":"post-1127173","1":"product","2":"type-product","3":"status-publish","4":"has-post-thumbnail","6":"product_cat-unkategorisiert","7":"pa_alcohol-for-filter-12-5","8":"pa_certified-biodynamic-ja-de","9":"pa_certified-organic-ja-de","10":"pa_colour-weiss","11":"pa_country-frankreich","12":"pa_grape-chardonnay","13":"pa_parker-points-for-filter-90-de-2","14":"pa_price-for-filter-10594","15":"pa_producer-chandon-de-briailles","16":"pa_region-burgund","17":"pa_size-ml-6584","18":"pa_sweetness-trocken-de","19":"pa_type-2-still-de","20":"pa_vintage-2020-de","21":"entry","22":"has-media","24":"first","25":"instock","26":"taxable","27":"shipping-taxable","28":"purchasable","29":"product-type-simple"},"yoast_head":"<!-- This site is optimized with the Yoast SEO plugin v27.5 - https:\/\/yoast.com\/product\/yoast-seo-wordpress\/ -->\n<title>Chandon de Briailles Savigny-L\u00e8s-Beaune blanc &quot;Les Saucours&quot; 2020<\/title>\n<meta name=\"description\" content=\"Kaufe Chandon de Briailles Savigny-L\u00e8s-Beaune blanc &quot;Les Saucours&quot; 2020 (Chardonnay, trocken aus Burgund, Frankreich) bei Wein Werte, Ihrem nachhaltigen Onlineshop.\" \/>\n<meta name=\"robots\" content=\"index, follow, max-snippet:-1, max-image-preview:large, max-video-preview:-1\" \/>\n<link rel=\"canonical\" href=\"https:\/\/wein-werte.com\/de\/produkt\/chandon-de-briailles-savigny-les-beaune-blanc-les-saucours-2020-750ml\/\" \/>\n<meta property=\"og:locale\" content=\"de_DE\" \/>\n<meta property=\"og:type\" content=\"article\" \/>\n<meta property=\"og:title\" content=\"Chandon de Briailles Savigny-L\u00e8s-Beaune blanc &quot;Les Saucours&quot; 2020\" \/>\n<meta property=\"og:description\" content=\"Kaufe Chandon de Briailles Savigny-L\u00e8s-Beaune blanc &quot;Les Saucours&quot; 2020 (Chardonnay, trocken aus Burgund, Frankreich) bei Wein Werte, Ihrem nachhaltigen Onlineshop.\" \/>\n<meta property=\"og:url\" content=\"https:\/\/wein-werte.com\/de\/produkt\/chandon-de-briailles-savigny-les-beaune-blanc-les-saucours-2020-750ml\/\" \/>\n<meta property=\"og:site_name\" content=\"Wein Werte\" \/>\n<meta property=\"og:image\" content=\"https:\/\/wein-werte.com\/wp-content\/uploads\/2026\/04\/Chandon-de-Briailles-Savigny-Les-Beaune-blanc-Les-Saucours-2020-750ml.png\" \/>\n\t<meta property=\"og:image:width\" content=\"338\" \/>\n\t<meta property=\"og:image:height\" content=\"1200\" \/>\n\t<meta property=\"og:image:type\" content=\"image\/png\" \/>\n<meta name=\"twitter:card\" content=\"summary_large_image\" \/>\n<meta name=\"twitter:label1\" content=\"Gesch\u00e4tzte Lesezeit\" \/>\n\t<meta name=\"twitter:data1\" content=\"2\u00a0Minuten\" \/>\n<script type=\"application\/ld+json\" class=\"yoast-schema-graph\">{\"@context\":\"https:\\\/\\\/schema.org\",\"@graph\":[{\"@type\":\"WebPage\",\"@id\":\"https:\\\/\\\/wein-werte.com\\\/de\\\/produkt\\\/chandon-de-briailles-savigny-les-beaune-blanc-les-saucours-2020-750ml\\\/\",\"url\":\"https:\\\/\\\/wein-werte.com\\\/de\\\/produkt\\\/chandon-de-briailles-savigny-les-beaune-blanc-les-saucours-2020-750ml\\\/\",\"name\":\"Chandon de Briailles Savigny-L\u00e8s-Beaune blanc \\\"Les Saucours\\\" 2020\",\"isPartOf\":{\"@id\":\"https:\\\/\\\/wein-werte.com\\\/de\\\/#website\"},\"primaryImageOfPage\":{\"@id\":\"https:\\\/\\\/wein-werte.com\\\/de\\\/produkt\\\/chandon-de-briailles-savigny-les-beaune-blanc-les-saucours-2020-750ml\\\/#primaryimage\"},\"image\":{\"@id\":\"https:\\\/\\\/wein-werte.com\\\/de\\\/produkt\\\/chandon-de-briailles-savigny-les-beaune-blanc-les-saucours-2020-750ml\\\/#primaryimage\"},\"thumbnailUrl\":\"https:\\\/\\\/wein-werte.com\\\/wp-content\\\/uploads\\\/2026\\\/04\\\/Chandon-de-Briailles-Savigny-Les-Beaune-blanc-Les-Saucours-2020-750ml.png\",\"datePublished\":\"2026-05-08T17:56:24+00:00\",\"description\":\"Kaufe Chandon de Briailles Savigny-L\u00e8s-Beaune blanc \\\"Les Saucours\\\" 2020 (Chardonnay, trocken aus Burgund, Frankreich) bei Wein Werte, Ihrem nachhaltigen Onlineshop.\",\"breadcrumb\":{\"@id\":\"https:\\\/\\\/wein-werte.com\\\/de\\\/produkt\\\/chandon-de-briailles-savigny-les-beaune-blanc-les-saucours-2020-750ml\\\/#breadcrumb\"},\"inLanguage\":\"de\",\"potentialAction\":[{\"@type\":\"ReadAction\",\"target\":[\"https:\\\/\\\/wein-werte.com\\\/de\\\/produkt\\\/chandon-de-briailles-savigny-les-beaune-blanc-les-saucours-2020-750ml\\\/\"]}]},{\"@type\":\"ImageObject\",\"inLanguage\":\"de\",\"@id\":\"https:\\\/\\\/wein-werte.com\\\/de\\\/produkt\\\/chandon-de-briailles-savigny-les-beaune-blanc-les-saucours-2020-750ml\\\/#primaryimage\",\"url\":\"https:\\\/\\\/wein-werte.com\\\/wp-content\\\/uploads\\\/2026\\\/04\\\/Chandon-de-Briailles-Savigny-Les-Beaune-blanc-Les-Saucours-2020-750ml.png\",\"contentUrl\":\"https:\\\/\\\/wein-werte.com\\\/wp-content\\\/uploads\\\/2026\\\/04\\\/Chandon-de-Briailles-Savigny-Les-Beaune-blanc-Les-Saucours-2020-750ml.png\",\"width\":338,\"height\":1200,\"caption\":\"Chandon de Briailles Savigny-L\u00e8s-Beaune blanc \\\"Les Saucours\\\" Sans Sulfites Ajout\u00e9s AOC 2020 750ml\"},{\"@type\":\"BreadcrumbList\",\"@id\":\"https:\\\/\\\/wein-werte.com\\\/de\\\/produkt\\\/chandon-de-briailles-savigny-les-beaune-blanc-les-saucours-2020-750ml\\\/#breadcrumb\",\"itemListElement\":[{\"@type\":\"ListItem\",\"position\":1,\"name\":\"Home\",\"item\":\"https:\\\/\\\/wein-werte.com\\\/de\\\/\"},{\"@type\":\"ListItem\",\"position\":2,\"name\":\"Shop\",\"item\":\"https:\\\/\\\/wein-werte.com\\\/de\\\/shop\\\/\"},{\"@type\":\"ListItem\",\"position\":3,\"name\":\"Chandon de Briailles | Burgund | Savigny-L\u00e8s-Beaune blanc &#8220;Les Saucours&#8221; Sans Sulfites Ajout\u00e9s AOC | 2020 | 750ml | bio\"}]},{\"@type\":\"WebSite\",\"@id\":\"https:\\\/\\\/wein-werte.com\\\/de\\\/#website\",\"url\":\"https:\\\/\\\/wein-werte.com\\\/de\\\/\",\"name\":\"Wein Werte\",\"description\":\"\",\"publisher\":{\"@id\":\"https:\\\/\\\/wein-werte.com\\\/de\\\/#organization\"},\"potentialAction\":[{\"@type\":\"SearchAction\",\"target\":{\"@type\":\"EntryPoint\",\"urlTemplate\":\"https:\\\/\\\/wein-werte.com\\\/de\\\/?s={search_term_string}\"},\"query-input\":{\"@type\":\"PropertyValueSpecification\",\"valueRequired\":true,\"valueName\":\"search_term_string\"}}],\"inLanguage\":\"de\"},{\"@type\":\"Organization\",\"@id\":\"https:\\\/\\\/wein-werte.com\\\/de\\\/#organization\",\"name\":\"Vins Fins Thorrold\",\"url\":\"https:\\\/\\\/wein-werte.com\\\/de\\\/\",\"logo\":{\"@type\":\"ImageObject\",\"inLanguage\":\"de\",\"@id\":\"https:\\\/\\\/wein-werte.com\\\/de\\\/#\\\/schema\\\/logo\\\/image\\\/\",\"url\":\"https:\\\/\\\/wein-werte.com\\\/wp-content\\\/uploads\\\/2023\\\/07\\\/Wein_werte_Logo700-1.png\",\"contentUrl\":\"https:\\\/\\\/wein-werte.com\\\/wp-content\\\/uploads\\\/2023\\\/07\\\/Wein_werte_Logo700-1.png\",\"width\":700,\"height\":272,\"caption\":\"Vins Fins Thorrold\"},\"image\":{\"@id\":\"https:\\\/\\\/wein-werte.com\\\/de\\\/#\\\/schema\\\/logo\\\/image\\\/\"}}]}<\/script>\n<!-- \/ Yoast SEO plugin. -->","yoast_head_json":{"title":"Chandon de Briailles Savigny-L\u00e8s-Beaune blanc \"Les Saucours\" 2020","description":"Kaufe Chandon de Briailles Savigny-L\u00e8s-Beaune blanc \"Les Saucours\" 2020 (Chardonnay, trocken aus Burgund, Frankreich) bei Wein Werte, Ihrem nachhaltigen Onlineshop.","robots":{"index":"index","follow":"follow","max-snippet":"max-snippet:-1","max-image-preview":"max-image-preview:large","max-video-preview":"max-video-preview:-1"},"canonical":"https:\/\/wein-werte.com\/de\/produkt\/chandon-de-briailles-savigny-les-beaune-blanc-les-saucours-2020-750ml\/","og_locale":"de_DE","og_type":"article","og_title":"Chandon de Briailles Savigny-L\u00e8s-Beaune blanc \"Les Saucours\" 2020","og_description":"Kaufe Chandon de Briailles Savigny-L\u00e8s-Beaune blanc \"Les Saucours\" 2020 (Chardonnay, trocken aus Burgund, Frankreich) bei Wein Werte, Ihrem nachhaltigen Onlineshop.","og_url":"https:\/\/wein-werte.com\/de\/produkt\/chandon-de-briailles-savigny-les-beaune-blanc-les-saucours-2020-750ml\/","og_site_name":"Wein Werte","og_image":[{"width":338,"height":1200,"url":"https:\/\/wein-werte.com\/wp-content\/uploads\/2026\/04\/Chandon-de-Briailles-Savigny-Les-Beaune-blanc-Les-Saucours-2020-750ml.png","type":"image\/png"}],"twitter_card":"summary_large_image","twitter_misc":{"Gesch\u00e4tzte Lesezeit":"2\u00a0Minuten"},"schema":{"@context":"https:\/\/schema.org","@graph":[{"@type":"WebPage","@id":"https:\/\/wein-werte.com\/de\/produkt\/chandon-de-briailles-savigny-les-beaune-blanc-les-saucours-2020-750ml\/","url":"https:\/\/wein-werte.com\/de\/produkt\/chandon-de-briailles-savigny-les-beaune-blanc-les-saucours-2020-750ml\/","name":"Chandon de Briailles Savigny-L\u00e8s-Beaune blanc \"Les Saucours\" 2020","isPartOf":{"@id":"https:\/\/wein-werte.com\/de\/#website"},"primaryImageOfPage":{"@id":"https:\/\/wein-werte.com\/de\/produkt\/chandon-de-briailles-savigny-les-beaune-blanc-les-saucours-2020-750ml\/#primaryimage"},"image":{"@id":"https:\/\/wein-werte.com\/de\/produkt\/chandon-de-briailles-savigny-les-beaune-blanc-les-saucours-2020-750ml\/#primaryimage"},"thumbnailUrl":"https:\/\/wein-werte.com\/wp-content\/uploads\/2026\/04\/Chandon-de-Briailles-Savigny-Les-Beaune-blanc-Les-Saucours-2020-750ml.png","datePublished":"2026-05-08T17:56:24+00:00","description":"Kaufe Chandon de Briailles Savigny-L\u00e8s-Beaune blanc \"Les Saucours\" 2020 (Chardonnay, trocken aus Burgund, Frankreich) bei Wein Werte, Ihrem nachhaltigen Onlineshop.","breadcrumb":{"@id":"https:\/\/wein-werte.com\/de\/produkt\/chandon-de-briailles-savigny-les-beaune-blanc-les-saucours-2020-750ml\/#breadcrumb"},"inLanguage":"de","potentialAction":[{"@type":"ReadAction","target":["https:\/\/wein-werte.com\/de\/produkt\/chandon-de-briailles-savigny-les-beaune-blanc-les-saucours-2020-750ml\/"]}]},{"@type":"ImageObject","inLanguage":"de","@id":"https:\/\/wein-werte.com\/de\/produkt\/chandon-de-briailles-savigny-les-beaune-blanc-les-saucours-2020-750ml\/#primaryimage","url":"https:\/\/wein-werte.com\/wp-content\/uploads\/2026\/04\/Chandon-de-Briailles-Savigny-Les-Beaune-blanc-Les-Saucours-2020-750ml.png","contentUrl":"https:\/\/wein-werte.com\/wp-content\/uploads\/2026\/04\/Chandon-de-Briailles-Savigny-Les-Beaune-blanc-Les-Saucours-2020-750ml.png","width":338,"height":1200,"caption":"Chandon de Briailles Savigny-L\u00e8s-Beaune blanc \"Les Saucours\" Sans Sulfites Ajout\u00e9s AOC 2020 750ml"},{"@type":"BreadcrumbList","@id":"https:\/\/wein-werte.com\/de\/produkt\/chandon-de-briailles-savigny-les-beaune-blanc-les-saucours-2020-750ml\/#breadcrumb","itemListElement":[{"@type":"ListItem","position":1,"name":"Home","item":"https:\/\/wein-werte.com\/de\/"},{"@type":"ListItem","position":2,"name":"Shop","item":"https:\/\/wein-werte.com\/de\/shop\/"},{"@type":"ListItem","position":3,"name":"Chandon de Briailles | Burgund | Savigny-L\u00e8s-Beaune blanc &#8220;Les Saucours&#8221; Sans Sulfites Ajout\u00e9s AOC | 2020 | 750ml | bio"}]},{"@type":"WebSite","@id":"https:\/\/wein-werte.com\/de\/#website","url":"https:\/\/wein-werte.com\/de\/","name":"Wein Werte","description":"","publisher":{"@id":"https:\/\/wein-werte.com\/de\/#organization"},"potentialAction":[{"@type":"SearchAction","target":{"@type":"EntryPoint","urlTemplate":"https:\/\/wein-werte.com\/de\/?s={search_term_string}"},"query-input":{"@type":"PropertyValueSpecification","valueRequired":true,"valueName":"search_term_string"}}],"inLanguage":"de"},{"@type":"Organization","@id":"https:\/\/wein-werte.com\/de\/#organization","name":"Vins Fins Thorrold","url":"https:\/\/wein-werte.com\/de\/","logo":{"@type":"ImageObject","inLanguage":"de","@id":"https:\/\/wein-werte.com\/de\/#\/schema\/logo\/image\/","url":"https:\/\/wein-werte.com\/wp-content\/uploads\/2023\/07\/Wein_werte_Logo700-1.png","contentUrl":"https:\/\/wein-werte.com\/wp-content\/uploads\/2023\/07\/Wein_werte_Logo700-1.png","width":700,"height":272,"caption":"Vins Fins Thorrold"},"image":{"@id":"https:\/\/wein-werte.com\/de\/#\/schema\/logo\/image\/"}}]}},"_links":{"self":[{"href":"https:\/\/wein-werte.com\/de\/wp-json\/wp\/v2\/product\/1127173","targetHints":{"allow":["GET"]}}],"collection":[{"href":"https:\/\/wein-werte.com\/de\/wp-json\/wp\/v2\/product"}],"about":[{"href":"https:\/\/wein-werte.com\/de\/wp-json\/wp\/v2\/types\/product"}],"wp:featuredmedia":[{"embeddable":true,"href":"https:\/\/wein-werte.com\/de\/wp-json\/wp\/v2\/media\/1139144"}],"wp:attachment":[{"href":"https:\/\/wein-werte.com\/de\/wp-json\/wp\/v2\/media?parent=1127173"}],"wp:term":[{"taxonomy":"product_brand","embeddable":true,"href":"https:\/\/wein-werte.com\/de\/wp-json\/wp\/v2\/product_brand?post=1127173"},{"taxonomy":"product_cat","embeddable":true,"href":"https:\/\/wein-werte.com\/de\/wp-json\/wp\/v2\/product_cat?post=1127173"},{"taxonomy":"product_tag","embeddable":true,"href":"https:\/\/wein-werte.com\/de\/wp-json\/wp\/v2\/product_tag?post=1127173"}],"curies":[{"name":"wp","href":"https:\/\/api.w.org\/{rel}","templated":true}]}}