{"id":1127167,"date":"2026-05-05T18:10:51","date_gmt":"2026-05-05T16:10:51","guid":{"rendered":"https:\/\/wein-werte.com\/product\/chandon-de-briailles-savigny-les-beaune-1er-cru-les-lavieres-rouge-2020-750ml\/"},"modified":"2026-04-27T11:40:25","modified_gmt":"2026-04-27T09:40:25","slug":"chandon-de-briailles-savigny-les-beaune-1er-cru-les-lavieres-rouge-2020-750ml","status":"publish","type":"product","link":"https:\/\/wein-werte.com\/de\/produkt\/chandon-de-briailles-savigny-les-beaune-1er-cru-les-lavieres-rouge-2020-750ml\/","title":{"rendered":"Chandon de Briailles | Burgund | Savigny-L\u00e8s-Beaune 1er Cru &#8220;Les Lavi\u00e8res&#8221; rouge AOC | 2020 | 750ml | bio"},"content":{"rendered":"<p>Produktbeschreibung f\u00fcr Chandon de Briailles Savigny-L\u00e8s-Beaune 1er Cru &#8220;Les Lavi\u00e8res&#8221; rouge AOC 2020 (bio)<\/p>\n<p> Das Weingut Chandon de Briailles in Savigny les Beaune wird von den beiden Geschwistern Claude und Fran\u00e7ois de Nicolay gef\u00fchrt. Fran\u00e7ois k\u00fcmmert sich um die Weinberge und den Vertrieb, w\u00e4hrend Claude die K\u00f6nigin im Keller ist. Das Weingut besitzt beste Parzellen in Premier- und Grand Cru-Lagen, wie Aloxe- Corton und Corton-Charlemagne. Sie sind \u00fcberzeugt, dass gro\u00dfe Terroirweine nur durch die bio-dynamische Bewirtschaftung entstehen k\u00f6nnen, die sie seit 2005 praktizieren. Obwohl die verschiedenen Lagen nicht weit auseinander liegen, unterscheiden sie sich doch deutlich in Boden und Klima. Diese unterschiedlichen Charaktere herauszuarbeiten und in perfekter Form darzustellen ist das gro\u00dfe Ziel der beiden. Es gelingt ihnen auf eindr\u00fcckliche Weise das herauszuarbeiten. Alle Weine besitzen Tiefe und Komplexit\u00e4t und vor Allem eine gro\u00dfe Individualit\u00e4t. <\/p>\n<h5>Information zum Wein<\/h5>\n<p> Der Pinot Noir stammt aus der Premier-Cru-Lage Les Lavi\u00e8res unterhalb von Talmettes in Savigny-l\u00e8s-Beaune. Die Gemeinde liegt rund dreieinhalb Kilometer nordwestlich von Beaune und verf\u00fcgt mit 383 Hektar \u00fcber eine der ausgedehntesten Weinfl\u00e4chen in dieser Region. Die Premier-Cru-Lage Les Lavi\u00e8res befindet sich in Richtung Pernand-Vergelesses. Die Domaine Chandon de Briailles besitzt 2,61 Hektar im Kernst\u00fcck des 17,66 Hektar gro\u00dfen Weinbergs, der nach den laves, flachen Kalksteinbrocken, benannt ist, die im Burgund fr\u00fcher auch als Dachziegeln genutzt wurden. Die Reben sind rund 50 Jahre alt und stehen in s\u00fcds\u00fcd\u00f6stlicher Ausrichtung auf einem Boden, der aus einer Mischung von Sandstein, Sand und Mergel mit eisenhaltigem Eierstein (Oolith) im oberen Bereich und rotbraunem kr\u00fcmeligen Kalkstein im unteren Bereich besteht. Die spontane G\u00e4rung erfolgte im Holz-Cuve mit gr\u00f6\u00dferen Anteilen von Ganztrauben. Danach ging es per Schwerkraft in Barriques und Tonneaux mit geringem Neuholzanteil. Es schloss sich ein rund 14 Monate w\u00e4hrender Ausbau ohne weitere Bewegung oder Abstiche an. Die F\u00fcllung erfolgte mit minimalen Schwefelzugaben meist direkt aus dem Fass. <\/p>\n<h5>Farbe<\/h5>\n<p> tiefes Granatrot <\/p>\n<h5>Nase<\/h5>\n<p> Es ist beeindruckend, wie sehr dieser Pinot Noir aus der Einzellage Les Lavi\u00e8res aus Savigny-l\u00e8s-Beaune \u00fcber die verschiedenen Jahrg\u00e4nge hinweg aromatisch bei sich bleibt. Das hat sich auch in 2020 nicht ge\u00e4ndert. Hier zeigen sich Noten von eingelegten Kirschen und von Mandeln, Veilchen und Lavendel mit ein wenig Erde, Unterholz und einem Hauch von Blut und Hefe. Das wirkt seidig fein, elegant und dicht, zudem ist es frisch und saftig. <\/p>\n<h5>Mund<\/h5>\n<p> Am Gaumen pr\u00e4sentiert sich der Les Lavi\u00e8res gleichfalls seidig und saftig mit viel dunkler Frucht und etwas Unterholz. Wie in den letzten Jahren bietet er eine angenehme Reife und einen fruchts\u00fc\u00dfen Touch mit feinen indischen Gew\u00fcrzen. Das Tannin ist geschliffen und elegant. Ein paar Rappen sorgen f\u00fcr Festigkeit, die S\u00e4ure f\u00fcr Frische und Finesse, die von der feinen Mineralit\u00e4t der alten Reben noch verst\u00e4rkt wird. Dieser Wein ist ein gro\u00dfer Charmeur, den man jetzt auf der Frucht schon mit Freude trinken kann.<\/p>\n<p>Copyright Vinaturel 2025<\/p>\n<p>Keywords: <a href=\"https:\/\/wein-werte.com\/de\/shop\/?swoof=1&#038;pa_producer=Chandon-de-Briailles\">Chandon de Briailles<\/a> <a href=\"https:\/\/wein-werte.com\/de\/shop\/?swoof=1&#038;woof_text=Savigny-L\u00e8s-Beaune 1er Cru \"Les Lavi\u00e8res\" rouge AOC\">Savigny-L\u00e8s-Beaune 1er Cru &#8220;Les Lavi\u00e8res&#8221; rouge AOC<\/a> 2020 bio <a href=\"https:\/\/wein-werte.com\/de\/shop\/?swoof=1&#038;pa_region=Burgund\">Burgund<\/a> <a href=\"https:\/\/wein-werte.com\/de\/shop\/?swoof=1&#038;pa_country=Frankreich\">Frankreich<\/a><\/p>\n<p>Internetseite des Weinguts: <a href=\"http:\/\/www.chandondebriailles.com\/en\/\" target=\"_blank\">http:\/\/www.chandondebriailles.com\/en\/<\/a><\/p>\n","protected":false},"excerpt":{"rendered":"<p>Lieferzeit: 1 bis 2 Arbeitstage (DE), 2 bis 5 Arbeitstage (EU and CH)<\/p>\n","protected":false},"featured_media":1139140,"template":"","meta":[],"product_brand":[],"product_cat":[19],"product_tag":[],"class_list":{"0":"post-1127167","1":"product","2":"type-product","3":"status-publish","4":"has-post-thumbnail","6":"product_cat-unkategorisiert","7":"pa_alcohol-for-filter-12897","8":"pa_certified-biodynamic-ja-de","9":"pa_certified-organic-ja-de","10":"pa_colour-rot","11":"pa_country-frankreich","12":"pa_grape-pinot-noir-spatburgunder","13":"pa_price-for-filter-10640","14":"pa_producer-chandon-de-briailles","15":"pa_region-burgund","16":"pa_size-ml-6584","17":"pa_sweetness-trocken-de","18":"pa_type-2-still-de","19":"pa_vintage-2020-de","20":"entry","21":"has-media","23":"first","24":"instock","25":"taxable","26":"shipping-taxable","27":"purchasable","28":"product-type-simple"},"yoast_head":"<!-- This site is optimized with the Yoast SEO plugin v27.5 - https:\/\/yoast.com\/product\/yoast-seo-wordpress\/ -->\n<title>Chandon de Briailles Savigny-L\u00e8s-Beaune 1er Cru &quot;Les Lavi\u00e8res&quot; rouge 2020<\/title>\n<meta name=\"description\" content=\"Kaufe Chandon de Briailles Savigny-L\u00e8s-Beaune 1er Cru &quot;Les Lavi\u00e8res&quot; rouge 2020 (Pinot Noir, trocken aus Burgund, Frankreich) bei Wein Werte, Ihrem nachhaltigen Onlineshop.\" \/>\n<meta name=\"robots\" content=\"index, follow, max-snippet:-1, max-image-preview:large, max-video-preview:-1\" \/>\n<link rel=\"canonical\" href=\"https:\/\/wein-werte.com\/de\/produkt\/chandon-de-briailles-savigny-les-beaune-1er-cru-les-lavieres-rouge-2020-750ml\/\" \/>\n<meta property=\"og:locale\" content=\"de_DE\" \/>\n<meta property=\"og:type\" content=\"article\" \/>\n<meta property=\"og:title\" content=\"Chandon de Briailles Savigny-L\u00e8s-Beaune 1er Cru &quot;Les Lavi\u00e8res&quot; rouge 2020\" \/>\n<meta property=\"og:description\" content=\"Kaufe Chandon de Briailles Savigny-L\u00e8s-Beaune 1er Cru &quot;Les Lavi\u00e8res&quot; rouge 2020 (Pinot Noir, trocken aus Burgund, Frankreich) bei Wein Werte, Ihrem nachhaltigen Onlineshop.\" \/>\n<meta property=\"og:url\" content=\"https:\/\/wein-werte.com\/de\/produkt\/chandon-de-briailles-savigny-les-beaune-1er-cru-les-lavieres-rouge-2020-750ml\/\" \/>\n<meta property=\"og:site_name\" content=\"Wein Werte\" \/>\n<meta property=\"og:image\" content=\"https:\/\/wein-werte.com\/wp-content\/uploads\/2026\/04\/Chandon-de-Briailles-Savigny-Les-Beaune-1er-Cru-Les-Lavieres-rouge-2020-750ml.png\" \/>\n\t<meta property=\"og:image:width\" content=\"331\" \/>\n\t<meta property=\"og:image:height\" content=\"1200\" \/>\n\t<meta property=\"og:image:type\" content=\"image\/png\" \/>\n<meta name=\"twitter:card\" content=\"summary_large_image\" \/>\n<meta name=\"twitter:label1\" content=\"Gesch\u00e4tzte Lesezeit\" \/>\n\t<meta name=\"twitter:data1\" content=\"3\u00a0Minuten\" \/>\n<script type=\"application\/ld+json\" class=\"yoast-schema-graph\">{\"@context\":\"https:\\\/\\\/schema.org\",\"@graph\":[{\"@type\":\"WebPage\",\"@id\":\"https:\\\/\\\/wein-werte.com\\\/de\\\/produkt\\\/chandon-de-briailles-savigny-les-beaune-1er-cru-les-lavieres-rouge-2020-750ml\\\/\",\"url\":\"https:\\\/\\\/wein-werte.com\\\/de\\\/produkt\\\/chandon-de-briailles-savigny-les-beaune-1er-cru-les-lavieres-rouge-2020-750ml\\\/\",\"name\":\"Chandon de Briailles Savigny-L\u00e8s-Beaune 1er Cru \\\"Les Lavi\u00e8res\\\" rouge 2020\",\"isPartOf\":{\"@id\":\"https:\\\/\\\/wein-werte.com\\\/de\\\/#website\"},\"primaryImageOfPage\":{\"@id\":\"https:\\\/\\\/wein-werte.com\\\/de\\\/produkt\\\/chandon-de-briailles-savigny-les-beaune-1er-cru-les-lavieres-rouge-2020-750ml\\\/#primaryimage\"},\"image\":{\"@id\":\"https:\\\/\\\/wein-werte.com\\\/de\\\/produkt\\\/chandon-de-briailles-savigny-les-beaune-1er-cru-les-lavieres-rouge-2020-750ml\\\/#primaryimage\"},\"thumbnailUrl\":\"https:\\\/\\\/wein-werte.com\\\/wp-content\\\/uploads\\\/2026\\\/04\\\/Chandon-de-Briailles-Savigny-Les-Beaune-1er-Cru-Les-Lavieres-rouge-2020-750ml.png\",\"datePublished\":\"2026-05-05T16:10:51+00:00\",\"description\":\"Kaufe Chandon de Briailles Savigny-L\u00e8s-Beaune 1er Cru \\\"Les Lavi\u00e8res\\\" rouge 2020 (Pinot Noir, trocken aus Burgund, Frankreich) bei Wein Werte, Ihrem nachhaltigen Onlineshop.\",\"breadcrumb\":{\"@id\":\"https:\\\/\\\/wein-werte.com\\\/de\\\/produkt\\\/chandon-de-briailles-savigny-les-beaune-1er-cru-les-lavieres-rouge-2020-750ml\\\/#breadcrumb\"},\"inLanguage\":\"de\",\"potentialAction\":[{\"@type\":\"ReadAction\",\"target\":[\"https:\\\/\\\/wein-werte.com\\\/de\\\/produkt\\\/chandon-de-briailles-savigny-les-beaune-1er-cru-les-lavieres-rouge-2020-750ml\\\/\"]}]},{\"@type\":\"ImageObject\",\"inLanguage\":\"de\",\"@id\":\"https:\\\/\\\/wein-werte.com\\\/de\\\/produkt\\\/chandon-de-briailles-savigny-les-beaune-1er-cru-les-lavieres-rouge-2020-750ml\\\/#primaryimage\",\"url\":\"https:\\\/\\\/wein-werte.com\\\/wp-content\\\/uploads\\\/2026\\\/04\\\/Chandon-de-Briailles-Savigny-Les-Beaune-1er-Cru-Les-Lavieres-rouge-2020-750ml.png\",\"contentUrl\":\"https:\\\/\\\/wein-werte.com\\\/wp-content\\\/uploads\\\/2026\\\/04\\\/Chandon-de-Briailles-Savigny-Les-Beaune-1er-Cru-Les-Lavieres-rouge-2020-750ml.png\",\"width\":331,\"height\":1200,\"caption\":\"Chandon de Briailles Savigny-L\u00e8s-Beaune 1er Cru \\\"Les Lavi\u00e8res\\\" rouge AOC 2020 750ml\"},{\"@type\":\"BreadcrumbList\",\"@id\":\"https:\\\/\\\/wein-werte.com\\\/de\\\/produkt\\\/chandon-de-briailles-savigny-les-beaune-1er-cru-les-lavieres-rouge-2020-750ml\\\/#breadcrumb\",\"itemListElement\":[{\"@type\":\"ListItem\",\"position\":1,\"name\":\"Home\",\"item\":\"https:\\\/\\\/wein-werte.com\\\/de\\\/\"},{\"@type\":\"ListItem\",\"position\":2,\"name\":\"Shop\",\"item\":\"https:\\\/\\\/wein-werte.com\\\/de\\\/shop\\\/\"},{\"@type\":\"ListItem\",\"position\":3,\"name\":\"Chandon de Briailles | Burgund | Savigny-L\u00e8s-Beaune 1er Cru &#8220;Les Lavi\u00e8res&#8221; rouge AOC | 2020 | 750ml | bio\"}]},{\"@type\":\"WebSite\",\"@id\":\"https:\\\/\\\/wein-werte.com\\\/de\\\/#website\",\"url\":\"https:\\\/\\\/wein-werte.com\\\/de\\\/\",\"name\":\"Wein Werte\",\"description\":\"\",\"publisher\":{\"@id\":\"https:\\\/\\\/wein-werte.com\\\/de\\\/#organization\"},\"potentialAction\":[{\"@type\":\"SearchAction\",\"target\":{\"@type\":\"EntryPoint\",\"urlTemplate\":\"https:\\\/\\\/wein-werte.com\\\/de\\\/?s={search_term_string}\"},\"query-input\":{\"@type\":\"PropertyValueSpecification\",\"valueRequired\":true,\"valueName\":\"search_term_string\"}}],\"inLanguage\":\"de\"},{\"@type\":\"Organization\",\"@id\":\"https:\\\/\\\/wein-werte.com\\\/de\\\/#organization\",\"name\":\"Vins Fins Thorrold\",\"url\":\"https:\\\/\\\/wein-werte.com\\\/de\\\/\",\"logo\":{\"@type\":\"ImageObject\",\"inLanguage\":\"de\",\"@id\":\"https:\\\/\\\/wein-werte.com\\\/de\\\/#\\\/schema\\\/logo\\\/image\\\/\",\"url\":\"https:\\\/\\\/wein-werte.com\\\/wp-content\\\/uploads\\\/2023\\\/07\\\/Wein_werte_Logo700-1.png\",\"contentUrl\":\"https:\\\/\\\/wein-werte.com\\\/wp-content\\\/uploads\\\/2023\\\/07\\\/Wein_werte_Logo700-1.png\",\"width\":700,\"height\":272,\"caption\":\"Vins Fins Thorrold\"},\"image\":{\"@id\":\"https:\\\/\\\/wein-werte.com\\\/de\\\/#\\\/schema\\\/logo\\\/image\\\/\"}}]}<\/script>\n<!-- \/ Yoast SEO plugin. -->","yoast_head_json":{"title":"Chandon de Briailles Savigny-L\u00e8s-Beaune 1er Cru \"Les Lavi\u00e8res\" rouge 2020","description":"Kaufe Chandon de Briailles Savigny-L\u00e8s-Beaune 1er Cru \"Les Lavi\u00e8res\" rouge 2020 (Pinot Noir, trocken aus Burgund, Frankreich) bei Wein Werte, Ihrem nachhaltigen Onlineshop.","robots":{"index":"index","follow":"follow","max-snippet":"max-snippet:-1","max-image-preview":"max-image-preview:large","max-video-preview":"max-video-preview:-1"},"canonical":"https:\/\/wein-werte.com\/de\/produkt\/chandon-de-briailles-savigny-les-beaune-1er-cru-les-lavieres-rouge-2020-750ml\/","og_locale":"de_DE","og_type":"article","og_title":"Chandon de Briailles Savigny-L\u00e8s-Beaune 1er Cru \"Les Lavi\u00e8res\" rouge 2020","og_description":"Kaufe Chandon de Briailles Savigny-L\u00e8s-Beaune 1er Cru \"Les Lavi\u00e8res\" rouge 2020 (Pinot Noir, trocken aus Burgund, Frankreich) bei Wein Werte, Ihrem nachhaltigen Onlineshop.","og_url":"https:\/\/wein-werte.com\/de\/produkt\/chandon-de-briailles-savigny-les-beaune-1er-cru-les-lavieres-rouge-2020-750ml\/","og_site_name":"Wein Werte","og_image":[{"width":331,"height":1200,"url":"https:\/\/wein-werte.com\/wp-content\/uploads\/2026\/04\/Chandon-de-Briailles-Savigny-Les-Beaune-1er-Cru-Les-Lavieres-rouge-2020-750ml.png","type":"image\/png"}],"twitter_card":"summary_large_image","twitter_misc":{"Gesch\u00e4tzte Lesezeit":"3\u00a0Minuten"},"schema":{"@context":"https:\/\/schema.org","@graph":[{"@type":"WebPage","@id":"https:\/\/wein-werte.com\/de\/produkt\/chandon-de-briailles-savigny-les-beaune-1er-cru-les-lavieres-rouge-2020-750ml\/","url":"https:\/\/wein-werte.com\/de\/produkt\/chandon-de-briailles-savigny-les-beaune-1er-cru-les-lavieres-rouge-2020-750ml\/","name":"Chandon de Briailles Savigny-L\u00e8s-Beaune 1er Cru \"Les Lavi\u00e8res\" rouge 2020","isPartOf":{"@id":"https:\/\/wein-werte.com\/de\/#website"},"primaryImageOfPage":{"@id":"https:\/\/wein-werte.com\/de\/produkt\/chandon-de-briailles-savigny-les-beaune-1er-cru-les-lavieres-rouge-2020-750ml\/#primaryimage"},"image":{"@id":"https:\/\/wein-werte.com\/de\/produkt\/chandon-de-briailles-savigny-les-beaune-1er-cru-les-lavieres-rouge-2020-750ml\/#primaryimage"},"thumbnailUrl":"https:\/\/wein-werte.com\/wp-content\/uploads\/2026\/04\/Chandon-de-Briailles-Savigny-Les-Beaune-1er-Cru-Les-Lavieres-rouge-2020-750ml.png","datePublished":"2026-05-05T16:10:51+00:00","description":"Kaufe Chandon de Briailles Savigny-L\u00e8s-Beaune 1er Cru \"Les Lavi\u00e8res\" rouge 2020 (Pinot Noir, trocken aus Burgund, Frankreich) bei Wein Werte, Ihrem nachhaltigen Onlineshop.","breadcrumb":{"@id":"https:\/\/wein-werte.com\/de\/produkt\/chandon-de-briailles-savigny-les-beaune-1er-cru-les-lavieres-rouge-2020-750ml\/#breadcrumb"},"inLanguage":"de","potentialAction":[{"@type":"ReadAction","target":["https:\/\/wein-werte.com\/de\/produkt\/chandon-de-briailles-savigny-les-beaune-1er-cru-les-lavieres-rouge-2020-750ml\/"]}]},{"@type":"ImageObject","inLanguage":"de","@id":"https:\/\/wein-werte.com\/de\/produkt\/chandon-de-briailles-savigny-les-beaune-1er-cru-les-lavieres-rouge-2020-750ml\/#primaryimage","url":"https:\/\/wein-werte.com\/wp-content\/uploads\/2026\/04\/Chandon-de-Briailles-Savigny-Les-Beaune-1er-Cru-Les-Lavieres-rouge-2020-750ml.png","contentUrl":"https:\/\/wein-werte.com\/wp-content\/uploads\/2026\/04\/Chandon-de-Briailles-Savigny-Les-Beaune-1er-Cru-Les-Lavieres-rouge-2020-750ml.png","width":331,"height":1200,"caption":"Chandon de Briailles Savigny-L\u00e8s-Beaune 1er Cru \"Les Lavi\u00e8res\" rouge AOC 2020 750ml"},{"@type":"BreadcrumbList","@id":"https:\/\/wein-werte.com\/de\/produkt\/chandon-de-briailles-savigny-les-beaune-1er-cru-les-lavieres-rouge-2020-750ml\/#breadcrumb","itemListElement":[{"@type":"ListItem","position":1,"name":"Home","item":"https:\/\/wein-werte.com\/de\/"},{"@type":"ListItem","position":2,"name":"Shop","item":"https:\/\/wein-werte.com\/de\/shop\/"},{"@type":"ListItem","position":3,"name":"Chandon de Briailles | Burgund | Savigny-L\u00e8s-Beaune 1er Cru &#8220;Les Lavi\u00e8res&#8221; rouge AOC | 2020 | 750ml | bio"}]},{"@type":"WebSite","@id":"https:\/\/wein-werte.com\/de\/#website","url":"https:\/\/wein-werte.com\/de\/","name":"Wein Werte","description":"","publisher":{"@id":"https:\/\/wein-werte.com\/de\/#organization"},"potentialAction":[{"@type":"SearchAction","target":{"@type":"EntryPoint","urlTemplate":"https:\/\/wein-werte.com\/de\/?s={search_term_string}"},"query-input":{"@type":"PropertyValueSpecification","valueRequired":true,"valueName":"search_term_string"}}],"inLanguage":"de"},{"@type":"Organization","@id":"https:\/\/wein-werte.com\/de\/#organization","name":"Vins Fins Thorrold","url":"https:\/\/wein-werte.com\/de\/","logo":{"@type":"ImageObject","inLanguage":"de","@id":"https:\/\/wein-werte.com\/de\/#\/schema\/logo\/image\/","url":"https:\/\/wein-werte.com\/wp-content\/uploads\/2023\/07\/Wein_werte_Logo700-1.png","contentUrl":"https:\/\/wein-werte.com\/wp-content\/uploads\/2023\/07\/Wein_werte_Logo700-1.png","width":700,"height":272,"caption":"Vins Fins Thorrold"},"image":{"@id":"https:\/\/wein-werte.com\/de\/#\/schema\/logo\/image\/"}}]}},"_links":{"self":[{"href":"https:\/\/wein-werte.com\/de\/wp-json\/wp\/v2\/product\/1127167","targetHints":{"allow":["GET"]}}],"collection":[{"href":"https:\/\/wein-werte.com\/de\/wp-json\/wp\/v2\/product"}],"about":[{"href":"https:\/\/wein-werte.com\/de\/wp-json\/wp\/v2\/types\/product"}],"wp:featuredmedia":[{"embeddable":true,"href":"https:\/\/wein-werte.com\/de\/wp-json\/wp\/v2\/media\/1139140"}],"wp:attachment":[{"href":"https:\/\/wein-werte.com\/de\/wp-json\/wp\/v2\/media?parent=1127167"}],"wp:term":[{"taxonomy":"product_brand","embeddable":true,"href":"https:\/\/wein-werte.com\/de\/wp-json\/wp\/v2\/product_brand?post=1127167"},{"taxonomy":"product_cat","embeddable":true,"href":"https:\/\/wein-werte.com\/de\/wp-json\/wp\/v2\/product_cat?post=1127167"},{"taxonomy":"product_tag","embeddable":true,"href":"https:\/\/wein-werte.com\/de\/wp-json\/wp\/v2\/product_tag?post=1127167"}],"curies":[{"name":"wp","href":"https:\/\/api.w.org\/{rel}","templated":true}]}}